{"id":2545,"date":"2025-03-21T10:24:18","date_gmt":"2025-03-21T10:24:18","guid":{"rendered":"https:\/\/hengxingmachinery.com\/?page_id=2545"},"modified":"2025-03-21T10:24:20","modified_gmt":"2025-03-21T10:24:20","slug":"apron-feeders","status":"publish","type":"page","link":"https:\/\/hengxingmachinery.com\/es\/apron-feeders\/","title":{"rendered":"1-1. Alimentador de delantal"},"content":{"rendered":"<div class=\"gb-container gb-container-45165f5a\">\n<div class=\"gb-container gb-container-c2652eb4\">\n\n<h1 class=\"gb-headline gb-headline-62a8b2cc gb-headline-text\">Alimentador de delantal<\/h1>\n\n<\/div>\n<\/div>\n\n<div class=\"gb-container gb-container-519cf624\">\n<div class=\"gb-container gb-container-71ca071e\">\n<div class=\"gb-grid-wrapper gb-grid-wrapper-8a5f0688\">\n<div class=\"gb-grid-column gb-grid-column-1e99b1c2\"><div class=\"gb-container gb-container-1e99b1c2\">\n\n<figure class=\"gb-block-image gb-block-image-e4eaba54\"><img decoding=\"async\" width=\"665\" height=\"545\" class=\"gb-image gb-image-e4eaba54\" src=\"https:\/\/hengxingmachinery.com\/wp-content\/uploads\/2025\/03\/apron-feeder-sale.jpg\" alt=\"\" title=\"venta-de-alimentador-de-placas\" srcset=\"https:\/\/hengxingmachinery.com\/wp-content\/uploads\/2025\/03\/apron-feeder-sale.jpg 665w, https:\/\/hengxingmachinery.com\/wp-content\/uploads\/2025\/03\/apron-feeder-sale-300x246.jpg 300w, https:\/\/hengxingmachinery.com\/wp-content\/uploads\/2025\/03\/apron-feeder-sale-15x12.jpg 15w\" sizes=\"(max-width: 665px) 100vw, 665px\" \/><\/figure>\n\n<\/div><\/div>\n\n<div class=\"gb-grid-column gb-grid-column-bcae065b\"><div class=\"gb-container gb-container-bcae065b\">\n\n<p>El alimentador de placas, tambi\u00e9n conocido como alimentador de delantal, se utiliza principalmente para suministrar y transferir de manera continua y uniforme diversas piedras grandes y pesadas y minerales a las trituradoras. Es uno de los equipos importantes e indispensables en el proceso de procesamiento de minerales y materias primas y en la producci\u00f3n continua.<\/p>\n\n\n\n<p><strong><mark style=\"background-color:rgba(0, 0, 0, 0)\" class=\"has-inline-color has-global-color-8-color\">Tama\u00f1o de la alimentaci\u00f3n: <\/mark><\/strong>160-700 mm<\/p>\n\n\n\n<p><strong><mark style=\"background-color:rgba(0, 0, 0, 0)\" class=\"has-inline-color has-global-color-8-color\">Capacidad de producci\u00f3n: <\/mark><\/strong>20-500 t\/h<\/p>\n\n\n\n<p><strong><mark style=\"background-color:rgba(0, 0, 0, 0)\" class=\"has-inline-color has-global-color-8-color\">Materiales aplicables: <\/mark><\/strong>Materiales a granel con densidad aparente no mayor a 1,2 t\/m\u00b3, peso del bloque no mayor a 140 kg y temperatura no mayor a 350 \u00b0C.<\/p>\n\n\n\n<p>El alimentador de placas puede utilizarse para la alimentaci\u00f3n continua y uniforme de la trituradora primaria en el taller de trituraci\u00f3n y clasificaci\u00f3n de plantas de beneficio de mineral a gran escala, cemento, materiales de construcci\u00f3n y otros sectores. <\/p>\n\n\n\n<p>Presenta las ventajas de gran tracci\u00f3n, poca fuga de material, funcionamiento estable, larga vida \u00fatil y mantenimiento conveniente.<\/p>\n\n\n<div class=\"gb-container gb-container-256e15f1\">\n\n<a class=\"gb-button gb-button-e8b73d89 gb-button-text\" href=\"#popmake-622\">Obtener presupuesto gratuito<\/a>\n\n<\/div>\n<\/div><\/div>\n<\/div>\n<\/div>\n<\/div>\n\n<div class=\"gb-container gb-container-3a930c38\">\n<div class=\"gb-container gb-container-8a36e90a\">\n\n<h2 class=\"gb-headline gb-headline-a5d3273c gb-headline-text\">Ventajas del alimentador de placas<\/h2>\n\n\n\n<figure class=\"gb-block-image gb-block-image-1c359176\"><img decoding=\"async\" width=\"800\" height=\"500\" class=\"gb-image gb-image-1c359176\" src=\"https:\/\/hengxingmachinery.com\/wp-content\/uploads\/2025\/03\/apron-feeder-working.jpg\" alt=\"\" title=\"funcionamiento-del-alimentador-de-placas\" srcset=\"https:\/\/hengxingmachinery.com\/wp-content\/uploads\/2025\/03\/apron-feeder-working.jpg 800w, https:\/\/hengxingmachinery.com\/wp-content\/uploads\/2025\/03\/apron-feeder-working-300x188.jpg 300w, https:\/\/hengxingmachinery.com\/wp-content\/uploads\/2025\/03\/apron-feeder-working-768x480.jpg 768w, https:\/\/hengxingmachinery.com\/wp-content\/uploads\/2025\/03\/apron-feeder-working-18x12.jpg 18w\" sizes=\"(max-width: 800px) 100vw, 800px\" \/><\/figure>\n\n\n\n<p><strong>01. Estructura avanzada y fabricaci\u00f3n de calidad<\/strong><\/p>\n\n\n\n<p>El alimentador de placas posee una estructura avanzada y adopta un nuevo concepto tecnol\u00f3gico en su proceso de fabricaci\u00f3n. Especialmente en los accesorios del equipo, se incrementa la resistencia al desgaste, no solo mediante el uso de materiales de alta resistencia, sino tambi\u00e9n mediante un proceso de tratamiento t\u00e9rmico.<\/p>\n\n\n\n<p><strong>02. Alto grado de automatizaci\u00f3n<\/strong><\/p>\n\n\n\n<p>Presenta ventajas en el dispositivo de accionamiento de los accesorios, la estructura de alimentaci\u00f3n, la gu\u00eda de rodamientos y la bandeja, la resistencia al desgaste de la artesa, la tecnolog\u00eda de control autom\u00e1tico, etc. Al mismo tiempo, puede completar el dise\u00f1o, fabricaci\u00f3n e instalaci\u00f3n autom\u00e1ticos del sistema de alimentaci\u00f3n.<\/p>\n\n\n\n<p><strong>03. Calidad confiable<\/strong><\/p>\n\n\n\n<p>La cadena de tracci\u00f3n y la cadena de carga est\u00e1n separadas, la carga din\u00e1mica es peque\u00f1a y se mejora la vida \u00fatil. Excelente selecci\u00f3n de materiales, calidad confiable y buena intercambiabilidad.<\/p>\n\n\n\n<p><strong>04. Baja tasa de fallos<\/strong><\/p>\n\n\n\n<p>El dispositivo de cola del alimentador de placas adopta un dise\u00f1o especial, adecuado para \u00e1reas lluviosas y h\u00famedas, que evita que la cadena salte dientes debido a la acumulaci\u00f3n de material pegajoso en la cola, lo cual afectar\u00eda la producci\u00f3n.<\/p>\n\n\n<div class=\"gb-container gb-container-96208927\">\n\n<a class=\"gb-button gb-button-429870c5 gb-button-text\" href=\"#popmake-622\">Obtener presupuesto gratuito<\/a>\n\n<\/div>\n<\/div>\n<\/div>\n\n<div class=\"gb-container gb-container-3e2eccee\">\n<div class=\"gb-container gb-container-438f6c67\">\n\n<h2 class=\"gb-headline gb-headline-cf266da7 gb-headline-text\">Principio de funcionamiento del alimentador de placas<\/h2>\n\n\n\n<figure class=\"gb-block-image gb-block-image-06ba0eea\"><img decoding=\"async\" width=\"800\" height=\"500\" class=\"gb-image gb-image-06ba0eea\" src=\"https:\/\/hengxingmachinery.com\/wp-content\/uploads\/2025\/03\/apron-feeder-features.jpg\" alt=\"\" title=\"caracter\u00edsticas-del-alimentador-de-placas\" srcset=\"https:\/\/hengxingmachinery.com\/wp-content\/uploads\/2025\/03\/apron-feeder-features.jpg 800w, https:\/\/hengxingmachinery.com\/wp-content\/uploads\/2025\/03\/apron-feeder-features-300x188.jpg 300w, https:\/\/hengxingmachinery.com\/wp-content\/uploads\/2025\/03\/apron-feeder-features-768x480.jpg 768w, https:\/\/hengxingmachinery.com\/wp-content\/uploads\/2025\/03\/apron-feeder-features-18x12.jpg 18w\" sizes=\"(max-width: 800px) 100vw, 800px\" \/><\/figure>\n\n\n\n<p>El alimentador de placas es accionado por un motor y un reductor de velocidad que hacen girar la rueda dentada de cabeza con estructura de entalladura, de modo que la cadena de tracci\u00f3n engranada con la rueda dentada arrastra la artesa de transporte que contiene el material para avanzar. <\/p>\n\n\n\n<p>Mecanismo de transporte: la cadena de tracci\u00f3n circula sobre las ruedas de apoyo, y estas soportan la artesa de transporte y soportan el peso del material y de los componentes en movimiento. <\/p>\n\n\n\n<p>El material es empujado desde la tolva de almacenamiento sobre la cola hacia la artesa de transporte y luego avanza con ella hasta la tolva de descarga de la cubierta de cabeza para ser evacuado.<\/p>\n\n\n<div class=\"gb-container gb-container-72a2e461\">\n\n<a class=\"gb-button gb-button-e6e6000a gb-button-text\" href=\"#popmake-622\">Obtener presupuesto gratuito<\/a>\n\n<\/div>\n<\/div>\n<\/div>\n\n<div class=\"gb-container gb-container-435ad261\">\n<div class=\"gb-container gb-container-7dc79cc4\">\n\n<h2 class=\"gb-headline gb-headline-6fe5dee2 gb-headline-text\">Especificaciones del alimentador de placas<\/h2>\n\n\n\n<figure class=\"wp-block-table\"><table class=\"has-fixed-layout\"><tbody><tr><td rowspan=\"2\">\u00a0 Modelo<\/td><td rowspan=\"2\">Ancho de artesa<br>\u00a0 (mm)<\/td><td>Eje de cabeza y cola (mm)<\/td><td rowspan=\"2\">Velocidad<br>(m\/s)<\/td><td rowspan=\"2\">Tama\u00f1o de la alimentaci\u00f3n<br>(mm)<\/td><td>Capacidad de procesamiento (t\/h)<\/td><td>Potencia del motor (kW)<\/td><td rowspan=\"2\">\u00a0 Dimensiones<br>\u00a0 (mm)<\/td><td>Peso (t)<\/td><\/tr><tr><td><\/td><td><\/td><td><\/td><td><\/td><\/tr><tr><td>XBW100<\/td><td>&nbsp; 1000&nbsp;<\/td><td>6000&nbsp;<\/td><td>0.01-0.1<\/td><td>\u2264500<\/td><td>80-160<\/td><td>11&nbsp;<\/td><td>86200\u00d74960\u00d71600<\/td><td>&nbsp; 15&nbsp;<\/td><\/tr><tr><td>XBW120<\/td><td>1200&nbsp;<\/td><td>11000&nbsp;<\/td><td>0.01-0.1<\/td><td>\u2264600<\/td><td>50-100<\/td><td>15&nbsp;<\/td><td>11463\u00d75029\u00d72860<\/td><td>23.5&nbsp;<\/td><\/tr><tr><td>XBW125<\/td><td>1250&nbsp;<\/td><td>6000&nbsp;<\/td><td>0.014-0.8<\/td><td>\u2264800<\/td><td>45-150<\/td><td>11&nbsp;<\/td><td>8620\u00d75240\u00d71950<\/td><td>18.9&nbsp;<\/td><\/tr><tr><td>XBW140<\/td><td>1400&nbsp;<\/td><td>16000&nbsp;<\/td><td>0.006-0.06<\/td><td>\u2264900<\/td><td>20-200<\/td><td>22&nbsp;<\/td><td>18310\u00d76447\u00d72030<\/td><td>45.9&nbsp;<\/td><\/tr><tr><td>XBW150<\/td><td>&nbsp; 1500&nbsp;<\/td><td>10500&nbsp;<\/td><td>0.006-0.06<\/td><td>\u2264700<\/td><td>61-610<\/td><td>22&nbsp;<\/td><td>12850\u00d75595\u00d71705<\/td><td>49.4&nbsp;<\/td><\/tr><tr><td>XBW160<\/td><td>&nbsp; 1600&nbsp;<\/td><td>&nbsp; 6000&nbsp;<\/td><td>0.017-0.17<\/td><td>\u2264800<\/td><td>\u2264500<\/td><td>22&nbsp;<\/td><td>8354\u00d76099\u00d72100<\/td><td>25.5&nbsp;<\/td><\/tr><tr><td>XBZ160<\/td><td>&nbsp; 1600&nbsp;<\/td><td>&nbsp; 9000&nbsp;<\/td><td>0.01-0.07<\/td><td>&nbsp;\u22641000<\/td><td>\u2264500<\/td><td>30&nbsp;<\/td><td>11250\u00d74153\u00d72890<\/td><td>&nbsp; 50&nbsp;<\/td><\/tr><tr><td>XBZ180<\/td><td>&nbsp; 1800&nbsp;<\/td><td>&nbsp; 8000&nbsp;<\/td><td>0.01-0.07<\/td><td>&nbsp;\u22641000<\/td><td>\u2264500<\/td><td>37&nbsp;<\/td><td>10250\u00d74353\u00d72890<\/td><td>59&nbsp;<\/td><\/tr><tr><td>XBZ200<\/td><td>2000&nbsp;<\/td><td>&nbsp; 9800&nbsp;<\/td><td>0.01-0.07<\/td><td>&nbsp;\u22641000<\/td><td>\u2264700<\/td><td>45&nbsp;<\/td><td>12000\u00d74553\u00d72890<\/td><td>&nbsp; 82&nbsp;<\/td><\/tr><tr><td>XBZ220<\/td><td>2200&nbsp;<\/td><td>10000&nbsp;<\/td><td>0.01-0.07<\/td><td>&nbsp;\u22641200<\/td><td>\u2264800<\/td><td>45&nbsp;<\/td><td>12000\u00d74753\u00d72890<\/td><td>85&nbsp;<\/td><\/tr><tr><td>XBZ230<\/td><td>2300&nbsp;<\/td><td>10000&nbsp;<\/td><td>0.01-0.07<\/td><td>\u22641500<\/td><td>\u2264850<\/td><td>55&nbsp;<\/td><td>12000\u00d74853\u00d72890<\/td><td>86&nbsp;<\/td><\/tr><tr><td>XBZ240<\/td><td>2400&nbsp;<\/td><td>10000&nbsp;<\/td><td>0.02-0.06<\/td><td>\u22641600<\/td><td>550-900<\/td><td>2\u00d737<\/td><td>12000\u00d74953\u00d72890<\/td><td>&nbsp; 95&nbsp;<\/td><\/tr><tr><td>XBZ250<\/td><td>2500&nbsp;<\/td><td>11460&nbsp;<\/td><td>0.01-0.07<\/td><td>\u22641800<\/td><td>100-1000<\/td><td>2\u00d745<\/td><td>12000\u00d75053\u00d72890<\/td><td>&nbsp; 105&nbsp;<\/td><\/tr><tr><td>XBW180<\/td><td>&nbsp;&nbsp; 1800&nbsp;<\/td><td>8000&nbsp;<\/td><td>0.022-0.046<\/td><td>\u2264800<\/td><td>30-320<\/td><td>37&nbsp;<\/td><td>10300\u00d74295\u00d73650<\/td><td>&nbsp; 53&nbsp;<\/td><\/tr><tr><td>XBW220<\/td><td>&nbsp; 2200&nbsp;<\/td><td>10000&nbsp;<\/td><td>0.018-0.055<\/td><td>\u22641500<\/td><td>220-680<\/td><td>&nbsp; 45&nbsp;<\/td><td>12650\u00d74495\u00d73350<\/td><td>&nbsp;80.4&nbsp;<\/td><\/tr><\/tbody><\/table><\/figure>\n\n\n<div class=\"gb-container gb-container-263d9700\">\n\n<a class=\"gb-button gb-button-a4cbb7be gb-button-text\" href=\"#popmake-622\">Obtener presupuesto gratuito<\/a>\n\n<\/div>\n<\/div>\n<\/div>","protected":false},"excerpt":{"rendered":"<p>Apron feeder Apron feeder advantages 01. Advanced structure and well-made The apron feeder has an advanced structure and adopts a new technological concept to make the production process. Especially for the accessories of the equipment, the wear resistance is increased, not only using high wear resistance materials, but also undergoing a heat treatment process. 02. &#8230; <\/p>\n<p class=\"read-more-container\"><a title=\"1-1. Alimentador de delantal\" class=\"read-more button\" href=\"https:\/\/hengxingmachinery.com\/es\/apron-feeders\/#more-2545\" aria-label=\"Leer m\u00e1s sobre 1-1. Apron feeder\">Leer m\u00e1s<\/a><\/p>","protected":false},"author":1,"featured_media":0,"parent":0,"menu_order":0,"comment_status":"closed","ping_status":"closed","template":"","meta":{"footnotes":""},"class_list":["post-2545","page","type-page","status-publish"],"yoast_head":"<!-- This site is optimized with the Yoast SEO plugin v27.4 - https:\/\/yoast.com\/product\/yoast-seo-wordpress\/ -->\n<title>1-1. Apron feeder - Hengxing Machinery<\/title>\n<meta name=\"robots\" content=\"index, follow, max-snippet:-1, max-image-preview:large, max-video-preview:-1\" \/>\n<link rel=\"canonical\" href=\"https:\/\/hengxingmachinery.com\/es\/apron-feeders\/\" \/>\n<meta property=\"og:locale\" content=\"es_ES\" \/>\n<meta property=\"og:type\" content=\"article\" \/>\n<meta property=\"og:title\" content=\"1-1. Apron feeder - Hengxing Machinery\" \/>\n<meta property=\"og:description\" content=\"Apron feeder Apron feeder advantages 01. Advanced structure and well-made The apron feeder has an advanced structure and adopts a new technological concept to make the production process. Especially for the accessories of the equipment, the wear resistance is increased, not only using high wear resistance materials, but also undergoing a heat treatment process. 02. ... Leer m\u00e1s\" \/>\n<meta property=\"og:url\" content=\"https:\/\/hengxingmachinery.com\/es\/apron-feeders\/\" \/>\n<meta property=\"og:site_name\" content=\"Hengxing Machinery\" \/>\n<meta property=\"article:modified_time\" content=\"2025-03-21T10:24:20+00:00\" \/>\n<meta property=\"og:image\" content=\"https:\/\/hengxingmachinery.com\/wp-content\/uploads\/2025\/03\/apron-feeder-sale.jpg\" \/>\n<meta name=\"twitter:card\" content=\"summary_large_image\" \/>\n<meta name=\"twitter:label1\" content=\"Tiempo de lectura\" \/>\n\t<meta name=\"twitter:data1\" content=\"4 minutos\" \/>\n<script type=\"application\/ld+json\" class=\"yoast-schema-graph\">{\"@context\":\"https:\\\/\\\/schema.org\",\"@graph\":[{\"@type\":\"WebPage\",\"@id\":\"https:\\\/\\\/hengxingmachinery.com\\\/apron-feeders\\\/\",\"url\":\"https:\\\/\\\/hengxingmachinery.com\\\/apron-feeders\\\/\",\"name\":\"1-1. Apron feeder - Hengxing Machinery\",\"isPartOf\":{\"@id\":\"https:\\\/\\\/hengxingmachinery.com\\\/#website\"},\"primaryImageOfPage\":{\"@id\":\"https:\\\/\\\/hengxingmachinery.com\\\/apron-feeders\\\/#primaryimage\"},\"image\":{\"@id\":\"https:\\\/\\\/hengxingmachinery.com\\\/apron-feeders\\\/#primaryimage\"},\"thumbnailUrl\":\"https:\\\/\\\/hengxingmachinery.com\\\/wp-content\\\/uploads\\\/2025\\\/03\\\/apron-feeder-sale.jpg\",\"datePublished\":\"2025-03-21T10:24:18+00:00\",\"dateModified\":\"2025-03-21T10:24:20+00:00\",\"breadcrumb\":{\"@id\":\"https:\\\/\\\/hengxingmachinery.com\\\/apron-feeders\\\/#breadcrumb\"},\"inLanguage\":\"es\",\"potentialAction\":[{\"@type\":\"ReadAction\",\"target\":[\"https:\\\/\\\/hengxingmachinery.com\\\/apron-feeders\\\/\"]}]},{\"@type\":\"ImageObject\",\"inLanguage\":\"es\",\"@id\":\"https:\\\/\\\/hengxingmachinery.com\\\/apron-feeders\\\/#primaryimage\",\"url\":\"https:\\\/\\\/hengxingmachinery.com\\\/wp-content\\\/uploads\\\/2025\\\/03\\\/apron-feeder-sale.jpg\",\"contentUrl\":\"https:\\\/\\\/hengxingmachinery.com\\\/wp-content\\\/uploads\\\/2025\\\/03\\\/apron-feeder-sale.jpg\"},{\"@type\":\"BreadcrumbList\",\"@id\":\"https:\\\/\\\/hengxingmachinery.com\\\/apron-feeders\\\/#breadcrumb\",\"itemListElement\":[{\"@type\":\"ListItem\",\"position\":1,\"name\":\"Home\",\"item\":\"https:\\\/\\\/hengxingmachinery.com\\\/\"},{\"@type\":\"ListItem\",\"position\":2,\"name\":\"1-1. Apron feeder\"}]},{\"@type\":\"WebSite\",\"@id\":\"https:\\\/\\\/hengxingmachinery.com\\\/#website\",\"url\":\"https:\\\/\\\/hengxingmachinery.com\\\/\",\"name\":\"Hengxing Machinery\",\"description\":\"Leading Manufacturer of All Sorts of Mining Machinery\",\"publisher\":{\"@id\":\"https:\\\/\\\/hengxingmachinery.com\\\/#organization\"},\"potentialAction\":[{\"@type\":\"SearchAction\",\"target\":{\"@type\":\"EntryPoint\",\"urlTemplate\":\"https:\\\/\\\/hengxingmachinery.com\\\/?s={search_term_string}\"},\"query-input\":{\"@type\":\"PropertyValueSpecification\",\"valueRequired\":true,\"valueName\":\"search_term_string\"}}],\"inLanguage\":\"es\"},{\"@type\":\"Organization\",\"@id\":\"https:\\\/\\\/hengxingmachinery.com\\\/#organization\",\"name\":\"Hengxing Machinery\",\"url\":\"https:\\\/\\\/hengxingmachinery.com\\\/\",\"logo\":{\"@type\":\"ImageObject\",\"inLanguage\":\"es\",\"@id\":\"https:\\\/\\\/hengxingmachinery.com\\\/#\\\/schema\\\/logo\\\/image\\\/\",\"url\":\"https:\\\/\\\/hengxingmachinery.com\\\/wp-content\\\/uploads\\\/2024\\\/12\\\/logo.png\",\"contentUrl\":\"https:\\\/\\\/hengxingmachinery.com\\\/wp-content\\\/uploads\\\/2024\\\/12\\\/logo.png\",\"width\":400,\"height\":260,\"caption\":\"Hengxing Machinery\"},\"image\":{\"@id\":\"https:\\\/\\\/hengxingmachinery.com\\\/#\\\/schema\\\/logo\\\/image\\\/\"}}]}<\/script>\n<!-- \/ Yoast SEO plugin. -->","yoast_head_json":{"title":"1-1. Alimentador de delantal - Hengxing Machinery","robots":{"index":"index","follow":"follow","max-snippet":"max-snippet:-1","max-image-preview":"max-image-preview:large","max-video-preview":"max-video-preview:-1"},"canonical":"https:\/\/hengxingmachinery.com\/es\/apron-feeders\/","og_locale":"es_ES","og_type":"article","og_title":"1-1. Apron feeder - Hengxing Machinery","og_description":"Apron feeder Apron feeder advantages 01. Advanced structure and well-made The apron feeder has an advanced structure and adopts a new technological concept to make the production process. Especially for the accessories of the equipment, the wear resistance is increased, not only using high wear resistance materials, but also undergoing a heat treatment process. 02. ... Leer m\u00e1s","og_url":"https:\/\/hengxingmachinery.com\/es\/apron-feeders\/","og_site_name":"Hengxing Machinery","article_modified_time":"2025-03-21T10:24:20+00:00","og_image":[{"url":"https:\/\/hengxingmachinery.com\/wp-content\/uploads\/2025\/03\/apron-feeder-sale.jpg","type":"","width":"","height":""}],"twitter_card":"summary_large_image","twitter_misc":{"Tiempo de lectura":"4 minutos"},"schema":{"@context":"https:\/\/schema.org","@graph":[{"@type":"WebPage","@id":"https:\/\/hengxingmachinery.com\/apron-feeders\/","url":"https:\/\/hengxingmachinery.com\/apron-feeders\/","name":"1-1. Alimentador de delantal - Hengxing Machinery","isPartOf":{"@id":"https:\/\/hengxingmachinery.com\/#website"},"primaryImageOfPage":{"@id":"https:\/\/hengxingmachinery.com\/apron-feeders\/#primaryimage"},"image":{"@id":"https:\/\/hengxingmachinery.com\/apron-feeders\/#primaryimage"},"thumbnailUrl":"https:\/\/hengxingmachinery.com\/wp-content\/uploads\/2025\/03\/apron-feeder-sale.jpg","datePublished":"2025-03-21T10:24:18+00:00","dateModified":"2025-03-21T10:24:20+00:00","breadcrumb":{"@id":"https:\/\/hengxingmachinery.com\/apron-feeders\/#breadcrumb"},"inLanguage":"es","potentialAction":[{"@type":"ReadAction","target":["https:\/\/hengxingmachinery.com\/apron-feeders\/"]}]},{"@type":"ImageObject","inLanguage":"es","@id":"https:\/\/hengxingmachinery.com\/apron-feeders\/#primaryimage","url":"https:\/\/hengxingmachinery.com\/wp-content\/uploads\/2025\/03\/apron-feeder-sale.jpg","contentUrl":"https:\/\/hengxingmachinery.com\/wp-content\/uploads\/2025\/03\/apron-feeder-sale.jpg"},{"@type":"BreadcrumbList","@id":"https:\/\/hengxingmachinery.com\/apron-feeders\/#breadcrumb","itemListElement":[{"@type":"ListItem","position":1,"name":"Home","item":"https:\/\/hengxingmachinery.com\/"},{"@type":"ListItem","position":2,"name":"1-1. Apron feeder"}]},{"@type":"WebSite","@id":"https:\/\/hengxingmachinery.com\/#website","url":"https:\/\/hengxingmachinery.com\/","name":"Maquinaria Hengxing","description":"Fabricante l\u00edder de todo tipo de maquinaria minera","publisher":{"@id":"https:\/\/hengxingmachinery.com\/#organization"},"potentialAction":[{"@type":"SearchAction","target":{"@type":"EntryPoint","urlTemplate":"https:\/\/hengxingmachinery.com\/?s={search_term_string}"},"query-input":{"@type":"PropertyValueSpecification","valueRequired":true,"valueName":"search_term_string"}}],"inLanguage":"es"},{"@type":"Organization","@id":"https:\/\/hengxingmachinery.com\/#organization","name":"Maquinaria Hengxing","url":"https:\/\/hengxingmachinery.com\/","logo":{"@type":"ImageObject","inLanguage":"es","@id":"https:\/\/hengxingmachinery.com\/#\/schema\/logo\/image\/","url":"https:\/\/hengxingmachinery.com\/wp-content\/uploads\/2024\/12\/logo.png","contentUrl":"https:\/\/hengxingmachinery.com\/wp-content\/uploads\/2024\/12\/logo.png","width":400,"height":260,"caption":"Hengxing Machinery"},"image":{"@id":"https:\/\/hengxingmachinery.com\/#\/schema\/logo\/image\/"}}]}},"_links":{"self":[{"href":"https:\/\/hengxingmachinery.com\/es\/wp-json\/wp\/v2\/pages\/2545","targetHints":{"allow":["GET"]}}],"collection":[{"href":"https:\/\/hengxingmachinery.com\/es\/wp-json\/wp\/v2\/pages"}],"about":[{"href":"https:\/\/hengxingmachinery.com\/es\/wp-json\/wp\/v2\/types\/page"}],"author":[{"embeddable":true,"href":"https:\/\/hengxingmachinery.com\/es\/wp-json\/wp\/v2\/users\/1"}],"replies":[{"embeddable":true,"href":"https:\/\/hengxingmachinery.com\/es\/wp-json\/wp\/v2\/comments?post=2545"}],"version-history":[{"count":2,"href":"https:\/\/hengxingmachinery.com\/es\/wp-json\/wp\/v2\/pages\/2545\/revisions"}],"predecessor-version":[{"id":2687,"href":"https:\/\/hengxingmachinery.com\/es\/wp-json\/wp\/v2\/pages\/2545\/revisions\/2687"}],"wp:attachment":[{"href":"https:\/\/hengxingmachinery.com\/es\/wp-json\/wp\/v2\/media?parent=2545"}],"curies":[{"name":"wp","href":"https:\/\/api.w.org\/{rel}","templated":true}]}}