{"id":2586,"date":"2025-03-21T09:38:01","date_gmt":"2025-03-21T09:38:01","guid":{"rendered":"https:\/\/hengxingmachinery.com\/?page_id=2586"},"modified":"2025-03-21T09:38:02","modified_gmt":"2025-03-21T09:38:02","slug":"electromagnetic-vibrating-feeder","status":"publish","type":"page","link":"https:\/\/hengxingmachinery.com\/es\/electromagnetic-vibrating-feeder\/","title":{"rendered":"4-1. Alimentador vibratorio electromagn\u00e9tico"},"content":{"rendered":"<div class=\"gb-container gb-container-45165f5a\">\n<div class=\"gb-container gb-container-c2652eb4\">\n\n<h1 class=\"gb-headline gb-headline-62a8b2cc gb-headline-text\">Alimentador vibratorio electromagn\u00e9tico<\/h1>\n\n<\/div>\n<\/div>\n\n<div class=\"gb-container gb-container-519cf624\">\n<div class=\"gb-container gb-container-71ca071e\">\n<div class=\"gb-grid-wrapper gb-grid-wrapper-8a5f0688\">\n<div class=\"gb-grid-column gb-grid-column-1e99b1c2\"><div class=\"gb-container gb-container-1e99b1c2\">\n\n<figure class=\"gb-block-image gb-block-image-e4eaba54\"><img decoding=\"async\" width=\"665\" height=\"545\" class=\"gb-image gb-image-e4eaba54\" src=\"https:\/\/hengxingmachinery.com\/wp-content\/uploads\/2025\/03\/electronmagnetic-vibrating-feeder-machine-for-sale.jpg\" alt=\"\" title=\"m\u00e1quina alimentadora vibratoria electromagn\u00e9tica en venta\" srcset=\"https:\/\/hengxingmachinery.com\/wp-content\/uploads\/2025\/03\/electronmagnetic-vibrating-feeder-machine-for-sale.jpg 665w, https:\/\/hengxingmachinery.com\/wp-content\/uploads\/2025\/03\/electronmagnetic-vibrating-feeder-machine-for-sale-300x246.jpg 300w, https:\/\/hengxingmachinery.com\/wp-content\/uploads\/2025\/03\/electronmagnetic-vibrating-feeder-machine-for-sale-15x12.jpg 15w\" sizes=\"(max-width: 665px) 100vw, 665px\" \/><\/figure>\n\n<\/div><\/div>\n\n<div class=\"gb-grid-column gb-grid-column-bcae065b\"><div class=\"gb-container gb-container-bcae065b\">\n\n<p><strong><mark style=\"background-color:rgba(0, 0, 0, 0)\" class=\"has-inline-color has-global-color-8-color\">\u00c1reas de aplicaci\u00f3n:<\/mark><\/strong> Trituraci\u00f3n y procesamiento de carbonato de calcio, procesamiento de polvo de yeso, desulfuraci\u00f3n de plantas de energ\u00eda, pulverizaci\u00f3n de minerales no met\u00e1licos, preparaci\u00f3n de polvo de carb\u00f3n, etc.<\/p>\n\n\n\n<p><strong><mark style=\"background-color:rgba(0, 0, 0, 0)\" class=\"has-inline-color has-global-color-8-color\">Materiales aplicables: <\/mark><\/strong>Piedra caliza, calcita, carbonato de calcio, dolomita, barita, talco, yeso, diabasa, cuarcita, bentonita y otros materiales.<\/p>\n\n\n\n<p><strong><mark style=\"background-color:rgba(0, 0, 0, 0)\" class=\"has-inline-color has-global-color-8-color\">Tama\u00f1o del pienso:<\/mark><\/strong> 50-150 mm<\/p>\n\n\n\n<p><strong><mark style=\"background-color:rgba(0, 0, 0, 0)\" class=\"has-inline-color has-global-color-8-color\">Salida: <\/mark><\/strong>5-100t\/h<\/p>\n\n\n<div class=\"gb-container gb-container-256e15f1\">\n\n<a class=\"gb-button gb-button-e8b73d89 gb-button-text\" href=\"#popmake-622\">Obtener presupuesto gratuito<\/a>\n\n<\/div>\n<\/div><\/div>\n<\/div>\n<\/div>\n<\/div>\n\n<div class=\"gb-container gb-container-c0200787\">\n<div class=\"gb-container gb-container-1d97c93d\">\n\n<h2 class=\"gb-headline gb-headline-3d5fa577 gb-headline-text\">Introducci\u00f3n del alimentador vibratorio electromagn\u00e9tico<\/h2>\n\n\n\n<figure class=\"gb-block-image gb-block-image-230c53d3\"><img decoding=\"async\" width=\"800\" height=\"500\" class=\"gb-image gb-image-230c53d3\" src=\"https:\/\/hengxingmachinery.com\/wp-content\/uploads\/2025\/03\/electronmagnetic-vibrating-feeder-machine-supplier.jpg\" alt=\"\" title=\"proveedor de m\u00e1quina alimentadora vibratoria electromagn\u00e9tica\" srcset=\"https:\/\/hengxingmachinery.com\/wp-content\/uploads\/2025\/03\/electronmagnetic-vibrating-feeder-machine-supplier.jpg 800w, https:\/\/hengxingmachinery.com\/wp-content\/uploads\/2025\/03\/electronmagnetic-vibrating-feeder-machine-supplier-300x188.jpg 300w, https:\/\/hengxingmachinery.com\/wp-content\/uploads\/2025\/03\/electronmagnetic-vibrating-feeder-machine-supplier-768x480.jpg 768w, https:\/\/hengxingmachinery.com\/wp-content\/uploads\/2025\/03\/electronmagnetic-vibrating-feeder-machine-supplier-18x12.jpg 18w\" sizes=\"(max-width: 800px) 100vw, 800px\" \/><\/figure>\n\n\n\n<p><\/p>\n\n\n\n<p>El alimentador vibratorio electromagn\u00e9tico se utiliza para suministrar materiales de manera uniforme o cuantitativa desde la tolva de almacenamiento u otros equipos de almacenamiento al equipo receptor. Es un equipo importante para la operaci\u00f3n de flujo autom\u00e1tico. Se divide en dos tipos: abierto y cerrado.<\/p>\n\n\n<div class=\"gb-container gb-container-9eeb6cec\">\n\n<a class=\"gb-button gb-button-d1324b3c gb-button-text\" href=\"#popmake-622\">Obtener presupuesto gratuito<\/a>\n\n<\/div>\n<\/div>\n<\/div>\n\n<div class=\"gb-container gb-container-ebd718b6\">\n<div class=\"gb-container gb-container-5c75b960\">\n\n<h2 class=\"gb-headline gb-headline-98859344 gb-headline-text\">Caracter\u00edsticas del alimentador vibratorio electromagn\u00e9tico<\/h2>\n\n\n\n<p>1. Sin piezas rotativas, sin lubricaci\u00f3n, estructura simple y mantenimiento conveniente.<\/p>\n\n\n\n<p>2. El m\u00e9todo de alimentaci\u00f3n de este equipo es de micro-pulido, por lo que la tasa de desgaste de la canaleta en producci\u00f3n es peque\u00f1a.<\/p>\n\n\n\n<p>3. La canaleta de este equipo est\u00e1 fabricada con placa de aleaci\u00f3n de acero, lo que permite transportar materiales de alta temperatura y corrosivos en producci\u00f3n.<\/p>\n\n\n\n<p>4. Tama\u00f1o peque\u00f1o, peso ligero y f\u00e1cil instalaci\u00f3n.<\/p>\n\n\n\n<p>5. El bloque exc\u00e9ntrico es la fuente de excitaci\u00f3n, con bajo ruido, bajo consumo de energ\u00eda, buen rendimiento de ajuste y sin fen\u00f3meno de golpeteo.<\/p>\n\n\n<div class=\"gb-container gb-container-d6bbf16a\">\n\n<a class=\"gb-button gb-button-caa3f2bc gb-button-text\" href=\"#popmake-622\">Obtener presupuesto gratuito<\/a>\n\n<\/div>\n<\/div>\n<\/div>\n\n<div class=\"gb-container gb-container-916eab1f\">\n<div class=\"gb-container gb-container-f7e319c9\">\n\n<h2 class=\"gb-headline gb-headline-2b9ef7b4 gb-headline-text\">Principio de funcionamiento del alimentador vibratorio electromagn\u00e9tico<\/h2>\n\n\n\n<p>El alimentador vibratorio electromagn\u00e9tico utiliza el principio de resonancia de vibraci\u00f3n mec\u00e1nica, y la doble masa funciona en un estado de resonancia cercana al cr\u00edtico bajo. El material en la canaleta de alimentaci\u00f3n es lanzado continuamente hacia arriba durante el proceso de alimentaci\u00f3n y avanza saltando seg\u00fan una trayectoria parab\u00f3lica. <\/p>\n\n\n\n<p>El equipo de control de esta serie de alimentadores vibratorios electromagn\u00e9ticos adopta un circuito rectificador SCR de media onda, por lo que la cantidad de alimentaci\u00f3n se puede ajustar f\u00e1cilmente regulando el \u00e1ngulo de apertura del SCR durante su uso, permitiendo el control centralizado y la automatizaci\u00f3n del proceso de producci\u00f3n.<\/p>\n\n\n<div class=\"gb-container gb-container-7650b871\">\n\n<a class=\"gb-button gb-button-80102c45 gb-button-text\" href=\"#popmake-622\">Obtener presupuesto gratuito<\/a>\n\n<\/div>\n<\/div>\n<\/div>\n\n<div class=\"gb-container gb-container-435ad261\">\n<div class=\"gb-container gb-container-7dc79cc4\">\n\n<h2 class=\"gb-headline gb-headline-6fe5dee2 gb-headline-text\">Especificaciones del alimentador vibratorio electromagn\u00e9tico<\/h2>\n\n\n\n<figure class=\"wp-block-table is-style-stripes\"><table class=\"has-fixed-layout\"><tbody><tr><td><strong>Modelo<\/strong><\/td><td><strong>Capacidad de Alimentaci\u00f3n (t\/h)<\/strong><\/td><td><strong>Tama\u00f1o M\u00e1ximo de Entrada Permitido (mm)<\/strong><\/td><td><strong>Potencia (w)<\/strong><\/td><td><strong>Voltaje (v)<\/strong><\/td><td><strong>Corriente (a)<\/strong><\/td><td><strong>Amplitud Doble (mm)<\/strong><\/td><td><strong>Espacio (mm)<\/strong><\/td><td><strong>Peso (kg)<\/strong><\/td><\/tr><tr><td>GZ1<\/td><td>5<\/td><td>50<\/td><td>60<\/td><td>220<\/td><td>1\u2264<\/td><td>1.75<\/td><td>1.9-2.2<\/td><td>75<\/td><\/tr><tr><td>GZ2<\/td><td>10<\/td><td>60<\/td><td>150<\/td><td>220<\/td><td>2.3\u2264<\/td><td>1.75<\/td><td>1.9-2.2<\/td><td>155<\/td><\/tr><tr><td>GZ3<\/td><td>25<\/td><td>70<\/td><td>200<\/td><td>220<\/td><td>3.8\u2264<\/td><td>1.75<\/td><td>1.9-2.2<\/td><td>225<\/td><\/tr><tr><td>GZ4<\/td><td>50<\/td><td>100<\/td><td>450<\/td><td>220<\/td><td>7\u2264<\/td><td>1.75<\/td><td>1.9-2.2<\/td><td>460<\/td><\/tr><tr><td>GZ5<\/td><td>100<\/td><td>150<\/td><td>650<\/td><td>220<\/td><td>10.6\u2264<\/td><td>1.75<\/td><td>1.9-2.2<\/td><td>656<\/td><\/tr><\/tbody><\/table><\/figure>\n\n\n<div class=\"gb-container gb-container-263d9700\">\n\n<a class=\"gb-button gb-button-a4cbb7be gb-button-text\" href=\"#popmake-622\">Obtener presupuesto gratuito<\/a>\n\n<\/div>\n<\/div>\n<\/div>","protected":false},"excerpt":{"rendered":"<p>Electromagnetic vibrating feeder Introduction of electromagnetic vibrating feeder The electromagnetic vibrating feeder is used to uniformly or quantitatively supply materials from the storage bin or other storage equipment to the receiving equipment. It is an important equipment for automatic flow operation. It is divided into two types: open type and closed type. Electromagnetic vibrating feeder &#8230; <\/p>\n<p class=\"read-more-container\"><a title=\"4-1. Alimentador vibratorio electromagn\u00e9tico\" class=\"read-more button\" href=\"https:\/\/hengxingmachinery.com\/es\/electromagnetic-vibrating-feeder\/#more-2586\" aria-label=\"Leer m\u00e1s sobre 4-1. Electromagnetic vibrating feeder\">Leer m\u00e1s<\/a><\/p>","protected":false},"author":1,"featured_media":0,"parent":0,"menu_order":0,"comment_status":"closed","ping_status":"closed","template":"","meta":{"footnotes":""},"class_list":["post-2586","page","type-page","status-publish"],"yoast_head":"<!-- This site is optimized with the Yoast SEO plugin v27.4 - https:\/\/yoast.com\/product\/yoast-seo-wordpress\/ -->\n<title>4-1. Electromagnetic vibrating feeder - Hengxing Machinery<\/title>\n<meta name=\"robots\" content=\"index, follow, max-snippet:-1, max-image-preview:large, max-video-preview:-1\" \/>\n<link rel=\"canonical\" href=\"https:\/\/hengxingmachinery.com\/es\/electromagnetic-vibrating-feeder\/\" \/>\n<meta property=\"og:locale\" content=\"es_ES\" \/>\n<meta property=\"og:type\" content=\"article\" \/>\n<meta property=\"og:title\" content=\"4-1. Electromagnetic vibrating feeder - Hengxing Machinery\" \/>\n<meta property=\"og:description\" content=\"Electromagnetic vibrating feeder Introduction of electromagnetic vibrating feeder The electromagnetic vibrating feeder is used to uniformly or quantitatively supply materials from the storage bin or other storage equipment to the receiving equipment. It is an important equipment for automatic flow operation. It is divided into two types: open type and closed type. Electromagnetic vibrating feeder ... Leer m\u00e1s\" \/>\n<meta property=\"og:url\" content=\"https:\/\/hengxingmachinery.com\/es\/electromagnetic-vibrating-feeder\/\" \/>\n<meta property=\"og:site_name\" content=\"Hengxing Machinery\" \/>\n<meta property=\"article:modified_time\" content=\"2025-03-21T09:38:02+00:00\" \/>\n<meta property=\"og:image\" content=\"https:\/\/hengxingmachinery.com\/wp-content\/uploads\/2025\/03\/electronmagnetic-vibrating-feeder-machine-for-sale.jpg\" \/>\n<meta name=\"twitter:card\" content=\"summary_large_image\" \/>\n<meta name=\"twitter:label1\" content=\"Tiempo de lectura\" \/>\n\t<meta name=\"twitter:data1\" content=\"3 minutos\" \/>\n<script type=\"application\/ld+json\" class=\"yoast-schema-graph\">{\"@context\":\"https:\\\/\\\/schema.org\",\"@graph\":[{\"@type\":\"WebPage\",\"@id\":\"https:\\\/\\\/hengxingmachinery.com\\\/electromagnetic-vibrating-feeder\\\/\",\"url\":\"https:\\\/\\\/hengxingmachinery.com\\\/electromagnetic-vibrating-feeder\\\/\",\"name\":\"4-1. Electromagnetic vibrating feeder - Hengxing Machinery\",\"isPartOf\":{\"@id\":\"https:\\\/\\\/hengxingmachinery.com\\\/#website\"},\"primaryImageOfPage\":{\"@id\":\"https:\\\/\\\/hengxingmachinery.com\\\/electromagnetic-vibrating-feeder\\\/#primaryimage\"},\"image\":{\"@id\":\"https:\\\/\\\/hengxingmachinery.com\\\/electromagnetic-vibrating-feeder\\\/#primaryimage\"},\"thumbnailUrl\":\"https:\\\/\\\/hengxingmachinery.com\\\/wp-content\\\/uploads\\\/2025\\\/03\\\/electronmagnetic-vibrating-feeder-machine-for-sale.jpg\",\"datePublished\":\"2025-03-21T09:38:01+00:00\",\"dateModified\":\"2025-03-21T09:38:02+00:00\",\"breadcrumb\":{\"@id\":\"https:\\\/\\\/hengxingmachinery.com\\\/electromagnetic-vibrating-feeder\\\/#breadcrumb\"},\"inLanguage\":\"es\",\"potentialAction\":[{\"@type\":\"ReadAction\",\"target\":[\"https:\\\/\\\/hengxingmachinery.com\\\/electromagnetic-vibrating-feeder\\\/\"]}]},{\"@type\":\"ImageObject\",\"inLanguage\":\"es\",\"@id\":\"https:\\\/\\\/hengxingmachinery.com\\\/electromagnetic-vibrating-feeder\\\/#primaryimage\",\"url\":\"https:\\\/\\\/hengxingmachinery.com\\\/wp-content\\\/uploads\\\/2025\\\/03\\\/electronmagnetic-vibrating-feeder-machine-for-sale.jpg\",\"contentUrl\":\"https:\\\/\\\/hengxingmachinery.com\\\/wp-content\\\/uploads\\\/2025\\\/03\\\/electronmagnetic-vibrating-feeder-machine-for-sale.jpg\"},{\"@type\":\"BreadcrumbList\",\"@id\":\"https:\\\/\\\/hengxingmachinery.com\\\/electromagnetic-vibrating-feeder\\\/#breadcrumb\",\"itemListElement\":[{\"@type\":\"ListItem\",\"position\":1,\"name\":\"Home\",\"item\":\"https:\\\/\\\/hengxingmachinery.com\\\/\"},{\"@type\":\"ListItem\",\"position\":2,\"name\":\"4-1. Electromagnetic vibrating feeder\"}]},{\"@type\":\"WebSite\",\"@id\":\"https:\\\/\\\/hengxingmachinery.com\\\/#website\",\"url\":\"https:\\\/\\\/hengxingmachinery.com\\\/\",\"name\":\"Hengxing Machinery\",\"description\":\"Leading Manufacturer of All Sorts of Mining Machinery\",\"publisher\":{\"@id\":\"https:\\\/\\\/hengxingmachinery.com\\\/#organization\"},\"potentialAction\":[{\"@type\":\"SearchAction\",\"target\":{\"@type\":\"EntryPoint\",\"urlTemplate\":\"https:\\\/\\\/hengxingmachinery.com\\\/?s={search_term_string}\"},\"query-input\":{\"@type\":\"PropertyValueSpecification\",\"valueRequired\":true,\"valueName\":\"search_term_string\"}}],\"inLanguage\":\"es\"},{\"@type\":\"Organization\",\"@id\":\"https:\\\/\\\/hengxingmachinery.com\\\/#organization\",\"name\":\"Hengxing Machinery\",\"url\":\"https:\\\/\\\/hengxingmachinery.com\\\/\",\"logo\":{\"@type\":\"ImageObject\",\"inLanguage\":\"es\",\"@id\":\"https:\\\/\\\/hengxingmachinery.com\\\/#\\\/schema\\\/logo\\\/image\\\/\",\"url\":\"https:\\\/\\\/hengxingmachinery.com\\\/wp-content\\\/uploads\\\/2024\\\/12\\\/logo.png\",\"contentUrl\":\"https:\\\/\\\/hengxingmachinery.com\\\/wp-content\\\/uploads\\\/2024\\\/12\\\/logo.png\",\"width\":400,\"height\":260,\"caption\":\"Hengxing Machinery\"},\"image\":{\"@id\":\"https:\\\/\\\/hengxingmachinery.com\\\/#\\\/schema\\\/logo\\\/image\\\/\"}}]}<\/script>\n<!-- \/ Yoast SEO plugin. -->","yoast_head_json":{"title":"4-1. Alimentador vibratorio electromagn\u00e9tico - Hengxing Machinery","robots":{"index":"index","follow":"follow","max-snippet":"max-snippet:-1","max-image-preview":"max-image-preview:large","max-video-preview":"max-video-preview:-1"},"canonical":"https:\/\/hengxingmachinery.com\/es\/electromagnetic-vibrating-feeder\/","og_locale":"es_ES","og_type":"article","og_title":"4-1. Electromagnetic vibrating feeder - Hengxing Machinery","og_description":"Electromagnetic vibrating feeder Introduction of electromagnetic vibrating feeder The electromagnetic vibrating feeder is used to uniformly or quantitatively supply materials from the storage bin or other storage equipment to the receiving equipment. It is an important equipment for automatic flow operation. It is divided into two types: open type and closed type. Electromagnetic vibrating feeder ... Leer m\u00e1s","og_url":"https:\/\/hengxingmachinery.com\/es\/electromagnetic-vibrating-feeder\/","og_site_name":"Hengxing Machinery","article_modified_time":"2025-03-21T09:38:02+00:00","og_image":[{"url":"https:\/\/hengxingmachinery.com\/wp-content\/uploads\/2025\/03\/electronmagnetic-vibrating-feeder-machine-for-sale.jpg","type":"","width":"","height":""}],"twitter_card":"summary_large_image","twitter_misc":{"Tiempo de lectura":"3 minutos"},"schema":{"@context":"https:\/\/schema.org","@graph":[{"@type":"WebPage","@id":"https:\/\/hengxingmachinery.com\/electromagnetic-vibrating-feeder\/","url":"https:\/\/hengxingmachinery.com\/electromagnetic-vibrating-feeder\/","name":"4-1. Alimentador vibratorio electromagn\u00e9tico - Hengxing Machinery","isPartOf":{"@id":"https:\/\/hengxingmachinery.com\/#website"},"primaryImageOfPage":{"@id":"https:\/\/hengxingmachinery.com\/electromagnetic-vibrating-feeder\/#primaryimage"},"image":{"@id":"https:\/\/hengxingmachinery.com\/electromagnetic-vibrating-feeder\/#primaryimage"},"thumbnailUrl":"https:\/\/hengxingmachinery.com\/wp-content\/uploads\/2025\/03\/electronmagnetic-vibrating-feeder-machine-for-sale.jpg","datePublished":"2025-03-21T09:38:01+00:00","dateModified":"2025-03-21T09:38:02+00:00","breadcrumb":{"@id":"https:\/\/hengxingmachinery.com\/electromagnetic-vibrating-feeder\/#breadcrumb"},"inLanguage":"es","potentialAction":[{"@type":"ReadAction","target":["https:\/\/hengxingmachinery.com\/electromagnetic-vibrating-feeder\/"]}]},{"@type":"ImageObject","inLanguage":"es","@id":"https:\/\/hengxingmachinery.com\/electromagnetic-vibrating-feeder\/#primaryimage","url":"https:\/\/hengxingmachinery.com\/wp-content\/uploads\/2025\/03\/electronmagnetic-vibrating-feeder-machine-for-sale.jpg","contentUrl":"https:\/\/hengxingmachinery.com\/wp-content\/uploads\/2025\/03\/electronmagnetic-vibrating-feeder-machine-for-sale.jpg"},{"@type":"BreadcrumbList","@id":"https:\/\/hengxingmachinery.com\/electromagnetic-vibrating-feeder\/#breadcrumb","itemListElement":[{"@type":"ListItem","position":1,"name":"Home","item":"https:\/\/hengxingmachinery.com\/"},{"@type":"ListItem","position":2,"name":"4-1. Electromagnetic vibrating feeder"}]},{"@type":"WebSite","@id":"https:\/\/hengxingmachinery.com\/#website","url":"https:\/\/hengxingmachinery.com\/","name":"Maquinaria Hengxing","description":"Fabricante l\u00edder de todo tipo de maquinaria minera","publisher":{"@id":"https:\/\/hengxingmachinery.com\/#organization"},"potentialAction":[{"@type":"SearchAction","target":{"@type":"EntryPoint","urlTemplate":"https:\/\/hengxingmachinery.com\/?s={search_term_string}"},"query-input":{"@type":"PropertyValueSpecification","valueRequired":true,"valueName":"search_term_string"}}],"inLanguage":"es"},{"@type":"Organization","@id":"https:\/\/hengxingmachinery.com\/#organization","name":"Maquinaria Hengxing","url":"https:\/\/hengxingmachinery.com\/","logo":{"@type":"ImageObject","inLanguage":"es","@id":"https:\/\/hengxingmachinery.com\/#\/schema\/logo\/image\/","url":"https:\/\/hengxingmachinery.com\/wp-content\/uploads\/2024\/12\/logo.png","contentUrl":"https:\/\/hengxingmachinery.com\/wp-content\/uploads\/2024\/12\/logo.png","width":400,"height":260,"caption":"Hengxing Machinery"},"image":{"@id":"https:\/\/hengxingmachinery.com\/#\/schema\/logo\/image\/"}}]}},"_links":{"self":[{"href":"https:\/\/hengxingmachinery.com\/es\/wp-json\/wp\/v2\/pages\/2586","targetHints":{"allow":["GET"]}}],"collection":[{"href":"https:\/\/hengxingmachinery.com\/es\/wp-json\/wp\/v2\/pages"}],"about":[{"href":"https:\/\/hengxingmachinery.com\/es\/wp-json\/wp\/v2\/types\/page"}],"author":[{"embeddable":true,"href":"https:\/\/hengxingmachinery.com\/es\/wp-json\/wp\/v2\/users\/1"}],"replies":[{"embeddable":true,"href":"https:\/\/hengxingmachinery.com\/es\/wp-json\/wp\/v2\/comments?post=2586"}],"version-history":[{"count":3,"href":"https:\/\/hengxingmachinery.com\/es\/wp-json\/wp\/v2\/pages\/2586\/revisions"}],"predecessor-version":[{"id":2623,"href":"https:\/\/hengxingmachinery.com\/es\/wp-json\/wp\/v2\/pages\/2586\/revisions\/2623"}],"wp:attachment":[{"href":"https:\/\/hengxingmachinery.com\/es\/wp-json\/wp\/v2\/media?parent=2586"}],"curies":[{"name":"wp","href":"https:\/\/api.w.org\/{rel}","templated":true}]}}