{"id":2587,"date":"2025-03-21T09:39:42","date_gmt":"2025-03-21T09:39:42","guid":{"rendered":"https:\/\/hengxingmachinery.com\/?page_id=2587"},"modified":"2025-03-21T09:42:53","modified_gmt":"2025-03-21T09:42:53","slug":"dewatering-screens","status":"publish","type":"page","link":"https:\/\/hengxingmachinery.com\/es\/dewatering-screens\/","title":{"rendered":"4-1. Criba deshidratadora"},"content":{"rendered":"<div class=\"gb-container gb-container-45165f5a\">\n<div class=\"gb-container gb-container-c2652eb4\">\n\n<h1 class=\"gb-headline gb-headline-62a8b2cc gb-headline-text\">Pantalla de deshidrataci\u00f3n<\/h1>\n\n<\/div>\n<\/div>\n\n<div class=\"gb-container gb-container-519cf624\">\n<div class=\"gb-container gb-container-71ca071e\">\n<div class=\"gb-grid-wrapper gb-grid-wrapper-8a5f0688\">\n<div class=\"gb-grid-column gb-grid-column-1e99b1c2\"><div class=\"gb-container gb-container-1e99b1c2\">\n\n<figure class=\"gb-block-image gb-block-image-e4eaba54\"><img decoding=\"async\" width=\"665\" height=\"545\" class=\"gb-image gb-image-e4eaba54\" src=\"https:\/\/hengxingmachinery.com\/wp-content\/uploads\/2025\/03\/dewtering-screen-price.png\" alt=\"\" title=\"Precio de criba deshidratadora\" srcset=\"https:\/\/hengxingmachinery.com\/wp-content\/uploads\/2025\/03\/dewtering-screen-price.png 665w, https:\/\/hengxingmachinery.com\/wp-content\/uploads\/2025\/03\/dewtering-screen-price-300x246.png 300w, https:\/\/hengxingmachinery.com\/wp-content\/uploads\/2025\/03\/dewtering-screen-price-15x12.png 15w\" sizes=\"(max-width: 665px) 100vw, 665px\" \/><\/figure>\n\n<\/div><\/div>\n\n<div class=\"gb-grid-column gb-grid-column-bcae065b\"><div class=\"gb-container gb-container-bcae065b\">\n\n<p><\/p>\n\n\n\n<p>Criba Deshidratadora<strong> <\/strong>Es adecuada para tecnolog\u00eda de separaci\u00f3n de materiales en industrias de nueva energ\u00eda como deshidrataci\u00f3n de lodos, clasificaci\u00f3n, deslamado, cribado en minas, cribado en centrales el\u00e9ctricas e industria qu\u00edmica del carb\u00f3n.<\/p>\n\n\n\n<p>El efecto principal de la criba deshidratadora es la deshidrataci\u00f3n, deslamado, eliminaci\u00f3n de medios. Se utiliza para la arena lavada de la f\u00e1brica de arena y piedra, recuperaci\u00f3n de lodos de carb\u00f3n de la planta de separaci\u00f3n de carb\u00f3n, descarga en seco de relaves del molino concentrador, entre otros.<\/p>\n\n\n<div class=\"gb-container gb-container-256e15f1\">\n\n<a class=\"gb-button gb-button-e8b73d89 gb-button-text\" href=\"#popmake-622\">Obtener presupuesto gratuito<\/a>\n\n<\/div>\n<\/div><\/div>\n<\/div>\n<\/div>\n<\/div>\n\n<div class=\"gb-container gb-container-c0200787\">\n<div class=\"gb-container gb-container-1d97c93d\">\n\n<h2 class=\"gb-headline gb-headline-3d5fa577 gb-headline-text\">Caracter\u00edsticas de la criba deshidratadora<\/h2>\n\n\n\n<figure class=\"gb-block-image gb-block-image-230c53d3\"><img decoding=\"async\" width=\"600\" height=\"500\" class=\"gb-image gb-image-230c53d3\" src=\"https:\/\/hengxingmachinery.com\/wp-content\/uploads\/2025\/03\/High-Efficiency-Dewatering-Vibrating-Screen-For-Silica-Sand.jpg\" alt=\"\" title=\"Criba Vibratoria Deshidratadora de Alta Eficiencia para Arena de S\u00edlice\" srcset=\"https:\/\/hengxingmachinery.com\/wp-content\/uploads\/2025\/03\/High-Efficiency-Dewatering-Vibrating-Screen-For-Silica-Sand.jpg 600w, https:\/\/hengxingmachinery.com\/wp-content\/uploads\/2025\/03\/High-Efficiency-Dewatering-Vibrating-Screen-For-Silica-Sand-300x250.jpg 300w, https:\/\/hengxingmachinery.com\/wp-content\/uploads\/2025\/03\/High-Efficiency-Dewatering-Vibrating-Screen-For-Silica-Sand-14x12.jpg 14w\" sizes=\"(max-width: 600px) 100vw, 600px\" \/><\/figure>\n\n\n\n<p><\/p>\n\n\n\n<p>1. Con una gran capacidad, deshidrataci\u00f3n de alta eficiencia, ahorro de energ\u00eda, larga vida \u00fatil y otras ventajas significativas.<\/p>\n\n\n\n<p>2. Los paneles laterales del bastidor de la pared lateral se fabrican con acero de alta calidad; los paneles laterales, las vigas y la base del excitador se conectan con pernos de alta resistencia o remaches de ranura anular, con una estructura s\u00f3lida y confiable.<\/p>\n\n\n<div class=\"gb-container gb-container-9eeb6cec\">\n\n<a class=\"gb-button gb-button-d1324b3c gb-button-text\" href=\"#popmake-622\">Obtener presupuesto gratuito<\/a>\n\n<\/div>\n<\/div>\n<\/div>\n\n<div class=\"gb-container gb-container-ebd718b6\">\n<div class=\"gb-container gb-container-5c75b960\">\n\n<h2 class=\"gb-headline gb-headline-98859344 gb-headline-text\">Principio de funcionamiento de la criba deshidratadora<\/h2>\n\n\n\n<p>La caja de la criba depende de dos motores vibratorios iguales que giran sincr\u00f3nicamente en direcciones opuestas, los cojinetes sobre los amortiguadores de vibraci\u00f3n de toda la criba vibratoria lineal. El material ingresa desde la tolva de alimentaci\u00f3n a la caja de la criba, avanza r\u00e1pidamente, se afloja, se criba y completa la operaci\u00f3n de tamizado.<\/p>\n\n\n<div class=\"gb-container gb-container-d6bbf16a\">\n\n<a class=\"gb-button gb-button-caa3f2bc gb-button-text\" href=\"#popmake-622\">Obtener presupuesto gratuito<\/a>\n\n<\/div>\n<\/div>\n<\/div>\n\n<div class=\"gb-container gb-container-435ad261\">\n<div class=\"gb-container gb-container-7dc79cc4\">\n\n<h2 class=\"gb-headline gb-headline-6fe5dee2 gb-headline-text\">Especificaciones de la criba deshidratadora<\/h2>\n\n\n\n<figure class=\"wp-block-table is-style-stripes\"><table class=\"has-fixed-layout\"><tbody><tr><td><strong>Modelo<\/strong><\/td><td><strong>\u00c1rea de Cribado (m\u00b2)<\/strong><\/td><td><strong>Potencia (kW)<\/strong><\/td><td><strong>Capacidad (m\u00b3\/h)<\/strong><\/td><td><strong>Tama\u00f1o de Alimentaci\u00f3n (mm)<\/strong><\/td><td><strong>Peso (t)<\/strong><\/td><td><strong>Dimensiones Generales (L*A*H) (mm)<\/strong><\/td><\/tr><tr><td>TS0820<\/td><td>1.5<\/td><td>2*0.75<\/td><td>5-10<\/td><td>\u226410<\/td><td>0.8<\/td><td>2250*1140*1133<\/td><\/tr><tr><td>TS1020<\/td><td>2<\/td><td>2*1.1<\/td><td>20-30<\/td><td>\u226410<\/td><td>1.6<\/td><td>2250*1340*1185<\/td><\/tr><tr><td>TS1225<\/td><td>3<\/td><td>2*2.2<\/td><td>50-80<\/td><td>\u226410<\/td><td>2.1<\/td><td>2820*1590*1362<\/td><\/tr><tr><td>TS1530<\/td><td>4.5<\/td><td>2*3<\/td><td>100-120<\/td><td>\u226410<\/td><td>2.5<\/td><td>3320*1900*1351<\/td><\/tr><tr><td>TS1840<\/td><td>7.2<\/td><td>2*4<\/td><td>150-200<\/td><td>\u226410<\/td><td>3.5<\/td><td>4200*2441*1980<\/td><\/tr><tr><td>TS1845<\/td><td>8.1<\/td><td>2*4<\/td><td>150-200<\/td><td>\u226410<\/td><td>4.5<\/td><td>4800*2441*1980<\/td><\/tr><tr><td>TS2445<\/td><td>10.8<\/td><td>2*7.5<\/td><td>200-250<\/td><td>\u226410<\/td><td>6<\/td><td>4800*3100*2230<\/td><\/tr><\/tbody><\/table><\/figure>\n\n\n\n<figure class=\"wp-block-table is-style-stripes\"><table class=\"has-fixed-layout\"><tbody><tr><td><strong>Modelo<\/strong><\/td><td><strong>Tama\u00f1o de Criba (mm)<\/strong><\/td><td><strong>Tama\u00f1o de Malla<\/strong><\/td><td><strong>Inclinaci\u00f3n (Grados)<\/strong><\/td><td><strong>Tama\u00f1o de Alimentaci\u00f3n (mm)<\/strong><\/td><td><strong>Capacidad (Toneladas\/hora)<\/strong><\/td><td><strong>&nbsp; &nbsp;Motor&nbsp; &nbsp;<\/strong><strong>(KW)<\/strong><\/td><td><strong>&nbsp; &nbsp; Velocidad (r\/min)<\/strong><\/td><td><strong>Amplitud (mm)<\/strong><\/td><\/tr><tr><td>TS-1230<\/td><td>1200*3000<\/td><td>&nbsp; 5-500 mallas<\/td><td>3-10\u00b0<\/td><td>&lt;50<\/td><td>10-20<\/td><td>1.5KW*2<\/td><td>960<\/td><td>2-4<\/td><\/tr><tr><td>TS-1236<\/td><td>1200*3600<\/td><td>&nbsp; 5-500 mallas<\/td><td>3-10\u00b0<\/td><td>&lt;50<\/td><td>15-30<\/td><td>2.2KW*2<\/td><td>960<\/td><td>2-4<\/td><\/tr><tr><td>TS-1530<\/td><td>1500*3000<\/td><td>&nbsp; 5-500 mallas<\/td><td>3-10\u00b0<\/td><td>&lt;50<\/td><td>20-40<\/td><td>2.5KW*2<\/td><td>960<\/td><td>2-4<\/td><\/tr><tr><td>TS-1545<\/td><td>1500*4500<\/td><td>&nbsp; 5-500 mallas<\/td><td>3-10\u00b0<\/td><td>&lt;50<\/td><td>25-50<\/td><td>3KW*2<\/td><td>960<\/td><td>2-4<\/td><\/tr><tr><td>TS-1850<\/td><td>1800*5000<\/td><td>&nbsp; 5-500 mallas<\/td><td>3-10\u00b0<\/td><td>&lt;50<\/td><td>30-60<\/td><td>3.7KW*2<\/td><td>960<\/td><td>3-5<\/td><\/tr><tr><td>TS-1860<\/td><td>1800*6000<\/td><td>&nbsp; 5-500 mallas<\/td><td>3-10\u00b0<\/td><td>&lt;50<\/td><td>35-70<\/td><td>3.7KW*2<\/td><td>960<\/td><td>3-5<\/td><\/tr><tr><td>TS-2160<\/td><td>2100*6000<\/td><td>&nbsp; 5-500 mallas<\/td><td>3-10\u00b0<\/td><td>&lt;50<\/td><td>40-80<\/td><td>5.5KW*2<\/td><td>960<\/td><td>3-5<\/td><\/tr><tr><td>TS-2460<\/td><td>2400*6000<\/td><td>&nbsp; 5-500 mallas<\/td><td>3-10\u00b0<\/td><td>&lt;50<\/td><td>50-100<\/td><td>7.5KW*2<\/td><td>960<\/td><td>3-5<\/td><\/tr><\/tbody><\/table><\/figure>\n\n\n<div class=\"gb-container gb-container-263d9700\">\n\n<a class=\"gb-button gb-button-a4cbb7be gb-button-text\" href=\"#popmake-622\">Obtener presupuesto gratuito<\/a>\n\n<\/div>\n<\/div>\n<\/div>","protected":false},"excerpt":{"rendered":"<p>Dewatering screen Features of dewatering screen 1. With a large capacity, high-efficiency dehydration, energy saving, longevity and other significant advantages. 2. Sidewall frame side panels using high-quality steel production, side panels and beams, exciter base with high-strength bolts or ring groove rivet connection, solid and reliable structure. Dewatering screen working principle The screen box relies &#8230; <\/p>\n<p class=\"read-more-container\"><a title=\"4-1. Criba deshidratadora\" class=\"read-more button\" href=\"https:\/\/hengxingmachinery.com\/es\/dewatering-screens\/#more-2587\" aria-label=\"Leer m\u00e1s sobre 4-1. Dewatering screen\">Leer m\u00e1s<\/a><\/p>","protected":false},"author":1,"featured_media":0,"parent":0,"menu_order":0,"comment_status":"closed","ping_status":"closed","template":"","meta":{"footnotes":""},"class_list":["post-2587","page","type-page","status-publish"],"yoast_head":"<!-- This site is optimized with the Yoast SEO plugin v27.4 - https:\/\/yoast.com\/product\/yoast-seo-wordpress\/ -->\n<title>4-1. Dewatering screen - Hengxing Machinery<\/title>\n<meta name=\"robots\" content=\"index, follow, max-snippet:-1, max-image-preview:large, max-video-preview:-1\" \/>\n<link rel=\"canonical\" href=\"https:\/\/hengxingmachinery.com\/es\/dewatering-screens\/\" \/>\n<meta property=\"og:locale\" content=\"es_ES\" \/>\n<meta property=\"og:type\" content=\"article\" \/>\n<meta property=\"og:title\" content=\"4-1. Dewatering screen - Hengxing Machinery\" \/>\n<meta property=\"og:description\" content=\"Dewatering screen Features of dewatering screen 1. With a large capacity, high-efficiency dehydration, energy saving, longevity and other significant advantages. 2. Sidewall frame side panels using high-quality steel production, side panels and beams, exciter base with high-strength bolts or ring groove rivet connection, solid and reliable structure. Dewatering screen working principle The screen box relies ... Leer m\u00e1s\" \/>\n<meta property=\"og:url\" content=\"https:\/\/hengxingmachinery.com\/es\/dewatering-screens\/\" \/>\n<meta property=\"og:site_name\" content=\"Hengxing Machinery\" \/>\n<meta property=\"article:modified_time\" content=\"2025-03-21T09:42:53+00:00\" \/>\n<meta property=\"og:image\" content=\"https:\/\/hengxingmachinery.com\/wp-content\/uploads\/2025\/03\/dewtering-screen-price.png\" \/>\n<meta name=\"twitter:card\" content=\"summary_large_image\" \/>\n<meta name=\"twitter:label1\" content=\"Tiempo de lectura\" \/>\n\t<meta name=\"twitter:data1\" content=\"2 minutos\" \/>\n<script type=\"application\/ld+json\" class=\"yoast-schema-graph\">{\"@context\":\"https:\\\/\\\/schema.org\",\"@graph\":[{\"@type\":\"WebPage\",\"@id\":\"https:\\\/\\\/hengxingmachinery.com\\\/dewatering-screens\\\/\",\"url\":\"https:\\\/\\\/hengxingmachinery.com\\\/dewatering-screens\\\/\",\"name\":\"4-1. Dewatering screen - Hengxing Machinery\",\"isPartOf\":{\"@id\":\"https:\\\/\\\/hengxingmachinery.com\\\/#website\"},\"primaryImageOfPage\":{\"@id\":\"https:\\\/\\\/hengxingmachinery.com\\\/dewatering-screens\\\/#primaryimage\"},\"image\":{\"@id\":\"https:\\\/\\\/hengxingmachinery.com\\\/dewatering-screens\\\/#primaryimage\"},\"thumbnailUrl\":\"https:\\\/\\\/hengxingmachinery.com\\\/wp-content\\\/uploads\\\/2025\\\/03\\\/dewtering-screen-price.png\",\"datePublished\":\"2025-03-21T09:39:42+00:00\",\"dateModified\":\"2025-03-21T09:42:53+00:00\",\"breadcrumb\":{\"@id\":\"https:\\\/\\\/hengxingmachinery.com\\\/dewatering-screens\\\/#breadcrumb\"},\"inLanguage\":\"es\",\"potentialAction\":[{\"@type\":\"ReadAction\",\"target\":[\"https:\\\/\\\/hengxingmachinery.com\\\/dewatering-screens\\\/\"]}]},{\"@type\":\"ImageObject\",\"inLanguage\":\"es\",\"@id\":\"https:\\\/\\\/hengxingmachinery.com\\\/dewatering-screens\\\/#primaryimage\",\"url\":\"https:\\\/\\\/hengxingmachinery.com\\\/wp-content\\\/uploads\\\/2025\\\/03\\\/dewtering-screen-price.png\",\"contentUrl\":\"https:\\\/\\\/hengxingmachinery.com\\\/wp-content\\\/uploads\\\/2025\\\/03\\\/dewtering-screen-price.png\"},{\"@type\":\"BreadcrumbList\",\"@id\":\"https:\\\/\\\/hengxingmachinery.com\\\/dewatering-screens\\\/#breadcrumb\",\"itemListElement\":[{\"@type\":\"ListItem\",\"position\":1,\"name\":\"Home\",\"item\":\"https:\\\/\\\/hengxingmachinery.com\\\/\"},{\"@type\":\"ListItem\",\"position\":2,\"name\":\"4-1. Dewatering screen\"}]},{\"@type\":\"WebSite\",\"@id\":\"https:\\\/\\\/hengxingmachinery.com\\\/#website\",\"url\":\"https:\\\/\\\/hengxingmachinery.com\\\/\",\"name\":\"Hengxing Machinery\",\"description\":\"Leading Manufacturer of All Sorts of Mining Machinery\",\"publisher\":{\"@id\":\"https:\\\/\\\/hengxingmachinery.com\\\/#organization\"},\"potentialAction\":[{\"@type\":\"SearchAction\",\"target\":{\"@type\":\"EntryPoint\",\"urlTemplate\":\"https:\\\/\\\/hengxingmachinery.com\\\/?s={search_term_string}\"},\"query-input\":{\"@type\":\"PropertyValueSpecification\",\"valueRequired\":true,\"valueName\":\"search_term_string\"}}],\"inLanguage\":\"es\"},{\"@type\":\"Organization\",\"@id\":\"https:\\\/\\\/hengxingmachinery.com\\\/#organization\",\"name\":\"Hengxing Machinery\",\"url\":\"https:\\\/\\\/hengxingmachinery.com\\\/\",\"logo\":{\"@type\":\"ImageObject\",\"inLanguage\":\"es\",\"@id\":\"https:\\\/\\\/hengxingmachinery.com\\\/#\\\/schema\\\/logo\\\/image\\\/\",\"url\":\"https:\\\/\\\/hengxingmachinery.com\\\/wp-content\\\/uploads\\\/2024\\\/12\\\/logo.png\",\"contentUrl\":\"https:\\\/\\\/hengxingmachinery.com\\\/wp-content\\\/uploads\\\/2024\\\/12\\\/logo.png\",\"width\":400,\"height\":260,\"caption\":\"Hengxing Machinery\"},\"image\":{\"@id\":\"https:\\\/\\\/hengxingmachinery.com\\\/#\\\/schema\\\/logo\\\/image\\\/\"}}]}<\/script>\n<!-- \/ Yoast SEO plugin. -->","yoast_head_json":{"title":"4-1. Criba deshidratadora - Hengxing Machinery","robots":{"index":"index","follow":"follow","max-snippet":"max-snippet:-1","max-image-preview":"max-image-preview:large","max-video-preview":"max-video-preview:-1"},"canonical":"https:\/\/hengxingmachinery.com\/es\/dewatering-screens\/","og_locale":"es_ES","og_type":"article","og_title":"4-1. Dewatering screen - Hengxing Machinery","og_description":"Dewatering screen Features of dewatering screen 1. With a large capacity, high-efficiency dehydration, energy saving, longevity and other significant advantages. 2. Sidewall frame side panels using high-quality steel production, side panels and beams, exciter base with high-strength bolts or ring groove rivet connection, solid and reliable structure. Dewatering screen working principle The screen box relies ... Leer m\u00e1s","og_url":"https:\/\/hengxingmachinery.com\/es\/dewatering-screens\/","og_site_name":"Hengxing Machinery","article_modified_time":"2025-03-21T09:42:53+00:00","og_image":[{"url":"https:\/\/hengxingmachinery.com\/wp-content\/uploads\/2025\/03\/dewtering-screen-price.png","type":"","width":"","height":""}],"twitter_card":"summary_large_image","twitter_misc":{"Tiempo de lectura":"2 minutos"},"schema":{"@context":"https:\/\/schema.org","@graph":[{"@type":"WebPage","@id":"https:\/\/hengxingmachinery.com\/dewatering-screens\/","url":"https:\/\/hengxingmachinery.com\/dewatering-screens\/","name":"4-1. Criba deshidratadora - Hengxing Machinery","isPartOf":{"@id":"https:\/\/hengxingmachinery.com\/#website"},"primaryImageOfPage":{"@id":"https:\/\/hengxingmachinery.com\/dewatering-screens\/#primaryimage"},"image":{"@id":"https:\/\/hengxingmachinery.com\/dewatering-screens\/#primaryimage"},"thumbnailUrl":"https:\/\/hengxingmachinery.com\/wp-content\/uploads\/2025\/03\/dewtering-screen-price.png","datePublished":"2025-03-21T09:39:42+00:00","dateModified":"2025-03-21T09:42:53+00:00","breadcrumb":{"@id":"https:\/\/hengxingmachinery.com\/dewatering-screens\/#breadcrumb"},"inLanguage":"es","potentialAction":[{"@type":"ReadAction","target":["https:\/\/hengxingmachinery.com\/dewatering-screens\/"]}]},{"@type":"ImageObject","inLanguage":"es","@id":"https:\/\/hengxingmachinery.com\/dewatering-screens\/#primaryimage","url":"https:\/\/hengxingmachinery.com\/wp-content\/uploads\/2025\/03\/dewtering-screen-price.png","contentUrl":"https:\/\/hengxingmachinery.com\/wp-content\/uploads\/2025\/03\/dewtering-screen-price.png"},{"@type":"BreadcrumbList","@id":"https:\/\/hengxingmachinery.com\/dewatering-screens\/#breadcrumb","itemListElement":[{"@type":"ListItem","position":1,"name":"Home","item":"https:\/\/hengxingmachinery.com\/"},{"@type":"ListItem","position":2,"name":"4-1. Dewatering screen"}]},{"@type":"WebSite","@id":"https:\/\/hengxingmachinery.com\/#website","url":"https:\/\/hengxingmachinery.com\/","name":"Maquinaria Hengxing","description":"Fabricante l\u00edder de todo tipo de maquinaria minera","publisher":{"@id":"https:\/\/hengxingmachinery.com\/#organization"},"potentialAction":[{"@type":"SearchAction","target":{"@type":"EntryPoint","urlTemplate":"https:\/\/hengxingmachinery.com\/?s={search_term_string}"},"query-input":{"@type":"PropertyValueSpecification","valueRequired":true,"valueName":"search_term_string"}}],"inLanguage":"es"},{"@type":"Organization","@id":"https:\/\/hengxingmachinery.com\/#organization","name":"Maquinaria Hengxing","url":"https:\/\/hengxingmachinery.com\/","logo":{"@type":"ImageObject","inLanguage":"es","@id":"https:\/\/hengxingmachinery.com\/#\/schema\/logo\/image\/","url":"https:\/\/hengxingmachinery.com\/wp-content\/uploads\/2024\/12\/logo.png","contentUrl":"https:\/\/hengxingmachinery.com\/wp-content\/uploads\/2024\/12\/logo.png","width":400,"height":260,"caption":"Hengxing Machinery"},"image":{"@id":"https:\/\/hengxingmachinery.com\/#\/schema\/logo\/image\/"}}]}},"_links":{"self":[{"href":"https:\/\/hengxingmachinery.com\/es\/wp-json\/wp\/v2\/pages\/2587","targetHints":{"allow":["GET"]}}],"collection":[{"href":"https:\/\/hengxingmachinery.com\/es\/wp-json\/wp\/v2\/pages"}],"about":[{"href":"https:\/\/hengxingmachinery.com\/es\/wp-json\/wp\/v2\/types\/page"}],"author":[{"embeddable":true,"href":"https:\/\/hengxingmachinery.com\/es\/wp-json\/wp\/v2\/users\/1"}],"replies":[{"embeddable":true,"href":"https:\/\/hengxingmachinery.com\/es\/wp-json\/wp\/v2\/comments?post=2587"}],"version-history":[{"count":4,"href":"https:\/\/hengxingmachinery.com\/es\/wp-json\/wp\/v2\/pages\/2587\/revisions"}],"predecessor-version":[{"id":2624,"href":"https:\/\/hengxingmachinery.com\/es\/wp-json\/wp\/v2\/pages\/2587\/revisions\/2624"}],"wp:attachment":[{"href":"https:\/\/hengxingmachinery.com\/es\/wp-json\/wp\/v2\/media?parent=2587"}],"curies":[{"name":"wp","href":"https:\/\/api.w.org\/{rel}","templated":true}]}}