{"id":2588,"date":"2025-03-21T09:41:17","date_gmt":"2025-03-21T09:41:17","guid":{"rendered":"https:\/\/hengxingmachinery.com\/?page_id=2588"},"modified":"2025-03-21T09:41:18","modified_gmt":"2025-03-21T09:41:18","slug":"linear-vibrating-screen","status":"publish","type":"page","link":"https:\/\/hengxingmachinery.com\/es\/linear-vibrating-screen\/","title":{"rendered":"4-1. \u00a0Criba vibratoria lineal"},"content":{"rendered":"<div class=\"gb-container gb-container-45165f5a\">\n<div class=\"gb-container gb-container-c2652eb4\">\n\n<h1 class=\"gb-headline gb-headline-62a8b2cc gb-headline-text\">criba vibratoria lineal<\/h1>\n\n<\/div>\n<\/div>\n\n<div class=\"gb-container gb-container-519cf624\">\n<div class=\"gb-container gb-container-71ca071e\">\n<div class=\"gb-grid-wrapper gb-grid-wrapper-8a5f0688\">\n<div class=\"gb-grid-column gb-grid-column-1e99b1c2\"><div class=\"gb-container gb-container-1e99b1c2\">\n\n<figure class=\"gb-block-image gb-block-image-e4eaba54\"><img decoding=\"async\" width=\"665\" height=\"545\" class=\"gb-image gb-image-e4eaba54\" src=\"https:\/\/hengxingmachinery.com\/wp-content\/uploads\/2025\/03\/linear-vibrating-screen-machine.jpg\" alt=\"\" title=\"Criba vibratoria lineal\" srcset=\"https:\/\/hengxingmachinery.com\/wp-content\/uploads\/2025\/03\/linear-vibrating-screen-machine.jpg 665w, https:\/\/hengxingmachinery.com\/wp-content\/uploads\/2025\/03\/linear-vibrating-screen-machine-300x246.jpg 300w, https:\/\/hengxingmachinery.com\/wp-content\/uploads\/2025\/03\/linear-vibrating-screen-machine-15x12.jpg 15w\" sizes=\"(max-width: 665px) 100vw, 665px\" \/><\/figure>\n\n<\/div><\/div>\n\n<div class=\"gb-grid-column gb-grid-column-bcae065b\"><div class=\"gb-container gb-container-bcae065b\">\n\n<p><\/p>\n\n\n\n<p>La mesa vibratoria es uno de los principales equipos de concentraci\u00f3n por gravedad. Se aplica ampliamente no solo para separar tungsteno, esta\u00f1o, tantalio-niobio y otros metales raros, sino tambi\u00e9n para minerales de metales preciosos. <\/p>\n\n\n\n<p>Tambi\u00e9n se utiliza ampliamente en la separaci\u00f3n de oro, plata, esta\u00f1o, columbio, tantalio, titanio, bario, tungsteno, hierro, cromo, manganeso, circonio, plomo, zinc, mercurio, cobre, aluminio, etc. El alcance efectivo de granulometr\u00eda recuperable de la mesa vibratoria es de 2 a 0,22 mil\u00edmetros.<\/p>\n\n\n<div class=\"gb-container gb-container-256e15f1\">\n\n<a class=\"gb-button gb-button-e8b73d89 gb-button-text\" href=\"#popmake-622\">Obtener presupuesto gratuito<\/a>\n\n<\/div>\n<\/div><\/div>\n<\/div>\n<\/div>\n<\/div>\n\n<div class=\"gb-container gb-container-c0200787\">\n<div class=\"gb-container gb-container-1d97c93d\">\n\n<h2 class=\"gb-headline gb-headline-3d5fa577 gb-headline-text\">Aplicaci\u00f3n del tamiz vibratorio lineal<\/h2>\n\n\n\n<figure class=\"gb-block-image gb-block-image-230c53d3\"><img decoding=\"async\" width=\"800\" height=\"500\" class=\"gb-image gb-image-230c53d3\" src=\"https:\/\/hengxingmachinery.com\/wp-content\/uploads\/2025\/03\/linear-vibrating-screen-for-sale.jpg\" alt=\"\" title=\"Criba vibratoria lineal en venta\" srcset=\"https:\/\/hengxingmachinery.com\/wp-content\/uploads\/2025\/03\/linear-vibrating-screen-for-sale.jpg 800w, https:\/\/hengxingmachinery.com\/wp-content\/uploads\/2025\/03\/linear-vibrating-screen-for-sale-300x188.jpg 300w, https:\/\/hengxingmachinery.com\/wp-content\/uploads\/2025\/03\/linear-vibrating-screen-for-sale-768x480.jpg 768w, https:\/\/hengxingmachinery.com\/wp-content\/uploads\/2025\/03\/linear-vibrating-screen-for-sale-18x12.jpg 18w\" sizes=\"(max-width: 800px) 100vw, 800px\" \/><\/figure>\n\n\n\n<p><\/p>\n\n\n\n<p>Es adecuado para el cribado de cualquier material seco desde 0,74 mm hasta 5 mm, con un tama\u00f1o m\u00e1ximo de part\u00edcula de 10 mm. Se utiliza ampliamente en industrias como qu\u00edmica, alimentaci\u00f3n, pl\u00e1sticos, farmac\u00e9utica, metalurgia, vidrio, materiales de construcci\u00f3n, alimentos, fertilizantes, abrasivos, cer\u00e1mica, entre otras.<\/p>\n\n\n\n<p>1)<strong>Industria qu\u00edmica: <\/strong>pigmentos de resina, medicamentos, grasas, pinturas, paletas, etc.<\/p>\n\n\n\n<p>2)<strong>Industria de materiales abrasivos y cer\u00e1mica<\/strong>: arena de construcci\u00f3n, mica, al\u00famina, abrasivos, materiales refractarios, lodos, etc.<\/p>\n\n\n\n<p>3)<strong>Industria alimentaria:<\/strong> az\u00facar, sal, \u00e1lcali, glutamato monos\u00f3dico, almid\u00f3n, leche en polvo, levadura en polvo, polen, aditivos alimentarios, leche de soja, jugos, etc.<\/p>\n\n\n\n<p>4)<strong>Industria papelera: <\/strong>pasta de recubrimiento, l\u00edquidos residuales, licor de papel y recuperaci\u00f3n de aguas residuales, etc.<\/p>\n\n\n\n<p>5)<strong>Industria metal\u00fargica y minera: <\/strong>arena de cuarzo, mineral, \u00f3xido de titanio, \u00f3xido de zinc, etc.<\/p>\n\n\n\n<p>6)<strong>Industria mec\u00e1nica: <\/strong>arena de fundici\u00f3n, pulvimetalurgia, materiales electromagn\u00e9ticos, polvo met\u00e1lico, etc.<\/p>\n\n\n<div class=\"gb-container gb-container-9eeb6cec\">\n\n<a class=\"gb-button gb-button-d1324b3c gb-button-text\" href=\"#popmake-622\">Obtener presupuesto gratuito<\/a>\n\n<\/div>\n<\/div>\n<\/div>\n\n<div class=\"gb-container gb-container-ebd718b6\">\n<div class=\"gb-container gb-container-5c75b960\">\n\n<h2 class=\"gb-headline gb-headline-98859344 gb-headline-text\">Caracter\u00edsticas del tamiz vibratorio lineal<\/h2>\n\n\n\n<p>1) Producci\u00f3n continua, filtrado de clasificaci\u00f3n autom\u00e1tica en una o m\u00faltiples capas.<\/p>\n\n\n\n<p>2) Buen rendimiento de estanqueidad, sin derrame de polvo.<\/p>\n\n\n\n<p>3) Ahorro energ\u00e9tico y bajo ruido gracias al motor vibratorio.<\/p>\n\n\n\n<p>4) Arranque r\u00e1pido y parada suave.<\/p>\n\n\n\n<p>5) Instalaci\u00f3n sencilla, operaci\u00f3n y mantenimiento f\u00e1ciles.<\/p>\n\n\n\n<p>6) Alta utilizaci\u00f3n de la malla, gran \u00e1rea unitaria, no se obstruye f\u00e1cilmente y permite un reemplazo sencillo de la malla.<\/p>\n\n\n\n<p>7) Cribado de alta precisi\u00f3n que alcanza el 96% o superior, gran capacidad de procesamiento.<\/p>\n\n\n<div class=\"gb-container gb-container-d6bbf16a\">\n\n<a class=\"gb-button gb-button-caa3f2bc gb-button-text\" href=\"#popmake-622\">Obtener presupuesto gratuito<\/a>\n\n<\/div>\n<\/div>\n<\/div>\n\n<div class=\"gb-container gb-container-fe5a357d\">\n<div class=\"gb-container gb-container-02aab42a\">\n\n<h2 class=\"gb-headline gb-headline-c59afbb8 gb-headline-text\">Principio de funcionamiento del tamiz vibratorio lineal<\/h2>\n\n\n\n<p>El tamiz vibratorio lineal est\u00e1 compuesto principalmente por el vibrador de bloques exc\u00e9ntricos, la caja de cribado, el motor y el dispositivo de soporte. A trav\u00e9s del acoplamiento flexible, el motor impulsa el bloque exc\u00e9ntrico del vibrador a alta velocidad de rotaci\u00f3n, generando fuerza centr\u00edfuga, lo que induce a la caja de cribado a realizar un movimiento circular por amplitud. Posteriormente, los materiales en la superficie inclinada de cribado son lanzados continuamente por la fuerza generada desde la caja de cribado, logrando as\u00ed el prop\u00f3sito de clasificaci\u00f3n.\u00a0<\/p>\n\n\n<div class=\"gb-container gb-container-e6e1dbf6\">\n\n<a class=\"gb-button gb-button-be43af21 gb-button-text\" href=\"#popmake-622\">Obtener presupuesto gratuito<\/a>\n\n<\/div>\n<\/div>\n<\/div>\n\n<div class=\"gb-container gb-container-435ad261\">\n<div class=\"gb-container gb-container-7dc79cc4\">\n\n<h2 class=\"gb-headline gb-headline-6fe5dee2 gb-headline-text\">Especificaciones del tamiz vibratorio lineal<\/h2>\n\n\n\n<figure class=\"wp-block-table is-style-stripes\"><table class=\"has-fixed-layout\"><tbody><tr><td><strong>Modelo<\/strong><\/td><td><strong>Tama\u00f1o del tamiz<\/strong><\/td><td><strong>Capas de la superficie de cribado<\/strong><\/td><td><strong>Tama\u00f1o de Malla<\/strong><\/td><td><strong>Capacidad<\/strong><\/td><td><strong>Frecuencia de vibraci\u00f3n<\/strong><\/td><td><strong>Amplitud doble<\/strong><\/td><td><strong>Potencia del Motor<\/strong><\/td><td><strong>\u00c1ngulo de direcci\u00f3n de vibraci\u00f3n<\/strong><\/td><td><strong>Dimensiones (L \u00d7 A \u00d7 H)<\/strong><\/td><\/tr><tr><td>DZSF520<\/td><td>&nbsp;<\/td><td>1-6<\/td><td>2-200<\/td><td>0.05-5<\/td><td>960<\/td><td>6-7<\/td><td>2\u00d70,4<\/td><td>45-60<\/td><td>2140\u00d7808\u00d7848<\/td><\/tr><tr><td>2DZSF520<\/td><td>500\u00d72000<\/td><td>1-6<\/td><td>2-200<\/td><td>0.05-5<\/td><td>960<\/td><td>6-7<\/td><td>2\u00d70,4<\/td><td>45-60<\/td><td>2199\u00d7808\u00d7878<\/td><\/tr><tr><td>3DZSF520<\/td><td>500\u00d72500<\/td><td>1-6<\/td><td>2-200<\/td><td>0.03-5<\/td><td>1450<\/td><td>4-6<\/td><td>2\u00d70,4<\/td><td>45<\/td><td>2256\u00d7808\u00d7938<\/td><\/tr><tr><td>DZSF525<\/td><td>500\u00d72500<\/td><td>1-6<\/td><td>2-200<\/td><td>0.06-8<\/td><td>960<\/td><td>5-7<\/td><td>2\u00d70,4<\/td><td>45-60<\/td><td>2642\u00d7808\u00d7848<\/td><\/tr><tr><td>2DZSF525<\/td><td>500\u00d72500<\/td><td>1-6<\/td><td>2-200<\/td><td>0.06-8<\/td><td>1450<\/td><td>4-6<\/td><td>2\u00d70,4<\/td><td>45<\/td><td>2699\u00d7808\u00d7878<\/td><\/tr><tr><td>3DZSF525<\/td><td>500\u00d72500<\/td><td>1-6<\/td><td>2-200<\/td><td>0.06-8<\/td><td>960<\/td><td>6-8<\/td><td>2\u00d70,75<\/td><td>45-60<\/td><td>2750\u00d7808\u00d7938<\/td><\/tr><tr><td>4DZSF525<\/td><td>500\u00d72500<\/td><td>1-6<\/td><td>2-200<\/td><td>0.1-15<\/td><td>1450<\/td><td>5-7<\/td><td>2\u00d70,4<\/td><td>45<\/td><td>2813\u00d7808\u00d71000<\/td><\/tr><tr><td>5DZSF525<\/td><td>500\u00d72500<\/td><td>1-6<\/td><td>2-200<\/td><td>0.08-15<\/td><td>1450<\/td><td>5-7<\/td><td>2\u00d70,4<\/td><td>45<\/td><td>2883\u00d7808\u00d71060<\/td><\/tr><tr><td>6DZSF525<\/td><td>500\u00d72500<\/td><td>1-6<\/td><td>2-200<\/td><td>0.07-15<\/td><td>960<\/td><td>6-8<\/td><td>2\u00d70,75<\/td><td>45-60<\/td><td>2953\u00d7808\u00d71120<\/td><\/tr><tr><td>DZSF1020<\/td><td>1000\u00d72000<\/td><td>1<\/td><td>2-200<\/td><td>0.12-20<\/td><td>960<\/td><td>6-8<\/td><td>2\u00d70,75<\/td><td>45-60<\/td><td>2152\u00d71320\u00d7900<\/td><\/tr><tr><td>2DZSF1020<\/td><td>1000\u00d72000<\/td><td>2<\/td><td>2-200<\/td><td>0.11-20<\/td><td>960<\/td><td>5-7<\/td><td>2\u00d70,75<\/td><td>45-60<\/td><td>2219\u00d71320\u00d7960<\/td><\/tr><tr><td>3DZSF1020<\/td><td>1000\u00d72000<\/td><td>3<\/td><td>2-200<\/td><td>0.10-2<\/td><td>960<\/td><td>5-7<\/td><td>2\u00d70,75<\/td><td>45-60<\/td><td>2286\u00d71320\u00d71030<\/td><\/tr><tr><td>4DZSF1020<\/td><td>1000\u00d72000<\/td><td>4<\/td><td>2-200<\/td><td>0.07-15<\/td><td>960<\/td><td>4-8<\/td><td>2\u00d70,75<\/td><td>45-60<\/td><td>2353\u00d71320\u00d71100<\/td><\/tr><tr><td>5DZSF1020<\/td><td>1000\u00d72000<\/td><td>5<\/td><td>2-200<\/td><td>0.07-15<\/td><td>960<\/td><td>4-8<\/td><td>2\u00d71,5<\/td><td>45-60<\/td><td>2420\u00d71320\u00d71160<\/td><\/tr><tr><td>6DZSF1020<\/td><td>1000\u00d72000<\/td><td>6<\/td><td>2-200<\/td><td>0.07-15<\/td><td>960<\/td><td>4-8<\/td><td>2\u00d71,5<\/td><td>45-60<\/td><td>2487\u00d71320\u00d71220<\/td><\/tr><tr><td>DZSF1025<\/td><td>1000\u00d72500<\/td><td>1<\/td><td>2-200<\/td><td>0.1-15<\/td><td>1450<\/td><td>5-7<\/td><td>2\u00d70,4<\/td><td>45<\/td><td>2203\u00d71320\u00d7900<\/td><\/tr><tr><td>2DZSF1025<\/td><td>1000\u00d72500<\/td><td>2<\/td><td>2-200<\/td><td>0.08-15<\/td><td>1450<\/td><td>5-7<\/td><td>2\u00d70,4<\/td><td>45<\/td><td>2269\u00d71320\u00d7960<\/td><\/tr><tr><td>3DZSF1025<\/td><td>1000\u00d72500<\/td><td>3<\/td><td>2-200<\/td><td>0.07-15<\/td><td>960<\/td><td>6-8<\/td><td>2\u00d70,75<\/td><td>45-60<\/td><td>2336\u00d71320\u00d71030<\/td><\/tr><tr><td>DZSF830<\/td><td>800\u00d73000<\/td><td>1<\/td><td>2-200<\/td><td>0.1-20<\/td><td>960<\/td><td>6-8<\/td><td>2\u00d70,75<\/td><td>45-60<\/td><td>3080\u00d71098\u00d71120<\/td><\/tr><tr><td>2DZSF830<\/td><td>800\u00d73000<\/td><td>2<\/td><td>2-200<\/td><td>0.1-20<\/td><td>960<\/td><td>6-8<\/td><td>2\u00d70,75<\/td><td>45-60<\/td><td>3140\u00d71098\u00d71180<\/td><\/tr><tr><td>3DZSF830<\/td><td>800\u00d73000<\/td><td>3<\/td><td>2-200<\/td><td>0.1-20<\/td><td>960<\/td><td>6-8<\/td><td>2\u00d71,5<\/td><td>45-60<\/td><td>3200\u00d71098\u00d71240<\/td><\/tr><tr><td>DZSF1030<\/td><td>1000\u00d73000<\/td><td>1<\/td><td>2-200<\/td><td>0.1-20<\/td><td>960<\/td><td>6-8<\/td><td>2\u00d70,75<\/td><td>45-60<\/td><td>3152\u00d71340\u00d71120<\/td><\/tr><tr><td>2DZSF1030<\/td><td>1000\u00d73000<\/td><td>2<\/td><td>2-200<\/td><td>0.1-20<\/td><td>960<\/td><td>6-8<\/td><td>2\u00d71,5<\/td><td>45-60<\/td><td>3219\u00d71340\u00d71120<\/td><\/tr><tr><td>3DZSF1030<\/td><td>1000\u00d73000<\/td><td>3<\/td><td>2-200<\/td><td>0.1-20<\/td><td>960<\/td><td>6-8<\/td><td>2\u00d71,5<\/td><td>45-60<\/td><td>3286\u00d71340\u00d71120<\/td><\/tr><tr><td>DZSF1224<\/td><td>1200\u00d72400<\/td><td>1<\/td><td>2-200<\/td><td>0.1-23<\/td><td>960<\/td><td>6-8<\/td><td>2\u00d70,75<\/td><td>45-60<\/td><td>2480\u00d71520\u00d71100<\/td><\/tr><tr><td>2DZSF1224<\/td><td>1200\u00d72400<\/td><td>2<\/td><td>2-200<\/td><td>0.1-23<\/td><td>960<\/td><td>6-8<\/td><td>2\u00d70,75<\/td><td>45-60<\/td><td>2540\u00d71520\u00d71160<\/td><\/tr><tr><td>3DZSF1224<\/td><td>1200\u00d72400<\/td><td>3<\/td><td>2-200<\/td><td>0.1-23<\/td><td>960<\/td><td>6-8<\/td><td>2\u00d71,5<\/td><td>45-60<\/td><td>2600\u00d71520\u00d71220<\/td><\/tr><\/tbody><\/table><\/figure>\n\n\n<div class=\"gb-container gb-container-263d9700\">\n\n<a class=\"gb-button gb-button-a4cbb7be gb-button-text\" href=\"#popmake-622\">Obtener presupuesto gratuito<\/a>\n\n<\/div>\n<\/div>\n<\/div>","protected":false},"excerpt":{"rendered":"<p>Linear\u00a0vibrating\u00a0screen Application of linear\u00a0vibrating\u00a0screen It is suitable for any dry material screening from 0.74mm-5mm., the largest particle size is 10mm. It is widely used in chemical, food, plastics, pharmaceuticals, metallurgy, glass, building materials, food, fertilizers, abrasives, ceramics and other industries. 1)Chemical industry: resin pigment, medicine, grease, paint, palette, etc. 2)Abrasive material and ceramic industry: building &#8230; <\/p>\n<p class=\"read-more-container\"><a title=\"4-1. \u00a0Criba vibratoria lineal\" class=\"read-more button\" href=\"https:\/\/hengxingmachinery.com\/es\/linear-vibrating-screen\/#more-2588\" aria-label=\"Leer m\u00e1s sobre 4-1. \u00a0Linear\u00a0vibrating\u00a0screen\">Leer m\u00e1s<\/a><\/p>","protected":false},"author":1,"featured_media":0,"parent":0,"menu_order":0,"comment_status":"closed","ping_status":"closed","template":"","meta":{"footnotes":""},"class_list":["post-2588","page","type-page","status-publish"],"yoast_head":"<!-- This site is optimized with the Yoast SEO plugin v27.4 - https:\/\/yoast.com\/product\/yoast-seo-wordpress\/ -->\n<title>4-1. \u00a0Linear\u00a0vibrating\u00a0screen - Hengxing Machinery<\/title>\n<meta name=\"robots\" content=\"index, follow, max-snippet:-1, max-image-preview:large, max-video-preview:-1\" \/>\n<link rel=\"canonical\" href=\"https:\/\/hengxingmachinery.com\/es\/linear-vibrating-screen\/\" \/>\n<meta property=\"og:locale\" content=\"es_ES\" \/>\n<meta property=\"og:type\" content=\"article\" \/>\n<meta property=\"og:title\" content=\"4-1. \u00a0Linear\u00a0vibrating\u00a0screen - Hengxing Machinery\" \/>\n<meta property=\"og:description\" content=\"Linear\u00a0vibrating\u00a0screen Application of linear\u00a0vibrating\u00a0screen It is suitable for any dry material screening from 0.74mm-5mm., the largest particle size is 10mm. It is widely used in chemical, food, plastics, pharmaceuticals, metallurgy, glass, building materials, food, fertilizers, abrasives, ceramics and other industries. 1)Chemical industry: resin pigment, medicine, grease, paint, palette, etc. 2)Abrasive material and ceramic industry: building ... Leer m\u00e1s\" \/>\n<meta property=\"og:url\" content=\"https:\/\/hengxingmachinery.com\/es\/linear-vibrating-screen\/\" \/>\n<meta property=\"og:site_name\" content=\"Hengxing Machinery\" \/>\n<meta property=\"article:modified_time\" content=\"2025-03-21T09:41:18+00:00\" \/>\n<meta property=\"og:image\" content=\"https:\/\/hengxingmachinery.com\/wp-content\/uploads\/2025\/03\/linear-vibrating-screen-machine.jpg\" \/>\n<meta name=\"twitter:card\" content=\"summary_large_image\" \/>\n<meta name=\"twitter:label1\" content=\"Tiempo de lectura\" \/>\n\t<meta name=\"twitter:data1\" content=\"4 minutos\" \/>\n<script type=\"application\/ld+json\" class=\"yoast-schema-graph\">{\"@context\":\"https:\\\/\\\/schema.org\",\"@graph\":[{\"@type\":\"WebPage\",\"@id\":\"https:\\\/\\\/hengxingmachinery.com\\\/linear-vibrating-screen\\\/\",\"url\":\"https:\\\/\\\/hengxingmachinery.com\\\/linear-vibrating-screen\\\/\",\"name\":\"4-1. \u00a0Linear\u00a0vibrating\u00a0screen - Hengxing Machinery\",\"isPartOf\":{\"@id\":\"https:\\\/\\\/hengxingmachinery.com\\\/#website\"},\"primaryImageOfPage\":{\"@id\":\"https:\\\/\\\/hengxingmachinery.com\\\/linear-vibrating-screen\\\/#primaryimage\"},\"image\":{\"@id\":\"https:\\\/\\\/hengxingmachinery.com\\\/linear-vibrating-screen\\\/#primaryimage\"},\"thumbnailUrl\":\"https:\\\/\\\/hengxingmachinery.com\\\/wp-content\\\/uploads\\\/2025\\\/03\\\/linear-vibrating-screen-machine.jpg\",\"datePublished\":\"2025-03-21T09:41:17+00:00\",\"dateModified\":\"2025-03-21T09:41:18+00:00\",\"breadcrumb\":{\"@id\":\"https:\\\/\\\/hengxingmachinery.com\\\/linear-vibrating-screen\\\/#breadcrumb\"},\"inLanguage\":\"es\",\"potentialAction\":[{\"@type\":\"ReadAction\",\"target\":[\"https:\\\/\\\/hengxingmachinery.com\\\/linear-vibrating-screen\\\/\"]}]},{\"@type\":\"ImageObject\",\"inLanguage\":\"es\",\"@id\":\"https:\\\/\\\/hengxingmachinery.com\\\/linear-vibrating-screen\\\/#primaryimage\",\"url\":\"https:\\\/\\\/hengxingmachinery.com\\\/wp-content\\\/uploads\\\/2025\\\/03\\\/linear-vibrating-screen-machine.jpg\",\"contentUrl\":\"https:\\\/\\\/hengxingmachinery.com\\\/wp-content\\\/uploads\\\/2025\\\/03\\\/linear-vibrating-screen-machine.jpg\"},{\"@type\":\"BreadcrumbList\",\"@id\":\"https:\\\/\\\/hengxingmachinery.com\\\/linear-vibrating-screen\\\/#breadcrumb\",\"itemListElement\":[{\"@type\":\"ListItem\",\"position\":1,\"name\":\"Home\",\"item\":\"https:\\\/\\\/hengxingmachinery.com\\\/\"},{\"@type\":\"ListItem\",\"position\":2,\"name\":\"4-1. \u00a0Linear\u00a0vibrating\u00a0screen\"}]},{\"@type\":\"WebSite\",\"@id\":\"https:\\\/\\\/hengxingmachinery.com\\\/#website\",\"url\":\"https:\\\/\\\/hengxingmachinery.com\\\/\",\"name\":\"Hengxing Machinery\",\"description\":\"Leading Manufacturer of All Sorts of Mining Machinery\",\"publisher\":{\"@id\":\"https:\\\/\\\/hengxingmachinery.com\\\/#organization\"},\"potentialAction\":[{\"@type\":\"SearchAction\",\"target\":{\"@type\":\"EntryPoint\",\"urlTemplate\":\"https:\\\/\\\/hengxingmachinery.com\\\/?s={search_term_string}\"},\"query-input\":{\"@type\":\"PropertyValueSpecification\",\"valueRequired\":true,\"valueName\":\"search_term_string\"}}],\"inLanguage\":\"es\"},{\"@type\":\"Organization\",\"@id\":\"https:\\\/\\\/hengxingmachinery.com\\\/#organization\",\"name\":\"Hengxing Machinery\",\"url\":\"https:\\\/\\\/hengxingmachinery.com\\\/\",\"logo\":{\"@type\":\"ImageObject\",\"inLanguage\":\"es\",\"@id\":\"https:\\\/\\\/hengxingmachinery.com\\\/#\\\/schema\\\/logo\\\/image\\\/\",\"url\":\"https:\\\/\\\/hengxingmachinery.com\\\/wp-content\\\/uploads\\\/2024\\\/12\\\/logo.png\",\"contentUrl\":\"https:\\\/\\\/hengxingmachinery.com\\\/wp-content\\\/uploads\\\/2024\\\/12\\\/logo.png\",\"width\":400,\"height\":260,\"caption\":\"Hengxing Machinery\"},\"image\":{\"@id\":\"https:\\\/\\\/hengxingmachinery.com\\\/#\\\/schema\\\/logo\\\/image\\\/\"}}]}<\/script>\n<!-- \/ Yoast SEO plugin. -->","yoast_head_json":{"title":"4-1. \u00a0Criba vibratoria lineal - Hengxing Machinery","robots":{"index":"index","follow":"follow","max-snippet":"max-snippet:-1","max-image-preview":"max-image-preview:large","max-video-preview":"max-video-preview:-1"},"canonical":"https:\/\/hengxingmachinery.com\/es\/linear-vibrating-screen\/","og_locale":"es_ES","og_type":"article","og_title":"4-1. \u00a0Linear\u00a0vibrating\u00a0screen - Hengxing Machinery","og_description":"Linear\u00a0vibrating\u00a0screen Application of linear\u00a0vibrating\u00a0screen It is suitable for any dry material screening from 0.74mm-5mm., the largest particle size is 10mm. It is widely used in chemical, food, plastics, pharmaceuticals, metallurgy, glass, building materials, food, fertilizers, abrasives, ceramics and other industries. 1)Chemical industry: resin pigment, medicine, grease, paint, palette, etc. 2)Abrasive material and ceramic industry: building ... Leer m\u00e1s","og_url":"https:\/\/hengxingmachinery.com\/es\/linear-vibrating-screen\/","og_site_name":"Hengxing Machinery","article_modified_time":"2025-03-21T09:41:18+00:00","og_image":[{"url":"https:\/\/hengxingmachinery.com\/wp-content\/uploads\/2025\/03\/linear-vibrating-screen-machine.jpg","type":"","width":"","height":""}],"twitter_card":"summary_large_image","twitter_misc":{"Tiempo de lectura":"4 minutos"},"schema":{"@context":"https:\/\/schema.org","@graph":[{"@type":"WebPage","@id":"https:\/\/hengxingmachinery.com\/linear-vibrating-screen\/","url":"https:\/\/hengxingmachinery.com\/linear-vibrating-screen\/","name":"4-1. \u00a0Criba vibratoria lineal - Hengxing Machinery","isPartOf":{"@id":"https:\/\/hengxingmachinery.com\/#website"},"primaryImageOfPage":{"@id":"https:\/\/hengxingmachinery.com\/linear-vibrating-screen\/#primaryimage"},"image":{"@id":"https:\/\/hengxingmachinery.com\/linear-vibrating-screen\/#primaryimage"},"thumbnailUrl":"https:\/\/hengxingmachinery.com\/wp-content\/uploads\/2025\/03\/linear-vibrating-screen-machine.jpg","datePublished":"2025-03-21T09:41:17+00:00","dateModified":"2025-03-21T09:41:18+00:00","breadcrumb":{"@id":"https:\/\/hengxingmachinery.com\/linear-vibrating-screen\/#breadcrumb"},"inLanguage":"es","potentialAction":[{"@type":"ReadAction","target":["https:\/\/hengxingmachinery.com\/linear-vibrating-screen\/"]}]},{"@type":"ImageObject","inLanguage":"es","@id":"https:\/\/hengxingmachinery.com\/linear-vibrating-screen\/#primaryimage","url":"https:\/\/hengxingmachinery.com\/wp-content\/uploads\/2025\/03\/linear-vibrating-screen-machine.jpg","contentUrl":"https:\/\/hengxingmachinery.com\/wp-content\/uploads\/2025\/03\/linear-vibrating-screen-machine.jpg"},{"@type":"BreadcrumbList","@id":"https:\/\/hengxingmachinery.com\/linear-vibrating-screen\/#breadcrumb","itemListElement":[{"@type":"ListItem","position":1,"name":"Home","item":"https:\/\/hengxingmachinery.com\/"},{"@type":"ListItem","position":2,"name":"4-1. \u00a0Linear\u00a0vibrating\u00a0screen"}]},{"@type":"WebSite","@id":"https:\/\/hengxingmachinery.com\/#website","url":"https:\/\/hengxingmachinery.com\/","name":"Maquinaria Hengxing","description":"Fabricante l\u00edder de todo tipo de maquinaria minera","publisher":{"@id":"https:\/\/hengxingmachinery.com\/#organization"},"potentialAction":[{"@type":"SearchAction","target":{"@type":"EntryPoint","urlTemplate":"https:\/\/hengxingmachinery.com\/?s={search_term_string}"},"query-input":{"@type":"PropertyValueSpecification","valueRequired":true,"valueName":"search_term_string"}}],"inLanguage":"es"},{"@type":"Organization","@id":"https:\/\/hengxingmachinery.com\/#organization","name":"Maquinaria Hengxing","url":"https:\/\/hengxingmachinery.com\/","logo":{"@type":"ImageObject","inLanguage":"es","@id":"https:\/\/hengxingmachinery.com\/#\/schema\/logo\/image\/","url":"https:\/\/hengxingmachinery.com\/wp-content\/uploads\/2024\/12\/logo.png","contentUrl":"https:\/\/hengxingmachinery.com\/wp-content\/uploads\/2024\/12\/logo.png","width":400,"height":260,"caption":"Hengxing Machinery"},"image":{"@id":"https:\/\/hengxingmachinery.com\/#\/schema\/logo\/image\/"}}]}},"_links":{"self":[{"href":"https:\/\/hengxingmachinery.com\/es\/wp-json\/wp\/v2\/pages\/2588","targetHints":{"allow":["GET"]}}],"collection":[{"href":"https:\/\/hengxingmachinery.com\/es\/wp-json\/wp\/v2\/pages"}],"about":[{"href":"https:\/\/hengxingmachinery.com\/es\/wp-json\/wp\/v2\/types\/page"}],"author":[{"embeddable":true,"href":"https:\/\/hengxingmachinery.com\/es\/wp-json\/wp\/v2\/users\/1"}],"replies":[{"embeddable":true,"href":"https:\/\/hengxingmachinery.com\/es\/wp-json\/wp\/v2\/comments?post=2588"}],"version-history":[{"count":3,"href":"https:\/\/hengxingmachinery.com\/es\/wp-json\/wp\/v2\/pages\/2588\/revisions"}],"predecessor-version":[{"id":2625,"href":"https:\/\/hengxingmachinery.com\/es\/wp-json\/wp\/v2\/pages\/2588\/revisions\/2625"}],"wp:attachment":[{"href":"https:\/\/hengxingmachinery.com\/es\/wp-json\/wp\/v2\/media?parent=2588"}],"curies":[{"name":"wp","href":"https:\/\/api.w.org\/{rel}","templated":true}]}}