{"id":2787,"date":"2025-04-11T06:55:57","date_gmt":"2025-04-11T06:55:57","guid":{"rendered":"https:\/\/hengxingmachinery.com\/?page_id=2787"},"modified":"2025-04-11T08:57:29","modified_gmt":"2025-04-11T08:57:29","slug":"silica-sand-ball-mill","status":"publish","type":"page","link":"https:\/\/hengxingmachinery.com\/es\/silica-sand-ball-mill\/","title":{"rendered":"3-1. Molino de bolas para arena de s\u00edlice"},"content":{"rendered":"<div class=\"gb-container gb-container-45165f5a\">\n<div class=\"gb-container gb-container-c2652eb4\">\n\n<h1 class=\"gb-headline gb-headline-62a8b2cc gb-headline-text\">Molino de bolas para arena de s\u00edlice<\/h1>\n\n<\/div>\n<\/div>\n\n<div class=\"gb-container gb-container-519cf624\">\n<div class=\"gb-container gb-container-71ca071e\">\n<div class=\"gb-grid-wrapper gb-grid-wrapper-8a5f0688\">\n<div class=\"gb-grid-column gb-grid-column-1e99b1c2\"><div class=\"gb-container gb-container-1e99b1c2\">\n\n<figure class=\"gb-block-image gb-block-image-e4eaba54\"><img decoding=\"async\" width=\"665\" height=\"545\" class=\"gb-image gb-image-e4eaba54\" src=\"https:\/\/hengxingmachinery.com\/wp-content\/uploads\/2025\/04\/silica-sand-grinding-ball-mill.jpg\" alt=\"\" title=\"Molino de bolas para molienda de arena de s\u00edlice\" srcset=\"https:\/\/hengxingmachinery.com\/wp-content\/uploads\/2025\/04\/silica-sand-grinding-ball-mill.jpg 665w, https:\/\/hengxingmachinery.com\/wp-content\/uploads\/2025\/04\/silica-sand-grinding-ball-mill-300x246.jpg 300w, https:\/\/hengxingmachinery.com\/wp-content\/uploads\/2025\/04\/silica-sand-grinding-ball-mill-15x12.jpg 15w\" sizes=\"(max-width: 665px) 100vw, 665px\" \/><\/figure>\n\n<\/div><\/div>\n\n<div class=\"gb-grid-column gb-grid-column-bcae065b\"><div class=\"gb-container gb-container-bcae065b\">\n\n<p class=\"gb-headline gb-headline-e419680e gb-headline-text\">Un molino de bolas para arena de s\u00edlice es una m\u00e1quina industrial especializada de molienda que procesa arena de s\u00edlice de alta pureza (SiO\u2082) hasta obtener tama\u00f1os de part\u00edcula finamente controlados (t\u00edpicamente 20-200 mallas) para aplicaciones cr\u00edticas como la fabricaci\u00f3n de vidrio, moldes de fundici\u00f3n y materiales fotovoltaicos. <\/p>\n\n\n\n<p>Dise\u00f1ado para soportar la extrema dureza y abrasividad de la s\u00edlice, utiliza c\u00e1maras giratorias llenas de bolas de acero que trituran y refinan la arena cruda mediante colisi\u00f3n y fricci\u00f3n. <\/p>\n\n\n\n<p>Los operadores ajustan par\u00e1metros como la velocidad de rotaci\u00f3n, el tiempo de molienda y las proporciones de bolas a material para lograr distribuciones de part\u00edculas precisas, garantizando la uniformidad requerida por industrias que exigen pureza y homogeneidad. <\/p>\n\n\n\n<p>Los modelos modernos mejoran la eficiencia con dise\u00f1os de ahorro energ\u00e9tico, revestimientos resistentes al desgaste y sistemas de control adaptativo, haci\u00e9ndolo indispensable para transformar la s\u00edlice cruda en productos industriales de alto valor.<\/p>\n\n\n<div class=\"gb-grid-wrapper gb-grid-wrapper-eebec76e\">\n<div class=\"gb-grid-column gb-grid-column-e3ada2f0\"><div class=\"gb-container gb-container-e3ada2f0\">\n\n<p class=\"gb-headline gb-headline-4c79a90a gb-headline-text\"><mark style=\"background-color:rgba(0, 0, 0, 0)\" class=\"has-inline-color has-global-color-8-color\"><strong>Potencia del motor:<\/strong><\/mark>18.5-4500Kw<\/p>\n\n<\/div><\/div>\n\n<div class=\"gb-grid-column gb-grid-column-0bb00826\"><div class=\"gb-container gb-container-0bb00826\">\n\n<p class=\"gb-headline gb-headline-86d53f56 gb-headline-text\"><mark style=\"background-color:rgba(0, 0, 0, 0)\" class=\"has-inline-color has-global-color-8-color\"><strong>Capacidad:<\/strong><\/mark> 0.65-615t\/h<\/p>\n\n<\/div><\/div>\n<\/div>\n\n<div class=\"gb-container gb-container-256e15f1\">\n\n<a class=\"gb-button gb-button-e8b73d89 gb-button-text\" href=\"#popmake-622\">Obtener presupuesto gratuito<\/a>\n\n<\/div>\n<\/div><\/div>\n<\/div>\n<\/div>\n<\/div>\n\n<div class=\"gb-container gb-container-8d8b4afc\">\n<div class=\"gb-container gb-container-f2c44112\">\n\n<h2 class=\"gb-headline gb-headline-602757fa gb-headline-text\">Caracter\u00edsticas del molino de bolas para arena de s\u00edlice<\/h2>\n\n\n\n<figure class=\"gb-block-image gb-block-image-db4c5409\"><img decoding=\"async\" width=\"500\" height=\"450\" class=\"gb-image gb-image-db4c5409\" src=\"https:\/\/hengxingmachinery.com\/wp-content\/uploads\/2025\/04\/silica-sand-ball-mill-for-sale-1.jpg\" alt=\"\" title=\"Molino de bolas para arena de s\u00edlice en venta\" srcset=\"https:\/\/hengxingmachinery.com\/wp-content\/uploads\/2025\/04\/silica-sand-ball-mill-for-sale-1.jpg 500w, https:\/\/hengxingmachinery.com\/wp-content\/uploads\/2025\/04\/silica-sand-ball-mill-for-sale-1-300x270.jpg 300w, https:\/\/hengxingmachinery.com\/wp-content\/uploads\/2025\/04\/silica-sand-ball-mill-for-sale-1-13x12.jpg 13w\" sizes=\"(max-width: 500px) 100vw, 500px\" \/><\/figure>\n\n\n\n<p><strong>1. <\/strong> \u200b<strong>\u200bAlta eficiencia\u200b<\/strong>\u200b: Utiliza bolas de acero para lograr una molienda r\u00e1pida y uniforme.<\/p>\n\n\n\n<p>\u200b<strong>\u200b2. Tama\u00f1o de part\u00edcula ajustable\u200b<\/strong>\u200b: La salida puede calibrarse (t\u00edpicamente 20-200 mallas) ajustando la velocidad, el tiempo de molienda y la proporci\u00f3n de bolas a material.<\/p>\n\n\n\n<p>\u200b<strong>\u200b3. Dise\u00f1o de ahorro energ\u00e9tico\u200b<\/strong>\u200b: Los sistemas de transmisi\u00f3n optimizados reducen el consumo de energ\u00eda por tonelada.<\/p>\n\n\n\n<p>\u200b<strong>\u200b4. Durabilidad\u200b<\/strong>\u200b: Los revestimientos resistentes al desgaste (por ejemplo, acero de alto manganeso o cer\u00e1mica) soportan la abrasividad de la arena de s\u00edlice.<\/p>\n\n\n\n<p>5. <strong>\u200b5. Flexibilidad del proceso\u200b<\/strong>\u200b: Admite m\u00e9todos de molienda tanto en seco como en h\u00famedo.<\/p>\n\n\n<div class=\"gb-container gb-container-63dc3c06\">\n\n<a class=\"gb-button gb-button-a6821353 gb-button-text\" href=\"#popmake-622\">Obtener presupuesto gratuito<\/a>\n\n<\/div>\n<\/div>\n<\/div>\n\n<div class=\"gb-container gb-container-b24071b3\">\n<div class=\"gb-container gb-container-60584794\">\n\n<h2 class=\"gb-headline gb-headline-5e7d8f8c gb-headline-text\">Principio de funcionamiento del molino de bolas para arena de s\u00edlice<\/h2>\n\n\n\n<figure class=\"gb-block-image gb-block-image-a7119939\"><img decoding=\"async\" width=\"665\" height=\"545\" class=\"gb-image gb-image-a7119939\" src=\"https:\/\/hengxingmachinery.com\/wp-content\/uploads\/2025\/04\/silica-sand-grinding-ball-mill-1.jpg\" alt=\"\" title=\"Molino de bolas para molienda de arena de s\u00edlice\" srcset=\"https:\/\/hengxingmachinery.com\/wp-content\/uploads\/2025\/04\/silica-sand-grinding-ball-mill-1.jpg 665w, https:\/\/hengxingmachinery.com\/wp-content\/uploads\/2025\/04\/silica-sand-grinding-ball-mill-1-300x246.jpg 300w, https:\/\/hengxingmachinery.com\/wp-content\/uploads\/2025\/04\/silica-sand-grinding-ball-mill-1-15x12.jpg 15w\" sizes=\"(max-width: 665px) 100vw, 665px\" \/><\/figure>\n\n\n\n<p>El molino de bolas para arena de s\u00edlice opera en tres etapas:<\/p>\n\n\n\n<p><strong>1. \u200bAlimentaci\u00f3n\u200b: <\/strong>La arena de s\u00edlice cruda se introduce en una c\u00e1mara cil\u00edndrica giratoria.<\/p>\n\n\n\n<p><strong>2.<\/strong> \u200b<strong>\u200b2. Molienda\u200b<\/strong>\u200b<strong>:<\/strong><\/p>\n\n\n\n<ul class=\"wp-block-list\">\n<li>El cilindro gira a una velocidad controlada, elevando las bolas de acero a una altura espec\u00edfica antes de que caigan en cascada.<\/li>\n<\/ul>\n\n\n\n<ul class=\"wp-block-list\">\n<li>El impacto y la fricci\u00f3n entre las bolas y la arena de s\u00edlice reducen las part\u00edculas a tama\u00f1os m\u00e1s finos.<\/li>\n<\/ul>\n\n\n\n<p>\u200b<strong>\u200b3. Descarga\u200b<\/strong>\u200b<strong>:<\/strong> El polvo molido pasa a trav\u00e9s de una rejilla de descarga, mientras que las part\u00edculas de tama\u00f1o excesivo contin\u00faan moli\u00e9ndose.<\/p>\n\n\n\n<p>\u200b<strong>\u200bPar\u00e1metros cr\u00edticos\u200b:<\/strong><\/p>\n\n\n\n<ul class=\"wp-block-list\">\n<li>\u200b<strong>\u200bVelocidad de rotaci\u00f3n\u200b<\/strong>\u200b: 65\u201380% de la velocidad cr\u00edtica (garantiza la cascada \u00f3ptima de las bolas).<\/li>\n<\/ul>\n\n\n\n<ul class=\"wp-block-list\">\n<li>\u200b<strong>\u200bCarga de bolas\u200b<\/strong>\u200b: 30\u201340% del volumen de la c\u00e1mara.<\/li>\n<\/ul>\n\n\n\n<ul class=\"wp-block-list\">\n<li>\u200b<strong>\u200bProporci\u00f3n material-bolas\u200b<\/strong>\u200b: Se ajusta seg\u00fan la finura objetivo.<\/li>\n<\/ul>\n\n\n<div class=\"gb-container gb-container-1f0dc6f2\">\n\n<a class=\"gb-button gb-button-6c09f29e gb-button-text\" href=\"#popmake-622\">Obtener presupuesto gratuito<\/a>\n\n<\/div>\n<\/div>\n<\/div>\n\n<div class=\"gb-container gb-container-435ad261\">\n<div class=\"gb-container gb-container-7dc79cc4\">\n\n<h2 class=\"gb-headline gb-headline-6fe5dee2 gb-headline-text\">Especificaciones del molino de bolas para arena de s\u00edlice<\/h2>\n\n\n\n<figure class=\"wp-block-table is-style-stripes\"><table class=\"has-fixed-layout\"><tbody><tr><th>Especificaci\u00f3n(mm)<\/th><th>Capacidad (t\/h)<\/th><th>Velocidad de Rotaci\u00f3n(r\/min)<\/th><th>Carga de Medios de Molienda(t)<\/th><th>Tama\u00f1o de Salida(mm)<\/th><th>Potencia del motor (kW)<\/th><th>Peso (t)<\/th><\/tr><tr><td>\u03c6900\u00d71800<\/td><td>0.65-2<\/td><td>36<\/td><td>1.5<\/td><td>0.075-0.89<\/td><td>18.5<\/td><td>5.85<\/td><\/tr><tr><td>\u03c6900\u00d73000<\/td><td>1.1-3.5<\/td><td>38<\/td><td>2.7<\/td><td>0.075-0.89<\/td><td>22<\/td><td>6.98<\/td><\/tr><tr><td>\u03c61500\u00d73000<\/td><td>2-5<\/td><td>29.7<\/td><td>7.5<\/td><td>0.074-0.4<\/td><td>75<\/td><td>19.5<\/td><\/tr><tr><td>\u03c61500\u00d75700<\/td><td>3.5-6<\/td><td>27<\/td><td>12<\/td><td>0.074-0.4<\/td><td>130<\/td><td>25.8<\/td><\/tr><tr><td>\u03c61830\u00d73000<\/td><td>4-10<\/td><td>25.4<\/td><td>11<\/td><td>0.074-0.4<\/td><td>130<\/td><td>34.5<\/td><\/tr><tr><td>\u03c61830\u00d76400<\/td><td>6.5-15<\/td><td>24.1<\/td><td>21<\/td><td>0.074-0.4<\/td><td>210<\/td><td>43<\/td><\/tr><tr><td>\u03c62100\u00d73000<\/td><td>6.5-36<\/td><td>23.7<\/td><td>15<\/td><td>0.074-0.4<\/td><td>155<\/td><td>45<\/td><\/tr><tr><td>\u03c62200\u00d74500<\/td><td>9-45<\/td><td>21.5<\/td><td>27<\/td><td>0.074-0.4<\/td><td>280<\/td><td>54.5<\/td><\/tr><tr><td>\u03c62200\u00d76500<\/td><td>14-26<\/td><td>21.7<\/td><td>35<\/td><td>0.074-0.4<\/td><td>380<\/td><td>61<\/td><\/tr><tr><td>\u03c62200\u00d77000<\/td><td>15-28<\/td><td>21.7<\/td><td>35<\/td><td>0.074-0.4<\/td><td>380<\/td><td>62.5<\/td><\/tr><tr><td>\u03c62200\u00d77500<\/td><td>15-30<\/td><td>21.7<\/td><td>35<\/td><td>0.074-0.4<\/td><td>380<\/td><td>64.8<\/td><\/tr><tr><td>\u03c62400\u00d73000<\/td><td>7-50<\/td><td>21<\/td><td>23<\/td><td>0.074-0.4<\/td><td>245<\/td><td>58<\/td><\/tr><tr><td>\u03c62700\u00d74000<\/td><td>22-80<\/td><td>20.7<\/td><td>40<\/td><td>0.074-0.4<\/td><td>380<\/td><td>95<\/td><\/tr><tr><td>\u03c62700\u00d74500<\/td><td>26-90<\/td><td>20.7<\/td><td>48<\/td><td>0.074-0.4<\/td><td>480<\/td><td>102<\/td><\/tr><tr><td>\u03c64500\u00d76400<\/td><td>84-306<\/td><td>15.6<\/td><td>172<\/td><td>0.074-0.4<\/td><td>2000<\/td><td>280<\/td><\/tr><tr><td>\u03c65500\u00d78500<\/td><td>148-615<\/td><td>13.8<\/td><td>338<\/td><td>0.074-0.4<\/td><td>4500<\/td><td>525<\/td><\/tr><\/tbody><\/table><\/figure>\n\n\n<div class=\"gb-container gb-container-263d9700\">\n\n<a class=\"gb-button gb-button-a4cbb7be gb-button-text\" href=\"#popmake-622\">Obtener presupuesto gratuito<\/a>\n\n<\/div>\n<\/div>\n<\/div>","protected":false},"excerpt":{"rendered":"<p>Silica sand ball mill Silica sand ball mill features 1. \u200b\u200bHigh Efficiency\u200b\u200b: Utilizes steel balls to achieve rapid and uniform grinding. \u200b\u200b2. Adjustable Particle Size\u200b\u200b: Output can be tuned (typically 20-200 mesh) by adjusting speed, grinding time, and ball-to-material ratio. \u200b\u200b3. Energy-Saving Design\u200b\u200b: Optimized transmission systems reduce power consumption per ton. \u200b\u200b4. Durability\u200b\u200b: Wear-resistant liners &#8230; <\/p>\n<p class=\"read-more-container\"><a title=\"3-1. Molino de bolas para arena de s\u00edlice\" class=\"read-more button\" href=\"https:\/\/hengxingmachinery.com\/es\/silica-sand-ball-mill\/#more-2787\" aria-label=\"Leer m\u00e1s sobre 3-1. Silica sand ball mill\">Leer m\u00e1s<\/a><\/p>","protected":false},"author":1,"featured_media":0,"parent":0,"menu_order":0,"comment_status":"closed","ping_status":"closed","template":"","meta":{"footnotes":""},"class_list":["post-2787","page","type-page","status-publish"],"yoast_head":"<!-- This site is optimized with the Yoast SEO plugin v27.5 - https:\/\/yoast.com\/product\/yoast-seo-wordpress\/ -->\n<title>3-1. Silica sand ball mill - Hengxing Machinery<\/title>\n<meta name=\"robots\" content=\"index, follow, max-snippet:-1, max-image-preview:large, max-video-preview:-1\" \/>\n<link rel=\"canonical\" href=\"https:\/\/hengxingmachinery.com\/es\/silica-sand-ball-mill\/\" \/>\n<meta property=\"og:locale\" content=\"es_ES\" \/>\n<meta property=\"og:type\" content=\"article\" \/>\n<meta property=\"og:title\" content=\"3-1. Silica sand ball mill - Hengxing Machinery\" \/>\n<meta property=\"og:description\" content=\"Silica sand ball mill Silica sand ball mill features 1. \u200b\u200bHigh Efficiency\u200b\u200b: Utilizes steel balls to achieve rapid and uniform grinding. \u200b\u200b2. Adjustable Particle Size\u200b\u200b: Output can be tuned (typically 20-200 mesh) by adjusting speed, grinding time, and ball-to-material ratio. \u200b\u200b3. Energy-Saving Design\u200b\u200b: Optimized transmission systems reduce power consumption per ton. \u200b\u200b4. Durability\u200b\u200b: Wear-resistant liners ... Leer m\u00e1s\" \/>\n<meta property=\"og:url\" content=\"https:\/\/hengxingmachinery.com\/es\/silica-sand-ball-mill\/\" \/>\n<meta property=\"og:site_name\" content=\"Hengxing Machinery\" \/>\n<meta property=\"article:modified_time\" content=\"2025-04-11T08:57:29+00:00\" \/>\n<meta property=\"og:image\" content=\"https:\/\/hengxingmachinery.com\/wp-content\/uploads\/2025\/04\/silica-sand-grinding-ball-mill.jpg\" \/>\n<meta name=\"twitter:card\" content=\"summary_large_image\" \/>\n<meta name=\"twitter:label1\" content=\"Tiempo de lectura\" \/>\n\t<meta name=\"twitter:data1\" content=\"3 minutos\" \/>\n<script type=\"application\/ld+json\" class=\"yoast-schema-graph\">{\"@context\":\"https:\\\/\\\/schema.org\",\"@graph\":[{\"@type\":\"WebPage\",\"@id\":\"https:\\\/\\\/hengxingmachinery.com\\\/silica-sand-ball-mill\\\/\",\"url\":\"https:\\\/\\\/hengxingmachinery.com\\\/silica-sand-ball-mill\\\/\",\"name\":\"3-1. Silica sand ball mill - Hengxing Machinery\",\"isPartOf\":{\"@id\":\"https:\\\/\\\/hengxingmachinery.com\\\/#website\"},\"primaryImageOfPage\":{\"@id\":\"https:\\\/\\\/hengxingmachinery.com\\\/silica-sand-ball-mill\\\/#primaryimage\"},\"image\":{\"@id\":\"https:\\\/\\\/hengxingmachinery.com\\\/silica-sand-ball-mill\\\/#primaryimage\"},\"thumbnailUrl\":\"https:\\\/\\\/hengxingmachinery.com\\\/wp-content\\\/uploads\\\/2025\\\/04\\\/silica-sand-grinding-ball-mill.jpg\",\"datePublished\":\"2025-04-11T06:55:57+00:00\",\"dateModified\":\"2025-04-11T08:57:29+00:00\",\"breadcrumb\":{\"@id\":\"https:\\\/\\\/hengxingmachinery.com\\\/silica-sand-ball-mill\\\/#breadcrumb\"},\"inLanguage\":\"es\",\"potentialAction\":[{\"@type\":\"ReadAction\",\"target\":[\"https:\\\/\\\/hengxingmachinery.com\\\/silica-sand-ball-mill\\\/\"]}]},{\"@type\":\"ImageObject\",\"inLanguage\":\"es\",\"@id\":\"https:\\\/\\\/hengxingmachinery.com\\\/silica-sand-ball-mill\\\/#primaryimage\",\"url\":\"https:\\\/\\\/hengxingmachinery.com\\\/wp-content\\\/uploads\\\/2025\\\/04\\\/silica-sand-grinding-ball-mill.jpg\",\"contentUrl\":\"https:\\\/\\\/hengxingmachinery.com\\\/wp-content\\\/uploads\\\/2025\\\/04\\\/silica-sand-grinding-ball-mill.jpg\"},{\"@type\":\"BreadcrumbList\",\"@id\":\"https:\\\/\\\/hengxingmachinery.com\\\/silica-sand-ball-mill\\\/#breadcrumb\",\"itemListElement\":[{\"@type\":\"ListItem\",\"position\":1,\"name\":\"Home\",\"item\":\"https:\\\/\\\/hengxingmachinery.com\\\/\"},{\"@type\":\"ListItem\",\"position\":2,\"name\":\"3-1. Silica sand ball mill\"}]},{\"@type\":\"WebSite\",\"@id\":\"https:\\\/\\\/hengxingmachinery.com\\\/#website\",\"url\":\"https:\\\/\\\/hengxingmachinery.com\\\/\",\"name\":\"Hengxing Machinery\",\"description\":\"Leading Manufacturer of All Sorts of Mining Machinery\",\"publisher\":{\"@id\":\"https:\\\/\\\/hengxingmachinery.com\\\/#organization\"},\"potentialAction\":[{\"@type\":\"SearchAction\",\"target\":{\"@type\":\"EntryPoint\",\"urlTemplate\":\"https:\\\/\\\/hengxingmachinery.com\\\/?s={search_term_string}\"},\"query-input\":{\"@type\":\"PropertyValueSpecification\",\"valueRequired\":true,\"valueName\":\"search_term_string\"}}],\"inLanguage\":\"es\"},{\"@type\":\"Organization\",\"@id\":\"https:\\\/\\\/hengxingmachinery.com\\\/#organization\",\"name\":\"Hengxing Machinery\",\"url\":\"https:\\\/\\\/hengxingmachinery.com\\\/\",\"logo\":{\"@type\":\"ImageObject\",\"inLanguage\":\"es\",\"@id\":\"https:\\\/\\\/hengxingmachinery.com\\\/#\\\/schema\\\/logo\\\/image\\\/\",\"url\":\"https:\\\/\\\/hengxingmachinery.com\\\/wp-content\\\/uploads\\\/2024\\\/12\\\/logo.png\",\"contentUrl\":\"https:\\\/\\\/hengxingmachinery.com\\\/wp-content\\\/uploads\\\/2024\\\/12\\\/logo.png\",\"width\":400,\"height\":260,\"caption\":\"Hengxing Machinery\"},\"image\":{\"@id\":\"https:\\\/\\\/hengxingmachinery.com\\\/#\\\/schema\\\/logo\\\/image\\\/\"}}]}<\/script>\n<!-- \/ Yoast SEO plugin. -->","yoast_head_json":{"title":"3-1. Molino de bolas para arena de s\u00edlice - Hengxing Machinery","robots":{"index":"index","follow":"follow","max-snippet":"max-snippet:-1","max-image-preview":"max-image-preview:large","max-video-preview":"max-video-preview:-1"},"canonical":"https:\/\/hengxingmachinery.com\/es\/silica-sand-ball-mill\/","og_locale":"es_ES","og_type":"article","og_title":"3-1. Silica sand ball mill - Hengxing Machinery","og_description":"Silica sand ball mill Silica sand ball mill features 1. \u200b\u200bHigh Efficiency\u200b\u200b: Utilizes steel balls to achieve rapid and uniform grinding. \u200b\u200b2. Adjustable Particle Size\u200b\u200b: Output can be tuned (typically 20-200 mesh) by adjusting speed, grinding time, and ball-to-material ratio. \u200b\u200b3. Energy-Saving Design\u200b\u200b: Optimized transmission systems reduce power consumption per ton. \u200b\u200b4. Durability\u200b\u200b: Wear-resistant liners ... Leer m\u00e1s","og_url":"https:\/\/hengxingmachinery.com\/es\/silica-sand-ball-mill\/","og_site_name":"Hengxing Machinery","article_modified_time":"2025-04-11T08:57:29+00:00","og_image":[{"url":"https:\/\/hengxingmachinery.com\/wp-content\/uploads\/2025\/04\/silica-sand-grinding-ball-mill.jpg","type":"","width":"","height":""}],"twitter_card":"summary_large_image","twitter_misc":{"Tiempo de lectura":"3 minutos"},"schema":{"@context":"https:\/\/schema.org","@graph":[{"@type":"WebPage","@id":"https:\/\/hengxingmachinery.com\/silica-sand-ball-mill\/","url":"https:\/\/hengxingmachinery.com\/silica-sand-ball-mill\/","name":"3-1. Molino de bolas para arena de s\u00edlice - Hengxing Machinery","isPartOf":{"@id":"https:\/\/hengxingmachinery.com\/#website"},"primaryImageOfPage":{"@id":"https:\/\/hengxingmachinery.com\/silica-sand-ball-mill\/#primaryimage"},"image":{"@id":"https:\/\/hengxingmachinery.com\/silica-sand-ball-mill\/#primaryimage"},"thumbnailUrl":"https:\/\/hengxingmachinery.com\/wp-content\/uploads\/2025\/04\/silica-sand-grinding-ball-mill.jpg","datePublished":"2025-04-11T06:55:57+00:00","dateModified":"2025-04-11T08:57:29+00:00","breadcrumb":{"@id":"https:\/\/hengxingmachinery.com\/silica-sand-ball-mill\/#breadcrumb"},"inLanguage":"es","potentialAction":[{"@type":"ReadAction","target":["https:\/\/hengxingmachinery.com\/silica-sand-ball-mill\/"]}]},{"@type":"ImageObject","inLanguage":"es","@id":"https:\/\/hengxingmachinery.com\/silica-sand-ball-mill\/#primaryimage","url":"https:\/\/hengxingmachinery.com\/wp-content\/uploads\/2025\/04\/silica-sand-grinding-ball-mill.jpg","contentUrl":"https:\/\/hengxingmachinery.com\/wp-content\/uploads\/2025\/04\/silica-sand-grinding-ball-mill.jpg"},{"@type":"BreadcrumbList","@id":"https:\/\/hengxingmachinery.com\/silica-sand-ball-mill\/#breadcrumb","itemListElement":[{"@type":"ListItem","position":1,"name":"Home","item":"https:\/\/hengxingmachinery.com\/"},{"@type":"ListItem","position":2,"name":"3-1. Silica sand ball mill"}]},{"@type":"WebSite","@id":"https:\/\/hengxingmachinery.com\/#website","url":"https:\/\/hengxingmachinery.com\/","name":"Maquinaria Hengxing","description":"Fabricante l\u00edder de todo tipo de maquinaria minera","publisher":{"@id":"https:\/\/hengxingmachinery.com\/#organization"},"potentialAction":[{"@type":"SearchAction","target":{"@type":"EntryPoint","urlTemplate":"https:\/\/hengxingmachinery.com\/?s={search_term_string}"},"query-input":{"@type":"PropertyValueSpecification","valueRequired":true,"valueName":"search_term_string"}}],"inLanguage":"es"},{"@type":"Organization","@id":"https:\/\/hengxingmachinery.com\/#organization","name":"Maquinaria Hengxing","url":"https:\/\/hengxingmachinery.com\/","logo":{"@type":"ImageObject","inLanguage":"es","@id":"https:\/\/hengxingmachinery.com\/#\/schema\/logo\/image\/","url":"https:\/\/hengxingmachinery.com\/wp-content\/uploads\/2024\/12\/logo.png","contentUrl":"https:\/\/hengxingmachinery.com\/wp-content\/uploads\/2024\/12\/logo.png","width":400,"height":260,"caption":"Hengxing Machinery"},"image":{"@id":"https:\/\/hengxingmachinery.com\/#\/schema\/logo\/image\/"}}]}},"_links":{"self":[{"href":"https:\/\/hengxingmachinery.com\/es\/wp-json\/wp\/v2\/pages\/2787","targetHints":{"allow":["GET"]}}],"collection":[{"href":"https:\/\/hengxingmachinery.com\/es\/wp-json\/wp\/v2\/pages"}],"about":[{"href":"https:\/\/hengxingmachinery.com\/es\/wp-json\/wp\/v2\/types\/page"}],"author":[{"embeddable":true,"href":"https:\/\/hengxingmachinery.com\/es\/wp-json\/wp\/v2\/users\/1"}],"replies":[{"embeddable":true,"href":"https:\/\/hengxingmachinery.com\/es\/wp-json\/wp\/v2\/comments?post=2787"}],"version-history":[{"count":5,"href":"https:\/\/hengxingmachinery.com\/es\/wp-json\/wp\/v2\/pages\/2787\/revisions"}],"predecessor-version":[{"id":2823,"href":"https:\/\/hengxingmachinery.com\/es\/wp-json\/wp\/v2\/pages\/2787\/revisions\/2823"}],"wp:attachment":[{"href":"https:\/\/hengxingmachinery.com\/es\/wp-json\/wp\/v2\/media?parent=2787"}],"curies":[{"name":"wp","href":"https:\/\/api.w.org\/{rel}","templated":true}]}}