{"id":2803,"date":"2025-04-11T07:45:56","date_gmt":"2025-04-11T07:45:56","guid":{"rendered":"https:\/\/hengxingmachinery.com\/?page_id=2803"},"modified":"2025-04-11T09:00:04","modified_gmt":"2025-04-11T09:00:04","slug":"quartz-ball-mill","status":"publish","type":"page","link":"https:\/\/hengxingmachinery.com\/es\/quartz-ball-mill\/","title":{"rendered":"3-1. Molino de bolas de cuarzo"},"content":{"rendered":"<div class=\"gb-container gb-container-45165f5a\">\n<div class=\"gb-container gb-container-c2652eb4\">\n\n<h1 class=\"gb-headline gb-headline-62a8b2cc gb-headline-text\">Molino de bolas para cuarzo<\/h1>\n\n<\/div>\n<\/div>\n\n<div class=\"gb-container gb-container-519cf624\">\n<div class=\"gb-container gb-container-71ca071e\">\n<div class=\"gb-grid-wrapper gb-grid-wrapper-8a5f0688\">\n<div class=\"gb-grid-column gb-grid-column-1e99b1c2\"><div class=\"gb-container gb-container-1e99b1c2\">\n\n<figure class=\"gb-block-image gb-block-image-e4eaba54\"><img decoding=\"async\" width=\"665\" height=\"545\" class=\"gb-image gb-image-e4eaba54\" src=\"https:\/\/hengxingmachinery.com\/wp-content\/uploads\/2025\/04\/quartz-ball-milling-machine-supplier.jpg\" alt=\"\" title=\"proveedor de m\u00e1quina de molienda de bolas para cuarzo\" srcset=\"https:\/\/hengxingmachinery.com\/wp-content\/uploads\/2025\/04\/quartz-ball-milling-machine-supplier.jpg 665w, https:\/\/hengxingmachinery.com\/wp-content\/uploads\/2025\/04\/quartz-ball-milling-machine-supplier-300x246.jpg 300w, https:\/\/hengxingmachinery.com\/wp-content\/uploads\/2025\/04\/quartz-ball-milling-machine-supplier-15x12.jpg 15w\" sizes=\"(max-width: 665px) 100vw, 665px\" \/><\/figure>\n\n<\/div><\/div>\n\n<div class=\"gb-grid-column gb-grid-column-bcae065b\"><div class=\"gb-container gb-container-bcae065b\">\n\n<p>Un molino de bolas para cuarzo es una m\u00e1quina de molienda de ingenier\u00eda de precisi\u00f3n dise\u00f1ada espec\u00edficamente para procesar cuarzo cristalino (di\u00f3xido de silicio, SiO\u2082) en polvos finos con \u200b\u200btama\u00f1os de part\u00edcula estrictamente controlados\u200b\u200b (t\u00edpicamente 1\u2013200 \u03bcm). <\/p>\n\n\n\n<p>Reconocido por su capacidad para mantener \u200b\u200balta pureza del material\u200b\u200b y \u200b\u200bproducci\u00f3n consistente\u200b\u200b, aborda los desaf\u00edos planteados por la dureza inherente del cuarzo (7 en la escala de Mohs) y su inercia qu\u00edmica. <\/p>\n\n\n\n<p>Al ajustar par\u00e1metros operativos como la \u200b\u200bvelocidad de rotaci\u00f3n\u200b\u200b, el \u200b\u200btama\u00f1o de los medios de molienda\u200b\u200b y el \u200b\u200btiempo de procesamiento\u200b\u200b, el molino logra distribuciones de part\u00edculas a medida, haci\u00e9ndolo indispensable para aplicaciones que van desde el pulido de vidrio \u00f3ptico hasta composites cer\u00e1micos avanzados.<\/p>\n\n\n<div class=\"gb-grid-wrapper gb-grid-wrapper-eebec76e\">\n<div class=\"gb-grid-column gb-grid-column-e3ada2f0\"><div class=\"gb-container gb-container-e3ada2f0\">\n\n<p class=\"gb-headline gb-headline-4c79a90a gb-headline-text\"><mark style=\"background-color:rgba(0, 0, 0, 0)\" class=\"has-inline-color has-global-color-8-color\"><strong>Potencia del motor:<\/strong><\/mark>18.5-4500Kw<\/p>\n\n<\/div><\/div>\n\n<div class=\"gb-grid-column gb-grid-column-0bb00826\"><div class=\"gb-container gb-container-0bb00826\">\n\n<p class=\"gb-headline gb-headline-86d53f56 gb-headline-text\"><mark style=\"background-color:rgba(0, 0, 0, 0)\" class=\"has-inline-color has-global-color-8-color\"><strong>Capacidad:<\/strong><\/mark> 0.65-615t\/h<\/p>\n\n<\/div><\/div>\n<\/div>\n\n<div class=\"gb-container gb-container-256e15f1\">\n\n<a class=\"gb-button gb-button-e8b73d89 gb-button-text\" href=\"#popmake-622\">Obtener presupuesto gratuito<\/a>\n\n<\/div>\n<\/div><\/div>\n<\/div>\n<\/div>\n<\/div>\n\n<div class=\"gb-container gb-container-b24071b3\">\n<div class=\"gb-container gb-container-60584794\">\n\n<h2 class=\"gb-headline gb-headline-5e7d8f8c gb-headline-text\">Aplicaci\u00f3n del molino de bolas para cuarzo<\/h2>\n\n\n\n<p>\u200b<strong>\u200bElectr\u00f3nica y Semiconductores\u200b<\/strong>\u200b: Produce polvo de cuarzo ultrapuro para obleas de silicio y sustratos de microchips.<\/p>\n\n\n\n<p>\u200b<strong>\u200bEnerg\u00eda Solar\u200b<\/strong>\u200b: Muele cuarzo para la fabricaci\u00f3n de c\u00e9lulas fotovoltaicas.<\/p>\n\n\n\n<p>\u200b<strong>\u200bVidrio \u00d3ptico\u200b<\/strong>\u200b: Prepara polvo de cuarzo de alta transparencia para lentes y fibra \u00f3ptica.<\/p>\n\n\n\n<p>\u200b<strong>\u200bCer\u00e1micas y Refractarios\u200b<\/strong>\u200b: Procesa cuarzo para materiales resistentes al calor y esmaltes cer\u00e1micos.<\/p>\n\n\n\n<p>\u200b<strong>\u200bProductos Qu\u00edmicos\u200b<\/strong>\u200b: Se utiliza en la s\u00edntesis de compuestos de silicio como siliconas y silanos.<\/p>\n\n\n\n<p>\u200b<strong>\u200bAbrasivos\u200b<\/strong>\u200b: Fabrica polvos finos de cuarzo para herramientas de pulido y corte.<\/p>\n\n\n<div class=\"gb-container gb-container-1f0dc6f2\">\n\n<a class=\"gb-button gb-button-6c09f29e gb-button-text\" href=\"#popmake-622\">Obtener presupuesto gratuito<\/a>\n\n<\/div>\n<\/div>\n<\/div>\n\n<div class=\"gb-container gb-container-8d8b4afc\">\n<div class=\"gb-container gb-container-f2c44112\">\n\n<h2 class=\"gb-headline gb-headline-602757fa gb-headline-text\">Caracter\u00edsticas del molino de bolas para cuarzo<\/h2>\n\n\n\n<figure class=\"gb-block-image gb-block-image-db4c5409\"><img decoding=\"async\" width=\"1200\" height=\"580\" class=\"gb-image gb-image-db4c5409\" src=\"https:\/\/hengxingmachinery.com\/wp-content\/uploads\/2025\/04\/quartz-ball-milling-machine-3.jpg\" alt=\"\" title=\"m\u00e1quina de molienda de bolas para cuarzo\" srcset=\"https:\/\/hengxingmachinery.com\/wp-content\/uploads\/2025\/04\/quartz-ball-milling-machine-3.jpg 1200w, https:\/\/hengxingmachinery.com\/wp-content\/uploads\/2025\/04\/quartz-ball-milling-machine-3-300x145.jpg 300w, https:\/\/hengxingmachinery.com\/wp-content\/uploads\/2025\/04\/quartz-ball-milling-machine-3-1024x495.jpg 1024w, https:\/\/hengxingmachinery.com\/wp-content\/uploads\/2025\/04\/quartz-ball-milling-machine-3-768x371.jpg 768w, https:\/\/hengxingmachinery.com\/wp-content\/uploads\/2025\/04\/quartz-ball-milling-machine-3-18x9.jpg 18w\" sizes=\"(max-width: 1200px) 100vw, 1200px\" \/><\/figure>\n\n\n\n<p><strong>1. <\/strong>\u200b<strong>\u200bAlta Pureza\u200b<\/strong>\u200b: Los revestimientos cer\u00e1micos o de s\u00edlice evitan la contaminaci\u00f3n durante la molienda.<\/p>\n\n\n\n<p>\u200b<strong>\u200b2. Molienda de Precisi\u00f3n\u200b<\/strong>\u200b: Par\u00e1metros ajustables (velocidad, tiempo, tama\u00f1o de bolas) garantizan tama\u00f1os de part\u00edcula desde \u200b<strong>\u200b<\/strong>5 \u03bcm hasta 200 \u03bcm\u200b\u200b.<\/p>\n\n\n\n<p>\u200b<strong>\u200b3. Durabilidad\u200b<\/strong>\u200b: Resistente a la abrasi\u00f3n por la dureza del cuarzo (7 Mohs).<\/p>\n\n\n\n<p>\u200b<strong>\u200b4. Eficiencia Energ\u00e9tica\u200b<\/strong>\u200b: Sistemas de motor optimizados reducen el consumo de energ\u00eda.<\/p>\n\n\n\n<p>\u200b<strong>\u200b5. Versatilidad\u200b<\/strong>\u200b: Admite modos de molienda en seco y h\u00famedo.<\/p>\n\n\n<div class=\"gb-container gb-container-63dc3c06\">\n\n<a class=\"gb-button gb-button-a6821353 gb-button-text\" href=\"#popmake-622\">Obtener presupuesto gratuito<\/a>\n\n<\/div>\n<\/div>\n<\/div>\n\n<div class=\"gb-container gb-container-435ad261\">\n<div class=\"gb-container gb-container-7dc79cc4\">\n\n<h2 class=\"gb-headline gb-headline-6fe5dee2 gb-headline-text\">Especificaciones del molino de bolas para cuarzo<\/h2>\n\n\n\n<figure class=\"wp-block-table is-style-stripes\"><table class=\"has-fixed-layout\"><tbody><tr><th>Especificaci\u00f3n(mm)<\/th><th>Capacidad (t\/h)<\/th><th>Velocidad de Rotaci\u00f3n(r\/min)<\/th><th>Carga de Medios de Molienda(t)<\/th><th>Tama\u00f1o de Salida(mm)<\/th><th>Potencia del motor (kW)<\/th><th>Peso (t)<\/th><\/tr><tr><td>\u03c6900\u00d71800<\/td><td>0.65-2<\/td><td>36<\/td><td>1.5<\/td><td>0.075-0.89<\/td><td>18.5<\/td><td>5.85<\/td><\/tr><tr><td>\u03c6900\u00d73000<\/td><td>1.1-3.5<\/td><td>38<\/td><td>2.7<\/td><td>0.075-0.89<\/td><td>22<\/td><td>6.98<\/td><\/tr><tr><td>\u03c61500\u00d73000<\/td><td>2-5<\/td><td>29.7<\/td><td>7.5<\/td><td>0.074-0.4<\/td><td>75<\/td><td>19.5<\/td><\/tr><tr><td>\u03c61500\u00d75700<\/td><td>3.5-6<\/td><td>27<\/td><td>12<\/td><td>0.074-0.4<\/td><td>130<\/td><td>25.8<\/td><\/tr><tr><td>\u03c61830\u00d73000<\/td><td>4-10<\/td><td>25.4<\/td><td>11<\/td><td>0.074-0.4<\/td><td>130<\/td><td>34.5<\/td><\/tr><tr><td>\u03c61830\u00d76400<\/td><td>6.5-15<\/td><td>24.1<\/td><td>21<\/td><td>0.074-0.4<\/td><td>210<\/td><td>43<\/td><\/tr><tr><td>\u03c62100\u00d73000<\/td><td>6.5-36<\/td><td>23.7<\/td><td>15<\/td><td>0.074-0.4<\/td><td>155<\/td><td>45<\/td><\/tr><tr><td>\u03c62200\u00d74500<\/td><td>9-45<\/td><td>21.5<\/td><td>27<\/td><td>0.074-0.4<\/td><td>280<\/td><td>54.5<\/td><\/tr><tr><td>\u03c62200\u00d76500<\/td><td>14-26<\/td><td>21.7<\/td><td>35<\/td><td>0.074-0.4<\/td><td>380<\/td><td>61<\/td><\/tr><tr><td>\u03c62200\u00d77000<\/td><td>15-28<\/td><td>21.7<\/td><td>35<\/td><td>0.074-0.4<\/td><td>380<\/td><td>62.5<\/td><\/tr><tr><td>\u03c62200\u00d77500<\/td><td>15-30<\/td><td>21.7<\/td><td>35<\/td><td>0.074-0.4<\/td><td>380<\/td><td>64.8<\/td><\/tr><tr><td>\u03c62400\u00d73000<\/td><td>7-50<\/td><td>21<\/td><td>23<\/td><td>0.074-0.4<\/td><td>245<\/td><td>58<\/td><\/tr><tr><td>\u03c62700\u00d74000<\/td><td>22-80<\/td><td>20.7<\/td><td>40<\/td><td>0.074-0.4<\/td><td>380<\/td><td>95<\/td><\/tr><tr><td>\u03c62700\u00d74500<\/td><td>26-90<\/td><td>20.7<\/td><td>48<\/td><td>0.074-0.4<\/td><td>480<\/td><td>102<\/td><\/tr><tr><td>\u03c64500\u00d76400<\/td><td>84-306<\/td><td>15.6<\/td><td>172<\/td><td>0.074-0.4<\/td><td>2000<\/td><td>280<\/td><\/tr><tr><td>\u03c65500\u00d78500<\/td><td>148-615<\/td><td>13.8<\/td><td>338<\/td><td>0.074-0.4<\/td><td>4500<\/td><td>525<\/td><\/tr><\/tbody><\/table><\/figure>\n\n\n<div class=\"gb-container gb-container-263d9700\">\n\n<a class=\"gb-button gb-button-a4cbb7be gb-button-text\" href=\"#popmake-622\">Obtener presupuesto gratuito<\/a>\n\n<\/div>\n<\/div>\n<\/div>","protected":false},"excerpt":{"rendered":"<p>Quartz ball mill Quartz ball mill application \u200b\u200bElectronics &amp; Semiconductors\u200b\u200b: Produces ultra-pure quartz powder for silicon wafers and microchip substrates. \u200b\u200bSolar Energy\u200b\u200b: Grinds quartz for photovoltaic cell manufacturing. \u200b\u200bOptical Glass\u200b\u200b: Prepares high-transparency quartz powder for lenses and fiber optics. \u200b\u200bCeramics &amp; Refractories\u200b\u200b: Processes quartz for heat-resistant materials and ceramic glazes. \u200b\u200bChemicals\u200b\u200b: Used in synthesizing silicon &#8230; <\/p>\n<p class=\"read-more-container\"><a title=\"3-1. Molino de bolas de cuarzo\" class=\"read-more button\" href=\"https:\/\/hengxingmachinery.com\/es\/quartz-ball-mill\/#more-2803\" aria-label=\"Leer m\u00e1s sobre 3-1. Quartz ball mill\">Leer m\u00e1s<\/a><\/p>","protected":false},"author":1,"featured_media":0,"parent":0,"menu_order":0,"comment_status":"closed","ping_status":"closed","template":"","meta":{"footnotes":""},"class_list":["post-2803","page","type-page","status-publish"],"yoast_head":"<!-- This site is optimized with the Yoast SEO plugin v27.5 - https:\/\/yoast.com\/product\/yoast-seo-wordpress\/ -->\n<title>3-1. Quartz ball mill - Hengxing Machinery<\/title>\n<meta name=\"robots\" content=\"index, follow, max-snippet:-1, max-image-preview:large, max-video-preview:-1\" \/>\n<link rel=\"canonical\" href=\"https:\/\/hengxingmachinery.com\/es\/quartz-ball-mill\/\" \/>\n<meta property=\"og:locale\" content=\"es_ES\" \/>\n<meta property=\"og:type\" content=\"article\" \/>\n<meta property=\"og:title\" content=\"3-1. Quartz ball mill - Hengxing Machinery\" \/>\n<meta property=\"og:description\" content=\"Quartz ball mill Quartz ball mill application \u200b\u200bElectronics &amp; Semiconductors\u200b\u200b: Produces ultra-pure quartz powder for silicon wafers and microchip substrates. \u200b\u200bSolar Energy\u200b\u200b: Grinds quartz for photovoltaic cell manufacturing. \u200b\u200bOptical Glass\u200b\u200b: Prepares high-transparency quartz powder for lenses and fiber optics. \u200b\u200bCeramics &amp; Refractories\u200b\u200b: Processes quartz for heat-resistant materials and ceramic glazes. \u200b\u200bChemicals\u200b\u200b: Used in synthesizing silicon ... Leer m\u00e1s\" \/>\n<meta property=\"og:url\" content=\"https:\/\/hengxingmachinery.com\/es\/quartz-ball-mill\/\" \/>\n<meta property=\"og:site_name\" content=\"Hengxing Machinery\" \/>\n<meta property=\"article:modified_time\" content=\"2025-04-11T09:00:04+00:00\" \/>\n<meta property=\"og:image\" content=\"https:\/\/hengxingmachinery.com\/wp-content\/uploads\/2025\/04\/quartz-ball-milling-machine-supplier.jpg\" \/>\n<meta name=\"twitter:card\" content=\"summary_large_image\" \/>\n<meta name=\"twitter:label1\" content=\"Tiempo de lectura\" \/>\n\t<meta name=\"twitter:data1\" content=\"3 minutos\" \/>\n<script type=\"application\/ld+json\" class=\"yoast-schema-graph\">{\"@context\":\"https:\\\/\\\/schema.org\",\"@graph\":[{\"@type\":\"WebPage\",\"@id\":\"https:\\\/\\\/hengxingmachinery.com\\\/quartz-ball-mill\\\/\",\"url\":\"https:\\\/\\\/hengxingmachinery.com\\\/quartz-ball-mill\\\/\",\"name\":\"3-1. Quartz ball mill - Hengxing Machinery\",\"isPartOf\":{\"@id\":\"https:\\\/\\\/hengxingmachinery.com\\\/#website\"},\"primaryImageOfPage\":{\"@id\":\"https:\\\/\\\/hengxingmachinery.com\\\/quartz-ball-mill\\\/#primaryimage\"},\"image\":{\"@id\":\"https:\\\/\\\/hengxingmachinery.com\\\/quartz-ball-mill\\\/#primaryimage\"},\"thumbnailUrl\":\"https:\\\/\\\/hengxingmachinery.com\\\/wp-content\\\/uploads\\\/2025\\\/04\\\/quartz-ball-milling-machine-supplier.jpg\",\"datePublished\":\"2025-04-11T07:45:56+00:00\",\"dateModified\":\"2025-04-11T09:00:04+00:00\",\"breadcrumb\":{\"@id\":\"https:\\\/\\\/hengxingmachinery.com\\\/quartz-ball-mill\\\/#breadcrumb\"},\"inLanguage\":\"es\",\"potentialAction\":[{\"@type\":\"ReadAction\",\"target\":[\"https:\\\/\\\/hengxingmachinery.com\\\/quartz-ball-mill\\\/\"]}]},{\"@type\":\"ImageObject\",\"inLanguage\":\"es\",\"@id\":\"https:\\\/\\\/hengxingmachinery.com\\\/quartz-ball-mill\\\/#primaryimage\",\"url\":\"https:\\\/\\\/hengxingmachinery.com\\\/wp-content\\\/uploads\\\/2025\\\/04\\\/quartz-ball-milling-machine-supplier.jpg\",\"contentUrl\":\"https:\\\/\\\/hengxingmachinery.com\\\/wp-content\\\/uploads\\\/2025\\\/04\\\/quartz-ball-milling-machine-supplier.jpg\"},{\"@type\":\"BreadcrumbList\",\"@id\":\"https:\\\/\\\/hengxingmachinery.com\\\/quartz-ball-mill\\\/#breadcrumb\",\"itemListElement\":[{\"@type\":\"ListItem\",\"position\":1,\"name\":\"Home\",\"item\":\"https:\\\/\\\/hengxingmachinery.com\\\/\"},{\"@type\":\"ListItem\",\"position\":2,\"name\":\"3-1. Quartz ball mill\"}]},{\"@type\":\"WebSite\",\"@id\":\"https:\\\/\\\/hengxingmachinery.com\\\/#website\",\"url\":\"https:\\\/\\\/hengxingmachinery.com\\\/\",\"name\":\"Hengxing Machinery\",\"description\":\"Leading Manufacturer of All Sorts of Mining Machinery\",\"publisher\":{\"@id\":\"https:\\\/\\\/hengxingmachinery.com\\\/#organization\"},\"potentialAction\":[{\"@type\":\"SearchAction\",\"target\":{\"@type\":\"EntryPoint\",\"urlTemplate\":\"https:\\\/\\\/hengxingmachinery.com\\\/?s={search_term_string}\"},\"query-input\":{\"@type\":\"PropertyValueSpecification\",\"valueRequired\":true,\"valueName\":\"search_term_string\"}}],\"inLanguage\":\"es\"},{\"@type\":\"Organization\",\"@id\":\"https:\\\/\\\/hengxingmachinery.com\\\/#organization\",\"name\":\"Hengxing Machinery\",\"url\":\"https:\\\/\\\/hengxingmachinery.com\\\/\",\"logo\":{\"@type\":\"ImageObject\",\"inLanguage\":\"es\",\"@id\":\"https:\\\/\\\/hengxingmachinery.com\\\/#\\\/schema\\\/logo\\\/image\\\/\",\"url\":\"https:\\\/\\\/hengxingmachinery.com\\\/wp-content\\\/uploads\\\/2024\\\/12\\\/logo.png\",\"contentUrl\":\"https:\\\/\\\/hengxingmachinery.com\\\/wp-content\\\/uploads\\\/2024\\\/12\\\/logo.png\",\"width\":400,\"height\":260,\"caption\":\"Hengxing Machinery\"},\"image\":{\"@id\":\"https:\\\/\\\/hengxingmachinery.com\\\/#\\\/schema\\\/logo\\\/image\\\/\"}}]}<\/script>\n<!-- \/ Yoast SEO plugin. -->","yoast_head_json":{"title":"3-1. Molino de bolas de cuarzo - Maquinaria Hengxing","robots":{"index":"index","follow":"follow","max-snippet":"max-snippet:-1","max-image-preview":"max-image-preview:large","max-video-preview":"max-video-preview:-1"},"canonical":"https:\/\/hengxingmachinery.com\/es\/quartz-ball-mill\/","og_locale":"es_ES","og_type":"article","og_title":"3-1. Quartz ball mill - Hengxing Machinery","og_description":"Quartz ball mill Quartz ball mill application \u200b\u200bElectronics &amp; Semiconductors\u200b\u200b: Produces ultra-pure quartz powder for silicon wafers and microchip substrates. \u200b\u200bSolar Energy\u200b\u200b: Grinds quartz for photovoltaic cell manufacturing. \u200b\u200bOptical Glass\u200b\u200b: Prepares high-transparency quartz powder for lenses and fiber optics. \u200b\u200bCeramics &amp; Refractories\u200b\u200b: Processes quartz for heat-resistant materials and ceramic glazes. \u200b\u200bChemicals\u200b\u200b: Used in synthesizing silicon ... Leer m\u00e1s","og_url":"https:\/\/hengxingmachinery.com\/es\/quartz-ball-mill\/","og_site_name":"Hengxing Machinery","article_modified_time":"2025-04-11T09:00:04+00:00","og_image":[{"url":"https:\/\/hengxingmachinery.com\/wp-content\/uploads\/2025\/04\/quartz-ball-milling-machine-supplier.jpg","type":"","width":"","height":""}],"twitter_card":"summary_large_image","twitter_misc":{"Tiempo de lectura":"3 minutos"},"schema":{"@context":"https:\/\/schema.org","@graph":[{"@type":"WebPage","@id":"https:\/\/hengxingmachinery.com\/quartz-ball-mill\/","url":"https:\/\/hengxingmachinery.com\/quartz-ball-mill\/","name":"3-1. Molino de bolas de cuarzo - Maquinaria Hengxing","isPartOf":{"@id":"https:\/\/hengxingmachinery.com\/#website"},"primaryImageOfPage":{"@id":"https:\/\/hengxingmachinery.com\/quartz-ball-mill\/#primaryimage"},"image":{"@id":"https:\/\/hengxingmachinery.com\/quartz-ball-mill\/#primaryimage"},"thumbnailUrl":"https:\/\/hengxingmachinery.com\/wp-content\/uploads\/2025\/04\/quartz-ball-milling-machine-supplier.jpg","datePublished":"2025-04-11T07:45:56+00:00","dateModified":"2025-04-11T09:00:04+00:00","breadcrumb":{"@id":"https:\/\/hengxingmachinery.com\/quartz-ball-mill\/#breadcrumb"},"inLanguage":"es","potentialAction":[{"@type":"ReadAction","target":["https:\/\/hengxingmachinery.com\/quartz-ball-mill\/"]}]},{"@type":"ImageObject","inLanguage":"es","@id":"https:\/\/hengxingmachinery.com\/quartz-ball-mill\/#primaryimage","url":"https:\/\/hengxingmachinery.com\/wp-content\/uploads\/2025\/04\/quartz-ball-milling-machine-supplier.jpg","contentUrl":"https:\/\/hengxingmachinery.com\/wp-content\/uploads\/2025\/04\/quartz-ball-milling-machine-supplier.jpg"},{"@type":"BreadcrumbList","@id":"https:\/\/hengxingmachinery.com\/quartz-ball-mill\/#breadcrumb","itemListElement":[{"@type":"ListItem","position":1,"name":"Home","item":"https:\/\/hengxingmachinery.com\/"},{"@type":"ListItem","position":2,"name":"3-1. Quartz ball mill"}]},{"@type":"WebSite","@id":"https:\/\/hengxingmachinery.com\/#website","url":"https:\/\/hengxingmachinery.com\/","name":"Maquinaria Hengxing","description":"Fabricante l\u00edder de todo tipo de maquinaria minera","publisher":{"@id":"https:\/\/hengxingmachinery.com\/#organization"},"potentialAction":[{"@type":"SearchAction","target":{"@type":"EntryPoint","urlTemplate":"https:\/\/hengxingmachinery.com\/?s={search_term_string}"},"query-input":{"@type":"PropertyValueSpecification","valueRequired":true,"valueName":"search_term_string"}}],"inLanguage":"es"},{"@type":"Organization","@id":"https:\/\/hengxingmachinery.com\/#organization","name":"Maquinaria Hengxing","url":"https:\/\/hengxingmachinery.com\/","logo":{"@type":"ImageObject","inLanguage":"es","@id":"https:\/\/hengxingmachinery.com\/#\/schema\/logo\/image\/","url":"https:\/\/hengxingmachinery.com\/wp-content\/uploads\/2024\/12\/logo.png","contentUrl":"https:\/\/hengxingmachinery.com\/wp-content\/uploads\/2024\/12\/logo.png","width":400,"height":260,"caption":"Hengxing Machinery"},"image":{"@id":"https:\/\/hengxingmachinery.com\/#\/schema\/logo\/image\/"}}]}},"_links":{"self":[{"href":"https:\/\/hengxingmachinery.com\/es\/wp-json\/wp\/v2\/pages\/2803","targetHints":{"allow":["GET"]}}],"collection":[{"href":"https:\/\/hengxingmachinery.com\/es\/wp-json\/wp\/v2\/pages"}],"about":[{"href":"https:\/\/hengxingmachinery.com\/es\/wp-json\/wp\/v2\/types\/page"}],"author":[{"embeddable":true,"href":"https:\/\/hengxingmachinery.com\/es\/wp-json\/wp\/v2\/users\/1"}],"replies":[{"embeddable":true,"href":"https:\/\/hengxingmachinery.com\/es\/wp-json\/wp\/v2\/comments?post=2803"}],"version-history":[{"count":4,"href":"https:\/\/hengxingmachinery.com\/es\/wp-json\/wp\/v2\/pages\/2803\/revisions"}],"predecessor-version":[{"id":2830,"href":"https:\/\/hengxingmachinery.com\/es\/wp-json\/wp\/v2\/pages\/2803\/revisions\/2830"}],"wp:attachment":[{"href":"https:\/\/hengxingmachinery.com\/es\/wp-json\/wp\/v2\/media?parent=2803"}],"curies":[{"name":"wp","href":"https:\/\/api.w.org\/{rel}","templated":true}]}}