{"id":2936,"date":"2025-08-22T08:21:14","date_gmt":"2025-08-22T08:21:14","guid":{"rendered":"https:\/\/hengxingmachinery.com\/?page_id=2936"},"modified":"2025-08-22T08:22:50","modified_gmt":"2025-08-22T08:22:50","slug":"coal-powder-briquette-press-machine-ss","status":"publish","type":"page","link":"https:\/\/hengxingmachinery.com\/es\/coal-powder-briquette-press-machine-ss\/","title":{"rendered":"8-2. M\u00e1quina prensadora de briquetas de polvo de carb\u00f3n ss"},"content":{"rendered":"<div class=\"gb-container gb-container-45165f5a\">\n<div class=\"gb-container gb-container-c2652eb4\">\n\n<h1 class=\"gb-headline gb-headline-62a8b2cc gb-headline-text\">M\u00e1quina prensadora de briquetas de carb\u00f3n en polvo<\/h1>\n\n<\/div>\n<\/div>\n\n<div class=\"gb-container gb-container-519cf624\">\n<div class=\"gb-container gb-container-71ca071e\">\n<div class=\"gb-grid-wrapper gb-grid-wrapper-8a5f0688\">\n<div class=\"gb-grid-column gb-grid-column-1e99b1c2\"><div class=\"gb-container gb-container-1e99b1c2\">\n\n<figure class=\"gb-block-image gb-block-image-e4eaba54\"><img decoding=\"async\" width=\"665\" height=\"545\" class=\"gb-image gb-image-e4eaba54\" src=\"https:\/\/hengxingmachinery.com\/wp-content\/uploads\/2025\/03\/coal-powder-briquette-pressing-machine.jpg\" alt=\"\" title=\"M\u00e1quina de prensado de briquetas de polvo de carb\u00f3n\" srcset=\"https:\/\/hengxingmachinery.com\/wp-content\/uploads\/2025\/03\/coal-powder-briquette-pressing-machine.jpg 665w, https:\/\/hengxingmachinery.com\/wp-content\/uploads\/2025\/03\/coal-powder-briquette-pressing-machine-300x246.jpg 300w, https:\/\/hengxingmachinery.com\/wp-content\/uploads\/2025\/03\/coal-powder-briquette-pressing-machine-15x12.jpg 15w\" sizes=\"(max-width: 665px) 100vw, 665px\" \/><\/figure>\n\n<\/div><\/div>\n\n<div class=\"gb-grid-column gb-grid-column-bcae065b\"><div class=\"gb-container gb-container-bcae065b\">\n\n<p><\/p>\n\n\n<div class=\"gb-grid-wrapper gb-grid-wrapper-eebec76e\">\n<div class=\"gb-grid-column gb-grid-column-e3ada2f0\"><div class=\"gb-container gb-container-e3ada2f0\">\n\n<p class=\"gb-headline gb-headline-4c79a90a gb-headline-text\"><mark style=\"background-color:rgba(0, 0, 0, 0)\" class=\"has-inline-color has-global-color-8-color\"><strong>Capacidad:<\/strong><\/mark> 0.8-30 t\/h<\/p>\n\n\n\n<p><\/p>\n\n<\/div><\/div>\n\n<div class=\"gb-grid-column gb-grid-column-0bb00826\"><div class=\"gb-container gb-container-0bb00826\">\n\n<p class=\"gb-headline gb-headline-86d53f56 gb-headline-text\"><mark style=\"background-color:rgba(0, 0, 0, 0)\" class=\"has-inline-color has-global-color-8-color\"><strong><strong><strong>Potencia (Kw)<\/strong><\/strong>:<\/strong><\/mark> 5.5-130<\/p>\n\n\n\n<p><\/p>\n\n<\/div><\/div>\n<\/div>\n\n\n<p class=\"gb-headline gb-headline-2750f5a7 gb-headline-text\"><strong>Solicitud:<\/strong><\/p>\n\n\n\n<p><mark style=\"background-color:rgba(0, 0, 0, 0)\" class=\"has-inline-color has-contrast-color\">Una m\u00e1quina de briquetado de carb\u00f3n se utiliza para transformar finos de carb\u00f3n, finos de coque, polvo de carb\u00f3n vegetal, negro de humo, finos de mineral de hierro, finos de hierro fundido, cascarilla de laminaci\u00f3n, finos de mineral de manganeso y otros finos de materiales en briquetas. <\/mark><\/p>\n\n\n\n<p><mark style=\"background-color:rgba(0, 0, 0, 0)\" class=\"has-inline-color has-contrast-color\">Estas briquetas pueden dise\u00f1arse en forma ovalada, de huevo, de almohada, cuadrada, etc. Esta m\u00e1quina es ampliamente utilizada en la industria del carb\u00f3n y la industria metal\u00fargica.<\/mark><\/p>\n\n\n<div class=\"gb-container gb-container-256e15f1\">\n\n<a class=\"gb-button gb-button-e8b73d89 gb-button-text\" href=\"#popmake-622\">Obtener presupuesto gratuito<\/a>\n\n<\/div>\n<\/div><\/div>\n<\/div>\n<\/div>\n<\/div>\n\n<div class=\"gb-container gb-container-af5f8799\">\n<div class=\"gb-container gb-container-2298848b\">\n\n<h2 class=\"gb-headline gb-headline-9d27ad2c gb-headline-text\">Caracter\u00edsticas de la prensa de briquetas de polvo de carb\u00f3n<\/h2>\n\n\n\n<p>1. El material tiene un buen efecto de extrusi\u00f3n, alta tasa de formaci\u00f3n de bolas y alta resistencia de las bolas.<\/p>\n\n\n\n<p>2. Estructura compacta, peso ligero y larga vida \u00fatil.<\/p>\n\n\n\n<p>3. La optimizaci\u00f3n de la estructura principal de transmisi\u00f3n no solo facilita la fabricaci\u00f3n, instalaci\u00f3n, ajuste y mantenimiento, sino que tambi\u00e9n reduce el peso del equipo mientras garantiza plenamente la calidad. Al mismo tiempo, reduce la inversi\u00f3n del usuario en infraestructura.<\/p>\n\n\n\n<p>4. Desmoldeo suave, bajo nivel de ruido y menos polvo.<\/p>\n\n\n<div class=\"gb-container gb-container-d7b7b595\">\n\n<a class=\"gb-button gb-button-c1312760 gb-button-text\" href=\"#popmake-622\">Obtener presupuesto gratuito<\/a>\n\n<\/div>\n<\/div>\n<\/div>\n\n<div class=\"gb-container gb-container-ebd718b6\">\n<div class=\"gb-container gb-container-ae7c516c\">\n<div class=\"gb-container gb-container-5c75b960\">\n\n<h2 class=\"gb-headline gb-headline-98859344 gb-headline-text\">Principio de funcionamiento de la prensa de briquetas de polvo de carb\u00f3n<\/h2>\n\n\n\n<figure class=\"gb-block-image gb-block-image-56f3f481\"><img decoding=\"async\" width=\"600\" height=\"400\" class=\"gb-image gb-image-56f3f481\" src=\"https:\/\/hengxingmachinery.com\/wp-content\/uploads\/2025\/03\/coal-powder-briquette-press-machine-1.jpg\" alt=\"\" title=\"Prensa para briquetas de polvo de carb\u00f3n\" srcset=\"https:\/\/hengxingmachinery.com\/wp-content\/uploads\/2025\/03\/coal-powder-briquette-press-machine-1.jpg 600w, https:\/\/hengxingmachinery.com\/wp-content\/uploads\/2025\/03\/coal-powder-briquette-press-machine-1-300x200.jpg 300w, https:\/\/hengxingmachinery.com\/wp-content\/uploads\/2025\/03\/coal-powder-briquette-press-machine-1-18x12.jpg 18w\" sizes=\"(max-width: 600px) 100vw, 600px\" \/><\/figure>\n\n\n\n<p><\/p>\n\n\n\n<p>La m\u00e1quina de briquetas de polvo de carb\u00f3n desempe\u00f1a un papel importante en el proceso de conformado, y la rueda perfilada es la parte central del equipo. El equipo incluye un par de ruedas del mismo di\u00e1metro y ejes paralelos con un cierto espacio. En la rueda fundida hay cavidades hemisf\u00e9ricas con disposici\u00f3n regular, mismo tama\u00f1o y forma uniforme.<\/p>\n\n\n\n<p>Cuando el motor comienza a funcionar, el par de ruedas gira a la misma velocidad en direcciones opuestas. Cuando el material pasa por la uni\u00f3n del par de ruedas, se comprime y reduce su volumen bajo presi\u00f3n. Con la rotaci\u00f3n continua de la rueda de conformado, la cavidad de la bola se cierra lentamente, el material se somete a una fuerza mayor y el volumen se comprime a\u00fan m\u00e1s. <\/p>\n\n\n\n<p>Cuando la distancia entre las cavidades de las bolas es extremadamente corta, se alcanza una gran presi\u00f3n de conformado. Posteriormente, la rueda perfilada gira para aumentar gradualmente la distancia entre las cavidades de las bolas, y la presi\u00f3n de conformado disminuye gradualmente para lograr el objetivo de una extracci\u00f3n suave de las bolas.<\/p>\n\n\n<div class=\"gb-container gb-container-d6bbf16a\">\n\n<a class=\"gb-button gb-button-caa3f2bc gb-button-text\" href=\"#popmake-622\">Obtener presupuesto gratuito<\/a>\n\n<\/div>\n<\/div>\n<\/div>\n<\/div>\n\n<div class=\"gb-container gb-container-435ad261\">\n<div class=\"gb-container gb-container-7dc79cc4\">\n\n<h2 class=\"gb-headline gb-headline-6fe5dee2 gb-headline-text\">Especificaciones de la prensa de briquetas de polvo de carb\u00f3n<\/h2>\n\n\n\n<figure class=\"wp-block-table is-style-stripes\"><table class=\"has-fixed-layout\"><tbody><tr><td><strong>Modelo<\/strong>&nbsp;<\/td><td><strong>Reductor&nbsp;<\/strong><\/td><td><strong>Tama\u00f1o del rodillo&nbsp;<\/strong><\/td><td><strong>Potencia (Kw)<\/strong><\/td><td><strong>Rendimiento (t\/h)<\/strong><\/td><td><strong>Material del rodillo<\/strong><\/td><td><strong>Presi\u00f3n del rodillo (t\/cm)<\/strong><\/td><\/tr><tr><td>HX290<\/td><td>ZQ300<\/td><td>\u03a6290<\/td><td>5.5<\/td><td>0.8-2<\/td><td>65Mn<\/td><td>1<\/td><\/tr><tr><td>HX 360<\/td><td>ZQ350<\/td><td>\u03a6360<\/td><td>7.5<\/td><td>2-3.5<\/td><td>65Mn\/9Cr2Mo<\/td><td>1<\/td><\/tr><tr><td>HX 400<\/td><td>ZQ400<\/td><td>\u03a6400<\/td><td>11<\/td><td>4-5<\/td><td>65Mn\/9Cr2Mo<\/td><td>1<\/td><\/tr><tr><td>HX 430<\/td><td>ZQ400<\/td><td>\u03a6430<\/td><td>11<\/td><td>5-7<\/td><td>65Mn\/9Cr2Mo<\/td><td>1-2<\/td><\/tr><tr><td>HX 500<\/td><td>ZQ500<\/td><td>\u03a6500<\/td><td>18.5-30<\/td><td>6-8<\/td><td>65Mn\/9Cr2Mo<\/td><td>1-2.5<\/td><\/tr><tr><td>HX 650<\/td><td>ZQ650<\/td><td>\u03a6650<\/td><td>22<\/td><td>8-12<\/td><td>65Mn\/9Cr2Mo<\/td><td>1-2.5<\/td><\/tr><tr><td>HX 750<\/td><td>ZQ750<\/td><td>\u03a6750<\/td><td>30-75<\/td><td>12-18<\/td><td>65Mn\/9Cr2Mo<\/td><td>1-2.5<\/td><\/tr><tr><td>HX 850<\/td><td>ZQ850<\/td><td>\u03a6850<\/td><td>55-90<\/td><td>18-25<\/td><td>65Mn\/9Cr2Mo<\/td><td>1-2.5<\/td><\/tr><tr><td>HX 1000<\/td><td>ZQ1000<\/td><td>\u03a61000<\/td><td>75-130<\/td><td>25-30<\/td><td>65Mn\/9Cr2Mo<\/td><td>2-2.5<\/td><\/tr><\/tbody><\/table><\/figure>\n\n\n<div class=\"gb-container gb-container-263d9700\">\n\n<a class=\"gb-button gb-button-a4cbb7be gb-button-text\" href=\"#popmake-622\">Obtener presupuesto gratuito<\/a>\n\n<\/div>\n<\/div>\n<\/div>","protected":false},"excerpt":{"rendered":"<p>El material tiene un buen efecto de extrusi\u00f3n, alta tasa de formaci\u00f3n de bolas y alta resistencia de las bolas. <\/p>\n<p class=\"read-more-container\"><a title=\"8-2. M\u00e1quina prensadora de briquetas de polvo de carb\u00f3n ss\" class=\"read-more button\" href=\"https:\/\/hengxingmachinery.com\/es\/coal-powder-briquette-press-machine-ss\/#more-2936\" aria-label=\"Leer m\u00e1s sobre 8-2. Prensadora de briquetas de polvo de carb\u00f3n ss\">Leer m\u00e1s<\/a><\/p>","protected":false},"author":1,"featured_media":0,"parent":0,"menu_order":0,"comment_status":"closed","ping_status":"closed","template":"","meta":{"footnotes":""},"class_list":["post-2936","page","type-page","status-publish"],"yoast_head":"<!-- This site is optimized with the Yoast SEO plugin v27.3 - https:\/\/yoast.com\/product\/yoast-seo-wordpress\/ -->\n<title>8-2. Coal powder briquette press machine ss - Hengxing Machinery<\/title>\n<meta name=\"robots\" content=\"noindex, follow\" \/>\n<meta property=\"og:locale\" content=\"es_ES\" \/>\n<meta property=\"og:type\" content=\"article\" \/>\n<meta property=\"og:title\" content=\"8-2. Coal powder briquette press machine ss - Hengxing Machinery\" \/>\n<meta property=\"og:description\" content=\"Coal powder briquette press machine Characteristics of coal powder briquette press machine 1. The material has a good extrusion effect, high ball formation rate and high ball strength. 2. Compact structure, light weight and long life. 3. The optimization of the main transmission structure not only facilitates manufacturing, installation, adjustment, and maintenance but also reduces ... Leer m\u00e1s\" \/>\n<meta property=\"og:url\" content=\"https:\/\/hengxingmachinery.com\/es\/coal-powder-briquette-press-machine-ss\/\" \/>\n<meta property=\"og:site_name\" content=\"Hengxing Machinery\" \/>\n<meta property=\"article:modified_time\" content=\"2025-08-22T08:22:50+00:00\" \/>\n<meta property=\"og:image\" content=\"https:\/\/hengxingmachinery.com\/wp-content\/uploads\/2025\/03\/coal-powder-briquette-pressing-machine.jpg\" \/>\n<meta name=\"twitter:card\" content=\"summary_large_image\" \/>\n<meta name=\"twitter:label1\" content=\"Tiempo de lectura\" \/>\n\t<meta name=\"twitter:data1\" content=\"3 minutos\" \/>\n<script type=\"application\/ld+json\" class=\"yoast-schema-graph\">{\"@context\":\"https:\\\/\\\/schema.org\",\"@graph\":[{\"@type\":\"WebPage\",\"@id\":\"https:\\\/\\\/hengxingmachinery.com\\\/coal-powder-briquette-press-machine-ss\\\/\",\"url\":\"https:\\\/\\\/hengxingmachinery.com\\\/coal-powder-briquette-press-machine-ss\\\/\",\"name\":\"8-2. Coal powder briquette press machine ss - Hengxing Machinery\",\"isPartOf\":{\"@id\":\"https:\\\/\\\/hengxingmachinery.com\\\/#website\"},\"primaryImageOfPage\":{\"@id\":\"https:\\\/\\\/hengxingmachinery.com\\\/coal-powder-briquette-press-machine-ss\\\/#primaryimage\"},\"image\":{\"@id\":\"https:\\\/\\\/hengxingmachinery.com\\\/coal-powder-briquette-press-machine-ss\\\/#primaryimage\"},\"thumbnailUrl\":\"https:\\\/\\\/hengxingmachinery.com\\\/wp-content\\\/uploads\\\/2025\\\/03\\\/coal-powder-briquette-pressing-machine.jpg\",\"datePublished\":\"2025-08-22T08:21:14+00:00\",\"dateModified\":\"2025-08-22T08:22:50+00:00\",\"breadcrumb\":{\"@id\":\"https:\\\/\\\/hengxingmachinery.com\\\/coal-powder-briquette-press-machine-ss\\\/#breadcrumb\"},\"inLanguage\":\"es\",\"potentialAction\":[{\"@type\":\"ReadAction\",\"target\":[\"https:\\\/\\\/hengxingmachinery.com\\\/coal-powder-briquette-press-machine-ss\\\/\"]}]},{\"@type\":\"ImageObject\",\"inLanguage\":\"es\",\"@id\":\"https:\\\/\\\/hengxingmachinery.com\\\/coal-powder-briquette-press-machine-ss\\\/#primaryimage\",\"url\":\"https:\\\/\\\/hengxingmachinery.com\\\/wp-content\\\/uploads\\\/2025\\\/03\\\/coal-powder-briquette-pressing-machine.jpg\",\"contentUrl\":\"https:\\\/\\\/hengxingmachinery.com\\\/wp-content\\\/uploads\\\/2025\\\/03\\\/coal-powder-briquette-pressing-machine.jpg\"},{\"@type\":\"BreadcrumbList\",\"@id\":\"https:\\\/\\\/hengxingmachinery.com\\\/coal-powder-briquette-press-machine-ss\\\/#breadcrumb\",\"itemListElement\":[{\"@type\":\"ListItem\",\"position\":1,\"name\":\"Home\",\"item\":\"https:\\\/\\\/hengxingmachinery.com\\\/\"},{\"@type\":\"ListItem\",\"position\":2,\"name\":\"8-2. Coal powder briquette press machine ss\"}]},{\"@type\":\"WebSite\",\"@id\":\"https:\\\/\\\/hengxingmachinery.com\\\/#website\",\"url\":\"https:\\\/\\\/hengxingmachinery.com\\\/\",\"name\":\"Hengxing Machinery\",\"description\":\"Leading Manufacturer of All Sorts of Mining Machinery\",\"publisher\":{\"@id\":\"https:\\\/\\\/hengxingmachinery.com\\\/#organization\"},\"potentialAction\":[{\"@type\":\"SearchAction\",\"target\":{\"@type\":\"EntryPoint\",\"urlTemplate\":\"https:\\\/\\\/hengxingmachinery.com\\\/?s={search_term_string}\"},\"query-input\":{\"@type\":\"PropertyValueSpecification\",\"valueRequired\":true,\"valueName\":\"search_term_string\"}}],\"inLanguage\":\"es\"},{\"@type\":\"Organization\",\"@id\":\"https:\\\/\\\/hengxingmachinery.com\\\/#organization\",\"name\":\"Hengxing Machinery\",\"url\":\"https:\\\/\\\/hengxingmachinery.com\\\/\",\"logo\":{\"@type\":\"ImageObject\",\"inLanguage\":\"es\",\"@id\":\"https:\\\/\\\/hengxingmachinery.com\\\/#\\\/schema\\\/logo\\\/image\\\/\",\"url\":\"https:\\\/\\\/hengxingmachinery.com\\\/wp-content\\\/uploads\\\/2024\\\/12\\\/logo.png\",\"contentUrl\":\"https:\\\/\\\/hengxingmachinery.com\\\/wp-content\\\/uploads\\\/2024\\\/12\\\/logo.png\",\"width\":400,\"height\":260,\"caption\":\"Hengxing Machinery\"},\"image\":{\"@id\":\"https:\\\/\\\/hengxingmachinery.com\\\/#\\\/schema\\\/logo\\\/image\\\/\"}}]}<\/script>\n<!-- \/ Yoast SEO plugin. -->","yoast_head_json":{"title":"8-2. M\u00e1quina prensadora de briquetas de polvo de carb\u00f3n ss - Maquinaria Hengxing","robots":{"index":"noindex","follow":"follow"},"og_locale":"es_ES","og_type":"article","og_title":"8-2. Coal powder briquette press machine ss - Hengxing Machinery","og_description":"Coal powder briquette press machine Characteristics of coal powder briquette press machine 1. The material has a good extrusion effect, high ball formation rate and high ball strength. 2. Compact structure, light weight and long life. 3. The optimization of the main transmission structure not only facilitates manufacturing, installation, adjustment, and maintenance but also reduces ... Leer m\u00e1s","og_url":"https:\/\/hengxingmachinery.com\/es\/coal-powder-briquette-press-machine-ss\/","og_site_name":"Hengxing Machinery","article_modified_time":"2025-08-22T08:22:50+00:00","og_image":[{"url":"https:\/\/hengxingmachinery.com\/wp-content\/uploads\/2025\/03\/coal-powder-briquette-pressing-machine.jpg","type":"","width":"","height":""}],"twitter_card":"summary_large_image","twitter_misc":{"Tiempo de lectura":"3 minutos"},"schema":{"@context":"https:\/\/schema.org","@graph":[{"@type":"WebPage","@id":"https:\/\/hengxingmachinery.com\/coal-powder-briquette-press-machine-ss\/","url":"https:\/\/hengxingmachinery.com\/coal-powder-briquette-press-machine-ss\/","name":"8-2. M\u00e1quina prensadora de briquetas de polvo de carb\u00f3n ss - Maquinaria Hengxing","isPartOf":{"@id":"https:\/\/hengxingmachinery.com\/#website"},"primaryImageOfPage":{"@id":"https:\/\/hengxingmachinery.com\/coal-powder-briquette-press-machine-ss\/#primaryimage"},"image":{"@id":"https:\/\/hengxingmachinery.com\/coal-powder-briquette-press-machine-ss\/#primaryimage"},"thumbnailUrl":"https:\/\/hengxingmachinery.com\/wp-content\/uploads\/2025\/03\/coal-powder-briquette-pressing-machine.jpg","datePublished":"2025-08-22T08:21:14+00:00","dateModified":"2025-08-22T08:22:50+00:00","breadcrumb":{"@id":"https:\/\/hengxingmachinery.com\/coal-powder-briquette-press-machine-ss\/#breadcrumb"},"inLanguage":"es","potentialAction":[{"@type":"ReadAction","target":["https:\/\/hengxingmachinery.com\/coal-powder-briquette-press-machine-ss\/"]}]},{"@type":"ImageObject","inLanguage":"es","@id":"https:\/\/hengxingmachinery.com\/coal-powder-briquette-press-machine-ss\/#primaryimage","url":"https:\/\/hengxingmachinery.com\/wp-content\/uploads\/2025\/03\/coal-powder-briquette-pressing-machine.jpg","contentUrl":"https:\/\/hengxingmachinery.com\/wp-content\/uploads\/2025\/03\/coal-powder-briquette-pressing-machine.jpg"},{"@type":"BreadcrumbList","@id":"https:\/\/hengxingmachinery.com\/coal-powder-briquette-press-machine-ss\/#breadcrumb","itemListElement":[{"@type":"ListItem","position":1,"name":"Home","item":"https:\/\/hengxingmachinery.com\/"},{"@type":"ListItem","position":2,"name":"8-2. Coal powder briquette press machine ss"}]},{"@type":"WebSite","@id":"https:\/\/hengxingmachinery.com\/#website","url":"https:\/\/hengxingmachinery.com\/","name":"Maquinaria Hengxing","description":"Fabricante l\u00edder de todo tipo de maquinaria minera","publisher":{"@id":"https:\/\/hengxingmachinery.com\/#organization"},"potentialAction":[{"@type":"SearchAction","target":{"@type":"EntryPoint","urlTemplate":"https:\/\/hengxingmachinery.com\/?s={search_term_string}"},"query-input":{"@type":"PropertyValueSpecification","valueRequired":true,"valueName":"search_term_string"}}],"inLanguage":"es"},{"@type":"Organization","@id":"https:\/\/hengxingmachinery.com\/#organization","name":"Maquinaria Hengxing","url":"https:\/\/hengxingmachinery.com\/","logo":{"@type":"ImageObject","inLanguage":"es","@id":"https:\/\/hengxingmachinery.com\/#\/schema\/logo\/image\/","url":"https:\/\/hengxingmachinery.com\/wp-content\/uploads\/2024\/12\/logo.png","contentUrl":"https:\/\/hengxingmachinery.com\/wp-content\/uploads\/2024\/12\/logo.png","width":400,"height":260,"caption":"Hengxing Machinery"},"image":{"@id":"https:\/\/hengxingmachinery.com\/#\/schema\/logo\/image\/"}}]}},"_links":{"self":[{"href":"https:\/\/hengxingmachinery.com\/es\/wp-json\/wp\/v2\/pages\/2936","targetHints":{"allow":["GET"]}}],"collection":[{"href":"https:\/\/hengxingmachinery.com\/es\/wp-json\/wp\/v2\/pages"}],"about":[{"href":"https:\/\/hengxingmachinery.com\/es\/wp-json\/wp\/v2\/types\/page"}],"author":[{"embeddable":true,"href":"https:\/\/hengxingmachinery.com\/es\/wp-json\/wp\/v2\/users\/1"}],"replies":[{"embeddable":true,"href":"https:\/\/hengxingmachinery.com\/es\/wp-json\/wp\/v2\/comments?post=2936"}],"version-history":[{"count":2,"href":"https:\/\/hengxingmachinery.com\/es\/wp-json\/wp\/v2\/pages\/2936\/revisions"}],"predecessor-version":[{"id":2942,"href":"https:\/\/hengxingmachinery.com\/es\/wp-json\/wp\/v2\/pages\/2936\/revisions\/2942"}],"wp:attachment":[{"href":"https:\/\/hengxingmachinery.com\/es\/wp-json\/wp\/v2\/media?parent=2936"}],"curies":[{"name":"wp","href":"https:\/\/api.w.org\/{rel}","templated":true}]}}