{"id":490,"date":"2024-12-19T08:07:29","date_gmt":"2024-12-19T08:07:29","guid":{"rendered":"https:\/\/hengxingmachinery.com\/?page_id=490"},"modified":"2024-12-24T09:05:23","modified_gmt":"2024-12-24T09:05:23","slug":"our-service","status":"publish","type":"page","link":"https:\/\/hengxingmachinery.com\/es\/our-service\/","title":{"rendered":"Acerca de \u2013 Nuestro Servicio"},"content":{"rendered":"<div class=\"gb-container gb-container-3f4cef15\">\n<div class=\"gb-container gb-container-372c4c63\">\n\n<h2 class=\"gb-headline gb-headline-ab348b20 gb-headline-text\">Brindamos soporte integral desde la preventa hasta la posventa.<\/h2>\n\n\n\n<p class=\"gb-headline gb-headline-8e909912 gb-headline-text\">Nuestra empresa se dedica a una filosof\u00eda de servicio al cliente centrada en \u201csatisfacer las necesidades de nuestros clientes y lograr la satisfacci\u00f3n como nuestro objetivo final\u201d. Encarnamos el esp\u00edritu de \u201centusiasmo antes de las ventas, dedicaci\u00f3n durante las ventas y confiabilidad despu\u00e9s de las ventas\u201d en toda nuestra red de ventas. Nos esforzamos por lograr la profesionalidad y la excelencia en nuestra b\u00fasqueda por establecer la marca Hengxing y garantizar la satisfacci\u00f3n del cliente.<\/p>\n\n\n\n<p><strong>Servicio de preventa:<\/strong><br>Con una amplia gama de productos, podemos ofrecer a los clientes tanto m\u00e1quinas independientes como plantas de procesamiento completas. Nuestros expertos ofrecen soluciones eficientes y confiables adaptadas a las solicitudes y presupuestos de los clientes. Antes de realizar un pedido, los clientes tienen la oportunidad de visitar las m\u00e1quinas operativas o las plantas completas de Hengxing in situ.<\/p>\n\n\n\n<p>Para facilitar las visitas a quienes visitan China por primera vez, ofrecemos servicios gratuitos para visitantes, que incluyen preparaci\u00f3n de cartas de invitaci\u00f3n, reservas de hotel, recogida en el aeropuerto, transporte dentro de la ciudad y orientaci\u00f3n tur\u00edstica.<\/p>\n\n\n\n<p><strong>Servicio postventa:<\/strong><br>Nuestros t\u00e9cnicos experimentados brindan orientaci\u00f3n por tel\u00e9fono y soporte en l\u00ednea. Adem\u00e1s, enviamos uno o m\u00e1s ingenieros a la cantera para ayudar con las instalaciones de la planta. Tambi\u00e9n brindamos capacitaci\u00f3n esencial para los trabajadores locales sobre el mantenimiento diario de la maquinaria.<\/p>\n\n<\/div>\n<\/div>\n\n<div class=\"gb-container gb-container-d17840d6\">\n<div class=\"gb-container gb-container-5c0c77ce\">\n<div class=\"gb-grid-wrapper gb-grid-wrapper-99b0ab65\">\n<div class=\"gb-grid-column gb-grid-column-bd55b11d\"><div class=\"gb-container gb-container-bd55b11d\">\n\n<h2 class=\"gb-headline gb-headline-59ab8406 gb-headline-text\"><strong>No dude en ponerse en contacto con nosotros en CUALQUIER MOMENTO<\/strong><\/h2>\n\n\n\n<p class=\"gb-headline gb-headline-5aa677b7 gb-headline-text\">Le animamos a que se ponga en contacto con nosotros en cualquier momento si tiene preguntas, asistencia o consultas. Nuestro equipo especializado est\u00e1 siempre a su disposici\u00f3n para ayudarle con sus necesidades, asegur\u00e1ndose de que reciba soluciones oportunas y eficaces siempre que las necesite.<\/p>\n\n\n<div class=\"gb-container gb-container-4c0ad5ca\"><a class=\"gb-container-link\" href=\"#popmake-885\"><\/a>\n\n<p class=\"gb-headline gb-headline-d22f1b0b\"><span class=\"gb-icon\"><svg viewbox=\"0 0 48.00 48.00\" xmlns=\"http:\/\/www.w3.org\/2000\/svg\" fill=\"#b91313\" stroke=\"#b91313\" stroke-width=\"0.00048000000000000007\"><g id=\"SVGRepo_bgCarrier\" stroke-width=\"0\"><\/g><g id=\"SVGRepo_tracerCarrier\" stroke-linecap=\"round\" stroke-linejoin=\"round\"><\/g><g id=\"SVGRepo_iconCarrier\"> <title>punta de flecha-circulo-derecha<\/title> <g id=\"Layer_2\" data-name=\"Layer 2\"> <g id=\"invisible_box\" data-name=\"invisible box\"> <rect width=\"48\" height=\"48\" fill=\"none\"><\/rect> <\/g> <g id=\"icons_Q2\" data-name=\"icons Q2\"> <path d=\"M6,24A18,18,0,1,1,24,42,18.1,18.1,0,0,1,6,24M2,24A22,22,0,1,0,24,2,21.9,21.9,0,0,0,2,24Z\"><\/path> <path d=\"M26.2,24l-6.6,6.6a1.9,1.9,0,0,0,.2,3,2.1,2.1,0,0,0,2.7-.2l7.9-8a1.9,1.9,0,0,0,0-2.8l-7.9-8a2.1,2.1,0,0,0-2.7-.2,1.9,1.9,0,0,0-.2,3Z\"><\/path> <\/g> <\/g> <\/g><\/svg><\/span><span class=\"gb-headline-text\"><strong>P\u00d3NGASE EN CONTACTO CON NOSOTROS<\/strong><\/span><\/p>\n\n<\/div>\n<\/div><\/div>\n\n<div class=\"gb-grid-column gb-grid-column-e0b09a2c\"><div class=\"gb-container gb-container-e0b09a2c\"><\/div><\/div>\n<\/div>\n<\/div>\n<\/div>","protected":false},"excerpt":{"rendered":"<p>We provide comprehensive support from pre-sale to after-sale Our company is dedicated to a customer service philosophy centered around &#8220;serving our customers&#8217; needs and achieving satisfaction as our ultimate goal.&#8221; We embody the spirit of &#8220;enthusiasm before sales, dedication during sales, and reliability after sales&#8221; throughout our entire sales network. We strive for professionalism and &#8230; <\/p>\n<p class=\"read-more-container\"><a title=\"Acerca de - Nuestro servicio\" class=\"read-more button\" href=\"https:\/\/hengxingmachinery.com\/es\/our-service\/#more-490\" aria-label=\"Leer m\u00e1s sobre About &#8211; Our Service\">Leer m\u00e1s<\/a><\/p>","protected":false},"author":1,"featured_media":0,"parent":0,"menu_order":0,"comment_status":"closed","ping_status":"closed","template":"","meta":{"footnotes":""},"class_list":["post-490","page","type-page","status-publish"],"yoast_head":"<!-- This site is optimized with the Yoast SEO plugin v27.4 - https:\/\/yoast.com\/product\/yoast-seo-wordpress\/ -->\n<title>About - Our Service - Hengxing Machinery<\/title>\n<meta name=\"robots\" content=\"index, follow, max-snippet:-1, max-image-preview:large, max-video-preview:-1\" \/>\n<link rel=\"canonical\" href=\"https:\/\/hengxingmachinery.com\/es\/our-service\/\" \/>\n<meta property=\"og:locale\" content=\"es_ES\" \/>\n<meta property=\"og:type\" content=\"article\" \/>\n<meta property=\"og:title\" content=\"About - Our Service - Hengxing Machinery\" \/>\n<meta property=\"og:description\" content=\"We provide comprehensive support from pre-sale to after-sale Our company is dedicated to a customer service philosophy centered around &#8220;serving our customers&#8217; needs and achieving satisfaction as our ultimate goal.&#8221; We embody the spirit of &#8220;enthusiasm before sales, dedication during sales, and reliability after sales&#8221; throughout our entire sales network. We strive for professionalism and ... Leer m\u00e1s\" \/>\n<meta property=\"og:url\" content=\"https:\/\/hengxingmachinery.com\/es\/our-service\/\" \/>\n<meta property=\"og:site_name\" content=\"Hengxing Machinery\" \/>\n<meta property=\"article:modified_time\" content=\"2024-12-24T09:05:23+00:00\" \/>\n<meta name=\"twitter:card\" content=\"summary_large_image\" \/>\n<meta name=\"twitter:label1\" content=\"Tiempo de lectura\" \/>\n\t<meta name=\"twitter:data1\" content=\"2 minutos\" \/>\n<script type=\"application\/ld+json\" class=\"yoast-schema-graph\">{\"@context\":\"https:\\\/\\\/schema.org\",\"@graph\":[{\"@type\":\"WebPage\",\"@id\":\"https:\\\/\\\/hengxingmachinery.com\\\/our-service\\\/\",\"url\":\"https:\\\/\\\/hengxingmachinery.com\\\/our-service\\\/\",\"name\":\"About - Our Service - Hengxing Machinery\",\"isPartOf\":{\"@id\":\"https:\\\/\\\/hengxingmachinery.com\\\/#website\"},\"datePublished\":\"2024-12-19T08:07:29+00:00\",\"dateModified\":\"2024-12-24T09:05:23+00:00\",\"breadcrumb\":{\"@id\":\"https:\\\/\\\/hengxingmachinery.com\\\/our-service\\\/#breadcrumb\"},\"inLanguage\":\"es\",\"potentialAction\":[{\"@type\":\"ReadAction\",\"target\":[\"https:\\\/\\\/hengxingmachinery.com\\\/our-service\\\/\"]}]},{\"@type\":\"BreadcrumbList\",\"@id\":\"https:\\\/\\\/hengxingmachinery.com\\\/our-service\\\/#breadcrumb\",\"itemListElement\":[{\"@type\":\"ListItem\",\"position\":1,\"name\":\"Home\",\"item\":\"https:\\\/\\\/hengxingmachinery.com\\\/\"},{\"@type\":\"ListItem\",\"position\":2,\"name\":\"About &#8211; Our Service\"}]},{\"@type\":\"WebSite\",\"@id\":\"https:\\\/\\\/hengxingmachinery.com\\\/#website\",\"url\":\"https:\\\/\\\/hengxingmachinery.com\\\/\",\"name\":\"Hengxing Machinery\",\"description\":\"Leading Manufacturer of All Sorts of Mining Machinery\",\"publisher\":{\"@id\":\"https:\\\/\\\/hengxingmachinery.com\\\/#organization\"},\"potentialAction\":[{\"@type\":\"SearchAction\",\"target\":{\"@type\":\"EntryPoint\",\"urlTemplate\":\"https:\\\/\\\/hengxingmachinery.com\\\/?s={search_term_string}\"},\"query-input\":{\"@type\":\"PropertyValueSpecification\",\"valueRequired\":true,\"valueName\":\"search_term_string\"}}],\"inLanguage\":\"es\"},{\"@type\":\"Organization\",\"@id\":\"https:\\\/\\\/hengxingmachinery.com\\\/#organization\",\"name\":\"Hengxing Machinery\",\"url\":\"https:\\\/\\\/hengxingmachinery.com\\\/\",\"logo\":{\"@type\":\"ImageObject\",\"inLanguage\":\"es\",\"@id\":\"https:\\\/\\\/hengxingmachinery.com\\\/#\\\/schema\\\/logo\\\/image\\\/\",\"url\":\"https:\\\/\\\/hengxingmachinery.com\\\/wp-content\\\/uploads\\\/2024\\\/12\\\/logo.png\",\"contentUrl\":\"https:\\\/\\\/hengxingmachinery.com\\\/wp-content\\\/uploads\\\/2024\\\/12\\\/logo.png\",\"width\":400,\"height\":260,\"caption\":\"Hengxing Machinery\"},\"image\":{\"@id\":\"https:\\\/\\\/hengxingmachinery.com\\\/#\\\/schema\\\/logo\\\/image\\\/\"}}]}<\/script>\n<!-- \/ Yoast SEO plugin. -->","yoast_head_json":{"title":"Acerca de - Nuestro servicio - Maquinaria Hengxing","robots":{"index":"index","follow":"follow","max-snippet":"max-snippet:-1","max-image-preview":"max-image-preview:large","max-video-preview":"max-video-preview:-1"},"canonical":"https:\/\/hengxingmachinery.com\/es\/our-service\/","og_locale":"es_ES","og_type":"article","og_title":"About - Our Service - Hengxing Machinery","og_description":"We provide comprehensive support from pre-sale to after-sale Our company is dedicated to a customer service philosophy centered around &#8220;serving our customers&#8217; needs and achieving satisfaction as our ultimate goal.&#8221; We embody the spirit of &#8220;enthusiasm before sales, dedication during sales, and reliability after sales&#8221; throughout our entire sales network. We strive for professionalism and ... Leer m\u00e1s","og_url":"https:\/\/hengxingmachinery.com\/es\/our-service\/","og_site_name":"Hengxing Machinery","article_modified_time":"2024-12-24T09:05:23+00:00","twitter_card":"summary_large_image","twitter_misc":{"Tiempo de lectura":"2 minutos"},"schema":{"@context":"https:\/\/schema.org","@graph":[{"@type":"WebPage","@id":"https:\/\/hengxingmachinery.com\/our-service\/","url":"https:\/\/hengxingmachinery.com\/our-service\/","name":"Acerca de - Nuestro servicio - Maquinaria Hengxing","isPartOf":{"@id":"https:\/\/hengxingmachinery.com\/#website"},"datePublished":"2024-12-19T08:07:29+00:00","dateModified":"2024-12-24T09:05:23+00:00","breadcrumb":{"@id":"https:\/\/hengxingmachinery.com\/our-service\/#breadcrumb"},"inLanguage":"es","potentialAction":[{"@type":"ReadAction","target":["https:\/\/hengxingmachinery.com\/our-service\/"]}]},{"@type":"BreadcrumbList","@id":"https:\/\/hengxingmachinery.com\/our-service\/#breadcrumb","itemListElement":[{"@type":"ListItem","position":1,"name":"Home","item":"https:\/\/hengxingmachinery.com\/"},{"@type":"ListItem","position":2,"name":"About &#8211; Our Service"}]},{"@type":"WebSite","@id":"https:\/\/hengxingmachinery.com\/#website","url":"https:\/\/hengxingmachinery.com\/","name":"Maquinaria Hengxing","description":"Fabricante l\u00edder de todo tipo de maquinaria minera","publisher":{"@id":"https:\/\/hengxingmachinery.com\/#organization"},"potentialAction":[{"@type":"SearchAction","target":{"@type":"EntryPoint","urlTemplate":"https:\/\/hengxingmachinery.com\/?s={search_term_string}"},"query-input":{"@type":"PropertyValueSpecification","valueRequired":true,"valueName":"search_term_string"}}],"inLanguage":"es"},{"@type":"Organization","@id":"https:\/\/hengxingmachinery.com\/#organization","name":"Maquinaria Hengxing","url":"https:\/\/hengxingmachinery.com\/","logo":{"@type":"ImageObject","inLanguage":"es","@id":"https:\/\/hengxingmachinery.com\/#\/schema\/logo\/image\/","url":"https:\/\/hengxingmachinery.com\/wp-content\/uploads\/2024\/12\/logo.png","contentUrl":"https:\/\/hengxingmachinery.com\/wp-content\/uploads\/2024\/12\/logo.png","width":400,"height":260,"caption":"Hengxing Machinery"},"image":{"@id":"https:\/\/hengxingmachinery.com\/#\/schema\/logo\/image\/"}}]}},"_links":{"self":[{"href":"https:\/\/hengxingmachinery.com\/es\/wp-json\/wp\/v2\/pages\/490","targetHints":{"allow":["GET"]}}],"collection":[{"href":"https:\/\/hengxingmachinery.com\/es\/wp-json\/wp\/v2\/pages"}],"about":[{"href":"https:\/\/hengxingmachinery.com\/es\/wp-json\/wp\/v2\/types\/page"}],"author":[{"embeddable":true,"href":"https:\/\/hengxingmachinery.com\/es\/wp-json\/wp\/v2\/users\/1"}],"replies":[{"embeddable":true,"href":"https:\/\/hengxingmachinery.com\/es\/wp-json\/wp\/v2\/comments?post=490"}],"version-history":[{"count":5,"href":"https:\/\/hengxingmachinery.com\/es\/wp-json\/wp\/v2\/pages\/490\/revisions"}],"predecessor-version":[{"id":990,"href":"https:\/\/hengxingmachinery.com\/es\/wp-json\/wp\/v2\/pages\/490\/revisions\/990"}],"wp:attachment":[{"href":"https:\/\/hengxingmachinery.com\/es\/wp-json\/wp\/v2\/media?parent=490"}],"curies":[{"name":"wp","href":"https:\/\/api.w.org\/{rel}","templated":true}]}}