{"id":518,"date":"2024-12-19T08:38:10","date_gmt":"2024-12-19T08:38:10","guid":{"rendered":"https:\/\/hengxingmachinery.com\/?page_id=518"},"modified":"2024-12-24T09:06:53","modified_gmt":"2024-12-24T09:06:53","slug":"production-capacity","status":"publish","type":"page","link":"https:\/\/hengxingmachinery.com\/es\/production-capacity\/","title":{"rendered":"Acerca de \u2013 Capacidad de producci\u00f3n"},"content":{"rendered":"<div class=\"gb-container gb-container-662aff25\">\n<div class=\"gb-container gb-container-80a4f6f3\">\n\n<h2 class=\"gb-headline gb-headline-19f6cdd1 gb-headline-text\">Nuestros detalles de f\u00e1brica y nuestra capacidad de producci\u00f3n.<\/h2>\n\n\n\n<p class=\"gb-headline gb-headline-015e8576 gb-headline-text\">Zhengzhou Hengxing Heavy Equipment Co., Ltd est\u00e1 situada en la Zona Nacional de Desarrollo de Alta Tecnolog\u00eda de Zhengzhou, provincia de Henan, con una superficie de 200.000 m\u00b2.<\/p>\n\n\n\n<p> Nuestras instalaciones cuentan con dos talleres industriales pesados est\u00e1ndar de 60.000 m\u00b2, equipados con sistemas inform\u00e1ticos de gesti\u00f3n de la producci\u00f3n, as\u00ed como con tecnolog\u00edas CAD y CAPP para la investigaci\u00f3n y el dise\u00f1o de procesos. <\/p>\n\n\n\n<p>Adem\u00e1s, nuestra empresa utiliza m\u00e1quinas potentes para el mecanizado, forjado, soldadura de remaches y procesamiento t\u00e9rmico de carburaci\u00f3n. A trav\u00e9s de colaboraciones a largo plazo con institutos de investigaci\u00f3n nacionales e internacionales, hemos adoptado tecnolog\u00edas y equipos avanzados para el desarrollo de productos y la mejora de nuestra artesan\u00eda.<\/p>\n\n\n\n<figure class=\"gb-block-image gb-block-image-2ff6833b\"><img decoding=\"async\" width=\"2560\" height=\"847\" class=\"gb-image gb-image-2ff6833b\" src=\"https:\/\/hengxingmachinery.com\/wp-content\/uploads\/2024\/12\/factory-1-scaled.jpg\" alt=\"\" title=\"F\u00e1brica 1\" srcset=\"https:\/\/hengxingmachinery.com\/wp-content\/uploads\/2024\/12\/factory-1-scaled.jpg 2560w, https:\/\/hengxingmachinery.com\/wp-content\/uploads\/2024\/12\/factory-1-scaled-300x99.jpg 300w, https:\/\/hengxingmachinery.com\/wp-content\/uploads\/2024\/12\/factory-1-scaled-1024x339.jpg 1024w, https:\/\/hengxingmachinery.com\/wp-content\/uploads\/2024\/12\/factory-1-scaled-768x254.jpg 768w, https:\/\/hengxingmachinery.com\/wp-content\/uploads\/2024\/12\/factory-1-scaled-1536x508.jpg 1536w, https:\/\/hengxingmachinery.com\/wp-content\/uploads\/2024\/12\/factory-1-scaled-2048x678.jpg 2048w\" sizes=\"(max-width: 2560px) 100vw, 2560px\" \/><\/figure>\n\n\n\n<figure class=\"gb-block-image gb-block-image-fac3fe8f\"><img decoding=\"async\" width=\"1500\" height=\"497\" class=\"gb-image gb-image-fac3fe8f\" src=\"https:\/\/hengxingmachinery.com\/wp-content\/uploads\/2024\/12\/factory-2-1.jpg\" alt=\"\" title=\"f\u00e1brica-2\" srcset=\"https:\/\/hengxingmachinery.com\/wp-content\/uploads\/2024\/12\/factory-2-1.jpg 1500w, https:\/\/hengxingmachinery.com\/wp-content\/uploads\/2024\/12\/factory-2-1-300x99.jpg 300w, https:\/\/hengxingmachinery.com\/wp-content\/uploads\/2024\/12\/factory-2-1-1024x339.jpg 1024w, https:\/\/hengxingmachinery.com\/wp-content\/uploads\/2024\/12\/factory-2-1-768x254.jpg 768w\" sizes=\"(max-width: 1500px) 100vw, 1500px\" \/><\/figure>\n\n\n\n<figure class=\"gb-block-image gb-block-image-319a68c3\"><img decoding=\"async\" width=\"1500\" height=\"497\" class=\"gb-image gb-image-319a68c3\" src=\"https:\/\/hengxingmachinery.com\/wp-content\/uploads\/2024\/12\/factory-4.jpg\" alt=\"\" title=\"f\u00e1brica-4\" srcset=\"https:\/\/hengxingmachinery.com\/wp-content\/uploads\/2024\/12\/factory-4.jpg 1500w, https:\/\/hengxingmachinery.com\/wp-content\/uploads\/2024\/12\/factory-4-300x99.jpg 300w, https:\/\/hengxingmachinery.com\/wp-content\/uploads\/2024\/12\/factory-4-1024x339.jpg 1024w, https:\/\/hengxingmachinery.com\/wp-content\/uploads\/2024\/12\/factory-4-768x254.jpg 768w\" sizes=\"(max-width: 1500px) 100vw, 1500px\" \/><\/figure>\n\n\n\n<figure class=\"gb-block-image gb-block-image-7bb4869d\"><img decoding=\"async\" width=\"1500\" height=\"497\" class=\"gb-image gb-image-7bb4869d\" src=\"https:\/\/hengxingmachinery.com\/wp-content\/uploads\/2024\/12\/factory-3.jpg\" alt=\"\" title=\"f\u00e1brica-3\" srcset=\"https:\/\/hengxingmachinery.com\/wp-content\/uploads\/2024\/12\/factory-3.jpg 1500w, https:\/\/hengxingmachinery.com\/wp-content\/uploads\/2024\/12\/factory-3-300x99.jpg 300w, https:\/\/hengxingmachinery.com\/wp-content\/uploads\/2024\/12\/factory-3-1024x339.jpg 1024w, https:\/\/hengxingmachinery.com\/wp-content\/uploads\/2024\/12\/factory-3-768x254.jpg 768w\" sizes=\"(max-width: 1500px) 100vw, 1500px\" \/><\/figure>\n\n<\/div>\n<\/div>\n\n<div class=\"gb-container gb-container-d17840d6\">\n<div class=\"gb-container gb-container-5c0c77ce\">\n<div class=\"gb-grid-wrapper gb-grid-wrapper-99b0ab65\">\n<div class=\"gb-grid-column gb-grid-column-bd55b11d\"><div class=\"gb-container gb-container-bd55b11d\">\n\n<h2 class=\"gb-headline gb-headline-59ab8406 gb-headline-text\"><strong>No dude en ponerse en contacto con nosotros en CUALQUIER MOMENTO<\/strong><\/h2>\n\n\n\n<p class=\"gb-headline gb-headline-5aa677b7 gb-headline-text\">Le animamos a que se ponga en contacto con nosotros en cualquier momento si tiene preguntas, asistencia o consultas. Nuestro equipo especializado est\u00e1 siempre a su disposici\u00f3n para ayudarle con sus necesidades, asegur\u00e1ndose de que reciba soluciones oportunas y eficaces siempre que las necesite.<\/p>\n\n\n<div class=\"gb-container gb-container-4c0ad5ca\"><a class=\"gb-container-link\" href=\"#popmake-885\"><\/a>\n\n<p class=\"gb-headline gb-headline-d22f1b0b\"><span class=\"gb-icon\"><svg viewbox=\"0 0 48.00 48.00\" xmlns=\"http:\/\/www.w3.org\/2000\/svg\" fill=\"#b91313\" stroke=\"#b91313\" stroke-width=\"0.00048000000000000007\"><g id=\"SVGRepo_bgCarrier\" stroke-width=\"0\"><\/g><g id=\"SVGRepo_tracerCarrier\" stroke-linecap=\"round\" stroke-linejoin=\"round\"><\/g><g id=\"SVGRepo_iconCarrier\"> <title>punta de flecha-circulo-derecha<\/title> <g id=\"Layer_2\" data-name=\"Layer 2\"> <g id=\"invisible_box\" data-name=\"invisible box\"> <rect width=\"48\" height=\"48\" fill=\"none\"><\/rect> <\/g> <g id=\"icons_Q2\" data-name=\"icons Q2\"> <path d=\"M6,24A18,18,0,1,1,24,42,18.1,18.1,0,0,1,6,24M2,24A22,22,0,1,0,24,2,21.9,21.9,0,0,0,2,24Z\"><\/path> <path d=\"M26.2,24l-6.6,6.6a1.9,1.9,0,0,0,.2,3,2.1,2.1,0,0,0,2.7-.2l7.9-8a1.9,1.9,0,0,0,0-2.8l-7.9-8a2.1,2.1,0,0,0-2.7-.2,1.9,1.9,0,0,0-.2,3Z\"><\/path> <\/g> <\/g> <\/g><\/svg><\/span><span class=\"gb-headline-text\"><strong>P\u00d3NGASE EN CONTACTO CON NOSOTROS<\/strong><\/span><\/p>\n\n<\/div>\n<\/div><\/div>\n\n<div class=\"gb-grid-column gb-grid-column-e0b09a2c\"><div class=\"gb-container gb-container-e0b09a2c\"><\/div><\/div>\n<\/div>\n<\/div>\n<\/div>","protected":false},"excerpt":{"rendered":"<p>Our factory details and our production capacity Zhengzhou Hengxing Heavy Equipment Co., Ltd is situated in the National High-Tech Development Zone of Zhengzhou, Henan Province, covering an area of 200,000 m\u00b2. Our facility features two standard heavy industrial workshops spanning 60,000 m\u00b2, equipped with computer-based management systems for production, along with CAD and CAPP technologies &#8230; <\/p>\n<p class=\"read-more-container\"><a title=\"Acerca de - Capacidad de producci\u00f3n\" class=\"read-more button\" href=\"https:\/\/hengxingmachinery.com\/es\/production-capacity\/#more-518\" aria-label=\"Leer m\u00e1s sobre About &#8211; Production Capacity\">Leer m\u00e1s<\/a><\/p>","protected":false},"author":1,"featured_media":0,"parent":0,"menu_order":0,"comment_status":"closed","ping_status":"closed","template":"","meta":{"footnotes":""},"class_list":["post-518","page","type-page","status-publish"],"yoast_head":"<!-- This site is optimized with the Yoast SEO plugin v27.5 - https:\/\/yoast.com\/product\/yoast-seo-wordpress\/ -->\n<title>About - Production Capacity - Hengxing Machinery<\/title>\n<meta name=\"robots\" content=\"index, follow, max-snippet:-1, max-image-preview:large, max-video-preview:-1\" \/>\n<link rel=\"canonical\" href=\"https:\/\/hengxingmachinery.com\/es\/production-capacity\/\" \/>\n<meta property=\"og:locale\" content=\"es_ES\" \/>\n<meta property=\"og:type\" content=\"article\" \/>\n<meta property=\"og:title\" content=\"About - Production Capacity - Hengxing Machinery\" \/>\n<meta property=\"og:description\" content=\"Our factory details and our production capacity Zhengzhou Hengxing Heavy Equipment Co., Ltd is situated in the National High-Tech Development Zone of Zhengzhou, Henan Province, covering an area of 200,000 m\u00b2. Our facility features two standard heavy industrial workshops spanning 60,000 m\u00b2, equipped with computer-based management systems for production, along with CAD and CAPP technologies ... Leer m\u00e1s\" \/>\n<meta property=\"og:url\" content=\"https:\/\/hengxingmachinery.com\/es\/production-capacity\/\" \/>\n<meta property=\"og:site_name\" content=\"Hengxing Machinery\" \/>\n<meta property=\"article:modified_time\" content=\"2024-12-24T09:06:53+00:00\" \/>\n<meta property=\"og:image\" content=\"https:\/\/hengxingmachinery.com\/wp-content\/uploads\/2024\/12\/factory-1-scaled.jpg\" \/>\n<meta name=\"twitter:card\" content=\"summary_large_image\" \/>\n<meta name=\"twitter:label1\" content=\"Tiempo de lectura\" \/>\n\t<meta name=\"twitter:data1\" content=\"2 minutos\" \/>\n<script type=\"application\/ld+json\" class=\"yoast-schema-graph\">{\"@context\":\"https:\\\/\\\/schema.org\",\"@graph\":[{\"@type\":\"WebPage\",\"@id\":\"https:\\\/\\\/hengxingmachinery.com\\\/production-capacity\\\/\",\"url\":\"https:\\\/\\\/hengxingmachinery.com\\\/production-capacity\\\/\",\"name\":\"About - Production Capacity - Hengxing Machinery\",\"isPartOf\":{\"@id\":\"https:\\\/\\\/hengxingmachinery.com\\\/#website\"},\"primaryImageOfPage\":{\"@id\":\"https:\\\/\\\/hengxingmachinery.com\\\/production-capacity\\\/#primaryimage\"},\"image\":{\"@id\":\"https:\\\/\\\/hengxingmachinery.com\\\/production-capacity\\\/#primaryimage\"},\"thumbnailUrl\":\"https:\\\/\\\/hengxingmachinery.com\\\/wp-content\\\/uploads\\\/2024\\\/12\\\/factory-1-scaled.jpg\",\"datePublished\":\"2024-12-19T08:38:10+00:00\",\"dateModified\":\"2024-12-24T09:06:53+00:00\",\"breadcrumb\":{\"@id\":\"https:\\\/\\\/hengxingmachinery.com\\\/production-capacity\\\/#breadcrumb\"},\"inLanguage\":\"es\",\"potentialAction\":[{\"@type\":\"ReadAction\",\"target\":[\"https:\\\/\\\/hengxingmachinery.com\\\/production-capacity\\\/\"]}]},{\"@type\":\"ImageObject\",\"inLanguage\":\"es\",\"@id\":\"https:\\\/\\\/hengxingmachinery.com\\\/production-capacity\\\/#primaryimage\",\"url\":\"https:\\\/\\\/hengxingmachinery.com\\\/wp-content\\\/uploads\\\/2024\\\/12\\\/factory-1-scaled.jpg\",\"contentUrl\":\"https:\\\/\\\/hengxingmachinery.com\\\/wp-content\\\/uploads\\\/2024\\\/12\\\/factory-1-scaled.jpg\"},{\"@type\":\"BreadcrumbList\",\"@id\":\"https:\\\/\\\/hengxingmachinery.com\\\/production-capacity\\\/#breadcrumb\",\"itemListElement\":[{\"@type\":\"ListItem\",\"position\":1,\"name\":\"Home\",\"item\":\"https:\\\/\\\/hengxingmachinery.com\\\/\"},{\"@type\":\"ListItem\",\"position\":2,\"name\":\"About &#8211; Production Capacity\"}]},{\"@type\":\"WebSite\",\"@id\":\"https:\\\/\\\/hengxingmachinery.com\\\/#website\",\"url\":\"https:\\\/\\\/hengxingmachinery.com\\\/\",\"name\":\"Hengxing Machinery\",\"description\":\"Leading Manufacturer of All Sorts of Mining Machinery\",\"publisher\":{\"@id\":\"https:\\\/\\\/hengxingmachinery.com\\\/#organization\"},\"potentialAction\":[{\"@type\":\"SearchAction\",\"target\":{\"@type\":\"EntryPoint\",\"urlTemplate\":\"https:\\\/\\\/hengxingmachinery.com\\\/?s={search_term_string}\"},\"query-input\":{\"@type\":\"PropertyValueSpecification\",\"valueRequired\":true,\"valueName\":\"search_term_string\"}}],\"inLanguage\":\"es\"},{\"@type\":\"Organization\",\"@id\":\"https:\\\/\\\/hengxingmachinery.com\\\/#organization\",\"name\":\"Hengxing Machinery\",\"url\":\"https:\\\/\\\/hengxingmachinery.com\\\/\",\"logo\":{\"@type\":\"ImageObject\",\"inLanguage\":\"es\",\"@id\":\"https:\\\/\\\/hengxingmachinery.com\\\/#\\\/schema\\\/logo\\\/image\\\/\",\"url\":\"https:\\\/\\\/hengxingmachinery.com\\\/wp-content\\\/uploads\\\/2024\\\/12\\\/logo.png\",\"contentUrl\":\"https:\\\/\\\/hengxingmachinery.com\\\/wp-content\\\/uploads\\\/2024\\\/12\\\/logo.png\",\"width\":400,\"height\":260,\"caption\":\"Hengxing Machinery\"},\"image\":{\"@id\":\"https:\\\/\\\/hengxingmachinery.com\\\/#\\\/schema\\\/logo\\\/image\\\/\"}}]}<\/script>\n<!-- \/ Yoast SEO plugin. -->","yoast_head_json":{"title":"Acerca de - Capacidad de producci\u00f3n - Maquinaria Hengxing","robots":{"index":"index","follow":"follow","max-snippet":"max-snippet:-1","max-image-preview":"max-image-preview:large","max-video-preview":"max-video-preview:-1"},"canonical":"https:\/\/hengxingmachinery.com\/es\/production-capacity\/","og_locale":"es_ES","og_type":"article","og_title":"About - Production Capacity - Hengxing Machinery","og_description":"Our factory details and our production capacity Zhengzhou Hengxing Heavy Equipment Co., Ltd is situated in the National High-Tech Development Zone of Zhengzhou, Henan Province, covering an area of 200,000 m\u00b2. Our facility features two standard heavy industrial workshops spanning 60,000 m\u00b2, equipped with computer-based management systems for production, along with CAD and CAPP technologies ... Leer m\u00e1s","og_url":"https:\/\/hengxingmachinery.com\/es\/production-capacity\/","og_site_name":"Hengxing Machinery","article_modified_time":"2024-12-24T09:06:53+00:00","og_image":[{"url":"https:\/\/hengxingmachinery.com\/wp-content\/uploads\/2024\/12\/factory-1-scaled.jpg","type":"","width":"","height":""}],"twitter_card":"summary_large_image","twitter_misc":{"Tiempo de lectura":"2 minutos"},"schema":{"@context":"https:\/\/schema.org","@graph":[{"@type":"WebPage","@id":"https:\/\/hengxingmachinery.com\/production-capacity\/","url":"https:\/\/hengxingmachinery.com\/production-capacity\/","name":"Acerca de - Capacidad de producci\u00f3n - Maquinaria Hengxing","isPartOf":{"@id":"https:\/\/hengxingmachinery.com\/#website"},"primaryImageOfPage":{"@id":"https:\/\/hengxingmachinery.com\/production-capacity\/#primaryimage"},"image":{"@id":"https:\/\/hengxingmachinery.com\/production-capacity\/#primaryimage"},"thumbnailUrl":"https:\/\/hengxingmachinery.com\/wp-content\/uploads\/2024\/12\/factory-1-scaled.jpg","datePublished":"2024-12-19T08:38:10+00:00","dateModified":"2024-12-24T09:06:53+00:00","breadcrumb":{"@id":"https:\/\/hengxingmachinery.com\/production-capacity\/#breadcrumb"},"inLanguage":"es","potentialAction":[{"@type":"ReadAction","target":["https:\/\/hengxingmachinery.com\/production-capacity\/"]}]},{"@type":"ImageObject","inLanguage":"es","@id":"https:\/\/hengxingmachinery.com\/production-capacity\/#primaryimage","url":"https:\/\/hengxingmachinery.com\/wp-content\/uploads\/2024\/12\/factory-1-scaled.jpg","contentUrl":"https:\/\/hengxingmachinery.com\/wp-content\/uploads\/2024\/12\/factory-1-scaled.jpg"},{"@type":"BreadcrumbList","@id":"https:\/\/hengxingmachinery.com\/production-capacity\/#breadcrumb","itemListElement":[{"@type":"ListItem","position":1,"name":"Home","item":"https:\/\/hengxingmachinery.com\/"},{"@type":"ListItem","position":2,"name":"About &#8211; Production Capacity"}]},{"@type":"WebSite","@id":"https:\/\/hengxingmachinery.com\/#website","url":"https:\/\/hengxingmachinery.com\/","name":"Maquinaria Hengxing","description":"Fabricante l\u00edder de todo tipo de maquinaria minera","publisher":{"@id":"https:\/\/hengxingmachinery.com\/#organization"},"potentialAction":[{"@type":"SearchAction","target":{"@type":"EntryPoint","urlTemplate":"https:\/\/hengxingmachinery.com\/?s={search_term_string}"},"query-input":{"@type":"PropertyValueSpecification","valueRequired":true,"valueName":"search_term_string"}}],"inLanguage":"es"},{"@type":"Organization","@id":"https:\/\/hengxingmachinery.com\/#organization","name":"Maquinaria Hengxing","url":"https:\/\/hengxingmachinery.com\/","logo":{"@type":"ImageObject","inLanguage":"es","@id":"https:\/\/hengxingmachinery.com\/#\/schema\/logo\/image\/","url":"https:\/\/hengxingmachinery.com\/wp-content\/uploads\/2024\/12\/logo.png","contentUrl":"https:\/\/hengxingmachinery.com\/wp-content\/uploads\/2024\/12\/logo.png","width":400,"height":260,"caption":"Hengxing Machinery"},"image":{"@id":"https:\/\/hengxingmachinery.com\/#\/schema\/logo\/image\/"}}]}},"_links":{"self":[{"href":"https:\/\/hengxingmachinery.com\/es\/wp-json\/wp\/v2\/pages\/518","targetHints":{"allow":["GET"]}}],"collection":[{"href":"https:\/\/hengxingmachinery.com\/es\/wp-json\/wp\/v2\/pages"}],"about":[{"href":"https:\/\/hengxingmachinery.com\/es\/wp-json\/wp\/v2\/types\/page"}],"author":[{"embeddable":true,"href":"https:\/\/hengxingmachinery.com\/es\/wp-json\/wp\/v2\/users\/1"}],"replies":[{"embeddable":true,"href":"https:\/\/hengxingmachinery.com\/es\/wp-json\/wp\/v2\/comments?post=518"}],"version-history":[{"count":5,"href":"https:\/\/hengxingmachinery.com\/es\/wp-json\/wp\/v2\/pages\/518\/revisions"}],"predecessor-version":[{"id":992,"href":"https:\/\/hengxingmachinery.com\/es\/wp-json\/wp\/v2\/pages\/518\/revisions\/992"}],"wp:attachment":[{"href":"https:\/\/hengxingmachinery.com\/es\/wp-json\/wp\/v2\/media?parent=518"}],"curies":[{"name":"wp","href":"https:\/\/api.w.org\/{rel}","templated":true}]}}