{"id":523,"date":"2024-12-19T08:43:30","date_gmt":"2024-12-19T08:43:30","guid":{"rendered":"https:\/\/hengxingmachinery.com\/?page_id=523"},"modified":"2024-12-24T10:09:07","modified_gmt":"2024-12-24T10:09:07","slug":"privacy-policy","status":"publish","type":"page","link":"https:\/\/hengxingmachinery.com\/es\/privacy-policy\/","title":{"rendered":"Pol\u00edtica de privacidad"},"content":{"rendered":"<div class=\"gb-container gb-container-5484461f\">\n<div class=\"gb-container gb-container-472213b1\">\n\n<h2 class=\"gb-headline gb-headline-649b29b2 gb-headline-text\">Quienes somos<\/h2>\n\n\n\n<p class=\"gb-headline gb-headline-a205e938 gb-headline-text\">La direcci\u00f3n de nuestro sitio web es: https:\/\/hengxingmachinery.com\/<\/p>\n\n\n\n<h2 class=\"gb-headline gb-headline-cdeb2041 gb-headline-text\">Comentarios<\/h2>\n\n\n\n<p>Cuando los visitantes dejan comentarios en el sitio, recopilamos los datos que se muestran en el formulario de comentarios, y tambi\u00e9n la direcci\u00f3n IP del visitante y la cadena del agente de usuario del navegador para ayudar a la detecci\u00f3n de spam.<\/p>\n\n\n\n<h2 class=\"gb-headline gb-headline-6be34f95 gb-headline-text\">Medios de comunicaci\u00f3n<\/h2>\n\n\n\n<p>Si subes im\u00e1genes al sitio web, debes evitar subir im\u00e1genes con datos de ubicaci\u00f3n incrustados (GPS EXIF). Los visitantes del sitio web pueden descargar y extraer cualquier dato de ubicaci\u00f3n de las im\u00e1genes del sitio web.<\/p>\n\n\n\n<h2 class=\"gb-headline gb-headline-60b9cab7 gb-headline-text\">Galletas<\/h2>\n\n\n\n<p>Si dejas un comentario en nuestro sitio puedes elegir guardar tu nombre, direcci\u00f3n de correo electr\u00f3nico y sitio web en cookies. Esto es para tu comodidad, para que no tengas que volver a rellenar tus datos cuando dejes otro comentario. Estas cookies durar\u00e1n un a\u00f1o.<\/p>\n\n\n\n<p>Si visita nuestra p\u00e1gina de inicio de sesi\u00f3n, instalaremos una cookie temporal para determinar si su navegador acepta cookies. Esta cookie no contiene datos personales y se elimina al cerrar el navegador.<\/p>\n\n\n\n<p>Cuando inicie sesi\u00f3n, tambi\u00e9n instalaremos varias cookies para guardar su informaci\u00f3n de inicio de sesi\u00f3n y sus opciones de visualizaci\u00f3n de pantalla. Las cookies de inicio de sesi\u00f3n duran dos d\u00edas y las cookies de opciones de pantalla duran un a\u00f1o. Si selecciona &quot;Recordarme&quot;, su inicio de sesi\u00f3n se mantendr\u00e1 durante dos semanas. Si cierra sesi\u00f3n en su cuenta, se eliminar\u00e1n las cookies de inicio de sesi\u00f3n.<\/p>\n\n\n\n<p>Si editas o publicas un art\u00edculo, se guardar\u00e1 una cookie adicional en tu navegador. Esta cookie no incluye datos personales y simplemente indica el ID de publicaci\u00f3n del art\u00edculo que acabas de editar. Caduca al cabo de 1 d\u00eda.<\/p>\n\n\n\n<h2 class=\"gb-headline gb-headline-3d1f6194 gb-headline-text\">Contenido incrustado de otros sitios web<\/h2>\n\n\n\n<p>Los art\u00edculos de este sitio pueden incluir contenido incrustado (por ejemplo, v\u00eddeos, im\u00e1genes, art\u00edculos, etc.). El contenido incrustado de otros sitios web se comporta exactamente de la misma manera que si el visitante hubiera visitado el otro sitio web.<\/p>\n\n\n\n<p>Estos sitios web pueden recopilar datos sobre usted, utilizar cookies, incrustar un seguimiento adicional de terceros y supervisar su interacci\u00f3n con ese contenido incrustado, incluido el seguimiento de su interacci\u00f3n con el contenido incrustado si tiene una cuenta y est\u00e1 conectado a ese sitio web.<\/p>\n\n\n\n<h2 class=\"gb-headline gb-headline-854c0837 gb-headline-text\">\u00bfCon qui\u00e9n compartimos sus datos?<\/h2>\n\n\n\n<p>Si solicita un restablecimiento de contrase\u00f1a, su direcci\u00f3n IP se incluir\u00e1 en el correo electr\u00f3nico de restablecimiento.<\/p>\n\n\n\n<h2 class=\"gb-headline gb-headline-7ed684dc gb-headline-text\">\u00bfDurante cu\u00e1nto tiempo conservamos sus datos?<\/h2>\n\n\n\n<p>Si dejas un comentario, el comentario y sus metadatos se conservan indefinidamente. Esto es para que podamos reconocer y aprobar autom\u00e1ticamente cualquier comentario posterior en lugar de mantenerlos en una cola de moderaci\u00f3n.<\/p>\n\n\n\n<p>De los usuarios que se registran en nuestro sitio web (si los hay), tambi\u00e9n almacenamos la informaci\u00f3n personal que proporcionan en su perfil de usuario. Todos los usuarios pueden ver, editar o eliminar su informaci\u00f3n personal en cualquier momento (excepto que no pueden cambiar su nombre de usuario). Los administradores del sitio web tambi\u00e9n pueden ver y editar esa informaci\u00f3n.<\/p>\n\n\n\n<h2 class=\"gb-headline gb-headline-2f7d2a55 gb-headline-text\">\u00bfQu\u00e9 derechos tienes sobre tus datos?<\/h2>\n\n\n\n<p>Si tienes una cuenta en este sitio o has dejado comentarios, puedes solicitar recibir un archivo exportado de los datos personales que tenemos sobre ti, incluyendo cualquier dato que nos hayas proporcionado. Tambi\u00e9n puedes solicitar que borremos cualquier dato personal que tengamos sobre ti. Esto no incluye ning\u00fan dato que estemos obligados a conservar con fines administrativos, legales o de seguridad.<\/p>\n\n\n\n<h2 class=\"gb-headline gb-headline-398f42e4 gb-headline-text\">\u00bfA d\u00f3nde enviamos tus datos?<\/h2>\n\n\n\n<p>Los comentarios de los visitantes pueden revisarse a trav\u00e9s de un servicio de detecci\u00f3n autom\u00e1tica de spam.<\/p>\n\n<\/div>\n<\/div>\n\n<div class=\"gb-container gb-container-d17840d6\">\n<div class=\"gb-container gb-container-5c0c77ce\">\n<div class=\"gb-grid-wrapper gb-grid-wrapper-99b0ab65\">\n<div class=\"gb-grid-column gb-grid-column-bd55b11d\"><div class=\"gb-container gb-container-bd55b11d\">\n\n<h2 class=\"gb-headline gb-headline-59ab8406 gb-headline-text\"><strong>No dude en ponerse en contacto con nosotros en CUALQUIER MOMENTO<\/strong><\/h2>\n\n\n\n<p class=\"gb-headline gb-headline-5aa677b7 gb-headline-text\">Le animamos a que se ponga en contacto con nosotros en cualquier momento si tiene preguntas, asistencia o consultas. Nuestro equipo especializado est\u00e1 siempre a su disposici\u00f3n para ayudarle con sus necesidades, asegur\u00e1ndose de que reciba soluciones oportunas y eficaces siempre que las necesite.<\/p>\n\n\n<div class=\"gb-container gb-container-4c0ad5ca\"><a class=\"gb-container-link\" href=\"#popmake-885\"><\/a>\n\n<p class=\"gb-headline gb-headline-d22f1b0b\"><span class=\"gb-icon\"><svg viewbox=\"0 0 48.00 48.00\" xmlns=\"http:\/\/www.w3.org\/2000\/svg\" fill=\"#b91313\" stroke=\"#b91313\" stroke-width=\"0.00048000000000000007\"><g id=\"SVGRepo_bgCarrier\" stroke-width=\"0\"><\/g><g id=\"SVGRepo_tracerCarrier\" stroke-linecap=\"round\" stroke-linejoin=\"round\"><\/g><g id=\"SVGRepo_iconCarrier\"> <title>punta de flecha-circulo-derecha<\/title> <g id=\"Layer_2\" data-name=\"Layer 2\"> <g id=\"invisible_box\" data-name=\"invisible box\"> <rect width=\"48\" height=\"48\" fill=\"none\"><\/rect> <\/g> <g id=\"icons_Q2\" data-name=\"icons Q2\"> <path d=\"M6,24A18,18,0,1,1,24,42,18.1,18.1,0,0,1,6,24M2,24A22,22,0,1,0,24,2,21.9,21.9,0,0,0,2,24Z\"><\/path> <path d=\"M26.2,24l-6.6,6.6a1.9,1.9,0,0,0,.2,3,2.1,2.1,0,0,0,2.7-.2l7.9-8a1.9,1.9,0,0,0,0-2.8l-7.9-8a2.1,2.1,0,0,0-2.7-.2,1.9,1.9,0,0,0-.2,3Z\"><\/path> <\/g> <\/g> <\/g><\/svg><\/span><span class=\"gb-headline-text\"><strong>P\u00d3NGASE EN CONTACTO CON NOSOTROS<\/strong><\/span><\/p>\n\n<\/div>\n<\/div><\/div>\n\n<div class=\"gb-grid-column gb-grid-column-e0b09a2c\"><div class=\"gb-container gb-container-e0b09a2c\"><\/div><\/div>\n<\/div>\n<\/div>\n<\/div>","protected":false},"excerpt":{"rendered":"<p>Who we are Our website address is: https:\/\/hengxingmachinery.com\/ Comments When visitors leave comments on the site we collect the data shown in the comments form, and also the visitor\u2019s IP address and browser user agent string to help spam detection. Media If you upload images to the website, you should avoid uploading images with embedded &#8230; <\/p>\n<p class=\"read-more-container\"><a title=\"Pol\u00edtica de privacidad\" class=\"read-more button\" href=\"https:\/\/hengxingmachinery.com\/es\/privacy-policy\/#more-523\" aria-label=\"Leer m\u00e1s sobre Privacy Policy\">Leer m\u00e1s<\/a><\/p>","protected":false},"author":1,"featured_media":0,"parent":0,"menu_order":0,"comment_status":"closed","ping_status":"closed","template":"","meta":{"footnotes":""},"class_list":["post-523","page","type-page","status-publish"],"yoast_head":"<!-- This site is optimized with the Yoast SEO plugin v27.4 - https:\/\/yoast.com\/product\/yoast-seo-wordpress\/ -->\n<title>Privacy Policy - Hengxing Machinery<\/title>\n<meta name=\"robots\" content=\"index, follow, max-snippet:-1, max-image-preview:large, max-video-preview:-1\" \/>\n<link rel=\"canonical\" href=\"https:\/\/hengxingmachinery.com\/es\/privacy-policy\/\" \/>\n<meta property=\"og:locale\" content=\"es_ES\" \/>\n<meta property=\"og:type\" content=\"article\" \/>\n<meta property=\"og:title\" content=\"Privacy Policy - Hengxing Machinery\" \/>\n<meta property=\"og:description\" content=\"Who we are Our website address is: https:\/\/hengxingmachinery.com\/ Comments When visitors leave comments on the site we collect the data shown in the comments form, and also the visitor\u2019s IP address and browser user agent string to help spam detection. Media If you upload images to the website, you should avoid uploading images with embedded ... Leer m\u00e1s\" \/>\n<meta property=\"og:url\" content=\"https:\/\/hengxingmachinery.com\/es\/privacy-policy\/\" \/>\n<meta property=\"og:site_name\" content=\"Hengxing Machinery\" \/>\n<meta property=\"article:modified_time\" content=\"2024-12-24T10:09:07+00:00\" \/>\n<meta name=\"twitter:card\" content=\"summary_large_image\" \/>\n<meta name=\"twitter:label1\" content=\"Tiempo de lectura\" \/>\n\t<meta name=\"twitter:data1\" content=\"3 minutos\" \/>\n<script type=\"application\/ld+json\" class=\"yoast-schema-graph\">{\"@context\":\"https:\\\/\\\/schema.org\",\"@graph\":[{\"@type\":\"WebPage\",\"@id\":\"https:\\\/\\\/hengxingmachinery.com\\\/privacy-policy\\\/\",\"url\":\"https:\\\/\\\/hengxingmachinery.com\\\/privacy-policy\\\/\",\"name\":\"Privacy Policy - Hengxing Machinery\",\"isPartOf\":{\"@id\":\"https:\\\/\\\/hengxingmachinery.com\\\/#website\"},\"datePublished\":\"2024-12-19T08:43:30+00:00\",\"dateModified\":\"2024-12-24T10:09:07+00:00\",\"breadcrumb\":{\"@id\":\"https:\\\/\\\/hengxingmachinery.com\\\/privacy-policy\\\/#breadcrumb\"},\"inLanguage\":\"es\",\"potentialAction\":[{\"@type\":\"ReadAction\",\"target\":[\"https:\\\/\\\/hengxingmachinery.com\\\/privacy-policy\\\/\"]}]},{\"@type\":\"BreadcrumbList\",\"@id\":\"https:\\\/\\\/hengxingmachinery.com\\\/privacy-policy\\\/#breadcrumb\",\"itemListElement\":[{\"@type\":\"ListItem\",\"position\":1,\"name\":\"Home\",\"item\":\"https:\\\/\\\/hengxingmachinery.com\\\/\"},{\"@type\":\"ListItem\",\"position\":2,\"name\":\"Privacy Policy\"}]},{\"@type\":\"WebSite\",\"@id\":\"https:\\\/\\\/hengxingmachinery.com\\\/#website\",\"url\":\"https:\\\/\\\/hengxingmachinery.com\\\/\",\"name\":\"Hengxing Machinery\",\"description\":\"Leading Manufacturer of All Sorts of Mining Machinery\",\"publisher\":{\"@id\":\"https:\\\/\\\/hengxingmachinery.com\\\/#organization\"},\"potentialAction\":[{\"@type\":\"SearchAction\",\"target\":{\"@type\":\"EntryPoint\",\"urlTemplate\":\"https:\\\/\\\/hengxingmachinery.com\\\/?s={search_term_string}\"},\"query-input\":{\"@type\":\"PropertyValueSpecification\",\"valueRequired\":true,\"valueName\":\"search_term_string\"}}],\"inLanguage\":\"es\"},{\"@type\":\"Organization\",\"@id\":\"https:\\\/\\\/hengxingmachinery.com\\\/#organization\",\"name\":\"Hengxing Machinery\",\"url\":\"https:\\\/\\\/hengxingmachinery.com\\\/\",\"logo\":{\"@type\":\"ImageObject\",\"inLanguage\":\"es\",\"@id\":\"https:\\\/\\\/hengxingmachinery.com\\\/#\\\/schema\\\/logo\\\/image\\\/\",\"url\":\"https:\\\/\\\/hengxingmachinery.com\\\/wp-content\\\/uploads\\\/2024\\\/12\\\/logo.png\",\"contentUrl\":\"https:\\\/\\\/hengxingmachinery.com\\\/wp-content\\\/uploads\\\/2024\\\/12\\\/logo.png\",\"width\":400,\"height\":260,\"caption\":\"Hengxing Machinery\"},\"image\":{\"@id\":\"https:\\\/\\\/hengxingmachinery.com\\\/#\\\/schema\\\/logo\\\/image\\\/\"}}]}<\/script>\n<!-- \/ Yoast SEO plugin. -->","yoast_head_json":{"title":"Pol\u00edtica de privacidad - Maquinaria Hengxing","robots":{"index":"index","follow":"follow","max-snippet":"max-snippet:-1","max-image-preview":"max-image-preview:large","max-video-preview":"max-video-preview:-1"},"canonical":"https:\/\/hengxingmachinery.com\/es\/privacy-policy\/","og_locale":"es_ES","og_type":"article","og_title":"Privacy Policy - Hengxing Machinery","og_description":"Who we are Our website address is: https:\/\/hengxingmachinery.com\/ Comments When visitors leave comments on the site we collect the data shown in the comments form, and also the visitor\u2019s IP address and browser user agent string to help spam detection. Media If you upload images to the website, you should avoid uploading images with embedded ... Leer m\u00e1s","og_url":"https:\/\/hengxingmachinery.com\/es\/privacy-policy\/","og_site_name":"Hengxing Machinery","article_modified_time":"2024-12-24T10:09:07+00:00","twitter_card":"summary_large_image","twitter_misc":{"Tiempo de lectura":"3 minutos"},"schema":{"@context":"https:\/\/schema.org","@graph":[{"@type":"WebPage","@id":"https:\/\/hengxingmachinery.com\/privacy-policy\/","url":"https:\/\/hengxingmachinery.com\/privacy-policy\/","name":"Pol\u00edtica de privacidad - Maquinaria Hengxing","isPartOf":{"@id":"https:\/\/hengxingmachinery.com\/#website"},"datePublished":"2024-12-19T08:43:30+00:00","dateModified":"2024-12-24T10:09:07+00:00","breadcrumb":{"@id":"https:\/\/hengxingmachinery.com\/privacy-policy\/#breadcrumb"},"inLanguage":"es","potentialAction":[{"@type":"ReadAction","target":["https:\/\/hengxingmachinery.com\/privacy-policy\/"]}]},{"@type":"BreadcrumbList","@id":"https:\/\/hengxingmachinery.com\/privacy-policy\/#breadcrumb","itemListElement":[{"@type":"ListItem","position":1,"name":"Home","item":"https:\/\/hengxingmachinery.com\/"},{"@type":"ListItem","position":2,"name":"Privacy Policy"}]},{"@type":"WebSite","@id":"https:\/\/hengxingmachinery.com\/#website","url":"https:\/\/hengxingmachinery.com\/","name":"Maquinaria Hengxing","description":"Fabricante l\u00edder de todo tipo de maquinaria minera","publisher":{"@id":"https:\/\/hengxingmachinery.com\/#organization"},"potentialAction":[{"@type":"SearchAction","target":{"@type":"EntryPoint","urlTemplate":"https:\/\/hengxingmachinery.com\/?s={search_term_string}"},"query-input":{"@type":"PropertyValueSpecification","valueRequired":true,"valueName":"search_term_string"}}],"inLanguage":"es"},{"@type":"Organization","@id":"https:\/\/hengxingmachinery.com\/#organization","name":"Maquinaria Hengxing","url":"https:\/\/hengxingmachinery.com\/","logo":{"@type":"ImageObject","inLanguage":"es","@id":"https:\/\/hengxingmachinery.com\/#\/schema\/logo\/image\/","url":"https:\/\/hengxingmachinery.com\/wp-content\/uploads\/2024\/12\/logo.png","contentUrl":"https:\/\/hengxingmachinery.com\/wp-content\/uploads\/2024\/12\/logo.png","width":400,"height":260,"caption":"Hengxing Machinery"},"image":{"@id":"https:\/\/hengxingmachinery.com\/#\/schema\/logo\/image\/"}}]}},"_links":{"self":[{"href":"https:\/\/hengxingmachinery.com\/es\/wp-json\/wp\/v2\/pages\/523","targetHints":{"allow":["GET"]}}],"collection":[{"href":"https:\/\/hengxingmachinery.com\/es\/wp-json\/wp\/v2\/pages"}],"about":[{"href":"https:\/\/hengxingmachinery.com\/es\/wp-json\/wp\/v2\/types\/page"}],"author":[{"embeddable":true,"href":"https:\/\/hengxingmachinery.com\/es\/wp-json\/wp\/v2\/users\/1"}],"replies":[{"embeddable":true,"href":"https:\/\/hengxingmachinery.com\/es\/wp-json\/wp\/v2\/comments?post=523"}],"version-history":[{"count":4,"href":"https:\/\/hengxingmachinery.com\/es\/wp-json\/wp\/v2\/pages\/523\/revisions"}],"predecessor-version":[{"id":1033,"href":"https:\/\/hengxingmachinery.com\/es\/wp-json\/wp\/v2\/pages\/523\/revisions\/1033"}],"wp:attachment":[{"href":"https:\/\/hengxingmachinery.com\/es\/wp-json\/wp\/v2\/media?parent=523"}],"curies":[{"name":"wp","href":"https:\/\/api.w.org\/{rel}","templated":true}]}}