{"id":1355,"date":"2025-01-10T05:42:11","date_gmt":"2025-01-10T05:42:11","guid":{"rendered":"https:\/\/hengxingmachinery.com\/?page_id=1355"},"modified":"2025-01-13T09:29:38","modified_gmt":"2025-01-13T09:29:38","slug":"ball-mill","status":"publish","type":"page","link":"https:\/\/hengxingmachinery.com\/fr\/ball-mill\/","title":{"rendered":"3-1. Broyeur \u00e0 boulets"},"content":{"rendered":"<div class=\"gb-container gb-container-45165f5a\">\n<div class=\"gb-container gb-container-c2652eb4\">\n\n<h1 class=\"gb-headline gb-headline-62a8b2cc gb-headline-text\">Broyeur \u00e0 boulets<\/h1>\n\n<\/div>\n<\/div>\n\n<div class=\"gb-container gb-container-519cf624\">\n<div class=\"gb-container gb-container-71ca071e\">\n<div class=\"gb-grid-wrapper gb-grid-wrapper-8a5f0688\">\n<div class=\"gb-grid-column gb-grid-column-1e99b1c2\"><div class=\"gb-container gb-container-1e99b1c2\">\n\n<figure class=\"gb-block-image gb-block-image-e4eaba54\"><img decoding=\"async\" width=\"665\" height=\"545\" class=\"gb-image gb-image-e4eaba54\" src=\"https:\/\/hengxingmachinery.com\/wp-content\/uploads\/2025\/01\/ball-mill-for-hot-sale.jpg\" alt=\"\" title=\"broyeur-a-boulets-en-vente-chaude\" srcset=\"https:\/\/hengxingmachinery.com\/wp-content\/uploads\/2025\/01\/ball-mill-for-hot-sale.jpg 665w, https:\/\/hengxingmachinery.com\/wp-content\/uploads\/2025\/01\/ball-mill-for-hot-sale-300x246.jpg 300w, https:\/\/hengxingmachinery.com\/wp-content\/uploads\/2025\/01\/ball-mill-for-hot-sale-15x12.jpg 15w\" sizes=\"(max-width: 665px) 100vw, 665px\" \/><\/figure>\n\n<\/div><\/div>\n\n<div class=\"gb-grid-column gb-grid-column-bcae065b\"><div class=\"gb-container gb-container-bcae065b\">\n\n<p class=\"gb-headline gb-headline-e419680e gb-headline-text\">Le broyeur \u00e0 boulets \u00e0 \u00e9conomie d'\u00e9nergie Hengxing est un \u00e9quipement cl\u00e9 pour le broyage des mat\u00e9riaux apr\u00e8s le processus de concassage. Il est largement utilis\u00e9 dans les cha\u00eenes de production de poudre, telles que le ciment, les silicates, les nouveaux mat\u00e9riaux de construction, les mat\u00e9riaux r\u00e9fractaires, les engrais, la c\u00e9ramique de verre, les m\u00e9taux non ferreux, etc.<\/p>\n\n\n<div class=\"gb-grid-wrapper gb-grid-wrapper-eebec76e\">\n<div class=\"gb-grid-column gb-grid-column-e3ada2f0\"><div class=\"gb-container gb-container-e3ada2f0\">\n\n<p class=\"gb-headline gb-headline-4c79a90a gb-headline-text\"><mark style=\"background-color:rgba(0, 0, 0, 0)\" class=\"has-inline-color has-global-color-8-color\"><strong>Capacit\u00e9:<\/strong><\/mark> 0,65-61,5 t\/h<\/p>\n\n<\/div><\/div>\n\n<div class=\"gb-grid-column gb-grid-column-0bb00826\"><div class=\"gb-container gb-container-0bb00826\">\n\n<p class=\"gb-headline gb-headline-86d53f56 gb-headline-text\"><mark style=\"background-color:rgba(0, 0, 0, 0)\" class=\"has-inline-color has-global-color-8-color\"><strong>Taille du flux :<\/strong><\/mark> \u226425 mm<\/p>\n\n<\/div><\/div>\n<\/div>\n\n\n<p class=\"gb-headline gb-headline-6b316ea4 gb-headline-text\"><strong>Mat\u00e9riau trait\u00e9 :<\/strong><\/p>\n\n\n\n<p class=\"gb-headline gb-headline-9f885ed2 gb-headline-text\">Minerai d'or, marbre, feldspath, quartz, calcite, calcaire, minerai de cuivre, minerai de fer.<\/p>\n\n\n\n<p class=\"gb-headline gb-headline-2750f5a7 gb-headline-text\"><strong>Application :<\/strong><\/p>\n\n\n\n<p class=\"gb-headline gb-headline-28231626 gb-headline-text\">Largement utilis\u00e9 dans l'industrie du ciment, la nouvelle industrie de la construction, la valorisation des m\u00e9taux ferreux et non ferreux, la c\u00e9ramique de verre et d'autres industries de production.<\/p>\n\n\n<div class=\"gb-container gb-container-256e15f1\">\n\n<a class=\"gb-button gb-button-e8b73d89 gb-button-text\" href=\"#popmake-622\">Obtenez un devis gratuit maintenant<\/a>\n\n<\/div>\n<\/div><\/div>\n<\/div>\n<\/div>\n<\/div>\n\n<div class=\"gb-container gb-container-af5f8799\">\n<div class=\"gb-container gb-container-2298848b\">\n\n<h2 class=\"gb-headline gb-headline-9d27ad2c gb-headline-text\">Caract\u00e9ristiques du broyeur \u00e0 boulets <\/h2>\n\n\n\n<figure class=\"gb-block-image gb-block-image-457688de\"><img decoding=\"async\" width=\"920\" height=\"420\" class=\"gb-image gb-image-457688de\" src=\"https:\/\/hengxingmachinery.com\/wp-content\/uploads\/2025\/01\/working-principle-of-ball-mill.jpg\" alt=\"\" title=\"principe-de-fonctionnement-du-broyeur-\u00e0-boulets\" srcset=\"https:\/\/hengxingmachinery.com\/wp-content\/uploads\/2025\/01\/working-principle-of-ball-mill.jpg 920w, https:\/\/hengxingmachinery.com\/wp-content\/uploads\/2025\/01\/working-principle-of-ball-mill-300x137.jpg 300w, https:\/\/hengxingmachinery.com\/wp-content\/uploads\/2025\/01\/working-principle-of-ball-mill-768x351.jpg 768w, https:\/\/hengxingmachinery.com\/wp-content\/uploads\/2025\/01\/working-principle-of-ball-mill-18x8.jpg 18w\" sizes=\"(max-width: 920px) 100vw, 920px\" \/><\/figure>\n\n\n\n<p class=\"gb-headline gb-headline-ab49bfa1 gb-headline-text\">1. Le rev\u00eatement peut \u00eatre remplac\u00e9.<\/p>\n\n\n\n<p class=\"gb-headline gb-headline-31960279 gb-headline-text\">2. Un broyeur \u00e0 boulets min\u00e9ral est un outil efficace pour broyer de nombreux mat\u00e9riaux en poudre fine.<\/p>\n\n\n\n<p class=\"gb-headline gb-headline-bf8cd45f gb-headline-text\">3. Deux modes de broyage : voie s\u00e8che et voie humide.<\/p>\n\n\n\n<p class=\"gb-headline gb-headline-49bb0699 gb-headline-text\">4. La granulom\u00e9trie finale d\u00e9pend enti\u00e8rement de la duret\u00e9 du mat\u00e9riau que vous broyez.<\/p>\n\n\n\n<p class=\"gb-headline gb-headline-c02267f9 gb-headline-text\">5. Lorsque le cylindre tourne, le mat\u00e9riau est \u00e9cras\u00e9 entre les diff\u00e9rentes pi\u00e8ces des m\u00e9dias de broyage qui m\u00e9langent et r\u00e9duisent le produit en poudre fine sur une p\u00e9riode de plusieurs heures.<\/p>\n\n\n<div class=\"gb-container gb-container-d7b7b595\">\n\n<a class=\"gb-button gb-button-c1312760 gb-button-text\" href=\"#popmake-622\">Obtenez un devis gratuit maintenant<\/a>\n\n<\/div>\n<\/div>\n<\/div>\n\n<div class=\"gb-container gb-container-ebd718b6\">\n<div class=\"gb-container gb-container-5c75b960\">\n\n<h2 class=\"gb-headline gb-headline-98859344 gb-headline-text\">Principe de fonctionnement du broyeur \u00e0 boulets <\/h2>\n\n\n\n<figure class=\"gb-block-image gb-block-image-c486b36e\"><img decoding=\"async\" width=\"920\" height=\"420\" class=\"gb-image gb-image-c486b36e\" src=\"https:\/\/hengxingmachinery.com\/wp-content\/uploads\/2025\/01\/working-principle-ball-mill.jpg\" alt=\"\" title=\"principe-de-fonctionnement-broyeur-a-boulets\" srcset=\"https:\/\/hengxingmachinery.com\/wp-content\/uploads\/2025\/01\/working-principle-ball-mill.jpg 920w, https:\/\/hengxingmachinery.com\/wp-content\/uploads\/2025\/01\/working-principle-ball-mill-300x137.jpg 300w, https:\/\/hengxingmachinery.com\/wp-content\/uploads\/2025\/01\/working-principle-ball-mill-768x351.jpg 768w, https:\/\/hengxingmachinery.com\/wp-content\/uploads\/2025\/01\/working-principle-ball-mill-18x8.jpg 18w\" sizes=\"(max-width: 920px) 100vw, 920px\" \/><\/figure>\n\n\n\n<p class=\"gb-headline gb-headline-34648fa6 gb-headline-text\">Le broyeur \u00e0 boulets est un dispositif rotatif cylindrique horizontal, entra\u00een\u00e9 par une couronne dent\u00e9e. Il comporte deux chambres et une grille. Le mat\u00e9riau p\u00e9n\u00e8tre dans la premi\u00e8re chambre par l'orifice d'alimentation ; \u00e0 l'int\u00e9rieur de la premi\u00e8re chambre, se trouvent des rev\u00eatements \u00e9tag\u00e9s et ondul\u00e9s ainsi que des boules d'acier de diff\u00e9rentes tailles.<\/p>\n\n\n\n<p>La rotation de la coque g\u00e9n\u00e8re une excentricit\u00e9 ; cette force \u00e9l\u00e8ve les boules \u00e0 une certaine hauteur, puis celles-ci retombent sous l'effet de la gravit\u00e9, ce qui impacte et broie le mat\u00e9riau. Apr\u00e8s le broyage primaire dans la premi\u00e8re chambre, le mat\u00e9riau passe dans la seconde chambre \u00e0 travers un tamis de s\u00e9paration. Dans la seconde chambre, se trouvent des rev\u00eatements plats et des boules d'acier ; apr\u00e8s le broyage secondaire, le mat\u00e9riau est \u00e9vacu\u00e9 \u00e0 travers la grille de d\u00e9charge.<\/p>\n\n\n<div class=\"gb-container gb-container-d6bbf16a\">\n\n<a class=\"gb-button gb-button-caa3f2bc gb-button-text\" href=\"#popmake-622\">Obtenez un devis gratuit maintenant<\/a>\n\n<\/div>\n<\/div>\n<\/div>\n\n<div class=\"gb-container gb-container-435ad261\">\n<div class=\"gb-container gb-container-7dc79cc4\">\n\n<h2 class=\"gb-headline gb-headline-6fe5dee2 gb-headline-text\">Sp\u00e9cifications du broyeur \u00e0 boulets<\/h2>\n\n\n\n<figure class=\"wp-block-table is-style-stripes\"><table class=\"has-fixed-layout\"><tbody><tr><td><strong>Mod\u00e8le<\/strong><\/td><td><strong>Granulom\u00e9trie d'alimentation<br>(mm)<\/strong><\/td><td><strong>Granulom\u00e9trie de d\u00e9charge<br>(mm)<\/strong><\/td><td><strong>Capacit\u00e9<br>(t)<\/strong><\/td><td><strong>Puissance du moteur<br>(kW)<\/strong><\/td><td><strong>Poids total<br>(t)<\/strong><\/td><\/tr><tr><td>\u03c6 900\u00d71800<\/td><td>\u226420<\/td><td>0.075-0.89<\/td><td>0.65-2<\/td><td>18.5<\/td><td>5.8<\/td><\/tr><tr><td>\u03c6 900\u00d73000<\/td><td>\u226420<\/td><td>0.075-0.89<\/td><td>1.1-3.5<\/td><td>22<\/td><td>6.8<\/td><\/tr><tr><td>\u03c6 1200\u00d72400<\/td><td>\u226425<\/td><td>0.075-0.6<\/td><td>1.5-4.8<\/td><td>30<\/td><td>12<\/td><\/tr><tr><td>\u03c6 1200\u00d73000<\/td><td>\u226425<\/td><td>0.074-0.4<\/td><td>1.6-5<\/td><td>37<\/td><td>13.2<\/td><\/tr><tr><td>\u03c6 1200\u00d74500<\/td><td>\u226425<\/td><td>0.074-0.4<\/td><td>1.6-5.8<\/td><td>55<\/td><td>13.7<\/td><\/tr><tr><td>\u03c6 1500\u00d73000<\/td><td>\u226425<\/td><td>0.074-0.4<\/td><td>2-5<\/td><td>75<\/td><td>16.5<\/td><\/tr><tr><td>\u03c6 1500\u00d74500<\/td><td>\u226425<\/td><td>0.074-0.4<\/td><td>3-6<\/td><td>110<\/td><td>21<\/td><\/tr><tr><td>\u03c6 1500\u00d75700<\/td><td>\u226425<\/td><td>0.074-0.4<\/td><td>3.5-6<\/td><td>130<\/td><td>24.7<\/td><\/tr><tr><td>\u03c6 1830\u00d73000<\/td><td>\u226425<\/td><td>0.074-0.4<\/td><td>4-10<\/td><td>130<\/td><td>34.5<\/td><\/tr><tr><td>\u03c6 1830\u00d74500<\/td><td>\u226425<\/td><td>0.074-0.4<\/td><td>4.5-12<\/td><td>155<\/td><td>38<\/td><\/tr><tr><td>\u03c6 1830\u00d76400<\/td><td>\u226425<\/td><td>0.074-0.4<\/td><td>6.5-15<\/td><td>210<\/td><td>46<\/td><\/tr><tr><td>\u03c6 1830\u00d77000<\/td><td>\u226425<\/td><td>0.074-0.4<\/td><td>7.5-17<\/td><td>245<\/td><td>49<\/td><\/tr><tr><td>\u03c6 2100\u00d73000<\/td><td>\u226425<\/td><td>0.074-0.4<\/td><td>6.5-36<\/td><td>155<\/td><td>48<\/td><\/tr><tr><td>\u03c6 2100\u00d74500<\/td><td>\u226425<\/td><td>0.074-0.4<\/td><td>8-43<\/td><td>245<\/td><td>59<\/td><\/tr><tr><td>\u03c6 2100\u00d77000<\/td><td>\u226425<\/td><td>0.074-0.4<\/td><td>8-48<\/td><td>280<\/td><td>67.5<\/td><\/tr><tr><td>\u03c6 2200\u00d74500<\/td><td>\u226425<\/td><td>0.074-0.4<\/td><td>9-45<\/td><td>280<\/td><td>58<\/td><\/tr><tr><td>\u03c6 2200\u00d76500<\/td><td>\u226425<\/td><td>0.074-0.4<\/td><td>14-26<\/td><td>380<\/td><td>63<\/td><\/tr><tr><td>\u03c6 2200\u00d77000<\/td><td>\u226425<\/td><td>0.074-0.4<\/td><td>15-28<\/td><td>380<\/td><td>65.3<\/td><\/tr><tr><td>\u03c6 2200\u00d77500<\/td><td>\u226425<\/td><td>0.074-0.4<\/td><td>15-30<\/td><td>380<\/td><td>66.5<\/td><\/tr><tr><td>\u03c6 2400\u00d73000<\/td><td>\u226425<\/td><td>0.074-0.4<\/td><td>7-50<\/td><td>245<\/td><td>65<\/td><\/tr><tr><td>\u03c6 2400\u00d74500<\/td><td>\u226425<\/td><td>0.074-0.4<\/td><td>8.5-60<\/td><td>320<\/td><td>70<\/td><\/tr><tr><td>\u03c6 2700\u00d74000<\/td><td>\u226425<\/td><td>0.074-0.4<\/td><td>12-80<\/td><td>400<\/td><td>92<\/td><\/tr><tr><td>\u03c6 2700\u00d74500<\/td><td>\u226425<\/td><td>0.074-0.4<\/td><td>12-90<\/td><td>430<\/td><td>102<\/td><\/tr><tr><td>\u03c6 3200\u00d74500<\/td><td>\u226425<\/td><td>0.074-0.4<\/td><td>D\u00e9termin\u00e9 par le processus technologique<\/td><td>600<\/td><td>137<\/td><\/tr><tr><td>\u03c6 3600\u00d74500<\/td><td>\u226425<\/td><td>0.074-0.4<\/td><td>D\u00e9termin\u00e9 par le processus technologique<\/td><td>850<\/td><td>158<\/td><\/tr><tr><td>\u03c6 3600\u00d76000<\/td><td>\u226425<\/td><td>0.074-0.4<\/td><td>D\u00e9termin\u00e9 par le processus technologique<\/td><td>1250<\/td><td>175<\/td><\/tr><\/tbody><\/table><\/figure>\n\n\n<div class=\"gb-container gb-container-263d9700\">\n\n<a class=\"gb-button gb-button-a4cbb7be gb-button-text\" href=\"#popmake-622\">Obtenez un devis gratuit maintenant<\/a>\n\n<\/div>\n<\/div>\n<\/div>","protected":false},"excerpt":{"rendered":"<p>Ball mill Features of ball mill 1. The lining can be replaced. 2. A mineral ball mill is an efficient tool for grinding many materials into fine powder. 3. Two ways of grinding: the dry way and the wet way. 4. Ultimate particle size depends entirely on how hard the material you\u2019re grinding is. 5. &#8230; <\/p>\n<p class=\"read-more-container\"><a title=\"3-1. Broyeur \u00e0 boulets\" class=\"read-more button\" href=\"https:\/\/hengxingmachinery.com\/fr\/ball-mill\/#more-1355\" aria-label=\"En savoir plus sur 3-1. Ball mill\">Lire plus<\/a><\/p>","protected":false},"author":1,"featured_media":0,"parent":0,"menu_order":0,"comment_status":"closed","ping_status":"closed","template":"","meta":{"footnotes":""},"class_list":["post-1355","page","type-page","status-publish"],"yoast_head":"<!-- This site is optimized with the Yoast SEO plugin v27.4 - https:\/\/yoast.com\/product\/yoast-seo-wordpress\/ -->\n<title>Ball Mill For Sale in Hengxing - Best Factory Direct Price<\/title>\n<meta name=\"description\" content=\"Check the quality ball mill for sale in Hengxing, deals with gold ore, marble, feldspar, quartz, calcite, limestone, copper ore, iron ore.\" \/>\n<meta name=\"robots\" content=\"index, follow, max-snippet:-1, max-image-preview:large, max-video-preview:-1\" \/>\n<link rel=\"canonical\" href=\"https:\/\/hengxingmachinery.com\/fr\/ball-mill\/\" \/>\n<meta property=\"og:locale\" content=\"fr_FR\" \/>\n<meta property=\"og:type\" content=\"article\" \/>\n<meta property=\"og:title\" content=\"Ball Mill For Sale in Hengxing - Best Factory Direct Price\" \/>\n<meta property=\"og:description\" content=\"Check the quality ball mill for sale in Hengxing, deals with gold ore, marble, feldspar, quartz, calcite, limestone, copper ore, iron ore.\" \/>\n<meta property=\"og:url\" content=\"https:\/\/hengxingmachinery.com\/fr\/ball-mill\/\" \/>\n<meta property=\"og:site_name\" content=\"Hengxing Machinery\" \/>\n<meta property=\"article:modified_time\" content=\"2025-01-13T09:29:38+00:00\" \/>\n<meta property=\"og:image\" content=\"https:\/\/hengxingmachinery.com\/wp-content\/uploads\/2025\/01\/ball-mill-for-hot-sale.jpg\" \/>\n<meta name=\"twitter:card\" content=\"summary_large_image\" \/>\n<meta name=\"twitter:label1\" content=\"Dur\u00e9e de lecture estim\u00e9e\" \/>\n\t<meta name=\"twitter:data1\" content=\"3 minutes\" \/>\n<script type=\"application\/ld+json\" class=\"yoast-schema-graph\">{\"@context\":\"https:\\\/\\\/schema.org\",\"@graph\":[{\"@type\":\"WebPage\",\"@id\":\"https:\\\/\\\/hengxingmachinery.com\\\/ball-mill\\\/\",\"url\":\"https:\\\/\\\/hengxingmachinery.com\\\/ball-mill\\\/\",\"name\":\"Ball Mill For Sale in Hengxing - Best Factory Direct Price\",\"isPartOf\":{\"@id\":\"https:\\\/\\\/hengxingmachinery.com\\\/#website\"},\"primaryImageOfPage\":{\"@id\":\"https:\\\/\\\/hengxingmachinery.com\\\/ball-mill\\\/#primaryimage\"},\"image\":{\"@id\":\"https:\\\/\\\/hengxingmachinery.com\\\/ball-mill\\\/#primaryimage\"},\"thumbnailUrl\":\"https:\\\/\\\/hengxingmachinery.com\\\/wp-content\\\/uploads\\\/2025\\\/01\\\/ball-mill-for-hot-sale.jpg\",\"datePublished\":\"2025-01-10T05:42:11+00:00\",\"dateModified\":\"2025-01-13T09:29:38+00:00\",\"description\":\"Check the quality ball mill for sale in Hengxing, deals with gold ore, marble, feldspar, quartz, calcite, limestone, copper ore, iron ore.\",\"breadcrumb\":{\"@id\":\"https:\\\/\\\/hengxingmachinery.com\\\/ball-mill\\\/#breadcrumb\"},\"inLanguage\":\"fr-FR\",\"potentialAction\":[{\"@type\":\"ReadAction\",\"target\":[\"https:\\\/\\\/hengxingmachinery.com\\\/ball-mill\\\/\"]}]},{\"@type\":\"ImageObject\",\"inLanguage\":\"fr-FR\",\"@id\":\"https:\\\/\\\/hengxingmachinery.com\\\/ball-mill\\\/#primaryimage\",\"url\":\"https:\\\/\\\/hengxingmachinery.com\\\/wp-content\\\/uploads\\\/2025\\\/01\\\/ball-mill-for-hot-sale.jpg\",\"contentUrl\":\"https:\\\/\\\/hengxingmachinery.com\\\/wp-content\\\/uploads\\\/2025\\\/01\\\/ball-mill-for-hot-sale.jpg\"},{\"@type\":\"BreadcrumbList\",\"@id\":\"https:\\\/\\\/hengxingmachinery.com\\\/ball-mill\\\/#breadcrumb\",\"itemListElement\":[{\"@type\":\"ListItem\",\"position\":1,\"name\":\"Home\",\"item\":\"https:\\\/\\\/hengxingmachinery.com\\\/\"},{\"@type\":\"ListItem\",\"position\":2,\"name\":\"3-1. Ball mill\"}]},{\"@type\":\"WebSite\",\"@id\":\"https:\\\/\\\/hengxingmachinery.com\\\/#website\",\"url\":\"https:\\\/\\\/hengxingmachinery.com\\\/\",\"name\":\"Hengxing Machinery\",\"description\":\"Leading Manufacturer of All Sorts of Mining Machinery\",\"publisher\":{\"@id\":\"https:\\\/\\\/hengxingmachinery.com\\\/#organization\"},\"potentialAction\":[{\"@type\":\"SearchAction\",\"target\":{\"@type\":\"EntryPoint\",\"urlTemplate\":\"https:\\\/\\\/hengxingmachinery.com\\\/?s={search_term_string}\"},\"query-input\":{\"@type\":\"PropertyValueSpecification\",\"valueRequired\":true,\"valueName\":\"search_term_string\"}}],\"inLanguage\":\"fr-FR\"},{\"@type\":\"Organization\",\"@id\":\"https:\\\/\\\/hengxingmachinery.com\\\/#organization\",\"name\":\"Hengxing Machinery\",\"url\":\"https:\\\/\\\/hengxingmachinery.com\\\/\",\"logo\":{\"@type\":\"ImageObject\",\"inLanguage\":\"fr-FR\",\"@id\":\"https:\\\/\\\/hengxingmachinery.com\\\/#\\\/schema\\\/logo\\\/image\\\/\",\"url\":\"https:\\\/\\\/hengxingmachinery.com\\\/wp-content\\\/uploads\\\/2024\\\/12\\\/logo.png\",\"contentUrl\":\"https:\\\/\\\/hengxingmachinery.com\\\/wp-content\\\/uploads\\\/2024\\\/12\\\/logo.png\",\"width\":400,\"height\":260,\"caption\":\"Hengxing Machinery\"},\"image\":{\"@id\":\"https:\\\/\\\/hengxingmachinery.com\\\/#\\\/schema\\\/logo\\\/image\\\/\"}}]}<\/script>\n<!-- \/ Yoast SEO plugin. -->","yoast_head_json":{"title":"Broyeur \u00e0 Boulets \u00e0 Vendre chez Hengxing - Meilleur Prix Direct d'Usine","description":"V\u00e9rifiez le broyeur \u00e0 boulets de qualit\u00e9 \u00e0 vendre chez Hengxing, traite le minerai d'or, le marbre, le feldspath, le quartz, la calcite, le calcaire, le minerai de cuivre, le minerai de fer.","robots":{"index":"index","follow":"follow","max-snippet":"max-snippet:-1","max-image-preview":"max-image-preview:large","max-video-preview":"max-video-preview:-1"},"canonical":"https:\/\/hengxingmachinery.com\/fr\/ball-mill\/","og_locale":"fr_FR","og_type":"article","og_title":"Ball Mill For Sale in Hengxing - Best Factory Direct Price","og_description":"Check the quality ball mill for sale in Hengxing, deals with gold ore, marble, feldspar, quartz, calcite, limestone, copper ore, iron ore.","og_url":"https:\/\/hengxingmachinery.com\/fr\/ball-mill\/","og_site_name":"Hengxing Machinery","article_modified_time":"2025-01-13T09:29:38+00:00","og_image":[{"url":"https:\/\/hengxingmachinery.com\/wp-content\/uploads\/2025\/01\/ball-mill-for-hot-sale.jpg","type":"","width":"","height":""}],"twitter_card":"summary_large_image","twitter_misc":{"Dur\u00e9e de lecture estim\u00e9e":"3 minutes"},"schema":{"@context":"https:\/\/schema.org","@graph":[{"@type":"WebPage","@id":"https:\/\/hengxingmachinery.com\/ball-mill\/","url":"https:\/\/hengxingmachinery.com\/ball-mill\/","name":"Broyeur \u00e0 Boulets \u00e0 Vendre chez Hengxing - Meilleur Prix Direct d'Usine","isPartOf":{"@id":"https:\/\/hengxingmachinery.com\/#website"},"primaryImageOfPage":{"@id":"https:\/\/hengxingmachinery.com\/ball-mill\/#primaryimage"},"image":{"@id":"https:\/\/hengxingmachinery.com\/ball-mill\/#primaryimage"},"thumbnailUrl":"https:\/\/hengxingmachinery.com\/wp-content\/uploads\/2025\/01\/ball-mill-for-hot-sale.jpg","datePublished":"2025-01-10T05:42:11+00:00","dateModified":"2025-01-13T09:29:38+00:00","description":"V\u00e9rifiez le broyeur \u00e0 boulets de qualit\u00e9 \u00e0 vendre chez Hengxing, traite le minerai d'or, le marbre, le feldspath, le quartz, la calcite, le calcaire, le minerai de cuivre, le minerai de fer.","breadcrumb":{"@id":"https:\/\/hengxingmachinery.com\/ball-mill\/#breadcrumb"},"inLanguage":"fr-FR","potentialAction":[{"@type":"ReadAction","target":["https:\/\/hengxingmachinery.com\/ball-mill\/"]}]},{"@type":"ImageObject","inLanguage":"fr-FR","@id":"https:\/\/hengxingmachinery.com\/ball-mill\/#primaryimage","url":"https:\/\/hengxingmachinery.com\/wp-content\/uploads\/2025\/01\/ball-mill-for-hot-sale.jpg","contentUrl":"https:\/\/hengxingmachinery.com\/wp-content\/uploads\/2025\/01\/ball-mill-for-hot-sale.jpg"},{"@type":"BreadcrumbList","@id":"https:\/\/hengxingmachinery.com\/ball-mill\/#breadcrumb","itemListElement":[{"@type":"ListItem","position":1,"name":"Home","item":"https:\/\/hengxingmachinery.com\/"},{"@type":"ListItem","position":2,"name":"3-1. Ball mill"}]},{"@type":"WebSite","@id":"https:\/\/hengxingmachinery.com\/#website","url":"https:\/\/hengxingmachinery.com\/","name":"Machines Hengxing","description":"Fabricant leader de toutes sortes de machines mini\u00e8res","publisher":{"@id":"https:\/\/hengxingmachinery.com\/#organization"},"potentialAction":[{"@type":"SearchAction","target":{"@type":"EntryPoint","urlTemplate":"https:\/\/hengxingmachinery.com\/?s={search_term_string}"},"query-input":{"@type":"PropertyValueSpecification","valueRequired":true,"valueName":"search_term_string"}}],"inLanguage":"fr-FR"},{"@type":"Organization","@id":"https:\/\/hengxingmachinery.com\/#organization","name":"Machines Hengxing","url":"https:\/\/hengxingmachinery.com\/","logo":{"@type":"ImageObject","inLanguage":"fr-FR","@id":"https:\/\/hengxingmachinery.com\/#\/schema\/logo\/image\/","url":"https:\/\/hengxingmachinery.com\/wp-content\/uploads\/2024\/12\/logo.png","contentUrl":"https:\/\/hengxingmachinery.com\/wp-content\/uploads\/2024\/12\/logo.png","width":400,"height":260,"caption":"Hengxing Machinery"},"image":{"@id":"https:\/\/hengxingmachinery.com\/#\/schema\/logo\/image\/"}}]}},"_links":{"self":[{"href":"https:\/\/hengxingmachinery.com\/fr\/wp-json\/wp\/v2\/pages\/1355","targetHints":{"allow":["GET"]}}],"collection":[{"href":"https:\/\/hengxingmachinery.com\/fr\/wp-json\/wp\/v2\/pages"}],"about":[{"href":"https:\/\/hengxingmachinery.com\/fr\/wp-json\/wp\/v2\/types\/page"}],"author":[{"embeddable":true,"href":"https:\/\/hengxingmachinery.com\/fr\/wp-json\/wp\/v2\/users\/1"}],"replies":[{"embeddable":true,"href":"https:\/\/hengxingmachinery.com\/fr\/wp-json\/wp\/v2\/comments?post=1355"}],"version-history":[{"count":11,"href":"https:\/\/hengxingmachinery.com\/fr\/wp-json\/wp\/v2\/pages\/1355\/revisions"}],"predecessor-version":[{"id":1575,"href":"https:\/\/hengxingmachinery.com\/fr\/wp-json\/wp\/v2\/pages\/1355\/revisions\/1575"}],"wp:attachment":[{"href":"https:\/\/hengxingmachinery.com\/fr\/wp-json\/wp\/v2\/media?parent=1355"}],"curies":[{"name":"wp","href":"https:\/\/api.w.org\/{rel}","templated":true}]}}