{"id":1373,"date":"2025-01-10T06:23:04","date_gmt":"2025-01-10T06:23:04","guid":{"rendered":"https:\/\/hengxingmachinery.com\/?page_id=1373"},"modified":"2025-01-13T09:37:22","modified_gmt":"2025-01-13T09:37:22","slug":"ceramic-ball-mills","status":"publish","type":"page","link":"https:\/\/hengxingmachinery.com\/fr\/ceramic-ball-mills\/","title":{"rendered":"3-1. Broyeur \u00e0 billes en c\u00e9ramique"},"content":{"rendered":"<div class=\"gb-container gb-container-45165f5a\">\n<div class=\"gb-container gb-container-c2652eb4\">\n\n<h1 class=\"gb-headline gb-headline-62a8b2cc gb-headline-text\">Broyeur \u00e0 boulets en c\u00e9ramique<\/h1>\n\n<\/div>\n<\/div>\n\n<div class=\"gb-container gb-container-519cf624\">\n<div class=\"gb-container gb-container-71ca071e\">\n<div class=\"gb-grid-wrapper gb-grid-wrapper-8a5f0688\">\n<div class=\"gb-grid-column gb-grid-column-1e99b1c2\"><div class=\"gb-container gb-container-1e99b1c2\">\n\n<figure class=\"gb-block-image gb-block-image-e4eaba54\"><img decoding=\"async\" width=\"665\" height=\"545\" class=\"gb-image gb-image-e4eaba54\" src=\"https:\/\/hengxingmachinery.com\/wp-content\/uploads\/2025\/01\/ceramic-ball-mill-sale.jpg\" alt=\"\" title=\"vente-broyeur-a-boulets-ceramique\" srcset=\"https:\/\/hengxingmachinery.com\/wp-content\/uploads\/2025\/01\/ceramic-ball-mill-sale.jpg 665w, https:\/\/hengxingmachinery.com\/wp-content\/uploads\/2025\/01\/ceramic-ball-mill-sale-300x246.jpg 300w, https:\/\/hengxingmachinery.com\/wp-content\/uploads\/2025\/01\/ceramic-ball-mill-sale-15x12.jpg 15w\" sizes=\"(max-width: 665px) 100vw, 665px\" \/><\/figure>\n\n<\/div><\/div>\n\n<div class=\"gb-grid-column gb-grid-column-bcae065b\"><div class=\"gb-container gb-container-bcae065b\">\n\n<p class=\"gb-headline gb-headline-e419680e gb-headline-text\">Le broyeur \u00e0 boulets en c\u00e9ramique Zhengzhou Hengxing existe en neuf mod\u00e8les et sp\u00e9cifications, avec un diam\u00e8tre de tambour allant de 0,6 m \u00e0 3,2 m. Le broyeur est \u00e9quip\u00e9 d'un rev\u00eatement en c\u00e9ramique adapt\u00e9 au broyage de mat\u00e9riaux en petits lots pr\u00e9sentant des exigences particuli\u00e8res.<\/p>\n\n\n<div class=\"gb-grid-wrapper gb-grid-wrapper-eebec76e\">\n<div class=\"gb-grid-column gb-grid-column-e3ada2f0\"><div class=\"gb-container gb-container-e3ada2f0\">\n\n<p class=\"gb-headline gb-headline-4c79a90a gb-headline-text\"><mark style=\"background-color:rgba(0, 0, 0, 0)\" class=\"has-inline-color has-global-color-8-color\"><strong>Charge de chargement :<\/strong><\/mark> 0,05-15 t\/fois<\/p>\n\n<\/div><\/div>\n\n<div class=\"gb-grid-column gb-grid-column-0bb00826\"><div class=\"gb-container gb-container-0bb00826\">\n\n<p class=\"gb-headline gb-headline-86d53f56 gb-headline-text\"><mark style=\"background-color:rgba(0, 0, 0, 0)\" class=\"has-inline-color has-global-color-8-color\"><strong>Vitesse du cylindre :<\/strong><\/mark> 13-50 tr\/min<\/p>\n\n<\/div><\/div>\n<\/div>\n\n\n<p class=\"gb-headline gb-headline-6b316ea4 gb-headline-text\"><strong>Sp\u00e9cifications :<\/strong><\/p>\n\n\n\n<p class=\"gb-headline gb-headline-9f885ed2 gb-headline-text\">\u0424600\u00d7700 - \u04243200\u00d74600 (mm)<\/p>\n\n\n\n<p class=\"gb-headline gb-headline-2750f5a7 gb-headline-text\"><strong>Application :<\/strong><\/p>\n\n\n\n<p class=\"gb-headline gb-headline-28231626 gb-headline-text\">Convient pour le m\u00e9lange et le broyage de mat\u00e9riaux courants et sp\u00e9ciaux<\/p>\n\n\n<div class=\"gb-container gb-container-256e15f1\">\n\n<a class=\"gb-button gb-button-e8b73d89 gb-button-text\" href=\"#popmake-622\">Obtenez un devis gratuit maintenant<\/a>\n\n<\/div>\n<\/div><\/div>\n<\/div>\n<\/div>\n<\/div>\n\n<div class=\"gb-container gb-container-af5f8799\">\n<div class=\"gb-container gb-container-2298848b\">\n\n<h2 class=\"gb-headline gb-headline-9d27ad2c gb-headline-text\">Caract\u00e9ristiques du broyeur \u00e0 boulets en c\u00e9ramique <\/h2>\n\n\n\n<figure class=\"gb-block-image gb-block-image-457688de\"><img decoding=\"async\" width=\"920\" height=\"420\" class=\"gb-image gb-image-457688de\" src=\"https:\/\/hengxingmachinery.com\/wp-content\/uploads\/2025\/01\/ceramic-ball-mill-working-1.jpg\" alt=\"\" title=\"fonctionnement-broyeur-a-boulets-ceramique-1\" srcset=\"https:\/\/hengxingmachinery.com\/wp-content\/uploads\/2025\/01\/ceramic-ball-mill-working-1.jpg 920w, https:\/\/hengxingmachinery.com\/wp-content\/uploads\/2025\/01\/ceramic-ball-mill-working-1-300x137.jpg 300w, https:\/\/hengxingmachinery.com\/wp-content\/uploads\/2025\/01\/ceramic-ball-mill-working-1-768x351.jpg 768w, https:\/\/hengxingmachinery.com\/wp-content\/uploads\/2025\/01\/ceramic-ball-mill-working-1-18x8.jpg 18w\" sizes=\"(max-width: 920px) 100vw, 920px\" \/><\/figure>\n\n\n\n<p>1. <strong>Type de plaque de rev\u00eatement modifiable :<\/strong> le broyeur \u00e0 boulets en c\u00e9ramique peut utiliser diff\u00e9rentes plaques de rev\u00eatement selon les mat\u00e9riaux produits, afin de r\u00e9pondre \u00e0 divers besoins ;<\/p>\n\n\n\n<p>2. <strong>Granulom\u00e9trie uniforme du produit :<\/strong> gr\u00e2ce \u00e0 la plaque de grille situ\u00e9e \u00e0 la sortie, le broyeur \u00e0 boulets en c\u00e9ramique contr\u00f4le la granulom\u00e9trie de d\u00e9charge, emp\u00eachant l'\u00e9vacuation de particules excessivement grosses. Ainsi, la teneur en gros mat\u00e9riaux dans le produit est r\u00e9duite et une plus grande proportion de mat\u00e9riaux r\u00e9pond aux exigences ;<\/p>\n\n\n\n<p>3. <strong>Encombrement r\u00e9duit : <\/strong>Compar\u00e9 \u00e0 d'autres broyeurs \u00e0 boulets, le broyeur en c\u00e9ramique pr\u00e9sente une longueur plus courte, ce qui r\u00e9duit son empreinte au sol et permet de diminuer les co\u00fbts d'investissement foncier ;<\/p>\n\n\n\n<p>4. <strong>Fonctionnement stable : <\/strong>Le dispositif de transmission principal du broyeur \u00e0 boulets en c\u00e9ramique utilise un engrenage ferm\u00e9, am\u00e9liorant ainsi la stabilit\u00e9 de la transmission.<\/p>\n\n\n<div class=\"gb-container gb-container-d7b7b595\">\n\n<a class=\"gb-button gb-button-c1312760 gb-button-text\" href=\"#popmake-622\">Obtenez un devis gratuit maintenant<\/a>\n\n<\/div>\n<\/div>\n<\/div>\n\n<div class=\"gb-container gb-container-ebd718b6\">\n<div class=\"gb-container gb-container-5c75b960\">\n\n<h2 class=\"gb-headline gb-headline-98859344 gb-headline-text\">Principe de fonctionnement du broyeur \u00e0 boulets en c\u00e9ramique <\/h2>\n\n\n\n<figure class=\"gb-block-image gb-block-image-c486b36e\"><img decoding=\"async\" width=\"920\" height=\"420\" class=\"gb-image gb-image-c486b36e\" src=\"https:\/\/hengxingmachinery.com\/wp-content\/uploads\/2025\/01\/ceramic-ball-mill-working-2.jpg\" alt=\"\" title=\"fonctionnement-broyeur-a-boulets-ceramique-2\" srcset=\"https:\/\/hengxingmachinery.com\/wp-content\/uploads\/2025\/01\/ceramic-ball-mill-working-2.jpg 920w, https:\/\/hengxingmachinery.com\/wp-content\/uploads\/2025\/01\/ceramic-ball-mill-working-2-300x137.jpg 300w, https:\/\/hengxingmachinery.com\/wp-content\/uploads\/2025\/01\/ceramic-ball-mill-working-2-768x351.jpg 768w, https:\/\/hengxingmachinery.com\/wp-content\/uploads\/2025\/01\/ceramic-ball-mill-working-2-18x8.jpg 18w\" sizes=\"(max-width: 920px) 100vw, 920px\" \/><\/figure>\n\n\n\n<p>Le moteur entra\u00eene la rotation du cylindre via un dispositif de r\u00e9duction. Sous l'effet du frottement et de la force centrifuge lors de la rotation du cylindre, le minerai concass\u00e9 et les boules d'acier \u00e0 l'int\u00e9rieur sont \u00e9lev\u00e9s \u00e0 une certaine hauteur, puis progressivement fragment\u00e9s par impact et broyage. <\/p>\n\n\n\n<p>Le minerai broy\u00e9 est \u00e9vacu\u00e9 du tambour par la partie de d\u00e9charge. Apr\u00e8s classification dans le classificateur \u00e0 vis, les min\u00e9raux d\u00e9charg\u00e9s donnent des produits conformes, tandis que les sables grossiers retournent au broyeur \u00e0 boulets via l'alimentateur combin\u00e9 pour un broyage suppl\u00e9mentaire. L'alimentation est continue et uniforme : le minerai p\u00e9n\u00e8tre r\u00e9guli\u00e8rement dans le broyeur via l'alimentateur combin\u00e9, et les mat\u00e9riaux broy\u00e9s sont \u00e9vacu\u00e9s en continu du broyeur \u00e0 boulets en c\u00e9ramique.<\/p>\n\n\n<div class=\"gb-container gb-container-d6bbf16a\">\n\n<a class=\"gb-button gb-button-caa3f2bc gb-button-text\" href=\"#popmake-622\">Obtenez un devis gratuit maintenant<\/a>\n\n<\/div>\n<\/div>\n<\/div>\n\n<div class=\"gb-container gb-container-435ad261\">\n<div class=\"gb-container gb-container-7dc79cc4\">\n\n<h2 class=\"gb-headline gb-headline-6fe5dee2 gb-headline-text\">Sp\u00e9cifications du broyeur \u00e0 boulets en c\u00e9ramique<\/h2>\n\n\n\n<figure class=\"wp-block-table is-style-stripes\"><table class=\"has-fixed-layout\"><tbody><tr><td><strong>Mod\u00e8le<\/strong><\/td><td><strong>Charge de boulets (t\/fois)<\/strong><\/td><td><strong>Vitesse du cylindre (tr\/min)<\/strong><\/td><td><strong>Puissance (kW)<\/strong><\/td><td><strong>Mat\u00e9riau du rev\u00eatement<\/strong><\/td><\/tr><tr><td>600\u00d7700<\/td><td>0.05<\/td><td>50<\/td><td>2.2<\/td><td rowspan=\"9\">C\u00e9ramique, silice, caoutchouc, m\u00e9tal (la puissance requise varie selon le mat\u00e9riau du rev\u00eatement et le mat\u00e9riau \u00e0 broyer)<\/td><\/tr><tr><td>800\u00d7600<\/td><td>0.075<\/td><td>42<\/td><td>3<\/td><\/tr><tr><td>900\u00d71200<\/td><td>0.2<\/td><td>38.5<\/td><td>5.5<\/td><\/tr><tr><td>1300\u00d71500<\/td><td>0.5<\/td><td>33<\/td><td>7.5<\/td><\/tr><tr><td>1500\u00d71800<\/td><td>1.2<\/td><td>28.5<\/td><td>11<\/td><\/tr><tr><td>1800\u00d72000<\/td><td>1.5<\/td><td>24<\/td><td>15<\/td><\/tr><tr><td>2600\u00d72800<\/td><td>5<\/td><td>16.5<\/td><td>37<\/td><\/tr><tr><td>3000\u00d73800<\/td><td>10<\/td><td>14.5<\/td><td>57.2<\/td><\/tr><tr><td>3200\u00d74600<\/td><td>15<\/td><td>13.5<\/td><td>75<\/td><\/tr><\/tbody><\/table><\/figure>\n\n\n<div class=\"gb-container gb-container-263d9700\">\n\n<a class=\"gb-button gb-button-a4cbb7be gb-button-text\" href=\"#popmake-622\">Obtenez un devis gratuit maintenant<\/a>\n\n<\/div>\n<\/div>\n<\/div>","protected":false},"excerpt":{"rendered":"<p>Ceramic ball mill Features of ceramic ball mill 1. The type of lining board can be changed: the ceramic ball mill can use different lining boards according to the different materials produced to meet different needs; 2. Uniform product particle size: because the ceramic ball mill has a grating plate at the discharge port to &#8230; <\/p>\n<p class=\"read-more-container\"><a title=\"3-1. Broyeur \u00e0 billes en c\u00e9ramique\" class=\"read-more button\" href=\"https:\/\/hengxingmachinery.com\/fr\/ceramic-ball-mills\/#more-1373\" aria-label=\"En savoir plus sur 3-1. Ceramic ball mill\">Lire plus<\/a><\/p>","protected":false},"author":1,"featured_media":0,"parent":0,"menu_order":0,"comment_status":"closed","ping_status":"closed","template":"","meta":{"footnotes":""},"class_list":["post-1373","page","type-page","status-publish"],"yoast_head":"<!-- This site is optimized with the Yoast SEO plugin v27.4 - https:\/\/yoast.com\/product\/yoast-seo-wordpress\/ -->\n<title>Ceramic Ball Mill For Sale - For Grinding Small Batch Materials<\/title>\n<meta name=\"description\" content=\"Hengxing ceramic ball mills are designed to grind small batch materials, compact design for small and middle projects use, check details here\" \/>\n<meta name=\"robots\" content=\"index, follow, max-snippet:-1, max-image-preview:large, max-video-preview:-1\" \/>\n<link rel=\"canonical\" href=\"https:\/\/hengxingmachinery.com\/fr\/ceramic-ball-mills\/\" \/>\n<meta property=\"og:locale\" content=\"fr_FR\" \/>\n<meta property=\"og:type\" content=\"article\" \/>\n<meta property=\"og:title\" content=\"Ceramic Ball Mill For Sale - For Grinding Small Batch Materials\" \/>\n<meta property=\"og:description\" content=\"Hengxing ceramic ball mills are designed to grind small batch materials, compact design for small and middle projects use, check details here\" \/>\n<meta property=\"og:url\" content=\"https:\/\/hengxingmachinery.com\/fr\/ceramic-ball-mills\/\" \/>\n<meta property=\"og:site_name\" content=\"Hengxing Machinery\" \/>\n<meta property=\"article:modified_time\" content=\"2025-01-13T09:37:22+00:00\" \/>\n<meta property=\"og:image\" content=\"https:\/\/hengxingmachinery.com\/wp-content\/uploads\/2025\/01\/ceramic-ball-mill-sale.jpg\" \/>\n<meta name=\"twitter:card\" content=\"summary_large_image\" \/>\n<meta name=\"twitter:label1\" content=\"Dur\u00e9e de lecture estim\u00e9e\" \/>\n\t<meta name=\"twitter:data1\" content=\"3 minutes\" \/>\n<script type=\"application\/ld+json\" class=\"yoast-schema-graph\">{\"@context\":\"https:\\\/\\\/schema.org\",\"@graph\":[{\"@type\":\"WebPage\",\"@id\":\"https:\\\/\\\/hengxingmachinery.com\\\/ceramic-ball-mills\\\/\",\"url\":\"https:\\\/\\\/hengxingmachinery.com\\\/ceramic-ball-mills\\\/\",\"name\":\"Ceramic Ball Mill For Sale - For Grinding Small Batch Materials\",\"isPartOf\":{\"@id\":\"https:\\\/\\\/hengxingmachinery.com\\\/#website\"},\"primaryImageOfPage\":{\"@id\":\"https:\\\/\\\/hengxingmachinery.com\\\/ceramic-ball-mills\\\/#primaryimage\"},\"image\":{\"@id\":\"https:\\\/\\\/hengxingmachinery.com\\\/ceramic-ball-mills\\\/#primaryimage\"},\"thumbnailUrl\":\"https:\\\/\\\/hengxingmachinery.com\\\/wp-content\\\/uploads\\\/2025\\\/01\\\/ceramic-ball-mill-sale.jpg\",\"datePublished\":\"2025-01-10T06:23:04+00:00\",\"dateModified\":\"2025-01-13T09:37:22+00:00\",\"description\":\"Hengxing ceramic ball mills are designed to grind small batch materials, compact design for small and middle projects use, check details here\",\"breadcrumb\":{\"@id\":\"https:\\\/\\\/hengxingmachinery.com\\\/ceramic-ball-mills\\\/#breadcrumb\"},\"inLanguage\":\"fr-FR\",\"potentialAction\":[{\"@type\":\"ReadAction\",\"target\":[\"https:\\\/\\\/hengxingmachinery.com\\\/ceramic-ball-mills\\\/\"]}]},{\"@type\":\"ImageObject\",\"inLanguage\":\"fr-FR\",\"@id\":\"https:\\\/\\\/hengxingmachinery.com\\\/ceramic-ball-mills\\\/#primaryimage\",\"url\":\"https:\\\/\\\/hengxingmachinery.com\\\/wp-content\\\/uploads\\\/2025\\\/01\\\/ceramic-ball-mill-sale.jpg\",\"contentUrl\":\"https:\\\/\\\/hengxingmachinery.com\\\/wp-content\\\/uploads\\\/2025\\\/01\\\/ceramic-ball-mill-sale.jpg\"},{\"@type\":\"BreadcrumbList\",\"@id\":\"https:\\\/\\\/hengxingmachinery.com\\\/ceramic-ball-mills\\\/#breadcrumb\",\"itemListElement\":[{\"@type\":\"ListItem\",\"position\":1,\"name\":\"Home\",\"item\":\"https:\\\/\\\/hengxingmachinery.com\\\/\"},{\"@type\":\"ListItem\",\"position\":2,\"name\":\"3-1. Ceramic ball mill\"}]},{\"@type\":\"WebSite\",\"@id\":\"https:\\\/\\\/hengxingmachinery.com\\\/#website\",\"url\":\"https:\\\/\\\/hengxingmachinery.com\\\/\",\"name\":\"Hengxing Machinery\",\"description\":\"Leading Manufacturer of All Sorts of Mining Machinery\",\"publisher\":{\"@id\":\"https:\\\/\\\/hengxingmachinery.com\\\/#organization\"},\"potentialAction\":[{\"@type\":\"SearchAction\",\"target\":{\"@type\":\"EntryPoint\",\"urlTemplate\":\"https:\\\/\\\/hengxingmachinery.com\\\/?s={search_term_string}\"},\"query-input\":{\"@type\":\"PropertyValueSpecification\",\"valueRequired\":true,\"valueName\":\"search_term_string\"}}],\"inLanguage\":\"fr-FR\"},{\"@type\":\"Organization\",\"@id\":\"https:\\\/\\\/hengxingmachinery.com\\\/#organization\",\"name\":\"Hengxing Machinery\",\"url\":\"https:\\\/\\\/hengxingmachinery.com\\\/\",\"logo\":{\"@type\":\"ImageObject\",\"inLanguage\":\"fr-FR\",\"@id\":\"https:\\\/\\\/hengxingmachinery.com\\\/#\\\/schema\\\/logo\\\/image\\\/\",\"url\":\"https:\\\/\\\/hengxingmachinery.com\\\/wp-content\\\/uploads\\\/2024\\\/12\\\/logo.png\",\"contentUrl\":\"https:\\\/\\\/hengxingmachinery.com\\\/wp-content\\\/uploads\\\/2024\\\/12\\\/logo.png\",\"width\":400,\"height\":260,\"caption\":\"Hengxing Machinery\"},\"image\":{\"@id\":\"https:\\\/\\\/hengxingmachinery.com\\\/#\\\/schema\\\/logo\\\/image\\\/\"}}]}<\/script>\n<!-- \/ Yoast SEO plugin. -->","yoast_head_json":{"title":"Broyeur \u00e0 Boulets en C\u00e9ramique \u00e0 Vendre - Pour le Broyage de Mat\u00e9riaux en Petites S\u00e9ries","description":"Les broyeurs \u00e0 boulets en c\u00e9ramique Hengxing sont con\u00e7us pour broyer des mat\u00e9riaux en petits lots, avec une conception compacte adapt\u00e9e aux projets de petite et moyenne envergure. Consultez les d\u00e9tails ici.","robots":{"index":"index","follow":"follow","max-snippet":"max-snippet:-1","max-image-preview":"max-image-preview:large","max-video-preview":"max-video-preview:-1"},"canonical":"https:\/\/hengxingmachinery.com\/fr\/ceramic-ball-mills\/","og_locale":"fr_FR","og_type":"article","og_title":"Ceramic Ball Mill For Sale - For Grinding Small Batch Materials","og_description":"Hengxing ceramic ball mills are designed to grind small batch materials, compact design for small and middle projects use, check details here","og_url":"https:\/\/hengxingmachinery.com\/fr\/ceramic-ball-mills\/","og_site_name":"Hengxing Machinery","article_modified_time":"2025-01-13T09:37:22+00:00","og_image":[{"url":"https:\/\/hengxingmachinery.com\/wp-content\/uploads\/2025\/01\/ceramic-ball-mill-sale.jpg","type":"","width":"","height":""}],"twitter_card":"summary_large_image","twitter_misc":{"Dur\u00e9e de lecture estim\u00e9e":"3 minutes"},"schema":{"@context":"https:\/\/schema.org","@graph":[{"@type":"WebPage","@id":"https:\/\/hengxingmachinery.com\/ceramic-ball-mills\/","url":"https:\/\/hengxingmachinery.com\/ceramic-ball-mills\/","name":"Broyeur \u00e0 Boulets en C\u00e9ramique \u00e0 Vendre - Pour le Broyage de Mat\u00e9riaux en Petites S\u00e9ries","isPartOf":{"@id":"https:\/\/hengxingmachinery.com\/#website"},"primaryImageOfPage":{"@id":"https:\/\/hengxingmachinery.com\/ceramic-ball-mills\/#primaryimage"},"image":{"@id":"https:\/\/hengxingmachinery.com\/ceramic-ball-mills\/#primaryimage"},"thumbnailUrl":"https:\/\/hengxingmachinery.com\/wp-content\/uploads\/2025\/01\/ceramic-ball-mill-sale.jpg","datePublished":"2025-01-10T06:23:04+00:00","dateModified":"2025-01-13T09:37:22+00:00","description":"Les broyeurs \u00e0 boulets en c\u00e9ramique Hengxing sont con\u00e7us pour broyer des mat\u00e9riaux en petits lots, avec une conception compacte adapt\u00e9e aux projets de petite et moyenne envergure. Consultez les d\u00e9tails ici.","breadcrumb":{"@id":"https:\/\/hengxingmachinery.com\/ceramic-ball-mills\/#breadcrumb"},"inLanguage":"fr-FR","potentialAction":[{"@type":"ReadAction","target":["https:\/\/hengxingmachinery.com\/ceramic-ball-mills\/"]}]},{"@type":"ImageObject","inLanguage":"fr-FR","@id":"https:\/\/hengxingmachinery.com\/ceramic-ball-mills\/#primaryimage","url":"https:\/\/hengxingmachinery.com\/wp-content\/uploads\/2025\/01\/ceramic-ball-mill-sale.jpg","contentUrl":"https:\/\/hengxingmachinery.com\/wp-content\/uploads\/2025\/01\/ceramic-ball-mill-sale.jpg"},{"@type":"BreadcrumbList","@id":"https:\/\/hengxingmachinery.com\/ceramic-ball-mills\/#breadcrumb","itemListElement":[{"@type":"ListItem","position":1,"name":"Home","item":"https:\/\/hengxingmachinery.com\/"},{"@type":"ListItem","position":2,"name":"3-1. Ceramic ball mill"}]},{"@type":"WebSite","@id":"https:\/\/hengxingmachinery.com\/#website","url":"https:\/\/hengxingmachinery.com\/","name":"Machines Hengxing","description":"Fabricant leader de toutes sortes de machines mini\u00e8res","publisher":{"@id":"https:\/\/hengxingmachinery.com\/#organization"},"potentialAction":[{"@type":"SearchAction","target":{"@type":"EntryPoint","urlTemplate":"https:\/\/hengxingmachinery.com\/?s={search_term_string}"},"query-input":{"@type":"PropertyValueSpecification","valueRequired":true,"valueName":"search_term_string"}}],"inLanguage":"fr-FR"},{"@type":"Organization","@id":"https:\/\/hengxingmachinery.com\/#organization","name":"Machines Hengxing","url":"https:\/\/hengxingmachinery.com\/","logo":{"@type":"ImageObject","inLanguage":"fr-FR","@id":"https:\/\/hengxingmachinery.com\/#\/schema\/logo\/image\/","url":"https:\/\/hengxingmachinery.com\/wp-content\/uploads\/2024\/12\/logo.png","contentUrl":"https:\/\/hengxingmachinery.com\/wp-content\/uploads\/2024\/12\/logo.png","width":400,"height":260,"caption":"Hengxing Machinery"},"image":{"@id":"https:\/\/hengxingmachinery.com\/#\/schema\/logo\/image\/"}}]}},"_links":{"self":[{"href":"https:\/\/hengxingmachinery.com\/fr\/wp-json\/wp\/v2\/pages\/1373","targetHints":{"allow":["GET"]}}],"collection":[{"href":"https:\/\/hengxingmachinery.com\/fr\/wp-json\/wp\/v2\/pages"}],"about":[{"href":"https:\/\/hengxingmachinery.com\/fr\/wp-json\/wp\/v2\/types\/page"}],"author":[{"embeddable":true,"href":"https:\/\/hengxingmachinery.com\/fr\/wp-json\/wp\/v2\/users\/1"}],"replies":[{"embeddable":true,"href":"https:\/\/hengxingmachinery.com\/fr\/wp-json\/wp\/v2\/comments?post=1373"}],"version-history":[{"count":2,"href":"https:\/\/hengxingmachinery.com\/fr\/wp-json\/wp\/v2\/pages\/1373\/revisions"}],"predecessor-version":[{"id":1582,"href":"https:\/\/hengxingmachinery.com\/fr\/wp-json\/wp\/v2\/pages\/1373\/revisions\/1582"}],"wp:attachment":[{"href":"https:\/\/hengxingmachinery.com\/fr\/wp-json\/wp\/v2\/media?parent=1373"}],"curies":[{"name":"wp","href":"https:\/\/api.w.org\/{rel}","templated":true}]}}