{"id":1379,"date":"2025-01-10T06:38:32","date_gmt":"2025-01-10T06:38:32","guid":{"rendered":"https:\/\/hengxingmachinery.com\/?page_id=1379"},"modified":"2025-01-13T09:33:38","modified_gmt":"2025-01-13T09:33:38","slug":"wet-ball-mill","status":"publish","type":"page","link":"https:\/\/hengxingmachinery.com\/fr\/wet-ball-mill\/","title":{"rendered":"3-1. Broyeur \u00e0 boulets par voie humide"},"content":{"rendered":"<div class=\"gb-container gb-container-45165f5a\">\n<div class=\"gb-container gb-container-c2652eb4\">\n\n<h1 class=\"gb-headline gb-headline-62a8b2cc gb-headline-text\">Broyeur \u00e0 boulets humide<\/h1>\n\n<\/div>\n<\/div>\n\n<div class=\"gb-container gb-container-519cf624\">\n<div class=\"gb-container gb-container-71ca071e\">\n<div class=\"gb-grid-wrapper gb-grid-wrapper-8a5f0688\">\n<div class=\"gb-grid-column gb-grid-column-1e99b1c2\"><div class=\"gb-container gb-container-1e99b1c2\">\n\n<figure class=\"gb-block-image gb-block-image-e4eaba54\"><img decoding=\"async\" width=\"665\" height=\"545\" class=\"gb-image gb-image-e4eaba54\" src=\"https:\/\/hengxingmachinery.com\/wp-content\/uploads\/2025\/01\/wet-ball-mill-for-sale.jpg\" alt=\"\" title=\"broyeur-a-boulets-humide-a-vendre\" srcset=\"https:\/\/hengxingmachinery.com\/wp-content\/uploads\/2025\/01\/wet-ball-mill-for-sale.jpg 665w, https:\/\/hengxingmachinery.com\/wp-content\/uploads\/2025\/01\/wet-ball-mill-for-sale-300x246.jpg 300w, https:\/\/hengxingmachinery.com\/wp-content\/uploads\/2025\/01\/wet-ball-mill-for-sale-15x12.jpg 15w\" sizes=\"(max-width: 665px) 100vw, 665px\" \/><\/figure>\n\n<\/div><\/div>\n\n<div class=\"gb-grid-column gb-grid-column-bcae065b\"><div class=\"gb-container gb-container-bcae065b\">\n\n<p class=\"gb-headline gb-headline-e419680e gb-headline-text\">Le broyeur \u00e0 boulets humide est l'\u00e9quipement cl\u00e9 pour le broyage des mat\u00e9riaux apr\u00e8s concassage. Il est largement utilis\u00e9 dans les industries de production du ciment, des produits silicat\u00e9s, des nouveaux mat\u00e9riaux de construction, des mat\u00e9riaux r\u00e9fractaires, des engrais, de la valorisation des m\u00e9taux ferreux et non ferreux, de la c\u00e9ramique vitr\u00e9e, etc. pour le broyage humide de minerais et d'autres mat\u00e9riaux broyables.<\/p>\n\n\n\n<p>Les broyeurs \u00e0 boulets humides sont divis\u00e9s en broyeurs \u00e0 boulets \u00e0 grille et broyeurs \u00e0 boulets \u00e0 d\u00e9bordement. La mati\u00e8re premi\u00e8re \u00e0 broyer est du minerai ou une pulpe \u00e0 teneur en eau plus \u00e9lev\u00e9e.<\/p>\n\n\n<div class=\"gb-grid-wrapper gb-grid-wrapper-eebec76e\">\n<div class=\"gb-grid-column gb-grid-column-e3ada2f0\"><div class=\"gb-container gb-container-e3ada2f0\">\n\n<p class=\"gb-headline gb-headline-4c79a90a gb-headline-text\"><mark style=\"background-color:rgba(0, 0, 0, 0)\" class=\"has-inline-color has-global-color-8-color\"><strong>Capacit\u00e9:<\/strong><\/mark> 0,65-61,5 t\/h<\/p>\n\n<\/div><\/div>\n\n<div class=\"gb-grid-column gb-grid-column-0bb00826\"><div class=\"gb-container gb-container-0bb00826\">\n\n<p class=\"gb-headline gb-headline-86d53f56 gb-headline-text\"><mark style=\"background-color:rgba(0, 0, 0, 0)\" class=\"has-inline-color has-global-color-8-color\"><strong>Granulom\u00e9trie de d\u00e9charge :<\/strong><\/mark> 0,074-0,4 mm<\/p>\n\n<\/div><\/div>\n<\/div>\n\n\n<p class=\"gb-headline gb-headline-6b316ea4 gb-headline-text\"><strong>Chargement des boulets :<\/strong><\/p>\n\n\n\n<p class=\"gb-headline gb-headline-9f885ed2 gb-headline-text\">1,5-338 t<\/p>\n\n\n\n<p class=\"gb-headline gb-headline-2750f5a7 gb-headline-text\"><strong>Application :<\/strong><\/p>\n\n\n\n<p class=\"gb-headline gb-headline-28231626 gb-headline-text\">Broyage et traitement d'une vari\u00e9t\u00e9 de minerais m\u00e9talliques, notamment le minerai de cuivre, le minerai d'or, le minerai de fer, le minerai d'aluminium et les m\u00e9taux non ferreux, etc.<\/p>\n\n\n<div class=\"gb-container gb-container-256e15f1\">\n\n<a class=\"gb-button gb-button-e8b73d89 gb-button-text\" href=\"#popmake-622\">Obtenez un devis gratuit maintenant<\/a>\n\n<\/div>\n<\/div><\/div>\n<\/div>\n<\/div>\n<\/div>\n\n<div class=\"gb-container gb-container-af5f8799\">\n<div class=\"gb-container gb-container-2298848b\">\n\n<h2 class=\"gb-headline gb-headline-9d27ad2c gb-headline-text\">Caract\u00e9ristiques du broyeur \u00e0 boulets humide <\/h2>\n\n\n<div class=\"gb-container gb-container-9a38abb1\">\n<div class=\"gb-grid-wrapper gb-grid-wrapper-91c59571\">\n<div class=\"gb-grid-column gb-grid-column-17094983\"><div class=\"gb-container gb-container-17094983\">\n\n<figure class=\"gb-block-image gb-block-image-e36b6ebe\"><img decoding=\"async\" width=\"665\" height=\"545\" class=\"gb-image gb-image-e36b6ebe\" src=\"https:\/\/hengxingmachinery.com\/wp-content\/uploads\/2025\/01\/wet-ball-mill-features.jpg\" alt=\"\" title=\"caracteristiques-broyeur-a-boulets-humide\" srcset=\"https:\/\/hengxingmachinery.com\/wp-content\/uploads\/2025\/01\/wet-ball-mill-features.jpg 665w, https:\/\/hengxingmachinery.com\/wp-content\/uploads\/2025\/01\/wet-ball-mill-features-300x246.jpg 300w, https:\/\/hengxingmachinery.com\/wp-content\/uploads\/2025\/01\/wet-ball-mill-features-15x12.jpg 15w\" sizes=\"(max-width: 665px) 100vw, 665px\" \/><\/figure>\n\n<\/div><\/div>\n\n<div class=\"gb-grid-column gb-grid-column-783dafe6\"><div class=\"gb-container gb-container-783dafe6\">\n\n<figure class=\"gb-block-image gb-block-image-a58e4bcf\"><img decoding=\"async\" width=\"665\" height=\"545\" class=\"gb-image gb-image-a58e4bcf\" src=\"https:\/\/hengxingmachinery.com\/wp-content\/uploads\/2025\/01\/wet-ball-mill-advantage.jpg\" alt=\"\" title=\"avantages-broyeur-a-boulets-humide\" srcset=\"https:\/\/hengxingmachinery.com\/wp-content\/uploads\/2025\/01\/wet-ball-mill-advantage.jpg 665w, https:\/\/hengxingmachinery.com\/wp-content\/uploads\/2025\/01\/wet-ball-mill-advantage-300x246.jpg 300w, https:\/\/hengxingmachinery.com\/wp-content\/uploads\/2025\/01\/wet-ball-mill-advantage-15x12.jpg 15w\" sizes=\"(max-width: 665px) 100vw, 665px\" \/><\/figure>\n\n<\/div><\/div>\n<\/div>\n<\/div>\n\n\n<p>1. La transmission de l'\u00e9quipement adopte de grands roulements \u00e0 rouleaux sph\u00e9riques doubles au lieu de paliers lisses (avec une huile de graissage sp\u00e9ciale adapt\u00e9e). La lubrification fiable des engrenages et autres dispositifs de lubrification par brouillard d'huile r\u00e9duit consid\u00e9rablement les frottements, facilite le d\u00e9marrage et permet d'\u00e9conomiser 20 \u00e0 30 % d'\u00e9nergie.<\/p>\n\n\n\n<p>2. L'adoption d'une configuration optimis\u00e9e de rev\u00eatement rainur\u00e9 annulaire et de rev\u00eatement en acier au mangan\u00e8se \u00e9lev\u00e9 augmente la surface de contact boule-minerai, renforce l'effet de broyage et am\u00e9liore la qualit\u00e9 de production du minerai ;<\/p>\n\n\n\n<p>3. Il peut traiter des centaines de mat\u00e9riaux m\u00e9talliques et non m\u00e9talliques pour atteindre l'effet d'une machine aux fonctions multiples ;<\/p>\n\n\n\n<p>4. L'adoption d'un broyage multi-\u00e9tages, de la m\u00e9thode de broyage humide et de la m\u00e9thode de d\u00e9chargement forc\u00e9 permet d'atteindre une grande capacit\u00e9 de production.<\/p>\n\n\n\n<p>5. Pendant le fonctionnement, la temp\u00e9rature de l'arbre creux peut \u00eatre r\u00e9duite, prot\u00e9geant efficacement le rev\u00eatement du broyeur, prolongeant la dur\u00e9e de vie du rev\u00eatement et garantissant l'effet de broyage.<\/p>\n\n\n\n<p>6. Fabriqu\u00e9 selon un nouveau concept de conception, la machine enti\u00e8re est plus robuste et facile \u00e0 installer.<\/p>\n\n\n<div class=\"gb-container gb-container-d7b7b595\">\n\n<a class=\"gb-button gb-button-c1312760 gb-button-text\" href=\"#popmake-622\">Obtenez un devis gratuit maintenant<\/a>\n\n<\/div>\n<\/div>\n<\/div>\n\n<div class=\"gb-container gb-container-ebd718b6\">\n<div class=\"gb-container gb-container-5c75b960\">\n\n<h2 class=\"gb-headline gb-headline-98859344 gb-headline-text\">Structure du broyeur \u00e0 boulets humide<\/h2>\n\n\n\n<figure class=\"gb-block-image gb-block-image-c486b36e\"><img decoding=\"async\" width=\"920\" height=\"420\" class=\"gb-image gb-image-c486b36e\" src=\"https:\/\/hengxingmachinery.com\/wp-content\/uploads\/2025\/01\/wet-ball-mill-structure.jpg\" alt=\"\" title=\"structure-broyeur-a-boulets-humide\" srcset=\"https:\/\/hengxingmachinery.com\/wp-content\/uploads\/2025\/01\/wet-ball-mill-structure.jpg 920w, https:\/\/hengxingmachinery.com\/wp-content\/uploads\/2025\/01\/wet-ball-mill-structure-300x137.jpg 300w, https:\/\/hengxingmachinery.com\/wp-content\/uploads\/2025\/01\/wet-ball-mill-structure-768x351.jpg 768w, https:\/\/hengxingmachinery.com\/wp-content\/uploads\/2025\/01\/wet-ball-mill-structure-18x8.jpg 18w\" sizes=\"(max-width: 920px) 100vw, 920px\" \/><\/figure>\n\n\n\n<p><strong>1. Tambour du broyeur :<\/strong> Le tambour du broyeur \u00e0 boulets humide est compos\u00e9 d'un cylindre r\u00e9alis\u00e9 par enroulement de t\u00f4le d'acier et de deux trappes de visite avec cadres. Les deux extr\u00e9mit\u00e9s du tambour sont usin\u00e9es, et le tambour est perc\u00e9 pour fixer le rev\u00eatement du cylindre.<\/p>\n\n\n\n<p><strong>2. Fond de culasse et tourillon : <\/strong>Les fonds d'entr\u00e9e et de sortie du broyeur sont con\u00e7us et fabriqu\u00e9s par moulage, et sont reli\u00e9s au tambour du broyeur par des boulons. Des tourillons de support complets sont con\u00e7us sur les fonds d'entr\u00e9e et de sortie. Le tourillon du fond d'entr\u00e9e est con\u00e7u comme un support fixe, et celui du fond de sortie comme un support flottant.<\/p>\n\n\n\n<p><strong>3. Palier principal : <\/strong>Le palier est install\u00e9 sur le tourillon du fond du broyeur et maintenu en position par une bague de pression. Le logement du palier est r\u00e9alis\u00e9 par soudage d'acier au carbone.<\/p>\n\n\n\n<p><strong>4. Base : <\/strong>Le logement du palier principal, le r\u00e9ducteur principal et le moteur d'entra\u00eenement principal sont tous install\u00e9s sur la base du broyeur \u00e0 boulets humide. La base est \u00e9quip\u00e9e de boulons de r\u00e9glage pour un ajustement facile. Toutes les chevilles d'ancrage sont incluses dans le champ d'application de la base.<\/p>\n\n\n\n<p><strong>5. Section d'alimentation :<\/strong> Le syst\u00e8me d'alimentation du broyeur est compos\u00e9 d'une goulotte d'entr\u00e9e rev\u00eatue de mat\u00e9riaux r\u00e9sistants \u00e0 l'usure, ainsi que d'un logement de palier et d'une base supportant son poids.<\/p>\n\n\n<div class=\"gb-container gb-container-d6bbf16a\">\n\n<a class=\"gb-button gb-button-caa3f2bc gb-button-text\" href=\"#popmake-622\">Obtenez un devis gratuit maintenant<\/a>\n\n<\/div>\n<\/div>\n<\/div>\n\n<div class=\"gb-container gb-container-435ad261\">\n<div class=\"gb-container gb-container-7dc79cc4\">\n\n<h2 class=\"gb-headline gb-headline-6fe5dee2 gb-headline-text\">Sp\u00e9cifications du broyeur \u00e0 boulets humide<\/h2>\n\n\n\n<figure class=\"wp-block-table is-style-stripes\"><table class=\"has-fixed-layout\"><tbody><tr><td><strong>Mod\u00e8le<\/strong><\/td><td><strong>Granulom\u00e9trie d'alimentation<br>(mm)<\/strong><\/td><td><strong>Granulom\u00e9trie de d\u00e9charge<br>(mm)<\/strong><\/td><td><strong>Capacit\u00e9<br>(t)<\/strong><\/td><td><strong>Puissance du moteur<br>(kW)<\/strong><\/td><td><strong>Poids total<br>(t)<\/strong><\/td><\/tr><tr><td>\u03c6 900\u00d71800<\/td><td>\u226420<\/td><td>0.075-0.89<\/td><td>0.65-2<\/td><td>18.5<\/td><td>5.8<\/td><\/tr><tr><td>\u03c6 900\u00d73000<\/td><td>\u226420<\/td><td>0.075-0.89<\/td><td>1.1-3.5<\/td><td>22<\/td><td>6.8<\/td><\/tr><tr><td>\u03c6 1200\u00d72400<\/td><td>\u226425<\/td><td>0.075-0.6<\/td><td>1.5-4.8<\/td><td>30<\/td><td>12<\/td><\/tr><tr><td>\u03c6 1200\u00d73000<\/td><td>\u226425<\/td><td>0.074-0.4<\/td><td>1.6-5<\/td><td>37<\/td><td>13.2<\/td><\/tr><tr><td>\u03c6 1200\u00d74500<\/td><td>\u226425<\/td><td>0.074-0.4<\/td><td>1.6-5.8<\/td><td>55<\/td><td>13.7<\/td><\/tr><tr><td>\u03c6 1500\u00d73000<\/td><td>\u226425<\/td><td>0.074-0.4<\/td><td>2-5<\/td><td>75<\/td><td>16.5<\/td><\/tr><tr><td>\u03c6 1500\u00d74500<\/td><td>\u226425<\/td><td>0.074-0.4<\/td><td>3-6<\/td><td>110<\/td><td>21<\/td><\/tr><tr><td>\u03c6 1500\u00d75700<\/td><td>\u226425<\/td><td>0.074-0.4<\/td><td>3.5-6<\/td><td>130<\/td><td>24.7<\/td><\/tr><tr><td>\u03c6 1830\u00d73000<\/td><td>\u226425<\/td><td>0.074-0.4<\/td><td>4-10<\/td><td>130<\/td><td>34.5<\/td><\/tr><tr><td>\u03c6 1830\u00d74500<\/td><td>\u226425<\/td><td>0.074-0.4<\/td><td>4.5-12<\/td><td>155<\/td><td>38<\/td><\/tr><tr><td>\u03c6 1830\u00d76400<\/td><td>\u226425<\/td><td>0.074-0.4<\/td><td>6.5-15<\/td><td>210<\/td><td>46<\/td><\/tr><tr><td>\u03c6 1830\u00d77000<\/td><td>\u226425<\/td><td>0.074-0.4<\/td><td>7.5-17<\/td><td>245<\/td><td>49<\/td><\/tr><tr><td>\u03c6 2100\u00d73000<\/td><td>\u226425<\/td><td>0.074-0.4<\/td><td>6.5-36<\/td><td>155<\/td><td>48<\/td><\/tr><tr><td>\u03c6 2100\u00d74500<\/td><td>\u226425<\/td><td>0.074-0.4<\/td><td>8-43<\/td><td>245<\/td><td>59<\/td><\/tr><tr><td>\u03c6 2100\u00d77000<\/td><td>\u226425<\/td><td>0.074-0.4<\/td><td>8-48<\/td><td>280<\/td><td>67.5<\/td><\/tr><tr><td>\u03c6 2200\u00d74500<\/td><td>\u226425<\/td><td>0.074-0.4<\/td><td>9-45<\/td><td>280<\/td><td>58<\/td><\/tr><tr><td>\u03c6 2200\u00d76500<\/td><td>\u226425<\/td><td>0.074-0.4<\/td><td>14-26<\/td><td>380<\/td><td>63<\/td><\/tr><tr><td>\u03c6 2200\u00d77000<\/td><td>\u226425<\/td><td>0.074-0.4<\/td><td>15-28<\/td><td>380<\/td><td>65.3<\/td><\/tr><tr><td>\u03c6 2200\u00d77500<\/td><td>\u226425<\/td><td>0.074-0.4<\/td><td>15-30<\/td><td>380<\/td><td>66.5<\/td><\/tr><tr><td>\u03c6 2400\u00d73000<\/td><td>\u226425<\/td><td>0.074-0.4<\/td><td>7-50<\/td><td>245<\/td><td>65<\/td><\/tr><tr><td>\u03c6 2400\u00d74500<\/td><td>\u226425<\/td><td>0.074-0.4<\/td><td>8.5-60<\/td><td>320<\/td><td>70<\/td><\/tr><tr><td>\u03c6 2700\u00d74000<\/td><td>\u226425<\/td><td>0.074-0.4<\/td><td>12-80<\/td><td>400<\/td><td>92<\/td><\/tr><tr><td>\u03c6 2700\u00d74500<\/td><td>\u226425<\/td><td>0.074-0.4<\/td><td>12-90<\/td><td>430<\/td><td>102<\/td><\/tr><tr><td>\u03c6 3200\u00d74500<\/td><td>\u226425<\/td><td>0.074-0.4<\/td><td>D\u00e9termin\u00e9 par le processus technologique<\/td><td>600<\/td><td>137<\/td><\/tr><tr><td>\u03c6 3600\u00d74500<\/td><td>\u226425<\/td><td>0.074-0.4<\/td><td>D\u00e9termin\u00e9 par le processus technologique<\/td><td>850<\/td><td>158<\/td><\/tr><tr><td>\u03c6 3600\u00d76000<\/td><td>\u226425<\/td><td>0.074-0.4<\/td><td>D\u00e9termin\u00e9 par le processus technologique<\/td><td>1250<\/td><td>175<\/td><\/tr><\/tbody><\/table><\/figure>\n\n\n<div class=\"gb-container gb-container-263d9700\">\n\n<a class=\"gb-button gb-button-a4cbb7be gb-button-text\" href=\"#popmake-622\">Obtenez un devis gratuit maintenant<\/a>\n\n<\/div>\n<\/div>\n<\/div>","protected":false},"excerpt":{"rendered":"<p>Wet ball mill Features of wet ball mill 1. The equipment transmission adopts large double-row spherical roller bearings instead of sliding bearings (using matching special lubricating oil), and the reliable lubrication of gears and other oil mist lubrication devices greatly reduces friction, and accelerates start-up and saves energy by 20-30%. 2. The optimized configuration of &#8230; <\/p>\n<p class=\"read-more-container\"><a title=\"3-1. Broyeur \u00e0 boulets par voie humide\" class=\"read-more button\" href=\"https:\/\/hengxingmachinery.com\/fr\/wet-ball-mill\/#more-1379\" aria-label=\"En savoir plus sur 3-1. Wet ball mill\">Lire plus<\/a><\/p>","protected":false},"author":1,"featured_media":0,"parent":0,"menu_order":0,"comment_status":"closed","ping_status":"closed","template":"","meta":{"footnotes":""},"class_list":["post-1379","page","type-page","status-publish"],"yoast_head":"<!-- This site is optimized with the Yoast SEO plugin v27.4 - https:\/\/yoast.com\/product\/yoast-seo-wordpress\/ -->\n<title>Wet Ball Mill For Sale - Designed For Grinding Metal Ores - Quote<\/title>\n<meta name=\"description\" content=\"Check here for high quality wet ball mill for sale, factory direct sale, deals with copper ore, gold ore ,iron ore, aluminum ore and non-ferrous metals, etc.\" \/>\n<meta name=\"robots\" content=\"index, follow, max-snippet:-1, max-image-preview:large, max-video-preview:-1\" \/>\n<link rel=\"canonical\" href=\"https:\/\/hengxingmachinery.com\/fr\/wet-ball-mill\/\" \/>\n<meta property=\"og:locale\" content=\"fr_FR\" \/>\n<meta property=\"og:type\" content=\"article\" \/>\n<meta property=\"og:title\" content=\"Wet Ball Mill For Sale - Designed For Grinding Metal Ores - Quote\" \/>\n<meta property=\"og:description\" content=\"Check here for high quality wet ball mill for sale, factory direct sale, deals with copper ore, gold ore ,iron ore, aluminum ore and non-ferrous metals, etc.\" \/>\n<meta property=\"og:url\" content=\"https:\/\/hengxingmachinery.com\/fr\/wet-ball-mill\/\" \/>\n<meta property=\"og:site_name\" content=\"Hengxing Machinery\" \/>\n<meta property=\"article:modified_time\" content=\"2025-01-13T09:33:38+00:00\" \/>\n<meta property=\"og:image\" content=\"https:\/\/hengxingmachinery.com\/wp-content\/uploads\/2025\/01\/wet-ball-mill-for-sale.jpg\" \/>\n<meta name=\"twitter:card\" content=\"summary_large_image\" \/>\n<meta name=\"twitter:label1\" content=\"Dur\u00e9e de lecture estim\u00e9e\" \/>\n\t<meta name=\"twitter:data1\" content=\"5 minutes\" \/>\n<script type=\"application\/ld+json\" class=\"yoast-schema-graph\">{\"@context\":\"https:\\\/\\\/schema.org\",\"@graph\":[{\"@type\":\"WebPage\",\"@id\":\"https:\\\/\\\/hengxingmachinery.com\\\/wet-ball-mill\\\/\",\"url\":\"https:\\\/\\\/hengxingmachinery.com\\\/wet-ball-mill\\\/\",\"name\":\"Wet Ball Mill For Sale - Designed For Grinding Metal Ores - Quote\",\"isPartOf\":{\"@id\":\"https:\\\/\\\/hengxingmachinery.com\\\/#website\"},\"primaryImageOfPage\":{\"@id\":\"https:\\\/\\\/hengxingmachinery.com\\\/wet-ball-mill\\\/#primaryimage\"},\"image\":{\"@id\":\"https:\\\/\\\/hengxingmachinery.com\\\/wet-ball-mill\\\/#primaryimage\"},\"thumbnailUrl\":\"https:\\\/\\\/hengxingmachinery.com\\\/wp-content\\\/uploads\\\/2025\\\/01\\\/wet-ball-mill-for-sale.jpg\",\"datePublished\":\"2025-01-10T06:38:32+00:00\",\"dateModified\":\"2025-01-13T09:33:38+00:00\",\"description\":\"Check here for high quality wet ball mill for sale, factory direct sale, deals with copper ore, gold ore ,iron ore, aluminum ore and non-ferrous metals, etc.\",\"breadcrumb\":{\"@id\":\"https:\\\/\\\/hengxingmachinery.com\\\/wet-ball-mill\\\/#breadcrumb\"},\"inLanguage\":\"fr-FR\",\"potentialAction\":[{\"@type\":\"ReadAction\",\"target\":[\"https:\\\/\\\/hengxingmachinery.com\\\/wet-ball-mill\\\/\"]}]},{\"@type\":\"ImageObject\",\"inLanguage\":\"fr-FR\",\"@id\":\"https:\\\/\\\/hengxingmachinery.com\\\/wet-ball-mill\\\/#primaryimage\",\"url\":\"https:\\\/\\\/hengxingmachinery.com\\\/wp-content\\\/uploads\\\/2025\\\/01\\\/wet-ball-mill-for-sale.jpg\",\"contentUrl\":\"https:\\\/\\\/hengxingmachinery.com\\\/wp-content\\\/uploads\\\/2025\\\/01\\\/wet-ball-mill-for-sale.jpg\"},{\"@type\":\"BreadcrumbList\",\"@id\":\"https:\\\/\\\/hengxingmachinery.com\\\/wet-ball-mill\\\/#breadcrumb\",\"itemListElement\":[{\"@type\":\"ListItem\",\"position\":1,\"name\":\"Home\",\"item\":\"https:\\\/\\\/hengxingmachinery.com\\\/\"},{\"@type\":\"ListItem\",\"position\":2,\"name\":\"3-1. Wet ball mill\"}]},{\"@type\":\"WebSite\",\"@id\":\"https:\\\/\\\/hengxingmachinery.com\\\/#website\",\"url\":\"https:\\\/\\\/hengxingmachinery.com\\\/\",\"name\":\"Hengxing Machinery\",\"description\":\"Leading Manufacturer of All Sorts of Mining Machinery\",\"publisher\":{\"@id\":\"https:\\\/\\\/hengxingmachinery.com\\\/#organization\"},\"potentialAction\":[{\"@type\":\"SearchAction\",\"target\":{\"@type\":\"EntryPoint\",\"urlTemplate\":\"https:\\\/\\\/hengxingmachinery.com\\\/?s={search_term_string}\"},\"query-input\":{\"@type\":\"PropertyValueSpecification\",\"valueRequired\":true,\"valueName\":\"search_term_string\"}}],\"inLanguage\":\"fr-FR\"},{\"@type\":\"Organization\",\"@id\":\"https:\\\/\\\/hengxingmachinery.com\\\/#organization\",\"name\":\"Hengxing Machinery\",\"url\":\"https:\\\/\\\/hengxingmachinery.com\\\/\",\"logo\":{\"@type\":\"ImageObject\",\"inLanguage\":\"fr-FR\",\"@id\":\"https:\\\/\\\/hengxingmachinery.com\\\/#\\\/schema\\\/logo\\\/image\\\/\",\"url\":\"https:\\\/\\\/hengxingmachinery.com\\\/wp-content\\\/uploads\\\/2024\\\/12\\\/logo.png\",\"contentUrl\":\"https:\\\/\\\/hengxingmachinery.com\\\/wp-content\\\/uploads\\\/2024\\\/12\\\/logo.png\",\"width\":400,\"height\":260,\"caption\":\"Hengxing Machinery\"},\"image\":{\"@id\":\"https:\\\/\\\/hengxingmachinery.com\\\/#\\\/schema\\\/logo\\\/image\\\/\"}}]}<\/script>\n<!-- \/ Yoast SEO plugin. -->","yoast_head_json":{"title":"Broyeur \u00e0 Boulets Humide \u00e0 Vendre - Con\u00e7u Pour le Broyage de Minerais M\u00e9talliques - Demander un Devis","description":"Consultez ici pour un broyeur \u00e0 boulets humide de haute qualit\u00e9 \u00e0 vendre, vente directe d'usine, traitant le minerai de cuivre, le minerai d'or, le minerai de fer, le minerai d'aluminium et les m\u00e9taux non ferreux, etc.","robots":{"index":"index","follow":"follow","max-snippet":"max-snippet:-1","max-image-preview":"max-image-preview:large","max-video-preview":"max-video-preview:-1"},"canonical":"https:\/\/hengxingmachinery.com\/fr\/wet-ball-mill\/","og_locale":"fr_FR","og_type":"article","og_title":"Wet Ball Mill For Sale - Designed For Grinding Metal Ores - Quote","og_description":"Check here for high quality wet ball mill for sale, factory direct sale, deals with copper ore, gold ore ,iron ore, aluminum ore and non-ferrous metals, etc.","og_url":"https:\/\/hengxingmachinery.com\/fr\/wet-ball-mill\/","og_site_name":"Hengxing Machinery","article_modified_time":"2025-01-13T09:33:38+00:00","og_image":[{"url":"https:\/\/hengxingmachinery.com\/wp-content\/uploads\/2025\/01\/wet-ball-mill-for-sale.jpg","type":"","width":"","height":""}],"twitter_card":"summary_large_image","twitter_misc":{"Dur\u00e9e de lecture estim\u00e9e":"5 minutes"},"schema":{"@context":"https:\/\/schema.org","@graph":[{"@type":"WebPage","@id":"https:\/\/hengxingmachinery.com\/wet-ball-mill\/","url":"https:\/\/hengxingmachinery.com\/wet-ball-mill\/","name":"Broyeur \u00e0 Boulets Humide \u00e0 Vendre - Con\u00e7u Pour le Broyage de Minerais M\u00e9talliques - Demander un Devis","isPartOf":{"@id":"https:\/\/hengxingmachinery.com\/#website"},"primaryImageOfPage":{"@id":"https:\/\/hengxingmachinery.com\/wet-ball-mill\/#primaryimage"},"image":{"@id":"https:\/\/hengxingmachinery.com\/wet-ball-mill\/#primaryimage"},"thumbnailUrl":"https:\/\/hengxingmachinery.com\/wp-content\/uploads\/2025\/01\/wet-ball-mill-for-sale.jpg","datePublished":"2025-01-10T06:38:32+00:00","dateModified":"2025-01-13T09:33:38+00:00","description":"Consultez ici pour un broyeur \u00e0 boulets humide de haute qualit\u00e9 \u00e0 vendre, vente directe d'usine, traitant le minerai de cuivre, le minerai d'or, le minerai de fer, le minerai d'aluminium et les m\u00e9taux non ferreux, etc.","breadcrumb":{"@id":"https:\/\/hengxingmachinery.com\/wet-ball-mill\/#breadcrumb"},"inLanguage":"fr-FR","potentialAction":[{"@type":"ReadAction","target":["https:\/\/hengxingmachinery.com\/wet-ball-mill\/"]}]},{"@type":"ImageObject","inLanguage":"fr-FR","@id":"https:\/\/hengxingmachinery.com\/wet-ball-mill\/#primaryimage","url":"https:\/\/hengxingmachinery.com\/wp-content\/uploads\/2025\/01\/wet-ball-mill-for-sale.jpg","contentUrl":"https:\/\/hengxingmachinery.com\/wp-content\/uploads\/2025\/01\/wet-ball-mill-for-sale.jpg"},{"@type":"BreadcrumbList","@id":"https:\/\/hengxingmachinery.com\/wet-ball-mill\/#breadcrumb","itemListElement":[{"@type":"ListItem","position":1,"name":"Home","item":"https:\/\/hengxingmachinery.com\/"},{"@type":"ListItem","position":2,"name":"3-1. Wet ball mill"}]},{"@type":"WebSite","@id":"https:\/\/hengxingmachinery.com\/#website","url":"https:\/\/hengxingmachinery.com\/","name":"Machines Hengxing","description":"Fabricant leader de toutes sortes de machines mini\u00e8res","publisher":{"@id":"https:\/\/hengxingmachinery.com\/#organization"},"potentialAction":[{"@type":"SearchAction","target":{"@type":"EntryPoint","urlTemplate":"https:\/\/hengxingmachinery.com\/?s={search_term_string}"},"query-input":{"@type":"PropertyValueSpecification","valueRequired":true,"valueName":"search_term_string"}}],"inLanguage":"fr-FR"},{"@type":"Organization","@id":"https:\/\/hengxingmachinery.com\/#organization","name":"Machines Hengxing","url":"https:\/\/hengxingmachinery.com\/","logo":{"@type":"ImageObject","inLanguage":"fr-FR","@id":"https:\/\/hengxingmachinery.com\/#\/schema\/logo\/image\/","url":"https:\/\/hengxingmachinery.com\/wp-content\/uploads\/2024\/12\/logo.png","contentUrl":"https:\/\/hengxingmachinery.com\/wp-content\/uploads\/2024\/12\/logo.png","width":400,"height":260,"caption":"Hengxing Machinery"},"image":{"@id":"https:\/\/hengxingmachinery.com\/#\/schema\/logo\/image\/"}}]}},"_links":{"self":[{"href":"https:\/\/hengxingmachinery.com\/fr\/wp-json\/wp\/v2\/pages\/1379","targetHints":{"allow":["GET"]}}],"collection":[{"href":"https:\/\/hengxingmachinery.com\/fr\/wp-json\/wp\/v2\/pages"}],"about":[{"href":"https:\/\/hengxingmachinery.com\/fr\/wp-json\/wp\/v2\/types\/page"}],"author":[{"embeddable":true,"href":"https:\/\/hengxingmachinery.com\/fr\/wp-json\/wp\/v2\/users\/1"}],"replies":[{"embeddable":true,"href":"https:\/\/hengxingmachinery.com\/fr\/wp-json\/wp\/v2\/comments?post=1379"}],"version-history":[{"count":4,"href":"https:\/\/hengxingmachinery.com\/fr\/wp-json\/wp\/v2\/pages\/1379\/revisions"}],"predecessor-version":[{"id":1600,"href":"https:\/\/hengxingmachinery.com\/fr\/wp-json\/wp\/v2\/pages\/1379\/revisions\/1600"}],"wp:attachment":[{"href":"https:\/\/hengxingmachinery.com\/fr\/wp-json\/wp\/v2\/media?parent=1379"}],"curies":[{"name":"wp","href":"https:\/\/api.w.org\/{rel}","templated":true}]}}