{"id":1389,"date":"2025-01-10T07:07:05","date_gmt":"2025-01-10T07:07:05","guid":{"rendered":"https:\/\/hengxingmachinery.com\/?page_id=1389"},"modified":"2025-01-13T09:31:11","modified_gmt":"2025-01-13T09:31:11","slug":"dry-ball-mill","status":"publish","type":"page","link":"https:\/\/hengxingmachinery.com\/fr\/dry-ball-mill\/","title":{"rendered":"3-1. Broyeur \u00e0 boulets \u00e0 sec"},"content":{"rendered":"<div class=\"gb-container gb-container-45165f5a\">\n<div class=\"gb-container gb-container-c2652eb4\">\n\n<h1 class=\"gb-headline gb-headline-62a8b2cc gb-headline-text\">Broyeur \u00e0 boulets \u00e0 sec<\/h1>\n\n<\/div>\n<\/div>\n\n<div class=\"gb-container gb-container-519cf624\">\n<div class=\"gb-container gb-container-71ca071e\">\n<div class=\"gb-grid-wrapper gb-grid-wrapper-8a5f0688\">\n<div class=\"gb-grid-column gb-grid-column-1e99b1c2\"><div class=\"gb-container gb-container-1e99b1c2\">\n\n<figure class=\"gb-block-image gb-block-image-e4eaba54\"><img decoding=\"async\" width=\"665\" height=\"545\" class=\"gb-image gb-image-e4eaba54\" src=\"https:\/\/hengxingmachinery.com\/wp-content\/uploads\/2025\/01\/dry-ball-mill-for-sale.jpg\" alt=\"\" title=\"broyeur-a-boulets-sec-a-vendre\" srcset=\"https:\/\/hengxingmachinery.com\/wp-content\/uploads\/2025\/01\/dry-ball-mill-for-sale.jpg 665w, https:\/\/hengxingmachinery.com\/wp-content\/uploads\/2025\/01\/dry-ball-mill-for-sale-300x246.jpg 300w, https:\/\/hengxingmachinery.com\/wp-content\/uploads\/2025\/01\/dry-ball-mill-for-sale-15x12.jpg 15w\" sizes=\"(max-width: 665px) 100vw, 665px\" \/><\/figure>\n\n<\/div><\/div>\n\n<div class=\"gb-grid-column gb-grid-column-bcae065b\"><div class=\"gb-container gb-container-bcae065b\">\n\n<p>Un broyeur \u00e0 boulets \u00e0 sec, \u00e9galement appel\u00e9 broyeur sec, est principalement utilis\u00e9 dans le broyage des produits finis et des mati\u00e8res premi\u00e8res dans les cimenteries. Il convient \u00e9galement au broyage de divers minerais et autres mat\u00e9riaux broyables dans les secteurs de la m\u00e9tallurgie, de la chimie et de l'\u00e9lectricit\u00e9. <\/p>\n\n\n\n<p>Il diff\u00e8re du broyeur \u00e0 boulets humide en ce qu'il n\u00e9cessite que le mat\u00e9riau soit sec. Il peut \u00eatre utilis\u00e9 pour un broyage en circuit ouvert et convient \u00e9galement au broyage en circuit ferm\u00e9 combin\u00e9 \u00e0 un classificateur. L'effet de broyage global est bon. <\/p>\n\n\n<div class=\"gb-grid-wrapper gb-grid-wrapper-eebec76e\">\n<div class=\"gb-grid-column gb-grid-column-e3ada2f0\"><div class=\"gb-container gb-container-e3ada2f0\">\n\n<p class=\"gb-headline gb-headline-4c79a90a gb-headline-text\"><mark style=\"background-color:rgba(0, 0, 0, 0)\" class=\"has-inline-color has-global-color-8-color\"><strong>Capacit\u00e9:<\/strong><\/mark> 0,65-61,5 t\/h<\/p>\n\n<\/div><\/div>\n\n<div class=\"gb-grid-column gb-grid-column-0bb00826\"><div class=\"gb-container gb-container-0bb00826\">\n\n<p class=\"gb-headline gb-headline-86d53f56 gb-headline-text\"><mark style=\"background-color:rgba(0, 0, 0, 0)\" class=\"has-inline-color has-global-color-8-color\"><strong>Granulom\u00e9trie de d\u00e9charge :<\/strong><\/mark> 0,075\u20130,4 mm<\/p>\n\n<\/div><\/div>\n<\/div>\n\n\n<p class=\"gb-headline gb-headline-2750f5a7 gb-headline-text\"><strong>Mat\u00e9riaux applicables :<\/strong><\/p>\n\n\n\n<p class=\"gb-headline gb-headline-28231626 gb-headline-text\">Feldspath potassique, minerai d'or, minerai de cuivre, minerai de fer et autres min\u00e9raux m\u00e9talliques et non m\u00e9talliques.<\/p>\n\n\n\n<p class=\"gb-headline gb-headline-c2b2172d gb-headline-text\"><strong>Application :<\/strong><\/p>\n\n\n\n<p class=\"gb-headline gb-headline-6d45c959 gb-headline-text\">Large utilisation dans les industries de production du ciment, des produits silicat\u00e9s, des nouveaux mat\u00e9riaux de construction, des mat\u00e9riaux r\u00e9fractaires, des engrais, de la valorisation des m\u00e9taux ferreux et non ferreux, de la verrerie-c\u00e9ramique, etc.<\/p>\n\n\n<div class=\"gb-container gb-container-256e15f1\">\n\n<a class=\"gb-button gb-button-e8b73d89 gb-button-text\" href=\"#popmake-622\">Obtenez un devis gratuit maintenant<\/a>\n\n<\/div>\n<\/div><\/div>\n<\/div>\n<\/div>\n<\/div>\n\n<div class=\"gb-container gb-container-af5f8799\">\n<div class=\"gb-container gb-container-2298848b\">\n\n<h2 class=\"gb-headline gb-headline-9d27ad2c gb-headline-text\">Caract\u00e9ristiques du broyeur \u00e0 boulets \u00e0 sec <\/h2>\n\n\n\n<figure class=\"gb-block-image gb-block-image-a8618db3\"><img decoding=\"async\" class=\"gb-image gb-image-a8618db3\" src=\"https:\/\/hengxingmachinery.com\/wp-content\/uploads\/2025\/01\/dry-ball-mill-structure-1.jpg\" alt=\"\" title=\"structure-du-broyeur-a-boulets-sec\"\/><\/figure>\n\n\n\n<h3 class=\"gb-headline gb-headline-cf1e8bea gb-headline-text\">1. Bon effet de broyage<\/h3>\n\n\n\n<p>L'\u00e9quipement optimise le rapport longueur\/diam\u00e8tre pour \u00e9viter un surbroyage et obtenir un meilleur effet de broyage ; de plus, le taux d'ouverture de sa grille est optimis\u00e9 gr\u00e2ce \u00e0 une conception d'ouverture sp\u00e9cifique, et l'utilisation de milieux de broyage plus petits peut am\u00e9liorer la finesse de broyage.<\/p>\n\n\n\n<h3 class=\"gb-headline gb-headline-40662e8b gb-headline-text\">2. Longue dur\u00e9e de vie<\/h3>\n\n\n\n<p>Le broyeur \u00e0 boulets \u00e0 sec adopte une d\u00e9charge par grille \u00e0 l'extr\u00e9mit\u00e9 de broyage, assurant une \u00e9vacuation fluide, sans ph\u00e9nom\u00e8ne de remont\u00e9e ou de rebroyage. Le cylindre ne n\u00e9cessite pas de refroidissement, ce qui garantit une longue dur\u00e9e de vie et un faible taux de panne.<\/p>\n\n\n\n<h3 class=\"gb-headline gb-headline-b5dd747c gb-headline-text\">3. Respectueux de l'environnement et \u00e9conome en \u00e9nergie<\/h3>\n\n\n\n<p>Les milieux de broyage du broyeur \u00e0 boulets \u00e0 sec sont dos\u00e9s de mani\u00e8re raisonn\u00e9e selon les exigences du produit, avec un taux de remplissage \u00e9lev\u00e9 et un rendement important. De plus, l'ad\u00e9quation entre l'entra\u00eenement et la consommation \u00e9nerg\u00e9tique de broyage est optimis\u00e9e pour une meilleure \u00e9conomie d'\u00e9nergie. Le broyeur \u00e0 boulets \u00e0 sec est souvent combin\u00e9 \u00e0 un classificateur pour former un syst\u00e8me ferm\u00e9 avec transport par d\u00e9pression, sans pollution par la poussi\u00e8re.<\/p>\n\n\n<div class=\"gb-container gb-container-d7b7b595\">\n\n<a class=\"gb-button gb-button-c1312760 gb-button-text\" href=\"#popmake-622\">Obtenez un devis gratuit maintenant<\/a>\n\n<\/div>\n<\/div>\n<\/div>\n\n<div class=\"gb-container gb-container-ebd718b6\">\n<div class=\"gb-container gb-container-5c75b960\">\n\n<h2 class=\"gb-headline gb-headline-98859344 gb-headline-text\">Structure du broyeur \u00e0 boulets \u00e0 sec<\/h2>\n\n\n\n<figure class=\"gb-block-image gb-block-image-c486b36e\"><img decoding=\"async\" width=\"920\" height=\"420\" class=\"gb-image gb-image-c486b36e\" src=\"https:\/\/hengxingmachinery.com\/wp-content\/uploads\/2025\/01\/dry-ball-mill-feature.jpg\" alt=\"\" title=\"caracteristiques-du-broyeur-a-boulets-sec\" srcset=\"https:\/\/hengxingmachinery.com\/wp-content\/uploads\/2025\/01\/dry-ball-mill-feature.jpg 920w, https:\/\/hengxingmachinery.com\/wp-content\/uploads\/2025\/01\/dry-ball-mill-feature-300x137.jpg 300w, https:\/\/hengxingmachinery.com\/wp-content\/uploads\/2025\/01\/dry-ball-mill-feature-768x351.jpg 768w, https:\/\/hengxingmachinery.com\/wp-content\/uploads\/2025\/01\/dry-ball-mill-feature-18x8.jpg 18w\" sizes=\"(max-width: 920px) 100vw, 920px\" \/><\/figure>\n\n\n\n<p>Le broyeur \u00e0 boulets \u00e0 sec a une structure simple et une utilisation facile. Sa structure principale est compos\u00e9e d'un cylindre, de deux paliers et d'un dispositif d'entra\u00eenement. Le cylindre est soud\u00e9 ou rivet\u00e9 avec des tiges d'acier standard, et les deux extr\u00e9mit\u00e9s sont en fonte. <\/p>\n\n\n\n<p>Pour l'\u00e9tanch\u00e9it\u00e9, l'ext\u00e9rieur du couvercle d'extr\u00e9mit\u00e9 est g\u00e9n\u00e9ralement \u00e9quip\u00e9 de nervures de renforcement pour am\u00e9liorer l'effet d'\u00e9tanch\u00e9it\u00e9. Le milieu du cylindre est pourvu d'une ouverture pour l'alimentation et la d\u00e9charge.<\/p>\n\n\n<div class=\"gb-container gb-container-d6bbf16a\">\n\n<a class=\"gb-button gb-button-caa3f2bc gb-button-text\" href=\"#popmake-622\">Obtenez un devis gratuit maintenant<\/a>\n\n<\/div>\n<\/div>\n<\/div>\n\n<div class=\"gb-container gb-container-118270fb\">\n<div class=\"gb-container gb-container-3b1e5c86\">\n\n<h2 class=\"gb-headline gb-headline-4183a533 gb-headline-text\">Principe de fonctionnement du broyeur \u00e0 boulets \u00e0 sec<\/h2>\n\n\n\n<figure class=\"gb-block-image gb-block-image-68116685\"><img decoding=\"async\" width=\"920\" height=\"420\" class=\"gb-image gb-image-68116685\" src=\"https:\/\/hengxingmachinery.com\/wp-content\/uploads\/2025\/01\/dry-ball-mill-working.jpg\" alt=\"\" title=\"fonctionnement-du-broyeur-a-boulets-sec\" srcset=\"https:\/\/hengxingmachinery.com\/wp-content\/uploads\/2025\/01\/dry-ball-mill-working.jpg 920w, https:\/\/hengxingmachinery.com\/wp-content\/uploads\/2025\/01\/dry-ball-mill-working-300x137.jpg 300w, https:\/\/hengxingmachinery.com\/wp-content\/uploads\/2025\/01\/dry-ball-mill-working-768x351.jpg 768w, https:\/\/hengxingmachinery.com\/wp-content\/uploads\/2025\/01\/dry-ball-mill-working-18x8.jpg 18w\" sizes=\"(max-width: 920px) 100vw, 920px\" \/><\/figure>\n\n\n\n<p>Le broyeur \u00e0 boulets \u00e0 sec est un dispositif rotatif cylindrique horizontal, similaire en principe de fonctionnement aux broyeurs \u00e0 boulets \u00e0 grille, compos\u00e9 de deux chambres et entra\u00een\u00e9 par un engrenage ext\u00e9rieur. Lorsque le mat\u00e9riau est introduit par le dispositif d'alimentation et p\u00e9n\u00e8tre dans la premi\u00e8re chambre du broyeur via la vis de l'arbre creux, il est r\u00e9parti uniform\u00e9ment. Cette chambre est dot\u00e9e de rev\u00eatements en escalier ou ondul\u00e9s et remplie de boules d'acier de diff\u00e9rentes sp\u00e9cifications. La rotation du cylindre g\u00e9n\u00e8re une force centrifuge qui soul\u00e8ve les boules d'acier \u00e0 une certaine hauteur avant qu'elles ne retombent, exer\u00e7ant ainsi un fort impact et une action de broyage sur le mat\u00e9riau.<\/p>\n\n\n\n<p>Apr\u00e8s un broyage grossier dans la premi\u00e8re chambre, le mat\u00e9riau traverse une cloison simple pour entrer dans la deuxi\u00e8me chambre. Celle-ci est rev\u00eatue de plaques planes et remplie de boules d'acier pour un broyage plus fin du mat\u00e9riau. Le mat\u00e9riau pulv\u00e9ris\u00e9 est \u00e9vacu\u00e9 \u00e0 travers la grille de d\u00e9charge, achevant ainsi l'op\u00e9ration de broyage.<\/p>\n\n\n<div class=\"gb-container gb-container-73594bdb\">\n\n<a class=\"gb-button gb-button-ec632b07 gb-button-text\" href=\"#popmake-622\">Obtenez un devis gratuit maintenant<\/a>\n\n<\/div>\n<\/div>\n<\/div>\n\n<div class=\"gb-container gb-container-435ad261\">\n<div class=\"gb-container gb-container-7dc79cc4\">\n\n<h2 class=\"gb-headline gb-headline-6fe5dee2 gb-headline-text\">Sp\u00e9cifications du broyeur \u00e0 boulets \u00e0 sec<\/h2>\n\n\n\n<figure class=\"wp-block-table is-style-stripes\"><table class=\"has-fixed-layout\"><tbody><tr><td><strong>Mod\u00e8le<\/strong><\/td><td><strong>Vitesse de rotation du cylindre<br>(tr\/min)<\/strong><\/td><td><strong>Charge de boulets<br>(t)<\/strong><\/td><td><strong>Taille d'alimentation<br>(mm)<\/strong><\/td><td><strong>Taille de sortie<br>(mm)<\/strong><\/td><td><strong>Capacit\u00e9<br>(t\/h)<\/strong><\/td><td><strong>Pouvoir<br>(kW)<\/strong><\/td><td><strong>Poids<br>(t)<\/strong><\/td><\/tr><tr><td>\u0424900\u00d71800<\/td><td>36<\/td><td>1.5<\/td><td>\u226420<\/td><td>0.075-0.89<\/td><td>0.65-2<\/td><td>18.5<\/td><td>5.85<\/td><\/tr><tr><td>\u0424900\u00d73000<\/td><td>38<\/td><td>2.7<\/td><td>\u226420<\/td><td>0.075-0.89<\/td><td>1.1-3.5<\/td><td>22<\/td><td>6.98<\/td><\/tr><tr><td>\u04241200\u00d72400<\/td><td>36<\/td><td>3<\/td><td>\u226425<\/td><td>0.075-0.6<\/td><td>1.5-4.8<\/td><td>30<\/td><td>13.6<\/td><\/tr><tr><td>\u04241200\u00d73000<\/td><td>36<\/td><td>3.5<\/td><td>\u226425<\/td><td>0.074-0.4<\/td><td>1.6-5<\/td><td>37<\/td><td>14.3<\/td><\/tr><tr><td>\u04241200\u00d74500<\/td><td>36<\/td><td>5<\/td><td>\u226425<\/td><td>0.074-0.4<\/td><td>1.6-5.8<\/td><td>55<\/td><td>15.6<\/td><\/tr><tr><td>\u04241500\u00d73000<\/td><td>32.4<\/td><td>7.5<\/td><td>\u226425<\/td><td>0.074-0.4<\/td><td>2-5<\/td><td>75<\/td><td>19.5<\/td><\/tr><tr><td>\u04241500\u00d74500<\/td><td>29.7<\/td><td>11<\/td><td>\u226425<\/td><td>0.074-0.4<\/td><td>3-6<\/td><td>110<\/td><td>22<\/td><\/tr><tr><td>\u04241500\u00d75700<\/td><td>27<\/td><td>12<\/td><td>\u226425<\/td><td>0.074-0.4<\/td><td>3.5-6<\/td><td>130<\/td><td>25.8<\/td><\/tr><tr><td>\u04241830\u00d73000<\/td><td>25.4<\/td><td>11<\/td><td>\u226425<\/td><td>0.074-0.4<\/td><td>4-10<\/td><td>130<\/td><td>34.5<\/td><\/tr><tr><td>\u04241830\u00d74500<\/td><td>25.4<\/td><td>15<\/td><td>\u226425<\/td><td>0.074-0.4<\/td><td>4.5-12<\/td><td>155<\/td><td>38<\/td><\/tr><tr><td>\u04241830\u00d76400<\/td><td>24.1<\/td><td>21<\/td><td>\u226425<\/td><td>0.074-0.4<\/td><td>6.5-15<\/td><td>210<\/td><td>43<\/td><\/tr><tr><td>\u04241830\u00d77000<\/td><td>24.1<\/td><td>23<\/td><td>\u226425<\/td><td>0.074-0.4<\/td><td>7.5-17<\/td><td>245<\/td><td>43.8<\/td><\/tr><tr><td>\u04242100\u00d73000<\/td><td>23.7<\/td><td>15<\/td><td>\u226425<\/td><td>0.074-0.4<\/td><td>6.5-36<\/td><td>155<\/td><td>45<\/td><\/tr><tr><td>\u04242100\u00d74500<\/td><td>23.7<\/td><td>24<\/td><td>\u226425<\/td><td>0.074-0.4<\/td><td>8-43<\/td><td>245<\/td><td>56&nbsp;<\/td><\/tr><tr><td>\u04242100\u00d77000<\/td><td>23.7<\/td><td>26<\/td><td>\u226425<\/td><td>0.074-0.4<\/td><td>12-48<\/td><td>280<\/td><td>59.5<\/td><\/tr><tr><td>\u04242200\u00d74500<\/td><td>21.5<\/td><td>27<\/td><td>\u226425<\/td><td>0.074-0.4<\/td><td>9-45<\/td><td>280<\/td><td>54.5<\/td><\/tr><tr><td>\u04242200\u00d76500<\/td><td>21.7<\/td><td>35<\/td><td>\u226425<\/td><td>0.074-0.4<\/td><td>14-26<\/td><td>380<\/td><td>61<\/td><\/tr><tr><td>\u04242200\u00d77000<\/td><td>21.7<\/td><td>35<\/td><td>\u226425<\/td><td>0.074-0.4<\/td><td>15-28<\/td><td>380<\/td><td>62.5<\/td><\/tr><tr><td>\u04242200\u00d77500<\/td><td>21.7<\/td><td>35<\/td><td>\u226425<\/td><td>0.074-0.4<\/td><td>15-30<\/td><td>380<\/td><td>64.8<\/td><\/tr><tr><td>\u04242400\u00d73000<\/td><td>21<\/td><td>23<\/td><td>\u226425<\/td><td>0.074-0.4<\/td><td>7-50<\/td><td>245<\/td><td>58<\/td><\/tr><tr><td>\u04242400\u00d74500<\/td><td>21<\/td><td>30<\/td><td>\u226425<\/td><td>0.074-0.4<\/td><td>8.5-60<\/td><td>320<\/td><td>72<\/td><\/tr><tr><td>\u04242700\u00d74000<\/td><td>20.7<\/td><td>40<\/td><td>\u226425<\/td><td>0.074-0.4<\/td><td>22-80<\/td><td>380<\/td><td>95<\/td><\/tr><tr><td>\u04242700\u00d74500<\/td><td>20.7<\/td><td>48<\/td><td>\u226425<\/td><td>0.074-0.4<\/td><td>26-90<\/td><td>480<\/td><td>102<\/td><\/tr><tr><td>\u04243200\u00d74500<\/td><td>18<\/td><td>65<\/td><td>\u226425<\/td><td>0.074-0.4<\/td><td>D\u00e9pend des conditions de travail<\/td><td>630<\/td><td>149<\/td><\/tr><tr><td>\u04243600\u00d74500<\/td><td>17<\/td><td>90<\/td><td>\u226425<\/td><td>0.074-0.4<\/td><td>D\u00e9pend des conditions de travail<\/td><td>850<\/td><td>169<\/td><\/tr><tr><td>\u04243600\u00d76000<\/td><td>17<\/td><td>110<\/td><td>\u226425<\/td><td>0.074-0.4<\/td><td>D\u00e9pend des conditions de travail<\/td><td>1250<\/td><td>198<\/td><\/tr><\/tbody><\/table><\/figure>\n\n\n<div class=\"gb-container gb-container-263d9700\">\n\n<a class=\"gb-button gb-button-a4cbb7be gb-button-text\" href=\"#popmake-622\">Obtenez un devis gratuit maintenant<\/a>\n\n<\/div>\n<\/div>\n<\/div>\n\n\n<p><\/p>","protected":false},"excerpt":{"rendered":"<p>Dry ball mill Features of dry ball mill 1. Good grinding effect The equipment optimizes the aspect ratio to prevent excessive grinding and achieve a better grinding effect; in addition, the opening rate of its grate plate is optimized the opening design is adopted, and the use of smaller grinding media can improve the grinding &#8230; <\/p>\n<p class=\"read-more-container\"><a title=\"3-1. Broyeur \u00e0 boulets \u00e0 sec\" class=\"read-more button\" href=\"https:\/\/hengxingmachinery.com\/fr\/dry-ball-mill\/#more-1389\" aria-label=\"En savoir plus sur 3-1. Dry ball mill\">Lire plus<\/a><\/p>","protected":false},"author":1,"featured_media":0,"parent":0,"menu_order":0,"comment_status":"closed","ping_status":"closed","template":"","meta":{"footnotes":""},"class_list":["post-1389","page","type-page","status-publish"],"yoast_head":"<!-- This site is optimized with the Yoast SEO plugin v27.4 - https:\/\/yoast.com\/product\/yoast-seo-wordpress\/ -->\n<title>3-1. Dry ball mill - Hengxing Machinery<\/title>\n<meta name=\"robots\" content=\"index, follow, max-snippet:-1, max-image-preview:large, max-video-preview:-1\" \/>\n<link rel=\"canonical\" href=\"https:\/\/hengxingmachinery.com\/fr\/dry-ball-mill\/\" \/>\n<meta property=\"og:locale\" content=\"fr_FR\" \/>\n<meta property=\"og:type\" content=\"article\" \/>\n<meta property=\"og:title\" content=\"3-1. Dry ball mill - Hengxing Machinery\" \/>\n<meta property=\"og:description\" content=\"Dry ball mill Features of dry ball mill 1. Good grinding effect The equipment optimizes the aspect ratio to prevent excessive grinding and achieve a better grinding effect; in addition, the opening rate of its grate plate is optimized the opening design is adopted, and the use of smaller grinding media can improve the grinding ... Lire plus\" \/>\n<meta property=\"og:url\" content=\"https:\/\/hengxingmachinery.com\/fr\/dry-ball-mill\/\" \/>\n<meta property=\"og:site_name\" content=\"Hengxing Machinery\" \/>\n<meta property=\"article:modified_time\" content=\"2025-01-13T09:31:11+00:00\" \/>\n<meta property=\"og:image\" content=\"https:\/\/hengxingmachinery.com\/wp-content\/uploads\/2025\/01\/dry-ball-mill-for-sale.jpg\" \/>\n<meta name=\"twitter:card\" content=\"summary_large_image\" \/>\n<meta name=\"twitter:label1\" content=\"Dur\u00e9e de lecture estim\u00e9e\" \/>\n\t<meta name=\"twitter:data1\" content=\"5 minutes\" \/>\n<script type=\"application\/ld+json\" class=\"yoast-schema-graph\">{\"@context\":\"https:\\\/\\\/schema.org\",\"@graph\":[{\"@type\":\"WebPage\",\"@id\":\"https:\\\/\\\/hengxingmachinery.com\\\/dry-ball-mill\\\/\",\"url\":\"https:\\\/\\\/hengxingmachinery.com\\\/dry-ball-mill\\\/\",\"name\":\"3-1. Dry ball mill - Hengxing Machinery\",\"isPartOf\":{\"@id\":\"https:\\\/\\\/hengxingmachinery.com\\\/#website\"},\"primaryImageOfPage\":{\"@id\":\"https:\\\/\\\/hengxingmachinery.com\\\/dry-ball-mill\\\/#primaryimage\"},\"image\":{\"@id\":\"https:\\\/\\\/hengxingmachinery.com\\\/dry-ball-mill\\\/#primaryimage\"},\"thumbnailUrl\":\"https:\\\/\\\/hengxingmachinery.com\\\/wp-content\\\/uploads\\\/2025\\\/01\\\/dry-ball-mill-for-sale.jpg\",\"datePublished\":\"2025-01-10T07:07:05+00:00\",\"dateModified\":\"2025-01-13T09:31:11+00:00\",\"breadcrumb\":{\"@id\":\"https:\\\/\\\/hengxingmachinery.com\\\/dry-ball-mill\\\/#breadcrumb\"},\"inLanguage\":\"fr-FR\",\"potentialAction\":[{\"@type\":\"ReadAction\",\"target\":[\"https:\\\/\\\/hengxingmachinery.com\\\/dry-ball-mill\\\/\"]}]},{\"@type\":\"ImageObject\",\"inLanguage\":\"fr-FR\",\"@id\":\"https:\\\/\\\/hengxingmachinery.com\\\/dry-ball-mill\\\/#primaryimage\",\"url\":\"https:\\\/\\\/hengxingmachinery.com\\\/wp-content\\\/uploads\\\/2025\\\/01\\\/dry-ball-mill-for-sale.jpg\",\"contentUrl\":\"https:\\\/\\\/hengxingmachinery.com\\\/wp-content\\\/uploads\\\/2025\\\/01\\\/dry-ball-mill-for-sale.jpg\"},{\"@type\":\"BreadcrumbList\",\"@id\":\"https:\\\/\\\/hengxingmachinery.com\\\/dry-ball-mill\\\/#breadcrumb\",\"itemListElement\":[{\"@type\":\"ListItem\",\"position\":1,\"name\":\"Home\",\"item\":\"https:\\\/\\\/hengxingmachinery.com\\\/\"},{\"@type\":\"ListItem\",\"position\":2,\"name\":\"3-1. Dry ball mill\"}]},{\"@type\":\"WebSite\",\"@id\":\"https:\\\/\\\/hengxingmachinery.com\\\/#website\",\"url\":\"https:\\\/\\\/hengxingmachinery.com\\\/\",\"name\":\"Hengxing Machinery\",\"description\":\"Leading Manufacturer of All Sorts of Mining Machinery\",\"publisher\":{\"@id\":\"https:\\\/\\\/hengxingmachinery.com\\\/#organization\"},\"potentialAction\":[{\"@type\":\"SearchAction\",\"target\":{\"@type\":\"EntryPoint\",\"urlTemplate\":\"https:\\\/\\\/hengxingmachinery.com\\\/?s={search_term_string}\"},\"query-input\":{\"@type\":\"PropertyValueSpecification\",\"valueRequired\":true,\"valueName\":\"search_term_string\"}}],\"inLanguage\":\"fr-FR\"},{\"@type\":\"Organization\",\"@id\":\"https:\\\/\\\/hengxingmachinery.com\\\/#organization\",\"name\":\"Hengxing Machinery\",\"url\":\"https:\\\/\\\/hengxingmachinery.com\\\/\",\"logo\":{\"@type\":\"ImageObject\",\"inLanguage\":\"fr-FR\",\"@id\":\"https:\\\/\\\/hengxingmachinery.com\\\/#\\\/schema\\\/logo\\\/image\\\/\",\"url\":\"https:\\\/\\\/hengxingmachinery.com\\\/wp-content\\\/uploads\\\/2024\\\/12\\\/logo.png\",\"contentUrl\":\"https:\\\/\\\/hengxingmachinery.com\\\/wp-content\\\/uploads\\\/2024\\\/12\\\/logo.png\",\"width\":400,\"height\":260,\"caption\":\"Hengxing Machinery\"},\"image\":{\"@id\":\"https:\\\/\\\/hengxingmachinery.com\\\/#\\\/schema\\\/logo\\\/image\\\/\"}}]}<\/script>\n<!-- \/ Yoast SEO plugin. -->","yoast_head_json":{"title":"3-1. Broyeur \u00e0 boulets sec - Hengxing Machinery","robots":{"index":"index","follow":"follow","max-snippet":"max-snippet:-1","max-image-preview":"max-image-preview:large","max-video-preview":"max-video-preview:-1"},"canonical":"https:\/\/hengxingmachinery.com\/fr\/dry-ball-mill\/","og_locale":"fr_FR","og_type":"article","og_title":"3-1. Dry ball mill - Hengxing Machinery","og_description":"Dry ball mill Features of dry ball mill 1. Good grinding effect The equipment optimizes the aspect ratio to prevent excessive grinding and achieve a better grinding effect; in addition, the opening rate of its grate plate is optimized the opening design is adopted, and the use of smaller grinding media can improve the grinding ... Lire plus","og_url":"https:\/\/hengxingmachinery.com\/fr\/dry-ball-mill\/","og_site_name":"Hengxing Machinery","article_modified_time":"2025-01-13T09:31:11+00:00","og_image":[{"url":"https:\/\/hengxingmachinery.com\/wp-content\/uploads\/2025\/01\/dry-ball-mill-for-sale.jpg","type":"","width":"","height":""}],"twitter_card":"summary_large_image","twitter_misc":{"Dur\u00e9e de lecture estim\u00e9e":"5 minutes"},"schema":{"@context":"https:\/\/schema.org","@graph":[{"@type":"WebPage","@id":"https:\/\/hengxingmachinery.com\/dry-ball-mill\/","url":"https:\/\/hengxingmachinery.com\/dry-ball-mill\/","name":"3-1. Broyeur \u00e0 boulets sec - Hengxing Machinery","isPartOf":{"@id":"https:\/\/hengxingmachinery.com\/#website"},"primaryImageOfPage":{"@id":"https:\/\/hengxingmachinery.com\/dry-ball-mill\/#primaryimage"},"image":{"@id":"https:\/\/hengxingmachinery.com\/dry-ball-mill\/#primaryimage"},"thumbnailUrl":"https:\/\/hengxingmachinery.com\/wp-content\/uploads\/2025\/01\/dry-ball-mill-for-sale.jpg","datePublished":"2025-01-10T07:07:05+00:00","dateModified":"2025-01-13T09:31:11+00:00","breadcrumb":{"@id":"https:\/\/hengxingmachinery.com\/dry-ball-mill\/#breadcrumb"},"inLanguage":"fr-FR","potentialAction":[{"@type":"ReadAction","target":["https:\/\/hengxingmachinery.com\/dry-ball-mill\/"]}]},{"@type":"ImageObject","inLanguage":"fr-FR","@id":"https:\/\/hengxingmachinery.com\/dry-ball-mill\/#primaryimage","url":"https:\/\/hengxingmachinery.com\/wp-content\/uploads\/2025\/01\/dry-ball-mill-for-sale.jpg","contentUrl":"https:\/\/hengxingmachinery.com\/wp-content\/uploads\/2025\/01\/dry-ball-mill-for-sale.jpg"},{"@type":"BreadcrumbList","@id":"https:\/\/hengxingmachinery.com\/dry-ball-mill\/#breadcrumb","itemListElement":[{"@type":"ListItem","position":1,"name":"Home","item":"https:\/\/hengxingmachinery.com\/"},{"@type":"ListItem","position":2,"name":"3-1. Dry ball mill"}]},{"@type":"WebSite","@id":"https:\/\/hengxingmachinery.com\/#website","url":"https:\/\/hengxingmachinery.com\/","name":"Machines Hengxing","description":"Fabricant leader de toutes sortes de machines mini\u00e8res","publisher":{"@id":"https:\/\/hengxingmachinery.com\/#organization"},"potentialAction":[{"@type":"SearchAction","target":{"@type":"EntryPoint","urlTemplate":"https:\/\/hengxingmachinery.com\/?s={search_term_string}"},"query-input":{"@type":"PropertyValueSpecification","valueRequired":true,"valueName":"search_term_string"}}],"inLanguage":"fr-FR"},{"@type":"Organization","@id":"https:\/\/hengxingmachinery.com\/#organization","name":"Machines Hengxing","url":"https:\/\/hengxingmachinery.com\/","logo":{"@type":"ImageObject","inLanguage":"fr-FR","@id":"https:\/\/hengxingmachinery.com\/#\/schema\/logo\/image\/","url":"https:\/\/hengxingmachinery.com\/wp-content\/uploads\/2024\/12\/logo.png","contentUrl":"https:\/\/hengxingmachinery.com\/wp-content\/uploads\/2024\/12\/logo.png","width":400,"height":260,"caption":"Hengxing Machinery"},"image":{"@id":"https:\/\/hengxingmachinery.com\/#\/schema\/logo\/image\/"}}]}},"_links":{"self":[{"href":"https:\/\/hengxingmachinery.com\/fr\/wp-json\/wp\/v2\/pages\/1389","targetHints":{"allow":["GET"]}}],"collection":[{"href":"https:\/\/hengxingmachinery.com\/fr\/wp-json\/wp\/v2\/pages"}],"about":[{"href":"https:\/\/hengxingmachinery.com\/fr\/wp-json\/wp\/v2\/types\/page"}],"author":[{"embeddable":true,"href":"https:\/\/hengxingmachinery.com\/fr\/wp-json\/wp\/v2\/users\/1"}],"replies":[{"embeddable":true,"href":"https:\/\/hengxingmachinery.com\/fr\/wp-json\/wp\/v2\/comments?post=1389"}],"version-history":[{"count":2,"href":"https:\/\/hengxingmachinery.com\/fr\/wp-json\/wp\/v2\/pages\/1389\/revisions"}],"predecessor-version":[{"id":1584,"href":"https:\/\/hengxingmachinery.com\/fr\/wp-json\/wp\/v2\/pages\/1389\/revisions\/1584"}],"wp:attachment":[{"href":"https:\/\/hengxingmachinery.com\/fr\/wp-json\/wp\/v2\/media?parent=1389"}],"curies":[{"name":"wp","href":"https:\/\/api.w.org\/{rel}","templated":true}]}}