{"id":1405,"date":"2025-01-10T07:16:04","date_gmt":"2025-01-10T07:16:04","guid":{"rendered":"https:\/\/hengxingmachinery.com\/?page_id=1405"},"modified":"2025-02-11T04:04:17","modified_gmt":"2025-02-11T04:04:17","slug":"grate-ball-mills","status":"publish","type":"page","link":"https:\/\/hengxingmachinery.com\/fr\/grate-ball-mills\/","title":{"rendered":"3-1. Broyeur \u00e0 boulets \u00e0 grille"},"content":{"rendered":"<div class=\"gb-container gb-container-45165f5a\">\n<div class=\"gb-container gb-container-c2652eb4\">\n\n<h1 class=\"gb-headline gb-headline-62a8b2cc gb-headline-text\">Broyeur \u00e0 boulets \u00e0 grille<\/h1>\n\n<\/div>\n<\/div>\n\n<div class=\"gb-container gb-container-519cf624\">\n<div class=\"gb-container gb-container-71ca071e\">\n<div class=\"gb-grid-wrapper gb-grid-wrapper-8a5f0688\">\n<div class=\"gb-grid-column gb-grid-column-1e99b1c2\"><div class=\"gb-container gb-container-1e99b1c2\">\n\n<figure class=\"gb-block-image gb-block-image-e4eaba54\"><img decoding=\"async\" width=\"665\" height=\"545\" class=\"gb-image gb-image-e4eaba54\" src=\"https:\/\/hengxingmachinery.com\/wp-content\/uploads\/2025\/01\/grate-ball-mill-for-sale.jpg\" alt=\"\" title=\"broyeur-a-boulets-a-grille-a-vendre\" srcset=\"https:\/\/hengxingmachinery.com\/wp-content\/uploads\/2025\/01\/grate-ball-mill-for-sale.jpg 665w, https:\/\/hengxingmachinery.com\/wp-content\/uploads\/2025\/01\/grate-ball-mill-for-sale-300x246.jpg 300w, https:\/\/hengxingmachinery.com\/wp-content\/uploads\/2025\/01\/grate-ball-mill-for-sale-15x12.jpg 15w\" sizes=\"(max-width: 665px) 100vw, 665px\" \/><\/figure>\n\n<\/div><\/div>\n\n<div class=\"gb-grid-column gb-grid-column-bcae065b\"><div class=\"gb-container gb-container-bcae065b\">\n\n<p>Le broyeur \u00e0 boulets \u00e0 grille (ou broyeur \u00e0 boulets \u00e0 d\u00e9charge par grille) est g\u00e9n\u00e9ralement utilis\u00e9 pour un broyage en une \u00e9tape ou pour des minerais n\u00e9cessitant une force de broyage relativement grossi\u00e8re, en raison de la grille de d\u00e9charge situ\u00e9e \u00e0 l'extr\u00e9mit\u00e9 d'\u00e9vacuation.<\/p>\n\n\n\n<p>Les broyeurs \u00e0 boulets \u00e0 grille sont \u00e9galement divis\u00e9s en broyeurs \u00e0 boulets \u00e0 grille humide et broyeurs \u00e0 boulets \u00e0 grille sec.<\/p>\n\n\n<div class=\"gb-grid-wrapper gb-grid-wrapper-eebec76e\">\n<div class=\"gb-grid-column gb-grid-column-e3ada2f0\"><div class=\"gb-container gb-container-e3ada2f0\">\n\n<p class=\"gb-headline gb-headline-4c79a90a gb-headline-text\"><mark style=\"background-color:rgba(0, 0, 0, 0)\" class=\"has-inline-color has-global-color-8-color\"><strong>Capacit\u00e9:<\/strong><\/mark> 0,65-90t\/h<\/p>\n\n<\/div><\/div>\n\n<div class=\"gb-grid-column gb-grid-column-0bb00826\"><div class=\"gb-container gb-container-0bb00826\">\n\n<p class=\"gb-headline gb-headline-86d53f56 gb-headline-text\"><mark style=\"background-color:rgba(0, 0, 0, 0)\" class=\"has-inline-color has-global-color-8-color\"><strong>Granulom\u00e9trie de d\u00e9charge :<\/strong><\/mark> 0,075\u20130,4 mm<\/p>\n\n<\/div><\/div>\n<\/div>\n\n\n<p class=\"gb-headline gb-headline-2750f5a7 gb-headline-text\"><strong>Taille d&#039;alimentation :<\/strong><\/p>\n\n\n\n<p class=\"gb-headline gb-headline-28231626 gb-headline-text\">\u226420 mm \u2013 \u226425 mm<\/p>\n\n\n<div class=\"gb-container gb-container-256e15f1\">\n\n<a class=\"gb-button gb-button-e8b73d89 gb-button-text\" href=\"#popmake-622\">Obtenez un devis gratuit maintenant<\/a>\n\n<\/div>\n<\/div><\/div>\n<\/div>\n<\/div>\n<\/div>\n\n<div class=\"gb-container gb-container-118270fb\">\n<div class=\"gb-container gb-container-3b1e5c86\">\n\n<h2 class=\"gb-headline gb-headline-4183a533 gb-headline-text\">Principe de fonctionnement du broyeur \u00e0 boulets \u00e0 grille<\/h2>\n\n\n\n<figure class=\"gb-block-image gb-block-image-68116685\"><img decoding=\"async\" width=\"920\" height=\"420\" class=\"gb-image gb-image-68116685\" src=\"https:\/\/hengxingmachinery.com\/wp-content\/uploads\/2025\/01\/grate-ball-mill-feature.jpg\" alt=\"\" title=\"caracteristiques-du-broyeur-a-boulets-a-grille\" srcset=\"https:\/\/hengxingmachinery.com\/wp-content\/uploads\/2025\/01\/grate-ball-mill-feature.jpg 920w, https:\/\/hengxingmachinery.com\/wp-content\/uploads\/2025\/01\/grate-ball-mill-feature-300x137.jpg 300w, https:\/\/hengxingmachinery.com\/wp-content\/uploads\/2025\/01\/grate-ball-mill-feature-768x351.jpg 768w, https:\/\/hengxingmachinery.com\/wp-content\/uploads\/2025\/01\/grate-ball-mill-feature-18x8.jpg 18w\" sizes=\"(max-width: 920px) 100vw, 920px\" \/><\/figure>\n\n\n\n<p>Le principe de fonctionnement du broyeur \u00e0 boulets \u00e0 grille consiste principalement \u00e0 le faire tourner lentement via un dispositif d'entra\u00eenement, tandis que la mati\u00e8re est introduite par l'extr\u00e9mit\u00e9 d'alimentation du cylindre. Le mat\u00e9riau est broy\u00e9 \u00e0 l'int\u00e9rieur du cylindre sous l'effet de l'impact et de l'autobroyage des boulets d'acier et du minerai lui-m\u00eame. <\/p>\n\n\n\n<p>En raison de l'alimentation continue des mat\u00e9riaux, la pression provoque le d\u00e9placement des mati\u00e8res dans le cylindre de l'extr\u00e9mit\u00e9 d'alimentation vers l'extr\u00e9mit\u00e9 de d\u00e9charge. Les mat\u00e9riaux atteignant la granulom\u00e9trie requise sont \u00e9vacu\u00e9s par l'extr\u00e9mit\u00e9 de d\u00e9charge du cylindre. <\/p>\n\n\n\n<p>Lors du broyage humide, le mat\u00e9riau est \u00e9vacu\u00e9 par le flux d'eau ; lors du broyage \u00e0 sec, il est \u00e9vacu\u00e9 par le flux d'air. Le broyeur \u00e0 boulets est \u00e9quip\u00e9 d'une grille de d\u00e9charge \u00e0 l'extr\u00e9mit\u00e9 d'\u00e9vacuation. Le broyeur \u00e0 boulets \u00e9vacue le minerai de mani\u00e8re forc\u00e9e gr\u00e2ce \u00e0 la plaque de grille. Le niveau de pulpe dans le cylindre est bas, ce qui r\u00e9duit le surbroyage du minerai et emp\u00eache l'\u00e9vacuation des boulets d'acier.<\/p>\n\n\n<div class=\"gb-container gb-container-73594bdb\">\n\n<a class=\"gb-button gb-button-ec632b07 gb-button-text\" href=\"#popmake-622\">Obtenez un devis gratuit maintenant<\/a>\n\n<\/div>\n<\/div>\n<\/div>\n\n<div class=\"gb-container gb-container-435ad261\">\n<div class=\"gb-container gb-container-7dc79cc4\">\n\n<h2 class=\"gb-headline gb-headline-6fe5dee2 gb-headline-text\">Sp\u00e9cifications du broyeur \u00e0 boulets \u00e0 grille<\/h2>\n\n\n\n<figure class=\"wp-block-table is-style-stripes\"><table class=\"has-fixed-layout\"><tbody><tr><td><strong>Mod\u00e8le<\/strong><\/td><td><strong>Granulom\u00e9trie d'alimentation<br>(mm)<\/strong><\/td><td><strong>Granulom\u00e9trie de d\u00e9charge<br>(mm)<\/strong><\/td><td><strong>Capacit\u00e9<br>(t)<\/strong><\/td><td><strong>Puissance du moteur<br>(kW)<\/strong><\/td><td><strong>Poids total<br>(t)<\/strong><\/td><\/tr><tr><td>\u03c6 900\u00d71800<\/td><td>\u226420<\/td><td>0.075-0.89<\/td><td>0.65-2<\/td><td>18.5<\/td><td>5.8<\/td><\/tr><tr><td>\u03c6 900\u00d73000<\/td><td>\u226420<\/td><td>0.075-0.89<\/td><td>1.1-3.5<\/td><td>22<\/td><td>6.8<\/td><\/tr><tr><td>\u03c6 1200\u00d72400<\/td><td>\u226425<\/td><td>0.075-0.6<\/td><td>1.5-4.8<\/td><td>30<\/td><td>12<\/td><\/tr><tr><td>\u03c6 1200\u00d73000<\/td><td>\u226425<\/td><td>0.074-0.4<\/td><td>1.6-5<\/td><td>37<\/td><td>13.2<\/td><\/tr><tr><td>\u03c6 1200\u00d74500<\/td><td>\u226425<\/td><td>0.074-0.4<\/td><td>1.6-5.8<\/td><td>55<\/td><td>13.7<\/td><\/tr><tr><td>\u03c6 1500\u00d73000<\/td><td>\u226425<\/td><td>0.074-0.4<\/td><td>2-5<\/td><td>75<\/td><td>16.5<\/td><\/tr><tr><td>\u03c6 1500\u00d74500<\/td><td>\u226425<\/td><td>0.074-0.4<\/td><td>3-6<\/td><td>110<\/td><td>21<\/td><\/tr><tr><td>\u03c6 1500\u00d75700<\/td><td>\u226425<\/td><td>0.074-0.4<\/td><td>3.5-6<\/td><td>130<\/td><td>24.7<\/td><\/tr><tr><td>\u03c6 1830\u00d73000<\/td><td>\u226425<\/td><td>0.074-0.4<\/td><td>4-10<\/td><td>130<\/td><td>34.5<\/td><\/tr><tr><td>\u03c6 1830\u00d74500<\/td><td>\u226425<\/td><td>0.074-0.4<\/td><td>4.5-12<\/td><td>155<\/td><td>38<\/td><\/tr><tr><td>\u03c6 1830\u00d76400<\/td><td>\u226425<\/td><td>0.074-0.4<\/td><td>6.5-15<\/td><td>210<\/td><td>46<\/td><\/tr><tr><td>\u03c6 1830\u00d77000<\/td><td>\u226425<\/td><td>0.074-0.4<\/td><td>7.5-17<\/td><td>245<\/td><td>49<\/td><\/tr><tr><td>\u03c6 2100\u00d73000<\/td><td>\u226425<\/td><td>0.074-0.4<\/td><td>6.5-36<\/td><td>155<\/td><td>48<\/td><\/tr><tr><td>\u03c6 2100\u00d74500<\/td><td>\u226425<\/td><td>0.074-0.4<\/td><td>8-43<\/td><td>245<\/td><td>59<\/td><\/tr><tr><td>\u03c6 2100\u00d77000<\/td><td>\u226425<\/td><td>0.074-0.4<\/td><td>8-48<\/td><td>280<\/td><td>67.5<\/td><\/tr><tr><td>\u03c6 2200\u00d74500<\/td><td>\u226425<\/td><td>0.074-0.4<\/td><td>9-45<\/td><td>280<\/td><td>58<\/td><\/tr><tr><td>\u03c6 2200\u00d76500<\/td><td>\u226425<\/td><td>0.074-0.4<\/td><td>14-26<\/td><td>380<\/td><td>63<\/td><\/tr><tr><td>\u03c6 2200\u00d77000<\/td><td>\u226425<\/td><td>0.074-0.4<\/td><td>15-28<\/td><td>380<\/td><td>65.3<\/td><\/tr><tr><td>\u03c6 2200\u00d77500<\/td><td>\u226425<\/td><td>0.074-0.4<\/td><td>15-30<\/td><td>380<\/td><td>66.5<\/td><\/tr><tr><td>\u03c6 2400\u00d73000<\/td><td>\u226425<\/td><td>0.074-0.4<\/td><td>7-50<\/td><td>245<\/td><td>65<\/td><\/tr><tr><td>\u03c6 2400\u00d74500<\/td><td>\u226425<\/td><td>0.074-0.4<\/td><td>8.5-60<\/td><td>320<\/td><td>70<\/td><\/tr><tr><td>\u03c6 2700\u00d74000<\/td><td>\u226425<\/td><td>0.074-0.4<\/td><td>12-80<\/td><td>400<\/td><td>92<\/td><\/tr><tr><td>\u03c6 2700\u00d74500<\/td><td>\u226425<\/td><td>0.074-0.4<\/td><td>12-90<\/td><td>430<\/td><td>102<\/td><\/tr><tr><td>\u03c6 3200\u00d74500<\/td><td>\u226425<\/td><td>0.074-0.4<\/td><td>D\u00e9termin\u00e9 par le processus technologique<\/td><td>600<\/td><td>137<\/td><\/tr><tr><td>\u03c6 3600\u00d74500<\/td><td>\u226425<\/td><td>0.074-0.4<\/td><td>D\u00e9termin\u00e9 par le processus technologique<\/td><td>850<\/td><td>158<\/td><\/tr><tr><td>\u03c6 3600\u00d76000<\/td><td>\u226425<\/td><td>0.074-0.4<\/td><td>D\u00e9termin\u00e9 par le processus technologique<\/td><td>1250<\/td><td>175<\/td><\/tr><\/tbody><\/table><\/figure>\n\n\n<div class=\"gb-container gb-container-263d9700\">\n\n<a class=\"gb-button gb-button-a4cbb7be gb-button-text\" href=\"#popmake-622\">Obtenez un devis gratuit maintenant<\/a>\n\n<\/div>\n<\/div>\n<\/div>\n\n\n<p><\/p>","protected":false},"excerpt":{"rendered":"<p>Grate ball mill Grate ball mill working principle The working principle of the grid ball mill is mainly to make it slowly rotate through the transmission device, and the material is fed from the feeding end of the cylinder. The material is crushed in the cylinder due to the impact and self-grinding of the steel &#8230; <\/p>\n<p class=\"read-more-container\"><a title=\"3-1. Broyeur \u00e0 boulets \u00e0 grille\" class=\"read-more button\" href=\"https:\/\/hengxingmachinery.com\/fr\/grate-ball-mills\/#more-1405\" aria-label=\"En savoir plus sur 3-1. Grate ball mill\">Lire plus<\/a><\/p>","protected":false},"author":1,"featured_media":0,"parent":0,"menu_order":0,"comment_status":"closed","ping_status":"closed","template":"","meta":{"footnotes":""},"class_list":["post-1405","page","type-page","status-publish"],"yoast_head":"<!-- This site is optimized with the Yoast SEO plugin v27.4 - https:\/\/yoast.com\/product\/yoast-seo-wordpress\/ -->\n<title>3-1. Grate ball mill - Hengxing Machinery<\/title>\n<meta name=\"robots\" content=\"index, follow, max-snippet:-1, max-image-preview:large, max-video-preview:-1\" \/>\n<link rel=\"canonical\" href=\"https:\/\/hengxingmachinery.com\/fr\/grate-ball-mills\/\" \/>\n<meta property=\"og:locale\" content=\"fr_FR\" \/>\n<meta property=\"og:type\" content=\"article\" \/>\n<meta property=\"og:title\" content=\"3-1. Grate ball mill - Hengxing Machinery\" \/>\n<meta property=\"og:description\" content=\"Grate ball mill Grate ball mill working principle The working principle of the grid ball mill is mainly to make it slowly rotate through the transmission device, and the material is fed from the feeding end of the cylinder. The material is crushed in the cylinder due to the impact and self-grinding of the steel ... Lire plus\" \/>\n<meta property=\"og:url\" content=\"https:\/\/hengxingmachinery.com\/fr\/grate-ball-mills\/\" \/>\n<meta property=\"og:site_name\" content=\"Hengxing Machinery\" \/>\n<meta property=\"article:modified_time\" content=\"2025-02-11T04:04:17+00:00\" \/>\n<meta property=\"og:image\" content=\"https:\/\/hengxingmachinery.com\/wp-content\/uploads\/2025\/01\/grate-ball-mill-for-sale.jpg\" \/>\n<meta name=\"twitter:card\" content=\"summary_large_image\" \/>\n<meta name=\"twitter:label1\" content=\"Dur\u00e9e de lecture estim\u00e9e\" \/>\n\t<meta name=\"twitter:data1\" content=\"3 minutes\" \/>\n<script type=\"application\/ld+json\" class=\"yoast-schema-graph\">{\"@context\":\"https:\\\/\\\/schema.org\",\"@graph\":[{\"@type\":\"WebPage\",\"@id\":\"https:\\\/\\\/hengxingmachinery.com\\\/grate-ball-mills\\\/\",\"url\":\"https:\\\/\\\/hengxingmachinery.com\\\/grate-ball-mills\\\/\",\"name\":\"3-1. Grate ball mill - Hengxing Machinery\",\"isPartOf\":{\"@id\":\"https:\\\/\\\/hengxingmachinery.com\\\/#website\"},\"primaryImageOfPage\":{\"@id\":\"https:\\\/\\\/hengxingmachinery.com\\\/grate-ball-mills\\\/#primaryimage\"},\"image\":{\"@id\":\"https:\\\/\\\/hengxingmachinery.com\\\/grate-ball-mills\\\/#primaryimage\"},\"thumbnailUrl\":\"https:\\\/\\\/hengxingmachinery.com\\\/wp-content\\\/uploads\\\/2025\\\/01\\\/grate-ball-mill-for-sale.jpg\",\"datePublished\":\"2025-01-10T07:16:04+00:00\",\"dateModified\":\"2025-02-11T04:04:17+00:00\",\"breadcrumb\":{\"@id\":\"https:\\\/\\\/hengxingmachinery.com\\\/grate-ball-mills\\\/#breadcrumb\"},\"inLanguage\":\"fr-FR\",\"potentialAction\":[{\"@type\":\"ReadAction\",\"target\":[\"https:\\\/\\\/hengxingmachinery.com\\\/grate-ball-mills\\\/\"]}]},{\"@type\":\"ImageObject\",\"inLanguage\":\"fr-FR\",\"@id\":\"https:\\\/\\\/hengxingmachinery.com\\\/grate-ball-mills\\\/#primaryimage\",\"url\":\"https:\\\/\\\/hengxingmachinery.com\\\/wp-content\\\/uploads\\\/2025\\\/01\\\/grate-ball-mill-for-sale.jpg\",\"contentUrl\":\"https:\\\/\\\/hengxingmachinery.com\\\/wp-content\\\/uploads\\\/2025\\\/01\\\/grate-ball-mill-for-sale.jpg\"},{\"@type\":\"BreadcrumbList\",\"@id\":\"https:\\\/\\\/hengxingmachinery.com\\\/grate-ball-mills\\\/#breadcrumb\",\"itemListElement\":[{\"@type\":\"ListItem\",\"position\":1,\"name\":\"Home\",\"item\":\"https:\\\/\\\/hengxingmachinery.com\\\/\"},{\"@type\":\"ListItem\",\"position\":2,\"name\":\"3-1. Grate ball mill\"}]},{\"@type\":\"WebSite\",\"@id\":\"https:\\\/\\\/hengxingmachinery.com\\\/#website\",\"url\":\"https:\\\/\\\/hengxingmachinery.com\\\/\",\"name\":\"Hengxing Machinery\",\"description\":\"Leading Manufacturer of All Sorts of Mining Machinery\",\"publisher\":{\"@id\":\"https:\\\/\\\/hengxingmachinery.com\\\/#organization\"},\"potentialAction\":[{\"@type\":\"SearchAction\",\"target\":{\"@type\":\"EntryPoint\",\"urlTemplate\":\"https:\\\/\\\/hengxingmachinery.com\\\/?s={search_term_string}\"},\"query-input\":{\"@type\":\"PropertyValueSpecification\",\"valueRequired\":true,\"valueName\":\"search_term_string\"}}],\"inLanguage\":\"fr-FR\"},{\"@type\":\"Organization\",\"@id\":\"https:\\\/\\\/hengxingmachinery.com\\\/#organization\",\"name\":\"Hengxing Machinery\",\"url\":\"https:\\\/\\\/hengxingmachinery.com\\\/\",\"logo\":{\"@type\":\"ImageObject\",\"inLanguage\":\"fr-FR\",\"@id\":\"https:\\\/\\\/hengxingmachinery.com\\\/#\\\/schema\\\/logo\\\/image\\\/\",\"url\":\"https:\\\/\\\/hengxingmachinery.com\\\/wp-content\\\/uploads\\\/2024\\\/12\\\/logo.png\",\"contentUrl\":\"https:\\\/\\\/hengxingmachinery.com\\\/wp-content\\\/uploads\\\/2024\\\/12\\\/logo.png\",\"width\":400,\"height\":260,\"caption\":\"Hengxing Machinery\"},\"image\":{\"@id\":\"https:\\\/\\\/hengxingmachinery.com\\\/#\\\/schema\\\/logo\\\/image\\\/\"}}]}<\/script>\n<!-- \/ Yoast SEO plugin. -->","yoast_head_json":{"title":"3-1. Broyeur \u00e0 boulets \u00e0 grille - Hengxing Machinery","robots":{"index":"index","follow":"follow","max-snippet":"max-snippet:-1","max-image-preview":"max-image-preview:large","max-video-preview":"max-video-preview:-1"},"canonical":"https:\/\/hengxingmachinery.com\/fr\/grate-ball-mills\/","og_locale":"fr_FR","og_type":"article","og_title":"3-1. Grate ball mill - Hengxing Machinery","og_description":"Grate ball mill Grate ball mill working principle The working principle of the grid ball mill is mainly to make it slowly rotate through the transmission device, and the material is fed from the feeding end of the cylinder. The material is crushed in the cylinder due to the impact and self-grinding of the steel ... Lire plus","og_url":"https:\/\/hengxingmachinery.com\/fr\/grate-ball-mills\/","og_site_name":"Hengxing Machinery","article_modified_time":"2025-02-11T04:04:17+00:00","og_image":[{"url":"https:\/\/hengxingmachinery.com\/wp-content\/uploads\/2025\/01\/grate-ball-mill-for-sale.jpg","type":"","width":"","height":""}],"twitter_card":"summary_large_image","twitter_misc":{"Dur\u00e9e de lecture estim\u00e9e":"3 minutes"},"schema":{"@context":"https:\/\/schema.org","@graph":[{"@type":"WebPage","@id":"https:\/\/hengxingmachinery.com\/grate-ball-mills\/","url":"https:\/\/hengxingmachinery.com\/grate-ball-mills\/","name":"3-1. Broyeur \u00e0 boulets \u00e0 grille - Hengxing Machinery","isPartOf":{"@id":"https:\/\/hengxingmachinery.com\/#website"},"primaryImageOfPage":{"@id":"https:\/\/hengxingmachinery.com\/grate-ball-mills\/#primaryimage"},"image":{"@id":"https:\/\/hengxingmachinery.com\/grate-ball-mills\/#primaryimage"},"thumbnailUrl":"https:\/\/hengxingmachinery.com\/wp-content\/uploads\/2025\/01\/grate-ball-mill-for-sale.jpg","datePublished":"2025-01-10T07:16:04+00:00","dateModified":"2025-02-11T04:04:17+00:00","breadcrumb":{"@id":"https:\/\/hengxingmachinery.com\/grate-ball-mills\/#breadcrumb"},"inLanguage":"fr-FR","potentialAction":[{"@type":"ReadAction","target":["https:\/\/hengxingmachinery.com\/grate-ball-mills\/"]}]},{"@type":"ImageObject","inLanguage":"fr-FR","@id":"https:\/\/hengxingmachinery.com\/grate-ball-mills\/#primaryimage","url":"https:\/\/hengxingmachinery.com\/wp-content\/uploads\/2025\/01\/grate-ball-mill-for-sale.jpg","contentUrl":"https:\/\/hengxingmachinery.com\/wp-content\/uploads\/2025\/01\/grate-ball-mill-for-sale.jpg"},{"@type":"BreadcrumbList","@id":"https:\/\/hengxingmachinery.com\/grate-ball-mills\/#breadcrumb","itemListElement":[{"@type":"ListItem","position":1,"name":"Home","item":"https:\/\/hengxingmachinery.com\/"},{"@type":"ListItem","position":2,"name":"3-1. Grate ball mill"}]},{"@type":"WebSite","@id":"https:\/\/hengxingmachinery.com\/#website","url":"https:\/\/hengxingmachinery.com\/","name":"Machines Hengxing","description":"Fabricant leader de toutes sortes de machines mini\u00e8res","publisher":{"@id":"https:\/\/hengxingmachinery.com\/#organization"},"potentialAction":[{"@type":"SearchAction","target":{"@type":"EntryPoint","urlTemplate":"https:\/\/hengxingmachinery.com\/?s={search_term_string}"},"query-input":{"@type":"PropertyValueSpecification","valueRequired":true,"valueName":"search_term_string"}}],"inLanguage":"fr-FR"},{"@type":"Organization","@id":"https:\/\/hengxingmachinery.com\/#organization","name":"Machines Hengxing","url":"https:\/\/hengxingmachinery.com\/","logo":{"@type":"ImageObject","inLanguage":"fr-FR","@id":"https:\/\/hengxingmachinery.com\/#\/schema\/logo\/image\/","url":"https:\/\/hengxingmachinery.com\/wp-content\/uploads\/2024\/12\/logo.png","contentUrl":"https:\/\/hengxingmachinery.com\/wp-content\/uploads\/2024\/12\/logo.png","width":400,"height":260,"caption":"Hengxing Machinery"},"image":{"@id":"https:\/\/hengxingmachinery.com\/#\/schema\/logo\/image\/"}}]}},"_links":{"self":[{"href":"https:\/\/hengxingmachinery.com\/fr\/wp-json\/wp\/v2\/pages\/1405","targetHints":{"allow":["GET"]}}],"collection":[{"href":"https:\/\/hengxingmachinery.com\/fr\/wp-json\/wp\/v2\/pages"}],"about":[{"href":"https:\/\/hengxingmachinery.com\/fr\/wp-json\/wp\/v2\/types\/page"}],"author":[{"embeddable":true,"href":"https:\/\/hengxingmachinery.com\/fr\/wp-json\/wp\/v2\/users\/1"}],"replies":[{"embeddable":true,"href":"https:\/\/hengxingmachinery.com\/fr\/wp-json\/wp\/v2\/comments?post=1405"}],"version-history":[{"count":4,"href":"https:\/\/hengxingmachinery.com\/fr\/wp-json\/wp\/v2\/pages\/1405\/revisions"}],"predecessor-version":[{"id":1878,"href":"https:\/\/hengxingmachinery.com\/fr\/wp-json\/wp\/v2\/pages\/1405\/revisions\/1878"}],"wp:attachment":[{"href":"https:\/\/hengxingmachinery.com\/fr\/wp-json\/wp\/v2\/media?parent=1405"}],"curies":[{"name":"wp","href":"https:\/\/api.w.org\/{rel}","templated":true}]}}