{"id":1437,"date":"2025-01-10T08:50:32","date_gmt":"2025-01-10T08:50:32","guid":{"rendered":"https:\/\/hengxingmachinery.com\/?page_id=1437"},"modified":"2025-01-13T09:36:27","modified_gmt":"2025-01-13T09:36:27","slug":"intermittent-ball-mill","status":"publish","type":"page","link":"https:\/\/hengxingmachinery.com\/fr\/intermittent-ball-mill\/","title":{"rendered":"3-1. Broyeur \u00e0 boulets intermittent"},"content":{"rendered":"<div class=\"gb-container gb-container-45165f5a\">\n<div class=\"gb-container gb-container-c2652eb4\">\n\n<h1 class=\"gb-headline gb-headline-62a8b2cc gb-headline-text\">Broyeur \u00e0 boulets intermittent<\/h1>\n\n<\/div>\n<\/div>\n\n<div class=\"gb-container gb-container-519cf624\">\n<div class=\"gb-container gb-container-71ca071e\">\n<div class=\"gb-grid-wrapper gb-grid-wrapper-8a5f0688\">\n<div class=\"gb-grid-column gb-grid-column-1e99b1c2\"><div class=\"gb-container gb-container-1e99b1c2\">\n\n<figure class=\"gb-block-image gb-block-image-e4eaba54\"><img decoding=\"async\" width=\"665\" height=\"545\" class=\"gb-image gb-image-e4eaba54\" src=\"https:\/\/hengxingmachinery.com\/wp-content\/uploads\/2025\/01\/intermittent-ball-mill-for-sale.jpg\" alt=\"\" title=\"broyeur-a-boulets-intermittent-a-vendre\" srcset=\"https:\/\/hengxingmachinery.com\/wp-content\/uploads\/2025\/01\/intermittent-ball-mill-for-sale.jpg 665w, https:\/\/hengxingmachinery.com\/wp-content\/uploads\/2025\/01\/intermittent-ball-mill-for-sale-300x246.jpg 300w, https:\/\/hengxingmachinery.com\/wp-content\/uploads\/2025\/01\/intermittent-ball-mill-for-sale-15x12.jpg 15w\" sizes=\"(max-width: 665px) 100vw, 665px\" \/><\/figure>\n\n<\/div><\/div>\n\n<div class=\"gb-grid-column gb-grid-column-bcae065b\"><div class=\"gb-container gb-container-bcae065b\">\n\n<p class=\"gb-headline gb-headline-e419680e gb-headline-text\">Le broyeur \u00e0 boulets intermittent, \u00e9galement appel\u00e9 broyeur \u00e0 boulets en c\u00e9ramique, fonctionne en mode intermittent par voie humide ou s\u00e8che. Il est utilis\u00e9 pour le broyage fin et le m\u00e9lange de mat\u00e9riaux tels que les mati\u00e8res premi\u00e8res c\u00e9ramiques (feldspath, quartz, argile). La d\u00e9charge et la finesse de la barbotine peuvent passer \u00e0 travers 1000 mailles.<\/p>\n\n\n<div class=\"gb-grid-wrapper gb-grid-wrapper-eebec76e\">\n<div class=\"gb-grid-column gb-grid-column-e3ada2f0\"><div class=\"gb-container gb-container-e3ada2f0\">\n\n<p class=\"gb-headline gb-headline-4c79a90a gb-headline-text\"><mark style=\"background-color:rgba(0, 0, 0, 0)\" class=\"has-inline-color has-global-color-8-color\"><strong>Poids du mat\u00e9riau :<\/strong><\/mark> 0,2-60t<\/p>\n\n<\/div><\/div>\n\n<div class=\"gb-grid-column gb-grid-column-0bb00826\"><div class=\"gb-container gb-container-0bb00826\">\n\n<p class=\"gb-headline gb-headline-86d53f56 gb-headline-text\"><mark style=\"background-color:rgba(0, 0, 0, 0)\" class=\"has-inline-color has-global-color-8-color\"><strong>Puissance du moteur :<\/strong><\/mark> 2,2\u2013200 kW<\/p>\n\n<\/div><\/div>\n<\/div>\n\n\n<p class=\"gb-headline gb-headline-2750f5a7 gb-headline-text\"><strong>Application :<\/strong><\/p>\n\n\n\n<p class=\"gb-headline gb-headline-28231626 gb-headline-text\">Utilis\u00e9 pour le broyage fin et le m\u00e9lange des mat\u00e9riaux<\/p>\n\n\n<div class=\"gb-container gb-container-256e15f1\">\n\n<a class=\"gb-button gb-button-e8b73d89 gb-button-text\" href=\"#popmake-622\">Obtenez un devis gratuit maintenant<\/a>\n\n<\/div>\n<\/div><\/div>\n<\/div>\n<\/div>\n<\/div>\n\n<div class=\"gb-container gb-container-8d8b4afc\">\n<div class=\"gb-container gb-container-f2c44112\">\n\n<h2 class=\"gb-headline gb-headline-602757fa gb-headline-text\">Caract\u00e9ristiques du broyeur \u00e0 boulets intermittent<\/h2>\n\n\n\n<figure class=\"gb-block-image gb-block-image-db4c5409\"><img decoding=\"async\" width=\"920\" height=\"420\" class=\"gb-image gb-image-db4c5409\" src=\"https:\/\/hengxingmachinery.com\/wp-content\/uploads\/2025\/01\/intermittent-ball-mill-feature.jpg\" alt=\"\" title=\"caracteristiques-du-broyeur-a-boulets-intermittent\" srcset=\"https:\/\/hengxingmachinery.com\/wp-content\/uploads\/2025\/01\/intermittent-ball-mill-feature.jpg 920w, https:\/\/hengxingmachinery.com\/wp-content\/uploads\/2025\/01\/intermittent-ball-mill-feature-300x137.jpg 300w, https:\/\/hengxingmachinery.com\/wp-content\/uploads\/2025\/01\/intermittent-ball-mill-feature-768x351.jpg 768w, https:\/\/hengxingmachinery.com\/wp-content\/uploads\/2025\/01\/intermittent-ball-mill-feature-18x8.jpg 18w\" sizes=\"(max-width: 920px) 100vw, 920px\" \/><\/figure>\n\n\n\n<p>Les broyeurs \u00e0 boulets en c\u00e9ramique pr\u00e9sentent un faible investissement, des \u00e9conomies d'\u00e9nergie, une structure innovante, une utilisation facile et s\u00fbre, des performances stables et fiables, etc. Ils conviennent au m\u00e9lange et au broyage de mat\u00e9riaux g\u00e9n\u00e9raux et sp\u00e9ciaux. Les utilisateurs peuvent choisir le mod\u00e8le, les plaques de rev\u00eatement et les milieux de broyage appropri\u00e9s en fonction de facteurs tels que la densit\u00e9 et la duret\u00e9 des mat\u00e9riaux, ainsi que le d\u00e9bit, etc.<\/p>\n\n\n<div class=\"gb-container gb-container-63dc3c06\">\n\n<a class=\"gb-button gb-button-a6821353 gb-button-text\" href=\"#popmake-622\">Obtenez un devis gratuit maintenant<\/a>\n\n<\/div>\n<\/div>\n<\/div>\n\n<div class=\"gb-container gb-container-b24071b3\">\n<div class=\"gb-container gb-container-60584794\">\n\n<h2 class=\"gb-headline gb-headline-5e7d8f8c gb-headline-text\">Principe de fonctionnement du broyeur \u00e0 boulets intermittent<\/h2>\n\n\n\n<figure class=\"gb-block-image gb-block-image-a7119939\"><img decoding=\"async\" width=\"665\" height=\"421\" class=\"gb-image gb-image-a7119939\" src=\"https:\/\/hengxingmachinery.com\/wp-content\/uploads\/2025\/01\/intermittent-ball-mill-working.jpg\" alt=\"\" title=\"fonctionnement-du-broyeur-a-boulets-intermittent\" srcset=\"https:\/\/hengxingmachinery.com\/wp-content\/uploads\/2025\/01\/intermittent-ball-mill-working.jpg 665w, https:\/\/hengxingmachinery.com\/wp-content\/uploads\/2025\/01\/intermittent-ball-mill-working-300x190.jpg 300w, https:\/\/hengxingmachinery.com\/wp-content\/uploads\/2025\/01\/intermittent-ball-mill-working-18x12.jpg 18w\" sizes=\"(max-width: 665px) 100vw, 665px\" \/><\/figure>\n\n\n\n<p>Lorsque le broyeur \u00e0 boulets intermittent fonctionne, les mat\u00e9riaux sont introduits dans le cylindre creux pour le broyage via l'arbre creux. Le cylindre contient divers milieux de broyage de diam\u00e8tres diff\u00e9rents. La rotation du cylindre horizontal g\u00e9n\u00e8re une force centrifuge qui \u00e9l\u00e8ve les boulets \u00e0 une certaine hauteur, d'o\u00f9 elles retombent, broyant ainsi les mat\u00e9riaux.<\/p>\n\n\n<div class=\"gb-container gb-container-1f0dc6f2\">\n\n<a class=\"gb-button gb-button-6c09f29e gb-button-text\" href=\"#popmake-622\">Obtenez un devis gratuit maintenant<\/a>\n\n<\/div>\n<\/div>\n<\/div>\n\n<div class=\"gb-container gb-container-435ad261\">\n<div class=\"gb-container gb-container-7dc79cc4\">\n\n<h2 class=\"gb-headline gb-headline-6fe5dee2 gb-headline-text\">Sp\u00e9cifications du broyeur \u00e0 boulets intermittent<\/h2>\n\n\n\n<figure class=\"wp-block-table is-style-stripes\"><table class=\"has-fixed-layout\"><tbody><tr><td><strong>Mod\u00e8le (tonnes par lot)<\/strong><\/td><td><strong>Dimensions du cylindre (mm)<\/strong><\/td><td><strong>Poids des mat\u00e9riaux (t)<\/strong><\/td><td><strong>Vitesse de rotation du cylindre (tr\/min)<\/strong><\/td><td><strong>Puissance du moteur (kW)<\/strong><\/td><td><strong>Poids (t)<\/strong><\/td><\/tr><tr><td>0,2 T<\/td><td>\u03a6910 \u00d7 1120<\/td><td>0.2<\/td><td>35<\/td><td>2.2<\/td><td>1.91<\/td><\/tr><tr><td>0,5 T<\/td><td>\u03a61200 \u00d7 1420<\/td><td>0.5<\/td><td>31.45<\/td><td>4<\/td><td>2.5<\/td><\/tr><tr><td>1 T<\/td><td>\u03a61400 \u00d7 1800<\/td><td>1<\/td><td>27<\/td><td>7.5<\/td><td>3<\/td><\/tr><tr><td>1,5 T<\/td><td>\u03a61800 \u00d7 2100<\/td><td>1.5<\/td><td>23<\/td><td>11<\/td><td>4.5<\/td><\/tr><tr><td>2,5 T<\/td><td>\u03a62200 \u00d7 2200<\/td><td>2.5<\/td><td>20<\/td><td>18.5<\/td><td>6.5<\/td><\/tr><tr><td>3 T<\/td><td>\u03a62200 \u00d7 2600<\/td><td>3<\/td><td>20<\/td><td>22<\/td><td>7<\/td><\/tr><tr><td>5 T<\/td><td>\u03a62500 \u00d7 3000<\/td><td>5<\/td><td>16<\/td><td>37<\/td><td>13<\/td><\/tr><tr><td>8 T<\/td><td>\u03a62800 \u00d7 3400<\/td><td>8<\/td><td>13.8<\/td><td>45<\/td><td>19<\/td><\/tr><tr><td>10 T<\/td><td>\u03a62800 \u00d7 4000<\/td><td>10<\/td><td>13.8<\/td><td>55<\/td><td>20<\/td><\/tr><tr><td>15 T<\/td><td>\u03a63000 \u00d7 5000<\/td><td>15<\/td><td>13<\/td><td>75<\/td><td>28<\/td><\/tr><tr><td>18 T<\/td><td>\u03a63100 \u00d7 5000<\/td><td>18<\/td><td>12<\/td><td>90<\/td><td>28.5<\/td><\/tr><tr><td>20 T<\/td><td>\u03a63200 \u00d7 5800<\/td><td>20<\/td><td>13<\/td><td>90<\/td><td>29.9<\/td><\/tr><tr><td>30 T<\/td><td>\u03a63400 \u00d7 6500<\/td><td>30<\/td><td>14.2<\/td><td>110<\/td><td>32<\/td><\/tr><tr><td>40 T<\/td><td>\u03a63600 \u00d7 7000<\/td><td>40<\/td><td>13<\/td><td>132<\/td><td>36<\/td><\/tr><tr><td>50 T<\/td><td>\u03a63800 \u00d7 8000<\/td><td>50<\/td><td>11<\/td><td>200<\/td><td>45<\/td><\/tr><tr><td>60 T<\/td><td>\u03a64000 \u00d7 8500<\/td><td>60<\/td><td>10<\/td><td>200<\/td><td>52<\/td><\/tr><\/tbody><\/table><\/figure>\n\n\n<div class=\"gb-container gb-container-263d9700\">\n\n<a class=\"gb-button gb-button-a4cbb7be gb-button-text\" href=\"#popmake-622\">Obtenez un devis gratuit maintenant<\/a>\n\n<\/div>\n<\/div>\n<\/div>","protected":false},"excerpt":{"rendered":"<p>Intermittent ball mill Intermittent ball mill features Ceramic ball mills are low investment, energy saving, structure novelty, easy and safe to operate, stable and reliable performance, etc. It is suitable for mixing and milling of general and special materials. Users can choose the proper model, lining board and media as per the factors, such as &#8230; <\/p>\n<p class=\"read-more-container\"><a title=\"3-1. Broyeur \u00e0 boulets intermittent\" class=\"read-more button\" href=\"https:\/\/hengxingmachinery.com\/fr\/intermittent-ball-mill\/#more-1437\" aria-label=\"En savoir plus sur 3-1. Intermittent ball mill\">Lire plus<\/a><\/p>","protected":false},"author":1,"featured_media":0,"parent":0,"menu_order":0,"comment_status":"closed","ping_status":"closed","template":"","meta":{"footnotes":""},"class_list":["post-1437","page","type-page","status-publish"],"yoast_head":"<!-- This site is optimized with the Yoast SEO plugin v27.4 - https:\/\/yoast.com\/product\/yoast-seo-wordpress\/ -->\n<title>3-1. Intermittent ball mill - Hengxing Machinery<\/title>\n<meta name=\"robots\" content=\"index, follow, max-snippet:-1, max-image-preview:large, max-video-preview:-1\" \/>\n<link rel=\"canonical\" href=\"https:\/\/hengxingmachinery.com\/fr\/intermittent-ball-mill\/\" \/>\n<meta property=\"og:locale\" content=\"fr_FR\" \/>\n<meta property=\"og:type\" content=\"article\" \/>\n<meta property=\"og:title\" content=\"3-1. Intermittent ball mill - Hengxing Machinery\" \/>\n<meta property=\"og:description\" content=\"Intermittent ball mill Intermittent ball mill features Ceramic ball mills are low investment, energy saving, structure novelty, easy and safe to operate, stable and reliable performance, etc. It is suitable for mixing and milling of general and special materials. Users can choose the proper model, lining board and media as per the factors, such as ... Lire plus\" \/>\n<meta property=\"og:url\" content=\"https:\/\/hengxingmachinery.com\/fr\/intermittent-ball-mill\/\" \/>\n<meta property=\"og:site_name\" content=\"Hengxing Machinery\" \/>\n<meta property=\"article:modified_time\" content=\"2025-01-13T09:36:27+00:00\" \/>\n<meta property=\"og:image\" content=\"https:\/\/hengxingmachinery.com\/wp-content\/uploads\/2025\/01\/intermittent-ball-mill-for-sale.jpg\" \/>\n<meta name=\"twitter:card\" content=\"summary_large_image\" \/>\n<meta name=\"twitter:label1\" content=\"Dur\u00e9e de lecture estim\u00e9e\" \/>\n\t<meta name=\"twitter:data1\" content=\"2 minutes\" \/>\n<script type=\"application\/ld+json\" class=\"yoast-schema-graph\">{\"@context\":\"https:\\\/\\\/schema.org\",\"@graph\":[{\"@type\":\"WebPage\",\"@id\":\"https:\\\/\\\/hengxingmachinery.com\\\/intermittent-ball-mill\\\/\",\"url\":\"https:\\\/\\\/hengxingmachinery.com\\\/intermittent-ball-mill\\\/\",\"name\":\"3-1. Intermittent ball mill - Hengxing Machinery\",\"isPartOf\":{\"@id\":\"https:\\\/\\\/hengxingmachinery.com\\\/#website\"},\"primaryImageOfPage\":{\"@id\":\"https:\\\/\\\/hengxingmachinery.com\\\/intermittent-ball-mill\\\/#primaryimage\"},\"image\":{\"@id\":\"https:\\\/\\\/hengxingmachinery.com\\\/intermittent-ball-mill\\\/#primaryimage\"},\"thumbnailUrl\":\"https:\\\/\\\/hengxingmachinery.com\\\/wp-content\\\/uploads\\\/2025\\\/01\\\/intermittent-ball-mill-for-sale.jpg\",\"datePublished\":\"2025-01-10T08:50:32+00:00\",\"dateModified\":\"2025-01-13T09:36:27+00:00\",\"breadcrumb\":{\"@id\":\"https:\\\/\\\/hengxingmachinery.com\\\/intermittent-ball-mill\\\/#breadcrumb\"},\"inLanguage\":\"fr-FR\",\"potentialAction\":[{\"@type\":\"ReadAction\",\"target\":[\"https:\\\/\\\/hengxingmachinery.com\\\/intermittent-ball-mill\\\/\"]}]},{\"@type\":\"ImageObject\",\"inLanguage\":\"fr-FR\",\"@id\":\"https:\\\/\\\/hengxingmachinery.com\\\/intermittent-ball-mill\\\/#primaryimage\",\"url\":\"https:\\\/\\\/hengxingmachinery.com\\\/wp-content\\\/uploads\\\/2025\\\/01\\\/intermittent-ball-mill-for-sale.jpg\",\"contentUrl\":\"https:\\\/\\\/hengxingmachinery.com\\\/wp-content\\\/uploads\\\/2025\\\/01\\\/intermittent-ball-mill-for-sale.jpg\"},{\"@type\":\"BreadcrumbList\",\"@id\":\"https:\\\/\\\/hengxingmachinery.com\\\/intermittent-ball-mill\\\/#breadcrumb\",\"itemListElement\":[{\"@type\":\"ListItem\",\"position\":1,\"name\":\"Home\",\"item\":\"https:\\\/\\\/hengxingmachinery.com\\\/\"},{\"@type\":\"ListItem\",\"position\":2,\"name\":\"3-1. Intermittent ball mill\"}]},{\"@type\":\"WebSite\",\"@id\":\"https:\\\/\\\/hengxingmachinery.com\\\/#website\",\"url\":\"https:\\\/\\\/hengxingmachinery.com\\\/\",\"name\":\"Hengxing Machinery\",\"description\":\"Leading Manufacturer of All Sorts of Mining Machinery\",\"publisher\":{\"@id\":\"https:\\\/\\\/hengxingmachinery.com\\\/#organization\"},\"potentialAction\":[{\"@type\":\"SearchAction\",\"target\":{\"@type\":\"EntryPoint\",\"urlTemplate\":\"https:\\\/\\\/hengxingmachinery.com\\\/?s={search_term_string}\"},\"query-input\":{\"@type\":\"PropertyValueSpecification\",\"valueRequired\":true,\"valueName\":\"search_term_string\"}}],\"inLanguage\":\"fr-FR\"},{\"@type\":\"Organization\",\"@id\":\"https:\\\/\\\/hengxingmachinery.com\\\/#organization\",\"name\":\"Hengxing Machinery\",\"url\":\"https:\\\/\\\/hengxingmachinery.com\\\/\",\"logo\":{\"@type\":\"ImageObject\",\"inLanguage\":\"fr-FR\",\"@id\":\"https:\\\/\\\/hengxingmachinery.com\\\/#\\\/schema\\\/logo\\\/image\\\/\",\"url\":\"https:\\\/\\\/hengxingmachinery.com\\\/wp-content\\\/uploads\\\/2024\\\/12\\\/logo.png\",\"contentUrl\":\"https:\\\/\\\/hengxingmachinery.com\\\/wp-content\\\/uploads\\\/2024\\\/12\\\/logo.png\",\"width\":400,\"height\":260,\"caption\":\"Hengxing Machinery\"},\"image\":{\"@id\":\"https:\\\/\\\/hengxingmachinery.com\\\/#\\\/schema\\\/logo\\\/image\\\/\"}}]}<\/script>\n<!-- \/ Yoast SEO plugin. -->","yoast_head_json":{"title":"3-1. Broyeur \u00e0 boulets intermittent - Hengxing Machinery","robots":{"index":"index","follow":"follow","max-snippet":"max-snippet:-1","max-image-preview":"max-image-preview:large","max-video-preview":"max-video-preview:-1"},"canonical":"https:\/\/hengxingmachinery.com\/fr\/intermittent-ball-mill\/","og_locale":"fr_FR","og_type":"article","og_title":"3-1. Intermittent ball mill - Hengxing Machinery","og_description":"Intermittent ball mill Intermittent ball mill features Ceramic ball mills are low investment, energy saving, structure novelty, easy and safe to operate, stable and reliable performance, etc. It is suitable for mixing and milling of general and special materials. Users can choose the proper model, lining board and media as per the factors, such as ... Lire plus","og_url":"https:\/\/hengxingmachinery.com\/fr\/intermittent-ball-mill\/","og_site_name":"Hengxing Machinery","article_modified_time":"2025-01-13T09:36:27+00:00","og_image":[{"url":"https:\/\/hengxingmachinery.com\/wp-content\/uploads\/2025\/01\/intermittent-ball-mill-for-sale.jpg","type":"","width":"","height":""}],"twitter_card":"summary_large_image","twitter_misc":{"Dur\u00e9e de lecture estim\u00e9e":"2 minutes"},"schema":{"@context":"https:\/\/schema.org","@graph":[{"@type":"WebPage","@id":"https:\/\/hengxingmachinery.com\/intermittent-ball-mill\/","url":"https:\/\/hengxingmachinery.com\/intermittent-ball-mill\/","name":"3-1. Broyeur \u00e0 boulets intermittent - Hengxing Machinery","isPartOf":{"@id":"https:\/\/hengxingmachinery.com\/#website"},"primaryImageOfPage":{"@id":"https:\/\/hengxingmachinery.com\/intermittent-ball-mill\/#primaryimage"},"image":{"@id":"https:\/\/hengxingmachinery.com\/intermittent-ball-mill\/#primaryimage"},"thumbnailUrl":"https:\/\/hengxingmachinery.com\/wp-content\/uploads\/2025\/01\/intermittent-ball-mill-for-sale.jpg","datePublished":"2025-01-10T08:50:32+00:00","dateModified":"2025-01-13T09:36:27+00:00","breadcrumb":{"@id":"https:\/\/hengxingmachinery.com\/intermittent-ball-mill\/#breadcrumb"},"inLanguage":"fr-FR","potentialAction":[{"@type":"ReadAction","target":["https:\/\/hengxingmachinery.com\/intermittent-ball-mill\/"]}]},{"@type":"ImageObject","inLanguage":"fr-FR","@id":"https:\/\/hengxingmachinery.com\/intermittent-ball-mill\/#primaryimage","url":"https:\/\/hengxingmachinery.com\/wp-content\/uploads\/2025\/01\/intermittent-ball-mill-for-sale.jpg","contentUrl":"https:\/\/hengxingmachinery.com\/wp-content\/uploads\/2025\/01\/intermittent-ball-mill-for-sale.jpg"},{"@type":"BreadcrumbList","@id":"https:\/\/hengxingmachinery.com\/intermittent-ball-mill\/#breadcrumb","itemListElement":[{"@type":"ListItem","position":1,"name":"Home","item":"https:\/\/hengxingmachinery.com\/"},{"@type":"ListItem","position":2,"name":"3-1. Intermittent ball mill"}]},{"@type":"WebSite","@id":"https:\/\/hengxingmachinery.com\/#website","url":"https:\/\/hengxingmachinery.com\/","name":"Machines Hengxing","description":"Fabricant leader de toutes sortes de machines mini\u00e8res","publisher":{"@id":"https:\/\/hengxingmachinery.com\/#organization"},"potentialAction":[{"@type":"SearchAction","target":{"@type":"EntryPoint","urlTemplate":"https:\/\/hengxingmachinery.com\/?s={search_term_string}"},"query-input":{"@type":"PropertyValueSpecification","valueRequired":true,"valueName":"search_term_string"}}],"inLanguage":"fr-FR"},{"@type":"Organization","@id":"https:\/\/hengxingmachinery.com\/#organization","name":"Machines Hengxing","url":"https:\/\/hengxingmachinery.com\/","logo":{"@type":"ImageObject","inLanguage":"fr-FR","@id":"https:\/\/hengxingmachinery.com\/#\/schema\/logo\/image\/","url":"https:\/\/hengxingmachinery.com\/wp-content\/uploads\/2024\/12\/logo.png","contentUrl":"https:\/\/hengxingmachinery.com\/wp-content\/uploads\/2024\/12\/logo.png","width":400,"height":260,"caption":"Hengxing Machinery"},"image":{"@id":"https:\/\/hengxingmachinery.com\/#\/schema\/logo\/image\/"}}]}},"_links":{"self":[{"href":"https:\/\/hengxingmachinery.com\/fr\/wp-json\/wp\/v2\/pages\/1437","targetHints":{"allow":["GET"]}}],"collection":[{"href":"https:\/\/hengxingmachinery.com\/fr\/wp-json\/wp\/v2\/pages"}],"about":[{"href":"https:\/\/hengxingmachinery.com\/fr\/wp-json\/wp\/v2\/types\/page"}],"author":[{"embeddable":true,"href":"https:\/\/hengxingmachinery.com\/fr\/wp-json\/wp\/v2\/users\/1"}],"replies":[{"embeddable":true,"href":"https:\/\/hengxingmachinery.com\/fr\/wp-json\/wp\/v2\/comments?post=1437"}],"version-history":[{"count":3,"href":"https:\/\/hengxingmachinery.com\/fr\/wp-json\/wp\/v2\/pages\/1437\/revisions"}],"predecessor-version":[{"id":1603,"href":"https:\/\/hengxingmachinery.com\/fr\/wp-json\/wp\/v2\/pages\/1437\/revisions\/1603"}],"wp:attachment":[{"href":"https:\/\/hengxingmachinery.com\/fr\/wp-json\/wp\/v2\/media?parent=1437"}],"curies":[{"name":"wp","href":"https:\/\/api.w.org\/{rel}","templated":true}]}}