{"id":1449,"date":"2025-01-10T08:58:27","date_gmt":"2025-01-10T08:58:27","guid":{"rendered":"https:\/\/hengxingmachinery.com\/?page_id=1449"},"modified":"2025-01-13T09:32:42","modified_gmt":"2025-01-13T09:32:42","slug":"raw-material-ball-mill","status":"publish","type":"page","link":"https:\/\/hengxingmachinery.com\/fr\/raw-material-ball-mill\/","title":{"rendered":"3-1. Broyeur \u00e0 boulets de mati\u00e8res premi\u00e8res"},"content":{"rendered":"<div class=\"gb-container gb-container-45165f5a\">\n<div class=\"gb-container gb-container-c2652eb4\">\n\n<h1 class=\"gb-headline gb-headline-62a8b2cc gb-headline-text\">Broyeur \u00e0 boulets de mati\u00e8res premi\u00e8res<\/h1>\n\n<\/div>\n<\/div>\n\n<div class=\"gb-container gb-container-519cf624\">\n<div class=\"gb-container gb-container-71ca071e\">\n<div class=\"gb-grid-wrapper gb-grid-wrapper-8a5f0688\">\n<div class=\"gb-grid-column gb-grid-column-1e99b1c2\"><div class=\"gb-container gb-container-1e99b1c2\">\n\n<figure class=\"gb-block-image gb-block-image-e4eaba54\"><img decoding=\"async\" width=\"665\" height=\"545\" class=\"gb-image gb-image-e4eaba54\" src=\"https:\/\/hengxingmachinery.com\/wp-content\/uploads\/2025\/01\/raw-material-ball-mill-for-sale.jpg\" alt=\"\" title=\"broyeur-\u00e0-boulets-pour-mat\u00e9riaux-bruts-\u00e0-vendre\" srcset=\"https:\/\/hengxingmachinery.com\/wp-content\/uploads\/2025\/01\/raw-material-ball-mill-for-sale.jpg 665w, https:\/\/hengxingmachinery.com\/wp-content\/uploads\/2025\/01\/raw-material-ball-mill-for-sale-300x246.jpg 300w, https:\/\/hengxingmachinery.com\/wp-content\/uploads\/2025\/01\/raw-material-ball-mill-for-sale-15x12.jpg 15w\" sizes=\"(max-width: 665px) 100vw, 665px\" \/><\/figure>\n\n<\/div><\/div>\n\n<div class=\"gb-grid-column gb-grid-column-bcae065b\"><div class=\"gb-container gb-container-bcae065b\">\n\n<p class=\"gb-headline gb-headline-e419680e gb-headline-text\">Le broyeur de mati\u00e8res premi\u00e8res est g\u00e9n\u00e9ralement appel\u00e9 broyeur de cru, broyeur de mati\u00e8res premi\u00e8res dans une cimenterie, et d\u00e9signe un type courant d'\u00e9quipement cimentier. Dans le processus de fabrication du ciment, un broyeur de mati\u00e8res premi\u00e8res dans une cimenterie broie les mati\u00e8res premi\u00e8res du ciment en un m\u00e9lange cru, qui est ensuite envoy\u00e9 au four \u00e0 ciment pour produire du clinker. Ensuite, le clinker et d'autres adjuvants seront broy\u00e9s en ciment fini par le broyeur \u00e0 ciment.<br>\u00a0<br>Concernant le type de broyeur de cru, il existe deux cat\u00e9gories : le broyeur \u00e0 boulets et le broyeur vertical. Dans le syst\u00e8me traditionnel de broyage de cru, le broyeur \u00e0 boulets est plus typique. Apr\u00e8s des modifications technologiques, le broyeur vertical pr\u00e9sente des avantages \u00e9vidents par rapport au broyeur \u00e0 boulets et convient aux grandes lignes de production de ciment.<\/p>\n\n\n<div class=\"gb-grid-wrapper gb-grid-wrapper-eebec76e\">\n<div class=\"gb-grid-column gb-grid-column-e3ada2f0\"><div class=\"gb-container gb-container-e3ada2f0\">\n\n<p class=\"gb-headline gb-headline-4c79a90a gb-headline-text\"><mark style=\"background-color:rgba(0, 0, 0, 0)\" class=\"has-inline-color has-global-color-8-color\"><strong>Capacit\u00e9 de production :<\/strong><\/mark> 4,5-210 t\/h<\/p>\n\n<\/div><\/div>\n\n<div class=\"gb-grid-column gb-grid-column-0bb00826\"><div class=\"gb-container gb-container-0bb00826\">\n\n<p class=\"gb-headline gb-headline-86d53f56 gb-headline-text\"><mark style=\"background-color:rgba(0, 0, 0, 0)\" class=\"has-inline-color has-global-color-8-color\"><strong>Sp\u00e9cifications :<\/strong><\/mark> \u03c61,5\u00d75,7~4,2\u00d713 m<\/p>\n\n<\/div><\/div>\n<\/div>\n\n\n<p class=\"gb-headline gb-headline-2750f5a7 gb-headline-text\"><strong>Mat\u00e9riaux applicables :<\/strong><\/p>\n\n\n\n<p class=\"gb-headline gb-headline-28231626 gb-headline-text\">Calcaire, clinker de ciment, chaux vive (chaux calcique) et autres mat\u00e9riaux<\/p>\n\n\n\n<p class=\"gb-headline gb-headline-0bbf4656 gb-headline-text\"><strong>Application :<\/strong><\/p>\n\n\n\n<p class=\"gb-headline gb-headline-3236b600 gb-headline-text\">Large utilisation dans les industries de production du ciment, des produits silicat\u00e9s, des nouveaux mat\u00e9riaux de construction, des mat\u00e9riaux r\u00e9fractaires, de la verrerie-c\u00e9ramique, etc.<\/p>\n\n\n<div class=\"gb-container gb-container-256e15f1\">\n\n<a class=\"gb-button gb-button-e8b73d89 gb-button-text\" href=\"#popmake-622\">Obtenez un devis gratuit maintenant<\/a>\n\n<\/div>\n<\/div><\/div>\n<\/div>\n<\/div>\n<\/div>\n\n<div class=\"gb-container gb-container-8d8b4afc\">\n<div class=\"gb-container gb-container-f2c44112\">\n\n<h2 class=\"gb-headline gb-headline-602757fa gb-headline-text\">Caract\u00e9ristiques du broyeur \u00e0 boulets pour mati\u00e8res premi\u00e8res<\/h2>\n\n\n\n<figure class=\"gb-block-image gb-block-image-db4c5409\"><img decoding=\"async\" width=\"920\" height=\"420\" class=\"gb-image gb-image-db4c5409\" src=\"https:\/\/hengxingmachinery.com\/wp-content\/uploads\/2025\/01\/raw-material-ball-mill-feature.jpg\" alt=\"\" title=\"caract\u00e9ristiques-du-broyeur-\u00e0-boulets-pour-mat\u00e9riaux-bruts\" srcset=\"https:\/\/hengxingmachinery.com\/wp-content\/uploads\/2025\/01\/raw-material-ball-mill-feature.jpg 920w, https:\/\/hengxingmachinery.com\/wp-content\/uploads\/2025\/01\/raw-material-ball-mill-feature-300x137.jpg 300w, https:\/\/hengxingmachinery.com\/wp-content\/uploads\/2025\/01\/raw-material-ball-mill-feature-768x351.jpg 768w, https:\/\/hengxingmachinery.com\/wp-content\/uploads\/2025\/01\/raw-material-ball-mill-feature-18x8.jpg 18w\" sizes=\"(max-width: 920px) 100vw, 920px\" \/><\/figure>\n\n\n\n<p>1. Finesse du produit r\u00e9glable et uniforme.<\/p>\n\n\n\n<p>2. Consommation \u00e9nerg\u00e9tique relativement faible, usure r\u00e9duite et co\u00fbts d'exploitation bas.<\/p>\n\n\n\n<p>3. Efficacit\u00e9 de broyage \u00e9lev\u00e9e, usure minimale.<\/p>\n\n\n\n<p>4. Co\u00fbts d'investissement faibles, proc\u00e9d\u00e9 simple.<\/p>\n\n\n<div class=\"gb-container gb-container-63dc3c06\">\n\n<a class=\"gb-button gb-button-a6821353 gb-button-text\" href=\"#popmake-622\">Obtenez un devis gratuit maintenant<\/a>\n\n<\/div>\n<\/div>\n<\/div>\n\n<div class=\"gb-container gb-container-435ad261\">\n<div class=\"gb-container gb-container-7dc79cc4\">\n\n<h2 class=\"gb-headline gb-headline-6fe5dee2 gb-headline-text\">Sp\u00e9cifications du broyeur \u00e0 boulets pour mati\u00e8res premi\u00e8res<\/h2>\n\n\n\n<figure class=\"wp-block-table is-style-stripes\"><table class=\"has-fixed-layout\"><tbody><tr><td><strong>Sp\u00e9cification (m)<\/strong><strong><\/strong><\/td><td><strong>Capacit\u00e9 (t\/h)<\/strong><strong><\/strong><\/td><td><strong>Vitesse de rotation (tr\/min)<\/strong><strong><\/strong><\/td><td><strong>Corps broyant (t)<\/strong><strong><\/strong><\/td><td colspan=\"2\"><strong>Moteur<\/strong><strong><\/strong><\/td><td colspan=\"2\"><strong>R\u00e9ducteur<\/strong><strong><\/strong><\/td><td><strong>Poids (t)<\/strong><strong><\/strong><\/td><\/tr><tr><td><strong>&nbsp;<\/strong><\/td><td><strong>&nbsp;<\/strong><\/td><td><strong>&nbsp;<\/strong><\/td><td><strong>&nbsp;<\/strong><\/td><td><strong>Mod\u00e8le<\/strong><strong><\/strong><\/td><td><strong>Puissance (kW)<\/strong><strong><\/strong><\/td><td><strong>Mod\u00e8le<\/strong><strong><\/strong><\/td><td><strong>Rapport de vitesse<\/strong><strong><\/strong><\/td><td><strong>&nbsp;<\/strong><\/td><\/tr><tr><td>\u03a61,5\u00d75,7<\/td><td>3.5<\/td><td>26.34<\/td><td>11<\/td><td>JR127-8<\/td><td>130<\/td><td>ZD40-7<\/td><td>4<\/td><td>25<\/td><\/tr><tr><td>\u03a61,83\u00d76,4<\/td><td>6<\/td><td>23.9<\/td><td>18<\/td><td>JR137-8<\/td><td>210<\/td><td>ZD60-8<\/td><td>4.5<\/td><td>35.3<\/td><\/tr><tr><td>\u03a61,83\u00d77<\/td><td>6.5<\/td><td>24.5<\/td><td>20<\/td><td>JR138-8<\/td><td>245<\/td><td>ZD60-8<\/td><td>4.5<\/td><td>37.2<\/td><\/tr><tr><td>\u03a62\u00d79<\/td><td>9.5-10<\/td><td>23.88<\/td><td>31<\/td><td>JR158-8<\/td><td>380<\/td><td>ZD70-8<\/td><td>4.5<\/td><td>58.4<\/td><\/tr><tr><td>\u03a62,2\u00d76,5<\/td><td>11<\/td><td>21.4<\/td><td>30<\/td><td>JRQ158-8\/YR630-8<\/td><td>380<\/td><td>ZD70-9<\/td><td>5<\/td><td>46.2<\/td><\/tr><tr><td>\u03a62,2\u00d76,5<\/td><td>14 Circuit ferm\u00e9<\/td><td>21.4<\/td><td>30<\/td><td>JRQ158-8\/YR630-8<\/td><td>380<\/td><td>ZD70-9<\/td><td>5<\/td><td>46.2<\/td><\/tr><tr><td>\u03a62,2\u00d77<\/td><td>12<\/td><td>21.4<\/td><td>30<\/td><td>JR158-8<\/td><td>380<\/td><td>ZD70-9<\/td><td>5<\/td><td>54<\/td><\/tr><tr><td>\u03a62,2\u00d77,5<\/td><td>13<\/td><td>21.4<\/td><td>32<\/td><td>JR158-8<\/td><td>380<\/td><td>ZD70-9<\/td><td>5<\/td><td>63<\/td><\/tr><tr><td>\u03a62,2\u00d78<\/td><td>14<\/td><td>21.4<\/td><td>37<\/td><td>JR158-8<\/td><td>380<\/td><td>ZD70-9<\/td><td>5<\/td><td>65<\/td><\/tr><tr><td>\u03a62,2\u00d79,5<\/td><td>14-16 Circuit ferm\u00e9<\/td><td>21.4<\/td><td>43<\/td><td>JR1510-8<\/td><td>475<\/td><td>ZD70-9<\/td><td>5<\/td><td>70<\/td><\/tr><tr><td>\u03a62,2\u00d713<\/td><td>16<\/td><td>20.3<\/td><td>55<\/td><td>YR630-8\/1180\/Y100L-8<\/td><td>630\/11<\/td><td>JD630\/ZS82,5-7<\/td><td>6.3\/99.96<\/td><td>114.4<\/td><\/tr><tr><td>\u03a62,4\u00d77<\/td><td>14-16 Circuit ferm\u00e9<\/td><td>20.4<\/td><td>36<\/td><td>JR1510-8<\/td><td>475<\/td><td>JDX450<\/td><td>5<\/td><td>67.9<\/td><\/tr><tr><td>02,4\u00d78<\/td><td>16-17 Circuit ferm\u00e9<\/td><td>20.3<\/td><td>41<\/td><td>JR1512-8\/Y180L-8<\/td><td>570\/11<\/td><td>JD630\/ZS82,5-7<\/td><td>6.333\/99.96<\/td><td>87.2<\/td><\/tr><tr><td>\u03a62,4\u00d79<\/td><td>17-19 Circuit ferm\u00e9<\/td><td>20.3<\/td><td>46<\/td><td>YR630-8\/1180\/Y100L-8<\/td><td>630\/11<\/td><td>JD630\/ZS82,5-7<\/td><td>6.333\/99.96<\/td><td>93.5<\/td><\/tr><tr><td>\u03a62,4\u00d710<\/td><td>18-19 Circuit ouvert<\/td><td>20.3<\/td><td>50<\/td><td>YR630-8\/1180\/Y100L-8<\/td><td>630\/11<\/td><td>JD630\/ZS82,5-7<\/td><td>6.333\/99.96<\/td><td>99.4<\/td><\/tr><tr><td>\u03a62,4\u00d711<\/td><td>19-21 Circuit ouvert<\/td><td>20.3<\/td><td>60<\/td><td>YR630-8\/1180\/Y100L-8<\/td><td>630\/11<\/td><td>JD630\/ZS82,5-7<\/td><td>6.333\/99.96<\/td><td>99.4<\/td><\/tr><tr><td>\u03a62,4\u00d712<\/td><td>25-27 Circuit ferm\u00e9<\/td><td>20.3<\/td><td>61<\/td><td>YR800-8\/1180\/Y100L-8<\/td><td>800\/11<\/td><td>JD630\/ZS82,5-7<\/td><td>6.333\/99.96<\/td><td>112.7<\/td><\/tr><tr><td>\u03a62,4\u00d713<\/td><td>25-27 Circuit ouvert haute finesse<\/td><td>20.3<\/td><td>66<\/td><td>YR800-8\/1180\/Y100L-8<\/td><td>800\/11<\/td><td>JD630\/ZS82,5-7<\/td><td>6.333\/99.96<\/td><td>131.1<\/td><\/tr><tr><td>\u03a62,4\u00d713<\/td><td>21-23 Circuit ouvert<\/td><td>20.3<\/td><td>66<\/td><td>YR1000-8\/1180\/Y160M-4<\/td><td>1000\/11<\/td><td>JD630\/ZS82,5-7<\/td><td>6.333\/99.96<\/td><td>130.4<\/td><\/tr><tr><td>\u03a62,6\u00d710<\/td><td>25-27 Circuit ferm\u00e9<\/td><td>20.3<\/td><td>60<\/td><td>YR800-8\/1250<\/td><td>800<\/td><td>JD800<\/td><td>5.5<\/td><td>150.5<\/td><\/tr><tr><td>\u03a62,6\u00d713<\/td><td>27-29<\/td><td>19.1<\/td><td>80<\/td><td>YR1000-8\/1180\/Y160M-4<\/td><td>1000\/11<\/td><td>&nbsp;<\/td><td>5.5\/280<\/td><td>169<\/td><\/tr><tr><td>\u03a63\u00d79<\/td><td>33-34 Circuit ferm\u00e9<\/td><td>19.6<\/td><td>79<\/td><td>YR1000-8\/1180\/Y160M-4<\/td><td>1000\/11<\/td><td>NAL108\/8\/ZS110-19<\/td><td>8\/280<\/td><td>156.5<\/td><\/tr><tr><td>\u03a63\u00d79<\/td><td>36,5 Circuit ferm\u00e9<\/td><td>17.6<\/td><td>79<\/td><td>YR118\/61-8<\/td><td>1000<\/td><td>2\u00d71250<\/td><td>42.163<\/td><td>121,13 Sans moteur<\/td><\/tr><tr><td>\u03a63\u00d711<\/td><td>35-40 Circuit ferm\u00e9<\/td><td>18.3<\/td><td>97<\/td><td>YR1250-8\/1430\/YR160M-4<\/td><td>1250\/11<\/td><td>YNL1210<\/td><td>6.3<\/td><td>178<\/td><\/tr><tr><td>\u03a63\u00d711<\/td><td>47 Circuit ferm\u00e9<\/td><td>17.7<\/td><td>97<\/td><td>YR118\/74-8<\/td><td>1250<\/td><td>ZI314<\/td><td>42.39<\/td><td>169<\/td><\/tr><tr><td>\u03a63\u00d712<\/td><td>38-40 Circuit ferm\u00e9<\/td><td>18.1<\/td><td>90<\/td><td>YR1250-8\/1430<\/td><td>1250\/11<\/td><td>JS1100-00<\/td><td>41.27<\/td><td>196.26<\/td><\/tr><tr><td>\u03a63,2\u00d711<\/td><td>40 Circuit ferm\u00e9<\/td><td>18<\/td><td>103<\/td><td>YR1400-8\/1430\/Y160M-4<\/td><td>1400\/11<\/td><td>YNL1210\/ZS110-19<\/td><td>12.35\/28<\/td><td>186,1 Sans moteur<\/td><\/tr><tr><td>\u03a63,5\u00d711,5<\/td><td>65-70 Circuit ferm\u00e9<\/td><td>16.5<\/td><td>129<\/td><td>TYD143\/49-8<\/td><td>2000<\/td><td>ZI370<\/td><td>36.239<\/td><td>138,3 Sans moteur<\/td><\/tr><tr><td>\u03a63,5\u00d711,5<\/td><td>50 Circuit ferm\u00e9<\/td><td>17.2<\/td><td>126<\/td><td>YR1800-8\/1430\/Y200L2-2<\/td><td>1800\/37<\/td><td>&nbsp;<\/td><td>43.02\/318<\/td><td>252.27<\/td><\/tr><tr><td>\u03a63,8\u00d713 Double patin<\/td><td>70-75 Circuit ferm\u00e9<\/td><td>16.6<\/td><td>170<\/td><td>YRKK800-8<\/td><td>2500<\/td><td>JS130\/MFY250<\/td><td>44.9<\/td><td>203 Sans moteur<\/td><\/tr><tr><td>\u03a63,8\u00d713<\/td><td>60-62<\/td><td>16.3<\/td><td>170<\/td><td>YR2500-10\/1730<\/td><td>2500<\/td><td>MFYX250<\/td><td>&nbsp;<\/td><td>286<\/td><\/tr><tr><td>\u03a64\u00d713<\/td><td>65 Circuit ferm\u00e9<\/td><td>15.95<\/td><td>202<\/td><td>YRKK900-8<\/td><td>2800<\/td><td>JS130-8<\/td><td>46.7<\/td><td>264<\/td><\/tr><tr><td>\u03a64,2\u00d713<\/td><td>85 Circuit ferm\u00e9<\/td><td>16.3<\/td><td>224<\/td><td>YRKK900-8<\/td><td>3150<\/td><td>MFY320<\/td><td>47.8<\/td><td>250 Sans moteur<\/td><\/tr><tr><td>\u03a64,2\u00d713<\/td><td>85-87<\/td><td>16.3<\/td><td>224<\/td><td>YR1000-8<\/td><td>3530<\/td><td>JQS3550<\/td><td>&nbsp;<\/td><td><\/td><\/tr><\/tbody><\/table><\/figure>\n\n\n<div class=\"gb-container gb-container-263d9700\">\n\n<a class=\"gb-button gb-button-a4cbb7be gb-button-text\" href=\"#popmake-622\">Obtenez un devis gratuit maintenant<\/a>\n\n<\/div>\n<\/div>\n<\/div>","protected":false},"excerpt":{"rendered":"<p>Raw material ball mill Raw material ball mill features 1. Product fineness is adjustable and uniform. 2. Relatively low energy consumption, low wear, and low operating costs. 3. High grinding efficiency, less wear and tear. 4. Low investment costs, simple process. Specifications of raw material ball mill Specification (m) Capacity (t\/h) Rotating speed (r\/min) Grinding &#8230; <\/p>\n<p class=\"read-more-container\"><a title=\"3-1. Broyeur \u00e0 boulets de mati\u00e8res premi\u00e8res\" class=\"read-more button\" href=\"https:\/\/hengxingmachinery.com\/fr\/raw-material-ball-mill\/#more-1449\" aria-label=\"En savoir plus sur 3-1. Raw material ball mill\">Lire plus<\/a><\/p>","protected":false},"author":1,"featured_media":0,"parent":0,"menu_order":0,"comment_status":"closed","ping_status":"closed","template":"","meta":{"footnotes":""},"class_list":["post-1449","page","type-page","status-publish"],"yoast_head":"<!-- This site is optimized with the Yoast SEO plugin v27.4 - https:\/\/yoast.com\/product\/yoast-seo-wordpress\/ -->\n<title>3-1. Raw material ball mill - Hengxing Machinery<\/title>\n<meta name=\"robots\" content=\"index, follow, max-snippet:-1, max-image-preview:large, max-video-preview:-1\" \/>\n<link rel=\"canonical\" href=\"https:\/\/hengxingmachinery.com\/fr\/raw-material-ball-mill\/\" \/>\n<meta property=\"og:locale\" content=\"fr_FR\" \/>\n<meta property=\"og:type\" content=\"article\" \/>\n<meta property=\"og:title\" content=\"3-1. Raw material ball mill - Hengxing Machinery\" \/>\n<meta property=\"og:description\" content=\"Raw material ball mill Raw material ball mill features 1. Product fineness is adjustable and uniform. 2. Relatively low energy consumption, low wear, and low operating costs. 3. High grinding efficiency, less wear and tear. 4. Low investment costs, simple process. Specifications of raw material ball mill Specification (m) Capacity (t\/h) Rotating speed (r\/min) Grinding ... Lire plus\" \/>\n<meta property=\"og:url\" content=\"https:\/\/hengxingmachinery.com\/fr\/raw-material-ball-mill\/\" \/>\n<meta property=\"og:site_name\" content=\"Hengxing Machinery\" \/>\n<meta property=\"article:modified_time\" content=\"2025-01-13T09:32:42+00:00\" \/>\n<meta property=\"og:image\" content=\"https:\/\/hengxingmachinery.com\/wp-content\/uploads\/2025\/01\/raw-material-ball-mill-for-sale.jpg\" \/>\n<meta name=\"twitter:card\" content=\"summary_large_image\" \/>\n<meta name=\"twitter:label1\" content=\"Dur\u00e9e de lecture estim\u00e9e\" \/>\n\t<meta name=\"twitter:data1\" content=\"4 minutes\" \/>\n<script type=\"application\/ld+json\" class=\"yoast-schema-graph\">{\"@context\":\"https:\\\/\\\/schema.org\",\"@graph\":[{\"@type\":\"WebPage\",\"@id\":\"https:\\\/\\\/hengxingmachinery.com\\\/raw-material-ball-mill\\\/\",\"url\":\"https:\\\/\\\/hengxingmachinery.com\\\/raw-material-ball-mill\\\/\",\"name\":\"3-1. Raw material ball mill - Hengxing Machinery\",\"isPartOf\":{\"@id\":\"https:\\\/\\\/hengxingmachinery.com\\\/#website\"},\"primaryImageOfPage\":{\"@id\":\"https:\\\/\\\/hengxingmachinery.com\\\/raw-material-ball-mill\\\/#primaryimage\"},\"image\":{\"@id\":\"https:\\\/\\\/hengxingmachinery.com\\\/raw-material-ball-mill\\\/#primaryimage\"},\"thumbnailUrl\":\"https:\\\/\\\/hengxingmachinery.com\\\/wp-content\\\/uploads\\\/2025\\\/01\\\/raw-material-ball-mill-for-sale.jpg\",\"datePublished\":\"2025-01-10T08:58:27+00:00\",\"dateModified\":\"2025-01-13T09:32:42+00:00\",\"breadcrumb\":{\"@id\":\"https:\\\/\\\/hengxingmachinery.com\\\/raw-material-ball-mill\\\/#breadcrumb\"},\"inLanguage\":\"fr-FR\",\"potentialAction\":[{\"@type\":\"ReadAction\",\"target\":[\"https:\\\/\\\/hengxingmachinery.com\\\/raw-material-ball-mill\\\/\"]}]},{\"@type\":\"ImageObject\",\"inLanguage\":\"fr-FR\",\"@id\":\"https:\\\/\\\/hengxingmachinery.com\\\/raw-material-ball-mill\\\/#primaryimage\",\"url\":\"https:\\\/\\\/hengxingmachinery.com\\\/wp-content\\\/uploads\\\/2025\\\/01\\\/raw-material-ball-mill-for-sale.jpg\",\"contentUrl\":\"https:\\\/\\\/hengxingmachinery.com\\\/wp-content\\\/uploads\\\/2025\\\/01\\\/raw-material-ball-mill-for-sale.jpg\"},{\"@type\":\"BreadcrumbList\",\"@id\":\"https:\\\/\\\/hengxingmachinery.com\\\/raw-material-ball-mill\\\/#breadcrumb\",\"itemListElement\":[{\"@type\":\"ListItem\",\"position\":1,\"name\":\"Home\",\"item\":\"https:\\\/\\\/hengxingmachinery.com\\\/\"},{\"@type\":\"ListItem\",\"position\":2,\"name\":\"3-1. Raw material ball mill\"}]},{\"@type\":\"WebSite\",\"@id\":\"https:\\\/\\\/hengxingmachinery.com\\\/#website\",\"url\":\"https:\\\/\\\/hengxingmachinery.com\\\/\",\"name\":\"Hengxing Machinery\",\"description\":\"Leading Manufacturer of All Sorts of Mining Machinery\",\"publisher\":{\"@id\":\"https:\\\/\\\/hengxingmachinery.com\\\/#organization\"},\"potentialAction\":[{\"@type\":\"SearchAction\",\"target\":{\"@type\":\"EntryPoint\",\"urlTemplate\":\"https:\\\/\\\/hengxingmachinery.com\\\/?s={search_term_string}\"},\"query-input\":{\"@type\":\"PropertyValueSpecification\",\"valueRequired\":true,\"valueName\":\"search_term_string\"}}],\"inLanguage\":\"fr-FR\"},{\"@type\":\"Organization\",\"@id\":\"https:\\\/\\\/hengxingmachinery.com\\\/#organization\",\"name\":\"Hengxing Machinery\",\"url\":\"https:\\\/\\\/hengxingmachinery.com\\\/\",\"logo\":{\"@type\":\"ImageObject\",\"inLanguage\":\"fr-FR\",\"@id\":\"https:\\\/\\\/hengxingmachinery.com\\\/#\\\/schema\\\/logo\\\/image\\\/\",\"url\":\"https:\\\/\\\/hengxingmachinery.com\\\/wp-content\\\/uploads\\\/2024\\\/12\\\/logo.png\",\"contentUrl\":\"https:\\\/\\\/hengxingmachinery.com\\\/wp-content\\\/uploads\\\/2024\\\/12\\\/logo.png\",\"width\":400,\"height\":260,\"caption\":\"Hengxing Machinery\"},\"image\":{\"@id\":\"https:\\\/\\\/hengxingmachinery.com\\\/#\\\/schema\\\/logo\\\/image\\\/\"}}]}<\/script>\n<!-- \/ Yoast SEO plugin. -->","yoast_head_json":{"title":"3-1. Broyeur \u00e0 boulets pour mati\u00e8res premi\u00e8res - Hengxing Machinery","robots":{"index":"index","follow":"follow","max-snippet":"max-snippet:-1","max-image-preview":"max-image-preview:large","max-video-preview":"max-video-preview:-1"},"canonical":"https:\/\/hengxingmachinery.com\/fr\/raw-material-ball-mill\/","og_locale":"fr_FR","og_type":"article","og_title":"3-1. Raw material ball mill - Hengxing Machinery","og_description":"Raw material ball mill Raw material ball mill features 1. Product fineness is adjustable and uniform. 2. Relatively low energy consumption, low wear, and low operating costs. 3. High grinding efficiency, less wear and tear. 4. Low investment costs, simple process. Specifications of raw material ball mill Specification (m) Capacity (t\/h) Rotating speed (r\/min) Grinding ... Lire plus","og_url":"https:\/\/hengxingmachinery.com\/fr\/raw-material-ball-mill\/","og_site_name":"Hengxing Machinery","article_modified_time":"2025-01-13T09:32:42+00:00","og_image":[{"url":"https:\/\/hengxingmachinery.com\/wp-content\/uploads\/2025\/01\/raw-material-ball-mill-for-sale.jpg","type":"","width":"","height":""}],"twitter_card":"summary_large_image","twitter_misc":{"Dur\u00e9e de lecture estim\u00e9e":"4 minutes"},"schema":{"@context":"https:\/\/schema.org","@graph":[{"@type":"WebPage","@id":"https:\/\/hengxingmachinery.com\/raw-material-ball-mill\/","url":"https:\/\/hengxingmachinery.com\/raw-material-ball-mill\/","name":"3-1. Broyeur \u00e0 boulets pour mati\u00e8res premi\u00e8res - Hengxing Machinery","isPartOf":{"@id":"https:\/\/hengxingmachinery.com\/#website"},"primaryImageOfPage":{"@id":"https:\/\/hengxingmachinery.com\/raw-material-ball-mill\/#primaryimage"},"image":{"@id":"https:\/\/hengxingmachinery.com\/raw-material-ball-mill\/#primaryimage"},"thumbnailUrl":"https:\/\/hengxingmachinery.com\/wp-content\/uploads\/2025\/01\/raw-material-ball-mill-for-sale.jpg","datePublished":"2025-01-10T08:58:27+00:00","dateModified":"2025-01-13T09:32:42+00:00","breadcrumb":{"@id":"https:\/\/hengxingmachinery.com\/raw-material-ball-mill\/#breadcrumb"},"inLanguage":"fr-FR","potentialAction":[{"@type":"ReadAction","target":["https:\/\/hengxingmachinery.com\/raw-material-ball-mill\/"]}]},{"@type":"ImageObject","inLanguage":"fr-FR","@id":"https:\/\/hengxingmachinery.com\/raw-material-ball-mill\/#primaryimage","url":"https:\/\/hengxingmachinery.com\/wp-content\/uploads\/2025\/01\/raw-material-ball-mill-for-sale.jpg","contentUrl":"https:\/\/hengxingmachinery.com\/wp-content\/uploads\/2025\/01\/raw-material-ball-mill-for-sale.jpg"},{"@type":"BreadcrumbList","@id":"https:\/\/hengxingmachinery.com\/raw-material-ball-mill\/#breadcrumb","itemListElement":[{"@type":"ListItem","position":1,"name":"Home","item":"https:\/\/hengxingmachinery.com\/"},{"@type":"ListItem","position":2,"name":"3-1. Raw material ball mill"}]},{"@type":"WebSite","@id":"https:\/\/hengxingmachinery.com\/#website","url":"https:\/\/hengxingmachinery.com\/","name":"Machines Hengxing","description":"Fabricant leader de toutes sortes de machines mini\u00e8res","publisher":{"@id":"https:\/\/hengxingmachinery.com\/#organization"},"potentialAction":[{"@type":"SearchAction","target":{"@type":"EntryPoint","urlTemplate":"https:\/\/hengxingmachinery.com\/?s={search_term_string}"},"query-input":{"@type":"PropertyValueSpecification","valueRequired":true,"valueName":"search_term_string"}}],"inLanguage":"fr-FR"},{"@type":"Organization","@id":"https:\/\/hengxingmachinery.com\/#organization","name":"Machines Hengxing","url":"https:\/\/hengxingmachinery.com\/","logo":{"@type":"ImageObject","inLanguage":"fr-FR","@id":"https:\/\/hengxingmachinery.com\/#\/schema\/logo\/image\/","url":"https:\/\/hengxingmachinery.com\/wp-content\/uploads\/2024\/12\/logo.png","contentUrl":"https:\/\/hengxingmachinery.com\/wp-content\/uploads\/2024\/12\/logo.png","width":400,"height":260,"caption":"Hengxing Machinery"},"image":{"@id":"https:\/\/hengxingmachinery.com\/#\/schema\/logo\/image\/"}}]}},"_links":{"self":[{"href":"https:\/\/hengxingmachinery.com\/fr\/wp-json\/wp\/v2\/pages\/1449","targetHints":{"allow":["GET"]}}],"collection":[{"href":"https:\/\/hengxingmachinery.com\/fr\/wp-json\/wp\/v2\/pages"}],"about":[{"href":"https:\/\/hengxingmachinery.com\/fr\/wp-json\/wp\/v2\/types\/page"}],"author":[{"embeddable":true,"href":"https:\/\/hengxingmachinery.com\/fr\/wp-json\/wp\/v2\/users\/1"}],"replies":[{"embeddable":true,"href":"https:\/\/hengxingmachinery.com\/fr\/wp-json\/wp\/v2\/comments?post=1449"}],"version-history":[{"count":2,"href":"https:\/\/hengxingmachinery.com\/fr\/wp-json\/wp\/v2\/pages\/1449\/revisions"}],"predecessor-version":[{"id":1595,"href":"https:\/\/hengxingmachinery.com\/fr\/wp-json\/wp\/v2\/pages\/1449\/revisions\/1595"}],"wp:attachment":[{"href":"https:\/\/hengxingmachinery.com\/fr\/wp-json\/wp\/v2\/media?parent=1449"}],"curies":[{"name":"wp","href":"https:\/\/api.w.org\/{rel}","templated":true}]}}