{"id":1454,"date":"2025-01-10T09:07:48","date_gmt":"2025-01-10T09:07:48","guid":{"rendered":"https:\/\/hengxingmachinery.com\/?page_id=1454"},"modified":"2025-01-13T09:31:18","modified_gmt":"2025-01-13T09:31:18","slug":"fly-ash-ball-mill","status":"publish","type":"page","link":"https:\/\/hengxingmachinery.com\/fr\/fly-ash-ball-mill\/","title":{"rendered":"3-1. Broyeur \u00e0 boulets pour cendres volantes"},"content":{"rendered":"<div class=\"gb-container gb-container-45165f5a\">\n<div class=\"gb-container gb-container-c2652eb4\">\n\n<h1 class=\"gb-headline gb-headline-62a8b2cc gb-headline-text\">Broyeur \u00e0 boulets pour cendres volantes<\/h1>\n\n<\/div>\n<\/div>\n\n<div class=\"gb-container gb-container-519cf624\">\n<div class=\"gb-container gb-container-71ca071e\">\n<div class=\"gb-grid-wrapper gb-grid-wrapper-8a5f0688\">\n<div class=\"gb-grid-column gb-grid-column-1e99b1c2\"><div class=\"gb-container gb-container-1e99b1c2\">\n\n<figure class=\"gb-block-image gb-block-image-e4eaba54\"><img decoding=\"async\" width=\"665\" height=\"545\" class=\"gb-image gb-image-e4eaba54\" src=\"https:\/\/hengxingmachinery.com\/wp-content\/uploads\/2025\/01\/fly-ash-ball-mill-for-sale.jpg\" alt=\"\" title=\"broyeur-a-boulets-cendres-volantes-a-vendre\" srcset=\"https:\/\/hengxingmachinery.com\/wp-content\/uploads\/2025\/01\/fly-ash-ball-mill-for-sale.jpg 665w, https:\/\/hengxingmachinery.com\/wp-content\/uploads\/2025\/01\/fly-ash-ball-mill-for-sale-300x246.jpg 300w, https:\/\/hengxingmachinery.com\/wp-content\/uploads\/2025\/01\/fly-ash-ball-mill-for-sale-15x12.jpg 15w\" sizes=\"(max-width: 665px) 100vw, 665px\" \/><\/figure>\n\n<\/div><\/div>\n\n<div class=\"gb-grid-column gb-grid-column-bcae065b\"><div class=\"gb-container gb-container-bcae065b\">\n\n<p class=\"gb-headline gb-headline-e419680e gb-headline-text\">Le broyeur \u00e0 boulets pour cendres volantes permet la r\u00e9utilisation secondaire des cendres volantes et r\u00e9duit la pollution qu'elles causent. Les fines de cendres volantes trait\u00e9es par le broyeur \u00e0 boulets pr\u00e9sentent une granulom\u00e9trie moyenne et une activit\u00e9 de surface am\u00e9lior\u00e9e.<\/p>\n\n\n<div class=\"gb-grid-wrapper gb-grid-wrapper-eebec76e\">\n<div class=\"gb-grid-column gb-grid-column-e3ada2f0\"><div class=\"gb-container gb-container-e3ada2f0\">\n\n<p class=\"gb-headline gb-headline-4c79a90a gb-headline-text\"><mark style=\"background-color:rgba(0, 0, 0, 0)\" class=\"has-inline-color has-global-color-8-color\"><strong>Charge de balle :<\/strong><\/mark> 1,5-110t<\/p>\n\n<\/div><\/div>\n\n<div class=\"gb-grid-column gb-grid-column-0bb00826\"><div class=\"gb-container gb-container-0bb00826\">\n\n<p class=\"gb-headline gb-headline-86d53f56 gb-headline-text\"><mark style=\"background-color:rgba(0, 0, 0, 0)\" class=\"has-inline-color has-global-color-8-color\"><strong>Capacit\u00e9:<\/strong><\/mark> 0,65-90t\/h<\/p>\n\n<\/div><\/div>\n<\/div>\n\n\n<p class=\"gb-headline gb-headline-2750f5a7 gb-headline-text\"><strong>Application :<\/strong><\/p>\n\n\n\n<p class=\"gb-headline gb-headline-28231626 gb-headline-text\">Large utilisation dans les additifs pour b\u00e9ton, les briques creuses, la c\u00e9ramique et les mat\u00e9riaux de remblai pour projets de construction.<\/p>\n\n\n<div class=\"gb-container gb-container-256e15f1\">\n\n<a class=\"gb-button gb-button-e8b73d89 gb-button-text\" href=\"#popmake-622\">Obtenez un devis gratuit maintenant<\/a>\n\n<\/div>\n<\/div><\/div>\n<\/div>\n<\/div>\n<\/div>\n\n<div class=\"gb-container gb-container-8d8b4afc\">\n<div class=\"gb-container gb-container-f2c44112\">\n\n<h2 class=\"gb-headline gb-headline-602757fa gb-headline-text\">Caract\u00e9ristiques du broyeur \u00e0 boulets pour cendres volantes<\/h2>\n\n\n\n<figure class=\"gb-block-image gb-block-image-db4c5409\"><img decoding=\"async\" width=\"665\" height=\"545\" class=\"gb-image gb-image-db4c5409\" src=\"https:\/\/hengxingmachinery.com\/wp-content\/uploads\/2025\/01\/cement-ball-mill-1.jpg\" alt=\"\" title=\"broyeur \u00e0 boulets pour ciment\" srcset=\"https:\/\/hengxingmachinery.com\/wp-content\/uploads\/2025\/01\/cement-ball-mill-1.jpg 665w, https:\/\/hengxingmachinery.com\/wp-content\/uploads\/2025\/01\/cement-ball-mill-1-300x246.jpg 300w, https:\/\/hengxingmachinery.com\/wp-content\/uploads\/2025\/01\/cement-ball-mill-1-15x12.jpg 15w\" sizes=\"(max-width: 665px) 100vw, 665px\" \/><\/figure>\n\n\n\n<h3 class=\"gb-headline gb-headline-8e7ebddd gb-headline-text\">Bonne efficacit\u00e9 \u00e9conomique<\/h3>\n\n\n\n<p>Le broyeur \u00e0 boulets pour cendres volantes peut broyer de mani\u00e8re ultra-fine les cendres brutes ou le m\u00e9lange de cendres grossi\u00e8res tri\u00e9es pour leur conf\u00e9rer une certaine activit\u00e9 hydraulique, et produire des cendres ultra-fines m\u00e9lang\u00e9es utilisables pour la pr\u00e9paration de b\u00e9ton haute performance. L'objectif d'une utilisation compl\u00e8te des cendres de charbon est de cr\u00e9er de plus grands b\u00e9n\u00e9fices \u00e9conomiques.<\/p>\n\n\n\n<h3 class=\"gb-headline gb-headline-ff68a226 gb-headline-text\">Haute efficacit\u00e9 d'utilisation des cendres volantes<\/h3>\n\n\n\n<p>Les cendres de charbon broy\u00e9es peuvent \u00eatre tri\u00e9es. Apr\u00e8s tri, les cendres grossi\u00e8res sont renvoy\u00e9es au broyeur \u00e0 boulets pour un broyage ultra-fin afin de produire un adjuvant capable de pr\u00e9parer du b\u00e9ton haute performance, ce qui am\u00e9liore consid\u00e9rablement la rentabilit\u00e9 de la valorisation compl\u00e8te des cendres volantes et permet une utilisation int\u00e9grale totale des cendres volantes.<\/p>\n\n\n\n<h3 class=\"gb-headline gb-headline-c3c63a9e gb-headline-text\">Proc\u00e9d\u00e9 simple<\/h3>\n\n\n\n<p>Un broyeur \u00e0 boulets pour cendres volantes adopte un syst\u00e8me en circuit ouvert. Apr\u00e8s le broyage des cendres grossi\u00e8res entrant dans le moulin, les cendres volantes d\u00e9charg\u00e9es r\u00e9pondent directement aux exigences de finesse des cendres de qualit\u00e9 (ajustable), sans n\u00e9cessiter de criblage ou de tri.<\/p>\n\n\n\n<h3 class=\"gb-headline gb-headline-878b766d gb-headline-text\">Finesse de broyage \u00e9lev\u00e9e<\/h3>\n\n\n\n<p>Le broyeur \u00e0 boulets sp\u00e9cial pour cendres volantes produit par notre soci\u00e9t\u00e9 utilise enti\u00e8rement des corps broyants granulaires, qui entrent directement dans les conditions de broyage, permettant ainsi de r\u00e9duire facilement les particules de 45-150\u03bcm \u00e0 moins de 45\u03bcm.<\/p>\n\n\n<div class=\"gb-container gb-container-63dc3c06\">\n\n<a class=\"gb-button gb-button-a6821353 gb-button-text\" href=\"#popmake-622\">Obtenez un devis gratuit maintenant<\/a>\n\n<\/div>\n<\/div>\n<\/div>\n\n<div class=\"gb-container gb-container-b24071b3\">\n<div class=\"gb-container gb-container-60584794\">\n\n<h2 class=\"gb-headline gb-headline-5e7d8f8c gb-headline-text\">Principe de fonctionnement du broyeur \u00e0 boulets pour cendres volantes<\/h2>\n\n\n\n<figure class=\"gb-block-image gb-block-image-a7119939\"><img decoding=\"async\" width=\"920\" height=\"420\" class=\"gb-image gb-image-a7119939\" src=\"https:\/\/hengxingmachinery.com\/wp-content\/uploads\/2025\/01\/fly-ash-ball-mill-working.jpg\" alt=\"\" title=\"broyeur-a-boulets-cendres-volantes-fonctionnement\" srcset=\"https:\/\/hengxingmachinery.com\/wp-content\/uploads\/2025\/01\/fly-ash-ball-mill-working.jpg 920w, https:\/\/hengxingmachinery.com\/wp-content\/uploads\/2025\/01\/fly-ash-ball-mill-working-300x137.jpg 300w, https:\/\/hengxingmachinery.com\/wp-content\/uploads\/2025\/01\/fly-ash-ball-mill-working-768x351.jpg 768w, https:\/\/hengxingmachinery.com\/wp-content\/uploads\/2025\/01\/fly-ash-ball-mill-working-18x8.jpg 18w\" sizes=\"(max-width: 920px) 100vw, 920px\" \/><\/figure>\n\n\n\n<p>Choix selon la granulom\u00e9trie des cendres volantes. Le mat\u00e9riau est charg\u00e9 dans le cylindre par l'arbre creux \u00e0 l'extr\u00e9mit\u00e9 d'alimentation du broyeur. Lorsque le cylindre du broyeur \u00e0 boulets tourne, le corps broyant adh\u00e8re au rev\u00eatement du cylindre proche en raison de l'inertie, de la force centrifuge et du frottement. La plaque est entra\u00een\u00e9e par le cylindre, et lorsqu'elle est amen\u00e9e \u00e0 une certaine hauteur, elle est \u00e9ject\u00e9e en raison de sa propre gravit\u00e9. Le corps broyant tombant \u00e9crase le mat\u00e9riau dans le cylindre comme un projectile. <\/p>\n\n\n\n<p>Le mat\u00e9riau entre dans la chambre de broyage uniform\u00e9ment via le dispositif d'alimentation \u00e0 travers l'arbre creux d'alimentation de mani\u00e8re spiral\u00e9e et r\u00e9guli\u00e8re. La chambre poss\u00e8de un rev\u00eatement \u00e9tag\u00e9 ou un rev\u00eatement ondul\u00e9 avec des billes d'acier de diff\u00e9rentes sp\u00e9cifications. La rotation du cylindre g\u00e9n\u00e8re une force centrifuge qui \u00e9l\u00e8ve les billes d'acier \u00e0 une certaine hauteur puis les laisse retomber, exer\u00e7ant un fort impact et un effet de broyage sur le mat\u00e9riau. <\/p>\n\n\n\n<p>Apr\u00e8s le broyage grossier dans le premier compartiment, le mat\u00e9riau entre dans le second compartiment via la cloison simple couche. Ce compartiment est rev\u00eatu de plaques lisses et de billes d'acier pour affiner davantage le mat\u00e9riau. La poudre est \u00e9vacu\u00e9e \u00e0 travers la grille de d\u00e9charge pour terminer l'op\u00e9ration de broyage.<\/p>\n\n\n<div class=\"gb-container gb-container-1f0dc6f2\">\n\n<a class=\"gb-button gb-button-6c09f29e gb-button-text\" href=\"#popmake-622\">Obtenez un devis gratuit maintenant<\/a>\n\n<\/div>\n<\/div>\n<\/div>\n\n<div class=\"gb-container gb-container-435ad261\">\n<div class=\"gb-container gb-container-7dc79cc4\">\n\n<h2 class=\"gb-headline gb-headline-6fe5dee2 gb-headline-text\">Sp\u00e9cifications du broyeur \u00e0 boulets intermittent<\/h2>\n\n\n\n<figure class=\"wp-block-table is-style-stripes\"><table class=\"has-fixed-layout\"><tbody><tr><td><strong>Mod\u00e8le<\/strong><\/td><td><strong>Vitesse de rotation du cylindre<br>(tr\/min)<\/strong><\/td><td><strong>Charge de boulets<br>(t)<\/strong><\/td><td><strong>Taille d'alimentation<br>(mm)<\/strong><\/td><td><strong>Taille de sortie<br>(mm)<\/strong><\/td><td><strong>Capacit\u00e9<br>(t\/h)<\/strong><\/td><td><strong>Pouvoir<br>(kW)<\/strong><\/td><td><strong>Poids<br>(t)<\/strong><\/td><\/tr><tr><td>\u0424900\u00d71800<\/td><td>36<\/td><td>1.5<\/td><td>\u226420<\/td><td>0.075-0.89<\/td><td>0.65-2<\/td><td>18.5<\/td><td>5.85<\/td><\/tr><tr><td>\u0424900\u00d73000<\/td><td>38<\/td><td>2.7<\/td><td>\u226420<\/td><td>0.075-0.89<\/td><td>1.1-3.5<\/td><td>22<\/td><td>6.98<\/td><\/tr><tr><td>\u04241200\u00d72400<\/td><td>36<\/td><td>3<\/td><td>\u226425<\/td><td>0.075-0.6<\/td><td>1.5-4.8<\/td><td>30<\/td><td>13.6<\/td><\/tr><tr><td>\u04241200\u00d73000<\/td><td>36<\/td><td>3.5<\/td><td>\u226425<\/td><td>0.074-0.4<\/td><td>1.6-5<\/td><td>37<\/td><td>14.3<\/td><\/tr><tr><td>\u04241200\u00d74500<\/td><td>36<\/td><td>5<\/td><td>\u226425<\/td><td>0.074-0.4<\/td><td>1.6-5.8<\/td><td>55<\/td><td>15.6<\/td><\/tr><tr><td>\u04241500\u00d73000<\/td><td>32.4<\/td><td>7.5<\/td><td>\u226425<\/td><td>0.074-0.4<\/td><td>2-5<\/td><td>75<\/td><td>19.5<\/td><\/tr><tr><td>\u04241500\u00d74500<\/td><td>29.7<\/td><td>11<\/td><td>\u226425<\/td><td>0.074-0.4<\/td><td>3-6<\/td><td>110<\/td><td>22<\/td><\/tr><tr><td>\u04241500\u00d75700<\/td><td>27<\/td><td>12<\/td><td>\u226425<\/td><td>0.074-0.4<\/td><td>3.5-6<\/td><td>130<\/td><td>25.8<\/td><\/tr><tr><td>\u04241830\u00d73000<\/td><td>25.4<\/td><td>11<\/td><td>\u226425<\/td><td>0.074-0.4<\/td><td>4-10<\/td><td>130<\/td><td>34.5<\/td><\/tr><tr><td>\u04241830\u00d74500<\/td><td>25.4<\/td><td>15<\/td><td>\u226425<\/td><td>0.074-0.4<\/td><td>4.5-12<\/td><td>155<\/td><td>38<\/td><\/tr><tr><td>\u04241830\u00d76400<\/td><td>24.1<\/td><td>21<\/td><td>\u226425<\/td><td>0.074-0.4<\/td><td>6.5-15<\/td><td>210<\/td><td>43<\/td><\/tr><tr><td>\u04241830\u00d77000<\/td><td>24.1<\/td><td>23<\/td><td>\u226425<\/td><td>0.074-0.4<\/td><td>7.5-17<\/td><td>245<\/td><td>43.8<\/td><\/tr><tr><td>\u04242100\u00d73000<\/td><td>23.7<\/td><td>15<\/td><td>\u226425<\/td><td>0.074-0.4<\/td><td>6.5-36<\/td><td>155<\/td><td>45<\/td><\/tr><tr><td>\u04242100\u00d74500<\/td><td>23.7<\/td><td>24<\/td><td>\u226425<\/td><td>0.074-0.4<\/td><td>8-43<\/td><td>245<\/td><td>56&nbsp;<\/td><\/tr><tr><td>\u04242100\u00d77000<\/td><td>23.7<\/td><td>26<\/td><td>\u226425<\/td><td>0.074-0.4<\/td><td>12-48<\/td><td>280<\/td><td>59.5<\/td><\/tr><tr><td>\u04242200\u00d74500<\/td><td>21.5<\/td><td>27<\/td><td>\u226425<\/td><td>0.074-0.4<\/td><td>9-45<\/td><td>280<\/td><td>54.5<\/td><\/tr><tr><td>\u04242200\u00d76500<\/td><td>21.7<\/td><td>35<\/td><td>\u226425<\/td><td>0.074-0.4<\/td><td>14-26<\/td><td>380<\/td><td>61<\/td><\/tr><tr><td>\u04242200\u00d77000<\/td><td>21.7<\/td><td>35<\/td><td>\u226425<\/td><td>0.074-0.4<\/td><td>15-28<\/td><td>380<\/td><td>62.5<\/td><\/tr><tr><td>\u04242200\u00d77500<\/td><td>21.7<\/td><td>35<\/td><td>\u226425<\/td><td>0.074-0.4<\/td><td>15-30<\/td><td>380<\/td><td>64.8<\/td><\/tr><tr><td>\u04242400\u00d73000<\/td><td>21<\/td><td>23<\/td><td>\u226425<\/td><td>0.074-0.4<\/td><td>7-50<\/td><td>245<\/td><td>58<\/td><\/tr><tr><td>\u04242400\u00d74500<\/td><td>21<\/td><td>30<\/td><td>\u226425<\/td><td>0.074-0.4<\/td><td>8.5-60<\/td><td>320<\/td><td>72<\/td><\/tr><tr><td>\u04242700\u00d74000<\/td><td>20.7<\/td><td>40<\/td><td>\u226425<\/td><td>0.074-0.4<\/td><td>22-80<\/td><td>380<\/td><td>95<\/td><\/tr><tr><td>\u04242700\u00d74500<\/td><td>20.7<\/td><td>48<\/td><td>\u226425<\/td><td>0.074-0.4<\/td><td>26-90<\/td><td>480<\/td><td>102<\/td><\/tr><tr><td>\u04243200\u00d74500<\/td><td>18<\/td><td>65<\/td><td>\u226425<\/td><td>0.074-0.4<\/td><td>D\u00e9pend des conditions de travail<\/td><td>630<\/td><td>149<\/td><\/tr><tr><td>\u04243600\u00d74500<\/td><td>17<\/td><td>90<\/td><td>\u226425<\/td><td>0.074-0.4<\/td><td>D\u00e9pend des conditions de travail<\/td><td>850<\/td><td>169<\/td><\/tr><tr><td>\u04243600\u00d76000<\/td><td>17<\/td><td>110<\/td><td>\u226425<\/td><td>0.074-0.4<\/td><td>D\u00e9pend des conditions de travail<\/td><td>1250<\/td><td>198<\/td><\/tr><\/tbody><\/table><\/figure>\n\n\n<div class=\"gb-container gb-container-263d9700\">\n\n<a class=\"gb-button gb-button-a4cbb7be gb-button-text\" href=\"#popmake-622\">Obtenez un devis gratuit maintenant<\/a>\n\n<\/div>\n<\/div>\n<\/div>","protected":false},"excerpt":{"rendered":"<p>Fly ash ball mill Fly ash ball mill features Good economic efficiency The fly ash ball mill can superfinely grind the raw ash or the sorted coarse ash mixture to make it have a certain hydraulic activity, and produce the blended superfine ash that can be used to prepare high-performance concrete. The purpose of full &#8230; <\/p>\n<p class=\"read-more-container\"><a title=\"3-1. Broyeur \u00e0 boulets pour cendres volantes\" class=\"read-more button\" href=\"https:\/\/hengxingmachinery.com\/fr\/fly-ash-ball-mill\/#more-1454\" aria-label=\"En savoir plus sur 3-1. Fly ash ball mill\">Lire plus<\/a><\/p>","protected":false},"author":1,"featured_media":0,"parent":0,"menu_order":0,"comment_status":"closed","ping_status":"closed","template":"","meta":{"footnotes":""},"class_list":["post-1454","page","type-page","status-publish"],"yoast_head":"<!-- This site is optimized with the Yoast SEO plugin v27.4 - https:\/\/yoast.com\/product\/yoast-seo-wordpress\/ -->\n<title>3-1. Fly ash ball mill - Hengxing Machinery<\/title>\n<meta name=\"robots\" content=\"index, follow, max-snippet:-1, max-image-preview:large, max-video-preview:-1\" \/>\n<link rel=\"canonical\" href=\"https:\/\/hengxingmachinery.com\/fr\/fly-ash-ball-mill\/\" \/>\n<meta property=\"og:locale\" content=\"fr_FR\" \/>\n<meta property=\"og:type\" content=\"article\" \/>\n<meta property=\"og:title\" content=\"3-1. Fly ash ball mill - Hengxing Machinery\" \/>\n<meta property=\"og:description\" content=\"Fly ash ball mill Fly ash ball mill features Good economic efficiency The fly ash ball mill can superfinely grind the raw ash or the sorted coarse ash mixture to make it have a certain hydraulic activity, and produce the blended superfine ash that can be used to prepare high-performance concrete. The purpose of full ... Lire plus\" \/>\n<meta property=\"og:url\" content=\"https:\/\/hengxingmachinery.com\/fr\/fly-ash-ball-mill\/\" \/>\n<meta property=\"og:site_name\" content=\"Hengxing Machinery\" \/>\n<meta property=\"article:modified_time\" content=\"2025-01-13T09:31:18+00:00\" \/>\n<meta property=\"og:image\" content=\"https:\/\/hengxingmachinery.com\/wp-content\/uploads\/2025\/01\/fly-ash-ball-mill-for-sale.jpg\" \/>\n<meta name=\"twitter:card\" content=\"summary_large_image\" \/>\n<meta name=\"twitter:label1\" content=\"Dur\u00e9e de lecture estim\u00e9e\" \/>\n\t<meta name=\"twitter:data1\" content=\"4 minutes\" \/>\n<script type=\"application\/ld+json\" class=\"yoast-schema-graph\">{\"@context\":\"https:\\\/\\\/schema.org\",\"@graph\":[{\"@type\":\"WebPage\",\"@id\":\"https:\\\/\\\/hengxingmachinery.com\\\/fly-ash-ball-mill\\\/\",\"url\":\"https:\\\/\\\/hengxingmachinery.com\\\/fly-ash-ball-mill\\\/\",\"name\":\"3-1. Fly ash ball mill - Hengxing Machinery\",\"isPartOf\":{\"@id\":\"https:\\\/\\\/hengxingmachinery.com\\\/#website\"},\"primaryImageOfPage\":{\"@id\":\"https:\\\/\\\/hengxingmachinery.com\\\/fly-ash-ball-mill\\\/#primaryimage\"},\"image\":{\"@id\":\"https:\\\/\\\/hengxingmachinery.com\\\/fly-ash-ball-mill\\\/#primaryimage\"},\"thumbnailUrl\":\"https:\\\/\\\/hengxingmachinery.com\\\/wp-content\\\/uploads\\\/2025\\\/01\\\/fly-ash-ball-mill-for-sale.jpg\",\"datePublished\":\"2025-01-10T09:07:48+00:00\",\"dateModified\":\"2025-01-13T09:31:18+00:00\",\"breadcrumb\":{\"@id\":\"https:\\\/\\\/hengxingmachinery.com\\\/fly-ash-ball-mill\\\/#breadcrumb\"},\"inLanguage\":\"fr-FR\",\"potentialAction\":[{\"@type\":\"ReadAction\",\"target\":[\"https:\\\/\\\/hengxingmachinery.com\\\/fly-ash-ball-mill\\\/\"]}]},{\"@type\":\"ImageObject\",\"inLanguage\":\"fr-FR\",\"@id\":\"https:\\\/\\\/hengxingmachinery.com\\\/fly-ash-ball-mill\\\/#primaryimage\",\"url\":\"https:\\\/\\\/hengxingmachinery.com\\\/wp-content\\\/uploads\\\/2025\\\/01\\\/fly-ash-ball-mill-for-sale.jpg\",\"contentUrl\":\"https:\\\/\\\/hengxingmachinery.com\\\/wp-content\\\/uploads\\\/2025\\\/01\\\/fly-ash-ball-mill-for-sale.jpg\"},{\"@type\":\"BreadcrumbList\",\"@id\":\"https:\\\/\\\/hengxingmachinery.com\\\/fly-ash-ball-mill\\\/#breadcrumb\",\"itemListElement\":[{\"@type\":\"ListItem\",\"position\":1,\"name\":\"Home\",\"item\":\"https:\\\/\\\/hengxingmachinery.com\\\/\"},{\"@type\":\"ListItem\",\"position\":2,\"name\":\"3-1. Fly ash ball mill\"}]},{\"@type\":\"WebSite\",\"@id\":\"https:\\\/\\\/hengxingmachinery.com\\\/#website\",\"url\":\"https:\\\/\\\/hengxingmachinery.com\\\/\",\"name\":\"Hengxing Machinery\",\"description\":\"Leading Manufacturer of All Sorts of Mining Machinery\",\"publisher\":{\"@id\":\"https:\\\/\\\/hengxingmachinery.com\\\/#organization\"},\"potentialAction\":[{\"@type\":\"SearchAction\",\"target\":{\"@type\":\"EntryPoint\",\"urlTemplate\":\"https:\\\/\\\/hengxingmachinery.com\\\/?s={search_term_string}\"},\"query-input\":{\"@type\":\"PropertyValueSpecification\",\"valueRequired\":true,\"valueName\":\"search_term_string\"}}],\"inLanguage\":\"fr-FR\"},{\"@type\":\"Organization\",\"@id\":\"https:\\\/\\\/hengxingmachinery.com\\\/#organization\",\"name\":\"Hengxing Machinery\",\"url\":\"https:\\\/\\\/hengxingmachinery.com\\\/\",\"logo\":{\"@type\":\"ImageObject\",\"inLanguage\":\"fr-FR\",\"@id\":\"https:\\\/\\\/hengxingmachinery.com\\\/#\\\/schema\\\/logo\\\/image\\\/\",\"url\":\"https:\\\/\\\/hengxingmachinery.com\\\/wp-content\\\/uploads\\\/2024\\\/12\\\/logo.png\",\"contentUrl\":\"https:\\\/\\\/hengxingmachinery.com\\\/wp-content\\\/uploads\\\/2024\\\/12\\\/logo.png\",\"width\":400,\"height\":260,\"caption\":\"Hengxing Machinery\"},\"image\":{\"@id\":\"https:\\\/\\\/hengxingmachinery.com\\\/#\\\/schema\\\/logo\\\/image\\\/\"}}]}<\/script>\n<!-- \/ Yoast SEO plugin. -->","yoast_head_json":{"title":"3-1. Broyeur \u00e0 boulets pour cendres volantes - Hengxing Machinery","robots":{"index":"index","follow":"follow","max-snippet":"max-snippet:-1","max-image-preview":"max-image-preview:large","max-video-preview":"max-video-preview:-1"},"canonical":"https:\/\/hengxingmachinery.com\/fr\/fly-ash-ball-mill\/","og_locale":"fr_FR","og_type":"article","og_title":"3-1. Fly ash ball mill - Hengxing Machinery","og_description":"Fly ash ball mill Fly ash ball mill features Good economic efficiency The fly ash ball mill can superfinely grind the raw ash or the sorted coarse ash mixture to make it have a certain hydraulic activity, and produce the blended superfine ash that can be used to prepare high-performance concrete. The purpose of full ... Lire plus","og_url":"https:\/\/hengxingmachinery.com\/fr\/fly-ash-ball-mill\/","og_site_name":"Hengxing Machinery","article_modified_time":"2025-01-13T09:31:18+00:00","og_image":[{"url":"https:\/\/hengxingmachinery.com\/wp-content\/uploads\/2025\/01\/fly-ash-ball-mill-for-sale.jpg","type":"","width":"","height":""}],"twitter_card":"summary_large_image","twitter_misc":{"Dur\u00e9e de lecture estim\u00e9e":"4 minutes"},"schema":{"@context":"https:\/\/schema.org","@graph":[{"@type":"WebPage","@id":"https:\/\/hengxingmachinery.com\/fly-ash-ball-mill\/","url":"https:\/\/hengxingmachinery.com\/fly-ash-ball-mill\/","name":"3-1. Broyeur \u00e0 boulets pour cendres volantes - Hengxing Machinery","isPartOf":{"@id":"https:\/\/hengxingmachinery.com\/#website"},"primaryImageOfPage":{"@id":"https:\/\/hengxingmachinery.com\/fly-ash-ball-mill\/#primaryimage"},"image":{"@id":"https:\/\/hengxingmachinery.com\/fly-ash-ball-mill\/#primaryimage"},"thumbnailUrl":"https:\/\/hengxingmachinery.com\/wp-content\/uploads\/2025\/01\/fly-ash-ball-mill-for-sale.jpg","datePublished":"2025-01-10T09:07:48+00:00","dateModified":"2025-01-13T09:31:18+00:00","breadcrumb":{"@id":"https:\/\/hengxingmachinery.com\/fly-ash-ball-mill\/#breadcrumb"},"inLanguage":"fr-FR","potentialAction":[{"@type":"ReadAction","target":["https:\/\/hengxingmachinery.com\/fly-ash-ball-mill\/"]}]},{"@type":"ImageObject","inLanguage":"fr-FR","@id":"https:\/\/hengxingmachinery.com\/fly-ash-ball-mill\/#primaryimage","url":"https:\/\/hengxingmachinery.com\/wp-content\/uploads\/2025\/01\/fly-ash-ball-mill-for-sale.jpg","contentUrl":"https:\/\/hengxingmachinery.com\/wp-content\/uploads\/2025\/01\/fly-ash-ball-mill-for-sale.jpg"},{"@type":"BreadcrumbList","@id":"https:\/\/hengxingmachinery.com\/fly-ash-ball-mill\/#breadcrumb","itemListElement":[{"@type":"ListItem","position":1,"name":"Home","item":"https:\/\/hengxingmachinery.com\/"},{"@type":"ListItem","position":2,"name":"3-1. Fly ash ball mill"}]},{"@type":"WebSite","@id":"https:\/\/hengxingmachinery.com\/#website","url":"https:\/\/hengxingmachinery.com\/","name":"Machines Hengxing","description":"Fabricant leader de toutes sortes de machines mini\u00e8res","publisher":{"@id":"https:\/\/hengxingmachinery.com\/#organization"},"potentialAction":[{"@type":"SearchAction","target":{"@type":"EntryPoint","urlTemplate":"https:\/\/hengxingmachinery.com\/?s={search_term_string}"},"query-input":{"@type":"PropertyValueSpecification","valueRequired":true,"valueName":"search_term_string"}}],"inLanguage":"fr-FR"},{"@type":"Organization","@id":"https:\/\/hengxingmachinery.com\/#organization","name":"Machines Hengxing","url":"https:\/\/hengxingmachinery.com\/","logo":{"@type":"ImageObject","inLanguage":"fr-FR","@id":"https:\/\/hengxingmachinery.com\/#\/schema\/logo\/image\/","url":"https:\/\/hengxingmachinery.com\/wp-content\/uploads\/2024\/12\/logo.png","contentUrl":"https:\/\/hengxingmachinery.com\/wp-content\/uploads\/2024\/12\/logo.png","width":400,"height":260,"caption":"Hengxing Machinery"},"image":{"@id":"https:\/\/hengxingmachinery.com\/#\/schema\/logo\/image\/"}}]}},"_links":{"self":[{"href":"https:\/\/hengxingmachinery.com\/fr\/wp-json\/wp\/v2\/pages\/1454","targetHints":{"allow":["GET"]}}],"collection":[{"href":"https:\/\/hengxingmachinery.com\/fr\/wp-json\/wp\/v2\/pages"}],"about":[{"href":"https:\/\/hengxingmachinery.com\/fr\/wp-json\/wp\/v2\/types\/page"}],"author":[{"embeddable":true,"href":"https:\/\/hengxingmachinery.com\/fr\/wp-json\/wp\/v2\/users\/1"}],"replies":[{"embeddable":true,"href":"https:\/\/hengxingmachinery.com\/fr\/wp-json\/wp\/v2\/comments?post=1454"}],"version-history":[{"count":2,"href":"https:\/\/hengxingmachinery.com\/fr\/wp-json\/wp\/v2\/pages\/1454\/revisions"}],"predecessor-version":[{"id":1585,"href":"https:\/\/hengxingmachinery.com\/fr\/wp-json\/wp\/v2\/pages\/1454\/revisions\/1585"}],"wp:attachment":[{"href":"https:\/\/hengxingmachinery.com\/fr\/wp-json\/wp\/v2\/media?parent=1454"}],"curies":[{"name":"wp","href":"https:\/\/api.w.org\/{rel}","templated":true}]}}