{"id":1555,"date":"2025-01-13T09:24:45","date_gmt":"2025-01-13T09:24:45","guid":{"rendered":"https:\/\/hengxingmachinery.com\/?page_id=1555"},"modified":"2025-01-15T06:44:40","modified_gmt":"2025-01-15T06:44:40","slug":"rotary-drum-dryer","status":"publish","type":"page","link":"https:\/\/hengxingmachinery.com\/fr\/rotary-drum-dryer\/","title":{"rendered":"5-1. S\u00e9choir \u00e0 tambour rotatif"},"content":{"rendered":"<div class=\"gb-container gb-container-45165f5a\">\n<div class=\"gb-container gb-container-c2652eb4\">\n\n<h1 class=\"gb-headline gb-headline-62a8b2cc gb-headline-text\">S\u00e9choir \u00e0 tambour rotatif<\/h1>\n\n<\/div>\n<\/div>\n\n<div class=\"gb-container gb-container-519cf624\">\n<div class=\"gb-container gb-container-71ca071e\">\n<div class=\"gb-grid-wrapper gb-grid-wrapper-8a5f0688\">\n<div class=\"gb-grid-column gb-grid-column-1e99b1c2\"><div class=\"gb-container gb-container-1e99b1c2\">\n\n<figure class=\"gb-block-image gb-block-image-e4eaba54\"><img decoding=\"async\" width=\"665\" height=\"545\" class=\"gb-image gb-image-e4eaba54\" src=\"https:\/\/hengxingmachinery.com\/wp-content\/uploads\/2025\/01\/rotary-drum-dryer-equipment.jpg\" alt=\"\" title=\"\u00c9quipement de tambour s\u00e9cheur rotatif\" srcset=\"https:\/\/hengxingmachinery.com\/wp-content\/uploads\/2025\/01\/rotary-drum-dryer-equipment.jpg 665w, https:\/\/hengxingmachinery.com\/wp-content\/uploads\/2025\/01\/rotary-drum-dryer-equipment-300x246.jpg 300w, https:\/\/hengxingmachinery.com\/wp-content\/uploads\/2025\/01\/rotary-drum-dryer-equipment-15x12.jpg 15w\" sizes=\"(max-width: 665px) 100vw, 665px\" \/><\/figure>\n\n<\/div><\/div>\n\n<div class=\"gb-grid-column gb-grid-column-bcae065b\"><div class=\"gb-container gb-container-bcae065b\">\n\n<p>Un s\u00e9choir rotatif (tambour s\u00e9cheur rotatif) est principalement compos\u00e9 du corps rotatif, des plaques \u00e9l\u00e9vatrices, du dispositif de transmission, du dispositif de support et de la bague d'\u00e9tanch\u00e9it\u00e9. Il pr\u00e9sente les avantages d'une structure rationnelle, d'une excellente production, d'un rendement \u00e9lev\u00e9, d'une faible consommation d'\u00e9nergie et d'une utilisation pratique.<\/p>\n\n\n<div class=\"gb-grid-wrapper gb-grid-wrapper-eebec76e\">\n<div class=\"gb-grid-column gb-grid-column-e3ada2f0\"><div class=\"gb-container gb-container-e3ada2f0\">\n\n<p class=\"gb-headline gb-headline-4c79a90a gb-headline-text\"><mark style=\"background-color:rgba(0, 0, 0, 0)\" class=\"has-inline-color has-global-color-8-color\"><strong>Capacit\u00e9:<\/strong><\/mark>1,0-36,0 t\/h<\/p>\n\n<\/div><\/div>\n\n<div class=\"gb-grid-column gb-grid-column-0bb00826\"><div class=\"gb-container gb-container-0bb00826\">\n\n<p class=\"gb-headline gb-headline-86d53f56 gb-headline-text\"><mark style=\"background-color:rgba(0, 0, 0, 0)\" class=\"has-inline-color has-global-color-8-color\"><strong>Puissance (kW)<\/strong><\/mark> 5.5-75<\/p>\n\n<\/div><\/div>\n<\/div>\n\n\n<p class=\"gb-headline gb-headline-2750f5a7 gb-headline-text\"><strong>Application :<\/strong><\/p>\n\n\n\n<p>Mat\u00e9riaux tels que le laitier, le calcaire, la poudre de charbon, les scories, l'argile, etc. Utilis\u00e9 dans les industries des mat\u00e9riaux de construction, de la m\u00e9tallurgie, de la chimie et du ciment.<\/p>\n\n\n<div class=\"gb-container gb-container-256e15f1\">\n\n<a class=\"gb-button gb-button-e8b73d89 gb-button-text\" href=\"#popmake-622\">Obtenez un devis gratuit maintenant<\/a>\n\n<\/div>\n<\/div><\/div>\n<\/div>\n<\/div>\n<\/div>\n\n<div class=\"gb-container gb-container-af5f8799\">\n<div class=\"gb-container gb-container-2298848b\">\n\n<h2 class=\"gb-headline gb-headline-9d27ad2c gb-headline-text\">Caract\u00e9ristiques du tambour s\u00e9cheur rotatif <\/h2>\n\n\n<div class=\"gb-container gb-container-9a38abb1\">\n<div class=\"gb-grid-wrapper gb-grid-wrapper-91c59571\">\n<div class=\"gb-grid-column gb-grid-column-17094983\"><div class=\"gb-container gb-container-17094983\">\n\n<figure class=\"gb-block-image gb-block-image-e36b6ebe\"><img decoding=\"async\" width=\"665\" height=\"545\" class=\"gb-image gb-image-e36b6ebe\" src=\"https:\/\/hengxingmachinery.com\/wp-content\/uploads\/2025\/01\/rotary-dryer-machine.jpg\" alt=\"\" title=\"Machine s\u00e9cheuse rotative\" srcset=\"https:\/\/hengxingmachinery.com\/wp-content\/uploads\/2025\/01\/rotary-dryer-machine.jpg 665w, https:\/\/hengxingmachinery.com\/wp-content\/uploads\/2025\/01\/rotary-dryer-machine-300x246.jpg 300w, https:\/\/hengxingmachinery.com\/wp-content\/uploads\/2025\/01\/rotary-dryer-machine-15x12.jpg 15w\" sizes=\"(max-width: 665px) 100vw, 665px\" \/><\/figure>\n\n<\/div><\/div>\n\n<div class=\"gb-grid-column gb-grid-column-783dafe6\"><div class=\"gb-container gb-container-783dafe6\">\n\n<figure class=\"gb-block-image gb-block-image-a58e4bcf\"><img decoding=\"async\" width=\"665\" height=\"545\" class=\"gb-image gb-image-a58e4bcf\" src=\"https:\/\/hengxingmachinery.com\/wp-content\/uploads\/2025\/01\/rotary-dryer.jpg\" alt=\"\" title=\"S\u00e9choir rotatif\" srcset=\"https:\/\/hengxingmachinery.com\/wp-content\/uploads\/2025\/01\/rotary-dryer.jpg 665w, https:\/\/hengxingmachinery.com\/wp-content\/uploads\/2025\/01\/rotary-dryer-300x246.jpg 300w, https:\/\/hengxingmachinery.com\/wp-content\/uploads\/2025\/01\/rotary-dryer-15x12.jpg 15w\" sizes=\"(max-width: 665px) 100vw, 665px\" \/><\/figure>\n\n<\/div><\/div>\n<\/div>\n<\/div>\n\n\n<p><strong>1. Faible consommation d'\u00e9nergie :<\/strong> Le s\u00e9choir rotatif s\u00e9lectionne des param\u00e8tres de fonctionnement raisonnables, et la consommation de charbon et d'\u00e9lectricit\u00e9 est r\u00e9duite de plus de 10-15 % par rapport aux s\u00e9choirs g\u00e9n\u00e9raux.<\/p>\n\n\n\n<p><strong>2. Haute efficacit\u00e9 thermique :<\/strong> Adoptant la m\u00e9thode de s\u00e9chage \u00e0 courant parall\u00e8le, la mati\u00e8re et le flux d'air de la source de chaleur entrent dans l'\u00e9quipement de s\u00e9chage du m\u00eame c\u00f4t\u00e9, la temp\u00e9rature de sortie du s\u00e9choir est basse et l'efficacit\u00e9 thermique est \u00e9lev\u00e9e.<\/p>\n\n\n\n<p><strong>3. Grande capacit\u00e9 de traitement et encombrement r\u00e9duit :<\/strong> La structure est simple, l'encombrement est faible, la construction et la maintenance sont faciles, la capacit\u00e9 de traitement est importante et l'efficacit\u00e9 thermique est \u00e9lev\u00e9e.<\/p>\n\n\n\n<p><strong>4. Structure simple et fonctionnement pratique :<\/strong> La structure est excellente et simple, la mati\u00e8re circule sans heurt gr\u00e2ce \u00e0 la r\u00e9sistance du cylindre, et le fonctionnement est pratique.<\/p>\n\n\n<div class=\"gb-container gb-container-d7b7b595\">\n\n<a class=\"gb-button gb-button-c1312760 gb-button-text\" href=\"#popmake-622\">Obtenez un devis gratuit maintenant<\/a>\n\n<\/div>\n<\/div>\n<\/div>\n\n<div class=\"gb-container gb-container-ebd718b6\">\n<div class=\"gb-container gb-container-5c75b960\">\n\n<h2 class=\"gb-headline gb-headline-98859344 gb-headline-text\">Principe de fonctionnement du tambour s\u00e9cheur rotatif<\/h2>\n\n\n\n<figure class=\"gb-block-image gb-block-image-c486b36e\"><img decoding=\"async\" width=\"920\" height=\"420\" class=\"gb-image gb-image-c486b36e\" src=\"https:\/\/hengxingmachinery.com\/wp-content\/uploads\/2025\/01\/rotary-drum-dryer.jpg\" alt=\"\" title=\"Tambour s\u00e9cheur rotatif\" srcset=\"https:\/\/hengxingmachinery.com\/wp-content\/uploads\/2025\/01\/rotary-drum-dryer.jpg 920w, https:\/\/hengxingmachinery.com\/wp-content\/uploads\/2025\/01\/rotary-drum-dryer-300x137.jpg 300w, https:\/\/hengxingmachinery.com\/wp-content\/uploads\/2025\/01\/rotary-drum-dryer-768x351.jpg 768w, https:\/\/hengxingmachinery.com\/wp-content\/uploads\/2025\/01\/rotary-drum-dryer-18x8.jpg 18w\" sizes=\"(max-width: 920px) 100vw, 920px\" \/><\/figure>\n\n\n\n<p><br>Lorsque le tambour s\u00e9cheur rotatif est en op\u00e9ration de s\u00e9chage, et que la temp\u00e9rature au fond du tambour atteint 400\u00b0C-800\u00b0C, la mati\u00e8re est introduite par l'\u00e9l\u00e9vateur depuis la tr\u00e9mie d'alimentation. Sous l'action de la gravit\u00e9, la mati\u00e8re est dispers\u00e9e en passant \u00e0 travers le dispositif de dispersion, qui la r\u00e9partit uniform\u00e9ment \u00e0 l'int\u00e9rieur du s\u00e9choir rotatif (garantissant ainsi l'effet d'\u00e9change thermique de la mati\u00e8re \u00e0 l'int\u00e9rieur du s\u00e9choir). L'air chaud est g\u00e9n\u00e9r\u00e9 par le g\u00e9n\u00e9rateur de chaleur inf\u00e9rieur, se d\u00e9place de bas en haut, entre en contact avec la mati\u00e8re et lui transf\u00e8re de la chaleur par conduction, convection, rayonnement, etc., ce qui augmente continuellement la temp\u00e9rature de la mati\u00e8re et \u00e9vapore son humidit\u00e9. La mati\u00e8re r\u00e9pondant aux exigences d'humidit\u00e9 est \u00e9vacu\u00e9e par la sortie inf\u00e9rieure, et le gaz charg\u00e9 de vapeur d'eau est extrait par le ventilateur via la chemin\u00e9e.<\/p>\n\n\n<div class=\"gb-container gb-container-d6bbf16a\">\n\n<a class=\"gb-button gb-button-caa3f2bc gb-button-text\" href=\"#popmake-622\">Obtenez un devis gratuit maintenant<\/a>\n\n<\/div>\n<\/div>\n<\/div>\n\n<div class=\"gb-container gb-container-435ad261\">\n<div class=\"gb-container gb-container-7dc79cc4\">\n\n<h2 class=\"gb-headline gb-headline-6fe5dee2 gb-headline-text\">Sp\u00e9cifications du tambour s\u00e9cheur rotatif<\/h2>\n\n\n\n<figure class=\"wp-block-table is-style-stripes\"><table class=\"has-fixed-layout\"><tbody><tr><td><strong>Sp\u00e9cifications du produit (m)<\/strong><\/td><td><strong>Capacit\u00e9 de production (t\/h)<\/strong><\/td><td><strong>Moteur<br>Mod\u00e8le<\/strong><\/td><td><strong>Moteur<\/strong><br><strong>Puissance (kW)<\/strong><\/td><td><strong>R\u00e9ducteur<br>Mod\u00e8le<\/strong><\/td><td><strong>R\u00e9ducteur<br>Rapport<\/strong><\/td><td><strong>Poids (t)<\/strong><\/td><\/tr><tr><td>\u04241\u00d710<\/td><td>1.0-3.5<\/td><td>Y132M2-6<\/td><td>5.5<\/td><td>ZL350-\u2161-25<\/td><td>&nbsp;<\/td><td>7.5<\/td><\/tr><tr><td>\u04241,2\u00d710<\/td><td>2.5<\/td><td>Y160M-6<\/td><td>7.5<\/td><td>ZL50-16-1<\/td><td>&nbsp;<\/td><td>13.5<\/td><\/tr><tr><td>\u04241,5\u00d712<\/td><td>3.3-4.9<\/td><td>180L-6<\/td><td>15<\/td><td>JZQ500-\u2162-2F<\/td><td>&nbsp;<\/td><td>18.9<\/td><\/tr><tr><td>\u04241,5\u00d715<\/td><td>4-6<\/td><td>Y200L-6<\/td><td>18.5<\/td><td>JZQ650-\u2162-2F<\/td><td>&nbsp;<\/td><td>21<\/td><\/tr><tr><td>\u04241,8\u00d712<\/td><td>4-6<\/td><td>Y160L-6<\/td><td>18.5<\/td><td>ZQ50-16\u2161-2<\/td><td>16.46<\/td><td>22.83<\/td><\/tr><tr><td>\u04242,2\u00d712<\/td><td>7-12<\/td><td>Y200L-6<\/td><td>22<\/td><td>JZQ650-\u2162<\/td><td>31.5<\/td><td>37.6<\/td><\/tr><tr><td>\u04242,2\u00d714<\/td><td>7-12<\/td><td>Y200L-6<\/td><td>22<\/td><td>JZQ650-\u2162<\/td><td>31.5<\/td><td>40<\/td><\/tr><tr><td>\u04242,2\u00d716<\/td><td>12<\/td><td>Y225M-6<\/td><td>22<\/td><td>JZQ750-\u2162<\/td><td>31.5<\/td><td>45<\/td><\/tr><tr><td>\u04242,4\u00d714<\/td><td>12<\/td><td>Y250M-6<\/td><td>37<\/td><td>&nbsp;<\/td><td>31.5<\/td><td>51<\/td><\/tr><tr><td>\u04242,4\u00d718<\/td><td>10-13<\/td><td>Y250M-6<\/td><td>37<\/td><td>ZL85-13-1<\/td><td>27.16<\/td><td>54<\/td><\/tr><tr><td>\u04242,4\u00d720<\/td><td>10-14<\/td><td>Y250M-6<\/td><td>37<\/td><td>ZL85-13-1<\/td><td>27.16<\/td><td>54.14<\/td><\/tr><tr><td>\u04243\u00d720<\/td><td>25<\/td><td>Y280M-6<\/td><td>55<\/td><td>ZL100-16-1<\/td><td>41.52<\/td><td>78<\/td><\/tr><tr><td>\u04243\u00d725<\/td><td>32-36<\/td><td>YR280M-4<\/td><td>75<\/td><td>ZL100-16-1<\/td><td>41.52<\/td><td>104.9<\/td><\/tr><\/tbody><\/table><\/figure>\n\n\n<div class=\"gb-container gb-container-263d9700\">\n\n<a class=\"gb-button gb-button-a4cbb7be gb-button-text\" href=\"#popmake-622\">Obtenez un devis gratuit maintenant<\/a>\n\n<\/div>\n<\/div>\n<\/div>","protected":false},"excerpt":{"rendered":"<p>Rotary drum dryer Features of rotary drum dryer 1. Low energy consumption: Rotary dryer selects reasonable operating parameters, and coal consumption and electricity consumption is reduced by more than 10-15% compared with general dryers. 2. High thermal efficiency: Adopting the downstream drying method, the material and the heat source airflow enter the drying equipment from &#8230; <\/p>\n<p class=\"read-more-container\"><a title=\"5-1. S\u00e9choir \u00e0 tambour rotatif\" class=\"read-more button\" href=\"https:\/\/hengxingmachinery.com\/fr\/rotary-drum-dryer\/#more-1555\" aria-label=\"En savoir plus sur 5-1. Rotary drum dryer\">Lire plus<\/a><\/p>","protected":false},"author":1,"featured_media":0,"parent":0,"menu_order":0,"comment_status":"closed","ping_status":"closed","template":"","meta":{"footnotes":""},"class_list":["post-1555","page","type-page","status-publish"],"yoast_head":"<!-- This site is optimized with the Yoast SEO plugin v27.4 - https:\/\/yoast.com\/product\/yoast-seo-wordpress\/ -->\n<title>5-1. Rotary drum dryer - Hengxing Machinery<\/title>\n<meta name=\"robots\" content=\"index, follow, max-snippet:-1, max-image-preview:large, max-video-preview:-1\" \/>\n<link rel=\"canonical\" href=\"https:\/\/hengxingmachinery.com\/fr\/rotary-drum-dryer\/\" \/>\n<meta property=\"og:locale\" content=\"fr_FR\" \/>\n<meta property=\"og:type\" content=\"article\" \/>\n<meta property=\"og:title\" content=\"5-1. Rotary drum dryer - Hengxing Machinery\" \/>\n<meta property=\"og:description\" content=\"Rotary drum dryer Features of rotary drum dryer 1. Low energy consumption: Rotary dryer selects reasonable operating parameters, and coal consumption and electricity consumption is reduced by more than 10-15% compared with general dryers. 2. High thermal efficiency: Adopting the downstream drying method, the material and the heat source airflow enter the drying equipment from ... Lire plus\" \/>\n<meta property=\"og:url\" content=\"https:\/\/hengxingmachinery.com\/fr\/rotary-drum-dryer\/\" \/>\n<meta property=\"og:site_name\" content=\"Hengxing Machinery\" \/>\n<meta property=\"article:modified_time\" content=\"2025-01-15T06:44:40+00:00\" \/>\n<meta property=\"og:image\" content=\"https:\/\/hengxingmachinery.com\/wp-content\/uploads\/2025\/01\/rotary-drum-dryer-equipment.jpg\" \/>\n<meta name=\"twitter:card\" content=\"summary_large_image\" \/>\n<meta name=\"twitter:label1\" content=\"Dur\u00e9e de lecture estim\u00e9e\" \/>\n\t<meta name=\"twitter:data1\" content=\"3 minutes\" \/>\n<script type=\"application\/ld+json\" class=\"yoast-schema-graph\">{\"@context\":\"https:\\\/\\\/schema.org\",\"@graph\":[{\"@type\":\"WebPage\",\"@id\":\"https:\\\/\\\/hengxingmachinery.com\\\/rotary-drum-dryer\\\/\",\"url\":\"https:\\\/\\\/hengxingmachinery.com\\\/rotary-drum-dryer\\\/\",\"name\":\"5-1. Rotary drum dryer - Hengxing Machinery\",\"isPartOf\":{\"@id\":\"https:\\\/\\\/hengxingmachinery.com\\\/#website\"},\"primaryImageOfPage\":{\"@id\":\"https:\\\/\\\/hengxingmachinery.com\\\/rotary-drum-dryer\\\/#primaryimage\"},\"image\":{\"@id\":\"https:\\\/\\\/hengxingmachinery.com\\\/rotary-drum-dryer\\\/#primaryimage\"},\"thumbnailUrl\":\"https:\\\/\\\/hengxingmachinery.com\\\/wp-content\\\/uploads\\\/2025\\\/01\\\/rotary-drum-dryer-equipment.jpg\",\"datePublished\":\"2025-01-13T09:24:45+00:00\",\"dateModified\":\"2025-01-15T06:44:40+00:00\",\"breadcrumb\":{\"@id\":\"https:\\\/\\\/hengxingmachinery.com\\\/rotary-drum-dryer\\\/#breadcrumb\"},\"inLanguage\":\"fr-FR\",\"potentialAction\":[{\"@type\":\"ReadAction\",\"target\":[\"https:\\\/\\\/hengxingmachinery.com\\\/rotary-drum-dryer\\\/\"]}]},{\"@type\":\"ImageObject\",\"inLanguage\":\"fr-FR\",\"@id\":\"https:\\\/\\\/hengxingmachinery.com\\\/rotary-drum-dryer\\\/#primaryimage\",\"url\":\"https:\\\/\\\/hengxingmachinery.com\\\/wp-content\\\/uploads\\\/2025\\\/01\\\/rotary-drum-dryer-equipment.jpg\",\"contentUrl\":\"https:\\\/\\\/hengxingmachinery.com\\\/wp-content\\\/uploads\\\/2025\\\/01\\\/rotary-drum-dryer-equipment.jpg\"},{\"@type\":\"BreadcrumbList\",\"@id\":\"https:\\\/\\\/hengxingmachinery.com\\\/rotary-drum-dryer\\\/#breadcrumb\",\"itemListElement\":[{\"@type\":\"ListItem\",\"position\":1,\"name\":\"Home\",\"item\":\"https:\\\/\\\/hengxingmachinery.com\\\/\"},{\"@type\":\"ListItem\",\"position\":2,\"name\":\"5-1. Rotary drum dryer\"}]},{\"@type\":\"WebSite\",\"@id\":\"https:\\\/\\\/hengxingmachinery.com\\\/#website\",\"url\":\"https:\\\/\\\/hengxingmachinery.com\\\/\",\"name\":\"Hengxing Machinery\",\"description\":\"Leading Manufacturer of All Sorts of Mining Machinery\",\"publisher\":{\"@id\":\"https:\\\/\\\/hengxingmachinery.com\\\/#organization\"},\"potentialAction\":[{\"@type\":\"SearchAction\",\"target\":{\"@type\":\"EntryPoint\",\"urlTemplate\":\"https:\\\/\\\/hengxingmachinery.com\\\/?s={search_term_string}\"},\"query-input\":{\"@type\":\"PropertyValueSpecification\",\"valueRequired\":true,\"valueName\":\"search_term_string\"}}],\"inLanguage\":\"fr-FR\"},{\"@type\":\"Organization\",\"@id\":\"https:\\\/\\\/hengxingmachinery.com\\\/#organization\",\"name\":\"Hengxing Machinery\",\"url\":\"https:\\\/\\\/hengxingmachinery.com\\\/\",\"logo\":{\"@type\":\"ImageObject\",\"inLanguage\":\"fr-FR\",\"@id\":\"https:\\\/\\\/hengxingmachinery.com\\\/#\\\/schema\\\/logo\\\/image\\\/\",\"url\":\"https:\\\/\\\/hengxingmachinery.com\\\/wp-content\\\/uploads\\\/2024\\\/12\\\/logo.png\",\"contentUrl\":\"https:\\\/\\\/hengxingmachinery.com\\\/wp-content\\\/uploads\\\/2024\\\/12\\\/logo.png\",\"width\":400,\"height\":260,\"caption\":\"Hengxing Machinery\"},\"image\":{\"@id\":\"https:\\\/\\\/hengxingmachinery.com\\\/#\\\/schema\\\/logo\\\/image\\\/\"}}]}<\/script>\n<!-- \/ Yoast SEO plugin. -->","yoast_head_json":{"title":"5-1. S\u00e9cheur \u00e0 tambour rotatif - Hengxing Machinery","robots":{"index":"index","follow":"follow","max-snippet":"max-snippet:-1","max-image-preview":"max-image-preview:large","max-video-preview":"max-video-preview:-1"},"canonical":"https:\/\/hengxingmachinery.com\/fr\/rotary-drum-dryer\/","og_locale":"fr_FR","og_type":"article","og_title":"5-1. Rotary drum dryer - Hengxing Machinery","og_description":"Rotary drum dryer Features of rotary drum dryer 1. Low energy consumption: Rotary dryer selects reasonable operating parameters, and coal consumption and electricity consumption is reduced by more than 10-15% compared with general dryers. 2. High thermal efficiency: Adopting the downstream drying method, the material and the heat source airflow enter the drying equipment from ... Lire plus","og_url":"https:\/\/hengxingmachinery.com\/fr\/rotary-drum-dryer\/","og_site_name":"Hengxing Machinery","article_modified_time":"2025-01-15T06:44:40+00:00","og_image":[{"url":"https:\/\/hengxingmachinery.com\/wp-content\/uploads\/2025\/01\/rotary-drum-dryer-equipment.jpg","type":"","width":"","height":""}],"twitter_card":"summary_large_image","twitter_misc":{"Dur\u00e9e de lecture estim\u00e9e":"3 minutes"},"schema":{"@context":"https:\/\/schema.org","@graph":[{"@type":"WebPage","@id":"https:\/\/hengxingmachinery.com\/rotary-drum-dryer\/","url":"https:\/\/hengxingmachinery.com\/rotary-drum-dryer\/","name":"5-1. S\u00e9cheur \u00e0 tambour rotatif - Hengxing Machinery","isPartOf":{"@id":"https:\/\/hengxingmachinery.com\/#website"},"primaryImageOfPage":{"@id":"https:\/\/hengxingmachinery.com\/rotary-drum-dryer\/#primaryimage"},"image":{"@id":"https:\/\/hengxingmachinery.com\/rotary-drum-dryer\/#primaryimage"},"thumbnailUrl":"https:\/\/hengxingmachinery.com\/wp-content\/uploads\/2025\/01\/rotary-drum-dryer-equipment.jpg","datePublished":"2025-01-13T09:24:45+00:00","dateModified":"2025-01-15T06:44:40+00:00","breadcrumb":{"@id":"https:\/\/hengxingmachinery.com\/rotary-drum-dryer\/#breadcrumb"},"inLanguage":"fr-FR","potentialAction":[{"@type":"ReadAction","target":["https:\/\/hengxingmachinery.com\/rotary-drum-dryer\/"]}]},{"@type":"ImageObject","inLanguage":"fr-FR","@id":"https:\/\/hengxingmachinery.com\/rotary-drum-dryer\/#primaryimage","url":"https:\/\/hengxingmachinery.com\/wp-content\/uploads\/2025\/01\/rotary-drum-dryer-equipment.jpg","contentUrl":"https:\/\/hengxingmachinery.com\/wp-content\/uploads\/2025\/01\/rotary-drum-dryer-equipment.jpg"},{"@type":"BreadcrumbList","@id":"https:\/\/hengxingmachinery.com\/rotary-drum-dryer\/#breadcrumb","itemListElement":[{"@type":"ListItem","position":1,"name":"Home","item":"https:\/\/hengxingmachinery.com\/"},{"@type":"ListItem","position":2,"name":"5-1. Rotary drum dryer"}]},{"@type":"WebSite","@id":"https:\/\/hengxingmachinery.com\/#website","url":"https:\/\/hengxingmachinery.com\/","name":"Machines Hengxing","description":"Fabricant leader de toutes sortes de machines mini\u00e8res","publisher":{"@id":"https:\/\/hengxingmachinery.com\/#organization"},"potentialAction":[{"@type":"SearchAction","target":{"@type":"EntryPoint","urlTemplate":"https:\/\/hengxingmachinery.com\/?s={search_term_string}"},"query-input":{"@type":"PropertyValueSpecification","valueRequired":true,"valueName":"search_term_string"}}],"inLanguage":"fr-FR"},{"@type":"Organization","@id":"https:\/\/hengxingmachinery.com\/#organization","name":"Machines Hengxing","url":"https:\/\/hengxingmachinery.com\/","logo":{"@type":"ImageObject","inLanguage":"fr-FR","@id":"https:\/\/hengxingmachinery.com\/#\/schema\/logo\/image\/","url":"https:\/\/hengxingmachinery.com\/wp-content\/uploads\/2024\/12\/logo.png","contentUrl":"https:\/\/hengxingmachinery.com\/wp-content\/uploads\/2024\/12\/logo.png","width":400,"height":260,"caption":"Hengxing Machinery"},"image":{"@id":"https:\/\/hengxingmachinery.com\/#\/schema\/logo\/image\/"}}]}},"_links":{"self":[{"href":"https:\/\/hengxingmachinery.com\/fr\/wp-json\/wp\/v2\/pages\/1555","targetHints":{"allow":["GET"]}}],"collection":[{"href":"https:\/\/hengxingmachinery.com\/fr\/wp-json\/wp\/v2\/pages"}],"about":[{"href":"https:\/\/hengxingmachinery.com\/fr\/wp-json\/wp\/v2\/types\/page"}],"author":[{"embeddable":true,"href":"https:\/\/hengxingmachinery.com\/fr\/wp-json\/wp\/v2\/users\/1"}],"replies":[{"embeddable":true,"href":"https:\/\/hengxingmachinery.com\/fr\/wp-json\/wp\/v2\/comments?post=1555"}],"version-history":[{"count":12,"href":"https:\/\/hengxingmachinery.com\/fr\/wp-json\/wp\/v2\/pages\/1555\/revisions"}],"predecessor-version":[{"id":1675,"href":"https:\/\/hengxingmachinery.com\/fr\/wp-json\/wp\/v2\/pages\/1555\/revisions\/1675"}],"wp:attachment":[{"href":"https:\/\/hengxingmachinery.com\/fr\/wp-json\/wp\/v2\/media?parent=1555"}],"curies":[{"name":"wp","href":"https:\/\/api.w.org\/{rel}","templated":true}]}}