{"id":1571,"date":"2025-01-14T01:54:33","date_gmt":"2025-01-14T01:54:33","guid":{"rendered":"https:\/\/hengxingmachinery.com\/?page_id=1571"},"modified":"2025-01-15T06:50:59","modified_gmt":"2025-01-15T06:50:59","slug":"cement-dryer","status":"publish","type":"page","link":"https:\/\/hengxingmachinery.com\/fr\/cement-dryer\/","title":{"rendered":"5-1. S\u00e9cheur \u00e0 ciment"},"content":{"rendered":"<div class=\"gb-container gb-container-45165f5a\">\n<div class=\"gb-container gb-container-c2652eb4\">\n\n<h1 class=\"gb-headline gb-headline-62a8b2cc gb-headline-text\">S\u00e9choir \u00e0 ciment<\/h1>\n\n<\/div>\n<\/div>\n\n<div class=\"gb-container gb-container-519cf624\">\n<div class=\"gb-container gb-container-71ca071e\">\n<div class=\"gb-grid-wrapper gb-grid-wrapper-8a5f0688\">\n<div class=\"gb-grid-column gb-grid-column-1e99b1c2\"><div class=\"gb-container gb-container-1e99b1c2\">\n\n<figure class=\"gb-block-image gb-block-image-e4eaba54\"><img decoding=\"async\" width=\"665\" height=\"545\" class=\"gb-image gb-image-e4eaba54\" src=\"https:\/\/hengxingmachinery.com\/wp-content\/uploads\/2025\/01\/cement-dryer-for-sale-1.jpg\" alt=\"\" title=\"s\u00e9cheur \u00e0 ciment \u00e0 vendre\" srcset=\"https:\/\/hengxingmachinery.com\/wp-content\/uploads\/2025\/01\/cement-dryer-for-sale-1.jpg 665w, https:\/\/hengxingmachinery.com\/wp-content\/uploads\/2025\/01\/cement-dryer-for-sale-1-300x246.jpg 300w, https:\/\/hengxingmachinery.com\/wp-content\/uploads\/2025\/01\/cement-dryer-for-sale-1-15x12.jpg 15w\" sizes=\"(max-width: 665px) 100vw, 665px\" \/><\/figure>\n\n<\/div><\/div>\n\n<div class=\"gb-grid-column gb-grid-column-bcae065b\"><div class=\"gb-container gb-container-bcae065b\">\n\n<p class=\"gb-headline gb-headline-e419680e gb-headline-text\">Un s\u00e9cheur \u00e0 ciment pr\u00e9sente de grands avantages en tant qu'\u00e9quipement professionnel pour mat\u00e9riaux de construction, ses performances sont tr\u00e8s stables et sa fiabilit\u00e9 est \u00e9lev\u00e9e. Avec l'expansion continue de la demande en ciment, cet \u00e9quipement a \u00e9t\u00e9 largement utilis\u00e9.<\/p>\n\n\n<div class=\"gb-grid-wrapper gb-grid-wrapper-eebec76e\">\n<div class=\"gb-grid-column gb-grid-column-e3ada2f0\"><div class=\"gb-container gb-container-e3ada2f0\">\n\n<p class=\"gb-headline gb-headline-4c79a90a gb-headline-text\"><mark style=\"background-color:rgba(0, 0, 0, 0)\" class=\"has-inline-color has-global-color-8-color\"><strong>Capacit\u00e9:<\/strong><\/mark> 1-36 t\/h<\/p>\n\n<\/div><\/div>\n\n<div class=\"gb-grid-column gb-grid-column-0bb00826\"><div class=\"gb-container gb-container-0bb00826\">\n\n<p class=\"gb-headline gb-headline-86d53f56 gb-headline-text\"><mark style=\"background-color:rgba(0, 0, 0, 0)\" class=\"has-inline-color has-global-color-8-color\"><strong>Puissance (kW) :<\/strong><\/mark> 5.5-75<\/p>\n\n<\/div><\/div>\n<\/div>\n\n\n<p class=\"gb-headline gb-headline-2750f5a7 gb-headline-text\"><strong>Application :<\/strong><\/p>\n\n\n\n<p class=\"gb-headline gb-headline-28231626 gb-headline-text\">Largement utilis\u00e9 dans les industries des mat\u00e9riaux de construction, de la m\u00e9tallurgie, de la chimie et du ciment.<\/p>\n\n\n<div class=\"gb-container gb-container-256e15f1\">\n\n<a class=\"gb-button gb-button-e8b73d89 gb-button-text\" href=\"#popmake-622\">Obtenez un devis gratuit maintenant<\/a>\n\n<\/div>\n<\/div><\/div>\n<\/div>\n<\/div>\n<\/div>\n\n<div class=\"gb-container gb-container-af5f8799\">\n<div class=\"gb-container gb-container-2298848b\">\n\n<h2 class=\"gb-headline gb-headline-9d27ad2c gb-headline-text\">Avantages du s\u00e9cheur \u00e0 ciment <\/h2>\n\n\n\n<p>Les composants principaux du s\u00e9cheur \u00e0 ciment sont le cylindre, le moteur, le syst\u00e8me de contr\u00f4le, le circuit de protection et les dispositifs auxiliaires. Les d\u00e9tails sont les suivants :<\/p>\n\n\n\n<p><strong>1. Corps du cylindre : <\/strong>Il s'agit d'une partie importante du bo\u00eetier. Nous le moulons \u00e0 partir de nouveaux mat\u00e9riaux et le traitons avec une super r\u00e9sistance \u00e0 l'usure, garantissant ainsi une meilleure qualit\u00e9 de l'\u00e9quipement.<\/p>\n\n\n\n<p><strong>2. Moteur :<\/strong> C'est le composant central de l'\u00e9quipement. Sa fonction est d'assurer le d\u00e9marrage et le fonctionnement normal de l'\u00e9quipement. Seul un moteur aux performances optimales peut rendre l'\u00e9quipement plus efficace.<\/p>\n\n\n\n<p><strong>3. Syst\u00e8me de contr\u00f4le :<\/strong> En tant que partie logicielle de l'\u00e9quipement, il permet principalement de r\u00e9gler et de contr\u00f4ler l'\u00e9quipement, et peut ajuster l'intensit\u00e9 du s\u00e9chage en fonction de l'humidit\u00e9 du mat\u00e9riau.<\/p>\n\n\n\n<p><strong>4. Circuit de protection :<\/strong> Pour \u00e9viter des dommages plus importants \u00e0 l'\u00e9quipement, nous installons un circuit de protection autour du moteur. La sensibilit\u00e9 de ce circuit est tr\u00e8s \u00e9lev\u00e9e, ce qui prolonge la dur\u00e9e de fonctionnement de l'\u00e9quipement.<\/p>\n\n\n<div class=\"gb-container gb-container-d7b7b595\">\n\n<a class=\"gb-button gb-button-c1312760 gb-button-text\" href=\"#popmake-622\">Obtenez un devis gratuit maintenant<\/a>\n\n<\/div>\n<\/div>\n<\/div>\n\n<div class=\"gb-container gb-container-ebd718b6\">\n<div class=\"gb-container gb-container-5c75b960\">\n\n<h2 class=\"gb-headline gb-headline-98859344 gb-headline-text\">Principe de fonctionnement du s\u00e9cheur \u00e0 ciment<\/h2>\n\n\n\n<figure class=\"gb-block-image gb-block-image-c486b36e\"><img decoding=\"async\" width=\"800\" height=\"420\" class=\"gb-image gb-image-c486b36e\" src=\"https:\/\/hengxingmachinery.com\/wp-content\/uploads\/2025\/01\/cement-drying-machine-4.jpg\" alt=\"\" title=\"machine de s\u00e9chage de ciment\" srcset=\"https:\/\/hengxingmachinery.com\/wp-content\/uploads\/2025\/01\/cement-drying-machine-4.jpg 800w, https:\/\/hengxingmachinery.com\/wp-content\/uploads\/2025\/01\/cement-drying-machine-4-300x158.jpg 300w, https:\/\/hengxingmachinery.com\/wp-content\/uploads\/2025\/01\/cement-drying-machine-4-768x403.jpg 768w, https:\/\/hengxingmachinery.com\/wp-content\/uploads\/2025\/01\/cement-drying-machine-4-18x9.jpg 18w\" sizes=\"(max-width: 800px) 100vw, 800px\" \/><\/figure>\n\n\n\n<p>Le cylindre du s\u00e9cheur est un cylindre rotatif avec une ligne horizontale et une l\u00e9g\u00e8re inclinaison. Le caloporteur et le mat\u00e9riau p\u00e9n\u00e8trent ensemble dans le cylindre. Avec la rotation du cylindre, les mat\u00e9riaux s'\u00e9coulent vers le bas sous l'effet de la gravit\u00e9. Pendant leur d\u00e9placement vers l'avant, ils re\u00e7oivent directement ou indirectement de la chaleur, ce qui permet de s\u00e9cher le mat\u00e9riau humide, puis celui-ci est \u00e9vacu\u00e9 par la bande transporteuse \u00e0 vis \u00e0 l'extr\u00e9mit\u00e9 d'alimentation.<\/p>\n\n\n<div class=\"gb-container gb-container-d6bbf16a\">\n\n<a class=\"gb-button gb-button-caa3f2bc gb-button-text\" href=\"#popmake-622\">Obtenez un devis gratuit maintenant<\/a>\n\n<\/div>\n<\/div>\n<\/div>\n\n<div class=\"gb-container gb-container-435ad261\">\n<div class=\"gb-container gb-container-7dc79cc4\">\n\n<h2 class=\"gb-headline gb-headline-6fe5dee2 gb-headline-text\">Sp\u00e9cifications de la machine de s\u00e9chage de ciment<\/h2>\n\n\n\n<figure class=\"wp-block-table is-style-stripes\"><table class=\"has-fixed-layout\"><tbody><tr><td><strong>Sp\u00e9cifications du produit (m)<\/strong><\/td><td><strong>Capacit\u00e9 de production (t\/h)<\/strong><\/td><td><strong>Moteur<br>Mod\u00e8le<\/strong><\/td><td><strong>Moteur<br>Puissance (kW)<\/strong><\/td><td><strong>R\u00e9ducteur<br>Mod\u00e8le<\/strong><\/td><td><strong>R\u00e9ducteur<br>Rapport<\/strong><\/td><td><strong>Poids (t)<\/strong><\/td><\/tr><tr><td>\u04241\u00d710<\/td><td>1.0-3.5<\/td><td>Y132M2-6<\/td><td>5.5<\/td><td>ZL350-\u2161-25<\/td><td>&nbsp;<\/td><td>7.5<\/td><\/tr><tr><td>\u04241,2\u00d710<\/td><td>2.5<\/td><td>Y160M-6<\/td><td>7.5<\/td><td>ZL50-16-1<\/td><td>&nbsp;<\/td><td>13.5<\/td><\/tr><tr><td>\u04241,5\u00d712<\/td><td>3.3-4.9<\/td><td>180L-6<\/td><td>15<\/td><td>JZQ500-\u2162-2F<\/td><td>&nbsp;<\/td><td>18.9<\/td><\/tr><tr><td>\u04241,5\u00d715<\/td><td>4-6<\/td><td>Y200L-6<\/td><td>18.5<\/td><td>JZQ650-\u2162-2F<\/td><td>&nbsp;<\/td><td>21<\/td><\/tr><tr><td>\u04241,8\u00d712<\/td><td>4-6<\/td><td>Y160L-6<\/td><td>18.5<\/td><td>ZQ50-16\u2161-2<\/td><td>16.46<\/td><td>22.83<\/td><\/tr><tr><td>\u04242,2\u00d712<\/td><td>7-12<\/td><td>Y200L-6<\/td><td>22<\/td><td>JZQ650-\u2162<\/td><td>31.5<\/td><td>37.6<\/td><\/tr><tr><td>\u04242,2\u00d714<\/td><td>7-12<\/td><td>Y200L-6<\/td><td>22<\/td><td>JZQ650-\u2162<\/td><td>31.5<\/td><td>40<\/td><\/tr><tr><td>\u04242,2\u00d716<\/td><td>12<\/td><td>Y225M-6<\/td><td>22<\/td><td>JZQ750-\u2162<\/td><td>31.5<\/td><td>45<\/td><\/tr><tr><td>\u04242,4\u00d714<\/td><td>12<\/td><td>Y250M-6<\/td><td>37<\/td><td>&nbsp;<\/td><td>31.5<\/td><td>51<\/td><\/tr><tr><td>\u04242,4\u00d718<\/td><td>10-13<\/td><td>Y250M-6<\/td><td>37<\/td><td>ZL85-13-1<\/td><td>27.16<\/td><td>54<\/td><\/tr><tr><td>\u04242,4\u00d720<\/td><td>10-14<\/td><td>Y250M-6<\/td><td>37<\/td><td>ZL85-13-1<\/td><td>27.16<\/td><td>54.14<\/td><\/tr><tr><td>\u04243\u00d720<\/td><td>25<\/td><td>Y280M-6<\/td><td>55<\/td><td>ZL100-16-1<\/td><td>41.52<\/td><td>78<\/td><\/tr><tr><td>\u04243\u00d725<\/td><td>32-36<\/td><td>YR280M-4<\/td><td>75<\/td><td>ZL100-16-1<\/td><td>41.52<\/td><td>104.9<\/td><\/tr><\/tbody><\/table><\/figure>\n\n\n<div class=\"gb-container gb-container-263d9700\">\n\n<a class=\"gb-button gb-button-a4cbb7be gb-button-text\" href=\"#popmake-622\">Obtenez un devis gratuit maintenant<\/a>\n\n<\/div>\n<\/div>\n<\/div>","protected":false},"excerpt":{"rendered":"<p>Cement dryer Advantages of cement dryer The main components of the cement dryer are the cylinder, the motor, the control system, the protection circuit and the auxiliary devices. The details are as follows: 1. Cylinder body: This is an important part of the casing. We are cast from new materials and treated with super wear &#8230; <\/p>\n<p class=\"read-more-container\"><a title=\"5-1. S\u00e9cheur \u00e0 ciment\" class=\"read-more button\" href=\"https:\/\/hengxingmachinery.com\/fr\/cement-dryer\/#more-1571\" aria-label=\"En savoir plus sur 5-1. Cement dryer\">Lire plus<\/a><\/p>","protected":false},"author":1,"featured_media":0,"parent":0,"menu_order":0,"comment_status":"closed","ping_status":"closed","template":"","meta":{"footnotes":""},"class_list":["post-1571","page","type-page","status-publish"],"yoast_head":"<!-- This site is optimized with the Yoast SEO plugin v27.4 - https:\/\/yoast.com\/product\/yoast-seo-wordpress\/ -->\n<title>5-1. Cement dryer - Hengxing Machinery<\/title>\n<meta name=\"robots\" content=\"index, follow, max-snippet:-1, max-image-preview:large, max-video-preview:-1\" \/>\n<link rel=\"canonical\" href=\"https:\/\/hengxingmachinery.com\/fr\/cement-dryer\/\" \/>\n<meta property=\"og:locale\" content=\"fr_FR\" \/>\n<meta property=\"og:type\" content=\"article\" \/>\n<meta property=\"og:title\" content=\"5-1. Cement dryer - Hengxing Machinery\" \/>\n<meta property=\"og:description\" content=\"Cement dryer Advantages of cement dryer The main components of the cement dryer are the cylinder, the motor, the control system, the protection circuit and the auxiliary devices. The details are as follows: 1. Cylinder body: This is an important part of the casing. We are cast from new materials and treated with super wear ... Lire plus\" \/>\n<meta property=\"og:url\" content=\"https:\/\/hengxingmachinery.com\/fr\/cement-dryer\/\" \/>\n<meta property=\"og:site_name\" content=\"Hengxing Machinery\" \/>\n<meta property=\"article:modified_time\" content=\"2025-01-15T06:50:59+00:00\" \/>\n<meta property=\"og:image\" content=\"https:\/\/hengxingmachinery.com\/wp-content\/uploads\/2025\/01\/cement-dryer-for-sale-1.jpg\" \/>\n<meta name=\"twitter:card\" content=\"summary_large_image\" \/>\n<meta name=\"twitter:label1\" content=\"Dur\u00e9e de lecture estim\u00e9e\" \/>\n\t<meta name=\"twitter:data1\" content=\"3 minutes\" \/>\n<script type=\"application\/ld+json\" class=\"yoast-schema-graph\">{\"@context\":\"https:\\\/\\\/schema.org\",\"@graph\":[{\"@type\":\"WebPage\",\"@id\":\"https:\\\/\\\/hengxingmachinery.com\\\/cement-dryer\\\/\",\"url\":\"https:\\\/\\\/hengxingmachinery.com\\\/cement-dryer\\\/\",\"name\":\"5-1. Cement dryer - Hengxing Machinery\",\"isPartOf\":{\"@id\":\"https:\\\/\\\/hengxingmachinery.com\\\/#website\"},\"primaryImageOfPage\":{\"@id\":\"https:\\\/\\\/hengxingmachinery.com\\\/cement-dryer\\\/#primaryimage\"},\"image\":{\"@id\":\"https:\\\/\\\/hengxingmachinery.com\\\/cement-dryer\\\/#primaryimage\"},\"thumbnailUrl\":\"https:\\\/\\\/hengxingmachinery.com\\\/wp-content\\\/uploads\\\/2025\\\/01\\\/cement-dryer-for-sale-1.jpg\",\"datePublished\":\"2025-01-14T01:54:33+00:00\",\"dateModified\":\"2025-01-15T06:50:59+00:00\",\"breadcrumb\":{\"@id\":\"https:\\\/\\\/hengxingmachinery.com\\\/cement-dryer\\\/#breadcrumb\"},\"inLanguage\":\"fr-FR\",\"potentialAction\":[{\"@type\":\"ReadAction\",\"target\":[\"https:\\\/\\\/hengxingmachinery.com\\\/cement-dryer\\\/\"]}]},{\"@type\":\"ImageObject\",\"inLanguage\":\"fr-FR\",\"@id\":\"https:\\\/\\\/hengxingmachinery.com\\\/cement-dryer\\\/#primaryimage\",\"url\":\"https:\\\/\\\/hengxingmachinery.com\\\/wp-content\\\/uploads\\\/2025\\\/01\\\/cement-dryer-for-sale-1.jpg\",\"contentUrl\":\"https:\\\/\\\/hengxingmachinery.com\\\/wp-content\\\/uploads\\\/2025\\\/01\\\/cement-dryer-for-sale-1.jpg\"},{\"@type\":\"BreadcrumbList\",\"@id\":\"https:\\\/\\\/hengxingmachinery.com\\\/cement-dryer\\\/#breadcrumb\",\"itemListElement\":[{\"@type\":\"ListItem\",\"position\":1,\"name\":\"Home\",\"item\":\"https:\\\/\\\/hengxingmachinery.com\\\/\"},{\"@type\":\"ListItem\",\"position\":2,\"name\":\"5-1. Cement dryer\"}]},{\"@type\":\"WebSite\",\"@id\":\"https:\\\/\\\/hengxingmachinery.com\\\/#website\",\"url\":\"https:\\\/\\\/hengxingmachinery.com\\\/\",\"name\":\"Hengxing Machinery\",\"description\":\"Leading Manufacturer of All Sorts of Mining Machinery\",\"publisher\":{\"@id\":\"https:\\\/\\\/hengxingmachinery.com\\\/#organization\"},\"potentialAction\":[{\"@type\":\"SearchAction\",\"target\":{\"@type\":\"EntryPoint\",\"urlTemplate\":\"https:\\\/\\\/hengxingmachinery.com\\\/?s={search_term_string}\"},\"query-input\":{\"@type\":\"PropertyValueSpecification\",\"valueRequired\":true,\"valueName\":\"search_term_string\"}}],\"inLanguage\":\"fr-FR\"},{\"@type\":\"Organization\",\"@id\":\"https:\\\/\\\/hengxingmachinery.com\\\/#organization\",\"name\":\"Hengxing Machinery\",\"url\":\"https:\\\/\\\/hengxingmachinery.com\\\/\",\"logo\":{\"@type\":\"ImageObject\",\"inLanguage\":\"fr-FR\",\"@id\":\"https:\\\/\\\/hengxingmachinery.com\\\/#\\\/schema\\\/logo\\\/image\\\/\",\"url\":\"https:\\\/\\\/hengxingmachinery.com\\\/wp-content\\\/uploads\\\/2024\\\/12\\\/logo.png\",\"contentUrl\":\"https:\\\/\\\/hengxingmachinery.com\\\/wp-content\\\/uploads\\\/2024\\\/12\\\/logo.png\",\"width\":400,\"height\":260,\"caption\":\"Hengxing Machinery\"},\"image\":{\"@id\":\"https:\\\/\\\/hengxingmachinery.com\\\/#\\\/schema\\\/logo\\\/image\\\/\"}}]}<\/script>\n<!-- \/ Yoast SEO plugin. -->","yoast_head_json":{"title":"5-1. S\u00e9cheur \u00e0 ciment - Hengxing Machinery","robots":{"index":"index","follow":"follow","max-snippet":"max-snippet:-1","max-image-preview":"max-image-preview:large","max-video-preview":"max-video-preview:-1"},"canonical":"https:\/\/hengxingmachinery.com\/fr\/cement-dryer\/","og_locale":"fr_FR","og_type":"article","og_title":"5-1. Cement dryer - Hengxing Machinery","og_description":"Cement dryer Advantages of cement dryer The main components of the cement dryer are the cylinder, the motor, the control system, the protection circuit and the auxiliary devices. The details are as follows: 1. Cylinder body: This is an important part of the casing. We are cast from new materials and treated with super wear ... Lire plus","og_url":"https:\/\/hengxingmachinery.com\/fr\/cement-dryer\/","og_site_name":"Hengxing Machinery","article_modified_time":"2025-01-15T06:50:59+00:00","og_image":[{"url":"https:\/\/hengxingmachinery.com\/wp-content\/uploads\/2025\/01\/cement-dryer-for-sale-1.jpg","type":"","width":"","height":""}],"twitter_card":"summary_large_image","twitter_misc":{"Dur\u00e9e de lecture estim\u00e9e":"3 minutes"},"schema":{"@context":"https:\/\/schema.org","@graph":[{"@type":"WebPage","@id":"https:\/\/hengxingmachinery.com\/cement-dryer\/","url":"https:\/\/hengxingmachinery.com\/cement-dryer\/","name":"5-1. S\u00e9cheur \u00e0 ciment - Hengxing Machinery","isPartOf":{"@id":"https:\/\/hengxingmachinery.com\/#website"},"primaryImageOfPage":{"@id":"https:\/\/hengxingmachinery.com\/cement-dryer\/#primaryimage"},"image":{"@id":"https:\/\/hengxingmachinery.com\/cement-dryer\/#primaryimage"},"thumbnailUrl":"https:\/\/hengxingmachinery.com\/wp-content\/uploads\/2025\/01\/cement-dryer-for-sale-1.jpg","datePublished":"2025-01-14T01:54:33+00:00","dateModified":"2025-01-15T06:50:59+00:00","breadcrumb":{"@id":"https:\/\/hengxingmachinery.com\/cement-dryer\/#breadcrumb"},"inLanguage":"fr-FR","potentialAction":[{"@type":"ReadAction","target":["https:\/\/hengxingmachinery.com\/cement-dryer\/"]}]},{"@type":"ImageObject","inLanguage":"fr-FR","@id":"https:\/\/hengxingmachinery.com\/cement-dryer\/#primaryimage","url":"https:\/\/hengxingmachinery.com\/wp-content\/uploads\/2025\/01\/cement-dryer-for-sale-1.jpg","contentUrl":"https:\/\/hengxingmachinery.com\/wp-content\/uploads\/2025\/01\/cement-dryer-for-sale-1.jpg"},{"@type":"BreadcrumbList","@id":"https:\/\/hengxingmachinery.com\/cement-dryer\/#breadcrumb","itemListElement":[{"@type":"ListItem","position":1,"name":"Home","item":"https:\/\/hengxingmachinery.com\/"},{"@type":"ListItem","position":2,"name":"5-1. Cement dryer"}]},{"@type":"WebSite","@id":"https:\/\/hengxingmachinery.com\/#website","url":"https:\/\/hengxingmachinery.com\/","name":"Machines Hengxing","description":"Fabricant leader de toutes sortes de machines mini\u00e8res","publisher":{"@id":"https:\/\/hengxingmachinery.com\/#organization"},"potentialAction":[{"@type":"SearchAction","target":{"@type":"EntryPoint","urlTemplate":"https:\/\/hengxingmachinery.com\/?s={search_term_string}"},"query-input":{"@type":"PropertyValueSpecification","valueRequired":true,"valueName":"search_term_string"}}],"inLanguage":"fr-FR"},{"@type":"Organization","@id":"https:\/\/hengxingmachinery.com\/#organization","name":"Machines Hengxing","url":"https:\/\/hengxingmachinery.com\/","logo":{"@type":"ImageObject","inLanguage":"fr-FR","@id":"https:\/\/hengxingmachinery.com\/#\/schema\/logo\/image\/","url":"https:\/\/hengxingmachinery.com\/wp-content\/uploads\/2024\/12\/logo.png","contentUrl":"https:\/\/hengxingmachinery.com\/wp-content\/uploads\/2024\/12\/logo.png","width":400,"height":260,"caption":"Hengxing Machinery"},"image":{"@id":"https:\/\/hengxingmachinery.com\/#\/schema\/logo\/image\/"}}]}},"_links":{"self":[{"href":"https:\/\/hengxingmachinery.com\/fr\/wp-json\/wp\/v2\/pages\/1571","targetHints":{"allow":["GET"]}}],"collection":[{"href":"https:\/\/hengxingmachinery.com\/fr\/wp-json\/wp\/v2\/pages"}],"about":[{"href":"https:\/\/hengxingmachinery.com\/fr\/wp-json\/wp\/v2\/types\/page"}],"author":[{"embeddable":true,"href":"https:\/\/hengxingmachinery.com\/fr\/wp-json\/wp\/v2\/users\/1"}],"replies":[{"embeddable":true,"href":"https:\/\/hengxingmachinery.com\/fr\/wp-json\/wp\/v2\/comments?post=1571"}],"version-history":[{"count":12,"href":"https:\/\/hengxingmachinery.com\/fr\/wp-json\/wp\/v2\/pages\/1571\/revisions"}],"predecessor-version":[{"id":1681,"href":"https:\/\/hengxingmachinery.com\/fr\/wp-json\/wp\/v2\/pages\/1571\/revisions\/1681"}],"wp:attachment":[{"href":"https:\/\/hengxingmachinery.com\/fr\/wp-json\/wp\/v2\/media?parent=1571"}],"curies":[{"name":"wp","href":"https:\/\/api.w.org\/{rel}","templated":true}]}}