{"id":1629,"date":"2025-01-14T06:08:15","date_gmt":"2025-01-14T06:08:15","guid":{"rendered":"https:\/\/hengxingmachinery.com\/?page_id=1629"},"modified":"2025-01-14T06:08:16","modified_gmt":"2025-01-14T06:08:16","slug":"wet-pan-mill","status":"publish","type":"page","link":"https:\/\/hengxingmachinery.com\/fr\/wet-pan-mill\/","title":{"rendered":"3-1. Broyeur \u00e0 pan humide"},"content":{"rendered":"<div class=\"gb-container gb-container-45165f5a\">\n<div class=\"gb-container gb-container-c2652eb4\">\n\n<h1 class=\"gb-headline gb-headline-62a8b2cc gb-headline-text\">Broyeur \u00e0 meules humides<\/h1>\n\n<\/div>\n<\/div>\n\n<div class=\"gb-container gb-container-519cf624\">\n<div class=\"gb-container gb-container-71ca071e\">\n<div class=\"gb-grid-wrapper gb-grid-wrapper-8a5f0688\">\n<div class=\"gb-grid-column gb-grid-column-1e99b1c2\"><div class=\"gb-container gb-container-1e99b1c2\">\n\n<figure class=\"gb-block-image gb-block-image-e4eaba54\"><img decoding=\"async\" width=\"665\" height=\"545\" class=\"gb-image gb-image-e4eaba54\" src=\"https:\/\/hengxingmachinery.com\/wp-content\/uploads\/2025\/01\/wet-pan-mill-for-sale.jpg\" alt=\"\" title=\"broyeur-a-pan-humide-a-vendre\" srcset=\"https:\/\/hengxingmachinery.com\/wp-content\/uploads\/2025\/01\/wet-pan-mill-for-sale.jpg 665w, https:\/\/hengxingmachinery.com\/wp-content\/uploads\/2025\/01\/wet-pan-mill-for-sale-300x246.jpg 300w, https:\/\/hengxingmachinery.com\/wp-content\/uploads\/2025\/01\/wet-pan-mill-for-sale-15x12.jpg 15w\" sizes=\"(max-width: 665px) 100vw, 665px\" \/><\/figure>\n\n<\/div><\/div>\n\n<div class=\"gb-grid-column gb-grid-column-bcae065b\"><div class=\"gb-container gb-container-bcae065b\">\n\n<p>Le broyeur \u00e0 pan humide est principalement utilis\u00e9 pour le broyage de l'or, de l'argent, du plomb, du zinc, du fer, du molybd\u00e8ne, du cuivre, de l'antimoine, etc.<\/p>\n\n\n<div class=\"gb-grid-wrapper gb-grid-wrapper-eebec76e\">\n<div class=\"gb-grid-column gb-grid-column-e3ada2f0\"><div class=\"gb-container gb-container-e3ada2f0\">\n\n<p class=\"gb-headline gb-headline-4c79a90a gb-headline-text\"><mark style=\"background-color:rgba(0, 0, 0, 0)\" class=\"has-inline-color has-global-color-8-color\"><strong>Capacit\u00e9 de traitement :<\/strong><\/mark> 4-0,3 t\/h<\/p>\n\n<\/div><\/div>\n\n<div class=\"gb-grid-column gb-grid-column-0bb00826\"><div class=\"gb-container gb-container-0bb00826\">\n\n<p class=\"gb-headline gb-headline-86d53f56 gb-headline-text\"><mark style=\"background-color:rgba(0, 0, 0, 0)\" class=\"has-inline-color has-global-color-8-color\"><strong>Vitesse :<\/strong><\/mark> 20-22 ~ 17-19 tr\/min<\/p>\n\n<\/div><\/div>\n<\/div>\n\n\n<p class=\"gb-headline gb-headline-2750f5a7 gb-headline-text\"><strong>Taille d&#039;entr\u00e9e :<\/strong><\/p>\n\n\n\n<p class=\"gb-headline gb-headline-28231626 gb-headline-text\">Moins de 30 mm<\/p>\n\n\n<div class=\"gb-container gb-container-256e15f1\">\n\n<a class=\"gb-button gb-button-e8b73d89 gb-button-text\" href=\"#popmake-622\">Obtenez un devis gratuit maintenant<\/a>\n\n<\/div>\n<\/div><\/div>\n<\/div>\n<\/div>\n<\/div>\n\n<div class=\"gb-container gb-container-3a930c38\">\n<div class=\"gb-container gb-container-8a36e90a\">\n\n<h2 class=\"gb-headline gb-headline-a5d3273c gb-headline-text\">Caract\u00e9ristiques du broyeur \u00e0 pan humide<\/h2>\n\n\n\n<figure class=\"gb-block-image gb-block-image-1c359176\"><img decoding=\"async\" width=\"665\" height=\"421\" class=\"gb-image gb-image-1c359176\" src=\"https:\/\/hengxingmachinery.com\/wp-content\/uploads\/2025\/01\/wet-pan-mill-feature.jpg\" alt=\"\" title=\"caracteristiques-du-broyeur-a-pan-humide\" srcset=\"https:\/\/hengxingmachinery.com\/wp-content\/uploads\/2025\/01\/wet-pan-mill-feature.jpg 665w, https:\/\/hengxingmachinery.com\/wp-content\/uploads\/2025\/01\/wet-pan-mill-feature-300x190.jpg 300w, https:\/\/hengxingmachinery.com\/wp-content\/uploads\/2025\/01\/wet-pan-mill-feature-18x12.jpg 18w\" sizes=\"(max-width: 665px) 100vw, 665px\" \/><\/figure>\n\n\n\n<p class=\"gb-headline gb-headline-8e7c285f gb-headline-text\">1. Investissement r\u00e9duit, rendement \u00e9lev\u00e9.<\/p>\n\n\n\n<p class=\"gb-headline gb-headline-5735b6f0 gb-headline-text\">2. Installation et maintenance faciles.<\/p>\n\n\n\n<p class=\"gb-headline gb-headline-cc55589d gb-headline-text\">3. Bonne efficacit\u00e9.<\/p>\n\n\n\n<p class=\"gb-headline gb-headline-e26ad5a0 gb-headline-text\">4. Le rouleau est r\u00e9sistant \u00e0 l'usure.<\/p>\n\n\n<div class=\"gb-container gb-container-96208927\">\n\n<a class=\"gb-button gb-button-429870c5 gb-button-text\" href=\"#popmake-622\">Obtenez un devis gratuit maintenant<\/a>\n\n<\/div>\n<\/div>\n<\/div>\n\n<div class=\"gb-container gb-container-e216b728\">\n<div class=\"gb-container gb-container-abc971cf\">\n\n<h2 class=\"gb-headline gb-headline-3d0c017b gb-headline-text\">Principe de fonctionnement du broyeur \u00e0 pan humide<\/h2>\n\n\n\n<figure class=\"gb-block-image gb-block-image-0f9190a1\"><img decoding=\"async\" width=\"665\" height=\"421\" class=\"gb-image gb-image-0f9190a1\" src=\"https:\/\/hengxingmachinery.com\/wp-content\/uploads\/2025\/01\/wet-pan-mill-structure.jpg\" alt=\"\" title=\"structure-du-broyeur-a-pan-humide\" srcset=\"https:\/\/hengxingmachinery.com\/wp-content\/uploads\/2025\/01\/wet-pan-mill-structure.jpg 665w, https:\/\/hengxingmachinery.com\/wp-content\/uploads\/2025\/01\/wet-pan-mill-structure-300x190.jpg 300w, https:\/\/hengxingmachinery.com\/wp-content\/uploads\/2025\/01\/wet-pan-mill-structure-18x12.jpg 18w\" sizes=\"(max-width: 665px) 100vw, 665px\" \/><\/figure>\n\n\n\n<p>Cet \u00e9quipement adopte le mode de fonctionnement de broyage entra\u00een\u00e9 par roue : d'abord, le moteur transmet la puissance au r\u00e9ducteur, et sous l'entra\u00eenement du r\u00e9ducteur, le couple est transf\u00e9r\u00e9 \u00e0 l'arbre horizontal sup\u00e9rieur via le grand arbre vertical, puis le couple est transmis au rouleau par la bielle install\u00e9e aux deux extr\u00e9mit\u00e9s de l'arbre horizontal, ce qui permet au rouleau de g\u00e9n\u00e9rer une force motrice et de tourner dans le sens inverse des aiguilles d'une montre autour de l'axe horizontal.<\/p>\n\n\n\n<p>Le rouleau peut tourner autour du grand axe vertical du moulin humide et autour de son propre axe central. Le mat\u00e9riau min\u00e9ral ajout\u00e9 est compl\u00e8tement broy\u00e9 apr\u00e8s une extrusion, un malaxage et un meulage r\u00e9p\u00e9t\u00e9s, gr\u00e2ce \u00e0 la pression d'\u00e9crasement g\u00e9n\u00e9r\u00e9e par le poids du rouleau lui-m\u00eame et au frottement important produit lors de sa r\u00e9volution et de sa rotation.<\/p>\n\n\n<div class=\"gb-container gb-container-8c737e8f\">\n\n<a class=\"gb-button gb-button-e732fa41 gb-button-text\" href=\"#popmake-622\">Obtenez un devis gratuit maintenant<\/a>\n\n<\/div>\n<\/div>\n<\/div>\n\n<div class=\"gb-container gb-container-435ad261\">\n<div class=\"gb-container gb-container-7dc79cc4\">\n\n<h2 class=\"gb-headline gb-headline-6fe5dee2 gb-headline-text\">Sp\u00e9cifications du broyeur \u00e0 pan humide<\/h2>\n\n\n\n<figure class=\"wp-block-table is-style-stripes\"><table class=\"has-fixed-layout\"><tbody><tr><td><strong>Mod\u00e8le<\/strong><\/td><td><strong>Sp\u00e9cification<\/strong><\/td><td><strong>Taille d'entr\u00e9e (mm)<\/strong><\/td><td><strong>Capacit\u00e9 de traitement (t\/h)<\/strong><\/td><td><strong>Vitesse (tr\/min)<\/strong><\/td><td><strong>Moteur (kW)<\/strong><\/td><td><strong>Poids (t)<\/strong><\/td><\/tr><tr><td><strong>1600<\/strong><\/td><td><strong>1600\u00d7400\u00d7\u00b120<\/strong><\/td><td rowspan=\"11\">Moins de 30 mm<\/td><td><strong>4<\/strong><\/td><td><strong>20-22<\/strong><\/td><td><strong>6-30<\/strong><\/td><td><strong>16<\/strong><\/td><\/tr><tr><td>1500A<\/td><td>1500\u00d7400\u00d7\u00b120<\/td><td>3<\/td><td>20-22<\/td><td>6-22<\/td><td>15<\/td><\/tr><tr><td>1500B<\/td><td>1500\u00d7350\u00d7\u00b120<\/td><td>2.5-3<\/td><td>20-22<\/td><td>6-22<\/td><td>14<\/td><\/tr><tr><td>1500C<\/td><td>1500\u00d7300\u00d7\u00b120<\/td><td>2-2.5<\/td><td>20-22<\/td><td>6-22<\/td><td>12.5<\/td><\/tr><tr><td>1400<\/td><td>1400\u00d7250\u00d7\u00b120<\/td><td>1.5-2<\/td><td>16-18<\/td><td>6-18.5<\/td><td>9.5<\/td><\/tr><tr><td>1300<\/td><td>1300\u00d7250\u00d7\u00b120<\/td><td>1.5<\/td><td>21-23<\/td><td>6-15<\/td><td>7.8<\/td><\/tr><tr><td>1200A<\/td><td>1200\u00d7220\u00d7\u00b120<\/td><td>0.9-1.2<\/td><td>16-18<\/td><td>4-7.5<\/td><td>6.0<\/td><\/tr><tr><td>1200B<\/td><td>1200\u00d7200\u00d7\u00b120<\/td><td>0.8-1<\/td><td>21-23<\/td><td>4-7.5<\/td><td>5.8<\/td><\/tr><tr><td>1100<\/td><td>1100\u00d7200\u00d7\u00b110<\/td><td>0.6-0.8<\/td><td>16-18<\/td><td>4-5.5<\/td><td>5.5<\/td><\/tr><tr><td>1000<\/td><td>1000\u00d7200\u00d7\u00b110<\/td><td>0.5<\/td><td>21-23<\/td><td>4-5.5<\/td><td>4.5<\/td><\/tr><tr><td>900<\/td><td>900\u00d7150\u00d7\u00b110<\/td><td>0.3<\/td><td>17-19<\/td><td>3<\/td><td>3.2<\/td><\/tr><\/tbody><\/table><\/figure>\n\n\n<div class=\"gb-container gb-container-263d9700\">\n\n<a class=\"gb-button gb-button-a4cbb7be gb-button-text\" href=\"#popmake-622\">Obtenez un devis gratuit maintenant<\/a>\n\n<\/div>\n<\/div>\n<\/div>\n\n\n<p><\/p>","protected":false},"excerpt":{"rendered":"<p>Wet pan mill Wet pan mill features 1. Small investment, high output. 2. Easy installation and maintenance. 3. Good efficiency. 4. The roller is wearproof. Wet pan mill working principle This equipment adopts the working mode of wheel-driven grinding: firstly, the motor drives the power to the reducer, and under the drive of the reducer, &#8230; <\/p>\n<p class=\"read-more-container\"><a title=\"3-1. Broyeur \u00e0 pan humide\" class=\"read-more button\" href=\"https:\/\/hengxingmachinery.com\/fr\/wet-pan-mill\/#more-1629\" aria-label=\"En savoir plus sur 3-1. Wet pan mill\">Lire plus<\/a><\/p>","protected":false},"author":1,"featured_media":0,"parent":0,"menu_order":0,"comment_status":"closed","ping_status":"closed","template":"","meta":{"footnotes":""},"class_list":["post-1629","page","type-page","status-publish"],"yoast_head":"<!-- This site is optimized with the Yoast SEO plugin v27.4 - https:\/\/yoast.com\/product\/yoast-seo-wordpress\/ -->\n<title>3-1. Wet pan mill - Hengxing Machinery<\/title>\n<meta name=\"robots\" content=\"index, follow, max-snippet:-1, max-image-preview:large, max-video-preview:-1\" \/>\n<link rel=\"canonical\" href=\"https:\/\/hengxingmachinery.com\/fr\/wet-pan-mill\/\" \/>\n<meta property=\"og:locale\" content=\"fr_FR\" \/>\n<meta property=\"og:type\" content=\"article\" \/>\n<meta property=\"og:title\" content=\"3-1. Wet pan mill - Hengxing Machinery\" \/>\n<meta property=\"og:description\" content=\"Wet pan mill Wet pan mill features 1. Small investment, high output. 2. Easy installation and maintenance. 3. Good efficiency. 4. The roller is wearproof. Wet pan mill working principle This equipment adopts the working mode of wheel-driven grinding: firstly, the motor drives the power to the reducer, and under the drive of the reducer, ... Lire plus\" \/>\n<meta property=\"og:url\" content=\"https:\/\/hengxingmachinery.com\/fr\/wet-pan-mill\/\" \/>\n<meta property=\"og:site_name\" content=\"Hengxing Machinery\" \/>\n<meta property=\"article:modified_time\" content=\"2025-01-14T06:08:16+00:00\" \/>\n<meta property=\"og:image\" content=\"https:\/\/hengxingmachinery.com\/wp-content\/uploads\/2025\/01\/wet-pan-mill-for-sale.jpg\" \/>\n<meta name=\"twitter:card\" content=\"summary_large_image\" \/>\n<meta name=\"twitter:label1\" content=\"Dur\u00e9e de lecture estim\u00e9e\" \/>\n\t<meta name=\"twitter:data1\" content=\"2 minutes\" \/>\n<script type=\"application\/ld+json\" class=\"yoast-schema-graph\">{\"@context\":\"https:\\\/\\\/schema.org\",\"@graph\":[{\"@type\":\"WebPage\",\"@id\":\"https:\\\/\\\/hengxingmachinery.com\\\/wet-pan-mill\\\/\",\"url\":\"https:\\\/\\\/hengxingmachinery.com\\\/wet-pan-mill\\\/\",\"name\":\"3-1. Wet pan mill - Hengxing Machinery\",\"isPartOf\":{\"@id\":\"https:\\\/\\\/hengxingmachinery.com\\\/#website\"},\"primaryImageOfPage\":{\"@id\":\"https:\\\/\\\/hengxingmachinery.com\\\/wet-pan-mill\\\/#primaryimage\"},\"image\":{\"@id\":\"https:\\\/\\\/hengxingmachinery.com\\\/wet-pan-mill\\\/#primaryimage\"},\"thumbnailUrl\":\"https:\\\/\\\/hengxingmachinery.com\\\/wp-content\\\/uploads\\\/2025\\\/01\\\/wet-pan-mill-for-sale.jpg\",\"datePublished\":\"2025-01-14T06:08:15+00:00\",\"dateModified\":\"2025-01-14T06:08:16+00:00\",\"breadcrumb\":{\"@id\":\"https:\\\/\\\/hengxingmachinery.com\\\/wet-pan-mill\\\/#breadcrumb\"},\"inLanguage\":\"fr-FR\",\"potentialAction\":[{\"@type\":\"ReadAction\",\"target\":[\"https:\\\/\\\/hengxingmachinery.com\\\/wet-pan-mill\\\/\"]}]},{\"@type\":\"ImageObject\",\"inLanguage\":\"fr-FR\",\"@id\":\"https:\\\/\\\/hengxingmachinery.com\\\/wet-pan-mill\\\/#primaryimage\",\"url\":\"https:\\\/\\\/hengxingmachinery.com\\\/wp-content\\\/uploads\\\/2025\\\/01\\\/wet-pan-mill-for-sale.jpg\",\"contentUrl\":\"https:\\\/\\\/hengxingmachinery.com\\\/wp-content\\\/uploads\\\/2025\\\/01\\\/wet-pan-mill-for-sale.jpg\"},{\"@type\":\"BreadcrumbList\",\"@id\":\"https:\\\/\\\/hengxingmachinery.com\\\/wet-pan-mill\\\/#breadcrumb\",\"itemListElement\":[{\"@type\":\"ListItem\",\"position\":1,\"name\":\"Home\",\"item\":\"https:\\\/\\\/hengxingmachinery.com\\\/\"},{\"@type\":\"ListItem\",\"position\":2,\"name\":\"3-1. Wet pan mill\"}]},{\"@type\":\"WebSite\",\"@id\":\"https:\\\/\\\/hengxingmachinery.com\\\/#website\",\"url\":\"https:\\\/\\\/hengxingmachinery.com\\\/\",\"name\":\"Hengxing Machinery\",\"description\":\"Leading Manufacturer of All Sorts of Mining Machinery\",\"publisher\":{\"@id\":\"https:\\\/\\\/hengxingmachinery.com\\\/#organization\"},\"potentialAction\":[{\"@type\":\"SearchAction\",\"target\":{\"@type\":\"EntryPoint\",\"urlTemplate\":\"https:\\\/\\\/hengxingmachinery.com\\\/?s={search_term_string}\"},\"query-input\":{\"@type\":\"PropertyValueSpecification\",\"valueRequired\":true,\"valueName\":\"search_term_string\"}}],\"inLanguage\":\"fr-FR\"},{\"@type\":\"Organization\",\"@id\":\"https:\\\/\\\/hengxingmachinery.com\\\/#organization\",\"name\":\"Hengxing Machinery\",\"url\":\"https:\\\/\\\/hengxingmachinery.com\\\/\",\"logo\":{\"@type\":\"ImageObject\",\"inLanguage\":\"fr-FR\",\"@id\":\"https:\\\/\\\/hengxingmachinery.com\\\/#\\\/schema\\\/logo\\\/image\\\/\",\"url\":\"https:\\\/\\\/hengxingmachinery.com\\\/wp-content\\\/uploads\\\/2024\\\/12\\\/logo.png\",\"contentUrl\":\"https:\\\/\\\/hengxingmachinery.com\\\/wp-content\\\/uploads\\\/2024\\\/12\\\/logo.png\",\"width\":400,\"height\":260,\"caption\":\"Hengxing Machinery\"},\"image\":{\"@id\":\"https:\\\/\\\/hengxingmachinery.com\\\/#\\\/schema\\\/logo\\\/image\\\/\"}}]}<\/script>\n<!-- \/ Yoast SEO plugin. -->","yoast_head_json":{"title":"3-1. Broyeur \u00e0 pan humide - Hengxing Machinery","robots":{"index":"index","follow":"follow","max-snippet":"max-snippet:-1","max-image-preview":"max-image-preview:large","max-video-preview":"max-video-preview:-1"},"canonical":"https:\/\/hengxingmachinery.com\/fr\/wet-pan-mill\/","og_locale":"fr_FR","og_type":"article","og_title":"3-1. Wet pan mill - Hengxing Machinery","og_description":"Wet pan mill Wet pan mill features 1. Small investment, high output. 2. Easy installation and maintenance. 3. Good efficiency. 4. The roller is wearproof. Wet pan mill working principle This equipment adopts the working mode of wheel-driven grinding: firstly, the motor drives the power to the reducer, and under the drive of the reducer, ... Lire plus","og_url":"https:\/\/hengxingmachinery.com\/fr\/wet-pan-mill\/","og_site_name":"Hengxing Machinery","article_modified_time":"2025-01-14T06:08:16+00:00","og_image":[{"url":"https:\/\/hengxingmachinery.com\/wp-content\/uploads\/2025\/01\/wet-pan-mill-for-sale.jpg","type":"","width":"","height":""}],"twitter_card":"summary_large_image","twitter_misc":{"Dur\u00e9e de lecture estim\u00e9e":"2 minutes"},"schema":{"@context":"https:\/\/schema.org","@graph":[{"@type":"WebPage","@id":"https:\/\/hengxingmachinery.com\/wet-pan-mill\/","url":"https:\/\/hengxingmachinery.com\/wet-pan-mill\/","name":"3-1. Broyeur \u00e0 pan humide - Hengxing Machinery","isPartOf":{"@id":"https:\/\/hengxingmachinery.com\/#website"},"primaryImageOfPage":{"@id":"https:\/\/hengxingmachinery.com\/wet-pan-mill\/#primaryimage"},"image":{"@id":"https:\/\/hengxingmachinery.com\/wet-pan-mill\/#primaryimage"},"thumbnailUrl":"https:\/\/hengxingmachinery.com\/wp-content\/uploads\/2025\/01\/wet-pan-mill-for-sale.jpg","datePublished":"2025-01-14T06:08:15+00:00","dateModified":"2025-01-14T06:08:16+00:00","breadcrumb":{"@id":"https:\/\/hengxingmachinery.com\/wet-pan-mill\/#breadcrumb"},"inLanguage":"fr-FR","potentialAction":[{"@type":"ReadAction","target":["https:\/\/hengxingmachinery.com\/wet-pan-mill\/"]}]},{"@type":"ImageObject","inLanguage":"fr-FR","@id":"https:\/\/hengxingmachinery.com\/wet-pan-mill\/#primaryimage","url":"https:\/\/hengxingmachinery.com\/wp-content\/uploads\/2025\/01\/wet-pan-mill-for-sale.jpg","contentUrl":"https:\/\/hengxingmachinery.com\/wp-content\/uploads\/2025\/01\/wet-pan-mill-for-sale.jpg"},{"@type":"BreadcrumbList","@id":"https:\/\/hengxingmachinery.com\/wet-pan-mill\/#breadcrumb","itemListElement":[{"@type":"ListItem","position":1,"name":"Home","item":"https:\/\/hengxingmachinery.com\/"},{"@type":"ListItem","position":2,"name":"3-1. Wet pan mill"}]},{"@type":"WebSite","@id":"https:\/\/hengxingmachinery.com\/#website","url":"https:\/\/hengxingmachinery.com\/","name":"Machines Hengxing","description":"Fabricant leader de toutes sortes de machines mini\u00e8res","publisher":{"@id":"https:\/\/hengxingmachinery.com\/#organization"},"potentialAction":[{"@type":"SearchAction","target":{"@type":"EntryPoint","urlTemplate":"https:\/\/hengxingmachinery.com\/?s={search_term_string}"},"query-input":{"@type":"PropertyValueSpecification","valueRequired":true,"valueName":"search_term_string"}}],"inLanguage":"fr-FR"},{"@type":"Organization","@id":"https:\/\/hengxingmachinery.com\/#organization","name":"Machines Hengxing","url":"https:\/\/hengxingmachinery.com\/","logo":{"@type":"ImageObject","inLanguage":"fr-FR","@id":"https:\/\/hengxingmachinery.com\/#\/schema\/logo\/image\/","url":"https:\/\/hengxingmachinery.com\/wp-content\/uploads\/2024\/12\/logo.png","contentUrl":"https:\/\/hengxingmachinery.com\/wp-content\/uploads\/2024\/12\/logo.png","width":400,"height":260,"caption":"Hengxing Machinery"},"image":{"@id":"https:\/\/hengxingmachinery.com\/#\/schema\/logo\/image\/"}}]}},"_links":{"self":[{"href":"https:\/\/hengxingmachinery.com\/fr\/wp-json\/wp\/v2\/pages\/1629","targetHints":{"allow":["GET"]}}],"collection":[{"href":"https:\/\/hengxingmachinery.com\/fr\/wp-json\/wp\/v2\/pages"}],"about":[{"href":"https:\/\/hengxingmachinery.com\/fr\/wp-json\/wp\/v2\/types\/page"}],"author":[{"embeddable":true,"href":"https:\/\/hengxingmachinery.com\/fr\/wp-json\/wp\/v2\/users\/1"}],"replies":[{"embeddable":true,"href":"https:\/\/hengxingmachinery.com\/fr\/wp-json\/wp\/v2\/comments?post=1629"}],"version-history":[{"count":1,"href":"https:\/\/hengxingmachinery.com\/fr\/wp-json\/wp\/v2\/pages\/1629\/revisions"}],"predecessor-version":[{"id":1634,"href":"https:\/\/hengxingmachinery.com\/fr\/wp-json\/wp\/v2\/pages\/1629\/revisions\/1634"}],"wp:attachment":[{"href":"https:\/\/hengxingmachinery.com\/fr\/wp-json\/wp\/v2\/media?parent=1629"}],"curies":[{"name":"wp","href":"https:\/\/api.w.org\/{rel}","templated":true}]}}