{"id":1658,"date":"2025-01-15T06:28:08","date_gmt":"2025-01-15T06:28:08","guid":{"rendered":"https:\/\/hengxingmachinery.com\/?page_id=1658"},"modified":"2025-03-13T03:29:40","modified_gmt":"2025-03-13T03:29:40","slug":"quartz-sand-dryer","status":"publish","type":"page","link":"https:\/\/hengxingmachinery.com\/fr\/quartz-sand-dryer\/","title":{"rendered":"5-1. S\u00e9cheur \u00e0 sable de quartz"},"content":{"rendered":"<div class=\"gb-container gb-container-45165f5a\">\n<div class=\"gb-container gb-container-c2652eb4\">\n\n<h1 class=\"gb-headline gb-headline-62a8b2cc gb-headline-text\">S\u00e9choir \u00e0 sable de quartz<\/h1>\n\n<\/div>\n<\/div>\n\n<div class=\"gb-container gb-container-519cf624\">\n<div class=\"gb-container gb-container-71ca071e\">\n<div class=\"gb-grid-wrapper gb-grid-wrapper-8a5f0688\">\n<div class=\"gb-grid-column gb-grid-column-1e99b1c2\"><div class=\"gb-container gb-container-1e99b1c2\">\n\n<figure class=\"gb-block-image gb-block-image-e4eaba54\"><img decoding=\"async\" width=\"665\" height=\"545\" class=\"gb-image gb-image-e4eaba54\" src=\"https:\/\/hengxingmachinery.com\/wp-content\/uploads\/2025\/01\/Quartz-sand-drying-machine-.jpg\" alt=\"\" title=\"S\u00e9cheur de sable de quartz\" srcset=\"https:\/\/hengxingmachinery.com\/wp-content\/uploads\/2025\/01\/Quartz-sand-drying-machine-.jpg 665w, https:\/\/hengxingmachinery.com\/wp-content\/uploads\/2025\/01\/Quartz-sand-drying-machine--300x246.jpg 300w, https:\/\/hengxingmachinery.com\/wp-content\/uploads\/2025\/01\/Quartz-sand-drying-machine--15x12.jpg 15w\" sizes=\"(max-width: 665px) 100vw, 665px\" \/><\/figure>\n\n<\/div><\/div>\n\n<div class=\"gb-grid-column gb-grid-column-bcae065b\"><div class=\"gb-container gb-container-bcae065b\">\n\n<p class=\"gb-headline gb-headline-e419680e gb-headline-text\">\u00c9tant donn\u00e9 que le mat\u00e9riau de sable de quartz contient une grande quantit\u00e9 d'eau, il ne r\u00e9pond pas aux exigences mat\u00e9rielles du domaine industriel et doit \u00eatre s\u00e9ch\u00e9 \u00e0 l'aide d'\u00e9quipements appropri\u00e9s. Pour cette raison, Hengxing Equipment a d\u00e9velopp\u00e9 un \u00e9quipement de s\u00e9chage sp\u00e9cifiquement adapt\u00e9 aux propri\u00e9t\u00e9s de la pierre de quartz, \u00e0 savoir un s\u00e9cheur de sable de quartz, qui pr\u00e9sente des avantages significatifs en termes de performances et de prix.<\/p>\n\n\n<div class=\"gb-grid-wrapper gb-grid-wrapper-eebec76e\">\n<div class=\"gb-grid-column gb-grid-column-e3ada2f0\"><div class=\"gb-container gb-container-e3ada2f0\">\n\n<p class=\"gb-headline gb-headline-4c79a90a gb-headline-text\"><mark style=\"background-color:rgba(0, 0, 0, 0)\" class=\"has-inline-color has-global-color-8-color\"><strong>Capacit\u00e9:<\/strong><\/mark> 1,9 \u00e0 76,0 t\/h<\/p>\n\n<\/div><\/div>\n\n<div class=\"gb-grid-column gb-grid-column-0bb00826\"><div class=\"gb-container gb-container-0bb00826\">\n\n<p class=\"gb-headline gb-headline-86d53f56 gb-headline-text\"><mark style=\"background-color:rgba(0, 0, 0, 0)\" class=\"has-inline-color has-global-color-8-color\"><strong>Moteur (kW) :<\/strong><\/mark> 7.5-160<\/p>\n\n<\/div><\/div>\n<\/div>\n\n\n<p class=\"gb-headline gb-headline-2750f5a7 gb-headline-text\"><strong>Application :<\/strong><\/p>\n\n\n\n<p class=\"gb-headline gb-headline-28231626 gb-headline-text\"><strong>Domaine d'application :<\/strong> Utilis\u00e9 pour s\u00e9cher des mat\u00e9riaux pr\u00e9sentant une certaine humidit\u00e9 ou granulom\u00e9trie dans les secteurs du traitement des min\u00e9raux, des mat\u00e9riaux de construction, de la m\u00e9tallurgie, de la chimie, etc.<\/p>\n\n\n\n<p><strong>Mat\u00e9riaux applicables : <\/strong>Pierre de quartz, sable de rivi\u00e8re, minerai de cuivre, pyrrhotite, h\u00e9matite, limonite, minerai de molybd\u00e8ne, minerai d'or, minerai de fer, calcaire, argile, etc.<\/p>\n\n\n<div class=\"gb-container gb-container-256e15f1\">\n\n<a class=\"gb-button gb-button-e8b73d89 gb-button-text\" href=\"#popmake-622\">Obtenez un devis gratuit maintenant<\/a>\n\n<\/div>\n<\/div><\/div>\n<\/div>\n<\/div>\n<\/div>\n\n<div class=\"gb-container gb-container-af5f8799\">\n<div class=\"gb-container gb-container-2298848b\">\n\n<h2 class=\"gb-headline gb-headline-9d27ad2c gb-headline-text\">Avantages du s\u00e9cheur de sable de quartz <\/h2>\n\n\n\n<p>Les composants principaux du s\u00e9cheur \u00e0 ciment sont le cylindre, le moteur, le syst\u00e8me de contr\u00f4le, le circuit de protection et les dispositifs auxiliaires. Les d\u00e9tails sont les suivants :<\/p>\n\n\n\n<p><strong>1. Efficacit\u00e9 ultra-\u00e9lev\u00e9e : <\/strong>Le cylindre rotatif est \u00e9quip\u00e9 d'un dispositif de copiage, qui permet de copier et de d\u00e9verser continuellement la pierre de quartz, assurant ainsi un contact complet entre la pierre de quartz et le corps de chauffage, ce qui am\u00e9liore consid\u00e9rablement l'efficacit\u00e9 du s\u00e9chage de la pierre de quartz.<\/p>\n\n\n\n<p><strong>2. Adaptabilit\u00e9 exceptionnelle : <\/strong>La machine n'est pas affect\u00e9e par la nature de la pierre de quartz, ni par les facteurs environnementaux. L'effet de s\u00e9chage est meilleur et l'adaptabilit\u00e9 est extr\u00eamement flexible.<\/p>\n\n\n\n<p><strong>3. Consommation d'\u00e9nergie ultra-faible : <\/strong>La machine adopte un principe de s\u00e9chage sp\u00e9cial par r\u00e9cup\u00e9ration de chaleur perdue ; la consommation d'\u00e9nergie et d'\u00e9lectricit\u00e9 pendant le processus de s\u00e9chage est ultra-faible, et l'effet d'\u00e9conomie d'\u00e9nergie est tr\u00e8s significatif.<\/p>\n\n\n\n<p><strong>4. Qualit\u00e9 exceptionnelle :<\/strong> D'une part, le dispositif du cylindre est fabriqu\u00e9 avec une technologie tr\u00e8s avanc\u00e9e, avec une s\u00e9lection de mat\u00e9riaux excellente et une bonne r\u00e9sistance \u00e0 l'usure ; d'autre part, le dispositif de levage est en acier r\u00e9sistant \u00e0 la chaleur sp\u00e9cial, offrant une durabilit\u00e9 et une fiabilit\u00e9 accrues.<\/p>\n\n\n<div class=\"gb-container gb-container-d7b7b595\">\n\n<a class=\"gb-button gb-button-c1312760 gb-button-text\" href=\"#popmake-622\">Obtenez un devis gratuit maintenant<\/a>\n\n<\/div>\n<\/div>\n<\/div>\n\n<div class=\"gb-container gb-container-ebd718b6\">\n<div class=\"gb-container gb-container-5c75b960\">\n\n<h2 class=\"gb-headline gb-headline-98859344 gb-headline-text\">Structure du s\u00e9cheur de sable de quartz<\/h2>\n\n\n\n<figure class=\"gb-block-image gb-block-image-c486b36e\"><img decoding=\"async\" width=\"920\" height=\"420\" class=\"gb-image gb-image-c486b36e\" src=\"https:\/\/hengxingmachinery.com\/wp-content\/uploads\/2025\/01\/quartz-sand-dryer-equipment.jpg\" alt=\"\" title=\"\u00c9quipement de s\u00e9chage de sable de quartz\" srcset=\"https:\/\/hengxingmachinery.com\/wp-content\/uploads\/2025\/01\/quartz-sand-dryer-equipment.jpg 920w, https:\/\/hengxingmachinery.com\/wp-content\/uploads\/2025\/01\/quartz-sand-dryer-equipment-300x137.jpg 300w, https:\/\/hengxingmachinery.com\/wp-content\/uploads\/2025\/01\/quartz-sand-dryer-equipment-768x351.jpg 768w, https:\/\/hengxingmachinery.com\/wp-content\/uploads\/2025\/01\/quartz-sand-dryer-equipment-18x8.jpg 18w\" sizes=\"(max-width: 920px) 100vw, 920px\" \/><\/figure>\n\n\n\n<p>Le s\u00e9cheur de sable de quartz comprend principalement un cylindre, un dispositif de support, un dispositif de transmission et un dispositif d'\u00e9tanch\u00e9it\u00e9 d'extr\u00e9mit\u00e9. Le cylindre est la base du s\u00e9cheur, o\u00f9 se d\u00e9roulent les processus de transfert de chaleur et de masse et o\u00f9 les mat\u00e9riaux sont transport\u00e9s. Le dispositif de support du cylindre est compos\u00e9 de trois parties : un anneau de roulement, une roue de support et une roue de retenue. Le poids de l'ensemble du cylindre est transmis \u00e0 la roue de support via l'anneau de roulement, et l'anneau de roulement roule sur la roue de support, tandis que la roue de retenue emp\u00eache le mouvement axial du cylindre vers l'avant. Les dispositifs de transmission du s\u00e9cheur comprennent principalement des moteurs, des r\u00e9ducteurs, des engrenages, des couronnes dent\u00e9es, des dispositifs d'alimentation et de d\u00e9charge, ainsi que des dispositifs d'\u00e9tanch\u00e9it\u00e9.<\/p>\n\n\n<div class=\"gb-container gb-container-d6bbf16a\">\n\n<a class=\"gb-button gb-button-caa3f2bc gb-button-text\" href=\"#popmake-622\">Obtenez un devis gratuit maintenant<\/a>\n\n<\/div>\n<\/div>\n<\/div>\n\n<div class=\"gb-container gb-container-435ad261\">\n<div class=\"gb-container gb-container-7dc79cc4\">\n\n<h2 class=\"gb-headline gb-headline-6fe5dee2 gb-headline-text\">Sp\u00e9cifications du s\u00e9cheur de sable de quartz<\/h2>\n\n\n\n<figure class=\"wp-block-table is-style-stripes\"><table class=\"has-fixed-layout\"><tbody><tr><td><strong>Mod\u00e8le (m)<br>(diam\u00e8tre \u00d7 longueur)<\/strong><\/td><td><strong>Mod\u00e8le (m)<br>(m\u00b3)<\/strong><\/td><td><strong>Capacit\u00e9<br>(t\/h)<\/strong><\/td><td><strong>Capacit\u00e9<br>(%)<\/strong><\/td><td><strong>(t\/h)<br>(\u00b0C)<\/strong><\/td><td><strong>Moteur<br>(kW)<\/strong><\/td><td><strong>Poids total<br>(t)<\/strong><\/td><\/tr><tr><td>(kW)<\/td><td>9.0<\/td><td>1.9-2.4<\/td><td>3-5<\/td><td>700-800<\/td><td>7.5<\/td><td>9<\/td><\/tr><tr><td>Poids<\/td><td>11.3<\/td><td>2.4-3.0<\/td><td>3-5<\/td><td>700-800<\/td><td>7.5<\/td><td>11<\/td><\/tr><tr><td>(t)<\/td><td>21.2<\/td><td>4.5-5.7<\/td><td>3-5<\/td><td>700-800<\/td><td>15<\/td><td>18.5<\/td><\/tr><tr><td>\u03a61.2\u00d78.0<\/td><td>24.7<\/td><td>5.3-6.6<\/td><td>3-5<\/td><td>700-800<\/td><td>15<\/td><td>19.7<\/td><\/tr><tr><td>\u03a61.2\u00d710<\/td><td>26.5<\/td><td>5.7-7.1<\/td><td>3-5<\/td><td>700-800<\/td><td>15<\/td><td>20.5<\/td><\/tr><tr><td>\u03a61.5\u00d712<\/td><td>30.5<\/td><td>6.5-8.1<\/td><td>3-5<\/td><td>700-800<\/td><td>18.5<\/td><td>21.5<\/td><\/tr><tr><td>\u03a61.5\u00d714<\/td><td>35.6<\/td><td>7.6-9.5<\/td><td>3-5<\/td><td>700-800<\/td><td>18.5<\/td><td>23<\/td><\/tr><tr><td>\u03a61.5\u00d715<\/td><td>45.6<\/td><td>9.7-12.2<\/td><td>3-5<\/td><td>700-800<\/td><td>22<\/td><td>33.5<\/td><\/tr><tr><td>\u03a61.8\u00d712<\/td><td>53.2<\/td><td>11.4-14.2<\/td><td>3-5<\/td><td>700-800<\/td><td>22<\/td><td>36<\/td><\/tr><tr><td>\u03a61.8\u00d714<\/td><td>60.8<\/td><td>13.0-16.2<\/td><td>3-5<\/td><td>700-800<\/td><td>22<\/td><td>38<\/td><\/tr><tr><td>\u03a62.2\u00d712<\/td><td>63.3<\/td><td>13.5-16.9<\/td><td>3-5<\/td><td>700-800<\/td><td>37<\/td><td>45<\/td><\/tr><tr><td>\u03a62.2\u00d714<\/td><td>81.4<\/td><td>17.4-21.7<\/td><td>3-5<\/td><td>700-800<\/td><td>37<\/td><td>49<\/td><\/tr><tr><td>\u03a62.2\u00d716<\/td><td>90.4<\/td><td>19.3-24.1<\/td><td>3-5<\/td><td>700-800<\/td><td>45<\/td><td>54<\/td><\/tr><tr><td>Secteur minier &amp; ... Lire plus<\/td><td>99.5<\/td><td>21.2-26.5<\/td><td>3-5<\/td><td>700-800<\/td><td>45<\/td><td>58<\/td><\/tr><tr><td>\u03a62,6 \u00d7 24<\/td><td>127.4<\/td><td>27.2-34.0<\/td><td>3-5<\/td><td>700-800<\/td><td>55<\/td><td>73<\/td><\/tr><tr><td>\u03a63,0 \u00d7 20<\/td><td>141.3<\/td><td>30.1-37.7<\/td><td>3-5<\/td><td>700-800<\/td><td>75<\/td><td>85<\/td><\/tr><tr><td>\u03a63,0 \u00d7 25<\/td><td>176.6<\/td><td>37.7-47.1<\/td><td>3-5<\/td><td>700-800<\/td><td>75<\/td><td>95<\/td><\/tr><tr><td>\u03a63,2 \u00d7 25<\/td><td>201<\/td><td>42.9-53.6<\/td><td>3-5<\/td><td>700-800<\/td><td>90<\/td><td>110<\/td><\/tr><tr><td>\u03a63,6 \u00d7 28<\/td><td>285<\/td><td>60.8-76.0<\/td><td>3-5<\/td><td>700-800<\/td><td>160<\/td><td>135<\/td><\/tr><\/tbody><\/table><\/figure>\n\n\n<div class=\"gb-container gb-container-263d9700\">\n\n<a class=\"gb-button gb-button-a4cbb7be gb-button-text\" href=\"#popmake-622\">Obtenez un devis gratuit maintenant<\/a>\n\n<\/div>\n<\/div>\n<\/div>","protected":false},"excerpt":{"rendered":"<p>Quartz sand dryer Advantages of quartz sand &nbsp;dryer The main components of the cement dryer are the cylinder, the motor, the control system, the protection circuit and the auxiliary devices. The details are as follows: 1. Ultra-high efficiency: The rotary cylinder is equipped with a copying device, which plays the role of continuously copying and &#8230; <\/p>\n<p class=\"read-more-container\"><a title=\"5-1. S\u00e9cheur \u00e0 sable de quartz\" class=\"read-more button\" href=\"https:\/\/hengxingmachinery.com\/fr\/quartz-sand-dryer\/#more-1658\" aria-label=\"En savoir plus sur 5-1. Quartz sand dryer\">Lire plus<\/a><\/p>","protected":false},"author":1,"featured_media":0,"parent":0,"menu_order":0,"comment_status":"closed","ping_status":"closed","template":"","meta":{"footnotes":""},"class_list":["post-1658","page","type-page","status-publish"],"yoast_head":"<!-- This site is optimized with the Yoast SEO plugin v27.4 - https:\/\/yoast.com\/product\/yoast-seo-wordpress\/ -->\n<title>5-1. Quartz sand dryer - Hengxing Machinery<\/title>\n<meta name=\"robots\" content=\"index, follow, max-snippet:-1, max-image-preview:large, max-video-preview:-1\" \/>\n<link rel=\"canonical\" href=\"https:\/\/hengxingmachinery.com\/fr\/quartz-sand-dryer\/\" \/>\n<meta property=\"og:locale\" content=\"fr_FR\" \/>\n<meta property=\"og:type\" content=\"article\" \/>\n<meta property=\"og:title\" content=\"5-1. Quartz sand dryer - Hengxing Machinery\" \/>\n<meta property=\"og:description\" content=\"Quartz sand dryer Advantages of quartz sand &nbsp;dryer The main components of the cement dryer are the cylinder, the motor, the control system, the protection circuit and the auxiliary devices. The details are as follows: 1. Ultra-high efficiency: The rotary cylinder is equipped with a copying device, which plays the role of continuously copying and ... Lire plus\" \/>\n<meta property=\"og:url\" content=\"https:\/\/hengxingmachinery.com\/fr\/quartz-sand-dryer\/\" \/>\n<meta property=\"og:site_name\" content=\"Hengxing Machinery\" \/>\n<meta property=\"article:modified_time\" content=\"2025-03-13T03:29:40+00:00\" \/>\n<meta property=\"og:image\" content=\"https:\/\/hengxingmachinery.com\/wp-content\/uploads\/2025\/01\/Quartz-sand-drying-machine-.jpg\" \/>\n<meta name=\"twitter:card\" content=\"summary_large_image\" \/>\n<meta name=\"twitter:label1\" content=\"Dur\u00e9e de lecture estim\u00e9e\" \/>\n\t<meta name=\"twitter:data1\" content=\"4 minutes\" \/>\n<script type=\"application\/ld+json\" class=\"yoast-schema-graph\">{\"@context\":\"https:\\\/\\\/schema.org\",\"@graph\":[{\"@type\":\"WebPage\",\"@id\":\"https:\\\/\\\/hengxingmachinery.com\\\/quartz-sand-dryer\\\/\",\"url\":\"https:\\\/\\\/hengxingmachinery.com\\\/quartz-sand-dryer\\\/\",\"name\":\"5-1. Quartz sand dryer - Hengxing Machinery\",\"isPartOf\":{\"@id\":\"https:\\\/\\\/hengxingmachinery.com\\\/#website\"},\"primaryImageOfPage\":{\"@id\":\"https:\\\/\\\/hengxingmachinery.com\\\/quartz-sand-dryer\\\/#primaryimage\"},\"image\":{\"@id\":\"https:\\\/\\\/hengxingmachinery.com\\\/quartz-sand-dryer\\\/#primaryimage\"},\"thumbnailUrl\":\"https:\\\/\\\/hengxingmachinery.com\\\/wp-content\\\/uploads\\\/2025\\\/01\\\/Quartz-sand-drying-machine-.jpg\",\"datePublished\":\"2025-01-15T06:28:08+00:00\",\"dateModified\":\"2025-03-13T03:29:40+00:00\",\"breadcrumb\":{\"@id\":\"https:\\\/\\\/hengxingmachinery.com\\\/quartz-sand-dryer\\\/#breadcrumb\"},\"inLanguage\":\"fr-FR\",\"potentialAction\":[{\"@type\":\"ReadAction\",\"target\":[\"https:\\\/\\\/hengxingmachinery.com\\\/quartz-sand-dryer\\\/\"]}]},{\"@type\":\"ImageObject\",\"inLanguage\":\"fr-FR\",\"@id\":\"https:\\\/\\\/hengxingmachinery.com\\\/quartz-sand-dryer\\\/#primaryimage\",\"url\":\"https:\\\/\\\/hengxingmachinery.com\\\/wp-content\\\/uploads\\\/2025\\\/01\\\/Quartz-sand-drying-machine-.jpg\",\"contentUrl\":\"https:\\\/\\\/hengxingmachinery.com\\\/wp-content\\\/uploads\\\/2025\\\/01\\\/Quartz-sand-drying-machine-.jpg\"},{\"@type\":\"BreadcrumbList\",\"@id\":\"https:\\\/\\\/hengxingmachinery.com\\\/quartz-sand-dryer\\\/#breadcrumb\",\"itemListElement\":[{\"@type\":\"ListItem\",\"position\":1,\"name\":\"Home\",\"item\":\"https:\\\/\\\/hengxingmachinery.com\\\/\"},{\"@type\":\"ListItem\",\"position\":2,\"name\":\"5-1. Quartz sand dryer\"}]},{\"@type\":\"WebSite\",\"@id\":\"https:\\\/\\\/hengxingmachinery.com\\\/#website\",\"url\":\"https:\\\/\\\/hengxingmachinery.com\\\/\",\"name\":\"Hengxing Machinery\",\"description\":\"Leading Manufacturer of All Sorts of Mining Machinery\",\"publisher\":{\"@id\":\"https:\\\/\\\/hengxingmachinery.com\\\/#organization\"},\"potentialAction\":[{\"@type\":\"SearchAction\",\"target\":{\"@type\":\"EntryPoint\",\"urlTemplate\":\"https:\\\/\\\/hengxingmachinery.com\\\/?s={search_term_string}\"},\"query-input\":{\"@type\":\"PropertyValueSpecification\",\"valueRequired\":true,\"valueName\":\"search_term_string\"}}],\"inLanguage\":\"fr-FR\"},{\"@type\":\"Organization\",\"@id\":\"https:\\\/\\\/hengxingmachinery.com\\\/#organization\",\"name\":\"Hengxing Machinery\",\"url\":\"https:\\\/\\\/hengxingmachinery.com\\\/\",\"logo\":{\"@type\":\"ImageObject\",\"inLanguage\":\"fr-FR\",\"@id\":\"https:\\\/\\\/hengxingmachinery.com\\\/#\\\/schema\\\/logo\\\/image\\\/\",\"url\":\"https:\\\/\\\/hengxingmachinery.com\\\/wp-content\\\/uploads\\\/2024\\\/12\\\/logo.png\",\"contentUrl\":\"https:\\\/\\\/hengxingmachinery.com\\\/wp-content\\\/uploads\\\/2024\\\/12\\\/logo.png\",\"width\":400,\"height\":260,\"caption\":\"Hengxing Machinery\"},\"image\":{\"@id\":\"https:\\\/\\\/hengxingmachinery.com\\\/#\\\/schema\\\/logo\\\/image\\\/\"}}]}<\/script>\n<!-- \/ Yoast SEO plugin. -->","yoast_head_json":{"title":"5-1. S\u00e9cheur \u00e0 sable de quartz - Hengxing Machinery","robots":{"index":"index","follow":"follow","max-snippet":"max-snippet:-1","max-image-preview":"max-image-preview:large","max-video-preview":"max-video-preview:-1"},"canonical":"https:\/\/hengxingmachinery.com\/fr\/quartz-sand-dryer\/","og_locale":"fr_FR","og_type":"article","og_title":"5-1. Quartz sand dryer - Hengxing Machinery","og_description":"Quartz sand dryer Advantages of quartz sand &nbsp;dryer The main components of the cement dryer are the cylinder, the motor, the control system, the protection circuit and the auxiliary devices. The details are as follows: 1. Ultra-high efficiency: The rotary cylinder is equipped with a copying device, which plays the role of continuously copying and ... Lire plus","og_url":"https:\/\/hengxingmachinery.com\/fr\/quartz-sand-dryer\/","og_site_name":"Hengxing Machinery","article_modified_time":"2025-03-13T03:29:40+00:00","og_image":[{"url":"https:\/\/hengxingmachinery.com\/wp-content\/uploads\/2025\/01\/Quartz-sand-drying-machine-.jpg","type":"","width":"","height":""}],"twitter_card":"summary_large_image","twitter_misc":{"Dur\u00e9e de lecture estim\u00e9e":"4 minutes"},"schema":{"@context":"https:\/\/schema.org","@graph":[{"@type":"WebPage","@id":"https:\/\/hengxingmachinery.com\/quartz-sand-dryer\/","url":"https:\/\/hengxingmachinery.com\/quartz-sand-dryer\/","name":"5-1. S\u00e9cheur \u00e0 sable de quartz - Hengxing Machinery","isPartOf":{"@id":"https:\/\/hengxingmachinery.com\/#website"},"primaryImageOfPage":{"@id":"https:\/\/hengxingmachinery.com\/quartz-sand-dryer\/#primaryimage"},"image":{"@id":"https:\/\/hengxingmachinery.com\/quartz-sand-dryer\/#primaryimage"},"thumbnailUrl":"https:\/\/hengxingmachinery.com\/wp-content\/uploads\/2025\/01\/Quartz-sand-drying-machine-.jpg","datePublished":"2025-01-15T06:28:08+00:00","dateModified":"2025-03-13T03:29:40+00:00","breadcrumb":{"@id":"https:\/\/hengxingmachinery.com\/quartz-sand-dryer\/#breadcrumb"},"inLanguage":"fr-FR","potentialAction":[{"@type":"ReadAction","target":["https:\/\/hengxingmachinery.com\/quartz-sand-dryer\/"]}]},{"@type":"ImageObject","inLanguage":"fr-FR","@id":"https:\/\/hengxingmachinery.com\/quartz-sand-dryer\/#primaryimage","url":"https:\/\/hengxingmachinery.com\/wp-content\/uploads\/2025\/01\/Quartz-sand-drying-machine-.jpg","contentUrl":"https:\/\/hengxingmachinery.com\/wp-content\/uploads\/2025\/01\/Quartz-sand-drying-machine-.jpg"},{"@type":"BreadcrumbList","@id":"https:\/\/hengxingmachinery.com\/quartz-sand-dryer\/#breadcrumb","itemListElement":[{"@type":"ListItem","position":1,"name":"Home","item":"https:\/\/hengxingmachinery.com\/"},{"@type":"ListItem","position":2,"name":"5-1. Quartz sand dryer"}]},{"@type":"WebSite","@id":"https:\/\/hengxingmachinery.com\/#website","url":"https:\/\/hengxingmachinery.com\/","name":"Machines Hengxing","description":"Fabricant leader de toutes sortes de machines mini\u00e8res","publisher":{"@id":"https:\/\/hengxingmachinery.com\/#organization"},"potentialAction":[{"@type":"SearchAction","target":{"@type":"EntryPoint","urlTemplate":"https:\/\/hengxingmachinery.com\/?s={search_term_string}"},"query-input":{"@type":"PropertyValueSpecification","valueRequired":true,"valueName":"search_term_string"}}],"inLanguage":"fr-FR"},{"@type":"Organization","@id":"https:\/\/hengxingmachinery.com\/#organization","name":"Machines Hengxing","url":"https:\/\/hengxingmachinery.com\/","logo":{"@type":"ImageObject","inLanguage":"fr-FR","@id":"https:\/\/hengxingmachinery.com\/#\/schema\/logo\/image\/","url":"https:\/\/hengxingmachinery.com\/wp-content\/uploads\/2024\/12\/logo.png","contentUrl":"https:\/\/hengxingmachinery.com\/wp-content\/uploads\/2024\/12\/logo.png","width":400,"height":260,"caption":"Hengxing Machinery"},"image":{"@id":"https:\/\/hengxingmachinery.com\/#\/schema\/logo\/image\/"}}]}},"_links":{"self":[{"href":"https:\/\/hengxingmachinery.com\/fr\/wp-json\/wp\/v2\/pages\/1658","targetHints":{"allow":["GET"]}}],"collection":[{"href":"https:\/\/hengxingmachinery.com\/fr\/wp-json\/wp\/v2\/pages"}],"about":[{"href":"https:\/\/hengxingmachinery.com\/fr\/wp-json\/wp\/v2\/types\/page"}],"author":[{"embeddable":true,"href":"https:\/\/hengxingmachinery.com\/fr\/wp-json\/wp\/v2\/users\/1"}],"replies":[{"embeddable":true,"href":"https:\/\/hengxingmachinery.com\/fr\/wp-json\/wp\/v2\/comments?post=1658"}],"version-history":[{"count":6,"href":"https:\/\/hengxingmachinery.com\/fr\/wp-json\/wp\/v2\/pages\/1658\/revisions"}],"predecessor-version":[{"id":2107,"href":"https:\/\/hengxingmachinery.com\/fr\/wp-json\/wp\/v2\/pages\/1658\/revisions\/2107"}],"wp:attachment":[{"href":"https:\/\/hengxingmachinery.com\/fr\/wp-json\/wp\/v2\/media?parent=1658"}],"curies":[{"name":"wp","href":"https:\/\/api.w.org\/{rel}","templated":true}]}}