{"id":1717,"date":"2025-01-20T09:03:19","date_gmt":"2025-01-20T09:03:19","guid":{"rendered":"https:\/\/hengxingmachinery.com\/?page_id=1717"},"modified":"2025-01-24T06:06:02","modified_gmt":"2025-01-24T06:06:02","slug":"bentonite-dryer","status":"publish","type":"page","link":"https:\/\/hengxingmachinery.com\/fr\/bentonite-dryer\/","title":{"rendered":"5-1. S\u00e9cheur \u00e0 bentonite"},"content":{"rendered":"<div class=\"gb-container gb-container-45165f5a\">\n<div class=\"gb-container gb-container-c2652eb4\">\n\n<h1 class=\"gb-headline gb-headline-62a8b2cc gb-headline-text\">S\u00e9choir \u00e0 bentonite<\/h1>\n\n<\/div>\n<\/div>\n\n<div class=\"gb-container gb-container-519cf624\">\n<div class=\"gb-container gb-container-71ca071e\">\n<div class=\"gb-grid-wrapper gb-grid-wrapper-8a5f0688\">\n<div class=\"gb-grid-column gb-grid-column-1e99b1c2\"><div class=\"gb-container gb-container-1e99b1c2\">\n\n<figure class=\"gb-block-image gb-block-image-e4eaba54\"><img decoding=\"async\" width=\"665\" height=\"545\" class=\"gb-image gb-image-e4eaba54\" src=\"https:\/\/hengxingmachinery.com\/wp-content\/uploads\/2025\/01\/Bentonite-dryer-equipment.jpg\" alt=\"\" title=\"\u00c9quipement de s\u00e9cheur \u00e0 bentonite\" srcset=\"https:\/\/hengxingmachinery.com\/wp-content\/uploads\/2025\/01\/Bentonite-dryer-equipment.jpg 665w, https:\/\/hengxingmachinery.com\/wp-content\/uploads\/2025\/01\/Bentonite-dryer-equipment-300x246.jpg 300w, https:\/\/hengxingmachinery.com\/wp-content\/uploads\/2025\/01\/Bentonite-dryer-equipment-15x12.jpg 15w\" sizes=\"(max-width: 665px) 100vw, 665px\" \/><\/figure>\n\n<\/div><\/div>\n\n<div class=\"gb-grid-column gb-grid-column-bcae065b\"><div class=\"gb-container gb-container-bcae065b\">\n\n<p>Le s\u00e9cheur \u00e0 bentonite est un processus de s\u00e9chage \u00e0 haute temp\u00e9rature, s\u00e9chant la bentonite avec une faible teneur en humidit\u00e9, un s\u00e9chage uniforme et une humidit\u00e9 homog\u00e8ne, une capacit\u00e9 de production stable, une durabilit\u00e9 et une adaptabilit\u00e9. <\/p>\n\n\n\n<p>Le s\u00e9cheur \u00e0 bentonite peut utiliser du charbon, du p\u00e9trole, du gaz et d'autres combustibles pour le chauffage. Sur la base des exigences d'\u00e9valuation environnementale du projet du client, la conception technique peut \u00eatre adapt\u00e9e avec flexibilit\u00e9 pour r\u00e9pondre aux besoins de l'\u00e9valuation environnementale et de la production continue.<\/p>\n\n\n<div class=\"gb-grid-wrapper gb-grid-wrapper-eebec76e\">\n<div class=\"gb-grid-column gb-grid-column-e3ada2f0\"><div class=\"gb-container gb-container-e3ada2f0\">\n\n<p class=\"gb-headline gb-headline-4c79a90a gb-headline-text\"><mark style=\"background-color:rgba(0, 0, 0, 0)\" class=\"has-inline-color has-global-color-8-color\"><strong>Capacit\u00e9:<\/strong><\/mark> 0,8 \u00e0 34 t\/h<\/p>\n\n<\/div><\/div>\n\n<div class=\"gb-grid-column gb-grid-column-0bb00826\"><div class=\"gb-container gb-container-0bb00826\">\n\n<p class=\"gb-headline gb-headline-86d53f56 gb-headline-text\"><mark style=\"background-color:rgba(0, 0, 0, 0)\" class=\"has-inline-color has-global-color-8-color\"><strong>Puissance (kW) :<\/strong><\/mark> 4-55<\/p>\n\n<\/div><\/div>\n<\/div>\n\n\n<p class=\"gb-headline gb-headline-2750f5a7 gb-headline-text\"><strong>Application :<\/strong><\/p>\n\n\n\n<p class=\"gb-headline gb-headline-28231626 gb-headline-text\">S\u00e9chage rapide de divers d\u00e9chets min\u00e9raux tels que la bentonite, le kaolin, l'argile aluminium-fer, la diatomite, etc.<\/p>\n\n\n<div class=\"gb-container gb-container-256e15f1\">\n\n<a class=\"gb-button gb-button-e8b73d89 gb-button-text\" href=\"#popmake-622\">Obtenez un devis gratuit maintenant<\/a>\n\n<\/div>\n<\/div><\/div>\n<\/div>\n<\/div>\n<\/div>\n\n<div class=\"gb-container gb-container-ebd718b6\">\n<div class=\"gb-container gb-container-5c75b960\">\n\n<h2 class=\"gb-headline gb-headline-98859344 gb-headline-text\">Principe de fonctionnement du s\u00e9cheur \u00e0 bentonite<\/h2>\n\n\n\n<figure class=\"gb-block-image gb-block-image-c486b36e\"><img decoding=\"async\" width=\"2327\" height=\"922\" class=\"gb-image gb-image-c486b36e\" src=\"https:\/\/hengxingmachinery.com\/wp-content\/uploads\/2025\/01\/Bentonite-drying-machine.jpg\" alt=\"\" title=\"Machine de s\u00e9chage de bentonite\" srcset=\"https:\/\/hengxingmachinery.com\/wp-content\/uploads\/2025\/01\/Bentonite-drying-machine.jpg 2327w, https:\/\/hengxingmachinery.com\/wp-content\/uploads\/2025\/01\/Bentonite-drying-machine-300x119.jpg 300w, https:\/\/hengxingmachinery.com\/wp-content\/uploads\/2025\/01\/Bentonite-drying-machine-1024x406.jpg 1024w, https:\/\/hengxingmachinery.com\/wp-content\/uploads\/2025\/01\/Bentonite-drying-machine-768x304.jpg 768w, https:\/\/hengxingmachinery.com\/wp-content\/uploads\/2025\/01\/Bentonite-drying-machine-1536x609.jpg 1536w, https:\/\/hengxingmachinery.com\/wp-content\/uploads\/2025\/01\/Bentonite-drying-machine-2048x811.jpg 2048w, https:\/\/hengxingmachinery.com\/wp-content\/uploads\/2025\/01\/Bentonite-drying-machine-18x7.jpg 18w\" sizes=\"(max-width: 2327px) 100vw, 2327px\" \/><\/figure>\n\n\n\n<p>Le syst\u00e8me de s\u00e9chage de la bentonite est principalement compos\u00e9 d'un four \u00e0 air chaud, d'un convoyeur d'alimentation, d'un tambour rotatif, d'un convoyeur de d\u00e9chargement, d'un ventilateur d'extraction, d'un d\u00e9poussi\u00e9reur cyclone, d'un d\u00e9poussi\u00e9reur \u00e0 manches (ou d'un d\u00e9poussi\u00e9reur humide) et d'un syst\u00e8me de contr\u00f4le op\u00e9rationnel. <\/p>\n\n\n\n<p>L'\u00e9quipement adopte un processus de s\u00e9chage \u00e0 co-courant, et son principe de fonctionnement est le suivant : Apr\u00e8s que la bentonite entre dans le tambour de s\u00e9chage, elle est divis\u00e9e en zones de travail suivantes : la premi\u00e8re est la zone de guidage, o\u00f9 la bentonite entre dans cette zone et \u00e9vapore rapidement l'eau au contact de l'air chaud \u00e0 haute temp\u00e9rature, et la bentonite est d\u00e9plac\u00e9e par les plaques de guidage \u00e0 grand angle vers la zone de travail suivante ; la deuxi\u00e8me est la zone de levage par plaques, o\u00f9 la bentonite est soulev\u00e9e par les plaques pour former un rideau de mati\u00e8re. <\/p>\n\n\n\n<p>\u00c0 ce moment, la bentonite est en contact complet avec l'air chaud, et l'eau contenue dans la bentonite s'\u00e9vapore rapidement et se transforme en vapeur d'eau, qui est ensuite \u00e9vacu\u00e9e par le ventilateur d'extraction, afin d'atteindre l'objectif de s\u00e9chage de la bentonite ; la bentonite est s\u00e9ch\u00e9e dans cette zone jusqu'\u00e0 un \u00e9tat meuble avec une humidit\u00e9 inf\u00e9rieure \u00e0 5 % (ou moins), et apr\u00e8s l'\u00e9change thermique, la bentonite atteint l'\u00e9tat d'humidit\u00e9 requis et entre dans la zone de d\u00e9chargement \u00e0 l'arri\u00e8re ; la troisi\u00e8me est la zone de d\u00e9chargement, le tambour n'est pas \u00e9quip\u00e9 de plaques de levage dans cette zone, et la bentonite roule vers l'orifice de d\u00e9chargement dans cette zone pour terminer l'ensemble du processus de s\u00e9chage.<\/p>\n\n\n<div class=\"gb-container gb-container-d6bbf16a\">\n\n<a class=\"gb-button gb-button-caa3f2bc gb-button-text\" href=\"#popmake-622\">Obtenez un devis gratuit maintenant<\/a>\n\n<\/div>\n<\/div>\n<\/div>\n\n<div class=\"gb-container gb-container-435ad261\">\n<div class=\"gb-container gb-container-7dc79cc4\">\n\n<h2 class=\"gb-headline gb-headline-6fe5dee2 gb-headline-text\">Sp\u00e9cifications du s\u00e9cheur \u00e0 bentonite<\/h2>\n\n\n\n<figure class=\"wp-block-table is-style-stripes\"><table class=\"has-fixed-layout\"><tbody><tr><td><strong>Mod\u00e8le (mm)<\/strong><\/td><td><strong>Vitesse (tr\/min)<\/strong><\/td><td><strong>Inclinaison (%)<\/strong><\/td><td><strong>Temp\u00e9rature de l'air d'entr\u00e9e<\/strong><br><strong>(\u00b0C)<\/strong><\/td><td><strong>Puissance (kW)<\/strong><\/td><td><strong>Capacit\u00e9 (t\/h)<\/strong><\/td><td><strong>Poids (t)<\/strong><\/td><\/tr><tr><td>\u03a6800\u00d78000<\/td><td>3-8<\/td><td>3-5<\/td><td>\u2264700<\/td><td>4<\/td><td>0.8-2<\/td><td>3.5<\/td><\/tr><tr><td>\u03a61000\u00d710000<\/td><td>3-8<\/td><td>3-5<\/td><td>\u2264700<\/td><td>5.5<\/td><td>1-3<\/td><td>5.6<\/td><\/tr><tr><td>\u03a61200\u00d710000<\/td><td>3-8<\/td><td>3-5<\/td><td>\u2264700<\/td><td>7.5<\/td><td>2-3.5<\/td><td>13.5<\/td><\/tr><tr><td>\u03a61200\u00d712000<\/td><td>3-8<\/td><td>3-5<\/td><td>\u2264700<\/td><td>11<\/td><td>2.5-4<\/td><td>14.2<\/td><\/tr><tr><td>\u03a61500\u00d712000<\/td><td>2-6<\/td><td>3-5<\/td><td>\u2264800<\/td><td>11<\/td><td>4-6<\/td><td>18.5<\/td><\/tr><tr><td>\u03a61500\u00d715000<\/td><td>2-6<\/td><td>3-5<\/td><td>\u2264800<\/td><td>18.5<\/td><td>5-8<\/td><td>21<\/td><\/tr><tr><td>\u03a61800\u00d718000<\/td><td>2-6<\/td><td>3-5<\/td><td>\u2264800<\/td><td>18.5<\/td><td>6-12<\/td><td>31<\/td><\/tr><tr><td>\u03a62000\u00d718000<\/td><td>1.5-6<\/td><td>3-5<\/td><td>\u2264800<\/td><td>22<\/td><td>8-15<\/td><td>35<\/td><\/tr><tr><td>\u03a62200\u00d712000<\/td><td>1.5-6<\/td><td>3-5<\/td><td>\u2264800<\/td><td>22<\/td><td>13-15<\/td><td>31.6<\/td><\/tr><tr><td>\u03a62200\u00d714000<\/td><td>1.5-6<\/td><td>3-5<\/td><td>\u2264800<\/td><td>22<\/td><td>14-16<\/td><td>33.5<\/td><\/tr><tr><td>\u03a62200\u00d716000<\/td><td>1.5-6<\/td><td>3-5<\/td><td>\u2264800<\/td><td>30<\/td><td>14-18<\/td><td>36<\/td><\/tr><tr><td>\u03a62400\u00d718000<\/td><td>1.5-6<\/td><td>3-5<\/td><td>\u2264800<\/td><td>45<\/td><td>16-22<\/td><td>42.8<\/td><\/tr><tr><td>\u03a62400\u00d720000<\/td><td>1.5-6<\/td><td>3-5<\/td><td>\u2264800<\/td><td>45<\/td><td>18-25<\/td><td>52<\/td><\/tr><tr><td>\u03a63000\u00d720000<\/td><td>1.5-6<\/td><td>3-5<\/td><td>\u2264800<\/td><td>55<\/td><td>25-30<\/td><td>77.8<\/td><\/tr><tr><td>\u03a63000\u00d725000<\/td><td>1.5-6<\/td><td>3-5<\/td><td>\u2264800<\/td><td>55<\/td><td>28-34<\/td><td>87.5<\/td><\/tr><\/tbody><\/table><\/figure>\n\n\n<div class=\"gb-container gb-container-263d9700\">\n\n<a class=\"gb-button gb-button-a4cbb7be gb-button-text\" href=\"#popmake-622\">Obtenez un devis gratuit maintenant<\/a>\n\n<\/div>\n<\/div>\n<\/div>\n\n\n<p><\/p>","protected":false},"excerpt":{"rendered":"<p>Bentonite dryer Bentonite dryer working principle The bentonite drying system is mainly composed of a hot air stove, feeding conveyor, rotary drum, discharge conveyor, induced draft fan, cyclone dust collector, bag dust collector (or wet dust collector) and operation control system. The equipment adopts a downstream drying process, and its working principle is as follows: &#8230; <\/p>\n<p class=\"read-more-container\"><a title=\"5-1. S\u00e9cheur \u00e0 bentonite\" class=\"read-more button\" href=\"https:\/\/hengxingmachinery.com\/fr\/bentonite-dryer\/#more-1717\" aria-label=\"En savoir plus sur 5-1. Bentonite dryer\">Lire plus<\/a><\/p>","protected":false},"author":1,"featured_media":0,"parent":0,"menu_order":0,"comment_status":"closed","ping_status":"closed","template":"","meta":{"footnotes":""},"class_list":["post-1717","page","type-page","status-publish"],"yoast_head":"<!-- This site is optimized with the Yoast SEO plugin v27.4 - https:\/\/yoast.com\/product\/yoast-seo-wordpress\/ -->\n<title>5-1. Bentonite dryer - Hengxing Machinery<\/title>\n<meta name=\"robots\" content=\"index, follow, max-snippet:-1, max-image-preview:large, max-video-preview:-1\" \/>\n<link rel=\"canonical\" href=\"https:\/\/hengxingmachinery.com\/fr\/bentonite-dryer\/\" \/>\n<meta property=\"og:locale\" content=\"fr_FR\" \/>\n<meta property=\"og:type\" content=\"article\" \/>\n<meta property=\"og:title\" content=\"5-1. Bentonite dryer - Hengxing Machinery\" \/>\n<meta property=\"og:description\" content=\"Bentonite dryer Bentonite dryer working principle The bentonite drying system is mainly composed of a hot air stove, feeding conveyor, rotary drum, discharge conveyor, induced draft fan, cyclone dust collector, bag dust collector (or wet dust collector) and operation control system. The equipment adopts a downstream drying process, and its working principle is as follows: ... Lire plus\" \/>\n<meta property=\"og:url\" content=\"https:\/\/hengxingmachinery.com\/fr\/bentonite-dryer\/\" \/>\n<meta property=\"og:site_name\" content=\"Hengxing Machinery\" \/>\n<meta property=\"article:modified_time\" content=\"2025-01-24T06:06:02+00:00\" \/>\n<meta property=\"og:image\" content=\"https:\/\/hengxingmachinery.com\/wp-content\/uploads\/2025\/01\/Bentonite-dryer-equipment.jpg\" \/>\n<meta name=\"twitter:card\" content=\"summary_large_image\" \/>\n<meta name=\"twitter:label1\" content=\"Dur\u00e9e de lecture estim\u00e9e\" \/>\n\t<meta name=\"twitter:data1\" content=\"3 minutes\" \/>\n<script type=\"application\/ld+json\" class=\"yoast-schema-graph\">{\"@context\":\"https:\\\/\\\/schema.org\",\"@graph\":[{\"@type\":\"WebPage\",\"@id\":\"https:\\\/\\\/hengxingmachinery.com\\\/bentonite-dryer\\\/\",\"url\":\"https:\\\/\\\/hengxingmachinery.com\\\/bentonite-dryer\\\/\",\"name\":\"5-1. Bentonite dryer - Hengxing Machinery\",\"isPartOf\":{\"@id\":\"https:\\\/\\\/hengxingmachinery.com\\\/#website\"},\"primaryImageOfPage\":{\"@id\":\"https:\\\/\\\/hengxingmachinery.com\\\/bentonite-dryer\\\/#primaryimage\"},\"image\":{\"@id\":\"https:\\\/\\\/hengxingmachinery.com\\\/bentonite-dryer\\\/#primaryimage\"},\"thumbnailUrl\":\"https:\\\/\\\/hengxingmachinery.com\\\/wp-content\\\/uploads\\\/2025\\\/01\\\/Bentonite-dryer-equipment.jpg\",\"datePublished\":\"2025-01-20T09:03:19+00:00\",\"dateModified\":\"2025-01-24T06:06:02+00:00\",\"breadcrumb\":{\"@id\":\"https:\\\/\\\/hengxingmachinery.com\\\/bentonite-dryer\\\/#breadcrumb\"},\"inLanguage\":\"fr-FR\",\"potentialAction\":[{\"@type\":\"ReadAction\",\"target\":[\"https:\\\/\\\/hengxingmachinery.com\\\/bentonite-dryer\\\/\"]}]},{\"@type\":\"ImageObject\",\"inLanguage\":\"fr-FR\",\"@id\":\"https:\\\/\\\/hengxingmachinery.com\\\/bentonite-dryer\\\/#primaryimage\",\"url\":\"https:\\\/\\\/hengxingmachinery.com\\\/wp-content\\\/uploads\\\/2025\\\/01\\\/Bentonite-dryer-equipment.jpg\",\"contentUrl\":\"https:\\\/\\\/hengxingmachinery.com\\\/wp-content\\\/uploads\\\/2025\\\/01\\\/Bentonite-dryer-equipment.jpg\"},{\"@type\":\"BreadcrumbList\",\"@id\":\"https:\\\/\\\/hengxingmachinery.com\\\/bentonite-dryer\\\/#breadcrumb\",\"itemListElement\":[{\"@type\":\"ListItem\",\"position\":1,\"name\":\"Home\",\"item\":\"https:\\\/\\\/hengxingmachinery.com\\\/\"},{\"@type\":\"ListItem\",\"position\":2,\"name\":\"5-1. Bentonite dryer\"}]},{\"@type\":\"WebSite\",\"@id\":\"https:\\\/\\\/hengxingmachinery.com\\\/#website\",\"url\":\"https:\\\/\\\/hengxingmachinery.com\\\/\",\"name\":\"Hengxing Machinery\",\"description\":\"Leading Manufacturer of All Sorts of Mining Machinery\",\"publisher\":{\"@id\":\"https:\\\/\\\/hengxingmachinery.com\\\/#organization\"},\"potentialAction\":[{\"@type\":\"SearchAction\",\"target\":{\"@type\":\"EntryPoint\",\"urlTemplate\":\"https:\\\/\\\/hengxingmachinery.com\\\/?s={search_term_string}\"},\"query-input\":{\"@type\":\"PropertyValueSpecification\",\"valueRequired\":true,\"valueName\":\"search_term_string\"}}],\"inLanguage\":\"fr-FR\"},{\"@type\":\"Organization\",\"@id\":\"https:\\\/\\\/hengxingmachinery.com\\\/#organization\",\"name\":\"Hengxing Machinery\",\"url\":\"https:\\\/\\\/hengxingmachinery.com\\\/\",\"logo\":{\"@type\":\"ImageObject\",\"inLanguage\":\"fr-FR\",\"@id\":\"https:\\\/\\\/hengxingmachinery.com\\\/#\\\/schema\\\/logo\\\/image\\\/\",\"url\":\"https:\\\/\\\/hengxingmachinery.com\\\/wp-content\\\/uploads\\\/2024\\\/12\\\/logo.png\",\"contentUrl\":\"https:\\\/\\\/hengxingmachinery.com\\\/wp-content\\\/uploads\\\/2024\\\/12\\\/logo.png\",\"width\":400,\"height\":260,\"caption\":\"Hengxing Machinery\"},\"image\":{\"@id\":\"https:\\\/\\\/hengxingmachinery.com\\\/#\\\/schema\\\/logo\\\/image\\\/\"}}]}<\/script>\n<!-- \/ Yoast SEO plugin. -->","yoast_head_json":{"title":"5-1. S\u00e9cheur \u00e0 bentonite - Hengxing Machinery","robots":{"index":"index","follow":"follow","max-snippet":"max-snippet:-1","max-image-preview":"max-image-preview:large","max-video-preview":"max-video-preview:-1"},"canonical":"https:\/\/hengxingmachinery.com\/fr\/bentonite-dryer\/","og_locale":"fr_FR","og_type":"article","og_title":"5-1. Bentonite dryer - Hengxing Machinery","og_description":"Bentonite dryer Bentonite dryer working principle The bentonite drying system is mainly composed of a hot air stove, feeding conveyor, rotary drum, discharge conveyor, induced draft fan, cyclone dust collector, bag dust collector (or wet dust collector) and operation control system. The equipment adopts a downstream drying process, and its working principle is as follows: ... Lire plus","og_url":"https:\/\/hengxingmachinery.com\/fr\/bentonite-dryer\/","og_site_name":"Hengxing Machinery","article_modified_time":"2025-01-24T06:06:02+00:00","og_image":[{"url":"https:\/\/hengxingmachinery.com\/wp-content\/uploads\/2025\/01\/Bentonite-dryer-equipment.jpg","type":"","width":"","height":""}],"twitter_card":"summary_large_image","twitter_misc":{"Dur\u00e9e de lecture estim\u00e9e":"3 minutes"},"schema":{"@context":"https:\/\/schema.org","@graph":[{"@type":"WebPage","@id":"https:\/\/hengxingmachinery.com\/bentonite-dryer\/","url":"https:\/\/hengxingmachinery.com\/bentonite-dryer\/","name":"5-1. S\u00e9cheur \u00e0 bentonite - Hengxing Machinery","isPartOf":{"@id":"https:\/\/hengxingmachinery.com\/#website"},"primaryImageOfPage":{"@id":"https:\/\/hengxingmachinery.com\/bentonite-dryer\/#primaryimage"},"image":{"@id":"https:\/\/hengxingmachinery.com\/bentonite-dryer\/#primaryimage"},"thumbnailUrl":"https:\/\/hengxingmachinery.com\/wp-content\/uploads\/2025\/01\/Bentonite-dryer-equipment.jpg","datePublished":"2025-01-20T09:03:19+00:00","dateModified":"2025-01-24T06:06:02+00:00","breadcrumb":{"@id":"https:\/\/hengxingmachinery.com\/bentonite-dryer\/#breadcrumb"},"inLanguage":"fr-FR","potentialAction":[{"@type":"ReadAction","target":["https:\/\/hengxingmachinery.com\/bentonite-dryer\/"]}]},{"@type":"ImageObject","inLanguage":"fr-FR","@id":"https:\/\/hengxingmachinery.com\/bentonite-dryer\/#primaryimage","url":"https:\/\/hengxingmachinery.com\/wp-content\/uploads\/2025\/01\/Bentonite-dryer-equipment.jpg","contentUrl":"https:\/\/hengxingmachinery.com\/wp-content\/uploads\/2025\/01\/Bentonite-dryer-equipment.jpg"},{"@type":"BreadcrumbList","@id":"https:\/\/hengxingmachinery.com\/bentonite-dryer\/#breadcrumb","itemListElement":[{"@type":"ListItem","position":1,"name":"Home","item":"https:\/\/hengxingmachinery.com\/"},{"@type":"ListItem","position":2,"name":"5-1. Bentonite dryer"}]},{"@type":"WebSite","@id":"https:\/\/hengxingmachinery.com\/#website","url":"https:\/\/hengxingmachinery.com\/","name":"Machines Hengxing","description":"Fabricant leader de toutes sortes de machines mini\u00e8res","publisher":{"@id":"https:\/\/hengxingmachinery.com\/#organization"},"potentialAction":[{"@type":"SearchAction","target":{"@type":"EntryPoint","urlTemplate":"https:\/\/hengxingmachinery.com\/?s={search_term_string}"},"query-input":{"@type":"PropertyValueSpecification","valueRequired":true,"valueName":"search_term_string"}}],"inLanguage":"fr-FR"},{"@type":"Organization","@id":"https:\/\/hengxingmachinery.com\/#organization","name":"Machines Hengxing","url":"https:\/\/hengxingmachinery.com\/","logo":{"@type":"ImageObject","inLanguage":"fr-FR","@id":"https:\/\/hengxingmachinery.com\/#\/schema\/logo\/image\/","url":"https:\/\/hengxingmachinery.com\/wp-content\/uploads\/2024\/12\/logo.png","contentUrl":"https:\/\/hengxingmachinery.com\/wp-content\/uploads\/2024\/12\/logo.png","width":400,"height":260,"caption":"Hengxing Machinery"},"image":{"@id":"https:\/\/hengxingmachinery.com\/#\/schema\/logo\/image\/"}}]}},"_links":{"self":[{"href":"https:\/\/hengxingmachinery.com\/fr\/wp-json\/wp\/v2\/pages\/1717","targetHints":{"allow":["GET"]}}],"collection":[{"href":"https:\/\/hengxingmachinery.com\/fr\/wp-json\/wp\/v2\/pages"}],"about":[{"href":"https:\/\/hengxingmachinery.com\/fr\/wp-json\/wp\/v2\/types\/page"}],"author":[{"embeddable":true,"href":"https:\/\/hengxingmachinery.com\/fr\/wp-json\/wp\/v2\/users\/1"}],"replies":[{"embeddable":true,"href":"https:\/\/hengxingmachinery.com\/fr\/wp-json\/wp\/v2\/comments?post=1717"}],"version-history":[{"count":5,"href":"https:\/\/hengxingmachinery.com\/fr\/wp-json\/wp\/v2\/pages\/1717\/revisions"}],"predecessor-version":[{"id":1808,"href":"https:\/\/hengxingmachinery.com\/fr\/wp-json\/wp\/v2\/pages\/1717\/revisions\/1808"}],"wp:attachment":[{"href":"https:\/\/hengxingmachinery.com\/fr\/wp-json\/wp\/v2\/media?parent=1717"}],"curies":[{"name":"wp","href":"https:\/\/api.w.org\/{rel}","templated":true}]}}