{"id":1734,"date":"2025-01-23T09:03:10","date_gmt":"2025-01-23T09:03:10","guid":{"rendered":"https:\/\/hengxingmachinery.com\/?page_id=1734"},"modified":"2025-01-23T09:12:53","modified_gmt":"2025-01-23T09:12:53","slug":"ore-powder-dryer","status":"publish","type":"page","link":"https:\/\/hengxingmachinery.com\/fr\/ore-powder-dryer\/","title":{"rendered":"5-1. S\u00e9cheur de poudre de minerai"},"content":{"rendered":"<div class=\"gb-container gb-container-45165f5a\">\n<div class=\"gb-container gb-container-c2652eb4\">\n\n<h1 class=\"gb-headline gb-headline-62a8b2cc gb-headline-text\">S\u00e9choir \u00e0 poudre de minerai<\/h1>\n\n<\/div>\n<\/div>\n\n<div class=\"gb-container gb-container-519cf624\">\n<div class=\"gb-container gb-container-71ca071e\">\n<div class=\"gb-grid-wrapper gb-grid-wrapper-8a5f0688\">\n<div class=\"gb-grid-column gb-grid-column-1e99b1c2\"><div class=\"gb-container gb-container-1e99b1c2\">\n\n<figure class=\"gb-block-image gb-block-image-e4eaba54\"><img decoding=\"async\" width=\"665\" height=\"545\" class=\"gb-image gb-image-e4eaba54\" src=\"https:\/\/hengxingmachinery.com\/wp-content\/uploads\/2025\/01\/ore-powder-dryer-equipment.jpg\" alt=\"\" title=\"\u00e9quipement de s\u00e9cheur \u00e0 poudre de minerai\" srcset=\"https:\/\/hengxingmachinery.com\/wp-content\/uploads\/2025\/01\/ore-powder-dryer-equipment.jpg 665w, https:\/\/hengxingmachinery.com\/wp-content\/uploads\/2025\/01\/ore-powder-dryer-equipment-300x246.jpg 300w, https:\/\/hengxingmachinery.com\/wp-content\/uploads\/2025\/01\/ore-powder-dryer-equipment-15x12.jpg 15w\" sizes=\"(max-width: 665px) 100vw, 665px\" \/><\/figure>\n\n<\/div><\/div>\n\n<div class=\"gb-grid-column gb-grid-column-bcae065b\"><div class=\"gb-container gb-container-bcae065b\">\n\n<p class=\"gb-headline gb-headline-e419680e gb-headline-text\"><\/p>\n\n\n<div class=\"gb-grid-wrapper gb-grid-wrapper-eebec76e\">\n<div class=\"gb-grid-column gb-grid-column-e3ada2f0\"><div class=\"gb-container gb-container-e3ada2f0\">\n\n<p class=\"gb-headline gb-headline-4c79a90a gb-headline-text\"><mark style=\"background-color:rgba(0, 0, 0, 0)\" class=\"has-inline-color has-global-color-8-color\"><strong>Capacit\u00e9:<\/strong><\/mark> 1,9 \u00e0 76,0 t\/h<\/p>\n\n<\/div><\/div>\n\n<div class=\"gb-grid-column gb-grid-column-0bb00826\"><div class=\"gb-container gb-container-0bb00826\">\n\n<p class=\"gb-headline gb-headline-86d53f56 gb-headline-text\"><mark style=\"background-color:rgba(0, 0, 0, 0)\" class=\"has-inline-color has-global-color-8-color\"><strong>Puissance (kW) :<\/strong><\/mark> 7.5-160<\/p>\n\n<\/div><\/div>\n<\/div>\n\n\n<p class=\"gb-headline gb-headline-2750f5a7 gb-headline-text\"><strong>Application :<\/strong><\/p>\n\n\n\n<p>Le s\u00e9cheur \u00e0 poudre de minerai est adapt\u00e9 au s\u00e9chage de la poudre min\u00e9rale, de la poudre de pierre et d'autres mat\u00e9riaux en poudre min\u00e9rale.<\/p>\n\n\n\n<p>Il convient \u00e0 divers combustibles et \u00e9quipements de d\u00e9poussi\u00e9rage multi-\u00e9tages, permettant de r\u00e9pondre aux normes environnementales.<\/p>\n\n\n<div class=\"gb-container gb-container-256e15f1\">\n\n<a class=\"gb-button gb-button-e8b73d89 gb-button-text\" href=\"#popmake-622\">Obtenez un devis gratuit maintenant<\/a>\n\n<\/div>\n<\/div><\/div>\n<\/div>\n<\/div>\n<\/div>\n\n<div class=\"gb-container gb-container-ebd718b6\">\n<div class=\"gb-container gb-container-5c75b960\">\n\n<h2 class=\"gb-headline gb-headline-98859344 gb-headline-text\">Principe de fonctionnement du s\u00e9cheur \u00e0 poudre de minerai<\/h2>\n\n\n\n<figure class=\"gb-block-image gb-block-image-c486b36e\"><img decoding=\"async\" width=\"920\" height=\"420\" class=\"gb-image gb-image-c486b36e\" src=\"https:\/\/hengxingmachinery.com\/wp-content\/uploads\/2025\/01\/ore-powder-dryer-machine-1.png\" alt=\"\" title=\"machine de s\u00e9cheur \u00e0 poudre de minerai\" srcset=\"https:\/\/hengxingmachinery.com\/wp-content\/uploads\/2025\/01\/ore-powder-dryer-machine-1.png 920w, https:\/\/hengxingmachinery.com\/wp-content\/uploads\/2025\/01\/ore-powder-dryer-machine-1-300x137.png 300w, https:\/\/hengxingmachinery.com\/wp-content\/uploads\/2025\/01\/ore-powder-dryer-machine-1-768x351.png 768w, https:\/\/hengxingmachinery.com\/wp-content\/uploads\/2025\/01\/ore-powder-dryer-machine-1-18x8.png 18w\" sizes=\"(max-width: 920px) 100vw, 920px\" \/><\/figure>\n\n\n\n<p>Le s\u00e9cheur \u00e0 poudre de minerai est principalement constitu\u00e9 d'une source de chaleur, d'un dispositif d'alimentation, d'un convoyeur d'alimentation, d'un tambour rotatif, d'un convoyeur de d\u00e9chargement, d'un ventilateur d'extraction, d'un d\u00e9poussi\u00e9reur et d'un tableau \u00e9lectrique. <\/p>\n\n\n\n<p>Le principe de fonctionnement de cet ensemble d'\u00e9quipements est le suivant : Apr\u00e8s son entr\u00e9e dans le tambour de s\u00e9chage, la poudre min\u00e9rale humide est divis\u00e9e en plusieurs zones de travail : la premi\u00e8re est la zone de guidage. La poudre min\u00e9rale humide entre dans cette zone et l'eau s'\u00e9vapore rapidement au contact de l'air chaud \u00e0 haute temp\u00e9rature. La poudre min\u00e9rale est guid\u00e9e par des plaques \u00e0 grand angle d'avance. Si elle ne forme pas d'agglom\u00e9rats, elle est dirig\u00e9e vers la zone de travail suivante. <\/p>\n\n\n\n<p>La deuxi\u00e8me zone est celle de ramassage et de nettoyage, o\u00f9 le mat\u00e9riau humide est soulev\u00e9 par les plaques pour former un rideau de mati\u00e8re, et lorsque la poudre min\u00e9rale retombe, elle peut facilement adh\u00e9rer \u00e0 la paroi du tambour. Dans cette zone, gr\u00e2ce \u00e0 la conception d'un dispositif de nettoyage, celui-ci \u00e9limine de mani\u00e8re tr\u00e8s efficace la poudre min\u00e9rale adh\u00e9rant \u00e0 la paroi interne. Durant ce processus, le dispositif de nettoyage brise \u00e9galement les agglom\u00e9rats de poudre min\u00e9rale, augmentant ainsi les \u00e9changes thermiques. Cette zone acc\u00e9l\u00e8re le taux de s\u00e9chage. <\/p>\n\n\n\n<p>La troisi\u00e8me zone est celle des plaques inclin\u00e9es de levage, o\u00f9 la poudre min\u00e9rale humide se trouve d\u00e9j\u00e0 dans un \u00e9tat \u00e0 faible teneur en humidit\u00e9 et meuble. Il n'y a pas de ph\u00e9nom\u00e8ne d'adh\u00e9sion dans cette zone. Apr\u00e8s un \u00e9change thermique suffisant, la poudre min\u00e9rale r\u00e9pond aux exigences. La poudre, dans son \u00e9tat d'humidit\u00e9 final, entre dans la zone de d\u00e9chargement. <\/p>\n\n\n\n<p>La quatri\u00e8me zone est celle de d\u00e9chargement. Le tambour n'est pas \u00e9quip\u00e9 de plaques dans cette zone, et la poudre min\u00e9rale glisse vers la sortie pour achever l'ensemble du processus de s\u00e9chage.<\/p>\n\n\n<div class=\"gb-container gb-container-d6bbf16a\">\n\n<a class=\"gb-button gb-button-caa3f2bc gb-button-text\" href=\"#popmake-622\">Obtenez un devis gratuit maintenant<\/a>\n\n<\/div>\n<\/div>\n<\/div>\n\n<div class=\"gb-container gb-container-435ad261\">\n<div class=\"gb-container gb-container-7dc79cc4\">\n\n<h2 class=\"gb-headline gb-headline-6fe5dee2 gb-headline-text\">Sp\u00e9cifications du s\u00e9cheur \u00e0 poudre de minerai<\/h2>\n\n\n\n<figure class=\"wp-block-table is-style-stripes\"><table class=\"has-fixed-layout\"><tbody><tr><td><strong>Mod\u00e8le (m)<br>(diam\u00e8tre \u00d7 longueur <\/strong>)<\/td><td><strong>Volume de la cuve<br>(m\u00b3)<\/strong><\/td><td><strong>Capacit\u00e9<br>(t\/h)<\/strong><\/td><td><strong>Inclinaison d'installation<br>(%)<\/strong><\/td><td><strong>Temp\u00e9rature maximale de l'air<br>(\u00b0C)<\/strong><\/td><td><strong>Moteur<br>(kW)<\/strong><\/td><td><strong>Poids total<br>(t)<\/strong><\/td><\/tr><tr><td>(kW)<\/td><td>9.0<\/td><td>1.9-2.4<\/td><td>3-5<\/td><td>700-800<\/td><td>7.5<\/td><td>9<\/td><\/tr><tr><td>Poids<\/td><td>11.3<\/td><td>2.4-3.0<\/td><td>3-5<\/td><td>700-800<\/td><td>7.5<\/td><td>11<\/td><\/tr><tr><td>(t)<\/td><td>21.2<\/td><td>4.5-5.7<\/td><td>3-5<\/td><td>700-800<\/td><td>15<\/td><td>18.5<\/td><\/tr><tr><td>\u03a61.2\u00d78.0<\/td><td>24.7<\/td><td>5.3-6.6<\/td><td>3-5<\/td><td>700-800<\/td><td>15<\/td><td>19.7<\/td><\/tr><tr><td>\u03a61.2\u00d710<\/td><td>26.5<\/td><td>5.7-7.1<\/td><td>3-5<\/td><td>700-800<\/td><td>15<\/td><td>20.5<\/td><\/tr><tr><td>\u03a61.5\u00d712<\/td><td>30.5<\/td><td>6.5-8.1<\/td><td>3-5<\/td><td>700-800<\/td><td>18.5<\/td><td>21.5<\/td><\/tr><tr><td>\u03a61.5\u00d714<\/td><td>35.6<\/td><td>7.6-9.5<\/td><td>3-5<\/td><td>700-800<\/td><td>18.5<\/td><td>23<\/td><\/tr><tr><td>\u03a61.5\u00d715<\/td><td>45.6<\/td><td>9.7-12.2<\/td><td>3-5<\/td><td>700-800<\/td><td>22<\/td><td>33.5<\/td><\/tr><tr><td>\u03a61.8\u00d712<\/td><td>53.2<\/td><td>11.4-14.2<\/td><td>3-5<\/td><td>700-800<\/td><td>22<\/td><td>36<\/td><\/tr><tr><td>\u03a61.8\u00d714<\/td><td>60.8<\/td><td>13.0-16.2<\/td><td>3-5<\/td><td>700-800<\/td><td>22<\/td><td>38<\/td><\/tr><tr><td>\u03a62.2\u00d712<\/td><td>63.3<\/td><td>13.5-16.9<\/td><td>3-5<\/td><td>700-800<\/td><td>37<\/td><td>45<\/td><\/tr><tr><td>\u03a62.2\u00d714<\/td><td>81.4<\/td><td>17.4-21.7<\/td><td>3-5<\/td><td>700-800<\/td><td>37<\/td><td>49<\/td><\/tr><tr><td>\u03a62.2\u00d716<\/td><td>90.4<\/td><td>19.3-24.1<\/td><td>3-5<\/td><td>700-800<\/td><td>45<\/td><td>54<\/td><\/tr><tr><td>Secteur minier &amp; ... Lire plus<\/td><td>99.5<\/td><td>21.2-26.5<\/td><td>3-5<\/td><td>700-800<\/td><td>45<\/td><td>58<\/td><\/tr><tr><td>\u03a62,6 \u00d7 24<\/td><td>127.4<\/td><td>27.2-34.0<\/td><td>3-5<\/td><td>700-800<\/td><td>55<\/td><td>73<\/td><\/tr><tr><td>\u03a63,0 \u00d7 20<\/td><td>141.3<\/td><td>30.1-37.7<\/td><td>3-5<\/td><td>700-800<\/td><td>75<\/td><td>85<\/td><\/tr><tr><td>\u03a63,0 \u00d7 25<\/td><td>176.6<\/td><td>37.7-47.1<\/td><td>3-5<\/td><td>700-800<\/td><td>75<\/td><td>95<\/td><\/tr><tr><td>\u03a63,2 \u00d7 25<\/td><td>201<\/td><td>42.9-53.6<\/td><td>3-5<\/td><td>700-800<\/td><td>90<\/td><td>110<\/td><\/tr><tr><td>\u03a63,6 \u00d7 28<\/td><td>285<\/td><td>60.8-76.0<\/td><td>3-5<\/td><td>700-800<\/td><td>160<\/td><td>135<\/td><\/tr><\/tbody><\/table><\/figure>\n\n\n<div class=\"gb-container gb-container-263d9700\">\n\n<a class=\"gb-button gb-button-a4cbb7be gb-button-text\" href=\"#popmake-622\">Obtenez un devis gratuit maintenant<\/a>\n\n<\/div>\n<\/div>\n<\/div>","protected":false},"excerpt":{"rendered":"<p>Ore powder dryer Ore powder dryer working principle The ore powder dryer mainly consists of a heat source, a feeding device, a feeding conveyor, a rotary drum, a discharge conveyor, an induced draft fan, a dust collector, and a power distribution cabinet. The working principle of this set of equipment is as follows: After the &#8230; <\/p>\n<p class=\"read-more-container\"><a title=\"5-1. S\u00e9cheur de poudre de minerai\" class=\"read-more button\" href=\"https:\/\/hengxingmachinery.com\/fr\/ore-powder-dryer\/#more-1734\" aria-label=\"En savoir plus sur 5-1. Ore powder dryer\">Lire plus<\/a><\/p>","protected":false},"author":1,"featured_media":0,"parent":0,"menu_order":0,"comment_status":"closed","ping_status":"closed","template":"","meta":{"footnotes":""},"class_list":["post-1734","page","type-page","status-publish"],"yoast_head":"<!-- This site is optimized with the Yoast SEO plugin v27.4 - https:\/\/yoast.com\/product\/yoast-seo-wordpress\/ -->\n<title>5-1. Ore powder dryer - Hengxing Machinery<\/title>\n<meta name=\"robots\" content=\"index, follow, max-snippet:-1, max-image-preview:large, max-video-preview:-1\" \/>\n<link rel=\"canonical\" href=\"https:\/\/hengxingmachinery.com\/fr\/ore-powder-dryer\/\" \/>\n<meta property=\"og:locale\" content=\"fr_FR\" \/>\n<meta property=\"og:type\" content=\"article\" \/>\n<meta property=\"og:title\" content=\"5-1. Ore powder dryer - Hengxing Machinery\" \/>\n<meta property=\"og:description\" content=\"Ore powder dryer Ore powder dryer working principle The ore powder dryer mainly consists of a heat source, a feeding device, a feeding conveyor, a rotary drum, a discharge conveyor, an induced draft fan, a dust collector, and a power distribution cabinet. The working principle of this set of equipment is as follows: After the ... Lire plus\" \/>\n<meta property=\"og:url\" content=\"https:\/\/hengxingmachinery.com\/fr\/ore-powder-dryer\/\" \/>\n<meta property=\"og:site_name\" content=\"Hengxing Machinery\" \/>\n<meta property=\"article:modified_time\" content=\"2025-01-23T09:12:53+00:00\" \/>\n<meta property=\"og:image\" content=\"https:\/\/hengxingmachinery.com\/wp-content\/uploads\/2025\/01\/ore-powder-dryer-equipment.jpg\" \/>\n<meta name=\"twitter:card\" content=\"summary_large_image\" \/>\n<meta name=\"twitter:label1\" content=\"Dur\u00e9e de lecture estim\u00e9e\" \/>\n\t<meta name=\"twitter:data1\" content=\"3 minutes\" \/>\n<script type=\"application\/ld+json\" class=\"yoast-schema-graph\">{\"@context\":\"https:\\\/\\\/schema.org\",\"@graph\":[{\"@type\":\"WebPage\",\"@id\":\"https:\\\/\\\/hengxingmachinery.com\\\/ore-powder-dryer\\\/\",\"url\":\"https:\\\/\\\/hengxingmachinery.com\\\/ore-powder-dryer\\\/\",\"name\":\"5-1. Ore powder dryer - Hengxing Machinery\",\"isPartOf\":{\"@id\":\"https:\\\/\\\/hengxingmachinery.com\\\/#website\"},\"primaryImageOfPage\":{\"@id\":\"https:\\\/\\\/hengxingmachinery.com\\\/ore-powder-dryer\\\/#primaryimage\"},\"image\":{\"@id\":\"https:\\\/\\\/hengxingmachinery.com\\\/ore-powder-dryer\\\/#primaryimage\"},\"thumbnailUrl\":\"https:\\\/\\\/hengxingmachinery.com\\\/wp-content\\\/uploads\\\/2025\\\/01\\\/ore-powder-dryer-equipment.jpg\",\"datePublished\":\"2025-01-23T09:03:10+00:00\",\"dateModified\":\"2025-01-23T09:12:53+00:00\",\"breadcrumb\":{\"@id\":\"https:\\\/\\\/hengxingmachinery.com\\\/ore-powder-dryer\\\/#breadcrumb\"},\"inLanguage\":\"fr-FR\",\"potentialAction\":[{\"@type\":\"ReadAction\",\"target\":[\"https:\\\/\\\/hengxingmachinery.com\\\/ore-powder-dryer\\\/\"]}]},{\"@type\":\"ImageObject\",\"inLanguage\":\"fr-FR\",\"@id\":\"https:\\\/\\\/hengxingmachinery.com\\\/ore-powder-dryer\\\/#primaryimage\",\"url\":\"https:\\\/\\\/hengxingmachinery.com\\\/wp-content\\\/uploads\\\/2025\\\/01\\\/ore-powder-dryer-equipment.jpg\",\"contentUrl\":\"https:\\\/\\\/hengxingmachinery.com\\\/wp-content\\\/uploads\\\/2025\\\/01\\\/ore-powder-dryer-equipment.jpg\"},{\"@type\":\"BreadcrumbList\",\"@id\":\"https:\\\/\\\/hengxingmachinery.com\\\/ore-powder-dryer\\\/#breadcrumb\",\"itemListElement\":[{\"@type\":\"ListItem\",\"position\":1,\"name\":\"Home\",\"item\":\"https:\\\/\\\/hengxingmachinery.com\\\/\"},{\"@type\":\"ListItem\",\"position\":2,\"name\":\"5-1. Ore powder dryer\"}]},{\"@type\":\"WebSite\",\"@id\":\"https:\\\/\\\/hengxingmachinery.com\\\/#website\",\"url\":\"https:\\\/\\\/hengxingmachinery.com\\\/\",\"name\":\"Hengxing Machinery\",\"description\":\"Leading Manufacturer of All Sorts of Mining Machinery\",\"publisher\":{\"@id\":\"https:\\\/\\\/hengxingmachinery.com\\\/#organization\"},\"potentialAction\":[{\"@type\":\"SearchAction\",\"target\":{\"@type\":\"EntryPoint\",\"urlTemplate\":\"https:\\\/\\\/hengxingmachinery.com\\\/?s={search_term_string}\"},\"query-input\":{\"@type\":\"PropertyValueSpecification\",\"valueRequired\":true,\"valueName\":\"search_term_string\"}}],\"inLanguage\":\"fr-FR\"},{\"@type\":\"Organization\",\"@id\":\"https:\\\/\\\/hengxingmachinery.com\\\/#organization\",\"name\":\"Hengxing Machinery\",\"url\":\"https:\\\/\\\/hengxingmachinery.com\\\/\",\"logo\":{\"@type\":\"ImageObject\",\"inLanguage\":\"fr-FR\",\"@id\":\"https:\\\/\\\/hengxingmachinery.com\\\/#\\\/schema\\\/logo\\\/image\\\/\",\"url\":\"https:\\\/\\\/hengxingmachinery.com\\\/wp-content\\\/uploads\\\/2024\\\/12\\\/logo.png\",\"contentUrl\":\"https:\\\/\\\/hengxingmachinery.com\\\/wp-content\\\/uploads\\\/2024\\\/12\\\/logo.png\",\"width\":400,\"height\":260,\"caption\":\"Hengxing Machinery\"},\"image\":{\"@id\":\"https:\\\/\\\/hengxingmachinery.com\\\/#\\\/schema\\\/logo\\\/image\\\/\"}}]}<\/script>\n<!-- \/ Yoast SEO plugin. -->","yoast_head_json":{"title":"5-1. S\u00e9cheur de poudre de minerai - Hengxing Machinery","robots":{"index":"index","follow":"follow","max-snippet":"max-snippet:-1","max-image-preview":"max-image-preview:large","max-video-preview":"max-video-preview:-1"},"canonical":"https:\/\/hengxingmachinery.com\/fr\/ore-powder-dryer\/","og_locale":"fr_FR","og_type":"article","og_title":"5-1. Ore powder dryer - Hengxing Machinery","og_description":"Ore powder dryer Ore powder dryer working principle The ore powder dryer mainly consists of a heat source, a feeding device, a feeding conveyor, a rotary drum, a discharge conveyor, an induced draft fan, a dust collector, and a power distribution cabinet. The working principle of this set of equipment is as follows: After the ... Lire plus","og_url":"https:\/\/hengxingmachinery.com\/fr\/ore-powder-dryer\/","og_site_name":"Hengxing Machinery","article_modified_time":"2025-01-23T09:12:53+00:00","og_image":[{"url":"https:\/\/hengxingmachinery.com\/wp-content\/uploads\/2025\/01\/ore-powder-dryer-equipment.jpg","type":"","width":"","height":""}],"twitter_card":"summary_large_image","twitter_misc":{"Dur\u00e9e de lecture estim\u00e9e":"3 minutes"},"schema":{"@context":"https:\/\/schema.org","@graph":[{"@type":"WebPage","@id":"https:\/\/hengxingmachinery.com\/ore-powder-dryer\/","url":"https:\/\/hengxingmachinery.com\/ore-powder-dryer\/","name":"5-1. S\u00e9cheur de poudre de minerai - Hengxing Machinery","isPartOf":{"@id":"https:\/\/hengxingmachinery.com\/#website"},"primaryImageOfPage":{"@id":"https:\/\/hengxingmachinery.com\/ore-powder-dryer\/#primaryimage"},"image":{"@id":"https:\/\/hengxingmachinery.com\/ore-powder-dryer\/#primaryimage"},"thumbnailUrl":"https:\/\/hengxingmachinery.com\/wp-content\/uploads\/2025\/01\/ore-powder-dryer-equipment.jpg","datePublished":"2025-01-23T09:03:10+00:00","dateModified":"2025-01-23T09:12:53+00:00","breadcrumb":{"@id":"https:\/\/hengxingmachinery.com\/ore-powder-dryer\/#breadcrumb"},"inLanguage":"fr-FR","potentialAction":[{"@type":"ReadAction","target":["https:\/\/hengxingmachinery.com\/ore-powder-dryer\/"]}]},{"@type":"ImageObject","inLanguage":"fr-FR","@id":"https:\/\/hengxingmachinery.com\/ore-powder-dryer\/#primaryimage","url":"https:\/\/hengxingmachinery.com\/wp-content\/uploads\/2025\/01\/ore-powder-dryer-equipment.jpg","contentUrl":"https:\/\/hengxingmachinery.com\/wp-content\/uploads\/2025\/01\/ore-powder-dryer-equipment.jpg"},{"@type":"BreadcrumbList","@id":"https:\/\/hengxingmachinery.com\/ore-powder-dryer\/#breadcrumb","itemListElement":[{"@type":"ListItem","position":1,"name":"Home","item":"https:\/\/hengxingmachinery.com\/"},{"@type":"ListItem","position":2,"name":"5-1. Ore powder dryer"}]},{"@type":"WebSite","@id":"https:\/\/hengxingmachinery.com\/#website","url":"https:\/\/hengxingmachinery.com\/","name":"Machines Hengxing","description":"Fabricant leader de toutes sortes de machines mini\u00e8res","publisher":{"@id":"https:\/\/hengxingmachinery.com\/#organization"},"potentialAction":[{"@type":"SearchAction","target":{"@type":"EntryPoint","urlTemplate":"https:\/\/hengxingmachinery.com\/?s={search_term_string}"},"query-input":{"@type":"PropertyValueSpecification","valueRequired":true,"valueName":"search_term_string"}}],"inLanguage":"fr-FR"},{"@type":"Organization","@id":"https:\/\/hengxingmachinery.com\/#organization","name":"Machines Hengxing","url":"https:\/\/hengxingmachinery.com\/","logo":{"@type":"ImageObject","inLanguage":"fr-FR","@id":"https:\/\/hengxingmachinery.com\/#\/schema\/logo\/image\/","url":"https:\/\/hengxingmachinery.com\/wp-content\/uploads\/2024\/12\/logo.png","contentUrl":"https:\/\/hengxingmachinery.com\/wp-content\/uploads\/2024\/12\/logo.png","width":400,"height":260,"caption":"Hengxing Machinery"},"image":{"@id":"https:\/\/hengxingmachinery.com\/#\/schema\/logo\/image\/"}}]}},"_links":{"self":[{"href":"https:\/\/hengxingmachinery.com\/fr\/wp-json\/wp\/v2\/pages\/1734","targetHints":{"allow":["GET"]}}],"collection":[{"href":"https:\/\/hengxingmachinery.com\/fr\/wp-json\/wp\/v2\/pages"}],"about":[{"href":"https:\/\/hengxingmachinery.com\/fr\/wp-json\/wp\/v2\/types\/page"}],"author":[{"embeddable":true,"href":"https:\/\/hengxingmachinery.com\/fr\/wp-json\/wp\/v2\/users\/1"}],"replies":[{"embeddable":true,"href":"https:\/\/hengxingmachinery.com\/fr\/wp-json\/wp\/v2\/comments?post=1734"}],"version-history":[{"count":4,"href":"https:\/\/hengxingmachinery.com\/fr\/wp-json\/wp\/v2\/pages\/1734\/revisions"}],"predecessor-version":[{"id":1745,"href":"https:\/\/hengxingmachinery.com\/fr\/wp-json\/wp\/v2\/pages\/1734\/revisions\/1745"}],"wp:attachment":[{"href":"https:\/\/hengxingmachinery.com\/fr\/wp-json\/wp\/v2\/media?parent=1734"}],"curies":[{"name":"wp","href":"https:\/\/api.w.org\/{rel}","templated":true}]}}