{"id":1742,"date":"2025-01-23T09:37:28","date_gmt":"2025-01-23T09:37:28","guid":{"rendered":"https:\/\/hengxingmachinery.com\/?page_id=1742"},"modified":"2025-01-24T02:18:27","modified_gmt":"2025-01-24T02:18:27","slug":"coal-dryer","status":"publish","type":"page","link":"https:\/\/hengxingmachinery.com\/fr\/coal-dryer\/","title":{"rendered":"5-1. S\u00e9choir \u00e0 charbon"},"content":{"rendered":"<div class=\"gb-container gb-container-45165f5a\">\n<div class=\"gb-container gb-container-c2652eb4\">\n\n<h1 class=\"gb-headline gb-headline-62a8b2cc gb-headline-text\">S\u00e9choir \u00e0 charbon<\/h1>\n\n<\/div>\n<\/div>\n\n<div class=\"gb-container gb-container-519cf624\">\n<div class=\"gb-container gb-container-71ca071e\">\n<div class=\"gb-grid-wrapper gb-grid-wrapper-8a5f0688\">\n<div class=\"gb-grid-column gb-grid-column-1e99b1c2\"><div class=\"gb-container gb-container-1e99b1c2\">\n\n<figure class=\"gb-block-image gb-block-image-e4eaba54\"><img decoding=\"async\" width=\"665\" height=\"545\" class=\"gb-image gb-image-e4eaba54\" src=\"https:\/\/hengxingmachinery.com\/wp-content\/uploads\/2025\/01\/coal-dryer.jpg\" alt=\"\" title=\"\u00c9quipement de s\u00e9cheur \u00e0 charbon\" srcset=\"https:\/\/hengxingmachinery.com\/wp-content\/uploads\/2025\/01\/coal-dryer.jpg 665w, https:\/\/hengxingmachinery.com\/wp-content\/uploads\/2025\/01\/coal-dryer-300x246.jpg 300w, https:\/\/hengxingmachinery.com\/wp-content\/uploads\/2025\/01\/coal-dryer-15x12.jpg 15w\" sizes=\"(max-width: 665px) 100vw, 665px\" \/><\/figure>\n\n<\/div><\/div>\n\n<div class=\"gb-grid-column gb-grid-column-bcae065b\"><div class=\"gb-container gb-container-bcae065b\">\n\n<p class=\"gb-headline gb-headline-e419680e gb-headline-text\"><\/p>\n\n\n<div class=\"gb-grid-wrapper gb-grid-wrapper-eebec76e\">\n<div class=\"gb-grid-column gb-grid-column-e3ada2f0\"><div class=\"gb-container gb-container-e3ada2f0\">\n\n<p class=\"gb-headline gb-headline-4c79a90a gb-headline-text\"><mark style=\"background-color:rgba(0, 0, 0, 0)\" class=\"has-inline-color has-global-color-8-color\"><strong>Capacit\u00e9:<\/strong><\/mark> 1,9 \u00e0 76,0 t\/h<\/p>\n\n<\/div><\/div>\n\n<div class=\"gb-grid-column gb-grid-column-0bb00826\"><div class=\"gb-container gb-container-0bb00826\">\n\n<p class=\"gb-headline gb-headline-86d53f56 gb-headline-text\"><mark style=\"background-color:rgba(0, 0, 0, 0)\" class=\"has-inline-color has-global-color-8-color\"><strong>Puissance (kW) :<\/strong><\/mark> 7.5-160<\/p>\n\n<\/div><\/div>\n<\/div>\n\n\n<p class=\"gb-headline gb-headline-2750f5a7 gb-headline-text\"><strong>Application :<\/strong><\/p>\n\n\n\n<p>Le s\u00e9cheur \u00e0 charbon est adapt\u00e9 pour s\u00e9cher le charbon et d'autres mat\u00e9riaux, une vari\u00e9t\u00e9 de combustibles et des \u00e9quipements de d\u00e9poussi\u00e9rage multi-\u00e9tages, pouvant r\u00e9pondre aux normes environnementales.<\/p>\n\n\n<div class=\"gb-container gb-container-256e15f1\">\n\n<a class=\"gb-button gb-button-e8b73d89 gb-button-text\" href=\"#popmake-622\">Obtenez un devis gratuit maintenant<\/a>\n\n<\/div>\n<\/div><\/div>\n<\/div>\n<\/div>\n<\/div>\n\n<div class=\"gb-container gb-container-ebd718b6\">\n<div class=\"gb-container gb-container-5c75b960\">\n\n<h2 class=\"gb-headline gb-headline-98859344 gb-headline-text\">Principe de fonctionnement du s\u00e9cheur \u00e0 charbon<\/h2>\n\n\n\n<figure class=\"gb-block-image gb-block-image-c486b36e\"><img decoding=\"async\" width=\"920\" height=\"420\" class=\"gb-image gb-image-c486b36e\" src=\"https:\/\/hengxingmachinery.com\/wp-content\/uploads\/2025\/01\/coal-dryer-for-sale-1.jpg\" alt=\"\" title=\"S\u00e9cheur \u00e0 charbon \u00e0 vendre\" srcset=\"https:\/\/hengxingmachinery.com\/wp-content\/uploads\/2025\/01\/coal-dryer-for-sale-1.jpg 920w, https:\/\/hengxingmachinery.com\/wp-content\/uploads\/2025\/01\/coal-dryer-for-sale-1-300x137.jpg 300w, https:\/\/hengxingmachinery.com\/wp-content\/uploads\/2025\/01\/coal-dryer-for-sale-1-768x351.jpg 768w, https:\/\/hengxingmachinery.com\/wp-content\/uploads\/2025\/01\/coal-dryer-for-sale-1-18x8.jpg 18w\" sizes=\"(max-width: 920px) 100vw, 920px\" \/><\/figure>\n\n\n\n<p>Le processus de s\u00e9chage de la poudre de charbon est principalement divis\u00e9 en zones de travail suivantes : <\/p>\n\n\n\n<p>La premi\u00e8re est la zone de guidage, o\u00f9 le charbon pulv\u00e9ris\u00e9 humide entre dans cette zone et \u00e9vapore rapidement l'eau au contact de l'air chaud \u00e0 haute temp\u00e9rature. Le mat\u00e9riau ne formera pas d'agglom\u00e9rats collants lorsqu'il est d\u00e9plac\u00e9 par le grand angle de guidage. Il est dirig\u00e9 vers la zone de travail suivante.<\/p>\n\n\n\n<p>La seconde est la zone de dispersion, o\u00f9 le charbon pulv\u00e9ris\u00e9 est dispers\u00e9 par le dispositif de dispersion, augmentant ainsi la surface d'\u00e9change thermique entre la boue de charbon et l'air chaud. <\/p>\n\n\n\n<p>La troisi\u00e8me est la zone des plaques inclin\u00e9es de levage, o\u00f9 le charbon pulv\u00e9ris\u00e9 humide broy\u00e9 est soulev\u00e9 par les plaques de levage dans cette zone pour former un rideau de mat\u00e9riau. \u00c0 ce moment, le mat\u00e9riau est en contact complet avec l'air chaud, et l'humidit\u00e9 contenue dans le charbon pulv\u00e9ris\u00e9 humide s'\u00e9vapore rapidement en vapeur d'eau, laquelle est ensuite \u00e9vacu\u00e9e par le ventilateur d'extraction pour atteindre l'objectif de s\u00e9chage ; lorsque le mat\u00e9riau retombe, il peut facilement adh\u00e9rer aux parois du tambour. <\/p>\n\n\n\n<p>L'\u00e9quipement est con\u00e7u avec un dispositif de nettoyage dans cette zone. Le dispositif de nettoyage peut \u00e9liminer de mani\u00e8re tr\u00e8s raisonnable le mat\u00e9riau adh\u00e9rant \u00e0 la paroi int\u00e9rieure ; le charbon pulv\u00e9ris\u00e9 humide est s\u00e9ch\u00e9 dans cette zone jusqu'\u00e0 un \u00e9tat meuble \u00e0 faible teneur en humidit\u00e9, et apr\u00e8s l'\u00e9change, le mat\u00e9riau atteint l'\u00e9tat d'humidit\u00e9 requis et entre dans la zone de d\u00e9chargement.<\/p>\n\n\n\n<p>La quatri\u00e8me est la zone de d\u00e9chargement, le tambour n'est pas \u00e9quip\u00e9 de plaques de copiage dans cette zone, et le mat\u00e9riau roule et glisse vers la sortie dans cette zone pour terminer l'ensemble du processus de s\u00e9chage.<\/p>\n\n\n<div class=\"gb-container gb-container-d6bbf16a\">\n\n<a class=\"gb-button gb-button-caa3f2bc gb-button-text\" href=\"#popmake-622\">Obtenez un devis gratuit maintenant<\/a>\n\n<\/div>\n<\/div>\n<\/div>\n\n<div class=\"gb-container gb-container-435ad261\">\n<div class=\"gb-container gb-container-7dc79cc4\">\n\n<h2 class=\"gb-headline gb-headline-6fe5dee2 gb-headline-text\">Sp\u00e9cifications du s\u00e9cheur \u00e0 charbon<\/h2>\n\n\n\n<figure class=\"wp-block-table is-style-stripes\"><table class=\"has-fixed-layout\"><tbody><tr><td><strong>Mod\u00e8le (m)<br>(diam\u00e8tre \u00d7 longueur <\/strong>)<\/td><td><strong>Volume de la cuve<br>(m\u00b3)<\/strong><\/td><td><strong>Capacit\u00e9<br>(t\/h)<\/strong><\/td><td><strong>Inclinaison d'installation<br>(%)<\/strong><\/td><td><strong>Temp\u00e9rature maximale de l'air<br>(\u00b0C)<\/strong><\/td><td><strong>Moteur<br>(kW)<\/strong><\/td><td><strong>Poids total<br>(t)<\/strong><\/td><\/tr><tr><td>(kW)<\/td><td>9.0<\/td><td>1.9-2.4<\/td><td>3-5<\/td><td>700-800<\/td><td>7.5<\/td><td>9<\/td><\/tr><tr><td>Poids<\/td><td>11.3<\/td><td>2.4-3.0<\/td><td>3-5<\/td><td>700-800<\/td><td>7.5<\/td><td>11<\/td><\/tr><tr><td>(t)<\/td><td>21.2<\/td><td>4.5-5.7<\/td><td>3-5<\/td><td>700-800<\/td><td>15<\/td><td>18.5<\/td><\/tr><tr><td>\u03a61.2\u00d78.0<\/td><td>24.7<\/td><td>5.3-6.6<\/td><td>3-5<\/td><td>700-800<\/td><td>15<\/td><td>19.7<\/td><\/tr><tr><td>\u03a61.2\u00d710<\/td><td>26.5<\/td><td>5.7-7.1<\/td><td>3-5<\/td><td>700-800<\/td><td>15<\/td><td>20.5<\/td><\/tr><tr><td>\u03a61.5\u00d712<\/td><td>30.5<\/td><td>6.5-8.1<\/td><td>3-5<\/td><td>700-800<\/td><td>18.5<\/td><td>21.5<\/td><\/tr><tr><td>\u03a61.5\u00d714<\/td><td>35.6<\/td><td>7.6-9.5<\/td><td>3-5<\/td><td>700-800<\/td><td>18.5<\/td><td>23<\/td><\/tr><tr><td>\u03a61.5\u00d715<\/td><td>45.6<\/td><td>9.7-12.2<\/td><td>3-5<\/td><td>700-800<\/td><td>22<\/td><td>33.5<\/td><\/tr><tr><td>\u03a61.8\u00d712<\/td><td>53.2<\/td><td>11.4-14.2<\/td><td>3-5<\/td><td>700-800<\/td><td>22<\/td><td>36<\/td><\/tr><tr><td>\u03a61.8\u00d714<\/td><td>60.8<\/td><td>13.0-16.2<\/td><td>3-5<\/td><td>700-800<\/td><td>22<\/td><td>38<\/td><\/tr><tr><td>\u03a62.2\u00d712<\/td><td>63.3<\/td><td>13.5-16.9<\/td><td>3-5<\/td><td>700-800<\/td><td>37<\/td><td>45<\/td><\/tr><tr><td>\u03a62.2\u00d714<\/td><td>81.4<\/td><td>17.4-21.7<\/td><td>3-5<\/td><td>700-800<\/td><td>37<\/td><td>49<\/td><\/tr><tr><td>\u03a62.2\u00d716<\/td><td>90.4<\/td><td>19.3-24.1<\/td><td>3-5<\/td><td>700-800<\/td><td>45<\/td><td>54<\/td><\/tr><tr><td>Secteur minier &amp; ... Lire plus<\/td><td>99.5<\/td><td>21.2-26.5<\/td><td>3-5<\/td><td>700-800<\/td><td>45<\/td><td>58<\/td><\/tr><tr><td>\u03a62,6 \u00d7 24<\/td><td>127.4<\/td><td>27.2-34.0<\/td><td>3-5<\/td><td>700-800<\/td><td>55<\/td><td>73<\/td><\/tr><tr><td>\u03a63,0 \u00d7 20<\/td><td>141.3<\/td><td>30.1-37.7<\/td><td>3-5<\/td><td>700-800<\/td><td>75<\/td><td>85<\/td><\/tr><tr><td>\u03a63,0 \u00d7 25<\/td><td>176.6<\/td><td>37.7-47.1<\/td><td>3-5<\/td><td>700-800<\/td><td>75<\/td><td>95<\/td><\/tr><tr><td>\u03a63,2 \u00d7 25<\/td><td>201<\/td><td>42.9-53.6<\/td><td>3-5<\/td><td>700-800<\/td><td>90<\/td><td>110<\/td><\/tr><tr><td>\u03a63,6 \u00d7 28<\/td><td>285<\/td><td>60.8-76.0<\/td><td>3-5<\/td><td>700-800<\/td><td>160<\/td><td>135<\/td><\/tr><\/tbody><\/table><\/figure>\n\n\n<div class=\"gb-container gb-container-263d9700\">\n\n<a class=\"gb-button gb-button-a4cbb7be gb-button-text\" href=\"#popmake-622\">Obtenez un devis gratuit maintenant<\/a>\n\n<\/div>\n<\/div>\n<\/div>","protected":false},"excerpt":{"rendered":"<p>Coal dryer Coal dryer working principle The coal powder drying process is mainly divided into the following work areas: One is the guide area, where the wet pulverized coal enters this area and quickly evaporates water in contact with the high-temperature hot air. The material will not form a sticky stool when the material is &#8230; <\/p>\n<p class=\"read-more-container\"><a title=\"5-1. S\u00e9choir \u00e0 charbon\" class=\"read-more button\" href=\"https:\/\/hengxingmachinery.com\/fr\/coal-dryer\/#more-1742\" aria-label=\"En savoir plus sur 5-1. Coal dryer\">Lire plus<\/a><\/p>","protected":false},"author":1,"featured_media":0,"parent":0,"menu_order":0,"comment_status":"closed","ping_status":"closed","template":"","meta":{"footnotes":""},"class_list":["post-1742","page","type-page","status-publish"],"yoast_head":"<!-- This site is optimized with the Yoast SEO plugin v27.4 - https:\/\/yoast.com\/product\/yoast-seo-wordpress\/ -->\n<title>5-1. Coal dryer - Hengxing Machinery<\/title>\n<meta name=\"robots\" content=\"index, follow, max-snippet:-1, max-image-preview:large, max-video-preview:-1\" \/>\n<link rel=\"canonical\" href=\"https:\/\/hengxingmachinery.com\/fr\/coal-dryer\/\" \/>\n<meta property=\"og:locale\" content=\"fr_FR\" \/>\n<meta property=\"og:type\" content=\"article\" \/>\n<meta property=\"og:title\" content=\"5-1. Coal dryer - Hengxing Machinery\" \/>\n<meta property=\"og:description\" content=\"Coal dryer Coal dryer working principle The coal powder drying process is mainly divided into the following work areas: One is the guide area, where the wet pulverized coal enters this area and quickly evaporates water in contact with the high-temperature hot air. The material will not form a sticky stool when the material is ... Lire plus\" \/>\n<meta property=\"og:url\" content=\"https:\/\/hengxingmachinery.com\/fr\/coal-dryer\/\" \/>\n<meta property=\"og:site_name\" content=\"Hengxing Machinery\" \/>\n<meta property=\"article:modified_time\" content=\"2025-01-24T02:18:27+00:00\" \/>\n<meta property=\"og:image\" content=\"https:\/\/hengxingmachinery.com\/wp-content\/uploads\/2025\/01\/coal-dryer.jpg\" \/>\n<meta name=\"twitter:card\" content=\"summary_large_image\" \/>\n<meta name=\"twitter:label1\" content=\"Dur\u00e9e de lecture estim\u00e9e\" \/>\n\t<meta name=\"twitter:data1\" content=\"3 minutes\" \/>\n<script type=\"application\/ld+json\" class=\"yoast-schema-graph\">{\"@context\":\"https:\\\/\\\/schema.org\",\"@graph\":[{\"@type\":\"WebPage\",\"@id\":\"https:\\\/\\\/hengxingmachinery.com\\\/coal-dryer\\\/\",\"url\":\"https:\\\/\\\/hengxingmachinery.com\\\/coal-dryer\\\/\",\"name\":\"5-1. Coal dryer - Hengxing Machinery\",\"isPartOf\":{\"@id\":\"https:\\\/\\\/hengxingmachinery.com\\\/#website\"},\"primaryImageOfPage\":{\"@id\":\"https:\\\/\\\/hengxingmachinery.com\\\/coal-dryer\\\/#primaryimage\"},\"image\":{\"@id\":\"https:\\\/\\\/hengxingmachinery.com\\\/coal-dryer\\\/#primaryimage\"},\"thumbnailUrl\":\"https:\\\/\\\/hengxingmachinery.com\\\/wp-content\\\/uploads\\\/2025\\\/01\\\/coal-dryer.jpg\",\"datePublished\":\"2025-01-23T09:37:28+00:00\",\"dateModified\":\"2025-01-24T02:18:27+00:00\",\"breadcrumb\":{\"@id\":\"https:\\\/\\\/hengxingmachinery.com\\\/coal-dryer\\\/#breadcrumb\"},\"inLanguage\":\"fr-FR\",\"potentialAction\":[{\"@type\":\"ReadAction\",\"target\":[\"https:\\\/\\\/hengxingmachinery.com\\\/coal-dryer\\\/\"]}]},{\"@type\":\"ImageObject\",\"inLanguage\":\"fr-FR\",\"@id\":\"https:\\\/\\\/hengxingmachinery.com\\\/coal-dryer\\\/#primaryimage\",\"url\":\"https:\\\/\\\/hengxingmachinery.com\\\/wp-content\\\/uploads\\\/2025\\\/01\\\/coal-dryer.jpg\",\"contentUrl\":\"https:\\\/\\\/hengxingmachinery.com\\\/wp-content\\\/uploads\\\/2025\\\/01\\\/coal-dryer.jpg\"},{\"@type\":\"BreadcrumbList\",\"@id\":\"https:\\\/\\\/hengxingmachinery.com\\\/coal-dryer\\\/#breadcrumb\",\"itemListElement\":[{\"@type\":\"ListItem\",\"position\":1,\"name\":\"Home\",\"item\":\"https:\\\/\\\/hengxingmachinery.com\\\/\"},{\"@type\":\"ListItem\",\"position\":2,\"name\":\"5-1. Coal dryer\"}]},{\"@type\":\"WebSite\",\"@id\":\"https:\\\/\\\/hengxingmachinery.com\\\/#website\",\"url\":\"https:\\\/\\\/hengxingmachinery.com\\\/\",\"name\":\"Hengxing Machinery\",\"description\":\"Leading Manufacturer of All Sorts of Mining Machinery\",\"publisher\":{\"@id\":\"https:\\\/\\\/hengxingmachinery.com\\\/#organization\"},\"potentialAction\":[{\"@type\":\"SearchAction\",\"target\":{\"@type\":\"EntryPoint\",\"urlTemplate\":\"https:\\\/\\\/hengxingmachinery.com\\\/?s={search_term_string}\"},\"query-input\":{\"@type\":\"PropertyValueSpecification\",\"valueRequired\":true,\"valueName\":\"search_term_string\"}}],\"inLanguage\":\"fr-FR\"},{\"@type\":\"Organization\",\"@id\":\"https:\\\/\\\/hengxingmachinery.com\\\/#organization\",\"name\":\"Hengxing Machinery\",\"url\":\"https:\\\/\\\/hengxingmachinery.com\\\/\",\"logo\":{\"@type\":\"ImageObject\",\"inLanguage\":\"fr-FR\",\"@id\":\"https:\\\/\\\/hengxingmachinery.com\\\/#\\\/schema\\\/logo\\\/image\\\/\",\"url\":\"https:\\\/\\\/hengxingmachinery.com\\\/wp-content\\\/uploads\\\/2024\\\/12\\\/logo.png\",\"contentUrl\":\"https:\\\/\\\/hengxingmachinery.com\\\/wp-content\\\/uploads\\\/2024\\\/12\\\/logo.png\",\"width\":400,\"height\":260,\"caption\":\"Hengxing Machinery\"},\"image\":{\"@id\":\"https:\\\/\\\/hengxingmachinery.com\\\/#\\\/schema\\\/logo\\\/image\\\/\"}}]}<\/script>\n<!-- \/ Yoast SEO plugin. -->","yoast_head_json":{"title":"5-1. S\u00e9cheur \u00e0 charbon - Hengxing Machinery","robots":{"index":"index","follow":"follow","max-snippet":"max-snippet:-1","max-image-preview":"max-image-preview:large","max-video-preview":"max-video-preview:-1"},"canonical":"https:\/\/hengxingmachinery.com\/fr\/coal-dryer\/","og_locale":"fr_FR","og_type":"article","og_title":"5-1. Coal dryer - Hengxing Machinery","og_description":"Coal dryer Coal dryer working principle The coal powder drying process is mainly divided into the following work areas: One is the guide area, where the wet pulverized coal enters this area and quickly evaporates water in contact with the high-temperature hot air. The material will not form a sticky stool when the material is ... Lire plus","og_url":"https:\/\/hengxingmachinery.com\/fr\/coal-dryer\/","og_site_name":"Hengxing Machinery","article_modified_time":"2025-01-24T02:18:27+00:00","og_image":[{"url":"https:\/\/hengxingmachinery.com\/wp-content\/uploads\/2025\/01\/coal-dryer.jpg","type":"","width":"","height":""}],"twitter_card":"summary_large_image","twitter_misc":{"Dur\u00e9e de lecture estim\u00e9e":"3 minutes"},"schema":{"@context":"https:\/\/schema.org","@graph":[{"@type":"WebPage","@id":"https:\/\/hengxingmachinery.com\/coal-dryer\/","url":"https:\/\/hengxingmachinery.com\/coal-dryer\/","name":"5-1. S\u00e9cheur \u00e0 charbon - Hengxing Machinery","isPartOf":{"@id":"https:\/\/hengxingmachinery.com\/#website"},"primaryImageOfPage":{"@id":"https:\/\/hengxingmachinery.com\/coal-dryer\/#primaryimage"},"image":{"@id":"https:\/\/hengxingmachinery.com\/coal-dryer\/#primaryimage"},"thumbnailUrl":"https:\/\/hengxingmachinery.com\/wp-content\/uploads\/2025\/01\/coal-dryer.jpg","datePublished":"2025-01-23T09:37:28+00:00","dateModified":"2025-01-24T02:18:27+00:00","breadcrumb":{"@id":"https:\/\/hengxingmachinery.com\/coal-dryer\/#breadcrumb"},"inLanguage":"fr-FR","potentialAction":[{"@type":"ReadAction","target":["https:\/\/hengxingmachinery.com\/coal-dryer\/"]}]},{"@type":"ImageObject","inLanguage":"fr-FR","@id":"https:\/\/hengxingmachinery.com\/coal-dryer\/#primaryimage","url":"https:\/\/hengxingmachinery.com\/wp-content\/uploads\/2025\/01\/coal-dryer.jpg","contentUrl":"https:\/\/hengxingmachinery.com\/wp-content\/uploads\/2025\/01\/coal-dryer.jpg"},{"@type":"BreadcrumbList","@id":"https:\/\/hengxingmachinery.com\/coal-dryer\/#breadcrumb","itemListElement":[{"@type":"ListItem","position":1,"name":"Home","item":"https:\/\/hengxingmachinery.com\/"},{"@type":"ListItem","position":2,"name":"5-1. Coal dryer"}]},{"@type":"WebSite","@id":"https:\/\/hengxingmachinery.com\/#website","url":"https:\/\/hengxingmachinery.com\/","name":"Machines Hengxing","description":"Fabricant leader de toutes sortes de machines mini\u00e8res","publisher":{"@id":"https:\/\/hengxingmachinery.com\/#organization"},"potentialAction":[{"@type":"SearchAction","target":{"@type":"EntryPoint","urlTemplate":"https:\/\/hengxingmachinery.com\/?s={search_term_string}"},"query-input":{"@type":"PropertyValueSpecification","valueRequired":true,"valueName":"search_term_string"}}],"inLanguage":"fr-FR"},{"@type":"Organization","@id":"https:\/\/hengxingmachinery.com\/#organization","name":"Machines Hengxing","url":"https:\/\/hengxingmachinery.com\/","logo":{"@type":"ImageObject","inLanguage":"fr-FR","@id":"https:\/\/hengxingmachinery.com\/#\/schema\/logo\/image\/","url":"https:\/\/hengxingmachinery.com\/wp-content\/uploads\/2024\/12\/logo.png","contentUrl":"https:\/\/hengxingmachinery.com\/wp-content\/uploads\/2024\/12\/logo.png","width":400,"height":260,"caption":"Hengxing Machinery"},"image":{"@id":"https:\/\/hengxingmachinery.com\/#\/schema\/logo\/image\/"}}]}},"_links":{"self":[{"href":"https:\/\/hengxingmachinery.com\/fr\/wp-json\/wp\/v2\/pages\/1742","targetHints":{"allow":["GET"]}}],"collection":[{"href":"https:\/\/hengxingmachinery.com\/fr\/wp-json\/wp\/v2\/pages"}],"about":[{"href":"https:\/\/hengxingmachinery.com\/fr\/wp-json\/wp\/v2\/types\/page"}],"author":[{"embeddable":true,"href":"https:\/\/hengxingmachinery.com\/fr\/wp-json\/wp\/v2\/users\/1"}],"replies":[{"embeddable":true,"href":"https:\/\/hengxingmachinery.com\/fr\/wp-json\/wp\/v2\/comments?post=1742"}],"version-history":[{"count":3,"href":"https:\/\/hengxingmachinery.com\/fr\/wp-json\/wp\/v2\/pages\/1742\/revisions"}],"predecessor-version":[{"id":1765,"href":"https:\/\/hengxingmachinery.com\/fr\/wp-json\/wp\/v2\/pages\/1742\/revisions\/1765"}],"wp:attachment":[{"href":"https:\/\/hengxingmachinery.com\/fr\/wp-json\/wp\/v2\/media?parent=1742"}],"curies":[{"name":"wp","href":"https:\/\/api.w.org\/{rel}","templated":true}]}}