{"id":1751,"date":"2025-01-24T01:48:46","date_gmt":"2025-01-24T01:48:46","guid":{"rendered":"https:\/\/hengxingmachinery.com\/?page_id=1751"},"modified":"2025-01-24T02:16:31","modified_gmt":"2025-01-24T02:16:31","slug":"fly-ash-dryer","status":"publish","type":"page","link":"https:\/\/hengxingmachinery.com\/fr\/fly-ash-dryer\/","title":{"rendered":"5-1. S\u00e9cheur de cendres volantes"},"content":{"rendered":"<div class=\"gb-container gb-container-45165f5a\">\n<div class=\"gb-container gb-container-c2652eb4\">\n\n<h1 class=\"gb-headline gb-headline-62a8b2cc gb-headline-text\">S\u00e9choir \u00e0 cendres volantes<\/h1>\n\n<\/div>\n<\/div>\n\n<div class=\"gb-container gb-container-519cf624\">\n<div class=\"gb-container gb-container-71ca071e\">\n<div class=\"gb-grid-wrapper gb-grid-wrapper-8a5f0688\">\n<div class=\"gb-grid-column gb-grid-column-1e99b1c2\"><div class=\"gb-container gb-container-1e99b1c2\">\n\n<figure class=\"gb-block-image gb-block-image-e4eaba54\"><img decoding=\"async\" width=\"665\" height=\"545\" class=\"gb-image gb-image-e4eaba54\" src=\"https:\/\/hengxingmachinery.com\/wp-content\/uploads\/2025\/01\/fly-ash-drying-machine-1.jpg\" alt=\"\" title=\"machine de s\u00e9chage des cendres volantes\" srcset=\"https:\/\/hengxingmachinery.com\/wp-content\/uploads\/2025\/01\/fly-ash-drying-machine-1.jpg 665w, https:\/\/hengxingmachinery.com\/wp-content\/uploads\/2025\/01\/fly-ash-drying-machine-1-300x246.jpg 300w, https:\/\/hengxingmachinery.com\/wp-content\/uploads\/2025\/01\/fly-ash-drying-machine-1-15x12.jpg 15w\" sizes=\"(max-width: 665px) 100vw, 665px\" \/><\/figure>\n\n<\/div><\/div>\n\n<div class=\"gb-grid-column gb-grid-column-bcae065b\"><div class=\"gb-container gb-container-bcae065b\">\n\n<p class=\"gb-headline gb-headline-e419680e gb-headline-text\">Les cendres volantes sont un type de d\u00e9chet industriel rejet\u00e9 par les centrales \u00e9lectriques au charbon. Elles ne peuvent \u00eatre raisonnablement utilis\u00e9es pour une seconde exploitation qu'apr\u00e8s un traitement appropri\u00e9. <\/p>\n\n\n\n<p>Parmi les \u00e9quipements de traitement se trouve l'\u00e9quipement de s\u00e9chage ; un s\u00e9cheur de cendres volantes est un \u00e9quipement sp\u00e9cialis\u00e9 pour le s\u00e9chage des minerais. Il pr\u00e9sente les avantages d'un coefficient de s\u00e9chage \u00e9lev\u00e9, d'une op\u00e9ration simple, d'un faible taux de panne, de la s\u00e9curit\u00e9 et de la protection de l'environnement, etc.<\/p>\n\n\n<div class=\"gb-grid-wrapper gb-grid-wrapper-eebec76e\">\n<div class=\"gb-grid-column gb-grid-column-e3ada2f0\"><div class=\"gb-container gb-container-e3ada2f0\">\n\n<p class=\"gb-headline gb-headline-4c79a90a gb-headline-text\"><mark style=\"background-color:rgba(0, 0, 0, 0)\" class=\"has-inline-color has-global-color-8-color\"><strong>Capacit\u00e9:<\/strong><\/mark> 1,9 \u00e0 76,0 t\/h<\/p>\n\n<\/div><\/div>\n\n<div class=\"gb-grid-column gb-grid-column-0bb00826\"><div class=\"gb-container gb-container-0bb00826\">\n\n<p class=\"gb-headline gb-headline-86d53f56 gb-headline-text\"><mark style=\"background-color:rgba(0, 0, 0, 0)\" class=\"has-inline-color has-global-color-8-color\"><strong>Puissance (kW) :<\/strong><\/mark> 7.5-160<\/p>\n\n<\/div><\/div>\n<\/div>\n\n\n<p class=\"gb-headline gb-headline-2750f5a7 gb-headline-text\"><strong>Application :<\/strong><\/p>\n\n\n\n<p>Le s\u00e9cheur de cendres volantes est adapt\u00e9 au s\u00e9chage de mat\u00e9riaux pr\u00e9sentant une certaine humidit\u00e9 ou granulom\u00e9trie, tels que les cendres volantes, l'argile, le coke, les scories, les boues de charbon, le sable de rivi\u00e8re, le minerai de molybd\u00e8ne, le minerai d'or, le minerai de fer, le calcaire, l'argile, etc.<\/p>\n\n\n<div class=\"gb-container gb-container-256e15f1\">\n\n<a class=\"gb-button gb-button-e8b73d89 gb-button-text\" href=\"#popmake-622\">Obtenez un devis gratuit maintenant<\/a>\n\n<\/div>\n<\/div><\/div>\n<\/div>\n<\/div>\n<\/div>\n\n<div class=\"gb-container gb-container-af5f8799\">\n<div class=\"gb-container gb-container-2298848b\">\n\n<h2 class=\"gb-headline gb-headline-9d27ad2c gb-headline-text\">Structure du s\u00e9cheur de cendres volantes<\/h2>\n\n\n\n<p>Le m\u00e9canisme du s\u00e9cheur de cendres volantes n'est pas simplement un s\u00e9cheur basique, mais un syst\u00e8me de s\u00e9chage. Il se compose de 3 parties : le syst\u00e8me de chauffage, le syst\u00e8me d'\u00e9change thermique et le syst\u00e8me de ventilation et d\u00e9poussi\u00e9rage. Chaque syst\u00e8me r\u00e9alise une combinaison organique et exerce efficacement son meilleur effet. L'ensemble du syst\u00e8me int\u00e8gre l'alimentation en chaleur, le s\u00e9chage et la collecte des poussi\u00e8res en un tout organique, ce qui permet au syst\u00e8me global d'offrir une efficacit\u00e9 de s\u00e9chage sup\u00e9rieure.<\/p>\n\n\n<div class=\"gb-container gb-container-d7b7b595\">\n\n<a class=\"gb-button gb-button-c1312760 gb-button-text\" href=\"#popmake-622\">Obtenez un devis gratuit maintenant<\/a>\n\n<\/div>\n<\/div>\n<\/div>\n\n<div class=\"gb-container gb-container-ebd718b6\">\n<div class=\"gb-container gb-container-5c75b960\">\n\n<h2 class=\"gb-headline gb-headline-98859344 gb-headline-text\">Principe de fonctionnement du s\u00e9cheur de cendres volantes<\/h2>\n\n\n\n<figure class=\"gb-block-image gb-block-image-c486b36e\"><img decoding=\"async\" width=\"2560\" height=\"1169\" class=\"gb-image gb-image-c486b36e\" src=\"https:\/\/hengxingmachinery.com\/wp-content\/uploads\/2025\/01\/fly-ash-dryer-working-principle-1-scaled.jpg\" alt=\"\" title=\"principe de fonctionnement du s\u00e9cheur de cendres volantes\" srcset=\"https:\/\/hengxingmachinery.com\/wp-content\/uploads\/2025\/01\/fly-ash-dryer-working-principle-1-scaled.jpg 2560w, https:\/\/hengxingmachinery.com\/wp-content\/uploads\/2025\/01\/fly-ash-dryer-working-principle-1-300x137.jpg 300w, https:\/\/hengxingmachinery.com\/wp-content\/uploads\/2025\/01\/fly-ash-dryer-working-principle-1-1024x467.jpg 1024w, https:\/\/hengxingmachinery.com\/wp-content\/uploads\/2025\/01\/fly-ash-dryer-working-principle-1-768x351.jpg 768w, https:\/\/hengxingmachinery.com\/wp-content\/uploads\/2025\/01\/fly-ash-dryer-working-principle-1-1536x701.jpg 1536w, https:\/\/hengxingmachinery.com\/wp-content\/uploads\/2025\/01\/fly-ash-dryer-working-principle-1-2048x935.jpg 2048w, https:\/\/hengxingmachinery.com\/wp-content\/uploads\/2025\/01\/fly-ash-dryer-working-principle-1-18x8.jpg 18w\" sizes=\"(max-width: 2560px) 100vw, 2560px\" \/><\/figure>\n\n\n\n<p>Dans le cylindre de s\u00e9chage, le flux d'air chaud peut \u00eatre r\u00e9parti de mani\u00e8re raisonnable sur l'ensemble du cylindre. Les cendres volantes sont introduites par l'extr\u00e9mit\u00e9 basse temp\u00e9rature du cylindre de s\u00e9chage ; apr\u00e8s s\u00e9chage, l'humidit\u00e9 est \u00e9vapor\u00e9e, puis elles sont \u00e9vacu\u00e9es par l'extr\u00e9mit\u00e9 haute temp\u00e9rature. L'humidit\u00e9 de la poudre de cendres volantes s\u00e9ch\u00e9e est de 1 % \u00e0 3 %, et la finesse de la poudre de cendres volantes (r\u00e9sidu au tamis de 80 \u03bcm) est de 15 % \u00e0 20 %.<\/p>\n\n\n<div class=\"gb-container gb-container-d6bbf16a\">\n\n<a class=\"gb-button gb-button-caa3f2bc gb-button-text\" href=\"#popmake-622\">Obtenez un devis gratuit maintenant<\/a>\n\n<\/div>\n<\/div>\n<\/div>\n\n<div class=\"gb-container gb-container-c21d7913\">\n<div class=\"gb-container gb-container-a7d3cbcf\">\n\n<h2 class=\"gb-headline gb-headline-27592be5 gb-headline-text\">Avantages de performance du s\u00e9cheur de cendres volantes<\/h2>\n\n\n\n<figure class=\"gb-block-image gb-block-image-2de2d338\"><img decoding=\"async\" width=\"920\" height=\"420\" class=\"gb-image gb-image-2de2d338\" src=\"https:\/\/hengxingmachinery.com\/wp-content\/uploads\/2025\/01\/fly-ash-dryer-machine-1.jpg\" alt=\"\" title=\"machine s\u00e9cheuse de cendres volantes\" srcset=\"https:\/\/hengxingmachinery.com\/wp-content\/uploads\/2025\/01\/fly-ash-dryer-machine-1.jpg 920w, https:\/\/hengxingmachinery.com\/wp-content\/uploads\/2025\/01\/fly-ash-dryer-machine-1-300x137.jpg 300w, https:\/\/hengxingmachinery.com\/wp-content\/uploads\/2025\/01\/fly-ash-dryer-machine-1-768x351.jpg 768w, https:\/\/hengxingmachinery.com\/wp-content\/uploads\/2025\/01\/fly-ash-dryer-machine-1-18x8.jpg 18w\" sizes=\"(max-width: 920px) 100vw, 920px\" \/><\/figure>\n\n\n\n<p>1. Le s\u00e9cheur de cendres volantes utilise un \u00e9quipement de d\u00e9poussi\u00e9rage sp\u00e9cial, offrant une r\u00e9sistance \u00e0 la corrosion, aux hautes temp\u00e9ratures, \u00e0 la condensation et aux br\u00fblures de sacs, ce qui am\u00e9liore efficacement la dur\u00e9e de vie de l'\u00e9quipement de d\u00e9poussi\u00e9rage.<\/p>\n\n\n\n<p>2. La conception de la pression d'air et du d\u00e9bit d'air a \u00e9t\u00e9 optimis\u00e9e, garantissant efficacement l'augmentation de la production par unit\u00e9.<\/p>\n\n\n\n<p>3. La conception principale du s\u00e9cheur de cendres volantes est sp\u00e9ciale, avec l'ajout d'une plaque de levage centrale, ce qui prolonge le parcours du mat\u00e9riau et augmente la production de s\u00e9chage.<\/p>\n\n\n\n<p>4. L'augmentation du nombre de retournements des cendres volantes en cours de traitement implique l'allongement de la longueur du corps principal, permettant un s\u00e9chage complet des mat\u00e9riaux et am\u00e9liorant la qualit\u00e9 du s\u00e9chage.<\/p>\n\n\n\n<p>5. Le s\u00e9cheur de charbon pulv\u00e9ris\u00e9 adopte un four fluidis\u00e9 \u00e9conome en \u00e9nergie, am\u00e9liorant la capacit\u00e9 et l'efficacit\u00e9 de chauffage ; en utilisant le principe du s\u00e9chage par r\u00e9cup\u00e9ration de chaleur perdue, il poss\u00e8de une forte capacit\u00e9 d'\u00e9conomie d'\u00e9nergie et de r\u00e9duction de la consommation.<\/p>\n\n\n\n<p>6. Le s\u00e9cheur de cendres volantes adopte un contr\u00f4le automatique interne, une op\u00e9ration simple et stable.<\/p>\n\n\n\n<p>7. Le s\u00e9cheur de cendres volantes a une structure simple et une empreinte r\u00e9duite, ce qui r\u00e9duit efficacement l'investissement en g\u00e9nie civil.<\/p>\n\n\n\n<p>8. Le s\u00e9cheur de cendres volantes utilise une t\u00f4le d'acier alli\u00e9, offrant une r\u00e9sistance \u00e0 l'usure exceptionnelle ; et l'\u00e9quipement lui-m\u00eame peut \u00eatre facilement ajust\u00e9 selon l'indice d'humidit\u00e9 requis, r\u00e9duisant ainsi la difficult\u00e9 d'op\u00e9ration.<\/p>\n\n\n<div class=\"gb-container gb-container-9a0d7095\">\n\n<a class=\"gb-button gb-button-5673f414 gb-button-text\" href=\"#popmake-622\">Obtenez un devis gratuit maintenant<\/a>\n\n<\/div>\n<\/div>\n<\/div>\n\n<div class=\"gb-container gb-container-435ad261\">\n<div class=\"gb-container gb-container-7dc79cc4\">\n\n<h2 class=\"gb-headline gb-headline-6fe5dee2 gb-headline-text\">Sp\u00e9cifications du s\u00e9cheur de boues<\/h2>\n\n\n\n<figure class=\"wp-block-table is-style-stripes\"><table class=\"has-fixed-layout\"><tbody><tr><td><strong>Param\u00e8tre Technique<br>(diam\u00e8tre \u00d7 longueur)<\/strong><\/td><td><strong>Volume de la cuve<br>(m\u00b3)<\/strong><\/td><td><strong>Capacit\u00e9<br>(t\/h)<\/strong><\/td><td><strong>Inclinaison d'installation<br>(%)<\/strong><\/td><td><strong>Temp\u00e9rature maximale de l'air<br>(\u00b0C)<\/strong><\/td><td><strong>Moteur<br>(kW)<\/strong><\/td><td><strong>Poids total<br>(t)<\/strong><\/td><\/tr><tr><td>(kW)<\/td><td>9.0<\/td><td>1.9-2.4<\/td><td>3-5<\/td><td>700-800<\/td><td>7.5<\/td><td>9<\/td><\/tr><tr><td>Poids<\/td><td>11.3<\/td><td>2.4-3.0<\/td><td>3-5<\/td><td>700-800<\/td><td>7.5<\/td><td>11<\/td><\/tr><tr><td>(t)<\/td><td>21.2<\/td><td>4.5-5.7<\/td><td>3-5<\/td><td>700-800<\/td><td>15<\/td><td>18.5<\/td><\/tr><tr><td>\u03a61.2\u00d78.0<\/td><td>24.7<\/td><td>5.3-6.6<\/td><td>3-5<\/td><td>700-800<\/td><td>15<\/td><td>19.7<\/td><\/tr><tr><td>\u03a61.2\u00d710<\/td><td>26.5<\/td><td>5.7-7.1<\/td><td>3-5<\/td><td>700-800<\/td><td>15<\/td><td>20.5<\/td><\/tr><tr><td>\u03a61.5\u00d712<\/td><td>30.5<\/td><td>6.5-8.1<\/td><td>3-5<\/td><td>700-800<\/td><td>18.5<\/td><td>21.5<\/td><\/tr><tr><td>\u03a61.5\u00d714<\/td><td>35.6<\/td><td>7.6-9.5<\/td><td>3-5<\/td><td>700-800<\/td><td>18.5<\/td><td>23<\/td><\/tr><tr><td>\u03a61.5\u00d715<\/td><td>45.6<\/td><td>9.7-12.2<\/td><td>3-5<\/td><td>700-800<\/td><td>22<\/td><td>33.5<\/td><\/tr><tr><td>\u03a61.8\u00d712<\/td><td>53.2<\/td><td>11.4-14.2<\/td><td>3-5<\/td><td>700-800<\/td><td>22<\/td><td>36<\/td><\/tr><tr><td>\u03a61.8\u00d714<\/td><td>60.8<\/td><td>13.0-16.2<\/td><td>3-5<\/td><td>700-800<\/td><td>22<\/td><td>38<\/td><\/tr><tr><td>\u03a62.2\u00d712<\/td><td>63.3<\/td><td>13.5-16.9<\/td><td>3-5<\/td><td>700-800<\/td><td>37<\/td><td>45<\/td><\/tr><tr><td>\u03a62.2\u00d714<\/td><td>81.4<\/td><td>17.4-21.7<\/td><td>3-5<\/td><td>700-800<\/td><td>37<\/td><td>49<\/td><\/tr><tr><td>\u03a62.2\u00d716<\/td><td>90.4<\/td><td>19.3-24.1<\/td><td>3-5<\/td><td>700-800<\/td><td>45<\/td><td>54<\/td><\/tr><tr><td>Secteur minier &amp; ... Lire plus<\/td><td>99.5<\/td><td>21.2-26.5<\/td><td>3-5<\/td><td>700-800<\/td><td>45<\/td><td>58<\/td><\/tr><tr><td>\u03a62,6 \u00d7 24<\/td><td>127.4<\/td><td>27.2-34.0<\/td><td>3-5<\/td><td>700-800<\/td><td>55<\/td><td>73<\/td><\/tr><tr><td>\u03a63,0 \u00d7 20<\/td><td>141.3<\/td><td>30.1-37.7<\/td><td>3-5<\/td><td>700-800<\/td><td>75<\/td><td>85<\/td><\/tr><tr><td>\u03a63,0 \u00d7 25<\/td><td>176.6<\/td><td>37.7-47.1<\/td><td>3-5<\/td><td>700-800<\/td><td>75<\/td><td>95<\/td><\/tr><tr><td>\u03a63,2 \u00d7 25<\/td><td>201<\/td><td>42.9-53.6<\/td><td>3-5<\/td><td>700-800<\/td><td>90<\/td><td>110<\/td><\/tr><tr><td>\u03a63,6 \u00d7 28<\/td><td>285<\/td><td>60.8-76.0<\/td><td>3-5<\/td><td>700-800<\/td><td>160<\/td><td>135<\/td><\/tr><\/tbody><\/table><\/figure>\n\n\n<div class=\"gb-container gb-container-263d9700\">\n\n<a class=\"gb-button gb-button-a4cbb7be gb-button-text\" href=\"#popmake-622\">Obtenez un devis gratuit maintenant<\/a>\n\n<\/div>\n<\/div>\n<\/div>","protected":false},"excerpt":{"rendered":"<p>Fly ash dryer Structure of fly ash dryer The fly ash dryer mechanism is not just a simple dryer, but a dryer system. It consists of 3 parts, heating system, heat exchange system, ventilation and dust removal system. Each system realizes organic Combine and effectively exerts its better effect. the whole system integrates heat supply, &#8230; <\/p>\n<p class=\"read-more-container\"><a title=\"5-1. S\u00e9cheur de cendres volantes\" class=\"read-more button\" href=\"https:\/\/hengxingmachinery.com\/fr\/fly-ash-dryer\/#more-1751\" aria-label=\"En savoir plus sur 5-1. Fly ash dryer\">Lire plus<\/a><\/p>","protected":false},"author":1,"featured_media":0,"parent":0,"menu_order":0,"comment_status":"closed","ping_status":"closed","template":"","meta":{"footnotes":""},"class_list":["post-1751","page","type-page","status-publish"],"yoast_head":"<!-- This site is optimized with the Yoast SEO plugin v27.4 - https:\/\/yoast.com\/product\/yoast-seo-wordpress\/ -->\n<title>5-1. Fly ash dryer - Hengxing Machinery<\/title>\n<meta name=\"robots\" content=\"index, follow, max-snippet:-1, max-image-preview:large, max-video-preview:-1\" \/>\n<link rel=\"canonical\" href=\"https:\/\/hengxingmachinery.com\/fr\/fly-ash-dryer\/\" \/>\n<meta property=\"og:locale\" content=\"fr_FR\" \/>\n<meta property=\"og:type\" content=\"article\" \/>\n<meta property=\"og:title\" content=\"5-1. Fly ash dryer - Hengxing Machinery\" \/>\n<meta property=\"og:description\" content=\"Fly ash dryer Structure of fly ash dryer The fly ash dryer mechanism is not just a simple dryer, but a dryer system. It consists of 3 parts, heating system, heat exchange system, ventilation and dust removal system. Each system realizes organic Combine and effectively exerts its better effect. the whole system integrates heat supply, ... Lire plus\" \/>\n<meta property=\"og:url\" content=\"https:\/\/hengxingmachinery.com\/fr\/fly-ash-dryer\/\" \/>\n<meta property=\"og:site_name\" content=\"Hengxing Machinery\" \/>\n<meta property=\"article:modified_time\" content=\"2025-01-24T02:16:31+00:00\" \/>\n<meta property=\"og:image\" content=\"https:\/\/hengxingmachinery.com\/wp-content\/uploads\/2025\/01\/fly-ash-drying-machine-1.jpg\" \/>\n<meta name=\"twitter:card\" content=\"summary_large_image\" \/>\n<meta name=\"twitter:label1\" content=\"Dur\u00e9e de lecture estim\u00e9e\" \/>\n\t<meta name=\"twitter:data1\" content=\"4 minutes\" \/>\n<script type=\"application\/ld+json\" class=\"yoast-schema-graph\">{\"@context\":\"https:\\\/\\\/schema.org\",\"@graph\":[{\"@type\":\"WebPage\",\"@id\":\"https:\\\/\\\/hengxingmachinery.com\\\/fly-ash-dryer\\\/\",\"url\":\"https:\\\/\\\/hengxingmachinery.com\\\/fly-ash-dryer\\\/\",\"name\":\"5-1. Fly ash dryer - Hengxing Machinery\",\"isPartOf\":{\"@id\":\"https:\\\/\\\/hengxingmachinery.com\\\/#website\"},\"primaryImageOfPage\":{\"@id\":\"https:\\\/\\\/hengxingmachinery.com\\\/fly-ash-dryer\\\/#primaryimage\"},\"image\":{\"@id\":\"https:\\\/\\\/hengxingmachinery.com\\\/fly-ash-dryer\\\/#primaryimage\"},\"thumbnailUrl\":\"https:\\\/\\\/hengxingmachinery.com\\\/wp-content\\\/uploads\\\/2025\\\/01\\\/fly-ash-drying-machine-1.jpg\",\"datePublished\":\"2025-01-24T01:48:46+00:00\",\"dateModified\":\"2025-01-24T02:16:31+00:00\",\"breadcrumb\":{\"@id\":\"https:\\\/\\\/hengxingmachinery.com\\\/fly-ash-dryer\\\/#breadcrumb\"},\"inLanguage\":\"fr-FR\",\"potentialAction\":[{\"@type\":\"ReadAction\",\"target\":[\"https:\\\/\\\/hengxingmachinery.com\\\/fly-ash-dryer\\\/\"]}]},{\"@type\":\"ImageObject\",\"inLanguage\":\"fr-FR\",\"@id\":\"https:\\\/\\\/hengxingmachinery.com\\\/fly-ash-dryer\\\/#primaryimage\",\"url\":\"https:\\\/\\\/hengxingmachinery.com\\\/wp-content\\\/uploads\\\/2025\\\/01\\\/fly-ash-drying-machine-1.jpg\",\"contentUrl\":\"https:\\\/\\\/hengxingmachinery.com\\\/wp-content\\\/uploads\\\/2025\\\/01\\\/fly-ash-drying-machine-1.jpg\"},{\"@type\":\"BreadcrumbList\",\"@id\":\"https:\\\/\\\/hengxingmachinery.com\\\/fly-ash-dryer\\\/#breadcrumb\",\"itemListElement\":[{\"@type\":\"ListItem\",\"position\":1,\"name\":\"Home\",\"item\":\"https:\\\/\\\/hengxingmachinery.com\\\/\"},{\"@type\":\"ListItem\",\"position\":2,\"name\":\"5-1. Fly ash dryer\"}]},{\"@type\":\"WebSite\",\"@id\":\"https:\\\/\\\/hengxingmachinery.com\\\/#website\",\"url\":\"https:\\\/\\\/hengxingmachinery.com\\\/\",\"name\":\"Hengxing Machinery\",\"description\":\"Leading Manufacturer of All Sorts of Mining Machinery\",\"publisher\":{\"@id\":\"https:\\\/\\\/hengxingmachinery.com\\\/#organization\"},\"potentialAction\":[{\"@type\":\"SearchAction\",\"target\":{\"@type\":\"EntryPoint\",\"urlTemplate\":\"https:\\\/\\\/hengxingmachinery.com\\\/?s={search_term_string}\"},\"query-input\":{\"@type\":\"PropertyValueSpecification\",\"valueRequired\":true,\"valueName\":\"search_term_string\"}}],\"inLanguage\":\"fr-FR\"},{\"@type\":\"Organization\",\"@id\":\"https:\\\/\\\/hengxingmachinery.com\\\/#organization\",\"name\":\"Hengxing Machinery\",\"url\":\"https:\\\/\\\/hengxingmachinery.com\\\/\",\"logo\":{\"@type\":\"ImageObject\",\"inLanguage\":\"fr-FR\",\"@id\":\"https:\\\/\\\/hengxingmachinery.com\\\/#\\\/schema\\\/logo\\\/image\\\/\",\"url\":\"https:\\\/\\\/hengxingmachinery.com\\\/wp-content\\\/uploads\\\/2024\\\/12\\\/logo.png\",\"contentUrl\":\"https:\\\/\\\/hengxingmachinery.com\\\/wp-content\\\/uploads\\\/2024\\\/12\\\/logo.png\",\"width\":400,\"height\":260,\"caption\":\"Hengxing Machinery\"},\"image\":{\"@id\":\"https:\\\/\\\/hengxingmachinery.com\\\/#\\\/schema\\\/logo\\\/image\\\/\"}}]}<\/script>\n<!-- \/ Yoast SEO plugin. -->","yoast_head_json":{"title":"5-1. S\u00e9cheur de cendres volantes - Hengxing Machinery","robots":{"index":"index","follow":"follow","max-snippet":"max-snippet:-1","max-image-preview":"max-image-preview:large","max-video-preview":"max-video-preview:-1"},"canonical":"https:\/\/hengxingmachinery.com\/fr\/fly-ash-dryer\/","og_locale":"fr_FR","og_type":"article","og_title":"5-1. Fly ash dryer - Hengxing Machinery","og_description":"Fly ash dryer Structure of fly ash dryer The fly ash dryer mechanism is not just a simple dryer, but a dryer system. It consists of 3 parts, heating system, heat exchange system, ventilation and dust removal system. Each system realizes organic Combine and effectively exerts its better effect. the whole system integrates heat supply, ... Lire plus","og_url":"https:\/\/hengxingmachinery.com\/fr\/fly-ash-dryer\/","og_site_name":"Hengxing Machinery","article_modified_time":"2025-01-24T02:16:31+00:00","og_image":[{"url":"https:\/\/hengxingmachinery.com\/wp-content\/uploads\/2025\/01\/fly-ash-drying-machine-1.jpg","type":"","width":"","height":""}],"twitter_card":"summary_large_image","twitter_misc":{"Dur\u00e9e de lecture estim\u00e9e":"4 minutes"},"schema":{"@context":"https:\/\/schema.org","@graph":[{"@type":"WebPage","@id":"https:\/\/hengxingmachinery.com\/fly-ash-dryer\/","url":"https:\/\/hengxingmachinery.com\/fly-ash-dryer\/","name":"5-1. S\u00e9cheur de cendres volantes - Hengxing Machinery","isPartOf":{"@id":"https:\/\/hengxingmachinery.com\/#website"},"primaryImageOfPage":{"@id":"https:\/\/hengxingmachinery.com\/fly-ash-dryer\/#primaryimage"},"image":{"@id":"https:\/\/hengxingmachinery.com\/fly-ash-dryer\/#primaryimage"},"thumbnailUrl":"https:\/\/hengxingmachinery.com\/wp-content\/uploads\/2025\/01\/fly-ash-drying-machine-1.jpg","datePublished":"2025-01-24T01:48:46+00:00","dateModified":"2025-01-24T02:16:31+00:00","breadcrumb":{"@id":"https:\/\/hengxingmachinery.com\/fly-ash-dryer\/#breadcrumb"},"inLanguage":"fr-FR","potentialAction":[{"@type":"ReadAction","target":["https:\/\/hengxingmachinery.com\/fly-ash-dryer\/"]}]},{"@type":"ImageObject","inLanguage":"fr-FR","@id":"https:\/\/hengxingmachinery.com\/fly-ash-dryer\/#primaryimage","url":"https:\/\/hengxingmachinery.com\/wp-content\/uploads\/2025\/01\/fly-ash-drying-machine-1.jpg","contentUrl":"https:\/\/hengxingmachinery.com\/wp-content\/uploads\/2025\/01\/fly-ash-drying-machine-1.jpg"},{"@type":"BreadcrumbList","@id":"https:\/\/hengxingmachinery.com\/fly-ash-dryer\/#breadcrumb","itemListElement":[{"@type":"ListItem","position":1,"name":"Home","item":"https:\/\/hengxingmachinery.com\/"},{"@type":"ListItem","position":2,"name":"5-1. Fly ash dryer"}]},{"@type":"WebSite","@id":"https:\/\/hengxingmachinery.com\/#website","url":"https:\/\/hengxingmachinery.com\/","name":"Machines Hengxing","description":"Fabricant leader de toutes sortes de machines mini\u00e8res","publisher":{"@id":"https:\/\/hengxingmachinery.com\/#organization"},"potentialAction":[{"@type":"SearchAction","target":{"@type":"EntryPoint","urlTemplate":"https:\/\/hengxingmachinery.com\/?s={search_term_string}"},"query-input":{"@type":"PropertyValueSpecification","valueRequired":true,"valueName":"search_term_string"}}],"inLanguage":"fr-FR"},{"@type":"Organization","@id":"https:\/\/hengxingmachinery.com\/#organization","name":"Machines Hengxing","url":"https:\/\/hengxingmachinery.com\/","logo":{"@type":"ImageObject","inLanguage":"fr-FR","@id":"https:\/\/hengxingmachinery.com\/#\/schema\/logo\/image\/","url":"https:\/\/hengxingmachinery.com\/wp-content\/uploads\/2024\/12\/logo.png","contentUrl":"https:\/\/hengxingmachinery.com\/wp-content\/uploads\/2024\/12\/logo.png","width":400,"height":260,"caption":"Hengxing Machinery"},"image":{"@id":"https:\/\/hengxingmachinery.com\/#\/schema\/logo\/image\/"}}]}},"_links":{"self":[{"href":"https:\/\/hengxingmachinery.com\/fr\/wp-json\/wp\/v2\/pages\/1751","targetHints":{"allow":["GET"]}}],"collection":[{"href":"https:\/\/hengxingmachinery.com\/fr\/wp-json\/wp\/v2\/pages"}],"about":[{"href":"https:\/\/hengxingmachinery.com\/fr\/wp-json\/wp\/v2\/types\/page"}],"author":[{"embeddable":true,"href":"https:\/\/hengxingmachinery.com\/fr\/wp-json\/wp\/v2\/users\/1"}],"replies":[{"embeddable":true,"href":"https:\/\/hengxingmachinery.com\/fr\/wp-json\/wp\/v2\/comments?post=1751"}],"version-history":[{"count":3,"href":"https:\/\/hengxingmachinery.com\/fr\/wp-json\/wp\/v2\/pages\/1751\/revisions"}],"predecessor-version":[{"id":1763,"href":"https:\/\/hengxingmachinery.com\/fr\/wp-json\/wp\/v2\/pages\/1751\/revisions\/1763"}],"wp:attachment":[{"href":"https:\/\/hengxingmachinery.com\/fr\/wp-json\/wp\/v2\/media?parent=1751"}],"curies":[{"name":"wp","href":"https:\/\/api.w.org\/{rel}","templated":true}]}}