{"id":1764,"date":"2025-01-24T02:50:26","date_gmt":"2025-01-24T02:50:26","guid":{"rendered":"https:\/\/hengxingmachinery.com\/?page_id=1764"},"modified":"2025-01-24T02:59:20","modified_gmt":"2025-01-24T02:59:20","slug":"three-drum-rotary-dryer","status":"publish","type":"page","link":"https:\/\/hengxingmachinery.com\/fr\/three-drum-rotary-dryer\/","title":{"rendered":"5-1. S\u00e9choir rotatif \u00e0 trois tambours"},"content":{"rendered":"<div class=\"gb-container gb-container-45165f5a\">\n<div class=\"gb-container gb-container-c2652eb4\">\n\n<h1 class=\"gb-headline gb-headline-62a8b2cc gb-headline-text\">S\u00e9choir rotatif \u00e0 trois tambours<\/h1>\n\n<\/div>\n<\/div>\n\n<div class=\"gb-container gb-container-519cf624\">\n<div class=\"gb-container gb-container-71ca071e\">\n<div class=\"gb-grid-wrapper gb-grid-wrapper-8a5f0688\">\n<div class=\"gb-grid-column gb-grid-column-1e99b1c2\"><div class=\"gb-container gb-container-1e99b1c2\">\n\n<figure class=\"gb-block-image gb-block-image-e4eaba54\"><img decoding=\"async\" width=\"665\" height=\"545\" class=\"gb-image gb-image-e4eaba54\" src=\"https:\/\/hengxingmachinery.com\/wp-content\/uploads\/2025\/01\/three-drum-rotary-dryer-machine.jpg\" alt=\"\" title=\"machine de s\u00e9choir rotatif \u00e0 trois tambours\" srcset=\"https:\/\/hengxingmachinery.com\/wp-content\/uploads\/2025\/01\/three-drum-rotary-dryer-machine.jpg 665w, https:\/\/hengxingmachinery.com\/wp-content\/uploads\/2025\/01\/three-drum-rotary-dryer-machine-300x246.jpg 300w, https:\/\/hengxingmachinery.com\/wp-content\/uploads\/2025\/01\/three-drum-rotary-dryer-machine-15x12.jpg 15w\" sizes=\"(max-width: 665px) 100vw, 665px\" \/><\/figure>\n\n<\/div><\/div>\n\n<div class=\"gb-grid-column gb-grid-column-bcae065b\"><div class=\"gb-container gb-container-bcae065b\">\n\n<p class=\"gb-headline gb-headline-e419680e gb-headline-text\"><\/p>\n\n\n<div class=\"gb-grid-wrapper gb-grid-wrapper-eebec76e\">\n<div class=\"gb-grid-column gb-grid-column-e3ada2f0\"><div class=\"gb-container gb-container-e3ada2f0\">\n\n<p class=\"gb-headline gb-headline-4c79a90a gb-headline-text\"><mark style=\"background-color:rgba(0, 0, 0, 0)\" class=\"has-inline-color has-global-color-8-color\"><strong>Capacit\u00e9:<\/strong><\/mark> 8-100 t\/h<\/p>\n\n<\/div><\/div>\n\n<div class=\"gb-grid-column gb-grid-column-0bb00826\"><div class=\"gb-container gb-container-0bb00826\">\n\n<p class=\"gb-headline gb-headline-86d53f56 gb-headline-text\"><mark style=\"background-color:rgba(0, 0, 0, 0)\" class=\"has-inline-color has-global-color-8-color\"><strong><strong>Vitesse de rotation (tr\/min)<\/strong>:<\/strong><\/mark> 4-10<\/p>\n\n<\/div><\/div>\n<\/div>\n\n\n<p class=\"gb-headline gb-headline-2750f5a7 gb-headline-text\"><strong>Application :<\/strong><\/p>\n\n\n\n<p>Le s\u00e9choir rotatif \u00e0 trois cylindres est principalement utilis\u00e9 pour le s\u00e9chage des scories, du sable, du charbon, des cendres volantes, de la poudre de fer, du minerai, du sable de quartz et autres mat\u00e9riaux granulaires.<\/p>\n\n\n<div class=\"gb-container gb-container-256e15f1\">\n\n<a class=\"gb-button gb-button-e8b73d89 gb-button-text\" href=\"#popmake-622\">Obtenez un devis gratuit maintenant<\/a>\n\n<\/div>\n<\/div><\/div>\n<\/div>\n<\/div>\n<\/div>\n\n<div class=\"gb-container gb-container-af5f8799\">\n<div class=\"gb-container gb-container-2298848b\">\n\n<h2 class=\"gb-headline gb-headline-9d27ad2c gb-headline-text\">Caract\u00e9ristiques du s\u00e9choir rotatif \u00e0 trois tambours<\/h2>\n\n\n\n<p>1. Le cylindre est auto-prot\u00e9g\u00e9, l'efficacit\u00e9 thermique peut atteindre 95%. La longueur totale du s\u00e9choir est r\u00e9duite d'environ 50% par rapport \u00e0 un mono-cylindre et l'investissement foncier est r\u00e9duit d'environ 50%.<\/p>\n\n\n\n<p>2. Le cylindre est soud\u00e9 en t\u00f4le d'acier r\u00e9sistante \u00e0 la chaleur et \u00e0 l'usure, offrant une longue dur\u00e9e de vie et un entretien facile. Haute efficacit\u00e9 thermique, la temp\u00e9rature du cylindre ext\u00e9rieur est de 60\u00b0C ou moins (la temp\u00e9rature d'un mono-cylindre ext\u00e9rieur peut atteindre 150\u00b0C).<\/p>\n\n\n\n<p>3. Basse temp\u00e9rature de sortie, longue dur\u00e9e de vie du d\u00e9poussi\u00e9reur. Peut \u00e9galement \u00eatre directement connect\u00e9 \u00e0 un filtre \u00e0 manches \u00e0 pulseur \u00e0 air.<\/p>\n\n\n\n<p>4. Pas d'entra\u00eenement par pignon et cr\u00e9maill\u00e8re, mais rotation par roues, fonctionnement horizontal de la machine compl\u00e8te rendant le syst\u00e8me simple et rationnel.<\/p>\n\n\n\n<p>5. Un r\u00e9chauffeur d'air peut \u00eatre coupl\u00e9 \u00e0 un four fluidis\u00e9 ou un four \u00e0 mazout peut \u00e9galement \u00eatre utilis\u00e9, permettant de s\u00e9cher des mat\u00e9riaux d'une granulom\u00e9trie inf\u00e9rieure \u00e0 20 mm.<\/p>\n\n\n\n<p>6. L'indice d'humidit\u00e9 final peut \u00eatre ajust\u00e9 selon les exigences des clients.<\/p>\n\n\n<div class=\"gb-container gb-container-d7b7b595\">\n\n<a class=\"gb-button gb-button-c1312760 gb-button-text\" href=\"#popmake-622\">Obtenez un devis gratuit maintenant<\/a>\n\n<\/div>\n<\/div>\n<\/div>\n\n<div class=\"gb-container gb-container-ebd718b6\">\n<div class=\"gb-container gb-container-5c75b960\">\n\n<h2 class=\"gb-headline gb-headline-98859344 gb-headline-text\">Principe de fonctionnement du s\u00e9choir rotatif \u00e0 trois tambours<\/h2>\n\n\n\n<figure class=\"gb-block-image gb-block-image-c486b36e\"><img decoding=\"async\" width=\"2164\" height=\"1456\" class=\"gb-image gb-image-c486b36e\" src=\"https:\/\/hengxingmachinery.com\/wp-content\/uploads\/2025\/01\/three-drum-rotary-dryer-working-principle.jpg\" alt=\"\" title=\"principe de fonctionnement du s\u00e9choir rotatif \u00e0 trois tambours\" srcset=\"https:\/\/hengxingmachinery.com\/wp-content\/uploads\/2025\/01\/three-drum-rotary-dryer-working-principle.jpg 2164w, https:\/\/hengxingmachinery.com\/wp-content\/uploads\/2025\/01\/three-drum-rotary-dryer-working-principle-300x202.jpg 300w, https:\/\/hengxingmachinery.com\/wp-content\/uploads\/2025\/01\/three-drum-rotary-dryer-working-principle-1024x689.jpg 1024w, https:\/\/hengxingmachinery.com\/wp-content\/uploads\/2025\/01\/three-drum-rotary-dryer-working-principle-768x517.jpg 768w, https:\/\/hengxingmachinery.com\/wp-content\/uploads\/2025\/01\/three-drum-rotary-dryer-working-principle-1536x1033.jpg 1536w, https:\/\/hengxingmachinery.com\/wp-content\/uploads\/2025\/01\/three-drum-rotary-dryer-working-principle-2048x1378.jpg 2048w, https:\/\/hengxingmachinery.com\/wp-content\/uploads\/2025\/01\/three-drum-rotary-dryer-working-principle-18x12.jpg 18w\" sizes=\"(max-width: 2164px) 100vw, 2164px\" \/><\/figure>\n\n\n\n<p>1. Le mat\u00e9riau entre d'abord dans le tambour int\u00e9rieur. Des plaques en forme de spirale \u00e9tant fix\u00e9es dans le tambour, lorsque le s\u00e9choir tourne, ces plaques brassent le mat\u00e9riau et le font avancer.<\/p>\n\n\n\n<p>2. Lorsque le mat\u00e9riau atteint le c\u00f4t\u00e9 droit du tambour, il passe dans le deuxi\u00e8me tambour pour un s\u00e9chage suppl\u00e9mentaire.<\/p>\n\n\n\n<p>3. Selon le m\u00eame principe, le mat\u00e9riau entre ensuite dans le tambour ext\u00e9rieur. Au cours du processus de s\u00e9chage, le mat\u00e9riau subit trois cycles de s\u00e9chage, assurant ainsi un s\u00e9chage complet.<\/p>\n\n\n<div class=\"gb-container gb-container-d6bbf16a\">\n\n<a class=\"gb-button gb-button-caa3f2bc gb-button-text\" href=\"#popmake-622\">Obtenez un devis gratuit maintenant<\/a>\n\n<\/div>\n<\/div>\n<\/div>\n\n<div class=\"gb-container gb-container-c21d7913\">\n<div class=\"gb-container gb-container-a7d3cbcf\">\n\n<h2 class=\"gb-headline gb-headline-27592be5 gb-headline-text\">Avantages de performance du s\u00e9choir rotatif \u00e0 trois tambours<\/h2>\n\n\n\n<figure class=\"gb-block-image gb-block-image-2de2d338\"><img decoding=\"async\" width=\"920\" height=\"420\" class=\"gb-image gb-image-2de2d338\" src=\"https:\/\/hengxingmachinery.com\/wp-content\/uploads\/2025\/01\/three-drum-rotary-dryer-for-sale.jpg\" alt=\"\" title=\"s\u00e9choir rotatif \u00e0 trois tambours \u00e0 vendre\" srcset=\"https:\/\/hengxingmachinery.com\/wp-content\/uploads\/2025\/01\/three-drum-rotary-dryer-for-sale.jpg 920w, https:\/\/hengxingmachinery.com\/wp-content\/uploads\/2025\/01\/three-drum-rotary-dryer-for-sale-300x137.jpg 300w, https:\/\/hengxingmachinery.com\/wp-content\/uploads\/2025\/01\/three-drum-rotary-dryer-for-sale-768x351.jpg 768w, https:\/\/hengxingmachinery.com\/wp-content\/uploads\/2025\/01\/three-drum-rotary-dryer-for-sale-18x8.jpg 18w\" sizes=\"(max-width: 920px) 100vw, 920px\" \/><\/figure>\n\n\n\n<p>1. Haute teneur technologique, cylindre auto-prot\u00e9g\u00e9, friture et cuisson simultan\u00e9es, efficacit\u00e9 thermique atteignant 85%.<\/p>\n\n\n\n<p>2. Le s\u00e9choir Roots est 60% plus court qu'un s\u00e9choir \u00e0 trois tambours ordinaire, ce qui facilite l'agencement du processus. Il r\u00e9duit la surface au sol de l'usine et permet d'\u00e9conomiser environ 40% sur l'investissement d'ing\u00e9nierie.<\/p>\n\n\n\n<p>3. Il utilise un acier alli\u00e9 r\u00e9sistant \u00e0 la chaleur et \u00e0 l'usure, quatre fois plus r\u00e9sistant \u00e0 l'usure que l'acier ordinaire. Longue dur\u00e9e de vie, entretien facile.<\/p>\n\n\n\n<p>4. Basse temp\u00e9rature de sortie, b\u00e9n\u00e9fique pour l'\u00e9quipement de d\u00e9poussi\u00e9rage sur le long terme, peut \u00eatre directement connect\u00e9 \u00e0 un filtre \u00e0 manches \u00e0 jet puls\u00e9.<\/p>\n\n\n\n<p>5. L'investissement en g\u00e9nie civil est r\u00e9duit d'environ 50%, et la consommation \u00e9lectrique est r\u00e9duite de 60%.<\/p>\n\n\n\n<p>6. Conception compacte, structure simple et agencement rationnel, augmentant le taux d'\u00e9change de chaleur et de mati\u00e8re.<\/p>\n\n\n\n<p>7. Facile \u00e0 automatiser, r\u00e9duisant le personnel d'exploitation et \u00e9conomisant les ressources humaines.<\/p>\n\n\n<div class=\"gb-container gb-container-9a0d7095\">\n\n<a class=\"gb-button gb-button-5673f414 gb-button-text\" href=\"#popmake-622\">Obtenez un devis gratuit maintenant<\/a>\n\n<\/div>\n<\/div>\n<\/div>\n\n<div class=\"gb-container gb-container-435ad261\">\n<div class=\"gb-container gb-container-7dc79cc4\">\n\n<h2 class=\"gb-headline gb-headline-6fe5dee2 gb-headline-text\">Sp\u00e9cifications du s\u00e9choir rotatif \u00e0 trois tambours<\/h2>\n\n\n\n<figure class=\"wp-block-table is-style-stripes\"><table class=\"has-fixed-layout\"><tbody><tr><td><strong>Mod\u00e8le<\/strong><strong><\/strong><\/td><td><strong>Diam\u00e8tre du cylindre ext\u00e9rieur (m)<\/strong><\/td><td><strong>Longueur du cylindre ext\u00e9rieur (m)<\/strong><\/td><td><strong>Volume du tambour (m\u00b3)<\/strong><\/td><td><strong>Vitesse de rotation (tr\/min)<\/strong><\/td><td><strong>Temp\u00e9rature maximale de l'air<\/strong><br><strong>(\u00b0C)<\/strong><\/td><td><strong>Capacit\u00e9 de production (t\/h)<\/strong><\/td><td><strong>Puissance (kW)<\/strong><strong><\/strong><\/td><\/tr><tr><td>2.0*4m<\/td><td>2<\/td><td>4<\/td><td>12.56<\/td><td>4-10<\/td><td>700-750<\/td><td>8-15<\/td><td>5.5\u00d72<\/td><\/tr><tr><td>2.2*5m<\/td><td>2.2<\/td><td>5<\/td><td>18.99<\/td><td>4-10<\/td><td>700-750<\/td><td>12-20<\/td><td>5.5\u00d72<\/td><\/tr><tr><td>2.5*6m<\/td><td>2.5<\/td><td>6<\/td><td>29.43<\/td><td>4-10<\/td><td>700-750<\/td><td>18-28<\/td><td>7.5\u00d72<\/td><\/tr><tr><td>2.8*6m<\/td><td>2.8<\/td><td>6<\/td><td>36.92<\/td><td>4-10<\/td><td>700-750<\/td><td>25-35<\/td><td>11\u00d72<\/td><\/tr><tr><td>3.0*6m<\/td><td>3<\/td><td>6<\/td><td>42.39<\/td><td>4-10<\/td><td>700-750<\/td><td>30-40<\/td><td>7.5\u00d74<\/td><\/tr><tr><td>3.0*7m<\/td><td>3<\/td><td>7<\/td><td>49.45<\/td><td>4-10<\/td><td>700-750<\/td><td>30-45<\/td><td>7.5\u00d74<\/td><\/tr><tr><td>3.2*7m<\/td><td>3.2<\/td><td>7<\/td><td>56.27<\/td><td>4-10<\/td><td>700-750<\/td><td>35-55<\/td><td>11\u00d74<\/td><\/tr><tr><td>3.6*8m<\/td><td>3.6<\/td><td>8<\/td><td>81.39<\/td><td>4-10<\/td><td>700-750<\/td><td>55-75<\/td><td>18.5\u00d74<\/td><\/tr><tr><td>4.0*10m<\/td><td>4<\/td><td>10<\/td><td>125.60<\/td><td>4-10<\/td><td>700-750<\/td><td>70-100<\/td><td>22\u00d74<\/td><\/tr><\/tbody><\/table><\/figure>\n\n\n<div class=\"gb-container gb-container-263d9700\">\n\n<a class=\"gb-button gb-button-a4cbb7be gb-button-text\" href=\"#popmake-622\">Obtenez un devis gratuit maintenant<\/a>\n\n<\/div>\n<\/div>\n<\/div>","protected":false},"excerpt":{"rendered":"<p>Three drum rotary dryer Characteristics of three drum rotary dryer 1. The cylinder protect itself, thermal efficiency can up to 95%.The whole length of the dryer reduced to 50% approximately than mono-cylinder and reduced land investment to 50% approximately 2. Cylinder adopts heat-resistant and wear-resistant steel plate welding with long service life and easy maintenance. &#8230; <\/p>\n<p class=\"read-more-container\"><a title=\"5-1. S\u00e9choir rotatif \u00e0 trois tambours\" class=\"read-more button\" href=\"https:\/\/hengxingmachinery.com\/fr\/three-drum-rotary-dryer\/#more-1764\" aria-label=\"En savoir plus sur 5-1. Three drum rotary dryer\">Lire plus<\/a><\/p>","protected":false},"author":1,"featured_media":0,"parent":0,"menu_order":0,"comment_status":"closed","ping_status":"closed","template":"","meta":{"footnotes":""},"class_list":["post-1764","page","type-page","status-publish"],"yoast_head":"<!-- This site is optimized with the Yoast SEO plugin v27.4 - https:\/\/yoast.com\/product\/yoast-seo-wordpress\/ -->\n<title>5-1. Three drum rotary dryer - Hengxing Machinery<\/title>\n<meta name=\"robots\" content=\"index, follow, max-snippet:-1, max-image-preview:large, max-video-preview:-1\" \/>\n<link rel=\"canonical\" href=\"https:\/\/hengxingmachinery.com\/fr\/three-drum-rotary-dryer\/\" \/>\n<meta property=\"og:locale\" content=\"fr_FR\" \/>\n<meta property=\"og:type\" content=\"article\" \/>\n<meta property=\"og:title\" content=\"5-1. Three drum rotary dryer - Hengxing Machinery\" \/>\n<meta property=\"og:description\" content=\"Three drum rotary dryer Characteristics of three drum rotary dryer 1. The cylinder protect itself, thermal efficiency can up to 95%.The whole length of the dryer reduced to 50% approximately than mono-cylinder and reduced land investment to 50% approximately 2. Cylinder adopts heat-resistant and wear-resistant steel plate welding with long service life and easy maintenance. ... Lire plus\" \/>\n<meta property=\"og:url\" content=\"https:\/\/hengxingmachinery.com\/fr\/three-drum-rotary-dryer\/\" \/>\n<meta property=\"og:site_name\" content=\"Hengxing Machinery\" \/>\n<meta property=\"article:modified_time\" content=\"2025-01-24T02:59:20+00:00\" \/>\n<meta property=\"og:image\" content=\"https:\/\/hengxingmachinery.com\/wp-content\/uploads\/2025\/01\/three-drum-rotary-dryer-machine.jpg\" \/>\n<meta name=\"twitter:card\" content=\"summary_large_image\" \/>\n<meta name=\"twitter:label1\" content=\"Dur\u00e9e de lecture estim\u00e9e\" \/>\n\t<meta name=\"twitter:data1\" content=\"4 minutes\" \/>\n<script type=\"application\/ld+json\" class=\"yoast-schema-graph\">{\"@context\":\"https:\\\/\\\/schema.org\",\"@graph\":[{\"@type\":\"WebPage\",\"@id\":\"https:\\\/\\\/hengxingmachinery.com\\\/three-drum-rotary-dryer\\\/\",\"url\":\"https:\\\/\\\/hengxingmachinery.com\\\/three-drum-rotary-dryer\\\/\",\"name\":\"5-1. Three drum rotary dryer - Hengxing Machinery\",\"isPartOf\":{\"@id\":\"https:\\\/\\\/hengxingmachinery.com\\\/#website\"},\"primaryImageOfPage\":{\"@id\":\"https:\\\/\\\/hengxingmachinery.com\\\/three-drum-rotary-dryer\\\/#primaryimage\"},\"image\":{\"@id\":\"https:\\\/\\\/hengxingmachinery.com\\\/three-drum-rotary-dryer\\\/#primaryimage\"},\"thumbnailUrl\":\"https:\\\/\\\/hengxingmachinery.com\\\/wp-content\\\/uploads\\\/2025\\\/01\\\/three-drum-rotary-dryer-machine.jpg\",\"datePublished\":\"2025-01-24T02:50:26+00:00\",\"dateModified\":\"2025-01-24T02:59:20+00:00\",\"breadcrumb\":{\"@id\":\"https:\\\/\\\/hengxingmachinery.com\\\/three-drum-rotary-dryer\\\/#breadcrumb\"},\"inLanguage\":\"fr-FR\",\"potentialAction\":[{\"@type\":\"ReadAction\",\"target\":[\"https:\\\/\\\/hengxingmachinery.com\\\/three-drum-rotary-dryer\\\/\"]}]},{\"@type\":\"ImageObject\",\"inLanguage\":\"fr-FR\",\"@id\":\"https:\\\/\\\/hengxingmachinery.com\\\/three-drum-rotary-dryer\\\/#primaryimage\",\"url\":\"https:\\\/\\\/hengxingmachinery.com\\\/wp-content\\\/uploads\\\/2025\\\/01\\\/three-drum-rotary-dryer-machine.jpg\",\"contentUrl\":\"https:\\\/\\\/hengxingmachinery.com\\\/wp-content\\\/uploads\\\/2025\\\/01\\\/three-drum-rotary-dryer-machine.jpg\"},{\"@type\":\"BreadcrumbList\",\"@id\":\"https:\\\/\\\/hengxingmachinery.com\\\/three-drum-rotary-dryer\\\/#breadcrumb\",\"itemListElement\":[{\"@type\":\"ListItem\",\"position\":1,\"name\":\"Home\",\"item\":\"https:\\\/\\\/hengxingmachinery.com\\\/\"},{\"@type\":\"ListItem\",\"position\":2,\"name\":\"5-1. Three drum rotary dryer\"}]},{\"@type\":\"WebSite\",\"@id\":\"https:\\\/\\\/hengxingmachinery.com\\\/#website\",\"url\":\"https:\\\/\\\/hengxingmachinery.com\\\/\",\"name\":\"Hengxing Machinery\",\"description\":\"Leading Manufacturer of All Sorts of Mining Machinery\",\"publisher\":{\"@id\":\"https:\\\/\\\/hengxingmachinery.com\\\/#organization\"},\"potentialAction\":[{\"@type\":\"SearchAction\",\"target\":{\"@type\":\"EntryPoint\",\"urlTemplate\":\"https:\\\/\\\/hengxingmachinery.com\\\/?s={search_term_string}\"},\"query-input\":{\"@type\":\"PropertyValueSpecification\",\"valueRequired\":true,\"valueName\":\"search_term_string\"}}],\"inLanguage\":\"fr-FR\"},{\"@type\":\"Organization\",\"@id\":\"https:\\\/\\\/hengxingmachinery.com\\\/#organization\",\"name\":\"Hengxing Machinery\",\"url\":\"https:\\\/\\\/hengxingmachinery.com\\\/\",\"logo\":{\"@type\":\"ImageObject\",\"inLanguage\":\"fr-FR\",\"@id\":\"https:\\\/\\\/hengxingmachinery.com\\\/#\\\/schema\\\/logo\\\/image\\\/\",\"url\":\"https:\\\/\\\/hengxingmachinery.com\\\/wp-content\\\/uploads\\\/2024\\\/12\\\/logo.png\",\"contentUrl\":\"https:\\\/\\\/hengxingmachinery.com\\\/wp-content\\\/uploads\\\/2024\\\/12\\\/logo.png\",\"width\":400,\"height\":260,\"caption\":\"Hengxing Machinery\"},\"image\":{\"@id\":\"https:\\\/\\\/hengxingmachinery.com\\\/#\\\/schema\\\/logo\\\/image\\\/\"}}]}<\/script>\n<!-- \/ Yoast SEO plugin. -->","yoast_head_json":{"title":"5-1. S\u00e9cheur rotatif \u00e0 trois tambours - Hengxing Machinery","robots":{"index":"index","follow":"follow","max-snippet":"max-snippet:-1","max-image-preview":"max-image-preview:large","max-video-preview":"max-video-preview:-1"},"canonical":"https:\/\/hengxingmachinery.com\/fr\/three-drum-rotary-dryer\/","og_locale":"fr_FR","og_type":"article","og_title":"5-1. Three drum rotary dryer - Hengxing Machinery","og_description":"Three drum rotary dryer Characteristics of three drum rotary dryer 1. The cylinder protect itself, thermal efficiency can up to 95%.The whole length of the dryer reduced to 50% approximately than mono-cylinder and reduced land investment to 50% approximately 2. Cylinder adopts heat-resistant and wear-resistant steel plate welding with long service life and easy maintenance. ... Lire plus","og_url":"https:\/\/hengxingmachinery.com\/fr\/three-drum-rotary-dryer\/","og_site_name":"Hengxing Machinery","article_modified_time":"2025-01-24T02:59:20+00:00","og_image":[{"url":"https:\/\/hengxingmachinery.com\/wp-content\/uploads\/2025\/01\/three-drum-rotary-dryer-machine.jpg","type":"","width":"","height":""}],"twitter_card":"summary_large_image","twitter_misc":{"Dur\u00e9e de lecture estim\u00e9e":"4 minutes"},"schema":{"@context":"https:\/\/schema.org","@graph":[{"@type":"WebPage","@id":"https:\/\/hengxingmachinery.com\/three-drum-rotary-dryer\/","url":"https:\/\/hengxingmachinery.com\/three-drum-rotary-dryer\/","name":"5-1. S\u00e9cheur rotatif \u00e0 trois tambours - Hengxing Machinery","isPartOf":{"@id":"https:\/\/hengxingmachinery.com\/#website"},"primaryImageOfPage":{"@id":"https:\/\/hengxingmachinery.com\/three-drum-rotary-dryer\/#primaryimage"},"image":{"@id":"https:\/\/hengxingmachinery.com\/three-drum-rotary-dryer\/#primaryimage"},"thumbnailUrl":"https:\/\/hengxingmachinery.com\/wp-content\/uploads\/2025\/01\/three-drum-rotary-dryer-machine.jpg","datePublished":"2025-01-24T02:50:26+00:00","dateModified":"2025-01-24T02:59:20+00:00","breadcrumb":{"@id":"https:\/\/hengxingmachinery.com\/three-drum-rotary-dryer\/#breadcrumb"},"inLanguage":"fr-FR","potentialAction":[{"@type":"ReadAction","target":["https:\/\/hengxingmachinery.com\/three-drum-rotary-dryer\/"]}]},{"@type":"ImageObject","inLanguage":"fr-FR","@id":"https:\/\/hengxingmachinery.com\/three-drum-rotary-dryer\/#primaryimage","url":"https:\/\/hengxingmachinery.com\/wp-content\/uploads\/2025\/01\/three-drum-rotary-dryer-machine.jpg","contentUrl":"https:\/\/hengxingmachinery.com\/wp-content\/uploads\/2025\/01\/three-drum-rotary-dryer-machine.jpg"},{"@type":"BreadcrumbList","@id":"https:\/\/hengxingmachinery.com\/three-drum-rotary-dryer\/#breadcrumb","itemListElement":[{"@type":"ListItem","position":1,"name":"Home","item":"https:\/\/hengxingmachinery.com\/"},{"@type":"ListItem","position":2,"name":"5-1. Three drum rotary dryer"}]},{"@type":"WebSite","@id":"https:\/\/hengxingmachinery.com\/#website","url":"https:\/\/hengxingmachinery.com\/","name":"Machines Hengxing","description":"Fabricant leader de toutes sortes de machines mini\u00e8res","publisher":{"@id":"https:\/\/hengxingmachinery.com\/#organization"},"potentialAction":[{"@type":"SearchAction","target":{"@type":"EntryPoint","urlTemplate":"https:\/\/hengxingmachinery.com\/?s={search_term_string}"},"query-input":{"@type":"PropertyValueSpecification","valueRequired":true,"valueName":"search_term_string"}}],"inLanguage":"fr-FR"},{"@type":"Organization","@id":"https:\/\/hengxingmachinery.com\/#organization","name":"Machines Hengxing","url":"https:\/\/hengxingmachinery.com\/","logo":{"@type":"ImageObject","inLanguage":"fr-FR","@id":"https:\/\/hengxingmachinery.com\/#\/schema\/logo\/image\/","url":"https:\/\/hengxingmachinery.com\/wp-content\/uploads\/2024\/12\/logo.png","contentUrl":"https:\/\/hengxingmachinery.com\/wp-content\/uploads\/2024\/12\/logo.png","width":400,"height":260,"caption":"Hengxing Machinery"},"image":{"@id":"https:\/\/hengxingmachinery.com\/#\/schema\/logo\/image\/"}}]}},"_links":{"self":[{"href":"https:\/\/hengxingmachinery.com\/fr\/wp-json\/wp\/v2\/pages\/1764","targetHints":{"allow":["GET"]}}],"collection":[{"href":"https:\/\/hengxingmachinery.com\/fr\/wp-json\/wp\/v2\/pages"}],"about":[{"href":"https:\/\/hengxingmachinery.com\/fr\/wp-json\/wp\/v2\/types\/page"}],"author":[{"embeddable":true,"href":"https:\/\/hengxingmachinery.com\/fr\/wp-json\/wp\/v2\/users\/1"}],"replies":[{"embeddable":true,"href":"https:\/\/hengxingmachinery.com\/fr\/wp-json\/wp\/v2\/comments?post=1764"}],"version-history":[{"count":4,"href":"https:\/\/hengxingmachinery.com\/fr\/wp-json\/wp\/v2\/pages\/1764\/revisions"}],"predecessor-version":[{"id":1772,"href":"https:\/\/hengxingmachinery.com\/fr\/wp-json\/wp\/v2\/pages\/1764\/revisions\/1772"}],"wp:attachment":[{"href":"https:\/\/hengxingmachinery.com\/fr\/wp-json\/wp\/v2\/media?parent=1764"}],"curies":[{"name":"wp","href":"https:\/\/api.w.org\/{rel}","templated":true}]}}