{"id":1832,"date":"2025-01-24T09:24:17","date_gmt":"2025-01-24T09:24:17","guid":{"rendered":"https:\/\/hengxingmachinery.com\/?page_id=1832"},"modified":"2025-01-25T01:11:46","modified_gmt":"2025-01-25T01:11:46","slug":"aac-block-making-machine-line","status":"publish","type":"page","link":"https:\/\/hengxingmachinery.com\/fr\/aac-block-making-machine-line\/","title":{"rendered":"7-1. Ligne de fabrication de blocs en b\u00e9ton cellulaire autoclav\u00e9 (AAC)"},"content":{"rendered":"<div class=\"gb-container gb-container-45165f5a\">\n<div class=\"gb-container gb-container-c2652eb4\">\n\n<h1 class=\"gb-headline gb-headline-62a8b2cc gb-headline-text\">Ligne de production de blocs AAC<\/h1>\n\n<\/div>\n<\/div>\n\n<div class=\"gb-container gb-container-519cf624\">\n<div class=\"gb-container gb-container-71ca071e\">\n<div class=\"gb-grid-wrapper gb-grid-wrapper-8a5f0688\">\n<div class=\"gb-grid-column gb-grid-column-1e99b1c2\"><div class=\"gb-container gb-container-1e99b1c2\">\n\n<figure class=\"gb-block-image gb-block-image-e4eaba54\"><img decoding=\"async\" width=\"665\" height=\"545\" class=\"gb-image gb-image-e4eaba54\" src=\"https:\/\/hengxingmachinery.com\/wp-content\/uploads\/2025\/01\/aac-block-making-for-sale.jpg\" alt=\"\" title=\"Machine de fabrication de blocs AAC \u00e0 vendre\" srcset=\"https:\/\/hengxingmachinery.com\/wp-content\/uploads\/2025\/01\/aac-block-making-for-sale.jpg 665w, https:\/\/hengxingmachinery.com\/wp-content\/uploads\/2025\/01\/aac-block-making-for-sale-300x246.jpg 300w, https:\/\/hengxingmachinery.com\/wp-content\/uploads\/2025\/01\/aac-block-making-for-sale-15x12.jpg 15w\" sizes=\"(max-width: 665px) 100vw, 665px\" \/><\/figure>\n\n<\/div><\/div>\n\n<div class=\"gb-grid-column gb-grid-column-bcae065b\"><div class=\"gb-container gb-container-bcae065b\">\n\n<p><\/p>\n\n\n\n<p class=\"gb-headline gb-headline-e419680e gb-headline-text\">Stockage et approvisionnement des mati\u00e8res premi\u00e8res des blocs AAC : Toutes les mati\u00e8res premi\u00e8res sont transport\u00e9es dans l'usine par camions, comme les cendres volantes, le sable ou la chaux, qui sont rassembl\u00e9es dans des zones de mati\u00e8res premi\u00e8res sp\u00e9cifiques en attente d'utilisation. Les sacs de ciment et le ciment en vrac sont ... Lire plus.<\/p>\n\n\n<div class=\"gb-container gb-container-256e15f1\">\n\n<a class=\"gb-button gb-button-e8b73d89 gb-button-text\" href=\"#popmake-622\">Obtenez un devis gratuit maintenant<\/a>\n\n<\/div>\n<\/div><\/div>\n<\/div>\n<\/div>\n<\/div>\n\n<div class=\"gb-container gb-container-af5f8799\">\n<div class=\"gb-container gb-container-2298848b\">\n\n<h2 class=\"gb-headline gb-headline-9d27ad2c gb-headline-text\">Pr\u00e9sentation de la ligne de production de blocs AAC&nbsp;<\/h2>\n\n\n\n<p>1.<strong><strong> <\/strong><\/strong>Stockage et approvisionnement des mati\u00e8res premi\u00e8res des blocs AAC : Toutes les mati\u00e8res premi\u00e8res sont transport\u00e9es dans l'usine par camions, comme les cendres volantes, le sable ou la chaux, qui sont rassembl\u00e9es dans des zones de mati\u00e8res premi\u00e8res sp\u00e9cifiques en attente d'utilisation. Les sacs de ciment et le ciment en vrac sont stock\u00e9s dans l'entrep\u00f4t \u00e0 ciment. Les produits chimiques et la poudre d'aluminium sont conserv\u00e9s s\u00e9par\u00e9ment dans les entrep\u00f4ts chimiques et les entrep\u00f4ts d'aluminium. Lors de l'utilisation, ces mati\u00e8res premi\u00e8res sont transport\u00e9es respectivement dans l'atelier.<\/p>\n\n\n\n<p>2. Traitement des mati\u00e8res premi\u00e8res : Les cendres volantes, le sable ou la pierre calcaire sont envoy\u00e9s dans des broyeurs \u00e0 boulets par des alimentateurs vibrants et des convoyeurs \u00e0 bande. Ensuite, les poudres fines de cendres volantes, de sable ou de chaux sont pomp\u00e9es dans un r\u00e9servoir de barbotine. La chaux vive est envoy\u00e9e par alimentateur vibrant et convoyeur \u00e0 bande dans des concasseurs \u00e0 m\u00e2choires pour \u00eatre broy\u00e9e. La chaux concass\u00e9e est envoy\u00e9e dans le silo \u00e0 chaux par \u00e9l\u00e9vateur \u00e0 godets, puis transport\u00e9e dans les broyeurs \u00e0 boulets par convoyeur \u00e0 vis. Les mat\u00e9riaux finement broy\u00e9s sont envoy\u00e9s dans une tr\u00e9mie de dosage par convoyeur \u00e0 vis et \u00e9l\u00e9vateur \u00e0 godets. <\/p>\n\n\n\n<p>3.<strong><strong> <\/strong><\/strong>Dosage, m\u00e9lange et coulage des blocs alv\u00e9olaires : Les cendres volantes (ou le sable ou la poudre de pierre) et la barbotine de rebut sont mesur\u00e9es dans un bac de mesure. Apr\u00e8s la mesure et la mise en place du moule, le m\u00e9lange de la barbotine commence. La temp\u00e9rature de la barbotine doit atteindre environ 40\u00b0C.<\/p>\n\n\n<div class=\"gb-container gb-container-d7b7b595\">\n\n<a class=\"gb-button gb-button-c1312760 gb-button-text\" href=\"#popmake-622\">Obtenez un devis gratuit maintenant<\/a>\n\n<\/div>\n<\/div>\n<\/div>\n\n<div class=\"gb-container gb-container-9426c937\">\n<div class=\"gb-container gb-container-b3eaf8c4\">\n\n<h2 class=\"gb-headline gb-headline-610ec7d7 gb-headline-text\">Transformation des mati\u00e8res premi\u00e8res&nbsp;<\/h2>\n\n\n\n<p>1. Le ciment est du ciment en vrac, transport\u00e9 pneumatiquement vers la tr\u00e9mie de stockage de ciment par un camion-citerne. La capacit\u00e9 de stockage de ciment consid\u00e9r\u00e9e dans cette conception est de 90 tonnes.<\/p>\n\n\n\n<p>2. Apr\u00e8s concassage de la chaux et du gypse par le concasseur \u00e0 m\u00e2choires selon calcul, l'\u00e9l\u00e9vateur entre dans la tr\u00e9mie de stockage, est aliment\u00e9 par vibration \u00e9lectromagn\u00e9tique, entre dans le broyeur, et la cendre finement m\u00e9lang\u00e9e est transport\u00e9e par l'\u00e9l\u00e9vateur vers la tr\u00e9mie \u00e0 cendres pour r\u00e9serve.<\/p>\n\n\n\n<p>3. Le sable est transport\u00e9 dans le r\u00e9servoir de stockage de barbotine apr\u00e8s broyage \u00e0 boulets et broyage humide \u00e0 l'eau, et une fois la densit\u00e9 sp\u00e9cifique de barbotine requise pour la production atteinte, il est pomp\u00e9 vers une machine de m\u00e9lange et coulage par une pompe \u00e0 barbotine.<\/p>\n\n\n\n<p>4. Pr\u00e9-cure et d\u00e9coupe des blocs alv\u00e9olaires<\/p>\n\n\n\n<p>(1) Dosage et coulage : Une fois les mat\u00e9riaux pr\u00eats, les mesurer s\u00e9par\u00e9ment, les m\u00e9langer et agiter avec une machine de m\u00e9lange et coulage, ajouter la suspension d'aluminium dos\u00e9e et m\u00e9lang\u00e9e, agiter pendant 30 \u00e0 45 secondes, puis couler dans le moule.<\/p>\n\n\n\n<p>(2) Section de d\u00e9coupe : Apr\u00e8s coulage et expansion, la masse crue est laiss\u00e9e au repos statique jusqu'\u00e0 une certaine duret\u00e9 (environ 1,2-2h), puis la d\u00e9coupe est effectu\u00e9e. La masse crue est soulev\u00e9e sur un chariot d'\u00e9tuvage par un appareil de levage et de regroupement, puis align\u00e9e pour entrer dans un autoclave.<\/p>\n\n\n\n<p>(3) Autoclavage :<strong> <\/strong>Apr\u00e8s d\u00e9coupe des masses crues, elles peuvent \u00eatre regroup\u00e9es en un certain nombre par convoyage, puis entrer dans l'autoclave pour le traitement \u00e0 la vapeur.<\/p>\n\n\n<div class=\"gb-container gb-container-eb39e1ac\">\n\n<a class=\"gb-button gb-button-690a5e06 gb-button-text\" href=\"#popmake-622\">Obtenez un devis gratuit maintenant<\/a>\n\n<\/div>\n<\/div>\n<\/div>\n\n<div class=\"gb-container gb-container-ebd718b6\">\n<div class=\"gb-container gb-container-5c75b960\">\n\n<h2 class=\"gb-headline gb-headline-98859344 gb-headline-text\">Avantages de la ligne de production de blocs AAC<\/h2>\n\n\n\n<p><strong>1. L\u00e9ger<\/strong><\/p>\n\n\n\n<p>La masse volumique apparente s\u00e8che du b\u00e9ton cellulaire est g\u00e9n\u00e9ralement de 400-800 kg\/m\u00b3, soit l'\u00e9quivalent d'1\/3 de brique en terre cuite, 1\/5 du b\u00e9ton normal, et inf\u00e9rieure au b\u00e9ton l\u00e9ger \u00e0 agr\u00e9gats l\u00e9gers classique, ainsi qu'aux briques creuses et briques en terre cuite creuses. Ainsi, l'utilisation du b\u00e9ton cellulaire comme mat\u00e9riau de mur peut all\u00e9ger le poids du b\u00e2timent, r\u00e9duire la taille des fondations, poutres, piliers, etc., de la structure, \u00e9conomiser les mat\u00e9riaux de construction et les co\u00fbts du projet, et am\u00e9liorer la r\u00e9sistance aux chocs du b\u00e2timent.<\/p>\n\n\n\n<p><strong>2. Bonnes performances d'isolation thermique<\/strong><\/p>\n\n\n\n<p>Le b\u00e9ton cellulaire contient une abondance de micro-alv\u00e9oles, ce qui lui conf\u00e8re de bonnes performances d'isolation thermique. Son coefficient de conductivit\u00e9 thermique est g\u00e9n\u00e9ralement de 0,09-0,22 W\/(m\u00b7K), soit seulement 1\/4 \u00e0 1\/5 de celui de la brique en terre cuite, et 1\/5 \u00e0 1\/10 de celui du b\u00e9ton normal. G\u00e9n\u00e9ralement, les performances d'isolation d'un mur de 20 cm d'\u00e9paisseur en b\u00e9ton cellulaire correspondent \u00e0 celles d'un mur de 49 cm en brique de terre cuite normale, permettant non seulement d'\u00e9conomiser l'\u00e9nergie de chauffage et de refroidissement, mais aussi d'am\u00e9liorer consid\u00e9rablement le coefficient d'utilisation de la surface du b\u00e2timent.<\/p>\n\n\n\n<p><strong>3. Usinabilit\u00e9<\/strong><\/p>\n\n\n\n<p>Le b\u00e9ton cellulaire n'utilise pas de gros agr\u00e9gats, a une bonne usinabilit\u00e9, peut \u00eatre sci\u00e9, creus\u00e9, perc\u00e9 et clou\u00e9, et peut \u00e9galement \u00eatre recouvert d'un mat\u00e9riau de liaison appropri\u00e9, ce qui offre des conditions favorables aux op\u00e9rations de construction.<\/p>\n\n\n\n<p><strong>4. Source de mati\u00e8res premi\u00e8res large, productivit\u00e9 \u00e9lev\u00e9e, faible consommation d'\u00e9nergie<\/strong><\/p>\n\n\n\n<p>Le b\u00e9ton cellulaire peut \u00eatre produit \u00e0 partir de sable, de laitier, de cendres volantes, de r\u00e9sidus miniers, de gangue de charbon, de chaux vive, de ciment, etc. La vari\u00e9t\u00e9 et le processus sont d\u00e9termin\u00e9s selon les conditions locales r\u00e9elles, permettant une utilisation importante des d\u00e9chets industriels. Le b\u00e9ton cellulaire a une productivit\u00e9 \u00e9lev\u00e9e ; dans une usine AAC de taille moyenne, l'efficacit\u00e9 du travail annuelle par personne peut atteindre 600 m\u00b3, et avec un haut degr\u00e9 d'automatisation, elle peut atteindre 900-1000 m\u00b3, sup\u00e9rieure \u00e0 celle de la brique en terre cuite (180 m\u00b3) et de la brique en b\u00e9ton (500-800 m\u00b3).<\/p>\n\n\n\n<p>Sa consommation d'\u00e9nergie de production est faible, et la consommation d'\u00e9nergie unitaire du produit n'est que de 50% de celle d'un volume \u00e9quivalent de brique en terre cuite. Bien que l'histoire de la production industrielle du b\u00e9ton cellulaire en Chine ne soit que de 40 ans, sa classification comprend d\u00e9j\u00e0 des blocs non porteurs, des blocs porteurs, des blocs d'isolation, des panneaux muraux et de toiture, largement utilis\u00e9s dans les b\u00e2timents industriels et civils, et il est devenu un nouveau mat\u00e9riau de construction plein de vitalit\u00e9.<\/p>\n\n\n<div class=\"gb-container gb-container-d6bbf16a\">\n\n<a class=\"gb-button gb-button-caa3f2bc gb-button-text\" href=\"#popmake-622\">Obtenez un devis gratuit maintenant<\/a>\n\n<\/div>\n<\/div>\n<\/div>\n\n<div class=\"gb-container gb-container-435ad261\">\n<div class=\"gb-container gb-container-7dc79cc4\">\n\n<h2 class=\"gb-headline gb-headline-6fe5dee2 gb-headline-text\">Proportion des mati\u00e8res premi\u00e8res :<\/h2>\n\n\n\n<figure class=\"wp-block-table is-style-stripes\"><table class=\"has-fixed-layout\"><tbody><tr><td><strong>Nom<\/strong><\/td><td><strong>Unit\u00e9<\/strong><\/td><td><strong>Proportion<\/strong><\/td><\/tr><tr><td><strong>Cendres volantes<\/strong><\/td><td>%<\/td><td>65-70<\/td><\/tr><tr><td><strong>Ciment<\/strong><\/td><td>%<\/td><td>6-15<\/td><\/tr><tr><td><strong>Citron vert<\/strong><\/td><td>%<\/td><td>18-25<\/td><\/tr><tr><td><strong>Gypse<\/strong><\/td><td>%<\/td><td>3-5<\/td><\/tr><tr><td><strong>P\u00e2te de poudre d&#039;aluminium (600 kg\/m\u00b3)<\/strong><\/td><td>1\/10000<\/td><td>8<\/td><\/tr><tr><td><strong>Taux d&#039;eau et de mati\u00e8re<\/strong><\/td><td>&nbsp;<\/td><td>0.60-0.65<\/td><\/tr><tr><td><strong>Temp\u00e9rature de durcissement<\/strong><\/td><td>\u00b0C<\/td><td>36-40<\/td><\/tr><\/tbody><\/table><\/figure>\n\n\n\n<figure class=\"wp-block-table is-style-stripes\"><table class=\"has-fixed-layout\"><tbody><tr><td><strong>Na<\/strong>me<\/td><td><strong>Unit\u00e9<\/strong><\/td><td><strong>Proportion<\/strong><\/td><\/tr><tr><td><strong>Sable<\/strong><\/td><td>%<\/td><td>55-65<\/td><\/tr><tr><td><strong>Ciment<\/strong><\/td><td>%<\/td><td>10-20<\/td><\/tr><tr><td><strong>Citron vert<\/strong><\/td><td>%<\/td><td>20-30<\/td><\/tr><tr><td><strong>Gypse<\/strong><\/td><td>%<\/td><td>2-3<\/td><\/tr><tr><td><strong>P\u00e2te de poudre d&#039;aluminium (600 kg\/m\u00b3)<\/strong><\/td><td>1\/10000<\/td><td>8<\/td><\/tr><tr><td>Taux d&#039;eau et de mati\u00e8re<\/td><td>&nbsp;<\/td><td>0.65-0.75<\/td><\/tr><tr><td><strong>Syst\u00e8me de moulage<\/strong><\/td><td>\u00b0C<\/td><td>35-38<\/td><\/tr><tr><td><strong>Temps de m\u00e9lange de l'aluminium<\/strong><\/td><td>S<\/td><td>30-40<\/td><\/tr><\/tbody><\/table><\/figure>\n\n\n<div class=\"gb-container gb-container-263d9700\">\n\n<a class=\"gb-button gb-button-a4cbb7be gb-button-text\" href=\"#popmake-622\">Obtenez un devis gratuit maintenant<\/a>\n\n<\/div>\n<\/div>\n<\/div>","protected":false},"excerpt":{"rendered":"<p>AAC block making machine line Introduction of AAC block production line&nbsp; 1. Storing and supplying of raw materials of AAC blocks:&nbsp;All raw materials are carried into the factory by trucks, such as Fly ash, sand or lime, which are gathered in specified raw materials fields waiting for use. Sacks of cement and bulk cement are &#8230; <\/p>\n<p class=\"read-more-container\"><a title=\"7-1. Ligne de fabrication de blocs en b\u00e9ton cellulaire autoclav\u00e9 (AAC)\" class=\"read-more button\" href=\"https:\/\/hengxingmachinery.com\/fr\/aac-block-making-machine-line\/#more-1832\" aria-label=\"En savoir plus sur 7-1. AAC block making machine line\">Lire plus<\/a><\/p>","protected":false},"author":1,"featured_media":0,"parent":0,"menu_order":0,"comment_status":"closed","ping_status":"closed","template":"","meta":{"footnotes":""},"class_list":["post-1832","page","type-page","status-publish"],"yoast_head":"<!-- This site is optimized with the Yoast SEO plugin v27.4 - https:\/\/yoast.com\/product\/yoast-seo-wordpress\/ -->\n<title>7-1. AAC block making machine line - Hengxing Machinery<\/title>\n<meta name=\"robots\" content=\"index, follow, max-snippet:-1, max-image-preview:large, max-video-preview:-1\" \/>\n<link rel=\"canonical\" href=\"https:\/\/hengxingmachinery.com\/fr\/aac-block-making-machine-line\/\" \/>\n<meta property=\"og:locale\" content=\"fr_FR\" \/>\n<meta property=\"og:type\" content=\"article\" \/>\n<meta property=\"og:title\" content=\"7-1. AAC block making machine line - Hengxing Machinery\" \/>\n<meta property=\"og:description\" content=\"AAC block making machine line Introduction of AAC block production line&nbsp; 1. Storing and supplying of raw materials of AAC blocks:&nbsp;All raw materials are carried into the factory by trucks, such as Fly ash, sand or lime, which are gathered in specified raw materials fields waiting for use. Sacks of cement and bulk cement are ... Lire plus\" \/>\n<meta property=\"og:url\" content=\"https:\/\/hengxingmachinery.com\/fr\/aac-block-making-machine-line\/\" \/>\n<meta property=\"og:site_name\" content=\"Hengxing Machinery\" \/>\n<meta property=\"article:modified_time\" content=\"2025-01-25T01:11:46+00:00\" \/>\n<meta property=\"og:image\" content=\"https:\/\/hengxingmachinery.com\/wp-content\/uploads\/2025\/01\/aac-block-making-for-sale.jpg\" \/>\n<meta name=\"twitter:card\" content=\"summary_large_image\" \/>\n<meta name=\"twitter:label1\" content=\"Dur\u00e9e de lecture estim\u00e9e\" \/>\n\t<meta name=\"twitter:data1\" content=\"5 minutes\" \/>\n<script type=\"application\/ld+json\" class=\"yoast-schema-graph\">{\"@context\":\"https:\\\/\\\/schema.org\",\"@graph\":[{\"@type\":\"WebPage\",\"@id\":\"https:\\\/\\\/hengxingmachinery.com\\\/aac-block-making-machine-line\\\/\",\"url\":\"https:\\\/\\\/hengxingmachinery.com\\\/aac-block-making-machine-line\\\/\",\"name\":\"7-1. AAC block making machine line - Hengxing Machinery\",\"isPartOf\":{\"@id\":\"https:\\\/\\\/hengxingmachinery.com\\\/#website\"},\"primaryImageOfPage\":{\"@id\":\"https:\\\/\\\/hengxingmachinery.com\\\/aac-block-making-machine-line\\\/#primaryimage\"},\"image\":{\"@id\":\"https:\\\/\\\/hengxingmachinery.com\\\/aac-block-making-machine-line\\\/#primaryimage\"},\"thumbnailUrl\":\"https:\\\/\\\/hengxingmachinery.com\\\/wp-content\\\/uploads\\\/2025\\\/01\\\/aac-block-making-for-sale.jpg\",\"datePublished\":\"2025-01-24T09:24:17+00:00\",\"dateModified\":\"2025-01-25T01:11:46+00:00\",\"breadcrumb\":{\"@id\":\"https:\\\/\\\/hengxingmachinery.com\\\/aac-block-making-machine-line\\\/#breadcrumb\"},\"inLanguage\":\"fr-FR\",\"potentialAction\":[{\"@type\":\"ReadAction\",\"target\":[\"https:\\\/\\\/hengxingmachinery.com\\\/aac-block-making-machine-line\\\/\"]}]},{\"@type\":\"ImageObject\",\"inLanguage\":\"fr-FR\",\"@id\":\"https:\\\/\\\/hengxingmachinery.com\\\/aac-block-making-machine-line\\\/#primaryimage\",\"url\":\"https:\\\/\\\/hengxingmachinery.com\\\/wp-content\\\/uploads\\\/2025\\\/01\\\/aac-block-making-for-sale.jpg\",\"contentUrl\":\"https:\\\/\\\/hengxingmachinery.com\\\/wp-content\\\/uploads\\\/2025\\\/01\\\/aac-block-making-for-sale.jpg\"},{\"@type\":\"BreadcrumbList\",\"@id\":\"https:\\\/\\\/hengxingmachinery.com\\\/aac-block-making-machine-line\\\/#breadcrumb\",\"itemListElement\":[{\"@type\":\"ListItem\",\"position\":1,\"name\":\"Home\",\"item\":\"https:\\\/\\\/hengxingmachinery.com\\\/\"},{\"@type\":\"ListItem\",\"position\":2,\"name\":\"7-1. AAC block making machine line\"}]},{\"@type\":\"WebSite\",\"@id\":\"https:\\\/\\\/hengxingmachinery.com\\\/#website\",\"url\":\"https:\\\/\\\/hengxingmachinery.com\\\/\",\"name\":\"Hengxing Machinery\",\"description\":\"Leading Manufacturer of All Sorts of Mining Machinery\",\"publisher\":{\"@id\":\"https:\\\/\\\/hengxingmachinery.com\\\/#organization\"},\"potentialAction\":[{\"@type\":\"SearchAction\",\"target\":{\"@type\":\"EntryPoint\",\"urlTemplate\":\"https:\\\/\\\/hengxingmachinery.com\\\/?s={search_term_string}\"},\"query-input\":{\"@type\":\"PropertyValueSpecification\",\"valueRequired\":true,\"valueName\":\"search_term_string\"}}],\"inLanguage\":\"fr-FR\"},{\"@type\":\"Organization\",\"@id\":\"https:\\\/\\\/hengxingmachinery.com\\\/#organization\",\"name\":\"Hengxing Machinery\",\"url\":\"https:\\\/\\\/hengxingmachinery.com\\\/\",\"logo\":{\"@type\":\"ImageObject\",\"inLanguage\":\"fr-FR\",\"@id\":\"https:\\\/\\\/hengxingmachinery.com\\\/#\\\/schema\\\/logo\\\/image\\\/\",\"url\":\"https:\\\/\\\/hengxingmachinery.com\\\/wp-content\\\/uploads\\\/2024\\\/12\\\/logo.png\",\"contentUrl\":\"https:\\\/\\\/hengxingmachinery.com\\\/wp-content\\\/uploads\\\/2024\\\/12\\\/logo.png\",\"width\":400,\"height\":260,\"caption\":\"Hengxing Machinery\"},\"image\":{\"@id\":\"https:\\\/\\\/hengxingmachinery.com\\\/#\\\/schema\\\/logo\\\/image\\\/\"}}]}<\/script>\n<!-- \/ Yoast SEO plugin. -->","yoast_head_json":{"title":"7-1. Ligne de fabrication de blocs en b\u00e9ton cellulaire - Hengxing Machinery","robots":{"index":"index","follow":"follow","max-snippet":"max-snippet:-1","max-image-preview":"max-image-preview:large","max-video-preview":"max-video-preview:-1"},"canonical":"https:\/\/hengxingmachinery.com\/fr\/aac-block-making-machine-line\/","og_locale":"fr_FR","og_type":"article","og_title":"7-1. AAC block making machine line - Hengxing Machinery","og_description":"AAC block making machine line Introduction of AAC block production line&nbsp; 1. Storing and supplying of raw materials of AAC blocks:&nbsp;All raw materials are carried into the factory by trucks, such as Fly ash, sand or lime, which are gathered in specified raw materials fields waiting for use. Sacks of cement and bulk cement are ... Lire plus","og_url":"https:\/\/hengxingmachinery.com\/fr\/aac-block-making-machine-line\/","og_site_name":"Hengxing Machinery","article_modified_time":"2025-01-25T01:11:46+00:00","og_image":[{"url":"https:\/\/hengxingmachinery.com\/wp-content\/uploads\/2025\/01\/aac-block-making-for-sale.jpg","type":"","width":"","height":""}],"twitter_card":"summary_large_image","twitter_misc":{"Dur\u00e9e de lecture estim\u00e9e":"5 minutes"},"schema":{"@context":"https:\/\/schema.org","@graph":[{"@type":"WebPage","@id":"https:\/\/hengxingmachinery.com\/aac-block-making-machine-line\/","url":"https:\/\/hengxingmachinery.com\/aac-block-making-machine-line\/","name":"7-1. Ligne de fabrication de blocs en b\u00e9ton cellulaire - Hengxing Machinery","isPartOf":{"@id":"https:\/\/hengxingmachinery.com\/#website"},"primaryImageOfPage":{"@id":"https:\/\/hengxingmachinery.com\/aac-block-making-machine-line\/#primaryimage"},"image":{"@id":"https:\/\/hengxingmachinery.com\/aac-block-making-machine-line\/#primaryimage"},"thumbnailUrl":"https:\/\/hengxingmachinery.com\/wp-content\/uploads\/2025\/01\/aac-block-making-for-sale.jpg","datePublished":"2025-01-24T09:24:17+00:00","dateModified":"2025-01-25T01:11:46+00:00","breadcrumb":{"@id":"https:\/\/hengxingmachinery.com\/aac-block-making-machine-line\/#breadcrumb"},"inLanguage":"fr-FR","potentialAction":[{"@type":"ReadAction","target":["https:\/\/hengxingmachinery.com\/aac-block-making-machine-line\/"]}]},{"@type":"ImageObject","inLanguage":"fr-FR","@id":"https:\/\/hengxingmachinery.com\/aac-block-making-machine-line\/#primaryimage","url":"https:\/\/hengxingmachinery.com\/wp-content\/uploads\/2025\/01\/aac-block-making-for-sale.jpg","contentUrl":"https:\/\/hengxingmachinery.com\/wp-content\/uploads\/2025\/01\/aac-block-making-for-sale.jpg"},{"@type":"BreadcrumbList","@id":"https:\/\/hengxingmachinery.com\/aac-block-making-machine-line\/#breadcrumb","itemListElement":[{"@type":"ListItem","position":1,"name":"Home","item":"https:\/\/hengxingmachinery.com\/"},{"@type":"ListItem","position":2,"name":"7-1. AAC block making machine line"}]},{"@type":"WebSite","@id":"https:\/\/hengxingmachinery.com\/#website","url":"https:\/\/hengxingmachinery.com\/","name":"Machines Hengxing","description":"Fabricant leader de toutes sortes de machines mini\u00e8res","publisher":{"@id":"https:\/\/hengxingmachinery.com\/#organization"},"potentialAction":[{"@type":"SearchAction","target":{"@type":"EntryPoint","urlTemplate":"https:\/\/hengxingmachinery.com\/?s={search_term_string}"},"query-input":{"@type":"PropertyValueSpecification","valueRequired":true,"valueName":"search_term_string"}}],"inLanguage":"fr-FR"},{"@type":"Organization","@id":"https:\/\/hengxingmachinery.com\/#organization","name":"Machines Hengxing","url":"https:\/\/hengxingmachinery.com\/","logo":{"@type":"ImageObject","inLanguage":"fr-FR","@id":"https:\/\/hengxingmachinery.com\/#\/schema\/logo\/image\/","url":"https:\/\/hengxingmachinery.com\/wp-content\/uploads\/2024\/12\/logo.png","contentUrl":"https:\/\/hengxingmachinery.com\/wp-content\/uploads\/2024\/12\/logo.png","width":400,"height":260,"caption":"Hengxing Machinery"},"image":{"@id":"https:\/\/hengxingmachinery.com\/#\/schema\/logo\/image\/"}}]}},"_links":{"self":[{"href":"https:\/\/hengxingmachinery.com\/fr\/wp-json\/wp\/v2\/pages\/1832","targetHints":{"allow":["GET"]}}],"collection":[{"href":"https:\/\/hengxingmachinery.com\/fr\/wp-json\/wp\/v2\/pages"}],"about":[{"href":"https:\/\/hengxingmachinery.com\/fr\/wp-json\/wp\/v2\/types\/page"}],"author":[{"embeddable":true,"href":"https:\/\/hengxingmachinery.com\/fr\/wp-json\/wp\/v2\/users\/1"}],"replies":[{"embeddable":true,"href":"https:\/\/hengxingmachinery.com\/fr\/wp-json\/wp\/v2\/comments?post=1832"}],"version-history":[{"count":4,"href":"https:\/\/hengxingmachinery.com\/fr\/wp-json\/wp\/v2\/pages\/1832\/revisions"}],"predecessor-version":[{"id":1838,"href":"https:\/\/hengxingmachinery.com\/fr\/wp-json\/wp\/v2\/pages\/1832\/revisions\/1838"}],"wp:attachment":[{"href":"https:\/\/hengxingmachinery.com\/fr\/wp-json\/wp\/v2\/media?parent=1832"}],"curies":[{"name":"wp","href":"https:\/\/api.w.org\/{rel}","templated":true}]}}