{"id":1845,"date":"2025-01-25T02:20:45","date_gmt":"2025-01-25T02:20:45","guid":{"rendered":"https:\/\/hengxingmachinery.com\/?page_id=1845"},"modified":"2025-01-25T02:29:14","modified_gmt":"2025-01-25T02:29:14","slug":"ground-turnover-cutting-machines","status":"publish","type":"page","link":"https:\/\/hengxingmachinery.com\/fr\/ground-turnover-cutting-machines\/","title":{"rendered":"7-1. Machine \u00e0 couper et retourner le sol"},"content":{"rendered":"<div class=\"gb-container gb-container-45165f5a\">\n<div class=\"gb-container gb-container-c2652eb4\">\n\n<h1 class=\"gb-headline gb-headline-62a8b2cc gb-headline-text\">Machine de coupe pour retournement de terrain<\/h1>\n\n<\/div>\n<\/div>\n\n<div class=\"gb-container gb-container-519cf624\">\n<div class=\"gb-container gb-container-71ca071e\">\n<div class=\"gb-grid-wrapper gb-grid-wrapper-8a5f0688\">\n<div class=\"gb-grid-column gb-grid-column-1e99b1c2\"><div class=\"gb-container gb-container-1e99b1c2\">\n\n<figure class=\"gb-block-image gb-block-image-e4eaba54\"><img decoding=\"async\" width=\"665\" height=\"545\" class=\"gb-image gb-image-e4eaba54\" src=\"https:\/\/hengxingmachinery.com\/wp-content\/uploads\/2025\/01\/Ground-Turnover-Cutting-Machine-for-sale.jpg\" alt=\"\" title=\"Machine de d\u00e9coupe par retournement au sol \u00e0 vendre\" srcset=\"https:\/\/hengxingmachinery.com\/wp-content\/uploads\/2025\/01\/Ground-Turnover-Cutting-Machine-for-sale.jpg 665w, https:\/\/hengxingmachinery.com\/wp-content\/uploads\/2025\/01\/Ground-Turnover-Cutting-Machine-for-sale-300x246.jpg 300w, https:\/\/hengxingmachinery.com\/wp-content\/uploads\/2025\/01\/Ground-Turnover-Cutting-Machine-for-sale-15x12.jpg 15w\" sizes=\"(max-width: 665px) 100vw, 665px\" \/><\/figure>\n\n<\/div><\/div>\n\n<div class=\"gb-grid-column gb-grid-column-bcae065b\"><div class=\"gb-container gb-container-bcae065b\">\n\n<p><\/p>\n\n\n\n<p>Le b\u00e9ton cellulaire autoclav\u00e9 (AAC) peut \u00eatre produit selon diff\u00e9rentes techniques en fonction de la classification des mati\u00e8res premi\u00e8res, des caract\u00e9ristiques techniques de la qualit\u00e9 et des \u00e9quipements. G\u00e9n\u00e9ralement, des cendres volantes ou du sable sont broy\u00e9s avec de l'eau pour former une boue, puis m\u00e9lang\u00e9s \u00e0 de la chaux en poudre, du ciment, un agent d'expansion et un stabilisateur de mousse. Le m\u00e9lange est coul\u00e9 dans un autoclave o\u00f9 il est cuit \u00e0 la vapeur sous haute pression et \u00e0 haute temp\u00e9rature pour obtenir un AAC poreux et l\u00e9ger.<\/p>\n\n\n<div class=\"gb-container gb-container-256e15f1\">\n\n<a class=\"gb-button gb-button-e8b73d89 gb-button-text\" href=\"#popmake-622\">Obtenez un devis gratuit maintenant<\/a>\n\n<\/div>\n<\/div><\/div>\n<\/div>\n<\/div>\n<\/div>\n\n<div class=\"gb-container gb-container-af5f8799\">\n<div class=\"gb-container gb-container-2298848b\">\n\n<h2 class=\"gb-headline gb-headline-9d27ad2c gb-headline-text\">Machine de d\u00e9coupe par retournement au sol pour usine de production d'AAC :<\/h2>\n\n\n\n<p>La machine de d\u00e9coupe est l'\u00e9quipement principal de la ligne de production d'AAC, ainsi que la machine centrale des lignes d'une capacit\u00e9 annuelle sup\u00e9rieure \u00e0 50 000 m\u00b3. Elle est indispensable pour am\u00e9liorer le rendement et la qualit\u00e9. Notre machine de d\u00e9coupe de la s\u00e9rie JQF permet deux retournements de la masse brute et une d\u00e9coupe sur six faces. Gr\u00e2ce \u00e0 sa technologie avanc\u00e9e, le retournement s'effectue en une seule fois, \u00e9vitant ainsi les dommages caus\u00e9s par des levages r\u00e9p\u00e9t\u00e9s. Nos produits sont tr\u00e8s appr\u00e9ci\u00e9s sur le march\u00e9 national et ont gagn\u00e9 la confiance de nombreux clients. Apr\u00e8s des ann\u00e9es d'am\u00e9liorations techniques, nous avons d\u00e9velopp\u00e9 plusieurs mod\u00e8les de machines de d\u00e9coupe pour b\u00e9ton.<\/p>\n\n\n<div class=\"gb-container gb-container-d7b7b595\">\n\n<a class=\"gb-button gb-button-c1312760 gb-button-text\" href=\"#popmake-622\">Obtenez un devis gratuit maintenant<\/a>\n\n<\/div>\n<\/div>\n<\/div>\n\n<div class=\"gb-container gb-container-a9b5bf28\">\n<div class=\"gb-container gb-container-ef36d4a0\">\n\n<h2 class=\"gb-headline gb-headline-8b90eda0 gb-headline-text\">La machine de d\u00e9coupe par retournement au sol pr\u00e9sente les avantages suivants :<\/h2>\n\n\n\n<p>1. Structure compacte, utilisation simple et entretien minimal.<\/p>\n\n\n\n<p>2. D\u00e9coupe transversale et verticale r\u00e9alis\u00e9es en une seule op\u00e9ration.<\/p>\n\n\n\n<p>3. D\u00e9coupe hexa\u00e9drique de la masse brute, pr\u00e9cision du produit conforme \u00e0 la norme GB\/T 11969-1997.<\/p>\n\n\n\n<p>4. Tous les d\u00e9chets sont recycl\u00e9s, \u00e9vitant toute pollution secondaire.<\/p>\n\n\n\n<p>5. Absence d'adh\u00e9rence de la masse brute.<\/p>\n\n\n\n<p>6. Utilisation d'un entra\u00eenement par vis pour la d\u00e9coupe en section transversale, r\u00e9solvant les probl\u00e8mes de d\u00e9synchronisation des entra\u00eenements hydrauliques.<\/p>\n\n\n\n<p>7. Chariot \u00e0 grande poulie et chariot \u00e0 petite poulie avec engrenages et cr\u00e9maill\u00e8re pour assurer la synchronisation.<\/p>\n\n\n\n<p>8. \u00c9quipement permettant un remplacement rapide des fils de d\u00e9coupe.<\/p>\n\n\n\n<p>9. Absence de d\u00e9formation en n\u0153ud papillon et de fissures.<\/p>\n\n\n<div class=\"gb-container gb-container-a104f208\">\n\n<a class=\"gb-button gb-button-64e88793 gb-button-text\" href=\"#popmake-622\">Obtenez un devis gratuit maintenant<\/a>\n\n<\/div>\n<\/div>\n<\/div>\n\n<div class=\"gb-container gb-container-435ad261\">\n<div class=\"gb-container gb-container-7dc79cc4\">\n\n<h2 class=\"gb-headline gb-headline-6fe5dee2 gb-headline-text\">Principaux param\u00e8tres techniques de la machine de d\u00e9coupe par retournement au sol :<\/h2>\n\n\n\n<figure class=\"wp-block-table is-style-stripes\"><table class=\"has-fixed-layout\"><tbody><tr><td>Num\u00e9ro<\/td><td>Dimensions<\/td><td>Masse brute avant d\u00e9coupe (mm)<\/td><td>Cycle de d\u00e9coupe<\/td><td>&nbsp;Capacit\u00e9 de d\u00e9coupe (m\u00b3\/an)<\/td><td>&nbsp;Pr\u00e9cision de d\u00e9coupe<\/td><td>&nbsp;Puissance totale (kW)<\/td><td>&nbsp;Dimensions (mm)<\/td><\/tr><tr><td>1<\/td><td>4,2 m<\/td><td>4250*1240*650<\/td><td>6-8 min\/bloc<\/td><td>&nbsp;Plus de 100 000<\/td><td>&nbsp;&lt;= \u00b11 mm<\/td><td>&nbsp;25.5<\/td><td>&nbsp;12200*4200*5600<\/td><\/tr><tr><td>2<\/td><td>4,8 m<\/td><td>4860*1560*650<\/td><td>6-8 min\/bloc<\/td><td>&nbsp;Plus de 200 000<\/td><td>&nbsp;&lt;= \u00b11 mm<\/td><td>&nbsp;30<\/td><td>&nbsp; &nbsp; 16000*6000*5500<\/td><\/tr><tr><td>3<\/td><td>6 m<\/td><td>6050*1540*650<\/td><td>6-8 min\/bloc<\/td><td>&nbsp;Plus de 200 000<\/td><td>&nbsp;&lt;= \u00b11 mm<\/td><td>&nbsp;30<\/td><td>&nbsp;18500*6000*5800<\/td><\/tr><\/tbody><\/table><\/figure>\n\n\n<div class=\"gb-container gb-container-263d9700\">\n\n<a class=\"gb-button gb-button-a4cbb7be gb-button-text\" href=\"#popmake-622\">Obtenez un devis gratuit maintenant<\/a>\n\n<\/div>\n<\/div>\n<\/div>","protected":false},"excerpt":{"rendered":"<p>Ground turnover cutting machine Ground turnover cutting machine used for AAC plant: The cutting machine is the main equipment of the AAC production line as well as the core machine of the AAC production line with an annual production capacity of over 50000m3. It&#8217;s the necessary equipment to improve yield and quality. JQF Series Cutting &#8230; <\/p>\n<p class=\"read-more-container\"><a title=\"7-1. Machine \u00e0 couper et retourner le sol\" class=\"read-more button\" href=\"https:\/\/hengxingmachinery.com\/fr\/ground-turnover-cutting-machines\/#more-1845\" aria-label=\"En savoir plus sur 7-1. Ground turnover cutting machine\">Lire plus<\/a><\/p>","protected":false},"author":1,"featured_media":0,"parent":0,"menu_order":0,"comment_status":"closed","ping_status":"closed","template":"","meta":{"footnotes":""},"class_list":["post-1845","page","type-page","status-publish"],"yoast_head":"<!-- This site is optimized with the Yoast SEO plugin v27.4 - https:\/\/yoast.com\/product\/yoast-seo-wordpress\/ -->\n<title>7-1. Ground turnover cutting machine - Hengxing Machinery<\/title>\n<meta name=\"robots\" content=\"index, follow, max-snippet:-1, max-image-preview:large, max-video-preview:-1\" \/>\n<link rel=\"canonical\" href=\"https:\/\/hengxingmachinery.com\/fr\/ground-turnover-cutting-machines\/\" \/>\n<meta property=\"og:locale\" content=\"fr_FR\" \/>\n<meta property=\"og:type\" content=\"article\" \/>\n<meta property=\"og:title\" content=\"7-1. Ground turnover cutting machine - Hengxing Machinery\" \/>\n<meta property=\"og:description\" content=\"Ground turnover cutting machine Ground turnover cutting machine used for AAC plant: The cutting machine is the main equipment of the AAC production line as well as the core machine of the AAC production line with an annual production capacity of over 50000m3. It&#8217;s the necessary equipment to improve yield and quality. JQF Series Cutting ... Lire plus\" \/>\n<meta property=\"og:url\" content=\"https:\/\/hengxingmachinery.com\/fr\/ground-turnover-cutting-machines\/\" \/>\n<meta property=\"og:site_name\" content=\"Hengxing Machinery\" \/>\n<meta property=\"article:modified_time\" content=\"2025-01-25T02:29:14+00:00\" \/>\n<meta property=\"og:image\" content=\"https:\/\/hengxingmachinery.com\/wp-content\/uploads\/2025\/01\/Ground-Turnover-Cutting-Machine-for-sale.jpg\" \/>\n<meta name=\"twitter:card\" content=\"summary_large_image\" \/>\n<meta name=\"twitter:label1\" content=\"Dur\u00e9e de lecture estim\u00e9e\" \/>\n\t<meta name=\"twitter:data1\" content=\"2 minutes\" \/>\n<script type=\"application\/ld+json\" class=\"yoast-schema-graph\">{\"@context\":\"https:\\\/\\\/schema.org\",\"@graph\":[{\"@type\":\"WebPage\",\"@id\":\"https:\\\/\\\/hengxingmachinery.com\\\/ground-turnover-cutting-machines\\\/\",\"url\":\"https:\\\/\\\/hengxingmachinery.com\\\/ground-turnover-cutting-machines\\\/\",\"name\":\"7-1. Ground turnover cutting machine - Hengxing Machinery\",\"isPartOf\":{\"@id\":\"https:\\\/\\\/hengxingmachinery.com\\\/#website\"},\"primaryImageOfPage\":{\"@id\":\"https:\\\/\\\/hengxingmachinery.com\\\/ground-turnover-cutting-machines\\\/#primaryimage\"},\"image\":{\"@id\":\"https:\\\/\\\/hengxingmachinery.com\\\/ground-turnover-cutting-machines\\\/#primaryimage\"},\"thumbnailUrl\":\"https:\\\/\\\/hengxingmachinery.com\\\/wp-content\\\/uploads\\\/2025\\\/01\\\/Ground-Turnover-Cutting-Machine-for-sale.jpg\",\"datePublished\":\"2025-01-25T02:20:45+00:00\",\"dateModified\":\"2025-01-25T02:29:14+00:00\",\"breadcrumb\":{\"@id\":\"https:\\\/\\\/hengxingmachinery.com\\\/ground-turnover-cutting-machines\\\/#breadcrumb\"},\"inLanguage\":\"fr-FR\",\"potentialAction\":[{\"@type\":\"ReadAction\",\"target\":[\"https:\\\/\\\/hengxingmachinery.com\\\/ground-turnover-cutting-machines\\\/\"]}]},{\"@type\":\"ImageObject\",\"inLanguage\":\"fr-FR\",\"@id\":\"https:\\\/\\\/hengxingmachinery.com\\\/ground-turnover-cutting-machines\\\/#primaryimage\",\"url\":\"https:\\\/\\\/hengxingmachinery.com\\\/wp-content\\\/uploads\\\/2025\\\/01\\\/Ground-Turnover-Cutting-Machine-for-sale.jpg\",\"contentUrl\":\"https:\\\/\\\/hengxingmachinery.com\\\/wp-content\\\/uploads\\\/2025\\\/01\\\/Ground-Turnover-Cutting-Machine-for-sale.jpg\"},{\"@type\":\"BreadcrumbList\",\"@id\":\"https:\\\/\\\/hengxingmachinery.com\\\/ground-turnover-cutting-machines\\\/#breadcrumb\",\"itemListElement\":[{\"@type\":\"ListItem\",\"position\":1,\"name\":\"Home\",\"item\":\"https:\\\/\\\/hengxingmachinery.com\\\/\"},{\"@type\":\"ListItem\",\"position\":2,\"name\":\"7-1. Ground turnover cutting machine\"}]},{\"@type\":\"WebSite\",\"@id\":\"https:\\\/\\\/hengxingmachinery.com\\\/#website\",\"url\":\"https:\\\/\\\/hengxingmachinery.com\\\/\",\"name\":\"Hengxing Machinery\",\"description\":\"Leading Manufacturer of All Sorts of Mining Machinery\",\"publisher\":{\"@id\":\"https:\\\/\\\/hengxingmachinery.com\\\/#organization\"},\"potentialAction\":[{\"@type\":\"SearchAction\",\"target\":{\"@type\":\"EntryPoint\",\"urlTemplate\":\"https:\\\/\\\/hengxingmachinery.com\\\/?s={search_term_string}\"},\"query-input\":{\"@type\":\"PropertyValueSpecification\",\"valueRequired\":true,\"valueName\":\"search_term_string\"}}],\"inLanguage\":\"fr-FR\"},{\"@type\":\"Organization\",\"@id\":\"https:\\\/\\\/hengxingmachinery.com\\\/#organization\",\"name\":\"Hengxing Machinery\",\"url\":\"https:\\\/\\\/hengxingmachinery.com\\\/\",\"logo\":{\"@type\":\"ImageObject\",\"inLanguage\":\"fr-FR\",\"@id\":\"https:\\\/\\\/hengxingmachinery.com\\\/#\\\/schema\\\/logo\\\/image\\\/\",\"url\":\"https:\\\/\\\/hengxingmachinery.com\\\/wp-content\\\/uploads\\\/2024\\\/12\\\/logo.png\",\"contentUrl\":\"https:\\\/\\\/hengxingmachinery.com\\\/wp-content\\\/uploads\\\/2024\\\/12\\\/logo.png\",\"width\":400,\"height\":260,\"caption\":\"Hengxing Machinery\"},\"image\":{\"@id\":\"https:\\\/\\\/hengxingmachinery.com\\\/#\\\/schema\\\/logo\\\/image\\\/\"}}]}<\/script>\n<!-- \/ Yoast SEO plugin. -->","yoast_head_json":{"title":"7-1. Machine \u00e0 retourner le sol - Hengxing Machinery","robots":{"index":"index","follow":"follow","max-snippet":"max-snippet:-1","max-image-preview":"max-image-preview:large","max-video-preview":"max-video-preview:-1"},"canonical":"https:\/\/hengxingmachinery.com\/fr\/ground-turnover-cutting-machines\/","og_locale":"fr_FR","og_type":"article","og_title":"7-1. Ground turnover cutting machine - Hengxing Machinery","og_description":"Ground turnover cutting machine Ground turnover cutting machine used for AAC plant: The cutting machine is the main equipment of the AAC production line as well as the core machine of the AAC production line with an annual production capacity of over 50000m3. It&#8217;s the necessary equipment to improve yield and quality. JQF Series Cutting ... Lire plus","og_url":"https:\/\/hengxingmachinery.com\/fr\/ground-turnover-cutting-machines\/","og_site_name":"Hengxing Machinery","article_modified_time":"2025-01-25T02:29:14+00:00","og_image":[{"url":"https:\/\/hengxingmachinery.com\/wp-content\/uploads\/2025\/01\/Ground-Turnover-Cutting-Machine-for-sale.jpg","type":"","width":"","height":""}],"twitter_card":"summary_large_image","twitter_misc":{"Dur\u00e9e de lecture estim\u00e9e":"2 minutes"},"schema":{"@context":"https:\/\/schema.org","@graph":[{"@type":"WebPage","@id":"https:\/\/hengxingmachinery.com\/ground-turnover-cutting-machines\/","url":"https:\/\/hengxingmachinery.com\/ground-turnover-cutting-machines\/","name":"7-1. Machine \u00e0 retourner le sol - Hengxing Machinery","isPartOf":{"@id":"https:\/\/hengxingmachinery.com\/#website"},"primaryImageOfPage":{"@id":"https:\/\/hengxingmachinery.com\/ground-turnover-cutting-machines\/#primaryimage"},"image":{"@id":"https:\/\/hengxingmachinery.com\/ground-turnover-cutting-machines\/#primaryimage"},"thumbnailUrl":"https:\/\/hengxingmachinery.com\/wp-content\/uploads\/2025\/01\/Ground-Turnover-Cutting-Machine-for-sale.jpg","datePublished":"2025-01-25T02:20:45+00:00","dateModified":"2025-01-25T02:29:14+00:00","breadcrumb":{"@id":"https:\/\/hengxingmachinery.com\/ground-turnover-cutting-machines\/#breadcrumb"},"inLanguage":"fr-FR","potentialAction":[{"@type":"ReadAction","target":["https:\/\/hengxingmachinery.com\/ground-turnover-cutting-machines\/"]}]},{"@type":"ImageObject","inLanguage":"fr-FR","@id":"https:\/\/hengxingmachinery.com\/ground-turnover-cutting-machines\/#primaryimage","url":"https:\/\/hengxingmachinery.com\/wp-content\/uploads\/2025\/01\/Ground-Turnover-Cutting-Machine-for-sale.jpg","contentUrl":"https:\/\/hengxingmachinery.com\/wp-content\/uploads\/2025\/01\/Ground-Turnover-Cutting-Machine-for-sale.jpg"},{"@type":"BreadcrumbList","@id":"https:\/\/hengxingmachinery.com\/ground-turnover-cutting-machines\/#breadcrumb","itemListElement":[{"@type":"ListItem","position":1,"name":"Home","item":"https:\/\/hengxingmachinery.com\/"},{"@type":"ListItem","position":2,"name":"7-1. Ground turnover cutting machine"}]},{"@type":"WebSite","@id":"https:\/\/hengxingmachinery.com\/#website","url":"https:\/\/hengxingmachinery.com\/","name":"Machines Hengxing","description":"Fabricant leader de toutes sortes de machines mini\u00e8res","publisher":{"@id":"https:\/\/hengxingmachinery.com\/#organization"},"potentialAction":[{"@type":"SearchAction","target":{"@type":"EntryPoint","urlTemplate":"https:\/\/hengxingmachinery.com\/?s={search_term_string}"},"query-input":{"@type":"PropertyValueSpecification","valueRequired":true,"valueName":"search_term_string"}}],"inLanguage":"fr-FR"},{"@type":"Organization","@id":"https:\/\/hengxingmachinery.com\/#organization","name":"Machines Hengxing","url":"https:\/\/hengxingmachinery.com\/","logo":{"@type":"ImageObject","inLanguage":"fr-FR","@id":"https:\/\/hengxingmachinery.com\/#\/schema\/logo\/image\/","url":"https:\/\/hengxingmachinery.com\/wp-content\/uploads\/2024\/12\/logo.png","contentUrl":"https:\/\/hengxingmachinery.com\/wp-content\/uploads\/2024\/12\/logo.png","width":400,"height":260,"caption":"Hengxing Machinery"},"image":{"@id":"https:\/\/hengxingmachinery.com\/#\/schema\/logo\/image\/"}}]}},"_links":{"self":[{"href":"https:\/\/hengxingmachinery.com\/fr\/wp-json\/wp\/v2\/pages\/1845","targetHints":{"allow":["GET"]}}],"collection":[{"href":"https:\/\/hengxingmachinery.com\/fr\/wp-json\/wp\/v2\/pages"}],"about":[{"href":"https:\/\/hengxingmachinery.com\/fr\/wp-json\/wp\/v2\/types\/page"}],"author":[{"embeddable":true,"href":"https:\/\/hengxingmachinery.com\/fr\/wp-json\/wp\/v2\/users\/1"}],"replies":[{"embeddable":true,"href":"https:\/\/hengxingmachinery.com\/fr\/wp-json\/wp\/v2\/comments?post=1845"}],"version-history":[{"count":4,"href":"https:\/\/hengxingmachinery.com\/fr\/wp-json\/wp\/v2\/pages\/1845\/revisions"}],"predecessor-version":[{"id":1851,"href":"https:\/\/hengxingmachinery.com\/fr\/wp-json\/wp\/v2\/pages\/1845\/revisions\/1851"}],"wp:attachment":[{"href":"https:\/\/hengxingmachinery.com\/fr\/wp-json\/wp\/v2\/media?parent=1845"}],"curies":[{"name":"wp","href":"https:\/\/api.w.org\/{rel}","templated":true}]}}