{"id":1857,"date":"2025-01-25T06:08:00","date_gmt":"2025-01-25T06:08:00","guid":{"rendered":"https:\/\/hengxingmachinery.com\/?page_id=1857"},"modified":"2025-01-25T06:08:15","modified_gmt":"2025-01-25T06:08:15","slug":"batching-machine","status":"publish","type":"page","link":"https:\/\/hengxingmachinery.com\/fr\/batching-machine\/","title":{"rendered":"7-1. Machine de mise en lots"},"content":{"rendered":"<div class=\"gb-container gb-container-45165f5a\">\n<div class=\"gb-container gb-container-c2652eb4\">\n\n<h1 class=\"gb-headline gb-headline-62a8b2cc gb-headline-text\">Machine de dosage<\/h1>\n\n<\/div>\n<\/div>\n\n<div class=\"gb-container gb-container-519cf624\">\n<div class=\"gb-container gb-container-71ca071e\">\n<div class=\"gb-grid-wrapper gb-grid-wrapper-8a5f0688\">\n<div class=\"gb-grid-column gb-grid-column-1e99b1c2\"><div class=\"gb-container gb-container-1e99b1c2\">\n\n<figure class=\"gb-block-image gb-block-image-e4eaba54\"><img decoding=\"async\" width=\"665\" height=\"545\" class=\"gb-image gb-image-e4eaba54\" src=\"https:\/\/hengxingmachinery.com\/wp-content\/uploads\/2025\/01\/batching-machine-for-sale.jpg\" alt=\"\" title=\"Doseuse \u00e0 vendre\" srcset=\"https:\/\/hengxingmachinery.com\/wp-content\/uploads\/2025\/01\/batching-machine-for-sale.jpg 665w, https:\/\/hengxingmachinery.com\/wp-content\/uploads\/2025\/01\/batching-machine-for-sale-300x246.jpg 300w, https:\/\/hengxingmachinery.com\/wp-content\/uploads\/2025\/01\/batching-machine-for-sale-15x12.jpg 15w\" sizes=\"(max-width: 665px) 100vw, 665px\" \/><\/figure>\n\n<\/div><\/div>\n\n<div class=\"gb-grid-column gb-grid-column-bcae065b\"><div class=\"gb-container gb-container-bcae065b\">\n\n<p><\/p>\n\n\n\n<p>La doseuse de la s\u00e9rie PL peut \u00eatre associ\u00e9e \u00e0 un malaxeur de sp\u00e9cifications correspondantes pour former diverses centrales \u00e0 b\u00e9ton combin\u00e9es de petite et moyenne taille, utilis\u00e9es dans des lignes de production de briques de cendres volantes autoclav\u00e9es ou de briques de sable-chaux de diff\u00e9rentes \u00e9chelles. Elle garantit efficacement la pr\u00e9cision du dosage et am\u00e9liore la productivit\u00e9.<\/p>\n\n\n\n<p><\/p>\n\n\n\n<p><mark style=\"background-color:rgba(0, 0, 0, 0)\" class=\"has-inline-color has-global-color-8-color\"><strong>Domaine d'application :<\/strong><\/mark> Large utilisation sur les chantiers de construction, dans les usines de pr\u00e9fabrication, les projets hydro\u00e9lectriques, autoroutiers, ferroviaires, les ponts, les a\u00e9roports et autres constructions.<\/p>\n\n\n<div class=\"gb-container gb-container-256e15f1\">\n\n<a class=\"gb-button gb-button-e8b73d89 gb-button-text\" href=\"#popmake-622\">Obtenez un devis gratuit maintenant<\/a>\n\n<\/div>\n<\/div><\/div>\n<\/div>\n<\/div>\n<\/div>\n\n<div class=\"gb-container gb-container-af5f8799\">\n<div class=\"gb-container gb-container-2298848b\">\n\n<h2 class=\"gb-headline gb-headline-9d27ad2c gb-headline-text\">Caract\u00e9ristiques de performance de la doseuse<\/h2>\n\n\n\n<p>1. Le produit pr\u00e9sente de nombreuses formes structurelles, des m\u00e9thodes de combinaison flexibles et un haut degr\u00e9 d'automatisation.<\/p>\n\n\n\n<p>2. Pes\u00e9e par m\u00e9thode \u00e9lectronique compl\u00e8te, pes\u00e9e pr\u00e9cise, haute pr\u00e9cision des ingr\u00e9dients et vitesse rapide.<\/p>\n\n\n\n<p>3. Le corps de la machine peut adopter une structure d'agencement s\u00e9par\u00e9, simple, fiable et facile \u00e0 entretenir.<\/p>\n\n\n\n<p>4. Elle peut r\u00e9aliser automatiquement le dosage de divers mat\u00e9riaux selon les proportions de b\u00e9ton d\u00e9finies par l'utilisateur, avec une fonction de contr\u00f4le robuste et une utilisation facile.<\/p>\n\n\n<div class=\"gb-container gb-container-d7b7b595\">\n\n<a class=\"gb-button gb-button-c1312760 gb-button-text\" href=\"#popmake-622\">Obtenez un devis gratuit maintenant<\/a>\n\n<\/div>\n<\/div>\n<\/div>\n\n<div class=\"gb-container gb-container-fea8d83e\">\n<div class=\"gb-container gb-container-95f0e36f\">\n\n<h2 class=\"gb-headline gb-headline-d8cd1550 gb-headline-text\">Principe de fonctionnement du malaxeur de coulage<\/h2>\n\n\n\n<p>Le coulis de cendres volantes ou le coulis mixte est introduit par la pompe \u00e0 coulis dans la cuve de m\u00e9lange. Lorsque le moteur de malaxage est d\u00e9marr\u00e9, les pales commencent \u00e0 tourner \u00e0 grande vitesse. \u00c9tant inclin\u00e9es selon un certain angle, les pales pressent le coulis et les autres mat\u00e9riaux secs en poudre vers le fond de la cuve lors de la rotation, puis les remontent le long de la paroi circulaire de la cuve. <\/p>\n\n\n\n<p>Pour emp\u00eacher le coulis de tourner en cercle sur la paroi de la cuve, 4 plaques d'amortissement sont install\u00e9es sur la paroi int\u00e9rieure de la cuve. Cela emp\u00eache l'\u00e9coulement circulaire du coulis et force le coulis ainsi que les autres mat\u00e9riaux secs en poudre \u00e0 rouler de haut en bas, cr\u00e9ant un flux de circulation pour atteindre l'objectif d'un m\u00e9lange uniforme. <\/p>\n\n\n\n<p>Lorsque le coulis dans la cuve est uniform\u00e9ment m\u00e9lang\u00e9, le moteur de d\u00e9placement est d\u00e9marr\u00e9. Le r\u00e9ducteur plan\u00e9taire cyclo\u00efdal entra\u00eene la cha\u00eene qui fait tourner l'essieu moteur, permettant ainsi \u00e0 la machine de coulage de se d\u00e9placer vers le cadre de moule assembl\u00e9. La vanne papillon est ouverte pour commencer le coulage. Une fois le coulage termin\u00e9, le chariot revient \u00e0 sa position fixe d'origine, et un cycle de coulage est achev\u00e9.<\/p>\n\n\n<div class=\"gb-container gb-container-71e5456e\">\n\n<a class=\"gb-button gb-button-eb8722a3 gb-button-text\" href=\"#popmake-622\">Obtenez un devis gratuit maintenant<\/a>\n\n<\/div>\n<\/div>\n<\/div>\n\n<div class=\"gb-container gb-container-435ad261\">\n<div class=\"gb-container gb-container-7dc79cc4\">\n\n<h2 class=\"gb-headline gb-headline-6fe5dee2 gb-headline-text\">Param\u00e8tres techniques de la doseuse<\/h2>\n\n\n\n<figure class=\"wp-block-table is-style-stripes\"><table class=\"has-fixed-layout\"><tbody><tr><td><strong>Mod\u00e8le<\/strong><\/td><td>PLD800 avec deux tr\u00e9mies de stockage<\/td><\/tr><tr><td><strong>Tr\u00e9mie de pes\u00e9e<\/strong><\/td><td>0,8 m\u00b3<\/td><\/tr><tr><td><strong>Tr\u00e9mie \u00e0 mat\u00e9riaux<\/strong><\/td><td>3,2 m\u00b3 * 2<\/td><\/tr><tr><td><strong>Productivit\u00e9<\/strong><\/td><td>48 m\u00b3\/h<\/td><\/tr><tr><td><strong>Pr\u00e9cision de dosage<\/strong><\/td><td>\u00b12 % \/ \u00b13 %<\/td><\/tr><tr><td><strong>Quantit\u00e9 de granulats dos\u00e9s<\/strong><\/td><td>2<\/td><\/tr><tr><td><strong>Hauteur de chargement<\/strong><\/td><td>2840 mm<\/td><\/tr><tr><td><strong>Pouvoir<\/strong><\/td><td>4 kW * 3<\/td><\/tr><tr><td><strong>Dimensions hors tout (L*l*H)<\/strong><\/td><td>6200 * 1900 * 2840 mm<\/td><\/tr><tr><td><strong>Poids<\/strong><\/td><td>2050 kg<\/td><\/tr><\/tbody><\/table><\/figure>\n\n\n<div class=\"gb-container gb-container-263d9700\">\n\n<a class=\"gb-button gb-button-a4cbb7be gb-button-text\" href=\"#popmake-622\">Obtenez un devis gratuit maintenant<\/a>\n\n<\/div>\n<\/div>\n<\/div>","protected":false},"excerpt":{"rendered":"<p>Batching machine Batching machine performance characteristics 1. The product has many structural forms, flexible combination methods and a high degree of automation. 2. Weighing with full electronic weighing method, accurate weighing, high precision of ingredients and fast speed. 3. The machine body can adopt a split arrangement structure, which is simple in structure, reliable in &#8230; <\/p>\n<p class=\"read-more-container\"><a title=\"7-1. Machine de mise en lots\" class=\"read-more button\" href=\"https:\/\/hengxingmachinery.com\/fr\/batching-machine\/#more-1857\" aria-label=\"En savoir plus sur 7-1. Batching machine\">Lire plus<\/a><\/p>","protected":false},"author":1,"featured_media":0,"parent":0,"menu_order":0,"comment_status":"closed","ping_status":"closed","template":"","meta":{"footnotes":""},"class_list":["post-1857","page","type-page","status-publish"],"yoast_head":"<!-- This site is optimized with the Yoast SEO plugin v27.4 - https:\/\/yoast.com\/product\/yoast-seo-wordpress\/ -->\n<title>7-1. Batching machine - Hengxing Machinery<\/title>\n<meta name=\"robots\" content=\"index, follow, max-snippet:-1, max-image-preview:large, max-video-preview:-1\" \/>\n<link rel=\"canonical\" href=\"https:\/\/hengxingmachinery.com\/fr\/batching-machine\/\" \/>\n<meta property=\"og:locale\" content=\"fr_FR\" \/>\n<meta property=\"og:type\" content=\"article\" \/>\n<meta property=\"og:title\" content=\"7-1. Batching machine - Hengxing Machinery\" \/>\n<meta property=\"og:description\" content=\"Batching machine Batching machine performance characteristics 1. The product has many structural forms, flexible combination methods and a high degree of automation. 2. Weighing with full electronic weighing method, accurate weighing, high precision of ingredients and fast speed. 3. The machine body can adopt a split arrangement structure, which is simple in structure, reliable in ... Lire plus\" \/>\n<meta property=\"og:url\" content=\"https:\/\/hengxingmachinery.com\/fr\/batching-machine\/\" \/>\n<meta property=\"og:site_name\" content=\"Hengxing Machinery\" \/>\n<meta property=\"article:modified_time\" content=\"2025-01-25T06:08:15+00:00\" \/>\n<meta property=\"og:image\" content=\"https:\/\/hengxingmachinery.com\/wp-content\/uploads\/2025\/01\/batching-machine-for-sale.jpg\" \/>\n<meta name=\"twitter:card\" content=\"summary_large_image\" \/>\n<meta name=\"twitter:label1\" content=\"Dur\u00e9e de lecture estim\u00e9e\" \/>\n\t<meta name=\"twitter:data1\" content=\"2 minutes\" \/>\n<script type=\"application\/ld+json\" class=\"yoast-schema-graph\">{\"@context\":\"https:\\\/\\\/schema.org\",\"@graph\":[{\"@type\":\"WebPage\",\"@id\":\"https:\\\/\\\/hengxingmachinery.com\\\/batching-machine\\\/\",\"url\":\"https:\\\/\\\/hengxingmachinery.com\\\/batching-machine\\\/\",\"name\":\"7-1. Batching machine - Hengxing Machinery\",\"isPartOf\":{\"@id\":\"https:\\\/\\\/hengxingmachinery.com\\\/#website\"},\"primaryImageOfPage\":{\"@id\":\"https:\\\/\\\/hengxingmachinery.com\\\/batching-machine\\\/#primaryimage\"},\"image\":{\"@id\":\"https:\\\/\\\/hengxingmachinery.com\\\/batching-machine\\\/#primaryimage\"},\"thumbnailUrl\":\"https:\\\/\\\/hengxingmachinery.com\\\/wp-content\\\/uploads\\\/2025\\\/01\\\/batching-machine-for-sale.jpg\",\"datePublished\":\"2025-01-25T06:08:00+00:00\",\"dateModified\":\"2025-01-25T06:08:15+00:00\",\"breadcrumb\":{\"@id\":\"https:\\\/\\\/hengxingmachinery.com\\\/batching-machine\\\/#breadcrumb\"},\"inLanguage\":\"fr-FR\",\"potentialAction\":[{\"@type\":\"ReadAction\",\"target\":[\"https:\\\/\\\/hengxingmachinery.com\\\/batching-machine\\\/\"]}]},{\"@type\":\"ImageObject\",\"inLanguage\":\"fr-FR\",\"@id\":\"https:\\\/\\\/hengxingmachinery.com\\\/batching-machine\\\/#primaryimage\",\"url\":\"https:\\\/\\\/hengxingmachinery.com\\\/wp-content\\\/uploads\\\/2025\\\/01\\\/batching-machine-for-sale.jpg\",\"contentUrl\":\"https:\\\/\\\/hengxingmachinery.com\\\/wp-content\\\/uploads\\\/2025\\\/01\\\/batching-machine-for-sale.jpg\"},{\"@type\":\"BreadcrumbList\",\"@id\":\"https:\\\/\\\/hengxingmachinery.com\\\/batching-machine\\\/#breadcrumb\",\"itemListElement\":[{\"@type\":\"ListItem\",\"position\":1,\"name\":\"Home\",\"item\":\"https:\\\/\\\/hengxingmachinery.com\\\/\"},{\"@type\":\"ListItem\",\"position\":2,\"name\":\"7-1. Batching machine\"}]},{\"@type\":\"WebSite\",\"@id\":\"https:\\\/\\\/hengxingmachinery.com\\\/#website\",\"url\":\"https:\\\/\\\/hengxingmachinery.com\\\/\",\"name\":\"Hengxing Machinery\",\"description\":\"Leading Manufacturer of All Sorts of Mining Machinery\",\"publisher\":{\"@id\":\"https:\\\/\\\/hengxingmachinery.com\\\/#organization\"},\"potentialAction\":[{\"@type\":\"SearchAction\",\"target\":{\"@type\":\"EntryPoint\",\"urlTemplate\":\"https:\\\/\\\/hengxingmachinery.com\\\/?s={search_term_string}\"},\"query-input\":{\"@type\":\"PropertyValueSpecification\",\"valueRequired\":true,\"valueName\":\"search_term_string\"}}],\"inLanguage\":\"fr-FR\"},{\"@type\":\"Organization\",\"@id\":\"https:\\\/\\\/hengxingmachinery.com\\\/#organization\",\"name\":\"Hengxing Machinery\",\"url\":\"https:\\\/\\\/hengxingmachinery.com\\\/\",\"logo\":{\"@type\":\"ImageObject\",\"inLanguage\":\"fr-FR\",\"@id\":\"https:\\\/\\\/hengxingmachinery.com\\\/#\\\/schema\\\/logo\\\/image\\\/\",\"url\":\"https:\\\/\\\/hengxingmachinery.com\\\/wp-content\\\/uploads\\\/2024\\\/12\\\/logo.png\",\"contentUrl\":\"https:\\\/\\\/hengxingmachinery.com\\\/wp-content\\\/uploads\\\/2024\\\/12\\\/logo.png\",\"width\":400,\"height\":260,\"caption\":\"Hengxing Machinery\"},\"image\":{\"@id\":\"https:\\\/\\\/hengxingmachinery.com\\\/#\\\/schema\\\/logo\\\/image\\\/\"}}]}<\/script>\n<!-- \/ Yoast SEO plugin. -->","yoast_head_json":{"title":"7-1. Machine de mise en lot - Hengxing Machinery","robots":{"index":"index","follow":"follow","max-snippet":"max-snippet:-1","max-image-preview":"max-image-preview:large","max-video-preview":"max-video-preview:-1"},"canonical":"https:\/\/hengxingmachinery.com\/fr\/batching-machine\/","og_locale":"fr_FR","og_type":"article","og_title":"7-1. Batching machine - Hengxing Machinery","og_description":"Batching machine Batching machine performance characteristics 1. The product has many structural forms, flexible combination methods and a high degree of automation. 2. Weighing with full electronic weighing method, accurate weighing, high precision of ingredients and fast speed. 3. The machine body can adopt a split arrangement structure, which is simple in structure, reliable in ... Lire plus","og_url":"https:\/\/hengxingmachinery.com\/fr\/batching-machine\/","og_site_name":"Hengxing Machinery","article_modified_time":"2025-01-25T06:08:15+00:00","og_image":[{"url":"https:\/\/hengxingmachinery.com\/wp-content\/uploads\/2025\/01\/batching-machine-for-sale.jpg","type":"","width":"","height":""}],"twitter_card":"summary_large_image","twitter_misc":{"Dur\u00e9e de lecture estim\u00e9e":"2 minutes"},"schema":{"@context":"https:\/\/schema.org","@graph":[{"@type":"WebPage","@id":"https:\/\/hengxingmachinery.com\/batching-machine\/","url":"https:\/\/hengxingmachinery.com\/batching-machine\/","name":"7-1. Machine de mise en lot - Hengxing Machinery","isPartOf":{"@id":"https:\/\/hengxingmachinery.com\/#website"},"primaryImageOfPage":{"@id":"https:\/\/hengxingmachinery.com\/batching-machine\/#primaryimage"},"image":{"@id":"https:\/\/hengxingmachinery.com\/batching-machine\/#primaryimage"},"thumbnailUrl":"https:\/\/hengxingmachinery.com\/wp-content\/uploads\/2025\/01\/batching-machine-for-sale.jpg","datePublished":"2025-01-25T06:08:00+00:00","dateModified":"2025-01-25T06:08:15+00:00","breadcrumb":{"@id":"https:\/\/hengxingmachinery.com\/batching-machine\/#breadcrumb"},"inLanguage":"fr-FR","potentialAction":[{"@type":"ReadAction","target":["https:\/\/hengxingmachinery.com\/batching-machine\/"]}]},{"@type":"ImageObject","inLanguage":"fr-FR","@id":"https:\/\/hengxingmachinery.com\/batching-machine\/#primaryimage","url":"https:\/\/hengxingmachinery.com\/wp-content\/uploads\/2025\/01\/batching-machine-for-sale.jpg","contentUrl":"https:\/\/hengxingmachinery.com\/wp-content\/uploads\/2025\/01\/batching-machine-for-sale.jpg"},{"@type":"BreadcrumbList","@id":"https:\/\/hengxingmachinery.com\/batching-machine\/#breadcrumb","itemListElement":[{"@type":"ListItem","position":1,"name":"Home","item":"https:\/\/hengxingmachinery.com\/"},{"@type":"ListItem","position":2,"name":"7-1. Batching machine"}]},{"@type":"WebSite","@id":"https:\/\/hengxingmachinery.com\/#website","url":"https:\/\/hengxingmachinery.com\/","name":"Machines Hengxing","description":"Fabricant leader de toutes sortes de machines mini\u00e8res","publisher":{"@id":"https:\/\/hengxingmachinery.com\/#organization"},"potentialAction":[{"@type":"SearchAction","target":{"@type":"EntryPoint","urlTemplate":"https:\/\/hengxingmachinery.com\/?s={search_term_string}"},"query-input":{"@type":"PropertyValueSpecification","valueRequired":true,"valueName":"search_term_string"}}],"inLanguage":"fr-FR"},{"@type":"Organization","@id":"https:\/\/hengxingmachinery.com\/#organization","name":"Machines Hengxing","url":"https:\/\/hengxingmachinery.com\/","logo":{"@type":"ImageObject","inLanguage":"fr-FR","@id":"https:\/\/hengxingmachinery.com\/#\/schema\/logo\/image\/","url":"https:\/\/hengxingmachinery.com\/wp-content\/uploads\/2024\/12\/logo.png","contentUrl":"https:\/\/hengxingmachinery.com\/wp-content\/uploads\/2024\/12\/logo.png","width":400,"height":260,"caption":"Hengxing Machinery"},"image":{"@id":"https:\/\/hengxingmachinery.com\/#\/schema\/logo\/image\/"}}]}},"_links":{"self":[{"href":"https:\/\/hengxingmachinery.com\/fr\/wp-json\/wp\/v2\/pages\/1857","targetHints":{"allow":["GET"]}}],"collection":[{"href":"https:\/\/hengxingmachinery.com\/fr\/wp-json\/wp\/v2\/pages"}],"about":[{"href":"https:\/\/hengxingmachinery.com\/fr\/wp-json\/wp\/v2\/types\/page"}],"author":[{"embeddable":true,"href":"https:\/\/hengxingmachinery.com\/fr\/wp-json\/wp\/v2\/users\/1"}],"replies":[{"embeddable":true,"href":"https:\/\/hengxingmachinery.com\/fr\/wp-json\/wp\/v2\/comments?post=1857"}],"version-history":[{"count":1,"href":"https:\/\/hengxingmachinery.com\/fr\/wp-json\/wp\/v2\/pages\/1857\/revisions"}],"predecessor-version":[{"id":1859,"href":"https:\/\/hengxingmachinery.com\/fr\/wp-json\/wp\/v2\/pages\/1857\/revisions\/1859"}],"wp:attachment":[{"href":"https:\/\/hengxingmachinery.com\/fr\/wp-json\/wp\/v2\/media?parent=1857"}],"curies":[{"name":"wp","href":"https:\/\/api.w.org\/{rel}","templated":true}]}}