{"id":1909,"date":"2025-03-06T02:01:18","date_gmt":"2025-03-06T02:01:18","guid":{"rendered":"https:\/\/hengxingmachinery.com\/?page_id=1909"},"modified":"2025-03-06T02:34:01","modified_gmt":"2025-03-06T02:34:01","slug":"ore-powder-briquette-machine","status":"publish","type":"page","link":"https:\/\/hengxingmachinery.com\/fr\/ore-powder-briquette-machine\/","title":{"rendered":"8-1. Machine \u00e0 briquettes de poudre de minerai"},"content":{"rendered":"<div class=\"gb-container gb-container-45165f5a\">\n<div class=\"gb-container gb-container-c2652eb4\">\n\n<h1 class=\"gb-headline gb-headline-62a8b2cc gb-headline-text\">Machine \u00e0 briquettes de poudre de minerai<\/h1>\n\n<\/div>\n<\/div>\n\n<div class=\"gb-container gb-container-519cf624\">\n<div class=\"gb-container gb-container-71ca071e\">\n<div class=\"gb-grid-wrapper gb-grid-wrapper-8a5f0688\">\n<div class=\"gb-grid-column gb-grid-column-1e99b1c2\"><div class=\"gb-container gb-container-1e99b1c2\">\n\n<figure class=\"gb-block-image gb-block-image-e4eaba54\"><img decoding=\"async\" width=\"665\" height=\"545\" class=\"gb-image gb-image-e4eaba54\" src=\"https:\/\/hengxingmachinery.com\/wp-content\/uploads\/2025\/03\/ore-powder-briquette-machine.jpg\" alt=\"\" title=\"Machine \u00e0 briqueter la poudre de minerai\" srcset=\"https:\/\/hengxingmachinery.com\/wp-content\/uploads\/2025\/03\/ore-powder-briquette-machine.jpg 665w, https:\/\/hengxingmachinery.com\/wp-content\/uploads\/2025\/03\/ore-powder-briquette-machine-300x246.jpg 300w, https:\/\/hengxingmachinery.com\/wp-content\/uploads\/2025\/03\/ore-powder-briquette-machine-15x12.jpg 15w\" sizes=\"(max-width: 665px) 100vw, 665px\" \/><\/figure>\n\n<\/div><\/div>\n\n<div class=\"gb-grid-column gb-grid-column-bcae065b\"><div class=\"gb-container gb-container-bcae065b\">\n\n<p><\/p>\n\n\n\n<p><\/p>\n\n\n\n<p>La machine \u00e0 briqueter la poudre min\u00e9rale est fabriqu\u00e9e en am\u00e9liorant la structure selon les caract\u00e9ristiques du mat\u00e9riau. Elle pr\u00e9sente les caract\u00e9ristiques de stabilit\u00e9, de rendement \u00e9lev\u00e9 et de structure simple.<\/p>\n\n\n<div class=\"gb-grid-wrapper gb-grid-wrapper-eebec76e\">\n<div class=\"gb-grid-column gb-grid-column-e3ada2f0\"><div class=\"gb-container gb-container-e3ada2f0\">\n\n<p class=\"gb-headline gb-headline-4c79a90a gb-headline-text\"><mark style=\"background-color:rgba(0, 0, 0, 0)\" class=\"has-inline-color has-global-color-8-color\"><strong>Capacit\u00e9:<\/strong><\/mark> 0,8-30 t\/h<\/p>\n\n<\/div><\/div>\n\n<div class=\"gb-grid-column gb-grid-column-0bb00826\"><div class=\"gb-container gb-container-0bb00826\">\n\n<p class=\"gb-headline gb-headline-86d53f56 gb-headline-text\"><mark style=\"background-color:rgba(0, 0, 0, 0)\" class=\"has-inline-color has-global-color-8-color\"><strong><strong><strong>Puissance (kW)<\/strong><\/strong>:<\/strong><\/mark> 5.5-130<\/p>\n\n<\/div><\/div>\n<\/div>\n\n\n<p class=\"gb-headline gb-headline-2750f5a7 gb-headline-text\"><\/p>\n\n\n\n<p><\/p>\n\n\n<div class=\"gb-container gb-container-256e15f1\">\n\n<a class=\"gb-button gb-button-e8b73d89 gb-button-text\" href=\"#popmake-622\">Obtenez un devis gratuit maintenant<\/a>\n\n<\/div>\n<\/div><\/div>\n<\/div>\n<\/div>\n<\/div>\n\n<div class=\"gb-container gb-container-af5f8799\">\n<div class=\"gb-container gb-container-2298848b\">\n\n<h2 class=\"gb-headline gb-headline-9d27ad2c gb-headline-text\">Caract\u00e9ristiques de la machine \u00e0 briqueter la poudre de minerai<\/h2>\n\n\n\n<p>1. Une machine aux multiples fonctions, pression \u00e9lev\u00e9e, taux de bouletage \u00e9lev\u00e9 et faible consommation d'\u00e9nergie.<\/p>\n\n\n\n<p>2. Structure compacte, r\u00e9paration et d\u00e9bogage faciles, r\u00e9duction de la pollution, transport pratique, etc.<\/p>\n\n\n<div class=\"gb-container gb-container-d7b7b595\">\n\n<a class=\"gb-button gb-button-c1312760 gb-button-text\" href=\"#popmake-622\">Obtenez un devis gratuit maintenant<\/a>\n\n<\/div>\n<\/div>\n<\/div>\n\n<div class=\"gb-container gb-container-ebd718b6\">\n<div class=\"gb-container gb-container-ae7c516c\">\n<div class=\"gb-container gb-container-5c75b960\">\n\n<h2 class=\"gb-headline gb-headline-98859344 gb-headline-text\">Principe de fonctionnement de la machine \u00e0 briqueter la poudre de minerai<\/h2>\n\n\n\n<figure class=\"gb-block-image gb-block-image-56f3f481\"><img decoding=\"async\" width=\"800\" height=\"420\" class=\"gb-image gb-image-56f3f481\" src=\"https:\/\/hengxingmachinery.com\/wp-content\/uploads\/2025\/03\/ore-powder-briquette-machine-for-sale-3.jpg\" alt=\"\" title=\"Machine \u00e0 briqueter la poudre de minerai \u00e0 vendre\" srcset=\"https:\/\/hengxingmachinery.com\/wp-content\/uploads\/2025\/03\/ore-powder-briquette-machine-for-sale-3.jpg 800w, https:\/\/hengxingmachinery.com\/wp-content\/uploads\/2025\/03\/ore-powder-briquette-machine-for-sale-3-300x158.jpg 300w, https:\/\/hengxingmachinery.com\/wp-content\/uploads\/2025\/03\/ore-powder-briquette-machine-for-sale-3-768x403.jpg 768w, https:\/\/hengxingmachinery.com\/wp-content\/uploads\/2025\/03\/ore-powder-briquette-machine-for-sale-3-18x9.jpg 18w\" sizes=\"(max-width: 800px) 100vw, 800px\" \/><\/figure>\n\n\n\n<p><\/p>\n\n\n\n<p>Le moteur principal est transmis au r\u00e9ducteur via la courroie trap\u00e9zo\u00efdale, le r\u00e9ducteur est transmis \u00e0 l'arbre d'entra\u00eenement par l'accouplement, puis une paire d'engrenages ouverts assure la synchronisation des deux arbres \u00e0 rouleaux (rotation inverse \u00e0 vitesse constante), dans laquelle le piston du v\u00e9rin hydraulique du rouleau entra\u00een\u00e9 est support\u00e9 (le type \u00e0 pression constante est support\u00e9 par la cale inclin\u00e9e), la pression du syst\u00e8me est garantie par le circuit hydraulique, la valve de contr\u00f4le hydraulique et l'accumulateur. <\/p>\n\n\n\n<p>Le mat\u00e9riau entre dans la tr\u00e9mie de la machine de moulage depuis le silo de stockage via l'\u00e9quipement de dosage et est ajust\u00e9 par la vanne de r\u00e9glage sur la tr\u00e9mie. Cela permet au mat\u00e9riau d'entrer uniform\u00e9ment au milieu de la paire de rouleaux, la pression de moulage unitaire du mat\u00e9riau comprim\u00e9 par les rouleaux tournant \u00e0 vitesse constante et en sens inverse varie de faible \u00e0 \u00e9lev\u00e9e, et la pression de moulage atteint son pic au centre de la paire de rouleaux. <\/p>\n\n\n\n<p>Apr\u00e8s que le mat\u00e9riau passe la ligne, la pression de moulage diminue rapidement. Cette baisse permet au mat\u00e9riau d'entrer en \u00e9tat de d\u00e9moulage, et la boule se d\u00e9tache sans probl\u00e8me.<\/p>\n\n\n<div class=\"gb-container gb-container-d6bbf16a\">\n\n<a class=\"gb-button gb-button-caa3f2bc gb-button-text\" href=\"#popmake-622\">Obtenez un devis gratuit maintenant<\/a>\n\n<\/div>\n<\/div>\n<\/div>\n<\/div>\n\n<div class=\"gb-container gb-container-435ad261\">\n<div class=\"gb-container gb-container-7dc79cc4\">\n\n<h2 class=\"gb-headline gb-headline-6fe5dee2 gb-headline-text\">Sp\u00e9cifications de la machine \u00e0 briqueter la poudre de minerai<\/h2>\n\n\n\n<figure class=\"wp-block-table is-style-stripes\"><table class=\"has-fixed-layout\"><tbody><tr><td><strong>Mod\u00e8le<\/strong>&nbsp;<\/td><td><strong>R\u00e9ducteur&nbsp;<\/strong><\/td><td><strong>Dimensions des rouleaux&nbsp;<\/strong><\/td><td><strong>Puissance (kW)<\/strong><\/td><td><strong>Rendement (t\/h)<\/strong><\/td><td><strong>Mat\u00e9riau des rouleaux<\/strong><\/td><td><strong>Pression des rouleaux (t\/cm)<\/strong><\/td><\/tr><tr><td>HX290<\/td><td>ZQ300<\/td><td>\u03a6290<\/td><td>5.5<\/td><td>0.8-2<\/td><td>65Mn<\/td><td>1<\/td><\/tr><tr><td>HX 360<\/td><td>ZQ350<\/td><td>\u03a6360<\/td><td>7.5<\/td><td>2-3.5<\/td><td>65Mn\/9Cr2Mo<\/td><td>1<\/td><\/tr><tr><td>HX 400<\/td><td>ZQ400<\/td><td>\u03a6400<\/td><td>11<\/td><td>4-5<\/td><td>65Mn\/9Cr2Mo<\/td><td>1<\/td><\/tr><tr><td>HX 430<\/td><td>ZQ400<\/td><td>\u03a6430<\/td><td>11<\/td><td>5-7<\/td><td>65Mn\/9Cr2Mo<\/td><td>1-2<\/td><\/tr><tr><td>HX 500<\/td><td>ZQ500<\/td><td>\u03a6500<\/td><td>18.5-30<\/td><td>6-8<\/td><td>65Mn\/9Cr2Mo<\/td><td>1-2.5<\/td><\/tr><tr><td>HX 650<\/td><td>ZQ650<\/td><td>\u03a6650<\/td><td>22<\/td><td>8-12<\/td><td>65Mn\/9Cr2Mo<\/td><td>1-2.5<\/td><\/tr><tr><td>HX 750<\/td><td>ZQ750<\/td><td>\u03a6750<\/td><td>30-75<\/td><td>12-18<\/td><td>65Mn\/9Cr2Mo<\/td><td>1-2.5<\/td><\/tr><tr><td>HX 850<\/td><td>ZQ850<\/td><td>\u03a6850<\/td><td>55-90<\/td><td>18-25<\/td><td>65Mn\/9Cr2Mo<\/td><td>1-2.5<\/td><\/tr><tr><td>HX 1000<\/td><td>ZQ1000<\/td><td>\u03a61000<\/td><td>75-130<\/td><td>25-30<\/td><td>65Mn\/9Cr2Mo<\/td><td>2-2.5<\/td><\/tr><\/tbody><\/table><\/figure>\n\n\n<div class=\"gb-container gb-container-263d9700\">\n\n<a class=\"gb-button gb-button-a4cbb7be gb-button-text\" href=\"#popmake-622\">Obtenez un devis gratuit maintenant<\/a>\n\n<\/div>\n<\/div>\n<\/div>","protected":false},"excerpt":{"rendered":"<p>Ore powder briquette machine Characteristics of ore powder briquette machine 1. One machine with multiple functions, strong pressure, high ball formation rate and low power consumption. 2. Compact structure, easy to repair and debug, reduce pollution, convenient transportation, etc. Ore powder briquette machine working principle The main motor is transmitted to the reducer through the &#8230; <\/p>\n<p class=\"read-more-container\"><a title=\"8-1. Machine \u00e0 briquettes de poudre de minerai\" class=\"read-more button\" href=\"https:\/\/hengxingmachinery.com\/fr\/ore-powder-briquette-machine\/#more-1909\" aria-label=\"En savoir plus sur 8-1. Ore powder briquette machine\">Lire plus<\/a><\/p>","protected":false},"author":1,"featured_media":0,"parent":0,"menu_order":0,"comment_status":"closed","ping_status":"closed","template":"","meta":{"footnotes":""},"class_list":["post-1909","page","type-page","status-publish"],"yoast_head":"<!-- This site is optimized with the Yoast SEO plugin v27.4 - https:\/\/yoast.com\/product\/yoast-seo-wordpress\/ -->\n<title>8-1. Ore powder briquette machine - Hengxing Machinery<\/title>\n<meta name=\"robots\" content=\"index, follow, max-snippet:-1, max-image-preview:large, max-video-preview:-1\" \/>\n<link rel=\"canonical\" href=\"https:\/\/hengxingmachinery.com\/fr\/ore-powder-briquette-machine\/\" \/>\n<meta property=\"og:locale\" content=\"fr_FR\" \/>\n<meta property=\"og:type\" content=\"article\" \/>\n<meta property=\"og:title\" content=\"8-1. Ore powder briquette machine - Hengxing Machinery\" \/>\n<meta property=\"og:description\" content=\"Ore powder briquette machine Characteristics of ore powder briquette machine 1. One machine with multiple functions, strong pressure, high ball formation rate and low power consumption. 2. Compact structure, easy to repair and debug, reduce pollution, convenient transportation, etc. Ore powder briquette machine working principle The main motor is transmitted to the reducer through the ... Lire plus\" \/>\n<meta property=\"og:url\" content=\"https:\/\/hengxingmachinery.com\/fr\/ore-powder-briquette-machine\/\" \/>\n<meta property=\"og:site_name\" content=\"Hengxing Machinery\" \/>\n<meta property=\"article:modified_time\" content=\"2025-03-06T02:34:01+00:00\" \/>\n<meta property=\"og:image\" content=\"https:\/\/hengxingmachinery.com\/wp-content\/uploads\/2025\/03\/ore-powder-briquette-machine.jpg\" \/>\n<meta name=\"twitter:card\" content=\"summary_large_image\" \/>\n<meta name=\"twitter:label1\" content=\"Dur\u00e9e de lecture estim\u00e9e\" \/>\n\t<meta name=\"twitter:data1\" content=\"3 minutes\" \/>\n<script type=\"application\/ld+json\" class=\"yoast-schema-graph\">{\"@context\":\"https:\\\/\\\/schema.org\",\"@graph\":[{\"@type\":\"WebPage\",\"@id\":\"https:\\\/\\\/hengxingmachinery.com\\\/ore-powder-briquette-machine\\\/\",\"url\":\"https:\\\/\\\/hengxingmachinery.com\\\/ore-powder-briquette-machine\\\/\",\"name\":\"8-1. Ore powder briquette machine - Hengxing Machinery\",\"isPartOf\":{\"@id\":\"https:\\\/\\\/hengxingmachinery.com\\\/#website\"},\"primaryImageOfPage\":{\"@id\":\"https:\\\/\\\/hengxingmachinery.com\\\/ore-powder-briquette-machine\\\/#primaryimage\"},\"image\":{\"@id\":\"https:\\\/\\\/hengxingmachinery.com\\\/ore-powder-briquette-machine\\\/#primaryimage\"},\"thumbnailUrl\":\"https:\\\/\\\/hengxingmachinery.com\\\/wp-content\\\/uploads\\\/2025\\\/03\\\/ore-powder-briquette-machine.jpg\",\"datePublished\":\"2025-03-06T02:01:18+00:00\",\"dateModified\":\"2025-03-06T02:34:01+00:00\",\"breadcrumb\":{\"@id\":\"https:\\\/\\\/hengxingmachinery.com\\\/ore-powder-briquette-machine\\\/#breadcrumb\"},\"inLanguage\":\"fr-FR\",\"potentialAction\":[{\"@type\":\"ReadAction\",\"target\":[\"https:\\\/\\\/hengxingmachinery.com\\\/ore-powder-briquette-machine\\\/\"]}]},{\"@type\":\"ImageObject\",\"inLanguage\":\"fr-FR\",\"@id\":\"https:\\\/\\\/hengxingmachinery.com\\\/ore-powder-briquette-machine\\\/#primaryimage\",\"url\":\"https:\\\/\\\/hengxingmachinery.com\\\/wp-content\\\/uploads\\\/2025\\\/03\\\/ore-powder-briquette-machine.jpg\",\"contentUrl\":\"https:\\\/\\\/hengxingmachinery.com\\\/wp-content\\\/uploads\\\/2025\\\/03\\\/ore-powder-briquette-machine.jpg\"},{\"@type\":\"BreadcrumbList\",\"@id\":\"https:\\\/\\\/hengxingmachinery.com\\\/ore-powder-briquette-machine\\\/#breadcrumb\",\"itemListElement\":[{\"@type\":\"ListItem\",\"position\":1,\"name\":\"Home\",\"item\":\"https:\\\/\\\/hengxingmachinery.com\\\/\"},{\"@type\":\"ListItem\",\"position\":2,\"name\":\"8-1. Ore powder briquette machine\"}]},{\"@type\":\"WebSite\",\"@id\":\"https:\\\/\\\/hengxingmachinery.com\\\/#website\",\"url\":\"https:\\\/\\\/hengxingmachinery.com\\\/\",\"name\":\"Hengxing Machinery\",\"description\":\"Leading Manufacturer of All Sorts of Mining Machinery\",\"publisher\":{\"@id\":\"https:\\\/\\\/hengxingmachinery.com\\\/#organization\"},\"potentialAction\":[{\"@type\":\"SearchAction\",\"target\":{\"@type\":\"EntryPoint\",\"urlTemplate\":\"https:\\\/\\\/hengxingmachinery.com\\\/?s={search_term_string}\"},\"query-input\":{\"@type\":\"PropertyValueSpecification\",\"valueRequired\":true,\"valueName\":\"search_term_string\"}}],\"inLanguage\":\"fr-FR\"},{\"@type\":\"Organization\",\"@id\":\"https:\\\/\\\/hengxingmachinery.com\\\/#organization\",\"name\":\"Hengxing Machinery\",\"url\":\"https:\\\/\\\/hengxingmachinery.com\\\/\",\"logo\":{\"@type\":\"ImageObject\",\"inLanguage\":\"fr-FR\",\"@id\":\"https:\\\/\\\/hengxingmachinery.com\\\/#\\\/schema\\\/logo\\\/image\\\/\",\"url\":\"https:\\\/\\\/hengxingmachinery.com\\\/wp-content\\\/uploads\\\/2024\\\/12\\\/logo.png\",\"contentUrl\":\"https:\\\/\\\/hengxingmachinery.com\\\/wp-content\\\/uploads\\\/2024\\\/12\\\/logo.png\",\"width\":400,\"height\":260,\"caption\":\"Hengxing Machinery\"},\"image\":{\"@id\":\"https:\\\/\\\/hengxingmachinery.com\\\/#\\\/schema\\\/logo\\\/image\\\/\"}}]}<\/script>\n<!-- \/ Yoast SEO plugin. -->","yoast_head_json":{"title":"8-1. Machine \u00e0 briqueter la poudre de minerai - Hengxing Machinery","robots":{"index":"index","follow":"follow","max-snippet":"max-snippet:-1","max-image-preview":"max-image-preview:large","max-video-preview":"max-video-preview:-1"},"canonical":"https:\/\/hengxingmachinery.com\/fr\/ore-powder-briquette-machine\/","og_locale":"fr_FR","og_type":"article","og_title":"8-1. Ore powder briquette machine - Hengxing Machinery","og_description":"Ore powder briquette machine Characteristics of ore powder briquette machine 1. One machine with multiple functions, strong pressure, high ball formation rate and low power consumption. 2. Compact structure, easy to repair and debug, reduce pollution, convenient transportation, etc. Ore powder briquette machine working principle The main motor is transmitted to the reducer through the ... Lire plus","og_url":"https:\/\/hengxingmachinery.com\/fr\/ore-powder-briquette-machine\/","og_site_name":"Hengxing Machinery","article_modified_time":"2025-03-06T02:34:01+00:00","og_image":[{"url":"https:\/\/hengxingmachinery.com\/wp-content\/uploads\/2025\/03\/ore-powder-briquette-machine.jpg","type":"","width":"","height":""}],"twitter_card":"summary_large_image","twitter_misc":{"Dur\u00e9e de lecture estim\u00e9e":"3 minutes"},"schema":{"@context":"https:\/\/schema.org","@graph":[{"@type":"WebPage","@id":"https:\/\/hengxingmachinery.com\/ore-powder-briquette-machine\/","url":"https:\/\/hengxingmachinery.com\/ore-powder-briquette-machine\/","name":"8-1. Machine \u00e0 briqueter la poudre de minerai - Hengxing Machinery","isPartOf":{"@id":"https:\/\/hengxingmachinery.com\/#website"},"primaryImageOfPage":{"@id":"https:\/\/hengxingmachinery.com\/ore-powder-briquette-machine\/#primaryimage"},"image":{"@id":"https:\/\/hengxingmachinery.com\/ore-powder-briquette-machine\/#primaryimage"},"thumbnailUrl":"https:\/\/hengxingmachinery.com\/wp-content\/uploads\/2025\/03\/ore-powder-briquette-machine.jpg","datePublished":"2025-03-06T02:01:18+00:00","dateModified":"2025-03-06T02:34:01+00:00","breadcrumb":{"@id":"https:\/\/hengxingmachinery.com\/ore-powder-briquette-machine\/#breadcrumb"},"inLanguage":"fr-FR","potentialAction":[{"@type":"ReadAction","target":["https:\/\/hengxingmachinery.com\/ore-powder-briquette-machine\/"]}]},{"@type":"ImageObject","inLanguage":"fr-FR","@id":"https:\/\/hengxingmachinery.com\/ore-powder-briquette-machine\/#primaryimage","url":"https:\/\/hengxingmachinery.com\/wp-content\/uploads\/2025\/03\/ore-powder-briquette-machine.jpg","contentUrl":"https:\/\/hengxingmachinery.com\/wp-content\/uploads\/2025\/03\/ore-powder-briquette-machine.jpg"},{"@type":"BreadcrumbList","@id":"https:\/\/hengxingmachinery.com\/ore-powder-briquette-machine\/#breadcrumb","itemListElement":[{"@type":"ListItem","position":1,"name":"Home","item":"https:\/\/hengxingmachinery.com\/"},{"@type":"ListItem","position":2,"name":"8-1. Ore powder briquette machine"}]},{"@type":"WebSite","@id":"https:\/\/hengxingmachinery.com\/#website","url":"https:\/\/hengxingmachinery.com\/","name":"Machines Hengxing","description":"Fabricant leader de toutes sortes de machines mini\u00e8res","publisher":{"@id":"https:\/\/hengxingmachinery.com\/#organization"},"potentialAction":[{"@type":"SearchAction","target":{"@type":"EntryPoint","urlTemplate":"https:\/\/hengxingmachinery.com\/?s={search_term_string}"},"query-input":{"@type":"PropertyValueSpecification","valueRequired":true,"valueName":"search_term_string"}}],"inLanguage":"fr-FR"},{"@type":"Organization","@id":"https:\/\/hengxingmachinery.com\/#organization","name":"Machines Hengxing","url":"https:\/\/hengxingmachinery.com\/","logo":{"@type":"ImageObject","inLanguage":"fr-FR","@id":"https:\/\/hengxingmachinery.com\/#\/schema\/logo\/image\/","url":"https:\/\/hengxingmachinery.com\/wp-content\/uploads\/2024\/12\/logo.png","contentUrl":"https:\/\/hengxingmachinery.com\/wp-content\/uploads\/2024\/12\/logo.png","width":400,"height":260,"caption":"Hengxing Machinery"},"image":{"@id":"https:\/\/hengxingmachinery.com\/#\/schema\/logo\/image\/"}}]}},"_links":{"self":[{"href":"https:\/\/hengxingmachinery.com\/fr\/wp-json\/wp\/v2\/pages\/1909","targetHints":{"allow":["GET"]}}],"collection":[{"href":"https:\/\/hengxingmachinery.com\/fr\/wp-json\/wp\/v2\/pages"}],"about":[{"href":"https:\/\/hengxingmachinery.com\/fr\/wp-json\/wp\/v2\/types\/page"}],"author":[{"embeddable":true,"href":"https:\/\/hengxingmachinery.com\/fr\/wp-json\/wp\/v2\/users\/1"}],"replies":[{"embeddable":true,"href":"https:\/\/hengxingmachinery.com\/fr\/wp-json\/wp\/v2\/comments?post=1909"}],"version-history":[{"count":9,"href":"https:\/\/hengxingmachinery.com\/fr\/wp-json\/wp\/v2\/pages\/1909\/revisions"}],"predecessor-version":[{"id":1926,"href":"https:\/\/hengxingmachinery.com\/fr\/wp-json\/wp\/v2\/pages\/1909\/revisions\/1926"}],"wp:attachment":[{"href":"https:\/\/hengxingmachinery.com\/fr\/wp-json\/wp\/v2\/media?parent=1909"}],"curies":[{"name":"wp","href":"https:\/\/api.w.org\/{rel}","templated":true}]}}