{"id":2015,"date":"2025-03-11T09:28:07","date_gmt":"2025-03-11T09:28:07","guid":{"rendered":"https:\/\/hengxingmachinery.com\/?page_id=2015"},"modified":"2025-03-11T09:29:15","modified_gmt":"2025-03-11T09:29:15","slug":"dry-powder-briquette-press-machine","status":"publish","type":"page","link":"https:\/\/hengxingmachinery.com\/fr\/dry-powder-briquette-press-machine\/","title":{"rendered":"8-1. Presse \u00e0 briquettes de poudre s\u00e8che"},"content":{"rendered":"<div class=\"gb-container gb-container-45165f5a\">\n<div class=\"gb-container gb-container-c2652eb4\">\n\n<h1 class=\"gb-headline gb-headline-62a8b2cc gb-headline-text\">Presse \u00e0 briquettes \u00e0 poudre s\u00e8che<\/h1>\n\n<\/div>\n<\/div>\n\n<div class=\"gb-container gb-container-519cf624\">\n<div class=\"gb-container gb-container-71ca071e\">\n<div class=\"gb-grid-wrapper gb-grid-wrapper-8a5f0688\">\n<div class=\"gb-grid-column gb-grid-column-1e99b1c2\"><div class=\"gb-container gb-container-1e99b1c2\">\n\n<figure class=\"gb-block-image gb-block-image-e4eaba54\"><img decoding=\"async\" width=\"665\" height=\"545\" class=\"gb-image gb-image-e4eaba54\" src=\"https:\/\/hengxingmachinery.com\/wp-content\/uploads\/2025\/03\/Dry-Powder-Briquette-Pressing-Equipment.jpg\" alt=\"\" title=\"\u00c9quipement de pressage \u00e0 briquettes pour poudre s\u00e8che\" srcset=\"https:\/\/hengxingmachinery.com\/wp-content\/uploads\/2025\/03\/Dry-Powder-Briquette-Pressing-Equipment.jpg 665w, https:\/\/hengxingmachinery.com\/wp-content\/uploads\/2025\/03\/Dry-Powder-Briquette-Pressing-Equipment-300x246.jpg 300w, https:\/\/hengxingmachinery.com\/wp-content\/uploads\/2025\/03\/Dry-Powder-Briquette-Pressing-Equipment-15x12.jpg 15w\" sizes=\"(max-width: 665px) 100vw, 665px\" \/><\/figure>\n\n<\/div><\/div>\n\n<div class=\"gb-grid-column gb-grid-column-bcae065b\"><div class=\"gb-container gb-container-bcae065b\">\n\n<p><\/p>\n\n\n<div class=\"gb-grid-wrapper gb-grid-wrapper-eebec76e\">\n<div class=\"gb-grid-column gb-grid-column-e3ada2f0\"><div class=\"gb-container gb-container-e3ada2f0\">\n\n<p class=\"gb-headline gb-headline-4c79a90a gb-headline-text\"><mark style=\"background-color:rgba(0, 0, 0, 0)\" class=\"has-inline-color has-global-color-8-color\"><strong>Pouvoir:<\/strong><\/mark> 45-90 Kw<\/p>\n\n\n\n<p><\/p>\n\n<\/div><\/div>\n\n<div class=\"gb-grid-column gb-grid-column-0bb00826\"><div class=\"gb-container gb-container-0bb00826\">\n\n<p class=\"gb-headline gb-headline-86d53f56 gb-headline-text\"><strong><mark style=\"background-color:rgba(0, 0, 0, 0)\" class=\"has-inline-color has-global-color-8-color\">Sortie : <\/mark><\/strong>2-15t\/h<\/p>\n\n\n\n<p><\/p>\n\n<\/div><\/div>\n<\/div>\n\n\n<p class=\"gb-headline gb-headline-2750f5a7 gb-headline-text\"><strong>Application : <\/strong><\/p>\n\n\n\n<p>Une presse \u00e0 briquettes hydraulique pour poudre s\u00e8che est utilis\u00e9e pour fabriquer de la poudre de chaux, de la poudre de ferro-silicium, de la poudre de chrome, des mat\u00e9riaux r\u00e9fractaires et autres fines diff\u00e9rents contenant un faible taux d'humidit\u00e9 ou sans eau. Cette machine est largement utilis\u00e9e dans l'industrie mini\u00e8re et m\u00e9tallurgique.<\/p>\n\n\n<div class=\"gb-container gb-container-256e15f1\">\n\n<a class=\"gb-button gb-button-e8b73d89 gb-button-text\" href=\"#popmake-622\">Obtenez un devis gratuit maintenant<\/a>\n\n<\/div>\n<\/div><\/div>\n<\/div>\n<\/div>\n<\/div>\n\n<div class=\"gb-container gb-container-af5f8799\">\n<div class=\"gb-container gb-container-2298848b\">\n\n<h2 class=\"gb-headline gb-headline-9d27ad2c gb-headline-text\">Principe de fonctionnement de la presse \u00e0 briquettes pour poudre s\u00e8che<\/h2>\n\n\n\n<figure class=\"gb-block-image gb-block-image-8196b82f\"><img decoding=\"async\" width=\"800\" height=\"600\" class=\"gb-image gb-image-8196b82f\" src=\"https:\/\/hengxingmachinery.com\/wp-content\/uploads\/2025\/03\/dry-powder-briquette-press-machine.jpg\" alt=\"\" title=\"presse \u00e0 briquettes de poudre s\u00e8che\" srcset=\"https:\/\/hengxingmachinery.com\/wp-content\/uploads\/2025\/03\/dry-powder-briquette-press-machine.jpg 800w, https:\/\/hengxingmachinery.com\/wp-content\/uploads\/2025\/03\/dry-powder-briquette-press-machine-300x225.jpg 300w, https:\/\/hengxingmachinery.com\/wp-content\/uploads\/2025\/03\/dry-powder-briquette-press-machine-768x576.jpg 768w, https:\/\/hengxingmachinery.com\/wp-content\/uploads\/2025\/03\/dry-powder-briquette-press-machine-16x12.jpg 16w\" sizes=\"(max-width: 800px) 100vw, 800px\" \/><\/figure>\n\n\n\n<p>1. Partie alimentation : La partie alimentation est principalement utilis\u00e9e pour r\u00e9aliser une alimentation dos\u00e9e afin de garantir que les mat\u00e9riaux puissent \u00eatre introduits uniform\u00e9ment dans les rouleaux. Plus pr\u00e9cis\u00e9ment, l'alimentateur \u00e0 vis, entra\u00een\u00e9 par un moteur \u00e9lectromagn\u00e9tique \u00e0 vitesse r\u00e9glable, presse les mat\u00e9riaux dans l'orifice d'alimentation principal de mani\u00e8re forc\u00e9e via la poulie et le r\u00e9ducteur \u00e0 vis sans fin. Gr\u00e2ce \u00e0 un couple constant, le moteur peut maintenir une pression d'alimentation constante, assurant une qualit\u00e9 de briquette stable.<\/p>\n\n\n\n<p>2. Partie entra\u00eenement : Le syst\u00e8me d'entra\u00eenement principal de la presse \u00e0 briquettes est compos\u00e9 d'un moteur, d'une courroie trap\u00e9zo\u00efdale, d'un r\u00e9ducteur, d'un engrenage expos\u00e9 et des rouleaux. La puissance g\u00e9n\u00e9r\u00e9e par le moteur \u00e9lectromagn\u00e9tique \u00e0 vitesse r\u00e9glable est transmise \u00e0 l'arbre d'entra\u00eenement via une poulie, un r\u00e9ducteur et un accouplement, et l'arbre d'entra\u00eenement tournera de mani\u00e8re synchrone avec l'arbre men\u00e9 par l'engrenage expos\u00e9.<\/p>\n\n\n\n<p>3. Partie moulage des briquettes : Le c\u0153ur de la partie moulage des briquettes est constitu\u00e9 par les rouleaux. \u00c0 travers les rouleaux, les mati\u00e8res premi\u00e8res peuvent \u00eatre compress\u00e9es en briquettes de diverses formes. De plus, les rouleaux disposent d'une protection contre les surcharges, garantissant ainsi une qualit\u00e9 optimale.<\/p>\n\n\n<div class=\"gb-container gb-container-d7b7b595\">\n\n<a class=\"gb-button gb-button-c1312760 gb-button-text\" href=\"#popmake-622\">Obtenez un devis gratuit maintenant<\/a>\n\n<\/div>\n<\/div>\n<\/div>\n\n<div class=\"gb-container gb-container-ebd718b6\">\n<div class=\"gb-container gb-container-ae7c516c\">\n<div class=\"gb-container gb-container-5c75b960\">\n\n<h2 class=\"gb-headline gb-headline-98859344 gb-headline-text\">Caract\u00e9ristiques de la presse \u00e0 briquettes pour poudre s\u00e8che<\/h2>\n\n\n\n<figure class=\"gb-block-image gb-block-image-56f3f481\"><img decoding=\"async\" width=\"600\" height=\"500\" class=\"gb-image gb-image-56f3f481\" src=\"https:\/\/hengxingmachinery.com\/wp-content\/uploads\/2025\/03\/Dry-Powder-Briquette-Press-Machine-for-Sale-5.jpg\" alt=\"\" title=\"Presse \u00e0 briquettes pour poudre s\u00e8che \u00e0 vendre\" srcset=\"https:\/\/hengxingmachinery.com\/wp-content\/uploads\/2025\/03\/Dry-Powder-Briquette-Press-Machine-for-Sale-5.jpg 600w, https:\/\/hengxingmachinery.com\/wp-content\/uploads\/2025\/03\/Dry-Powder-Briquette-Press-Machine-for-Sale-5-300x250.jpg 300w, https:\/\/hengxingmachinery.com\/wp-content\/uploads\/2025\/03\/Dry-Powder-Briquette-Press-Machine-for-Sale-5-14x12.jpg 14w\" sizes=\"(max-width: 600px) 100vw, 600px\" \/><\/figure>\n\n\n\n<p><\/p>\n\n\n\n<p>1. Bon effet d'extrusion des mat\u00e9riaux, taux de briquetage \u00e9lev\u00e9 et haute r\u00e9sistance des briquettes ;<\/p>\n\n\n\n<p>2. Bon effet d'utilisation de la surface des rouleaux, dur\u00e9e de vie longue ;<\/p>\n\n\n\n<p>3. Adoption d'une structure de r\u00e9ducteur \u00e0 double arbre, am\u00e9liorant la pr\u00e9cision des rouleaux,<\/p>\n\n\n\n<p>4. Adoption d'un carter de r\u00e9ducteur enti\u00e8rement en acier, bonne \u00e9tanch\u00e9it\u00e9<\/p>\n\n\n\n<p>5. Utilisation d'engrenages \u00e0 denture tremp\u00e9e, am\u00e9liorant les performances et la dur\u00e9e d'utilisation ;<\/p>\n\n\n\n<p>6. Le dispositif de pr\u00e9-pression utilise un moteur \u00e0 vitesse r\u00e9glable,<\/p>\n\n\n\n<p>7. Toutes les pi\u00e8ces d'usure sont soud\u00e9es avec un alliage r\u00e9sistant \u00e0 l'usure, am\u00e9liorant les performances et la dur\u00e9e de vie ;<\/p>\n\n\n\n<p>8. La station hydraulique est plac\u00e9e ind\u00e9pendamment, peut r\u00e9gler la pression et dispose d'une fonction de protection contre les surpressions.<\/p>\n\n\n<div class=\"gb-container gb-container-d6bbf16a\">\n\n<a class=\"gb-button gb-button-caa3f2bc gb-button-text\" href=\"#popmake-622\">Obtenez un devis gratuit maintenant<\/a>\n\n<\/div>\n<\/div>\n<\/div>\n<\/div>\n\n<div class=\"gb-container gb-container-435ad261\">\n<div class=\"gb-container gb-container-7dc79cc4\">\n\n<h2 class=\"gb-headline gb-headline-6fe5dee2 gb-headline-text\">Sp\u00e9cifications de la presse \u00e0 briquettes pour poudre s\u00e8che<\/h2>\n\n\n\n<figure class=\"wp-block-table is-style-stripes\"><table class=\"has-fixed-layout\"><tbody><tr><td><strong>Mod\u00e8le<\/strong><\/td><td><strong>530<\/strong><\/td><td><strong>650<\/strong><\/td><td><strong>750<\/strong><\/td><td><strong>850<\/strong><\/td><\/tr><tr><td><strong>Diam\u00e8tre (mm)<\/strong><\/td><td>530<\/td><td>650<\/td><td>750<\/td><td>850<\/td><\/tr><tr><td><strong>Largeur (mm)<\/strong><\/td><td>196<\/td><td>196<br>250<\/td><td>196<br>250<\/td><td>196<br>250<\/td><\/tr><tr><td><strong>Rapport de pression lin\u00e9aire max (t\/cm)<\/strong><\/td><td>5<\/td><td>6<\/td><td>6<\/td><td>8<\/td><\/tr><tr><td><strong>Pression totale (t)<\/strong><\/td><td>100<\/td><td>110<\/td><td>120<\/td><td>300<\/td><\/tr><tr><td><strong>Puissance (kW)<\/strong><\/td><td>45<\/td><td>55<br>75<\/td><td>75<br>90<\/td><td>75<br>90<\/td><\/tr><tr><td><strong>Puissance de pr\u00e9-compression (kw)<\/strong><\/td><td>11<\/td><td>15<\/td><td>18.5<\/td><td>18.5<\/td><\/tr><tr><td><strong>Puissance de la pompe \u00e0 huile (kw)<\/strong><\/td><td>1.5<\/td><td>1.5<\/td><td>2.2<\/td><td>3<\/td><\/tr><tr><td><strong>Vitesse (tr\/min)<\/strong><\/td><td>9<\/td><td>9<\/td><td>9<\/td><td>9<\/td><\/tr><tr><td><strong>Capacit\u00e9 (t\/h)<\/strong><\/td><td>2-4<\/td><td>5-8<\/td><td>8-12<\/td><td>9-15<\/td><\/tr><tr><td><strong>Dimension de la boule (mm)<\/strong><\/td><td colspan=\"4\">38x25x13&nbsp; &nbsp; &nbsp;<strong>D\u00e9fini par les utilisateurs<\/strong><\/td><\/tr><\/tbody><\/table><\/figure>\n\n\n<div class=\"gb-container gb-container-263d9700\">\n\n<a class=\"gb-button gb-button-a4cbb7be gb-button-text\" href=\"#popmake-622\">Obtenez un devis gratuit maintenant<\/a>\n\n<\/div>\n<\/div>\n<\/div>","protected":false},"excerpt":{"rendered":"<p>Dry powder briquette press machine Working principle of dry powder briquette press machine 1. Feeding Part: The feeding part is mainly used to achieve ration feeding so as to ensure that the materials can be fed into the rollers uniformly. Specifically, the screw feeder, driven by electromagnetic speed adjustable motor, presses materials into the main &#8230; <\/p>\n<p class=\"read-more-container\"><a title=\"8-1. Presse \u00e0 briquettes de poudre s\u00e8che\" class=\"read-more button\" href=\"https:\/\/hengxingmachinery.com\/fr\/dry-powder-briquette-press-machine\/#more-2015\" aria-label=\"En savoir plus sur 8-1. Dry powder briquette press machine\">Lire plus<\/a><\/p>","protected":false},"author":1,"featured_media":0,"parent":0,"menu_order":0,"comment_status":"closed","ping_status":"closed","template":"","meta":{"footnotes":""},"class_list":["post-2015","page","type-page","status-publish"],"yoast_head":"<!-- This site is optimized with the Yoast SEO plugin v27.4 - https:\/\/yoast.com\/product\/yoast-seo-wordpress\/ -->\n<title>8-1. Dry powder briquette press machine - Hengxing Machinery<\/title>\n<meta name=\"robots\" content=\"index, follow, max-snippet:-1, max-image-preview:large, max-video-preview:-1\" \/>\n<link rel=\"canonical\" href=\"https:\/\/hengxingmachinery.com\/fr\/dry-powder-briquette-press-machine\/\" \/>\n<meta property=\"og:locale\" content=\"fr_FR\" \/>\n<meta property=\"og:type\" content=\"article\" \/>\n<meta property=\"og:title\" content=\"8-1. Dry powder briquette press machine - Hengxing Machinery\" \/>\n<meta property=\"og:description\" content=\"Dry powder briquette press machine Working principle of dry powder briquette press machine 1. Feeding Part: The feeding part is mainly used to achieve ration feeding so as to ensure that the materials can be fed into the rollers uniformly. Specifically, the screw feeder, driven by electromagnetic speed adjustable motor, presses materials into the main ... Lire plus\" \/>\n<meta property=\"og:url\" content=\"https:\/\/hengxingmachinery.com\/fr\/dry-powder-briquette-press-machine\/\" \/>\n<meta property=\"og:site_name\" content=\"Hengxing Machinery\" \/>\n<meta property=\"article:modified_time\" content=\"2025-03-11T09:29:15+00:00\" \/>\n<meta property=\"og:image\" content=\"https:\/\/hengxingmachinery.com\/wp-content\/uploads\/2025\/03\/Dry-Powder-Briquette-Pressing-Equipment.jpg\" \/>\n<meta name=\"twitter:card\" content=\"summary_large_image\" \/>\n<meta name=\"twitter:label1\" content=\"Dur\u00e9e de lecture estim\u00e9e\" \/>\n\t<meta name=\"twitter:data1\" content=\"3 minutes\" \/>\n<script type=\"application\/ld+json\" class=\"yoast-schema-graph\">{\"@context\":\"https:\\\/\\\/schema.org\",\"@graph\":[{\"@type\":\"WebPage\",\"@id\":\"https:\\\/\\\/hengxingmachinery.com\\\/dry-powder-briquette-press-machine\\\/\",\"url\":\"https:\\\/\\\/hengxingmachinery.com\\\/dry-powder-briquette-press-machine\\\/\",\"name\":\"8-1. Dry powder briquette press machine - Hengxing Machinery\",\"isPartOf\":{\"@id\":\"https:\\\/\\\/hengxingmachinery.com\\\/#website\"},\"primaryImageOfPage\":{\"@id\":\"https:\\\/\\\/hengxingmachinery.com\\\/dry-powder-briquette-press-machine\\\/#primaryimage\"},\"image\":{\"@id\":\"https:\\\/\\\/hengxingmachinery.com\\\/dry-powder-briquette-press-machine\\\/#primaryimage\"},\"thumbnailUrl\":\"https:\\\/\\\/hengxingmachinery.com\\\/wp-content\\\/uploads\\\/2025\\\/03\\\/Dry-Powder-Briquette-Pressing-Equipment.jpg\",\"datePublished\":\"2025-03-11T09:28:07+00:00\",\"dateModified\":\"2025-03-11T09:29:15+00:00\",\"breadcrumb\":{\"@id\":\"https:\\\/\\\/hengxingmachinery.com\\\/dry-powder-briquette-press-machine\\\/#breadcrumb\"},\"inLanguage\":\"fr-FR\",\"potentialAction\":[{\"@type\":\"ReadAction\",\"target\":[\"https:\\\/\\\/hengxingmachinery.com\\\/dry-powder-briquette-press-machine\\\/\"]}]},{\"@type\":\"ImageObject\",\"inLanguage\":\"fr-FR\",\"@id\":\"https:\\\/\\\/hengxingmachinery.com\\\/dry-powder-briquette-press-machine\\\/#primaryimage\",\"url\":\"https:\\\/\\\/hengxingmachinery.com\\\/wp-content\\\/uploads\\\/2025\\\/03\\\/Dry-Powder-Briquette-Pressing-Equipment.jpg\",\"contentUrl\":\"https:\\\/\\\/hengxingmachinery.com\\\/wp-content\\\/uploads\\\/2025\\\/03\\\/Dry-Powder-Briquette-Pressing-Equipment.jpg\"},{\"@type\":\"BreadcrumbList\",\"@id\":\"https:\\\/\\\/hengxingmachinery.com\\\/dry-powder-briquette-press-machine\\\/#breadcrumb\",\"itemListElement\":[{\"@type\":\"ListItem\",\"position\":1,\"name\":\"Home\",\"item\":\"https:\\\/\\\/hengxingmachinery.com\\\/\"},{\"@type\":\"ListItem\",\"position\":2,\"name\":\"8-1. Dry powder briquette press machine\"}]},{\"@type\":\"WebSite\",\"@id\":\"https:\\\/\\\/hengxingmachinery.com\\\/#website\",\"url\":\"https:\\\/\\\/hengxingmachinery.com\\\/\",\"name\":\"Hengxing Machinery\",\"description\":\"Leading Manufacturer of All Sorts of Mining Machinery\",\"publisher\":{\"@id\":\"https:\\\/\\\/hengxingmachinery.com\\\/#organization\"},\"potentialAction\":[{\"@type\":\"SearchAction\",\"target\":{\"@type\":\"EntryPoint\",\"urlTemplate\":\"https:\\\/\\\/hengxingmachinery.com\\\/?s={search_term_string}\"},\"query-input\":{\"@type\":\"PropertyValueSpecification\",\"valueRequired\":true,\"valueName\":\"search_term_string\"}}],\"inLanguage\":\"fr-FR\"},{\"@type\":\"Organization\",\"@id\":\"https:\\\/\\\/hengxingmachinery.com\\\/#organization\",\"name\":\"Hengxing Machinery\",\"url\":\"https:\\\/\\\/hengxingmachinery.com\\\/\",\"logo\":{\"@type\":\"ImageObject\",\"inLanguage\":\"fr-FR\",\"@id\":\"https:\\\/\\\/hengxingmachinery.com\\\/#\\\/schema\\\/logo\\\/image\\\/\",\"url\":\"https:\\\/\\\/hengxingmachinery.com\\\/wp-content\\\/uploads\\\/2024\\\/12\\\/logo.png\",\"contentUrl\":\"https:\\\/\\\/hengxingmachinery.com\\\/wp-content\\\/uploads\\\/2024\\\/12\\\/logo.png\",\"width\":400,\"height\":260,\"caption\":\"Hengxing Machinery\"},\"image\":{\"@id\":\"https:\\\/\\\/hengxingmachinery.com\\\/#\\\/schema\\\/logo\\\/image\\\/\"}}]}<\/script>\n<!-- \/ Yoast SEO plugin. -->","yoast_head_json":{"title":"8-1. Presse \u00e0 briquettes de poudre s\u00e8che - Hengxing Machinery","robots":{"index":"index","follow":"follow","max-snippet":"max-snippet:-1","max-image-preview":"max-image-preview:large","max-video-preview":"max-video-preview:-1"},"canonical":"https:\/\/hengxingmachinery.com\/fr\/dry-powder-briquette-press-machine\/","og_locale":"fr_FR","og_type":"article","og_title":"8-1. Dry powder briquette press machine - Hengxing Machinery","og_description":"Dry powder briquette press machine Working principle of dry powder briquette press machine 1. Feeding Part: The feeding part is mainly used to achieve ration feeding so as to ensure that the materials can be fed into the rollers uniformly. Specifically, the screw feeder, driven by electromagnetic speed adjustable motor, presses materials into the main ... Lire plus","og_url":"https:\/\/hengxingmachinery.com\/fr\/dry-powder-briquette-press-machine\/","og_site_name":"Hengxing Machinery","article_modified_time":"2025-03-11T09:29:15+00:00","og_image":[{"url":"https:\/\/hengxingmachinery.com\/wp-content\/uploads\/2025\/03\/Dry-Powder-Briquette-Pressing-Equipment.jpg","type":"","width":"","height":""}],"twitter_card":"summary_large_image","twitter_misc":{"Dur\u00e9e de lecture estim\u00e9e":"3 minutes"},"schema":{"@context":"https:\/\/schema.org","@graph":[{"@type":"WebPage","@id":"https:\/\/hengxingmachinery.com\/dry-powder-briquette-press-machine\/","url":"https:\/\/hengxingmachinery.com\/dry-powder-briquette-press-machine\/","name":"8-1. Presse \u00e0 briquettes de poudre s\u00e8che - Hengxing Machinery","isPartOf":{"@id":"https:\/\/hengxingmachinery.com\/#website"},"primaryImageOfPage":{"@id":"https:\/\/hengxingmachinery.com\/dry-powder-briquette-press-machine\/#primaryimage"},"image":{"@id":"https:\/\/hengxingmachinery.com\/dry-powder-briquette-press-machine\/#primaryimage"},"thumbnailUrl":"https:\/\/hengxingmachinery.com\/wp-content\/uploads\/2025\/03\/Dry-Powder-Briquette-Pressing-Equipment.jpg","datePublished":"2025-03-11T09:28:07+00:00","dateModified":"2025-03-11T09:29:15+00:00","breadcrumb":{"@id":"https:\/\/hengxingmachinery.com\/dry-powder-briquette-press-machine\/#breadcrumb"},"inLanguage":"fr-FR","potentialAction":[{"@type":"ReadAction","target":["https:\/\/hengxingmachinery.com\/dry-powder-briquette-press-machine\/"]}]},{"@type":"ImageObject","inLanguage":"fr-FR","@id":"https:\/\/hengxingmachinery.com\/dry-powder-briquette-press-machine\/#primaryimage","url":"https:\/\/hengxingmachinery.com\/wp-content\/uploads\/2025\/03\/Dry-Powder-Briquette-Pressing-Equipment.jpg","contentUrl":"https:\/\/hengxingmachinery.com\/wp-content\/uploads\/2025\/03\/Dry-Powder-Briquette-Pressing-Equipment.jpg"},{"@type":"BreadcrumbList","@id":"https:\/\/hengxingmachinery.com\/dry-powder-briquette-press-machine\/#breadcrumb","itemListElement":[{"@type":"ListItem","position":1,"name":"Home","item":"https:\/\/hengxingmachinery.com\/"},{"@type":"ListItem","position":2,"name":"8-1. Dry powder briquette press machine"}]},{"@type":"WebSite","@id":"https:\/\/hengxingmachinery.com\/#website","url":"https:\/\/hengxingmachinery.com\/","name":"Machines Hengxing","description":"Fabricant leader de toutes sortes de machines mini\u00e8res","publisher":{"@id":"https:\/\/hengxingmachinery.com\/#organization"},"potentialAction":[{"@type":"SearchAction","target":{"@type":"EntryPoint","urlTemplate":"https:\/\/hengxingmachinery.com\/?s={search_term_string}"},"query-input":{"@type":"PropertyValueSpecification","valueRequired":true,"valueName":"search_term_string"}}],"inLanguage":"fr-FR"},{"@type":"Organization","@id":"https:\/\/hengxingmachinery.com\/#organization","name":"Machines Hengxing","url":"https:\/\/hengxingmachinery.com\/","logo":{"@type":"ImageObject","inLanguage":"fr-FR","@id":"https:\/\/hengxingmachinery.com\/#\/schema\/logo\/image\/","url":"https:\/\/hengxingmachinery.com\/wp-content\/uploads\/2024\/12\/logo.png","contentUrl":"https:\/\/hengxingmachinery.com\/wp-content\/uploads\/2024\/12\/logo.png","width":400,"height":260,"caption":"Hengxing Machinery"},"image":{"@id":"https:\/\/hengxingmachinery.com\/#\/schema\/logo\/image\/"}}]}},"_links":{"self":[{"href":"https:\/\/hengxingmachinery.com\/fr\/wp-json\/wp\/v2\/pages\/2015","targetHints":{"allow":["GET"]}}],"collection":[{"href":"https:\/\/hengxingmachinery.com\/fr\/wp-json\/wp\/v2\/pages"}],"about":[{"href":"https:\/\/hengxingmachinery.com\/fr\/wp-json\/wp\/v2\/types\/page"}],"author":[{"embeddable":true,"href":"https:\/\/hengxingmachinery.com\/fr\/wp-json\/wp\/v2\/users\/1"}],"replies":[{"embeddable":true,"href":"https:\/\/hengxingmachinery.com\/fr\/wp-json\/wp\/v2\/comments?post=2015"}],"version-history":[{"count":8,"href":"https:\/\/hengxingmachinery.com\/fr\/wp-json\/wp\/v2\/pages\/2015\/revisions"}],"predecessor-version":[{"id":2052,"href":"https:\/\/hengxingmachinery.com\/fr\/wp-json\/wp\/v2\/pages\/2015\/revisions\/2052"}],"wp:attachment":[{"href":"https:\/\/hengxingmachinery.com\/fr\/wp-json\/wp\/v2\/media?parent=2015"}],"curies":[{"name":"wp","href":"https:\/\/api.w.org\/{rel}","templated":true}]}}