{"id":2023,"date":"2025-03-11T08:52:24","date_gmt":"2025-03-11T08:52:24","guid":{"rendered":"https:\/\/hengxingmachinery.com\/?page_id=2023"},"modified":"2025-03-11T08:54:51","modified_gmt":"2025-03-11T08:54:51","slug":"chain-plate-dryer","status":"publish","type":"page","link":"https:\/\/hengxingmachinery.com\/fr\/chain-plate-dryer\/","title":{"rendered":"8-1. S\u00e9cheur \u00e0 plaques en cha\u00eene"},"content":{"rendered":"<div class=\"gb-container gb-container-45165f5a\">\n<div class=\"gb-container gb-container-c2652eb4\">\n\n<h1 class=\"gb-headline gb-headline-62a8b2cc gb-headline-text\">S\u00e9choir \u00e0 cha\u00eene<\/h1>\n\n<\/div>\n<\/div>\n\n<div class=\"gb-container gb-container-519cf624\">\n<div class=\"gb-container gb-container-71ca071e\">\n<div class=\"gb-grid-wrapper gb-grid-wrapper-8a5f0688\">\n<div class=\"gb-grid-column gb-grid-column-1e99b1c2\"><div class=\"gb-container gb-container-1e99b1c2\">\n\n<figure class=\"gb-block-image gb-block-image-e4eaba54\"><img decoding=\"async\" width=\"665\" height=\"545\" class=\"gb-image gb-image-e4eaba54\" src=\"https:\/\/hengxingmachinery.com\/wp-content\/uploads\/2025\/03\/Chain-plate-drying-machine.png\" alt=\"\" title=\"Machine de s\u00e9chage \u00e0 plaques \u00e0 cha\u00eene\" srcset=\"https:\/\/hengxingmachinery.com\/wp-content\/uploads\/2025\/03\/Chain-plate-drying-machine.png 665w, https:\/\/hengxingmachinery.com\/wp-content\/uploads\/2025\/03\/Chain-plate-drying-machine-300x246.png 300w, https:\/\/hengxingmachinery.com\/wp-content\/uploads\/2025\/03\/Chain-plate-drying-machine-15x12.png 15w\" sizes=\"(max-width: 665px) 100vw, 665px\" \/><\/figure>\n\n<\/div><\/div>\n\n<div class=\"gb-grid-column gb-grid-column-bcae065b\"><div class=\"gb-container gb-container-bcae065b\">\n\n<p><\/p>\n\n\n<div class=\"gb-grid-wrapper gb-grid-wrapper-eebec76e\">\n<div class=\"gb-grid-column gb-grid-column-e3ada2f0\"><div class=\"gb-container gb-container-e3ada2f0\">\n\n<p class=\"gb-headline gb-headline-4c79a90a gb-headline-text\"><mark style=\"background-color:rgba(0, 0, 0, 0)\" class=\"has-inline-color has-global-color-8-color\"><strong>Pouvoir:<\/strong><\/mark> 2-4 Kw<\/p>\n\n<\/div><\/div>\n\n<div class=\"gb-grid-column gb-grid-column-0bb00826\"><div class=\"gb-container gb-container-0bb00826\">\n\n<p class=\"gb-headline gb-headline-86d53f56 gb-headline-text\"><strong><mark style=\"background-color:rgba(0, 0, 0, 0)\" class=\"has-inline-color has-global-color-8-color\">Sortie : <\/mark><\/strong>1-25t\/h<\/p>\n\n<\/div><\/div>\n<\/div>\n\n\n<p class=\"gb-headline gb-headline-2750f5a7 gb-headline-text\"><strong>Application : <\/strong><\/p>\n\n\n\n<p>S\u00e9cheur \u00e0 plaques \u00e0 cha\u00eene, \u00e9galement appel\u00e9 s\u00e9cheur \u00e0 plaques, est repens\u00e9 par SINOLION MACHINERY, fabricant professionnel de machines \u00e0 briquettes et de s\u00e9cheurs \u00e0 briquettes, sur la base des s\u00e9cheurs \u00e0 bande traditionnels et des s\u00e9cheurs \u00e0 convoyeur. Les s\u00e9cheurs \u00e0 plaques \u00e0 cha\u00eene sont largement appr\u00e9ci\u00e9s par les usines de briquettes apr\u00e8s leur conception r\u00e9ussie. Nous rempla\u00e7ons la bande traditionnelle par une plaque d'acier nouvellement con\u00e7ue, entra\u00een\u00e9e par le moteur via la cha\u00eene connect\u00e9e \u00e0 la plaque.<\/p>\n\n\n\n<p><mark style=\"background-color:rgba(0, 0, 0, 0)\" class=\"has-inline-color has-global-color-8-color\"><strong>Applicable : <\/strong><\/mark>Briquettes de charbon, briquettes de charbon de bois, briquettes min\u00e9rales et autres briquettes industrielles n\u00e9cessitant un s\u00e9chage.<\/p>\n\n\n<div class=\"gb-container gb-container-256e15f1\">\n\n<a class=\"gb-button gb-button-e8b73d89 gb-button-text\" href=\"#popmake-622\">Obtenez un devis gratuit maintenant<\/a>\n\n<\/div>\n<\/div><\/div>\n<\/div>\n<\/div>\n<\/div>\n\n<div class=\"gb-container gb-container-af5f8799\">\n<div class=\"gb-container gb-container-2298848b\">\n\n<h2 class=\"gb-headline gb-headline-9d27ad2c gb-headline-text\">Principe de fonctionnement du s\u00e9cheur \u00e0 plaques \u00e0 cha\u00eene<\/h2>\n\n\n\n<figure class=\"gb-block-image gb-block-image-8196b82f\"><img decoding=\"async\" width=\"2560\" height=\"813\" class=\"gb-image gb-image-8196b82f\" src=\"https:\/\/hengxingmachinery.com\/wp-content\/uploads\/2025\/03\/Chain-plate-dryer-working-principle-scaled.jpg\" alt=\"\" title=\"Principe de fonctionnement du s\u00e9cheur \u00e0 plaques \u00e0 cha\u00eene\" srcset=\"https:\/\/hengxingmachinery.com\/wp-content\/uploads\/2025\/03\/Chain-plate-dryer-working-principle-scaled.jpg 2560w, https:\/\/hengxingmachinery.com\/wp-content\/uploads\/2025\/03\/Chain-plate-dryer-working-principle-300x95.jpg 300w, https:\/\/hengxingmachinery.com\/wp-content\/uploads\/2025\/03\/Chain-plate-dryer-working-principle-1024x325.jpg 1024w, https:\/\/hengxingmachinery.com\/wp-content\/uploads\/2025\/03\/Chain-plate-dryer-working-principle-768x244.jpg 768w, https:\/\/hengxingmachinery.com\/wp-content\/uploads\/2025\/03\/Chain-plate-dryer-working-principle-1536x488.jpg 1536w, https:\/\/hengxingmachinery.com\/wp-content\/uploads\/2025\/03\/Chain-plate-dryer-working-principle-2048x651.jpg 2048w, https:\/\/hengxingmachinery.com\/wp-content\/uploads\/2025\/03\/Chain-plate-dryer-working-principle-18x6.jpg 18w\" sizes=\"(max-width: 2560px) 100vw, 2560px\" \/><\/figure>\n\n\n\n<p>Les briquettes finales, issues de la presse \u00e0 briquettes avec une teneur en humidit\u00e9 d'environ 25\u202f% \u00e0 40\u202f%, sont introduites uniform\u00e9ment dans le s\u00e9cheur \u00e0 plaques \u00e0 cha\u00eene par l'orifice d'alimentation situ\u00e9 au sommet du s\u00e9cheur. <\/p>\n\n\n\n<p>Les briquettes suivent le mouvement de la plaque \u00e0 cha\u00eene jusqu'\u00e0 l'extr\u00e9mit\u00e9 de la premi\u00e8re couche. En suivant le retournement de la plaque \u00e0 cha\u00eene, les briquettes tombent au centre de la premi\u00e8re couche, se d\u00e9placent avec la plaque \u00e0 cha\u00eene jusqu'au d\u00e9but de la premi\u00e8re couche, puis tombent sur le dessus de la deuxi\u00e8me couche lors du retournement de la plaque \u00e0 cha\u00eene. Les briquettes se d\u00e9placent de la m\u00eame mani\u00e8re jusqu'\u00e0 la fin du s\u00e9cheur et sont \u00e9vacu\u00e9es par l'orifice de d\u00e9charge. &nbsp;&nbsp;<\/p>\n\n\n\n<p>Pendant le d\u00e9placement avec la plaque \u00e0 cha\u00eene, l'air chaud puls\u00e9 depuis le four est insuffl\u00e9 dans le s\u00e9cheur par les deux c\u00f4t\u00e9s du s\u00e9cheur gr\u00e2ce au ventilateur centrifuge puissant vers le bas du s\u00e9cheur ; l'air chaud traverse les briquettes en mouvement et \u00e9vacue l'humidit\u00e9 jusqu'\u00e0 ce que la teneur en humidit\u00e9 des briquettes atteigne le niveau requis.<\/p>\n\n\n\n<p>G\u00e9n\u00e9ralement, la derni\u00e8re couche est \u00e9quip\u00e9e sur la plaque \u00e0 cha\u00eene sans trou pour collecter les poussi\u00e8res g\u00e9n\u00e9r\u00e9es pendant le processus et les \u00e9vacuer.<\/p>\n\n\n<div class=\"gb-container gb-container-d7b7b595\">\n\n<a class=\"gb-button gb-button-c1312760 gb-button-text\" href=\"#popmake-622\">Obtenez un devis gratuit maintenant<\/a>\n\n<\/div>\n<\/div>\n<\/div>\n\n<div class=\"gb-container gb-container-ebd718b6\">\n<div class=\"gb-container gb-container-ae7c516c\">\n<div class=\"gb-container gb-container-5c75b960\">\n\n<h2 class=\"gb-headline gb-headline-98859344 gb-headline-text\">Caract\u00e9ristiques du s\u00e9cheur \u00e0 plaques \u00e0 cha\u00eene<\/h2>\n\n\n\n<figure class=\"gb-block-image gb-block-image-56f3f481\"><img decoding=\"async\" width=\"800\" height=\"369\" class=\"gb-image gb-image-56f3f481\" src=\"https:\/\/hengxingmachinery.com\/wp-content\/uploads\/2025\/03\/Chain-plate-dryer-for-sale-1.jpg\" alt=\"\" title=\"S\u00e9cheur \u00e0 plaques \u00e0 cha\u00eene \u00e0 vendre\" srcset=\"https:\/\/hengxingmachinery.com\/wp-content\/uploads\/2025\/03\/Chain-plate-dryer-for-sale-1.jpg 800w, https:\/\/hengxingmachinery.com\/wp-content\/uploads\/2025\/03\/Chain-plate-dryer-for-sale-1-300x138.jpg 300w, https:\/\/hengxingmachinery.com\/wp-content\/uploads\/2025\/03\/Chain-plate-dryer-for-sale-1-768x354.jpg 768w, https:\/\/hengxingmachinery.com\/wp-content\/uploads\/2025\/03\/Chain-plate-dryer-for-sale-1-18x8.jpg 18w\" sizes=\"(max-width: 800px) 100vw, 800px\" \/><\/figure>\n\n\n\n<p><\/p>\n\n\n\n<p>1. Haute efficacit\u00e9 de s\u00e9chage<\/p>\n\n\n\n<p>2. Faible encombrement requis<\/p>\n\n\n\n<p>3. Faible taux d'endommagement des briquettes finales<\/p>\n\n\n\n<p>4. Stabilit\u00e9 de fonctionnement et moins de pi\u00e8ces de rechange<\/p>\n\n\n\n<p>5. Dispositif automatique d'\u00e9vacuation des poussi\u00e8res.<\/p>\n\n\n<div class=\"gb-container gb-container-d6bbf16a\">\n\n<a class=\"gb-button gb-button-caa3f2bc gb-button-text\" href=\"#popmake-622\">Obtenez un devis gratuit maintenant<\/a>\n\n<\/div>\n<\/div>\n<\/div>\n<\/div>\n\n<div class=\"gb-container gb-container-435ad261\">\n<div class=\"gb-container gb-container-7dc79cc4\">\n\n<h2 class=\"gb-headline gb-headline-6fe5dee2 gb-headline-text\">Sp\u00e9cifications du s\u00e9cheur \u00e0 plaques \u00e0 cha\u00eene<\/h2>\n\n\n\n<figure class=\"wp-block-table is-style-stripes\"><table class=\"has-fixed-layout\"><tbody><tr><td><strong>Mod\u00e8le<\/strong><\/td><td><strong>1001<\/strong><\/td><td><strong>1503<\/strong><\/td><td><strong>2203<\/strong><\/td><td><strong>2205<\/strong><\/td><td><strong>2208<\/strong><\/td><\/tr><tr><td><strong>Longueur utile de travail simple (m)<\/strong><\/td><td>25.5<\/td><td>30.5<\/td><td>36.5<\/td><td>36.5<\/td><td>36.5<\/td><\/tr><tr><td><strong>\u00c9tages<\/strong><\/td><td>1<\/td><td>3<\/td><td>3<\/td><td>5<\/td><td>8<\/td><\/tr><tr><td><strong>Largeur utile de travail (m)<\/strong><\/td><td>50<\/td><td>105<\/td><td>180<\/td><td>180<\/td><td>180<\/td><\/tr><tr><td><strong>\u00c9paisseur moyenne d'accumulation de mat\u00e9riau (mm)<\/strong><\/td><td>100-200<\/td><td>100-200<\/td><td>100-200<\/td><td>100-200<\/td><td>100-200<\/td><\/tr><tr><td><strong>Capacit\u00e9 de s\u00e9chage (t\/h)<\/strong><\/td><td>1-2<\/td><td>2-3<\/td><td>8-10<\/td><td>10-15<\/td><td>20-25<\/td><\/tr><tr><td><strong>Teneur en humidit\u00e9 avant s\u00e9chage (%)<\/strong><\/td><td>8-12<\/td><td>8-12<\/td><td>8-12<\/td><td>8-12<\/td><td>8-12<\/td><\/tr><tr><td><strong>Teneur en humidit\u00e9 apr\u00e8s s\u00e9chage (%)<\/strong><\/td><td>1.5-3<\/td><td>1.5-3<\/td><td>1.5-3<\/td><td>1.5-3<\/td><td>1.5-3<\/td><\/tr><tr><td><strong>Puissance de transmission (kw)<\/strong><\/td><td>2<\/td><td>2<\/td><td>3\u00d73<\/td><td>5,5\u00d75<\/td><td>5,5\u00d74<\/td><\/tr><tr><td><strong>Exigences de temp\u00e9rature de l'air (\u00b0C)<\/strong><\/td><td>180-250<\/td><td>180-250<\/td><td>180-250<\/td><td>180-250<\/td><td>180-250<\/td><\/tr><tr><td><strong>Exigences de temp\u00e9rature et de teneur en air chaud<\/strong><\/td><td colspan=\"5\">\u22640,01\u202fkg\/kg d'air sec<\/td><\/tr><\/tbody><\/table><\/figure>\n\n\n<div class=\"gb-container gb-container-263d9700\">\n\n<a class=\"gb-button gb-button-a4cbb7be gb-button-text\" href=\"#popmake-622\">Obtenez un devis gratuit maintenant<\/a>\n\n<\/div>\n<\/div>\n<\/div>","protected":false},"excerpt":{"rendered":"<p>Chain plate dryer Working principle of chain plate dryer Final briquettes, from the briquettes press machine with moisture content around 25%-40%, are fed into chain plate dryer evenly from the feeding top assembled at the top of dryer. The briquettes will follow the chain plate moving until to the end of first layer, following the &#8230; <\/p>\n<p class=\"read-more-container\"><a title=\"8-1. S\u00e9cheur \u00e0 plaques en cha\u00eene\" class=\"read-more button\" href=\"https:\/\/hengxingmachinery.com\/fr\/chain-plate-dryer\/#more-2023\" aria-label=\"En savoir plus sur 8-1. Chain plate dryer\">Lire plus<\/a><\/p>","protected":false},"author":1,"featured_media":0,"parent":0,"menu_order":0,"comment_status":"closed","ping_status":"closed","template":"","meta":{"footnotes":""},"class_list":["post-2023","page","type-page","status-publish"],"yoast_head":"<!-- This site is optimized with the Yoast SEO plugin v27.4 - https:\/\/yoast.com\/product\/yoast-seo-wordpress\/ -->\n<title>8-1. Chain plate dryer - Hengxing Machinery<\/title>\n<meta name=\"robots\" content=\"index, follow, max-snippet:-1, max-image-preview:large, max-video-preview:-1\" \/>\n<link rel=\"canonical\" href=\"https:\/\/hengxingmachinery.com\/fr\/chain-plate-dryer\/\" \/>\n<meta property=\"og:locale\" content=\"fr_FR\" \/>\n<meta property=\"og:type\" content=\"article\" \/>\n<meta property=\"og:title\" content=\"8-1. Chain plate dryer - Hengxing Machinery\" \/>\n<meta property=\"og:description\" content=\"Chain plate dryer Working principle of chain plate dryer Final briquettes, from the briquettes press machine with moisture content around 25%-40%, are fed into chain plate dryer evenly from the feeding top assembled at the top of dryer. The briquettes will follow the chain plate moving until to the end of first layer, following the ... Lire plus\" \/>\n<meta property=\"og:url\" content=\"https:\/\/hengxingmachinery.com\/fr\/chain-plate-dryer\/\" \/>\n<meta property=\"og:site_name\" content=\"Hengxing Machinery\" \/>\n<meta property=\"article:modified_time\" content=\"2025-03-11T08:54:51+00:00\" \/>\n<meta property=\"og:image\" content=\"https:\/\/hengxingmachinery.com\/wp-content\/uploads\/2025\/03\/Chain-plate-drying-machine.png\" \/>\n<meta name=\"twitter:card\" content=\"summary_large_image\" \/>\n<meta name=\"twitter:label1\" content=\"Dur\u00e9e de lecture estim\u00e9e\" \/>\n\t<meta name=\"twitter:data1\" content=\"3 minutes\" \/>\n<script type=\"application\/ld+json\" class=\"yoast-schema-graph\">{\"@context\":\"https:\\\/\\\/schema.org\",\"@graph\":[{\"@type\":\"WebPage\",\"@id\":\"https:\\\/\\\/hengxingmachinery.com\\\/chain-plate-dryer\\\/\",\"url\":\"https:\\\/\\\/hengxingmachinery.com\\\/chain-plate-dryer\\\/\",\"name\":\"8-1. Chain plate dryer - Hengxing Machinery\",\"isPartOf\":{\"@id\":\"https:\\\/\\\/hengxingmachinery.com\\\/#website\"},\"primaryImageOfPage\":{\"@id\":\"https:\\\/\\\/hengxingmachinery.com\\\/chain-plate-dryer\\\/#primaryimage\"},\"image\":{\"@id\":\"https:\\\/\\\/hengxingmachinery.com\\\/chain-plate-dryer\\\/#primaryimage\"},\"thumbnailUrl\":\"https:\\\/\\\/hengxingmachinery.com\\\/wp-content\\\/uploads\\\/2025\\\/03\\\/Chain-plate-drying-machine.png\",\"datePublished\":\"2025-03-11T08:52:24+00:00\",\"dateModified\":\"2025-03-11T08:54:51+00:00\",\"breadcrumb\":{\"@id\":\"https:\\\/\\\/hengxingmachinery.com\\\/chain-plate-dryer\\\/#breadcrumb\"},\"inLanguage\":\"fr-FR\",\"potentialAction\":[{\"@type\":\"ReadAction\",\"target\":[\"https:\\\/\\\/hengxingmachinery.com\\\/chain-plate-dryer\\\/\"]}]},{\"@type\":\"ImageObject\",\"inLanguage\":\"fr-FR\",\"@id\":\"https:\\\/\\\/hengxingmachinery.com\\\/chain-plate-dryer\\\/#primaryimage\",\"url\":\"https:\\\/\\\/hengxingmachinery.com\\\/wp-content\\\/uploads\\\/2025\\\/03\\\/Chain-plate-drying-machine.png\",\"contentUrl\":\"https:\\\/\\\/hengxingmachinery.com\\\/wp-content\\\/uploads\\\/2025\\\/03\\\/Chain-plate-drying-machine.png\"},{\"@type\":\"BreadcrumbList\",\"@id\":\"https:\\\/\\\/hengxingmachinery.com\\\/chain-plate-dryer\\\/#breadcrumb\",\"itemListElement\":[{\"@type\":\"ListItem\",\"position\":1,\"name\":\"Home\",\"item\":\"https:\\\/\\\/hengxingmachinery.com\\\/\"},{\"@type\":\"ListItem\",\"position\":2,\"name\":\"8-1. Chain plate dryer\"}]},{\"@type\":\"WebSite\",\"@id\":\"https:\\\/\\\/hengxingmachinery.com\\\/#website\",\"url\":\"https:\\\/\\\/hengxingmachinery.com\\\/\",\"name\":\"Hengxing Machinery\",\"description\":\"Leading Manufacturer of All Sorts of Mining Machinery\",\"publisher\":{\"@id\":\"https:\\\/\\\/hengxingmachinery.com\\\/#organization\"},\"potentialAction\":[{\"@type\":\"SearchAction\",\"target\":{\"@type\":\"EntryPoint\",\"urlTemplate\":\"https:\\\/\\\/hengxingmachinery.com\\\/?s={search_term_string}\"},\"query-input\":{\"@type\":\"PropertyValueSpecification\",\"valueRequired\":true,\"valueName\":\"search_term_string\"}}],\"inLanguage\":\"fr-FR\"},{\"@type\":\"Organization\",\"@id\":\"https:\\\/\\\/hengxingmachinery.com\\\/#organization\",\"name\":\"Hengxing Machinery\",\"url\":\"https:\\\/\\\/hengxingmachinery.com\\\/\",\"logo\":{\"@type\":\"ImageObject\",\"inLanguage\":\"fr-FR\",\"@id\":\"https:\\\/\\\/hengxingmachinery.com\\\/#\\\/schema\\\/logo\\\/image\\\/\",\"url\":\"https:\\\/\\\/hengxingmachinery.com\\\/wp-content\\\/uploads\\\/2024\\\/12\\\/logo.png\",\"contentUrl\":\"https:\\\/\\\/hengxingmachinery.com\\\/wp-content\\\/uploads\\\/2024\\\/12\\\/logo.png\",\"width\":400,\"height\":260,\"caption\":\"Hengxing Machinery\"},\"image\":{\"@id\":\"https:\\\/\\\/hengxingmachinery.com\\\/#\\\/schema\\\/logo\\\/image\\\/\"}}]}<\/script>\n<!-- \/ Yoast SEO plugin. -->","yoast_head_json":{"title":"8-1. S\u00e9cheur \u00e0 plaques en cha\u00eene - Hengxing Machinery","robots":{"index":"index","follow":"follow","max-snippet":"max-snippet:-1","max-image-preview":"max-image-preview:large","max-video-preview":"max-video-preview:-1"},"canonical":"https:\/\/hengxingmachinery.com\/fr\/chain-plate-dryer\/","og_locale":"fr_FR","og_type":"article","og_title":"8-1. Chain plate dryer - Hengxing Machinery","og_description":"Chain plate dryer Working principle of chain plate dryer Final briquettes, from the briquettes press machine with moisture content around 25%-40%, are fed into chain plate dryer evenly from the feeding top assembled at the top of dryer. The briquettes will follow the chain plate moving until to the end of first layer, following the ... Lire plus","og_url":"https:\/\/hengxingmachinery.com\/fr\/chain-plate-dryer\/","og_site_name":"Hengxing Machinery","article_modified_time":"2025-03-11T08:54:51+00:00","og_image":[{"url":"https:\/\/hengxingmachinery.com\/wp-content\/uploads\/2025\/03\/Chain-plate-drying-machine.png","type":"","width":"","height":""}],"twitter_card":"summary_large_image","twitter_misc":{"Dur\u00e9e de lecture estim\u00e9e":"3 minutes"},"schema":{"@context":"https:\/\/schema.org","@graph":[{"@type":"WebPage","@id":"https:\/\/hengxingmachinery.com\/chain-plate-dryer\/","url":"https:\/\/hengxingmachinery.com\/chain-plate-dryer\/","name":"8-1. S\u00e9cheur \u00e0 plaques en cha\u00eene - Hengxing Machinery","isPartOf":{"@id":"https:\/\/hengxingmachinery.com\/#website"},"primaryImageOfPage":{"@id":"https:\/\/hengxingmachinery.com\/chain-plate-dryer\/#primaryimage"},"image":{"@id":"https:\/\/hengxingmachinery.com\/chain-plate-dryer\/#primaryimage"},"thumbnailUrl":"https:\/\/hengxingmachinery.com\/wp-content\/uploads\/2025\/03\/Chain-plate-drying-machine.png","datePublished":"2025-03-11T08:52:24+00:00","dateModified":"2025-03-11T08:54:51+00:00","breadcrumb":{"@id":"https:\/\/hengxingmachinery.com\/chain-plate-dryer\/#breadcrumb"},"inLanguage":"fr-FR","potentialAction":[{"@type":"ReadAction","target":["https:\/\/hengxingmachinery.com\/chain-plate-dryer\/"]}]},{"@type":"ImageObject","inLanguage":"fr-FR","@id":"https:\/\/hengxingmachinery.com\/chain-plate-dryer\/#primaryimage","url":"https:\/\/hengxingmachinery.com\/wp-content\/uploads\/2025\/03\/Chain-plate-drying-machine.png","contentUrl":"https:\/\/hengxingmachinery.com\/wp-content\/uploads\/2025\/03\/Chain-plate-drying-machine.png"},{"@type":"BreadcrumbList","@id":"https:\/\/hengxingmachinery.com\/chain-plate-dryer\/#breadcrumb","itemListElement":[{"@type":"ListItem","position":1,"name":"Home","item":"https:\/\/hengxingmachinery.com\/"},{"@type":"ListItem","position":2,"name":"8-1. Chain plate dryer"}]},{"@type":"WebSite","@id":"https:\/\/hengxingmachinery.com\/#website","url":"https:\/\/hengxingmachinery.com\/","name":"Machines Hengxing","description":"Fabricant leader de toutes sortes de machines mini\u00e8res","publisher":{"@id":"https:\/\/hengxingmachinery.com\/#organization"},"potentialAction":[{"@type":"SearchAction","target":{"@type":"EntryPoint","urlTemplate":"https:\/\/hengxingmachinery.com\/?s={search_term_string}"},"query-input":{"@type":"PropertyValueSpecification","valueRequired":true,"valueName":"search_term_string"}}],"inLanguage":"fr-FR"},{"@type":"Organization","@id":"https:\/\/hengxingmachinery.com\/#organization","name":"Machines Hengxing","url":"https:\/\/hengxingmachinery.com\/","logo":{"@type":"ImageObject","inLanguage":"fr-FR","@id":"https:\/\/hengxingmachinery.com\/#\/schema\/logo\/image\/","url":"https:\/\/hengxingmachinery.com\/wp-content\/uploads\/2024\/12\/logo.png","contentUrl":"https:\/\/hengxingmachinery.com\/wp-content\/uploads\/2024\/12\/logo.png","width":400,"height":260,"caption":"Hengxing Machinery"},"image":{"@id":"https:\/\/hengxingmachinery.com\/#\/schema\/logo\/image\/"}}]}},"_links":{"self":[{"href":"https:\/\/hengxingmachinery.com\/fr\/wp-json\/wp\/v2\/pages\/2023","targetHints":{"allow":["GET"]}}],"collection":[{"href":"https:\/\/hengxingmachinery.com\/fr\/wp-json\/wp\/v2\/pages"}],"about":[{"href":"https:\/\/hengxingmachinery.com\/fr\/wp-json\/wp\/v2\/types\/page"}],"author":[{"embeddable":true,"href":"https:\/\/hengxingmachinery.com\/fr\/wp-json\/wp\/v2\/users\/1"}],"replies":[{"embeddable":true,"href":"https:\/\/hengxingmachinery.com\/fr\/wp-json\/wp\/v2\/comments?post=2023"}],"version-history":[{"count":5,"href":"https:\/\/hengxingmachinery.com\/fr\/wp-json\/wp\/v2\/pages\/2023\/revisions"}],"predecessor-version":[{"id":2036,"href":"https:\/\/hengxingmachinery.com\/fr\/wp-json\/wp\/v2\/pages\/2023\/revisions\/2036"}],"wp:attachment":[{"href":"https:\/\/hengxingmachinery.com\/fr\/wp-json\/wp\/v2\/media?parent=2023"}],"curies":[{"name":"wp","href":"https:\/\/api.w.org\/{rel}","templated":true}]}}