{"id":2053,"date":"2025-03-11T09:47:42","date_gmt":"2025-03-11T09:47:42","guid":{"rendered":"https:\/\/hengxingmachinery.com\/?page_id=2053"},"modified":"2025-03-11T09:57:04","modified_gmt":"2025-03-11T09:57:04","slug":"double-shaft-mixer","status":"publish","type":"page","link":"https:\/\/hengxingmachinery.com\/fr\/double-shaft-mixer\/","title":{"rendered":"8-1. M\u00e9langeur \u00e0 double arbre"},"content":{"rendered":"<div class=\"gb-container gb-container-45165f5a\">\n<div class=\"gb-container gb-container-c2652eb4\">\n\n<h1 class=\"gb-headline gb-headline-62a8b2cc gb-headline-text\">M\u00e9langeur \u00e0 double arbre<\/h1>\n\n<\/div>\n<\/div>\n\n<div class=\"gb-container gb-container-519cf624\">\n<div class=\"gb-container gb-container-71ca071e\">\n<div class=\"gb-grid-wrapper gb-grid-wrapper-8a5f0688\">\n<div class=\"gb-grid-column gb-grid-column-1e99b1c2\"><div class=\"gb-container gb-container-1e99b1c2\">\n\n<figure class=\"gb-block-image gb-block-image-e4eaba54\"><img decoding=\"async\" width=\"665\" height=\"545\" class=\"gb-image gb-image-e4eaba54\" src=\"https:\/\/hengxingmachinery.com\/wp-content\/uploads\/2025\/03\/double-shaft-mixing-machine.jpg\" alt=\"\" title=\"Machine de m\u00e9lange bi-axe\" srcset=\"https:\/\/hengxingmachinery.com\/wp-content\/uploads\/2025\/03\/double-shaft-mixing-machine.jpg 665w, https:\/\/hengxingmachinery.com\/wp-content\/uploads\/2025\/03\/double-shaft-mixing-machine-300x246.jpg 300w, https:\/\/hengxingmachinery.com\/wp-content\/uploads\/2025\/03\/double-shaft-mixing-machine-15x12.jpg 15w\" sizes=\"(max-width: 665px) 100vw, 665px\" \/><\/figure>\n\n<\/div><\/div>\n\n<div class=\"gb-grid-column gb-grid-column-bcae065b\"><div class=\"gb-container gb-container-bcae065b\">\n\n<p><\/p>\n\n\n\n<p><\/p>\n\n\n\n<p>Le m\u00e9langeur bi-axe est un dispositif qui utilise une paire d'arbres \u00e0 spirales \u00e9quip\u00e9s de pales de m\u00e9lange pour effectuer une rotation synchrone, humidifier et agiter les mat\u00e9riaux pulv\u00e9rulents.<\/p>\n\n\n<div class=\"gb-grid-wrapper gb-grid-wrapper-eebec76e\">\n<div class=\"gb-grid-column gb-grid-column-e3ada2f0\"><div class=\"gb-container gb-container-e3ada2f0\">\n\n<p class=\"gb-headline gb-headline-4c79a90a gb-headline-text\"><mark style=\"background-color:rgba(0, 0, 0, 0)\" class=\"has-inline-color has-global-color-8-color\"><strong>Pouvoir:<\/strong><\/mark> 7,5 \u00e0 22 kW<\/p>\n\n\n\n<p><\/p>\n\n<\/div><\/div>\n\n<div class=\"gb-grid-column gb-grid-column-0bb00826\"><div class=\"gb-container gb-container-0bb00826\">\n\n<p class=\"gb-headline gb-headline-86d53f56 gb-headline-text\"><strong><mark style=\"background-color:rgba(0, 0, 0, 0)\" class=\"has-inline-color has-global-color-8-color\">Capacit\u00e9: <\/mark><\/strong>20 \u00e0 50 m\u00b3\/h<\/p>\n\n\n\n<p><\/p>\n\n<\/div><\/div>\n<\/div>\n\n<div class=\"gb-container gb-container-256e15f1\">\n\n<a class=\"gb-button gb-button-e8b73d89 gb-button-text\" href=\"#popmake-622\">Obtenez un devis gratuit maintenant<\/a>\n\n<\/div>\n<\/div><\/div>\n<\/div>\n<\/div>\n<\/div>\n\n<div class=\"gb-container gb-container-af5f8799\">\n<div class=\"gb-container gb-container-2298848b\">\n\n<h2 class=\"gb-headline gb-headline-9d27ad2c gb-headline-text\">Structure du m\u00e9langeur bi-axe<\/h2>\n\n\n\n<p>Le m\u00e9langeur bi-axe \/ m\u00e9langeur \u00e0 double vis est principalement constitu\u00e9 du b\u00e2ti, de l'ensemble arbre \u00e0 spirales, des \u00e9quipements d'entra\u00eenement, des conduites, de la plaque de couverture, du carter de cha\u00eene et d'autres composants (voir la figure jointe al\u00e9atoirement). Les caract\u00e9ristiques structurelles et de performance concr\u00e8tes sont les suivantes : la coque est principalement compos\u00e9e de t\u00f4les et d'une structure en acier, soud\u00e9e en usine, et assembl\u00e9e avec les autres composants. Le m\u00e9langeur bi-axe est support\u00e9 par cette structure. Gr\u00e2ce \u00e0 l'\u00e9tanch\u00e9it\u00e9 de la coque, il n'y a aucune \u00e9mission de poussi\u00e8res ou fuite de cendres.<\/p>\n\n\n<div class=\"gb-container gb-container-d7b7b595\">\n\n<a class=\"gb-button gb-button-c1312760 gb-button-text\" href=\"#popmake-622\">Obtenez un devis gratuit maintenant<\/a>\n\n<\/div>\n<\/div>\n<\/div>\n\n<div class=\"gb-container gb-container-ebd718b6\">\n<div class=\"gb-container gb-container-ae7c516c\">\n<div class=\"gb-container gb-container-5c75b960\">\n\n<h2 class=\"gb-headline gb-headline-98859344 gb-headline-text\">Caract\u00e9ristiques du m\u00e9langeur bi-axe<\/h2>\n\n\n\n<figure class=\"gb-block-image gb-block-image-56f3f481\"><img decoding=\"async\" width=\"500\" height=\"700\" class=\"gb-image gb-image-56f3f481\" src=\"https:\/\/hengxingmachinery.com\/wp-content\/uploads\/2025\/03\/double-shaft-mixer-for-sale-3.png\" alt=\"\" title=\"M\u00e9langeur bi-axe \u00e0 vendre\" srcset=\"https:\/\/hengxingmachinery.com\/wp-content\/uploads\/2025\/03\/double-shaft-mixer-for-sale-3.png 500w, https:\/\/hengxingmachinery.com\/wp-content\/uploads\/2025\/03\/double-shaft-mixer-for-sale-3-214x300.png 214w, https:\/\/hengxingmachinery.com\/wp-content\/uploads\/2025\/03\/double-shaft-mixer-for-sale-3-9x12.png 9w\" sizes=\"(max-width: 500px) 100vw, 500px\" \/><\/figure>\n\n\n\n<p><\/p>\n\n\n\n<p>1. Pales de m\u00e9lange en mat\u00e9riau \u00e0 haute r\u00e9sistance \u00e0 l'usure, assurant une longue dur\u00e9e de vie du m\u00e9langeur et un fonctionnement normal fiable.<\/p>\n\n\n\n<p>2. Conception raisonnable de la structure de l'arbre facilitant la maintenance.<\/p>\n\n\n\n<p>3. Large trappe d'acc\u00e8s permettant des travaux de r\u00e9paration confortables et ais\u00e9s.<\/p>\n\n\n\n<p>4. Syst\u00e8me de contr\u00f4le \u00e9lectrique flexible et fiable garantissant une utilisation s\u00fbre et simple.<\/p>\n\n\n<div class=\"gb-container gb-container-d6bbf16a\">\n\n<a class=\"gb-button gb-button-caa3f2bc gb-button-text\" href=\"#popmake-622\">Obtenez un devis gratuit maintenant<\/a>\n\n<\/div>\n<\/div>\n<\/div>\n<\/div>\n\n<div class=\"gb-container gb-container-435ad261\">\n<div class=\"gb-container gb-container-7dc79cc4\">\n\n<h2 class=\"gb-headline gb-headline-6fe5dee2 gb-headline-text\">Sp\u00e9cifications du m\u00e9langeur bi-axe<\/h2>\n\n\n\n<figure class=\"wp-block-table is-style-stripes\"><table class=\"has-fixed-layout\"><tbody><tr><td><strong>Mod\u00e8le<\/strong><\/td><td><strong>SJ400<\/strong><\/td><td><strong>SJ300<\/strong><\/td><td><strong>SJ250<\/strong><\/td><td><strong>SJ200<\/strong><\/td><\/tr><tr><td><strong>Capacit\u00e9 de production (m\u00b3\/h)<\/strong><\/td><td>40-50<\/td><td>30-40<\/td><td>23-30<\/td><td>20-25<\/td><\/tr><tr><td><strong>Longueur effective de m\u00e9lange (mm)<\/strong><\/td><td>4000<\/td><td>3000<\/td><td>2500<\/td><td>2000<\/td><\/tr><tr><td><strong>Longueur de la tr\u00e9mie d'alimentation (mm)<\/strong><\/td><td>4500<\/td><td>3500<\/td><td>3000<\/td><td>2500<\/td><\/tr><tr><td><strong>Puissance (kW)<\/strong><\/td><td>22<\/td><td>15<\/td><td>11<\/td><td>7.5<\/td><\/tr><tr><td><strong>Dimensions (mm)<\/strong><\/td><td>4500*1150*850<\/td><td>3500*950*700<\/td><td>3000*850*600<\/td><td>2750*750*500<\/td><\/tr><tr><td><strong>Poids (t)<\/strong><\/td><td>3<\/td><td>1.8<\/td><td>1.2<\/td><td>&nbsp;<\/td><\/tr><\/tbody><\/table><\/figure>\n\n\n<div class=\"gb-container gb-container-263d9700\">\n\n<a class=\"gb-button gb-button-a4cbb7be gb-button-text\" href=\"#popmake-622\">Obtenez un devis gratuit maintenant<\/a>\n\n<\/div>\n<\/div>\n<\/div>","protected":false},"excerpt":{"rendered":"<p>Double shaft mixer Structure of double shaft mixer Double shaft mixer\/Twin screw mixer mainly consists of casting, spiral shaft assembly, drive equipment, piping, cover plate, chain coverand other parts (see the random for figure), the concrete structure performace characteristics are as follows: the shell is mainly composed of plates and steel structure, welding forming within &#8230; <\/p>\n<p class=\"read-more-container\"><a title=\"8-1. M\u00e9langeur \u00e0 double arbre\" class=\"read-more button\" href=\"https:\/\/hengxingmachinery.com\/fr\/double-shaft-mixer\/#more-2053\" aria-label=\"En savoir plus sur 8-1. Double shaft mixer\">Lire plus<\/a><\/p>","protected":false},"author":1,"featured_media":0,"parent":0,"menu_order":0,"comment_status":"closed","ping_status":"closed","template":"","meta":{"footnotes":""},"class_list":["post-2053","page","type-page","status-publish"],"yoast_head":"<!-- This site is optimized with the Yoast SEO plugin v27.4 - https:\/\/yoast.com\/product\/yoast-seo-wordpress\/ -->\n<title>8-1. Double shaft mixer - Hengxing Machinery<\/title>\n<meta name=\"robots\" content=\"index, follow, max-snippet:-1, max-image-preview:large, max-video-preview:-1\" \/>\n<link rel=\"canonical\" href=\"https:\/\/hengxingmachinery.com\/fr\/double-shaft-mixer\/\" \/>\n<meta property=\"og:locale\" content=\"fr_FR\" \/>\n<meta property=\"og:type\" content=\"article\" \/>\n<meta property=\"og:title\" content=\"8-1. Double shaft mixer - Hengxing Machinery\" \/>\n<meta property=\"og:description\" content=\"Double shaft mixer Structure of double shaft mixer Double shaft mixer\/Twin screw mixer mainly consists of casting, spiral shaft assembly, drive equipment, piping, cover plate, chain coverand other parts (see the random for figure), the concrete structure performace characteristics are as follows: the shell is mainly composed of plates and steel structure, welding forming within ... Lire plus\" \/>\n<meta property=\"og:url\" content=\"https:\/\/hengxingmachinery.com\/fr\/double-shaft-mixer\/\" \/>\n<meta property=\"og:site_name\" content=\"Hengxing Machinery\" \/>\n<meta property=\"article:modified_time\" content=\"2025-03-11T09:57:04+00:00\" \/>\n<meta property=\"og:image\" content=\"https:\/\/hengxingmachinery.com\/wp-content\/uploads\/2025\/03\/double-shaft-mixing-machine.jpg\" \/>\n<meta name=\"twitter:card\" content=\"summary_large_image\" \/>\n<meta name=\"twitter:label1\" content=\"Dur\u00e9e de lecture estim\u00e9e\" \/>\n\t<meta name=\"twitter:data1\" content=\"2 minutes\" \/>\n<script type=\"application\/ld+json\" class=\"yoast-schema-graph\">{\"@context\":\"https:\\\/\\\/schema.org\",\"@graph\":[{\"@type\":\"WebPage\",\"@id\":\"https:\\\/\\\/hengxingmachinery.com\\\/double-shaft-mixer\\\/\",\"url\":\"https:\\\/\\\/hengxingmachinery.com\\\/double-shaft-mixer\\\/\",\"name\":\"8-1. Double shaft mixer - Hengxing Machinery\",\"isPartOf\":{\"@id\":\"https:\\\/\\\/hengxingmachinery.com\\\/#website\"},\"primaryImageOfPage\":{\"@id\":\"https:\\\/\\\/hengxingmachinery.com\\\/double-shaft-mixer\\\/#primaryimage\"},\"image\":{\"@id\":\"https:\\\/\\\/hengxingmachinery.com\\\/double-shaft-mixer\\\/#primaryimage\"},\"thumbnailUrl\":\"https:\\\/\\\/hengxingmachinery.com\\\/wp-content\\\/uploads\\\/2025\\\/03\\\/double-shaft-mixing-machine.jpg\",\"datePublished\":\"2025-03-11T09:47:42+00:00\",\"dateModified\":\"2025-03-11T09:57:04+00:00\",\"breadcrumb\":{\"@id\":\"https:\\\/\\\/hengxingmachinery.com\\\/double-shaft-mixer\\\/#breadcrumb\"},\"inLanguage\":\"fr-FR\",\"potentialAction\":[{\"@type\":\"ReadAction\",\"target\":[\"https:\\\/\\\/hengxingmachinery.com\\\/double-shaft-mixer\\\/\"]}]},{\"@type\":\"ImageObject\",\"inLanguage\":\"fr-FR\",\"@id\":\"https:\\\/\\\/hengxingmachinery.com\\\/double-shaft-mixer\\\/#primaryimage\",\"url\":\"https:\\\/\\\/hengxingmachinery.com\\\/wp-content\\\/uploads\\\/2025\\\/03\\\/double-shaft-mixing-machine.jpg\",\"contentUrl\":\"https:\\\/\\\/hengxingmachinery.com\\\/wp-content\\\/uploads\\\/2025\\\/03\\\/double-shaft-mixing-machine.jpg\"},{\"@type\":\"BreadcrumbList\",\"@id\":\"https:\\\/\\\/hengxingmachinery.com\\\/double-shaft-mixer\\\/#breadcrumb\",\"itemListElement\":[{\"@type\":\"ListItem\",\"position\":1,\"name\":\"Home\",\"item\":\"https:\\\/\\\/hengxingmachinery.com\\\/\"},{\"@type\":\"ListItem\",\"position\":2,\"name\":\"8-1. Double shaft mixer\"}]},{\"@type\":\"WebSite\",\"@id\":\"https:\\\/\\\/hengxingmachinery.com\\\/#website\",\"url\":\"https:\\\/\\\/hengxingmachinery.com\\\/\",\"name\":\"Hengxing Machinery\",\"description\":\"Leading Manufacturer of All Sorts of Mining Machinery\",\"publisher\":{\"@id\":\"https:\\\/\\\/hengxingmachinery.com\\\/#organization\"},\"potentialAction\":[{\"@type\":\"SearchAction\",\"target\":{\"@type\":\"EntryPoint\",\"urlTemplate\":\"https:\\\/\\\/hengxingmachinery.com\\\/?s={search_term_string}\"},\"query-input\":{\"@type\":\"PropertyValueSpecification\",\"valueRequired\":true,\"valueName\":\"search_term_string\"}}],\"inLanguage\":\"fr-FR\"},{\"@type\":\"Organization\",\"@id\":\"https:\\\/\\\/hengxingmachinery.com\\\/#organization\",\"name\":\"Hengxing Machinery\",\"url\":\"https:\\\/\\\/hengxingmachinery.com\\\/\",\"logo\":{\"@type\":\"ImageObject\",\"inLanguage\":\"fr-FR\",\"@id\":\"https:\\\/\\\/hengxingmachinery.com\\\/#\\\/schema\\\/logo\\\/image\\\/\",\"url\":\"https:\\\/\\\/hengxingmachinery.com\\\/wp-content\\\/uploads\\\/2024\\\/12\\\/logo.png\",\"contentUrl\":\"https:\\\/\\\/hengxingmachinery.com\\\/wp-content\\\/uploads\\\/2024\\\/12\\\/logo.png\",\"width\":400,\"height\":260,\"caption\":\"Hengxing Machinery\"},\"image\":{\"@id\":\"https:\\\/\\\/hengxingmachinery.com\\\/#\\\/schema\\\/logo\\\/image\\\/\"}}]}<\/script>\n<!-- \/ Yoast SEO plugin. -->","yoast_head_json":{"title":"8-1. M\u00e9langeur \u00e0 double arbre - Hengxing Machinery","robots":{"index":"index","follow":"follow","max-snippet":"max-snippet:-1","max-image-preview":"max-image-preview:large","max-video-preview":"max-video-preview:-1"},"canonical":"https:\/\/hengxingmachinery.com\/fr\/double-shaft-mixer\/","og_locale":"fr_FR","og_type":"article","og_title":"8-1. Double shaft mixer - Hengxing Machinery","og_description":"Double shaft mixer Structure of double shaft mixer Double shaft mixer\/Twin screw mixer mainly consists of casting, spiral shaft assembly, drive equipment, piping, cover plate, chain coverand other parts (see the random for figure), the concrete structure performace characteristics are as follows: the shell is mainly composed of plates and steel structure, welding forming within ... Lire plus","og_url":"https:\/\/hengxingmachinery.com\/fr\/double-shaft-mixer\/","og_site_name":"Hengxing Machinery","article_modified_time":"2025-03-11T09:57:04+00:00","og_image":[{"url":"https:\/\/hengxingmachinery.com\/wp-content\/uploads\/2025\/03\/double-shaft-mixing-machine.jpg","type":"","width":"","height":""}],"twitter_card":"summary_large_image","twitter_misc":{"Dur\u00e9e de lecture estim\u00e9e":"2 minutes"},"schema":{"@context":"https:\/\/schema.org","@graph":[{"@type":"WebPage","@id":"https:\/\/hengxingmachinery.com\/double-shaft-mixer\/","url":"https:\/\/hengxingmachinery.com\/double-shaft-mixer\/","name":"8-1. M\u00e9langeur \u00e0 double arbre - Hengxing Machinery","isPartOf":{"@id":"https:\/\/hengxingmachinery.com\/#website"},"primaryImageOfPage":{"@id":"https:\/\/hengxingmachinery.com\/double-shaft-mixer\/#primaryimage"},"image":{"@id":"https:\/\/hengxingmachinery.com\/double-shaft-mixer\/#primaryimage"},"thumbnailUrl":"https:\/\/hengxingmachinery.com\/wp-content\/uploads\/2025\/03\/double-shaft-mixing-machine.jpg","datePublished":"2025-03-11T09:47:42+00:00","dateModified":"2025-03-11T09:57:04+00:00","breadcrumb":{"@id":"https:\/\/hengxingmachinery.com\/double-shaft-mixer\/#breadcrumb"},"inLanguage":"fr-FR","potentialAction":[{"@type":"ReadAction","target":["https:\/\/hengxingmachinery.com\/double-shaft-mixer\/"]}]},{"@type":"ImageObject","inLanguage":"fr-FR","@id":"https:\/\/hengxingmachinery.com\/double-shaft-mixer\/#primaryimage","url":"https:\/\/hengxingmachinery.com\/wp-content\/uploads\/2025\/03\/double-shaft-mixing-machine.jpg","contentUrl":"https:\/\/hengxingmachinery.com\/wp-content\/uploads\/2025\/03\/double-shaft-mixing-machine.jpg"},{"@type":"BreadcrumbList","@id":"https:\/\/hengxingmachinery.com\/double-shaft-mixer\/#breadcrumb","itemListElement":[{"@type":"ListItem","position":1,"name":"Home","item":"https:\/\/hengxingmachinery.com\/"},{"@type":"ListItem","position":2,"name":"8-1. Double shaft mixer"}]},{"@type":"WebSite","@id":"https:\/\/hengxingmachinery.com\/#website","url":"https:\/\/hengxingmachinery.com\/","name":"Machines Hengxing","description":"Fabricant leader de toutes sortes de machines mini\u00e8res","publisher":{"@id":"https:\/\/hengxingmachinery.com\/#organization"},"potentialAction":[{"@type":"SearchAction","target":{"@type":"EntryPoint","urlTemplate":"https:\/\/hengxingmachinery.com\/?s={search_term_string}"},"query-input":{"@type":"PropertyValueSpecification","valueRequired":true,"valueName":"search_term_string"}}],"inLanguage":"fr-FR"},{"@type":"Organization","@id":"https:\/\/hengxingmachinery.com\/#organization","name":"Machines Hengxing","url":"https:\/\/hengxingmachinery.com\/","logo":{"@type":"ImageObject","inLanguage":"fr-FR","@id":"https:\/\/hengxingmachinery.com\/#\/schema\/logo\/image\/","url":"https:\/\/hengxingmachinery.com\/wp-content\/uploads\/2024\/12\/logo.png","contentUrl":"https:\/\/hengxingmachinery.com\/wp-content\/uploads\/2024\/12\/logo.png","width":400,"height":260,"caption":"Hengxing Machinery"},"image":{"@id":"https:\/\/hengxingmachinery.com\/#\/schema\/logo\/image\/"}}]}},"_links":{"self":[{"href":"https:\/\/hengxingmachinery.com\/fr\/wp-json\/wp\/v2\/pages\/2053","targetHints":{"allow":["GET"]}}],"collection":[{"href":"https:\/\/hengxingmachinery.com\/fr\/wp-json\/wp\/v2\/pages"}],"about":[{"href":"https:\/\/hengxingmachinery.com\/fr\/wp-json\/wp\/v2\/types\/page"}],"author":[{"embeddable":true,"href":"https:\/\/hengxingmachinery.com\/fr\/wp-json\/wp\/v2\/users\/1"}],"replies":[{"embeddable":true,"href":"https:\/\/hengxingmachinery.com\/fr\/wp-json\/wp\/v2\/comments?post=2053"}],"version-history":[{"count":4,"href":"https:\/\/hengxingmachinery.com\/fr\/wp-json\/wp\/v2\/pages\/2053\/revisions"}],"predecessor-version":[{"id":2065,"href":"https:\/\/hengxingmachinery.com\/fr\/wp-json\/wp\/v2\/pages\/2053\/revisions\/2065"}],"wp:attachment":[{"href":"https:\/\/hengxingmachinery.com\/fr\/wp-json\/wp\/v2\/media?parent=2053"}],"curies":[{"name":"wp","href":"https:\/\/api.w.org\/{rel}","templated":true}]}}