{"id":2136,"date":"2025-03-13T08:25:11","date_gmt":"2025-03-13T08:25:11","guid":{"rendered":"https:\/\/hengxingmachinery.com\/?page_id=2136"},"modified":"2025-03-13T08:25:24","modified_gmt":"2025-03-13T08:25:24","slug":"ceramsite-sand-rotary-kiln","status":"publish","type":"page","link":"https:\/\/hengxingmachinery.com\/fr\/ceramsite-sand-rotary-kiln\/","title":{"rendered":"6-1. Four rotatif \u00e0 sable de c\u00e9ramique"},"content":{"rendered":"<div class=\"gb-container gb-container-45165f5a\">\n<div class=\"gb-container gb-container-c2652eb4\">\n\n<h1 class=\"gb-headline gb-headline-62a8b2cc gb-headline-text\">Four rotatif pour sable Ceramsite<\/h1>\n\n<\/div>\n<\/div>\n\n<div class=\"gb-container gb-container-519cf624\">\n<div class=\"gb-container gb-container-71ca071e\">\n<div class=\"gb-grid-wrapper gb-grid-wrapper-8a5f0688\">\n<div class=\"gb-grid-column gb-grid-column-1e99b1c2\"><div class=\"gb-container gb-container-1e99b1c2\">\n\n<figure class=\"gb-block-image gb-block-image-e4eaba54\"><img decoding=\"async\" width=\"665\" height=\"545\" class=\"gb-image gb-image-e4eaba54\" src=\"https:\/\/hengxingmachinery.com\/wp-content\/uploads\/2025\/03\/ceramsite-sand-rotary-kiln-feature.jpg\" alt=\"\" title=\"caract\u00e9ristiques-du-four-rotatif-pour-sable-de-c\u00e9ramique\" srcset=\"https:\/\/hengxingmachinery.com\/wp-content\/uploads\/2025\/03\/ceramsite-sand-rotary-kiln-feature.jpg 665w, https:\/\/hengxingmachinery.com\/wp-content\/uploads\/2025\/03\/ceramsite-sand-rotary-kiln-feature-300x246.jpg 300w, https:\/\/hengxingmachinery.com\/wp-content\/uploads\/2025\/03\/ceramsite-sand-rotary-kiln-feature-15x12.jpg 15w\" sizes=\"(max-width: 665px) 100vw, 665px\" \/><\/figure>\n\n<\/div><\/div>\n\n<div class=\"gb-grid-column gb-grid-column-bcae065b\"><div class=\"gb-container gb-container-bcae065b\">\n\n<p class=\"gb-headline gb-headline-e419680e gb-headline-text\">La demande croissante de produits de sout\u00e8nement de fracturation p\u00e9troli\u00e8re favorise le d\u00e9veloppement continu de l'industrie du sout\u00e8nement de fracturation p\u00e9troli\u00e8re (sable de c\u00e9ramique) dans chaque pays, et le four rotatif, en tant qu'\u00e9quipement cl\u00e9 pour la calcination du sable de c\u00e9ramique, n'a cess\u00e9 d'\u00eatre optimis\u00e9. Le four rotatif con\u00e7u par notre soci\u00e9t\u00e9 pour r\u00e9pondre aux besoins de l'industrie du sout\u00e8nement de fracturation p\u00e9troli\u00e8re se caract\u00e9rise par une forte capacit\u00e9 de calcination, un rendement thermique \u00e9lev\u00e9 et une homog\u00e9n\u00e9it\u00e9 des produits.<\/p>\n\n\n\n<p class=\"gb-headline gb-headline-d10ac474 gb-headline-text\">Le sable de c\u00e9ramique, \u00e9galement appel\u00e9 sout\u00e8nement de fracturation, est un produit en particules c\u00e9ramiques \u00e0 haute r\u00e9sistance \u00e0 la fracturation. Il est principalement utilis\u00e9 pour le sout\u00e8nement en fond de puits dans les champs p\u00e9troliers et gaziers afin d'augmenter la production de p\u00e9trole, de gaz naturel, de gaz de houille et de gaz de schiste. C'est un produit respectueux de l'environnement. Ce produit est fabriqu\u00e9 \u00e0 partir de bauxite de haute qualit\u00e9 et d'autres mati\u00e8res premi\u00e8res fritt\u00e9es. Il se substitue aux sout\u00e8nements de r\u00e9sistance faible \u00e0 moyenne tels que le sable de quartz naturel, les billes de verre et les billes m\u00e9talliques, et permet d'augmenter efficacement la production d'hydrocarbures.<\/p>\n\n\n<div class=\"gb-grid-wrapper gb-grid-wrapper-eebec76e\">\n<div class=\"gb-grid-column gb-grid-column-e3ada2f0\"><div class=\"gb-container gb-container-e3ada2f0\">\n\n<p class=\"gb-headline gb-headline-4c79a90a gb-headline-text\"><mark style=\"background-color:rgba(0, 0, 0, 0)\" class=\"has-inline-color has-global-color-8-color\"><strong>Capacit\u00e9:<\/strong><\/mark> 0,9-42t\/h<\/p>\n\n<\/div><\/div>\n\n<div class=\"gb-grid-column gb-grid-column-0bb00826\"><div class=\"gb-container gb-container-0bb00826\">\n\n<p class=\"gb-headline gb-headline-86d53f56 gb-headline-text\"><mark style=\"background-color:rgba(0, 0, 0, 0)\" class=\"has-inline-color has-global-color-8-color\"><strong><strong>Mod\u00e8le<\/strong>:<\/strong><\/mark> \u00d81400\u00d733000mm-\u00d83200\u00d750000mm<\/p>\n\n<\/div><\/div>\n<\/div>\n\n\n<p class=\"gb-headline gb-headline-2750f5a7 gb-headline-text\"><strong>Poids de l'\u00e9quipement :<\/strong><\/p>\n\n\n\n<p>\u00a047,5-278t<\/p>\n\n\n<div class=\"gb-container gb-container-256e15f1\">\n\n<a class=\"gb-button gb-button-e8b73d89 gb-button-text\" href=\"#popmake-622\">Obtenez un devis gratuit maintenant<\/a>\n\n<\/div>\n<\/div><\/div>\n<\/div>\n<\/div>\n<\/div>\n\n<div class=\"gb-container gb-container-af5f8799\">\n<div class=\"gb-container gb-container-2298848b\">\n\n<h2 class=\"gb-headline gb-headline-9d27ad2c gb-headline-text\">Caract\u00e9ristiques remarquables du four rotatif pour sable de c\u00e9ramique<\/h2>\n\n\n\n<figure class=\"gb-block-image gb-block-image-d3dc0db2\"><img decoding=\"async\" width=\"665\" height=\"545\" class=\"gb-image gb-image-d3dc0db2\" src=\"https:\/\/hengxingmachinery.com\/wp-content\/uploads\/2025\/03\/ceramsite-sand-rotary-kiln-For-sale.jpg\" alt=\"\" title=\"four-rotatif-pour-sable-de-c\u00e9ramique \u00c0 vendre\" srcset=\"https:\/\/hengxingmachinery.com\/wp-content\/uploads\/2025\/03\/ceramsite-sand-rotary-kiln-For-sale.jpg 665w, https:\/\/hengxingmachinery.com\/wp-content\/uploads\/2025\/03\/ceramsite-sand-rotary-kiln-For-sale-300x246.jpg 300w, https:\/\/hengxingmachinery.com\/wp-content\/uploads\/2025\/03\/ceramsite-sand-rotary-kiln-For-sale-15x12.jpg 15w\" sizes=\"(max-width: 665px) 100vw, 665px\" \/><\/figure>\n\n\n\n<p>1. L'entra\u00eenement du four rotatif utilise un variateur de fr\u00e9quence, offrant un rendement \u00e9lev\u00e9 et une faible consommation d'\u00e9nergie ;<\/p>\n\n\n\n<p>2. Faible consommation de combustible par unit\u00e9 de produit et grande capacit\u00e9 de production ;<\/p>\n\n\n\n<p>3. Fonctionnement en d\u00e9pression, faible pollution par les poussi\u00e8res ;<\/p>\n\n\n\n<p>4. Performances m\u00e9caniques stables, transmission fluide, contr\u00f4le facile de la temp\u00e9rature de calcination.<\/p>\n\n\n<div class=\"gb-container gb-container-d7b7b595\">\n\n<a class=\"gb-button gb-button-c1312760 gb-button-text\" href=\"#popmake-622\">Obtenez un devis gratuit maintenant<\/a>\n\n<\/div>\n<\/div>\n<\/div>\n\n<div class=\"gb-container gb-container-ebd718b6\">\n<div class=\"gb-container gb-container-5c75b960\">\n\n<h2 class=\"gb-headline gb-headline-98859344 gb-headline-text\">Principe de fonctionnement du four rotatif pour sable de c\u00e9ramique<\/h2>\n\n\n\n<figure class=\"gb-block-image gb-block-image-c486b36e\"><img decoding=\"async\" width=\"1450\" height=\"600\" class=\"gb-image gb-image-c486b36e\" src=\"https:\/\/hengxingmachinery.com\/wp-content\/uploads\/2025\/03\/ceramsite-sand-rotary-kiln-working.jpg\" alt=\"\" title=\"fonctionnement-du-four-rotatif-pour-sable-de-c\u00e9ramique\" srcset=\"https:\/\/hengxingmachinery.com\/wp-content\/uploads\/2025\/03\/ceramsite-sand-rotary-kiln-working.jpg 1450w, https:\/\/hengxingmachinery.com\/wp-content\/uploads\/2025\/03\/ceramsite-sand-rotary-kiln-working-300x124.jpg 300w, https:\/\/hengxingmachinery.com\/wp-content\/uploads\/2025\/03\/ceramsite-sand-rotary-kiln-working-1024x424.jpg 1024w, https:\/\/hengxingmachinery.com\/wp-content\/uploads\/2025\/03\/ceramsite-sand-rotary-kiln-working-768x318.jpg 768w, https:\/\/hengxingmachinery.com\/wp-content\/uploads\/2025\/03\/ceramsite-sand-rotary-kiln-working-18x7.jpg 18w\" sizes=\"(max-width: 1450px) 100vw, 1450px\" \/><\/figure>\n\n\n\n<p>La bauxite d'une granulom\u00e9trie de 300-500mm est concass\u00e9e et envoy\u00e9e au s\u00e9cheur \u00e0 lit fluidis\u00e9 pour s\u00e9chage, puis passe par la station de dosage avec de la poudre de mangan\u00e8se et des additifs, et entre dans le syst\u00e8me de broyage \u00e9quip\u00e9 d'un s\u00e9parateur vortex pour obtenir des particules fines. <\/p>\n\n\n\n<p>Pour la farine crue d'une finesse de 400 mailles ou plus, un nouveau type de granulateur est utilis\u00e9 pour transformer la farine crue en granul\u00e9s de taille conforme apr\u00e8s ajout d'eau. Les granul\u00e9s entrent dans le s\u00e9cheur situ\u00e9 \u00e0 l'extr\u00e9mit\u00e9 du four, utilisent la chaleur r\u00e9siduelle des gaz d'\u00e9chappement de l'extr\u00e9mit\u00e9 du four pour r\u00e9duire leur humidit\u00e9, puis sont achemin\u00e9s vers le four rotatif pour calcination apr\u00e8s criblage. <\/p>\n\n\n\n<p>Le sable de c\u00e9ramique calcin\u00e9 est refroidi par un refroidisseur unique, puis tamis\u00e9 au travers d'un crible cylindrique. Les granul\u00e9s conformes de diff\u00e9rentes tailles sont ensach\u00e9s s\u00e9par\u00e9ment avant exp\u00e9dition. Les granul\u00e9s non conformes sont renvoy\u00e9s vers le syst\u00e8me de broyage.<\/p>\n\n\n<div class=\"gb-container gb-container-d6bbf16a\">\n\n<a class=\"gb-button gb-button-caa3f2bc gb-button-text\" href=\"#popmake-622\">Obtenez un devis gratuit maintenant<\/a>\n\n<\/div>\n<\/div>\n<\/div>\n\n<div class=\"gb-container gb-container-435ad261\">\n<div class=\"gb-container gb-container-7dc79cc4\">\n\n<h2 class=\"gb-headline gb-headline-6fe5dee2 gb-headline-text\">Sp\u00e9cifications du four rotatif pour sable de c\u00e9ramique<\/h2>\n\n\n\n<figure class=\"wp-block-table is-style-stripes\"><table class=\"has-fixed-layout\"><tbody><tr><td><strong>Mod\u00e8le (mm)<\/strong><\/td><td colspan=\"3\"><strong>Dimensions du four<\/strong><\/td><td><strong>D\u00e9bit (t\/h)<\/strong><\/td><td><strong>Vitesse de rotation (tr\/min)<\/strong><\/td><td><strong>Puissance (kW)<\/strong><\/td><td><strong>Poids (t)<\/strong><\/td><td><strong>Remarque<\/strong><\/td><\/tr><tr><td>&nbsp;<\/td><td><strong>Diam\u00e8tre (mm)<\/strong><\/td><td><strong>Longueur (mm)<\/strong><\/td><td><strong>Pente (%)<\/strong><\/td><td>&nbsp;<\/td><td>&nbsp;<\/td><td>&nbsp;<\/td><td>&nbsp;<\/td><td>&nbsp;<\/td><\/tr><tr><td>\u03c61400\u00d733000<\/td><td>1.4<\/td><td>33<\/td><td>3<\/td><td>0.9-1.3<\/td><td>0.39-3.96<\/td><td>18.5<\/td><td>47.5<\/td><td>\u2014-<\/td><\/tr><tr><td>\u03c61600\u00d736000<\/td><td>1.6<\/td><td>36<\/td><td>4<\/td><td>1.2-1.9<\/td><td>0.26-2.63<\/td><td>22<\/td><td>52<\/td><td>\u2014-<\/td><\/tr><tr><td>\u03c61800\u00d745000<\/td><td>1.8<\/td><td>45<\/td><td>4<\/td><td>1.9-2.4<\/td><td>0.16-1.62<\/td><td>30<\/td><td>78.2<\/td><td>\u2014-<\/td><\/tr><tr><td>\u03c61900\u00d739000<\/td><td>1.9<\/td><td>39<\/td><td>4<\/td><td>1.65-3<\/td><td>0.29-2.93<\/td><td>30<\/td><td>77.59<\/td><td>\u2014-<\/td><\/tr><tr><td>\u03c62000\u00d740000<\/td><td>2<\/td><td>40<\/td><td>3<\/td><td>2.5-4<\/td><td>0.23-2.26<\/td><td>37<\/td><td>119.1<\/td><td>\u2014-<\/td><\/tr><tr><td>\u03c62200\u00d745000<\/td><td>2.2<\/td><td>45<\/td><td>3.5<\/td><td>3.4-5.4<\/td><td>0.21-2.44<\/td><td>45<\/td><td>128.3<\/td><td>\u2014-&nbsp;<\/td><\/tr><tr><td>\u03c62500\u00d740000<\/td><td>2.5<\/td><td>40<\/td><td>3.5<\/td><td>9.0-10.5<\/td><td>0.44-2.44<\/td><td>55<\/td><td>149.61<\/td><td>\u2014-<\/td><\/tr><tr><td>\u03c62500\u00d750000<\/td><td>2.5<\/td><td>50<\/td><td>3<\/td><td>6.25-7.4<\/td><td>0.62-1.86<\/td><td>55<\/td><td>187.37<\/td><td>\u2014-<\/td><\/tr><tr><td>\u03c62500\u00d754000<\/td><td>2.5<\/td><td>54<\/td><td>3.5<\/td><td>6.9-8.5<\/td><td>0.48-1.45<\/td><td>55<\/td><td>196.29<\/td><td>\u2014-<\/td><\/tr><tr><td>\u03c62700\u00d742000<\/td><td>2.7<\/td><td>42<\/td><td>3.5<\/td><td>10.0-11.0<\/td><td>0.10-1.52<\/td><td>55<\/td><td>198.5<\/td><td>\u2014-<\/td><\/tr><tr><td>\u03c62800\u00d744000<\/td><td>2.8<\/td><td>44<\/td><td>3.5<\/td><td>12.5-13.5<\/td><td>0.437-2.18<\/td><td>55<\/td><td>201.58<\/td><td>\u2014-<\/td><\/tr><tr><td>\u03c63000\u00d745000<\/td><td>3<\/td><td>45<\/td><td>3.5<\/td><td>12.8-14.5<\/td><td>0.5-2.47<\/td><td>75<\/td><td>210.94<\/td><td>\u2014-<\/td><\/tr><tr><td>\u03c63000\u00d748000<\/td><td>3<\/td><td>48<\/td><td>3.5<\/td><td>25.6-29.3<\/td><td>0.6-3.48<\/td><td>100<\/td><td>237<\/td><td>\u2014-<\/td><\/tr><tr><td>\u03c63000\u00d760000<\/td><td>3<\/td><td>60<\/td><td>3.5<\/td><td>12.3-14.1<\/td><td>0.3-2<\/td><td>100<\/td><td>310<\/td><td>\u2014-<\/td><\/tr><tr><td>\u03c63200\u00d750000<\/td><td>3.2<\/td><td>50<\/td><td>4<\/td><td>40.5-42<\/td><td>0.6-3<\/td><td>125<\/td><td>278<\/td><td>\u2014-<\/td><\/tr><\/tbody><\/table><\/figure>\n\n\n<div class=\"gb-container gb-container-263d9700\">\n\n<a class=\"gb-button gb-button-a4cbb7be gb-button-text\" href=\"#popmake-622\">Obtenez un devis gratuit maintenant<\/a>\n\n<\/div>\n<\/div>\n<\/div>","protected":false},"excerpt":{"rendered":"<p>Ceramsite sand rotary kiln Outstanding features of ceramsite sand rotary kiln 1. Rotary kiln drive adopts frequency conversion speed regulation, high efficiency and low power consumption; 2. Low fuel consumption per unit product and large production capacity; 3. Negative pressure operation, low dust pollution; 4. Stable mechanical performance, smooth transmission, easy control of calcination temperature. &#8230; <\/p>\n<p class=\"read-more-container\"><a title=\"6-1. Four rotatif \u00e0 sable de c\u00e9ramique\" class=\"read-more button\" href=\"https:\/\/hengxingmachinery.com\/fr\/ceramsite-sand-rotary-kiln\/#more-2136\" aria-label=\"En savoir plus sur 6-1. Ceramsite sand rotary kiln\">Lire plus<\/a><\/p>","protected":false},"author":1,"featured_media":0,"parent":0,"menu_order":0,"comment_status":"closed","ping_status":"closed","template":"","meta":{"footnotes":""},"class_list":["post-2136","page","type-page","status-publish"],"yoast_head":"<!-- This site is optimized with the Yoast SEO plugin v27.4 - https:\/\/yoast.com\/product\/yoast-seo-wordpress\/ -->\n<title>6-1. Ceramsite sand rotary kiln - Hengxing Machinery<\/title>\n<meta name=\"robots\" content=\"index, follow, max-snippet:-1, max-image-preview:large, max-video-preview:-1\" \/>\n<link rel=\"canonical\" href=\"https:\/\/hengxingmachinery.com\/fr\/ceramsite-sand-rotary-kiln\/\" \/>\n<meta property=\"og:locale\" content=\"fr_FR\" \/>\n<meta property=\"og:type\" content=\"article\" \/>\n<meta property=\"og:title\" content=\"6-1. Ceramsite sand rotary kiln - Hengxing Machinery\" \/>\n<meta property=\"og:description\" content=\"Ceramsite sand rotary kiln Outstanding features of ceramsite sand rotary kiln 1. Rotary kiln drive adopts frequency conversion speed regulation, high efficiency and low power consumption; 2. Low fuel consumption per unit product and large production capacity; 3. Negative pressure operation, low dust pollution; 4. Stable mechanical performance, smooth transmission, easy control of calcination temperature. ... Lire plus\" \/>\n<meta property=\"og:url\" content=\"https:\/\/hengxingmachinery.com\/fr\/ceramsite-sand-rotary-kiln\/\" \/>\n<meta property=\"og:site_name\" content=\"Hengxing Machinery\" \/>\n<meta property=\"article:modified_time\" content=\"2025-03-13T08:25:24+00:00\" \/>\n<meta property=\"og:image\" content=\"https:\/\/hengxingmachinery.com\/wp-content\/uploads\/2025\/03\/ceramsite-sand-rotary-kiln-feature.jpg\" \/>\n<meta name=\"twitter:card\" content=\"summary_large_image\" \/>\n<meta name=\"twitter:label1\" content=\"Dur\u00e9e de lecture estim\u00e9e\" \/>\n\t<meta name=\"twitter:data1\" content=\"3 minutes\" \/>\n<script type=\"application\/ld+json\" class=\"yoast-schema-graph\">{\"@context\":\"https:\\\/\\\/schema.org\",\"@graph\":[{\"@type\":\"WebPage\",\"@id\":\"https:\\\/\\\/hengxingmachinery.com\\\/ceramsite-sand-rotary-kiln\\\/\",\"url\":\"https:\\\/\\\/hengxingmachinery.com\\\/ceramsite-sand-rotary-kiln\\\/\",\"name\":\"6-1. Ceramsite sand rotary kiln - Hengxing Machinery\",\"isPartOf\":{\"@id\":\"https:\\\/\\\/hengxingmachinery.com\\\/#website\"},\"primaryImageOfPage\":{\"@id\":\"https:\\\/\\\/hengxingmachinery.com\\\/ceramsite-sand-rotary-kiln\\\/#primaryimage\"},\"image\":{\"@id\":\"https:\\\/\\\/hengxingmachinery.com\\\/ceramsite-sand-rotary-kiln\\\/#primaryimage\"},\"thumbnailUrl\":\"https:\\\/\\\/hengxingmachinery.com\\\/wp-content\\\/uploads\\\/2025\\\/03\\\/ceramsite-sand-rotary-kiln-feature.jpg\",\"datePublished\":\"2025-03-13T08:25:11+00:00\",\"dateModified\":\"2025-03-13T08:25:24+00:00\",\"breadcrumb\":{\"@id\":\"https:\\\/\\\/hengxingmachinery.com\\\/ceramsite-sand-rotary-kiln\\\/#breadcrumb\"},\"inLanguage\":\"fr-FR\",\"potentialAction\":[{\"@type\":\"ReadAction\",\"target\":[\"https:\\\/\\\/hengxingmachinery.com\\\/ceramsite-sand-rotary-kiln\\\/\"]}]},{\"@type\":\"ImageObject\",\"inLanguage\":\"fr-FR\",\"@id\":\"https:\\\/\\\/hengxingmachinery.com\\\/ceramsite-sand-rotary-kiln\\\/#primaryimage\",\"url\":\"https:\\\/\\\/hengxingmachinery.com\\\/wp-content\\\/uploads\\\/2025\\\/03\\\/ceramsite-sand-rotary-kiln-feature.jpg\",\"contentUrl\":\"https:\\\/\\\/hengxingmachinery.com\\\/wp-content\\\/uploads\\\/2025\\\/03\\\/ceramsite-sand-rotary-kiln-feature.jpg\"},{\"@type\":\"BreadcrumbList\",\"@id\":\"https:\\\/\\\/hengxingmachinery.com\\\/ceramsite-sand-rotary-kiln\\\/#breadcrumb\",\"itemListElement\":[{\"@type\":\"ListItem\",\"position\":1,\"name\":\"Home\",\"item\":\"https:\\\/\\\/hengxingmachinery.com\\\/\"},{\"@type\":\"ListItem\",\"position\":2,\"name\":\"6-1. Ceramsite sand rotary kiln\"}]},{\"@type\":\"WebSite\",\"@id\":\"https:\\\/\\\/hengxingmachinery.com\\\/#website\",\"url\":\"https:\\\/\\\/hengxingmachinery.com\\\/\",\"name\":\"Hengxing Machinery\",\"description\":\"Leading Manufacturer of All Sorts of Mining Machinery\",\"publisher\":{\"@id\":\"https:\\\/\\\/hengxingmachinery.com\\\/#organization\"},\"potentialAction\":[{\"@type\":\"SearchAction\",\"target\":{\"@type\":\"EntryPoint\",\"urlTemplate\":\"https:\\\/\\\/hengxingmachinery.com\\\/?s={search_term_string}\"},\"query-input\":{\"@type\":\"PropertyValueSpecification\",\"valueRequired\":true,\"valueName\":\"search_term_string\"}}],\"inLanguage\":\"fr-FR\"},{\"@type\":\"Organization\",\"@id\":\"https:\\\/\\\/hengxingmachinery.com\\\/#organization\",\"name\":\"Hengxing Machinery\",\"url\":\"https:\\\/\\\/hengxingmachinery.com\\\/\",\"logo\":{\"@type\":\"ImageObject\",\"inLanguage\":\"fr-FR\",\"@id\":\"https:\\\/\\\/hengxingmachinery.com\\\/#\\\/schema\\\/logo\\\/image\\\/\",\"url\":\"https:\\\/\\\/hengxingmachinery.com\\\/wp-content\\\/uploads\\\/2024\\\/12\\\/logo.png\",\"contentUrl\":\"https:\\\/\\\/hengxingmachinery.com\\\/wp-content\\\/uploads\\\/2024\\\/12\\\/logo.png\",\"width\":400,\"height\":260,\"caption\":\"Hengxing Machinery\"},\"image\":{\"@id\":\"https:\\\/\\\/hengxingmachinery.com\\\/#\\\/schema\\\/logo\\\/image\\\/\"}}]}<\/script>\n<!-- \/ Yoast SEO plugin. -->","yoast_head_json":{"title":"6-1. Four rotatif \u00e0 sable de c\u00e9ramique - Hengxing Machinery","robots":{"index":"index","follow":"follow","max-snippet":"max-snippet:-1","max-image-preview":"max-image-preview:large","max-video-preview":"max-video-preview:-1"},"canonical":"https:\/\/hengxingmachinery.com\/fr\/ceramsite-sand-rotary-kiln\/","og_locale":"fr_FR","og_type":"article","og_title":"6-1. Ceramsite sand rotary kiln - Hengxing Machinery","og_description":"Ceramsite sand rotary kiln Outstanding features of ceramsite sand rotary kiln 1. Rotary kiln drive adopts frequency conversion speed regulation, high efficiency and low power consumption; 2. Low fuel consumption per unit product and large production capacity; 3. Negative pressure operation, low dust pollution; 4. Stable mechanical performance, smooth transmission, easy control of calcination temperature. ... Lire plus","og_url":"https:\/\/hengxingmachinery.com\/fr\/ceramsite-sand-rotary-kiln\/","og_site_name":"Hengxing Machinery","article_modified_time":"2025-03-13T08:25:24+00:00","og_image":[{"url":"https:\/\/hengxingmachinery.com\/wp-content\/uploads\/2025\/03\/ceramsite-sand-rotary-kiln-feature.jpg","type":"","width":"","height":""}],"twitter_card":"summary_large_image","twitter_misc":{"Dur\u00e9e de lecture estim\u00e9e":"3 minutes"},"schema":{"@context":"https:\/\/schema.org","@graph":[{"@type":"WebPage","@id":"https:\/\/hengxingmachinery.com\/ceramsite-sand-rotary-kiln\/","url":"https:\/\/hengxingmachinery.com\/ceramsite-sand-rotary-kiln\/","name":"6-1. Four rotatif \u00e0 sable de c\u00e9ramique - Hengxing Machinery","isPartOf":{"@id":"https:\/\/hengxingmachinery.com\/#website"},"primaryImageOfPage":{"@id":"https:\/\/hengxingmachinery.com\/ceramsite-sand-rotary-kiln\/#primaryimage"},"image":{"@id":"https:\/\/hengxingmachinery.com\/ceramsite-sand-rotary-kiln\/#primaryimage"},"thumbnailUrl":"https:\/\/hengxingmachinery.com\/wp-content\/uploads\/2025\/03\/ceramsite-sand-rotary-kiln-feature.jpg","datePublished":"2025-03-13T08:25:11+00:00","dateModified":"2025-03-13T08:25:24+00:00","breadcrumb":{"@id":"https:\/\/hengxingmachinery.com\/ceramsite-sand-rotary-kiln\/#breadcrumb"},"inLanguage":"fr-FR","potentialAction":[{"@type":"ReadAction","target":["https:\/\/hengxingmachinery.com\/ceramsite-sand-rotary-kiln\/"]}]},{"@type":"ImageObject","inLanguage":"fr-FR","@id":"https:\/\/hengxingmachinery.com\/ceramsite-sand-rotary-kiln\/#primaryimage","url":"https:\/\/hengxingmachinery.com\/wp-content\/uploads\/2025\/03\/ceramsite-sand-rotary-kiln-feature.jpg","contentUrl":"https:\/\/hengxingmachinery.com\/wp-content\/uploads\/2025\/03\/ceramsite-sand-rotary-kiln-feature.jpg"},{"@type":"BreadcrumbList","@id":"https:\/\/hengxingmachinery.com\/ceramsite-sand-rotary-kiln\/#breadcrumb","itemListElement":[{"@type":"ListItem","position":1,"name":"Home","item":"https:\/\/hengxingmachinery.com\/"},{"@type":"ListItem","position":2,"name":"6-1. Ceramsite sand rotary kiln"}]},{"@type":"WebSite","@id":"https:\/\/hengxingmachinery.com\/#website","url":"https:\/\/hengxingmachinery.com\/","name":"Machines Hengxing","description":"Fabricant leader de toutes sortes de machines mini\u00e8res","publisher":{"@id":"https:\/\/hengxingmachinery.com\/#organization"},"potentialAction":[{"@type":"SearchAction","target":{"@type":"EntryPoint","urlTemplate":"https:\/\/hengxingmachinery.com\/?s={search_term_string}"},"query-input":{"@type":"PropertyValueSpecification","valueRequired":true,"valueName":"search_term_string"}}],"inLanguage":"fr-FR"},{"@type":"Organization","@id":"https:\/\/hengxingmachinery.com\/#organization","name":"Machines Hengxing","url":"https:\/\/hengxingmachinery.com\/","logo":{"@type":"ImageObject","inLanguage":"fr-FR","@id":"https:\/\/hengxingmachinery.com\/#\/schema\/logo\/image\/","url":"https:\/\/hengxingmachinery.com\/wp-content\/uploads\/2024\/12\/logo.png","contentUrl":"https:\/\/hengxingmachinery.com\/wp-content\/uploads\/2024\/12\/logo.png","width":400,"height":260,"caption":"Hengxing Machinery"},"image":{"@id":"https:\/\/hengxingmachinery.com\/#\/schema\/logo\/image\/"}}]}},"_links":{"self":[{"href":"https:\/\/hengxingmachinery.com\/fr\/wp-json\/wp\/v2\/pages\/2136","targetHints":{"allow":["GET"]}}],"collection":[{"href":"https:\/\/hengxingmachinery.com\/fr\/wp-json\/wp\/v2\/pages"}],"about":[{"href":"https:\/\/hengxingmachinery.com\/fr\/wp-json\/wp\/v2\/types\/page"}],"author":[{"embeddable":true,"href":"https:\/\/hengxingmachinery.com\/fr\/wp-json\/wp\/v2\/users\/1"}],"replies":[{"embeddable":true,"href":"https:\/\/hengxingmachinery.com\/fr\/wp-json\/wp\/v2\/comments?post=2136"}],"version-history":[{"count":1,"href":"https:\/\/hengxingmachinery.com\/fr\/wp-json\/wp\/v2\/pages\/2136\/revisions"}],"predecessor-version":[{"id":2141,"href":"https:\/\/hengxingmachinery.com\/fr\/wp-json\/wp\/v2\/pages\/2136\/revisions\/2141"}],"wp:attachment":[{"href":"https:\/\/hengxingmachinery.com\/fr\/wp-json\/wp\/v2\/media?parent=2136"}],"curies":[{"name":"wp","href":"https:\/\/api.w.org\/{rel}","templated":true}]}}