{"id":2153,"date":"2025-03-13T08:58:50","date_gmt":"2025-03-13T08:58:50","guid":{"rendered":"https:\/\/hengxingmachinery.com\/?page_id=2153"},"modified":"2025-03-13T08:59:03","modified_gmt":"2025-03-13T08:59:03","slug":"magnesite-rotary-kiln","status":"publish","type":"page","link":"https:\/\/hengxingmachinery.com\/fr\/magnesite-rotary-kiln\/","title":{"rendered":"6-1. Four rotatif \u00e0 magn\u00e9site"},"content":{"rendered":"<div class=\"gb-container gb-container-45165f5a\">\n<div class=\"gb-container gb-container-c2652eb4\">\n\n<h1 class=\"gb-headline gb-headline-62a8b2cc gb-headline-text\">Four rotatif \u00e0 magn\u00e9site<\/h1>\n\n<\/div>\n<\/div>\n\n<div class=\"gb-container gb-container-519cf624\">\n<div class=\"gb-container gb-container-71ca071e\">\n<div class=\"gb-grid-wrapper gb-grid-wrapper-8a5f0688\">\n<div class=\"gb-grid-column gb-grid-column-1e99b1c2\"><div class=\"gb-container gb-container-1e99b1c2\">\n\n<figure class=\"gb-block-image gb-block-image-e4eaba54\"><img decoding=\"async\" width=\"665\" height=\"545\" class=\"gb-image gb-image-e4eaba54\" src=\"https:\/\/hengxingmachinery.com\/wp-content\/uploads\/2025\/03\/magnesite-rotary-kiln-feature.jpg\" alt=\"\" title=\"caract\u00e9ristiques-du-four-rotatif-\u00e0-magn\u00e9site\" srcset=\"https:\/\/hengxingmachinery.com\/wp-content\/uploads\/2025\/03\/magnesite-rotary-kiln-feature.jpg 665w, https:\/\/hengxingmachinery.com\/wp-content\/uploads\/2025\/03\/magnesite-rotary-kiln-feature-300x246.jpg 300w, https:\/\/hengxingmachinery.com\/wp-content\/uploads\/2025\/03\/magnesite-rotary-kiln-feature-15x12.jpg 15w\" sizes=\"(max-width: 665px) 100vw, 665px\" \/><\/figure>\n\n<\/div><\/div>\n\n<div class=\"gb-grid-column gb-grid-column-bcae065b\"><div class=\"gb-container gb-container-bcae065b\">\n\n<p class=\"gb-headline gb-headline-e419680e gb-headline-text\">Le four rotatif \u00e0 magn\u00e9site de notre soci\u00e9t\u00e9 est divis\u00e9 en onze mod\u00e8les selon les sp\u00e9cifications et dimensions du cylindre, allant de \u00d81,6\u00d732m \u00e0 \u00d84\u00d780m, avec un diam\u00e8tre de cylindre de 2,2m ou plus (y compris 2,2m) \u00e9quip\u00e9 d'une transmission auxiliaire, et de 3,0m ou plus (y compris 3,0m). .<\/p>\n\n\n\n<p>Le support passe de trois groupes \u00e0 quatre groupes, la vitesse du four est de 0,58 \u00e0 2,85 tr\/min, la pente est de 3,5 \u00e0 4,0%, et la puissance du moteur principal de support est de 18,5 KW \u00e0 355 KW, ce qui peut satisfaire les besoins de calcination de produits de magn\u00e9site de 2t \u00e0 20t par heure.<\/p>\n\n\n<div class=\"gb-grid-wrapper gb-grid-wrapper-eebec76e\">\n<div class=\"gb-grid-column gb-grid-column-e3ada2f0\"><div class=\"gb-container gb-container-e3ada2f0\">\n\n<p class=\"gb-headline gb-headline-4c79a90a gb-headline-text\"><mark style=\"background-color:rgba(0, 0, 0, 0)\" class=\"has-inline-color has-global-color-8-color\"><strong>Capacit\u00e9:<\/strong><\/mark> 2-20t\/h<\/p>\n\n<\/div><\/div>\n\n<div class=\"gb-grid-column gb-grid-column-0bb00826\"><div class=\"gb-container gb-container-0bb00826\">\n\n<p class=\"gb-headline gb-headline-86d53f56 gb-headline-text\"><mark style=\"background-color:rgba(0, 0, 0, 0)\" class=\"has-inline-color has-global-color-8-color\"><strong><strong>Mod\u00e8le<\/strong>:<\/strong><\/mark> \u00d81,6\u00d732m-\u00d84\u00d780m<\/p>\n\n<\/div><\/div>\n<\/div>\n\n<div class=\"gb-container gb-container-256e15f1\">\n\n<a class=\"gb-button gb-button-e8b73d89 gb-button-text\" href=\"#popmake-622\">Obtenez un devis gratuit maintenant<\/a>\n\n<\/div>\n<\/div><\/div>\n<\/div>\n<\/div>\n<\/div>\n\n<div class=\"gb-container gb-container-af5f8799\">\n<div class=\"gb-container gb-container-2298848b\">\n\n<h2 class=\"gb-headline gb-headline-9d27ad2c gb-headline-text\">Caract\u00e9ristiques exceptionnelles du four rotatif \u00e0 magn\u00e9site<\/h2>\n\n\n\n<figure class=\"gb-block-image gb-block-image-d3dc0db2\"><img decoding=\"async\" width=\"665\" height=\"545\" class=\"gb-image gb-image-d3dc0db2\" src=\"https:\/\/hengxingmachinery.com\/wp-content\/uploads\/2025\/03\/magnesite-rotary-kiln-for-sale.jpg\" alt=\"\" title=\"four-rotatif-\u00e0-magn\u00e9site-\u00e0-vendre\" srcset=\"https:\/\/hengxingmachinery.com\/wp-content\/uploads\/2025\/03\/magnesite-rotary-kiln-for-sale.jpg 665w, https:\/\/hengxingmachinery.com\/wp-content\/uploads\/2025\/03\/magnesite-rotary-kiln-for-sale-300x246.jpg 300w, https:\/\/hengxingmachinery.com\/wp-content\/uploads\/2025\/03\/magnesite-rotary-kiln-for-sale-15x12.jpg 15w\" sizes=\"(max-width: 665px) 100vw, 665px\" \/><\/figure>\n\n\n\n<p>1. Bonne qualit\u00e9 du produit et rendement \u00e9lev\u00e9 ;<\/p>\n\n\n\n<p>2. Fonctionnement de production stable et s\u00e9curit\u00e9 \u00e9lev\u00e9e ;<\/p>\n\n\n\n<p>3. Le four rotatif a une structure simple et une forte contr\u00f4labilit\u00e9, ce qui est favorable \u00e0 l'exploitation et \u00e0 la maintenance ;<\/p>\n\n\n\n<p>4. Il pr\u00e9sente un taux d'utilisation des mati\u00e8res premi\u00e8res \u00e9lev\u00e9, une qualit\u00e9 uniforme, une bonne qualit\u00e9 et une grande capacit\u00e9.<\/p>\n\n\n<div class=\"gb-container gb-container-d7b7b595\">\n\n<a class=\"gb-button gb-button-c1312760 gb-button-text\" href=\"#popmake-622\">Obtenez un devis gratuit maintenant<\/a>\n\n<\/div>\n<\/div>\n<\/div>\n\n<div class=\"gb-container gb-container-ebd718b6\">\n<div class=\"gb-container gb-container-5c75b960\">\n\n<h2 class=\"gb-headline gb-headline-98859344 gb-headline-text\">Principe de fonctionnement du four rotatif \u00e0 magn\u00e9site<\/h2>\n\n\n\n<figure class=\"gb-block-image gb-block-image-c486b36e\"><img decoding=\"async\" width=\"665\" height=\"545\" class=\"gb-image gb-image-c486b36e\" src=\"https:\/\/hengxingmachinery.com\/wp-content\/uploads\/2025\/03\/magnesite-rotary-kiln-working.jpg\" alt=\"\" title=\"fonctionnement-du-four-rotatif-\u00e0-magn\u00e9site\" srcset=\"https:\/\/hengxingmachinery.com\/wp-content\/uploads\/2025\/03\/magnesite-rotary-kiln-working.jpg 665w, https:\/\/hengxingmachinery.com\/wp-content\/uploads\/2025\/03\/magnesite-rotary-kiln-working-300x246.jpg 300w, https:\/\/hengxingmachinery.com\/wp-content\/uploads\/2025\/03\/magnesite-rotary-kiln-working-15x12.jpg 15w\" sizes=\"(max-width: 665px) 100vw, 665px\" \/><\/figure>\n\n\n\n<p>La magn\u00e9site est introduite dans le four par la goulotte de l'extr\u00e9mit\u00e9 arri\u00e8re (partie haute) du four. En raison de l'inclinaison et de la rotation lente du cylindre, la magn\u00e9site roule le long de la circonf\u00e9rence tout en se d\u00e9pla\u00e7ant axialement de l'extr\u00e9mit\u00e9 arri\u00e8re (partie haute) vers l'extr\u00e9mit\u00e9 avant (partie basse). Le mouvement : le combustible est inject\u00e9 dans le four par le br\u00fbleur depuis l'extr\u00e9mit\u00e9 avant pour la combustion, et la chaleur est transf\u00e9r\u00e9e \u00e0 la magn\u00e9site de diverses mani\u00e8res, telles que le rayonnement, la convection, la conduction, etc. La magn\u00e9site est pr\u00e9chauff\u00e9e, d\u00e9compos\u00e9e et cuite dans le four. Calcin\u00e9e en blanc calcin\u00e9 puis \u00e9vacu\u00e9e par le dispositif de l'extr\u00e9mit\u00e9 avant.<\/p>\n\n\n<div class=\"gb-container gb-container-d6bbf16a\">\n\n<a class=\"gb-button gb-button-caa3f2bc gb-button-text\" href=\"#popmake-622\">Obtenez un devis gratuit maintenant<\/a>\n\n<\/div>\n<\/div>\n<\/div>\n\n<div class=\"gb-container gb-container-435ad261\">\n<div class=\"gb-container gb-container-7dc79cc4\">\n\n<h2 class=\"gb-headline gb-headline-6fe5dee2 gb-headline-text\">Sp\u00e9cifications du four rotatif \u00e0 magn\u00e9site<\/h2>\n\n\n\n<figure class=\"wp-block-table\"><table class=\"has-fixed-layout\"><tbody><tr><td><strong>Mod\u00e8le (m)<\/strong><\/td><td colspan=\"3\"><strong>Param\u00e8tre (t\/h)<\/strong><\/td><td><strong>Bo\u00eete de vitesses<\/strong><\/td><td colspan=\"2\"><strong>Moteur<\/strong><\/td><td><strong>Qt\u00e9 de supports<\/strong><\/td><\/tr><tr><td>&nbsp;<\/td><td><strong>Vitesse de rotation (tr\/min)<\/strong><\/td><td><strong>Pente (%)<\/strong><\/td><td><strong>Capacit\u00e9 (t\/h)<\/strong><\/td><td><strong>Mod\u00e8le<\/strong><\/td><td><strong>Mod\u00e8le<\/strong><\/td><td><strong>Puissance (KW)<\/strong><\/td><td>&nbsp;<\/td><\/tr><tr><td>\u03c61,6\u00d732m<\/td><td>0.58-2.85<\/td><td>4<\/td><td>2<\/td><td>ZQ75-50<\/td><td>YCT250-4A<\/td><td>18.5<\/td><td>3<\/td><\/tr><tr><td>\u03c61,6\/1,9\u00d736m<\/td><td>0.53-1.59<\/td><td>4<\/td><td>2.5-3<\/td><td>ZQ110-7<\/td><td>YCTZ50-4B<\/td><td>22<\/td><td>3<\/td><\/tr><tr><td>\u03c61,9\u00d739m<\/td><td>0.53-1.59<\/td><td>4<\/td><td>3-3.4<\/td><td>ZQ125-7<\/td><td>YCT315-4A<\/td><td>37<\/td><td>3<\/td><\/tr><tr><td>\u03c62,2\u00d745m<\/td><td>0.214-1.64<\/td><td>3.5<\/td><td>4-5<\/td><td>Principal ZS125-5<\/td><td>YCT315-4B<\/td><td>45<\/td><td>3<\/td><\/tr><tr><td>&nbsp;<\/td><td>&nbsp;<\/td><td>&nbsp;<\/td><td>&nbsp;<\/td><td>Principal : ZS165-5<\/td><td>Y112M-4<\/td><td>4<\/td><td>&nbsp;<\/td><\/tr><tr><td>\u03c62,5\u00d750m<\/td><td>0.62-1.5<\/td><td>3.5<\/td><td>5-6<\/td><td>Auxiliaire : ZS50-1<\/td><td>YCT355-4A<\/td><td>55<\/td><td>3<\/td><\/tr><tr><td>&nbsp;<\/td><td>&nbsp;<\/td><td>&nbsp;<\/td><td>&nbsp;<\/td><td>Auxiliaire : ZS50-1<\/td><td>Y160M-6<\/td><td>7.5<\/td><td>&nbsp;<\/td><\/tr><tr><td>\u03c62,5\u00d755m<\/td><td>0.62-1.5<\/td><td>3.5<\/td><td>5-6<\/td><td>Principal ZS165-5<\/td><td>YCT355-4A<\/td><td>55<\/td><td>3<\/td><\/tr><tr><td>&nbsp;<\/td><td>&nbsp;<\/td><td>&nbsp;<\/td><td>&nbsp;<\/td><td>Auxiliaire : ZS50-1<\/td><td>Y160M-6<\/td><td>7.5<\/td><td>&nbsp;<\/td><\/tr><tr><td>\u03c62,8\u00d755m<\/td><td>0.62-1.5<\/td><td>3.5<\/td><td>6-7<\/td><td>Principal ZS165-5<\/td><td>YCT355-4B<\/td><td>75<\/td><td>3<\/td><\/tr><tr><td>&nbsp;<\/td><td>&nbsp;<\/td><td>&nbsp;<\/td><td>&nbsp;<\/td><td>Auxiliaire : ZS50-1<\/td><td>Y160L-6<\/td><td>11<\/td><td>&nbsp;<\/td><\/tr><tr><td>\u03c63,0\u00d760m<\/td><td>0.5-1.5<\/td><td>3.5<\/td><td>7-9<\/td><td>Principal : ZS165-3<\/td><td>ZSN-280-11B<\/td><td>125<\/td><td>4<\/td><\/tr><tr><td>&nbsp;<\/td><td>&nbsp;<\/td><td>&nbsp;<\/td><td>&nbsp;<\/td><td>Auxiliaire : ZS50-1<\/td><td>Y160L-6<\/td><td>11<\/td><td>&nbsp;<\/td><\/tr><tr><td>\u03c63,2\u00d764m<\/td><td>0.4-1.5<\/td><td>3.5<\/td><td>8-10<\/td><td>Principal : ZS130-16<\/td><td>ZSN-280-11B<\/td><td>190<\/td><td>4<\/td><\/tr><tr><td>&nbsp;<\/td><td>&nbsp;<\/td><td>&nbsp;<\/td><td>&nbsp;<\/td><td>Auxiliaire : Zl50-1<\/td><td>Y180L-4<\/td><td>22<\/td><td>&nbsp;<\/td><\/tr><tr><td>\u03c63,5\u00d770m<\/td><td>0.4-1.5<\/td><td>3.5<\/td><td>12-14<\/td><td>Principal : ZSY500-40<\/td><td>ZSN-315-082<\/td><td>280<\/td><td>4<\/td><\/tr><tr><td>&nbsp;<\/td><td>&nbsp;<\/td><td>&nbsp;<\/td><td>&nbsp;<\/td><td>Auxiliaire : Zl50-14<\/td><td>Y180L-4<\/td><td>22<\/td><td>&nbsp;<\/td><\/tr><tr><td>\u03c64,0\u00d780m<\/td><td>0.4-1.5<\/td><td>3.5<\/td><td>16-20<\/td><td>Auxiliaire : ZQ40-40<\/td><td>ZSN-315-12<\/td><td>355<\/td><td>Principal : ZLY630-35,5<\/td><\/tr><\/tbody><\/table><\/figure>\n\n\n<div class=\"gb-container gb-container-263d9700\">\n\n<a class=\"gb-button gb-button-a4cbb7be gb-button-text\" href=\"#popmake-622\">Obtenez un devis gratuit maintenant<\/a>\n\n<\/div>\n<\/div>\n<\/div>","protected":false},"excerpt":{"rendered":"<p>Magnesite rotary kiln Outstanding features of magnesite rotary kiln 1. Good product quality and high output; 2. Stable production operation and high safety; 3. The rotary kiln has a simple structure and strong controllability, which is conducive to operation and maintenance; 4. It has a high raw material utilization rate, uniform quality, good quality and &#8230; <\/p>\n<p class=\"read-more-container\"><a title=\"6-1. Four rotatif \u00e0 magn\u00e9site\" class=\"read-more button\" href=\"https:\/\/hengxingmachinery.com\/fr\/magnesite-rotary-kiln\/#more-2153\" aria-label=\"En savoir plus sur 6-1. Magnesite rotary kiln\">Lire plus<\/a><\/p>","protected":false},"author":1,"featured_media":0,"parent":0,"menu_order":0,"comment_status":"closed","ping_status":"closed","template":"","meta":{"footnotes":""},"class_list":["post-2153","page","type-page","status-publish"],"yoast_head":"<!-- This site is optimized with the Yoast SEO plugin v27.4 - https:\/\/yoast.com\/product\/yoast-seo-wordpress\/ -->\n<title>6-1. Magnesite rotary kiln - Hengxing Machinery<\/title>\n<meta name=\"robots\" content=\"index, follow, max-snippet:-1, max-image-preview:large, max-video-preview:-1\" \/>\n<link rel=\"canonical\" href=\"https:\/\/hengxingmachinery.com\/fr\/magnesite-rotary-kiln\/\" \/>\n<meta property=\"og:locale\" content=\"fr_FR\" \/>\n<meta property=\"og:type\" content=\"article\" \/>\n<meta property=\"og:title\" content=\"6-1. Magnesite rotary kiln - Hengxing Machinery\" \/>\n<meta property=\"og:description\" content=\"Magnesite rotary kiln Outstanding features of magnesite rotary kiln 1. Good product quality and high output; 2. Stable production operation and high safety; 3. The rotary kiln has a simple structure and strong controllability, which is conducive to operation and maintenance; 4. It has a high raw material utilization rate, uniform quality, good quality and ... Lire plus\" \/>\n<meta property=\"og:url\" content=\"https:\/\/hengxingmachinery.com\/fr\/magnesite-rotary-kiln\/\" \/>\n<meta property=\"og:site_name\" content=\"Hengxing Machinery\" \/>\n<meta property=\"article:modified_time\" content=\"2025-03-13T08:59:03+00:00\" \/>\n<meta property=\"og:image\" content=\"https:\/\/hengxingmachinery.com\/wp-content\/uploads\/2025\/03\/magnesite-rotary-kiln-feature.jpg\" \/>\n<meta name=\"twitter:card\" content=\"summary_large_image\" \/>\n<meta name=\"twitter:label1\" content=\"Dur\u00e9e de lecture estim\u00e9e\" \/>\n\t<meta name=\"twitter:data1\" content=\"3 minutes\" \/>\n<script type=\"application\/ld+json\" class=\"yoast-schema-graph\">{\"@context\":\"https:\\\/\\\/schema.org\",\"@graph\":[{\"@type\":\"WebPage\",\"@id\":\"https:\\\/\\\/hengxingmachinery.com\\\/magnesite-rotary-kiln\\\/\",\"url\":\"https:\\\/\\\/hengxingmachinery.com\\\/magnesite-rotary-kiln\\\/\",\"name\":\"6-1. Magnesite rotary kiln - Hengxing Machinery\",\"isPartOf\":{\"@id\":\"https:\\\/\\\/hengxingmachinery.com\\\/#website\"},\"primaryImageOfPage\":{\"@id\":\"https:\\\/\\\/hengxingmachinery.com\\\/magnesite-rotary-kiln\\\/#primaryimage\"},\"image\":{\"@id\":\"https:\\\/\\\/hengxingmachinery.com\\\/magnesite-rotary-kiln\\\/#primaryimage\"},\"thumbnailUrl\":\"https:\\\/\\\/hengxingmachinery.com\\\/wp-content\\\/uploads\\\/2025\\\/03\\\/magnesite-rotary-kiln-feature.jpg\",\"datePublished\":\"2025-03-13T08:58:50+00:00\",\"dateModified\":\"2025-03-13T08:59:03+00:00\",\"breadcrumb\":{\"@id\":\"https:\\\/\\\/hengxingmachinery.com\\\/magnesite-rotary-kiln\\\/#breadcrumb\"},\"inLanguage\":\"fr-FR\",\"potentialAction\":[{\"@type\":\"ReadAction\",\"target\":[\"https:\\\/\\\/hengxingmachinery.com\\\/magnesite-rotary-kiln\\\/\"]}]},{\"@type\":\"ImageObject\",\"inLanguage\":\"fr-FR\",\"@id\":\"https:\\\/\\\/hengxingmachinery.com\\\/magnesite-rotary-kiln\\\/#primaryimage\",\"url\":\"https:\\\/\\\/hengxingmachinery.com\\\/wp-content\\\/uploads\\\/2025\\\/03\\\/magnesite-rotary-kiln-feature.jpg\",\"contentUrl\":\"https:\\\/\\\/hengxingmachinery.com\\\/wp-content\\\/uploads\\\/2025\\\/03\\\/magnesite-rotary-kiln-feature.jpg\"},{\"@type\":\"BreadcrumbList\",\"@id\":\"https:\\\/\\\/hengxingmachinery.com\\\/magnesite-rotary-kiln\\\/#breadcrumb\",\"itemListElement\":[{\"@type\":\"ListItem\",\"position\":1,\"name\":\"Home\",\"item\":\"https:\\\/\\\/hengxingmachinery.com\\\/\"},{\"@type\":\"ListItem\",\"position\":2,\"name\":\"6-1. Magnesite rotary kiln\"}]},{\"@type\":\"WebSite\",\"@id\":\"https:\\\/\\\/hengxingmachinery.com\\\/#website\",\"url\":\"https:\\\/\\\/hengxingmachinery.com\\\/\",\"name\":\"Hengxing Machinery\",\"description\":\"Leading Manufacturer of All Sorts of Mining Machinery\",\"publisher\":{\"@id\":\"https:\\\/\\\/hengxingmachinery.com\\\/#organization\"},\"potentialAction\":[{\"@type\":\"SearchAction\",\"target\":{\"@type\":\"EntryPoint\",\"urlTemplate\":\"https:\\\/\\\/hengxingmachinery.com\\\/?s={search_term_string}\"},\"query-input\":{\"@type\":\"PropertyValueSpecification\",\"valueRequired\":true,\"valueName\":\"search_term_string\"}}],\"inLanguage\":\"fr-FR\"},{\"@type\":\"Organization\",\"@id\":\"https:\\\/\\\/hengxingmachinery.com\\\/#organization\",\"name\":\"Hengxing Machinery\",\"url\":\"https:\\\/\\\/hengxingmachinery.com\\\/\",\"logo\":{\"@type\":\"ImageObject\",\"inLanguage\":\"fr-FR\",\"@id\":\"https:\\\/\\\/hengxingmachinery.com\\\/#\\\/schema\\\/logo\\\/image\\\/\",\"url\":\"https:\\\/\\\/hengxingmachinery.com\\\/wp-content\\\/uploads\\\/2024\\\/12\\\/logo.png\",\"contentUrl\":\"https:\\\/\\\/hengxingmachinery.com\\\/wp-content\\\/uploads\\\/2024\\\/12\\\/logo.png\",\"width\":400,\"height\":260,\"caption\":\"Hengxing Machinery\"},\"image\":{\"@id\":\"https:\\\/\\\/hengxingmachinery.com\\\/#\\\/schema\\\/logo\\\/image\\\/\"}}]}<\/script>\n<!-- \/ Yoast SEO plugin. -->","yoast_head_json":{"title":"6-1. Four rotatif \u00e0 magn\u00e9site - Hengxing Machinery","robots":{"index":"index","follow":"follow","max-snippet":"max-snippet:-1","max-image-preview":"max-image-preview:large","max-video-preview":"max-video-preview:-1"},"canonical":"https:\/\/hengxingmachinery.com\/fr\/magnesite-rotary-kiln\/","og_locale":"fr_FR","og_type":"article","og_title":"6-1. Magnesite rotary kiln - Hengxing Machinery","og_description":"Magnesite rotary kiln Outstanding features of magnesite rotary kiln 1. Good product quality and high output; 2. Stable production operation and high safety; 3. The rotary kiln has a simple structure and strong controllability, which is conducive to operation and maintenance; 4. It has a high raw material utilization rate, uniform quality, good quality and ... Lire plus","og_url":"https:\/\/hengxingmachinery.com\/fr\/magnesite-rotary-kiln\/","og_site_name":"Hengxing Machinery","article_modified_time":"2025-03-13T08:59:03+00:00","og_image":[{"url":"https:\/\/hengxingmachinery.com\/wp-content\/uploads\/2025\/03\/magnesite-rotary-kiln-feature.jpg","type":"","width":"","height":""}],"twitter_card":"summary_large_image","twitter_misc":{"Dur\u00e9e de lecture estim\u00e9e":"3 minutes"},"schema":{"@context":"https:\/\/schema.org","@graph":[{"@type":"WebPage","@id":"https:\/\/hengxingmachinery.com\/magnesite-rotary-kiln\/","url":"https:\/\/hengxingmachinery.com\/magnesite-rotary-kiln\/","name":"6-1. Four rotatif \u00e0 magn\u00e9site - Hengxing Machinery","isPartOf":{"@id":"https:\/\/hengxingmachinery.com\/#website"},"primaryImageOfPage":{"@id":"https:\/\/hengxingmachinery.com\/magnesite-rotary-kiln\/#primaryimage"},"image":{"@id":"https:\/\/hengxingmachinery.com\/magnesite-rotary-kiln\/#primaryimage"},"thumbnailUrl":"https:\/\/hengxingmachinery.com\/wp-content\/uploads\/2025\/03\/magnesite-rotary-kiln-feature.jpg","datePublished":"2025-03-13T08:58:50+00:00","dateModified":"2025-03-13T08:59:03+00:00","breadcrumb":{"@id":"https:\/\/hengxingmachinery.com\/magnesite-rotary-kiln\/#breadcrumb"},"inLanguage":"fr-FR","potentialAction":[{"@type":"ReadAction","target":["https:\/\/hengxingmachinery.com\/magnesite-rotary-kiln\/"]}]},{"@type":"ImageObject","inLanguage":"fr-FR","@id":"https:\/\/hengxingmachinery.com\/magnesite-rotary-kiln\/#primaryimage","url":"https:\/\/hengxingmachinery.com\/wp-content\/uploads\/2025\/03\/magnesite-rotary-kiln-feature.jpg","contentUrl":"https:\/\/hengxingmachinery.com\/wp-content\/uploads\/2025\/03\/magnesite-rotary-kiln-feature.jpg"},{"@type":"BreadcrumbList","@id":"https:\/\/hengxingmachinery.com\/magnesite-rotary-kiln\/#breadcrumb","itemListElement":[{"@type":"ListItem","position":1,"name":"Home","item":"https:\/\/hengxingmachinery.com\/"},{"@type":"ListItem","position":2,"name":"6-1. Magnesite rotary kiln"}]},{"@type":"WebSite","@id":"https:\/\/hengxingmachinery.com\/#website","url":"https:\/\/hengxingmachinery.com\/","name":"Machines Hengxing","description":"Fabricant leader de toutes sortes de machines mini\u00e8res","publisher":{"@id":"https:\/\/hengxingmachinery.com\/#organization"},"potentialAction":[{"@type":"SearchAction","target":{"@type":"EntryPoint","urlTemplate":"https:\/\/hengxingmachinery.com\/?s={search_term_string}"},"query-input":{"@type":"PropertyValueSpecification","valueRequired":true,"valueName":"search_term_string"}}],"inLanguage":"fr-FR"},{"@type":"Organization","@id":"https:\/\/hengxingmachinery.com\/#organization","name":"Machines Hengxing","url":"https:\/\/hengxingmachinery.com\/","logo":{"@type":"ImageObject","inLanguage":"fr-FR","@id":"https:\/\/hengxingmachinery.com\/#\/schema\/logo\/image\/","url":"https:\/\/hengxingmachinery.com\/wp-content\/uploads\/2024\/12\/logo.png","contentUrl":"https:\/\/hengxingmachinery.com\/wp-content\/uploads\/2024\/12\/logo.png","width":400,"height":260,"caption":"Hengxing Machinery"},"image":{"@id":"https:\/\/hengxingmachinery.com\/#\/schema\/logo\/image\/"}}]}},"_links":{"self":[{"href":"https:\/\/hengxingmachinery.com\/fr\/wp-json\/wp\/v2\/pages\/2153","targetHints":{"allow":["GET"]}}],"collection":[{"href":"https:\/\/hengxingmachinery.com\/fr\/wp-json\/wp\/v2\/pages"}],"about":[{"href":"https:\/\/hengxingmachinery.com\/fr\/wp-json\/wp\/v2\/types\/page"}],"author":[{"embeddable":true,"href":"https:\/\/hengxingmachinery.com\/fr\/wp-json\/wp\/v2\/users\/1"}],"replies":[{"embeddable":true,"href":"https:\/\/hengxingmachinery.com\/fr\/wp-json\/wp\/v2\/comments?post=2153"}],"version-history":[{"count":1,"href":"https:\/\/hengxingmachinery.com\/fr\/wp-json\/wp\/v2\/pages\/2153\/revisions"}],"predecessor-version":[{"id":2158,"href":"https:\/\/hengxingmachinery.com\/fr\/wp-json\/wp\/v2\/pages\/2153\/revisions\/2158"}],"wp:attachment":[{"href":"https:\/\/hengxingmachinery.com\/fr\/wp-json\/wp\/v2\/media?parent=2153"}],"curies":[{"name":"wp","href":"https:\/\/api.w.org\/{rel}","templated":true}]}}