{"id":2159,"date":"2025-03-13T09:07:14","date_gmt":"2025-03-13T09:07:14","guid":{"rendered":"https:\/\/hengxingmachinery.com\/?page_id=2159"},"modified":"2025-03-13T09:10:00","modified_gmt":"2025-03-13T09:10:00","slug":"titanium-dioxide-rotary-kiln","status":"publish","type":"page","link":"https:\/\/hengxingmachinery.com\/fr\/titanium-dioxide-rotary-kiln\/","title":{"rendered":"6-1. Four rotatif \u00e0 dioxyde de titane"},"content":{"rendered":"<div class=\"gb-container gb-container-45165f5a\">\n<div class=\"gb-container gb-container-c2652eb4\">\n\n<h1 class=\"gb-headline gb-headline-62a8b2cc gb-headline-text\">Four rotatif au dioxyde de titane<\/h1>\n\n<\/div>\n<\/div>\n\n<div class=\"gb-container gb-container-519cf624\">\n<div class=\"gb-container gb-container-71ca071e\">\n<div class=\"gb-grid-wrapper gb-grid-wrapper-8a5f0688\">\n<div class=\"gb-grid-column gb-grid-column-1e99b1c2\"><div class=\"gb-container gb-container-1e99b1c2\">\n\n<figure class=\"gb-block-image gb-block-image-e4eaba54\"><img decoding=\"async\" width=\"665\" height=\"545\" class=\"gb-image gb-image-e4eaba54\" src=\"https:\/\/hengxingmachinery.com\/wp-content\/uploads\/2025\/03\/titanium-dioxide-rotary-kiln-feature.jpg\" alt=\"\" title=\"caract\u00e9ristiques-du-four-rotatif-\u00e0-dioxyde-de-titane\" srcset=\"https:\/\/hengxingmachinery.com\/wp-content\/uploads\/2025\/03\/titanium-dioxide-rotary-kiln-feature.jpg 665w, https:\/\/hengxingmachinery.com\/wp-content\/uploads\/2025\/03\/titanium-dioxide-rotary-kiln-feature-300x246.jpg 300w, https:\/\/hengxingmachinery.com\/wp-content\/uploads\/2025\/03\/titanium-dioxide-rotary-kiln-feature-15x12.jpg 15w\" sizes=\"(max-width: 665px) 100vw, 665px\" \/><\/figure>\n\n<\/div><\/div>\n\n<div class=\"gb-grid-column gb-grid-column-bcae065b\"><div class=\"gb-container gb-container-bcae065b\">\n\n<p class=\"gb-headline gb-headline-e419680e gb-headline-text\">Le four rotatif \u00e0 dioxyde de titane est principalement utilis\u00e9 dans de nombreuses industries de production telles que les mat\u00e9riaux de construction, la m\u00e9tallurgie, l'industrie chimique, les mat\u00e9riaux r\u00e9fractaires et la protection de l'environnement.<\/p>\n\n\n<div class=\"gb-grid-wrapper gb-grid-wrapper-eebec76e\">\n<div class=\"gb-grid-column gb-grid-column-e3ada2f0\"><div class=\"gb-container gb-container-e3ada2f0\">\n\n<p class=\"gb-headline gb-headline-4c79a90a gb-headline-text\"><mark style=\"background-color:rgba(0, 0, 0, 0)\" class=\"has-inline-color has-global-color-8-color\"><strong>Capacit\u00e9:<\/strong><\/mark> 180-10000t\/j<\/p>\n\n<\/div><\/div>\n\n<div class=\"gb-grid-column gb-grid-column-0bb00826\"><div class=\"gb-container gb-container-0bb00826\">\n\n<p class=\"gb-headline gb-headline-86d53f56 gb-headline-text\"><mark style=\"background-color:rgba(0, 0, 0, 0)\" class=\"has-inline-color has-global-color-8-color\"><strong><strong>Mod\u00e8le<\/strong>:<\/strong><\/mark> \u00d81,6\u00d732m-\u00d84\u00d780m<\/p>\n\n<\/div><\/div>\n<\/div>\n\n\n<p class=\"gb-headline gb-headline-c7449055 gb-headline-text\"><mark style=\"background-color:rgba(0, 0, 0, 0)\" class=\"has-inline-color has-global-color-8-color\"><strong>Mat\u00e9riaux d'application :<\/strong><\/mark> Dioxyde de titane, ciment, argile, calcaire, laitier, boues, d\u00e9chets dangereux, ordures, minerai m\u00e9tallique, etc.<\/p>\n\n\n<div class=\"gb-container gb-container-256e15f1\">\n\n<a class=\"gb-button gb-button-e8b73d89 gb-button-text\" href=\"#popmake-622\">Obtenez un devis gratuit maintenant<\/a>\n\n<\/div>\n<\/div><\/div>\n<\/div>\n<\/div>\n<\/div>\n\n<div class=\"gb-container gb-container-af5f8799\">\n<div class=\"gb-container gb-container-2298848b\">\n\n<h2 class=\"gb-headline gb-headline-9d27ad2c gb-headline-text\">Caract\u00e9ristiques remarquables du four rotatif \u00e0 dioxyde de titane<\/h2>\n\n\n\n<figure class=\"gb-block-image gb-block-image-d3dc0db2\"><img decoding=\"async\" width=\"665\" height=\"545\" class=\"gb-image gb-image-d3dc0db2\" src=\"https:\/\/hengxingmachinery.com\/wp-content\/uploads\/2025\/03\/titanium-dioxide-rotary-kiln-for-sale.jpg\" alt=\"\" title=\"four-rotatif-\u00e0-dioxyde-de-titane-\u00e0-vendre\" srcset=\"https:\/\/hengxingmachinery.com\/wp-content\/uploads\/2025\/03\/titanium-dioxide-rotary-kiln-for-sale.jpg 665w, https:\/\/hengxingmachinery.com\/wp-content\/uploads\/2025\/03\/titanium-dioxide-rotary-kiln-for-sale-300x246.jpg 300w, https:\/\/hengxingmachinery.com\/wp-content\/uploads\/2025\/03\/titanium-dioxide-rotary-kiln-for-sale-15x12.jpg 15w\" sizes=\"(max-width: 665px) 100vw, 665px\" \/><\/figure>\n\n\n\n<p>1. <strong>Structurellement : <\/strong>le four rotatif \u00e0 dioxyde de titane est compos\u00e9 d'un cylindre rotatif, d'un dispositif de support, d'un dispositif de support avec roues de but\u00e9e, d'une t\u00eate de four, d'un dispositif d'\u00e9tanch\u00e9it\u00e9 de queue de four et d'un dispositif de tuyau d'injection de charbon ;<\/p>\n\n\n\n<p>2. <strong>Composants : <\/strong>En plus de l'entra\u00eenement principal, la partie transmission du four rotatif \u00e0 dioxyde de titane est \u00e9galement \u00e9quip\u00e9e d'un dispositif d'entra\u00eenement auxiliaire pour garantir que le corps du four puisse tourner lentement et emp\u00eacher la d\u00e9formation du corps du four en cas d'interruption de l'alimentation \u00e9lectrique de l'entra\u00eenement principal. La t\u00eate du four rotatif \u00e0 dioxyde de titane adopte un joint \u00e0 coquille et couvercle, et l'extr\u00e9mit\u00e9 du four est \u00e9quip\u00e9e d'un dispositif d'\u00e9tanch\u00e9it\u00e9 par contact axial pour assurer la fiabilit\u00e9 de l'\u00e9tanch\u00e9it\u00e9. ;<\/p>\n\n\n\n<p>3. <strong>Fonctionnellement : <\/strong>Le four rotatif \u00e0 dioxyde de titane a une fonction d'\u00e9change thermique, et le four dispose d'un champ de temp\u00e9rature relativement uniforme, ce qui peut r\u00e9pondre aux exigences d'\u00e9change thermique de chaque \u00e9tape du processus de formation des mat\u00e9riaux. ;<\/p>\n\n\n\n<p>4. <strong>\u00c9tanch\u00e9it\u00e9<\/strong>: le four rotatif \u00e0 dioxyde de titane poss\u00e8de un joint combin\u00e9 \u00e0 deux extr\u00e9mit\u00e9s fiable, ce qui rend le coefficient de fuite d'air inf\u00e9rieur \u00e0 10% et utilise des mat\u00e9riaux r\u00e9fractaires composites pour r\u00e9duire les pertes de chaleur par rayonnement.<\/p>\n\n\n\n<p>5. <strong>Installation :<\/strong> Le corps du four rotatif \u00e0 dioxyde de titane est inclin\u00e9 par rapport \u00e0 l'horizontale. L'ensemble du corps du four est support\u00e9 par le dispositif \u00e0 rouleaux porteurs et dispose d'un dispositif \u00e0 roues de but\u00e9e pour contr\u00f4ler le mouvement vertical du corps du four.<\/p>\n\n\n<div class=\"gb-container gb-container-d7b7b595\">\n\n<a class=\"gb-button gb-button-c1312760 gb-button-text\" href=\"#popmake-622\">Obtenez un devis gratuit maintenant<\/a>\n\n<\/div>\n<\/div>\n<\/div>\n\n<div class=\"gb-container gb-container-ebd718b6\">\n<div class=\"gb-container gb-container-5c75b960\">\n\n<h2 class=\"gb-headline gb-headline-98859344 gb-headline-text\">Principe de fonctionnement du four rotatif \u00e0 dioxyde de titane<\/h2>\n\n\n\n<figure class=\"gb-block-image gb-block-image-c486b36e\"><img decoding=\"async\" width=\"1450\" height=\"600\" class=\"gb-image gb-image-c486b36e\" src=\"https:\/\/hengxingmachinery.com\/wp-content\/uploads\/2025\/03\/titanium-dioxide-rotary-kiln-working.jpg\" alt=\"\" title=\"fonctionnement-du-four-rotatif-au-dioxyde-de-titane\" srcset=\"https:\/\/hengxingmachinery.com\/wp-content\/uploads\/2025\/03\/titanium-dioxide-rotary-kiln-working.jpg 1450w, https:\/\/hengxingmachinery.com\/wp-content\/uploads\/2025\/03\/titanium-dioxide-rotary-kiln-working-300x124.jpg 300w, https:\/\/hengxingmachinery.com\/wp-content\/uploads\/2025\/03\/titanium-dioxide-rotary-kiln-working-1024x424.jpg 1024w, https:\/\/hengxingmachinery.com\/wp-content\/uploads\/2025\/03\/titanium-dioxide-rotary-kiln-working-768x318.jpg 768w, https:\/\/hengxingmachinery.com\/wp-content\/uploads\/2025\/03\/titanium-dioxide-rotary-kiln-working-18x7.jpg 18w\" sizes=\"(max-width: 1450px) 100vw, 1450px\" \/><\/figure>\n\n\n\n<p>Le g\u00e2teau filtr\u00e9 d'hydrolysat de dioxyde de titane filtr\u00e9 est introduit \u00e0 l'extr\u00e9mit\u00e9 arri\u00e8re du four rotatif \u00e0 dioxyde de titane avec une certaine pente et en rotation lente (l'extr\u00e9mit\u00e9 haute du cylindre), et la chambre de combustion et de m\u00e9lange dans la direction de la t\u00eate du four (l'extr\u00e9mit\u00e9 basse du cylindre) enverra une flamme propre et de l'air chaud dans le four pour d\u00e9shydrater et calciner le g\u00e2teau filtr\u00e9. <\/p>\n\n\n\n<p>Le g\u00e2teau filtr\u00e9 de dioxyde de titane hydrolys\u00e9, apr\u00e8s d\u00e9shydratation et calcination \u00e0 une temp\u00e9rature \u00e9lev\u00e9e sup\u00e9rieure \u00e0 1000\u00b0C, est roul\u00e9 dans le sens circonf\u00e9rentiel et d\u00e9plac\u00e9 dans le sens axial (de l'extr\u00e9mit\u00e9 haute vers l'extr\u00e9mit\u00e9 basse) \u00e0 l'aide de l'inclinaison du four rotatif \u00e0 dioxyde de titane pour compl\u00e9ter le processus de d\u00e9shydratation et de calcination. <\/p>\n\n\n\n<p> Il entre ensuite dans le refroidisseur par la vanne de d\u00e9charge \u00e0 double plaque basculante hydraulique situ\u00e9e dans la partie inf\u00e9rieure du couvercle de t\u00eate de four, et le mat\u00e9riau, apr\u00e8s refroidissement et tamisage, est le produit fini de dioxyde de titane.<\/p>\n\n\n<div class=\"gb-container gb-container-d6bbf16a\">\n\n<a class=\"gb-button gb-button-caa3f2bc gb-button-text\" href=\"#popmake-622\">Obtenez un devis gratuit maintenant<\/a>\n\n<\/div>\n<\/div>\n<\/div>","protected":false},"excerpt":{"rendered":"<p>Titanium dioxide rotary kiln Outstanding features of titanium dioxide rotary kiln 1. Structurally: the titanium dioxide rotary kiln is composed of a rotary cylinder, a supporting device, a supporting device with retaining wheels, a kiln head, a kiln tail sealing device, and a coal injection pipe device; 2. Components: In addition to the main drive, &#8230; <\/p>\n<p class=\"read-more-container\"><a title=\"6-1. Four rotatif \u00e0 dioxyde de titane\" class=\"read-more button\" href=\"https:\/\/hengxingmachinery.com\/fr\/titanium-dioxide-rotary-kiln\/#more-2159\" aria-label=\"En savoir plus sur 6-1. Titanium dioxide rotary kiln\">Lire plus<\/a><\/p>","protected":false},"author":1,"featured_media":0,"parent":0,"menu_order":0,"comment_status":"closed","ping_status":"closed","template":"","meta":{"footnotes":""},"class_list":["post-2159","page","type-page","status-publish"],"yoast_head":"<!-- This site is optimized with the Yoast SEO plugin v27.4 - https:\/\/yoast.com\/product\/yoast-seo-wordpress\/ -->\n<title>6-1. Titanium dioxide rotary kiln - Hengxing Machinery<\/title>\n<meta name=\"robots\" content=\"index, follow, max-snippet:-1, max-image-preview:large, max-video-preview:-1\" \/>\n<link rel=\"canonical\" href=\"https:\/\/hengxingmachinery.com\/fr\/titanium-dioxide-rotary-kiln\/\" \/>\n<meta property=\"og:locale\" content=\"fr_FR\" \/>\n<meta property=\"og:type\" content=\"article\" \/>\n<meta property=\"og:title\" content=\"6-1. Titanium dioxide rotary kiln - Hengxing Machinery\" \/>\n<meta property=\"og:description\" content=\"Titanium dioxide rotary kiln Outstanding features of titanium dioxide rotary kiln 1. Structurally: the titanium dioxide rotary kiln is composed of a rotary cylinder, a supporting device, a supporting device with retaining wheels, a kiln head, a kiln tail sealing device, and a coal injection pipe device; 2. Components: In addition to the main drive, ... Lire plus\" \/>\n<meta property=\"og:url\" content=\"https:\/\/hengxingmachinery.com\/fr\/titanium-dioxide-rotary-kiln\/\" \/>\n<meta property=\"og:site_name\" content=\"Hengxing Machinery\" \/>\n<meta property=\"article:modified_time\" content=\"2025-03-13T09:10:00+00:00\" \/>\n<meta property=\"og:image\" content=\"https:\/\/hengxingmachinery.com\/wp-content\/uploads\/2025\/03\/titanium-dioxide-rotary-kiln-feature.jpg\" \/>\n<meta name=\"twitter:card\" content=\"summary_large_image\" \/>\n<meta name=\"twitter:label1\" content=\"Dur\u00e9e de lecture estim\u00e9e\" \/>\n\t<meta name=\"twitter:data1\" content=\"3 minutes\" \/>\n<script type=\"application\/ld+json\" class=\"yoast-schema-graph\">{\"@context\":\"https:\\\/\\\/schema.org\",\"@graph\":[{\"@type\":\"WebPage\",\"@id\":\"https:\\\/\\\/hengxingmachinery.com\\\/titanium-dioxide-rotary-kiln\\\/\",\"url\":\"https:\\\/\\\/hengxingmachinery.com\\\/titanium-dioxide-rotary-kiln\\\/\",\"name\":\"6-1. Titanium dioxide rotary kiln - Hengxing Machinery\",\"isPartOf\":{\"@id\":\"https:\\\/\\\/hengxingmachinery.com\\\/#website\"},\"primaryImageOfPage\":{\"@id\":\"https:\\\/\\\/hengxingmachinery.com\\\/titanium-dioxide-rotary-kiln\\\/#primaryimage\"},\"image\":{\"@id\":\"https:\\\/\\\/hengxingmachinery.com\\\/titanium-dioxide-rotary-kiln\\\/#primaryimage\"},\"thumbnailUrl\":\"https:\\\/\\\/hengxingmachinery.com\\\/wp-content\\\/uploads\\\/2025\\\/03\\\/titanium-dioxide-rotary-kiln-feature.jpg\",\"datePublished\":\"2025-03-13T09:07:14+00:00\",\"dateModified\":\"2025-03-13T09:10:00+00:00\",\"breadcrumb\":{\"@id\":\"https:\\\/\\\/hengxingmachinery.com\\\/titanium-dioxide-rotary-kiln\\\/#breadcrumb\"},\"inLanguage\":\"fr-FR\",\"potentialAction\":[{\"@type\":\"ReadAction\",\"target\":[\"https:\\\/\\\/hengxingmachinery.com\\\/titanium-dioxide-rotary-kiln\\\/\"]}]},{\"@type\":\"ImageObject\",\"inLanguage\":\"fr-FR\",\"@id\":\"https:\\\/\\\/hengxingmachinery.com\\\/titanium-dioxide-rotary-kiln\\\/#primaryimage\",\"url\":\"https:\\\/\\\/hengxingmachinery.com\\\/wp-content\\\/uploads\\\/2025\\\/03\\\/titanium-dioxide-rotary-kiln-feature.jpg\",\"contentUrl\":\"https:\\\/\\\/hengxingmachinery.com\\\/wp-content\\\/uploads\\\/2025\\\/03\\\/titanium-dioxide-rotary-kiln-feature.jpg\"},{\"@type\":\"BreadcrumbList\",\"@id\":\"https:\\\/\\\/hengxingmachinery.com\\\/titanium-dioxide-rotary-kiln\\\/#breadcrumb\",\"itemListElement\":[{\"@type\":\"ListItem\",\"position\":1,\"name\":\"Home\",\"item\":\"https:\\\/\\\/hengxingmachinery.com\\\/\"},{\"@type\":\"ListItem\",\"position\":2,\"name\":\"6-1. Titanium dioxide rotary kiln\"}]},{\"@type\":\"WebSite\",\"@id\":\"https:\\\/\\\/hengxingmachinery.com\\\/#website\",\"url\":\"https:\\\/\\\/hengxingmachinery.com\\\/\",\"name\":\"Hengxing Machinery\",\"description\":\"Leading Manufacturer of All Sorts of Mining Machinery\",\"publisher\":{\"@id\":\"https:\\\/\\\/hengxingmachinery.com\\\/#organization\"},\"potentialAction\":[{\"@type\":\"SearchAction\",\"target\":{\"@type\":\"EntryPoint\",\"urlTemplate\":\"https:\\\/\\\/hengxingmachinery.com\\\/?s={search_term_string}\"},\"query-input\":{\"@type\":\"PropertyValueSpecification\",\"valueRequired\":true,\"valueName\":\"search_term_string\"}}],\"inLanguage\":\"fr-FR\"},{\"@type\":\"Organization\",\"@id\":\"https:\\\/\\\/hengxingmachinery.com\\\/#organization\",\"name\":\"Hengxing Machinery\",\"url\":\"https:\\\/\\\/hengxingmachinery.com\\\/\",\"logo\":{\"@type\":\"ImageObject\",\"inLanguage\":\"fr-FR\",\"@id\":\"https:\\\/\\\/hengxingmachinery.com\\\/#\\\/schema\\\/logo\\\/image\\\/\",\"url\":\"https:\\\/\\\/hengxingmachinery.com\\\/wp-content\\\/uploads\\\/2024\\\/12\\\/logo.png\",\"contentUrl\":\"https:\\\/\\\/hengxingmachinery.com\\\/wp-content\\\/uploads\\\/2024\\\/12\\\/logo.png\",\"width\":400,\"height\":260,\"caption\":\"Hengxing Machinery\"},\"image\":{\"@id\":\"https:\\\/\\\/hengxingmachinery.com\\\/#\\\/schema\\\/logo\\\/image\\\/\"}}]}<\/script>\n<!-- \/ Yoast SEO plugin. -->","yoast_head_json":{"title":"6-1. Four rotatif \u00e0 dioxyde de titane - Hengxing Machinery","robots":{"index":"index","follow":"follow","max-snippet":"max-snippet:-1","max-image-preview":"max-image-preview:large","max-video-preview":"max-video-preview:-1"},"canonical":"https:\/\/hengxingmachinery.com\/fr\/titanium-dioxide-rotary-kiln\/","og_locale":"fr_FR","og_type":"article","og_title":"6-1. Titanium dioxide rotary kiln - Hengxing Machinery","og_description":"Titanium dioxide rotary kiln Outstanding features of titanium dioxide rotary kiln 1. Structurally: the titanium dioxide rotary kiln is composed of a rotary cylinder, a supporting device, a supporting device with retaining wheels, a kiln head, a kiln tail sealing device, and a coal injection pipe device; 2. Components: In addition to the main drive, ... Lire plus","og_url":"https:\/\/hengxingmachinery.com\/fr\/titanium-dioxide-rotary-kiln\/","og_site_name":"Hengxing Machinery","article_modified_time":"2025-03-13T09:10:00+00:00","og_image":[{"url":"https:\/\/hengxingmachinery.com\/wp-content\/uploads\/2025\/03\/titanium-dioxide-rotary-kiln-feature.jpg","type":"","width":"","height":""}],"twitter_card":"summary_large_image","twitter_misc":{"Dur\u00e9e de lecture estim\u00e9e":"3 minutes"},"schema":{"@context":"https:\/\/schema.org","@graph":[{"@type":"WebPage","@id":"https:\/\/hengxingmachinery.com\/titanium-dioxide-rotary-kiln\/","url":"https:\/\/hengxingmachinery.com\/titanium-dioxide-rotary-kiln\/","name":"6-1. Four rotatif \u00e0 dioxyde de titane - Hengxing Machinery","isPartOf":{"@id":"https:\/\/hengxingmachinery.com\/#website"},"primaryImageOfPage":{"@id":"https:\/\/hengxingmachinery.com\/titanium-dioxide-rotary-kiln\/#primaryimage"},"image":{"@id":"https:\/\/hengxingmachinery.com\/titanium-dioxide-rotary-kiln\/#primaryimage"},"thumbnailUrl":"https:\/\/hengxingmachinery.com\/wp-content\/uploads\/2025\/03\/titanium-dioxide-rotary-kiln-feature.jpg","datePublished":"2025-03-13T09:07:14+00:00","dateModified":"2025-03-13T09:10:00+00:00","breadcrumb":{"@id":"https:\/\/hengxingmachinery.com\/titanium-dioxide-rotary-kiln\/#breadcrumb"},"inLanguage":"fr-FR","potentialAction":[{"@type":"ReadAction","target":["https:\/\/hengxingmachinery.com\/titanium-dioxide-rotary-kiln\/"]}]},{"@type":"ImageObject","inLanguage":"fr-FR","@id":"https:\/\/hengxingmachinery.com\/titanium-dioxide-rotary-kiln\/#primaryimage","url":"https:\/\/hengxingmachinery.com\/wp-content\/uploads\/2025\/03\/titanium-dioxide-rotary-kiln-feature.jpg","contentUrl":"https:\/\/hengxingmachinery.com\/wp-content\/uploads\/2025\/03\/titanium-dioxide-rotary-kiln-feature.jpg"},{"@type":"BreadcrumbList","@id":"https:\/\/hengxingmachinery.com\/titanium-dioxide-rotary-kiln\/#breadcrumb","itemListElement":[{"@type":"ListItem","position":1,"name":"Home","item":"https:\/\/hengxingmachinery.com\/"},{"@type":"ListItem","position":2,"name":"6-1. Titanium dioxide rotary kiln"}]},{"@type":"WebSite","@id":"https:\/\/hengxingmachinery.com\/#website","url":"https:\/\/hengxingmachinery.com\/","name":"Machines Hengxing","description":"Fabricant leader de toutes sortes de machines mini\u00e8res","publisher":{"@id":"https:\/\/hengxingmachinery.com\/#organization"},"potentialAction":[{"@type":"SearchAction","target":{"@type":"EntryPoint","urlTemplate":"https:\/\/hengxingmachinery.com\/?s={search_term_string}"},"query-input":{"@type":"PropertyValueSpecification","valueRequired":true,"valueName":"search_term_string"}}],"inLanguage":"fr-FR"},{"@type":"Organization","@id":"https:\/\/hengxingmachinery.com\/#organization","name":"Machines Hengxing","url":"https:\/\/hengxingmachinery.com\/","logo":{"@type":"ImageObject","inLanguage":"fr-FR","@id":"https:\/\/hengxingmachinery.com\/#\/schema\/logo\/image\/","url":"https:\/\/hengxingmachinery.com\/wp-content\/uploads\/2024\/12\/logo.png","contentUrl":"https:\/\/hengxingmachinery.com\/wp-content\/uploads\/2024\/12\/logo.png","width":400,"height":260,"caption":"Hengxing Machinery"},"image":{"@id":"https:\/\/hengxingmachinery.com\/#\/schema\/logo\/image\/"}}]}},"_links":{"self":[{"href":"https:\/\/hengxingmachinery.com\/fr\/wp-json\/wp\/v2\/pages\/2159","targetHints":{"allow":["GET"]}}],"collection":[{"href":"https:\/\/hengxingmachinery.com\/fr\/wp-json\/wp\/v2\/pages"}],"about":[{"href":"https:\/\/hengxingmachinery.com\/fr\/wp-json\/wp\/v2\/types\/page"}],"author":[{"embeddable":true,"href":"https:\/\/hengxingmachinery.com\/fr\/wp-json\/wp\/v2\/users\/1"}],"replies":[{"embeddable":true,"href":"https:\/\/hengxingmachinery.com\/fr\/wp-json\/wp\/v2\/comments?post=2159"}],"version-history":[{"count":2,"href":"https:\/\/hengxingmachinery.com\/fr\/wp-json\/wp\/v2\/pages\/2159\/revisions"}],"predecessor-version":[{"id":2165,"href":"https:\/\/hengxingmachinery.com\/fr\/wp-json\/wp\/v2\/pages\/2159\/revisions\/2165"}],"wp:attachment":[{"href":"https:\/\/hengxingmachinery.com\/fr\/wp-json\/wp\/v2\/media?parent=2159"}],"curies":[{"name":"wp","href":"https:\/\/api.w.org\/{rel}","templated":true}]}}