{"id":2173,"date":"2025-03-13T09:30:10","date_gmt":"2025-03-13T09:30:10","guid":{"rendered":"https:\/\/hengxingmachinery.com\/?page_id=2173"},"modified":"2025-03-13T09:32:16","modified_gmt":"2025-03-13T09:32:16","slug":"screw-conveyor","status":"publish","type":"page","link":"https:\/\/hengxingmachinery.com\/fr\/screw-conveyor\/","title":{"rendered":"6-1. Transporteur \u00e0 vis"},"content":{"rendered":"<div class=\"gb-container gb-container-45165f5a\">\n<div class=\"gb-container gb-container-c2652eb4\">\n\n<h1 class=\"gb-headline gb-headline-62a8b2cc gb-headline-text\">Convoyeur \u00e0 vis<\/h1>\n\n<\/div>\n<\/div>\n\n<div class=\"gb-container gb-container-519cf624\">\n<div class=\"gb-container gb-container-71ca071e\">\n<div class=\"gb-grid-wrapper gb-grid-wrapper-8a5f0688\">\n<div class=\"gb-grid-column gb-grid-column-1e99b1c2\"><div class=\"gb-container gb-container-1e99b1c2\">\n\n<figure class=\"gb-block-image gb-block-image-e4eaba54\"><img decoding=\"async\" width=\"665\" height=\"545\" class=\"gb-image gb-image-e4eaba54\" src=\"https:\/\/hengxingmachinery.com\/wp-content\/uploads\/2025\/03\/screw-conveyor-major-sale.jpg\" alt=\"\" title=\"convoyeur-a-vis-vente-principale\" srcset=\"https:\/\/hengxingmachinery.com\/wp-content\/uploads\/2025\/03\/screw-conveyor-major-sale.jpg 665w, https:\/\/hengxingmachinery.com\/wp-content\/uploads\/2025\/03\/screw-conveyor-major-sale-300x246.jpg 300w, https:\/\/hengxingmachinery.com\/wp-content\/uploads\/2025\/03\/screw-conveyor-major-sale-15x12.jpg 15w\" sizes=\"(max-width: 665px) 100vw, 665px\" \/><\/figure>\n\n<\/div><\/div>\n\n<div class=\"gb-grid-column gb-grid-column-bcae065b\"><div class=\"gb-container gb-container-bcae065b\">\n\n<p class=\"gb-headline gb-headline-e419680e gb-headline-text\">Les convoyeurs \u00e0 vis sont des syst\u00e8mes de transport en spirale pour mati\u00e8res en vrac qui acheminent les mati\u00e8res premi\u00e8res vers et depuis les zones de traitement situ\u00e9es \u00e0 diff\u00e9rents niveaux d'une installation. <\/p>\n\n\n\n<p>Ces convoyeurs peuvent transporter des mat\u00e9riaux horizontalement, mais ils peuvent \u00e9galement \u00eatre inclin\u00e9s \u00e0 diff\u00e9rents angles pour \u00e9lever et acheminer \u00e9conomiquement les mat\u00e9riaux entre les \u00e9tages. <\/p>\n\n\n\n<p>Ils n\u00e9cessitent un espace suffisant et une puissance accrue pour soulever la mati\u00e8re, en fonction de la raideur de l'angle.<\/p>\n\n\n<div class=\"gb-grid-wrapper gb-grid-wrapper-eebec76e\">\n<div class=\"gb-grid-column gb-grid-column-e3ada2f0\"><div class=\"gb-container gb-container-e3ada2f0\">\n\n<p class=\"gb-headline gb-headline-4c79a90a gb-headline-text\"><mark style=\"background-color:rgba(0, 0, 0, 0)\" class=\"has-inline-color has-global-color-8-color\"><strong>Diam\u00e8tre de la vis :<\/strong><\/mark> 160-500 mm<\/p>\n\n<\/div><\/div>\n\n<div class=\"gb-grid-column gb-grid-column-0bb00826\"><div class=\"gb-container gb-container-0bb00826\">\n\n<p class=\"gb-headline gb-headline-86d53f56 gb-headline-text\"><mark style=\"background-color:rgba(0, 0, 0, 0)\" class=\"has-inline-color has-global-color-8-color\"><strong><strong>Pas de la vis<\/strong>:<\/strong><\/mark> 160-500 mm<\/p>\n\n<\/div><\/div>\n<\/div>\n\n<div class=\"gb-container gb-container-256e15f1\">\n\n<a class=\"gb-button gb-button-e8b73d89 gb-button-text\" href=\"#popmake-622\">Obtenez un devis gratuit maintenant<\/a>\n\n<\/div>\n<\/div><\/div>\n<\/div>\n<\/div>\n<\/div>\n\n<div class=\"gb-container gb-container-af5f8799\">\n<div class=\"gb-container gb-container-2298848b\">\n\n<h2 class=\"gb-headline gb-headline-9d27ad2c gb-headline-text\">Galerie de notre convoyeur \u00e0 vis<\/h2>\n\n\n\n<figure class=\"wp-block-gallery has-nested-images columns-4 is-cropped wp-block-gallery-1 is-layout-flex wp-block-gallery-is-layout-flex\">\n<figure class=\"wp-block-image size-large\"><img decoding=\"async\" width=\"360\" height=\"360\" data-id=\"2178\" src=\"https:\/\/hengxingmachinery.com\/wp-content\/uploads\/2025\/03\/screw-conveyor-sale-1.jpg\" alt=\"\" class=\"wp-image-2178\" srcset=\"https:\/\/hengxingmachinery.com\/wp-content\/uploads\/2025\/03\/screw-conveyor-sale-1.jpg 360w, https:\/\/hengxingmachinery.com\/wp-content\/uploads\/2025\/03\/screw-conveyor-sale-1-300x300.jpg 300w, https:\/\/hengxingmachinery.com\/wp-content\/uploads\/2025\/03\/screw-conveyor-sale-1-150x150.jpg 150w, https:\/\/hengxingmachinery.com\/wp-content\/uploads\/2025\/03\/screw-conveyor-sale-1-12x12.jpg 12w\" sizes=\"(max-width: 360px) 100vw, 360px\" \/><\/figure>\n\n\n\n<figure class=\"wp-block-image size-large\"><img decoding=\"async\" width=\"360\" height=\"360\" data-id=\"2176\" src=\"https:\/\/hengxingmachinery.com\/wp-content\/uploads\/2025\/03\/screw-conveyor-sale-3.jpg\" alt=\"\" class=\"wp-image-2176\" srcset=\"https:\/\/hengxingmachinery.com\/wp-content\/uploads\/2025\/03\/screw-conveyor-sale-3.jpg 360w, https:\/\/hengxingmachinery.com\/wp-content\/uploads\/2025\/03\/screw-conveyor-sale-3-300x300.jpg 300w, https:\/\/hengxingmachinery.com\/wp-content\/uploads\/2025\/03\/screw-conveyor-sale-3-150x150.jpg 150w, https:\/\/hengxingmachinery.com\/wp-content\/uploads\/2025\/03\/screw-conveyor-sale-3-12x12.jpg 12w\" sizes=\"(max-width: 360px) 100vw, 360px\" \/><\/figure>\n\n\n\n<figure class=\"wp-block-image size-large\"><img decoding=\"async\" width=\"360\" height=\"360\" data-id=\"2179\" src=\"https:\/\/hengxingmachinery.com\/wp-content\/uploads\/2025\/03\/screw-conveyor-sale-4.jpg\" alt=\"\" class=\"wp-image-2179\" srcset=\"https:\/\/hengxingmachinery.com\/wp-content\/uploads\/2025\/03\/screw-conveyor-sale-4.jpg 360w, https:\/\/hengxingmachinery.com\/wp-content\/uploads\/2025\/03\/screw-conveyor-sale-4-300x300.jpg 300w, https:\/\/hengxingmachinery.com\/wp-content\/uploads\/2025\/03\/screw-conveyor-sale-4-150x150.jpg 150w, https:\/\/hengxingmachinery.com\/wp-content\/uploads\/2025\/03\/screw-conveyor-sale-4-12x12.jpg 12w\" sizes=\"(max-width: 360px) 100vw, 360px\" \/><\/figure>\n\n\n\n<figure class=\"wp-block-image size-large\"><img decoding=\"async\" width=\"360\" height=\"360\" data-id=\"2177\" src=\"https:\/\/hengxingmachinery.com\/wp-content\/uploads\/2025\/03\/screw-conveyor-sale-5.jpg\" alt=\"\" class=\"wp-image-2177\" srcset=\"https:\/\/hengxingmachinery.com\/wp-content\/uploads\/2025\/03\/screw-conveyor-sale-5.jpg 360w, https:\/\/hengxingmachinery.com\/wp-content\/uploads\/2025\/03\/screw-conveyor-sale-5-300x300.jpg 300w, https:\/\/hengxingmachinery.com\/wp-content\/uploads\/2025\/03\/screw-conveyor-sale-5-150x150.jpg 150w, https:\/\/hengxingmachinery.com\/wp-content\/uploads\/2025\/03\/screw-conveyor-sale-5-12x12.jpg 12w\" sizes=\"(max-width: 360px) 100vw, 360px\" \/><\/figure>\n<\/figure>\n\n\n<div class=\"gb-container gb-container-d7b7b595\">\n\n<a class=\"gb-button gb-button-c1312760 gb-button-text\" href=\"#popmake-622\">Obtenez un devis gratuit maintenant<\/a>\n\n<\/div>\n<\/div>\n<\/div>\n\n<div class=\"gb-container gb-container-4a74dee7\">\n<div class=\"gb-container gb-container-6a6f9373\">\n\n<h2 class=\"gb-headline gb-headline-dadd8416 gb-headline-text\">Cas d'exportation de notre convoyeur \u00e0 vis<\/h2>\n\n\n\n<figure class=\"gb-block-image gb-block-image-ad0da4a2\"><img decoding=\"async\" width=\"1258\" height=\"625\" class=\"gb-image gb-image-ad0da4a2\" src=\"https:\/\/hengxingmachinery.com\/wp-content\/uploads\/2025\/03\/factory-of-screw-conveyor.jpg\" alt=\"\" title=\"usine-de-convoyeur-a-vis\" srcset=\"https:\/\/hengxingmachinery.com\/wp-content\/uploads\/2025\/03\/factory-of-screw-conveyor.jpg 1258w, https:\/\/hengxingmachinery.com\/wp-content\/uploads\/2025\/03\/factory-of-screw-conveyor-300x149.jpg 300w, https:\/\/hengxingmachinery.com\/wp-content\/uploads\/2025\/03\/factory-of-screw-conveyor-1024x509.jpg 1024w, https:\/\/hengxingmachinery.com\/wp-content\/uploads\/2025\/03\/factory-of-screw-conveyor-768x382.jpg 768w, https:\/\/hengxingmachinery.com\/wp-content\/uploads\/2025\/03\/factory-of-screw-conveyor-18x9.jpg 18w\" sizes=\"(max-width: 1258px) 100vw, 1258px\" \/><\/figure>\n\n\n<div class=\"gb-container gb-container-350f851b\">\n\n<a class=\"gb-button gb-button-b5b8f6a5 gb-button-text\" href=\"#popmake-622\">Obtenez un devis gratuit maintenant<\/a>\n\n<\/div>\n<\/div>\n<\/div>\n\n<div class=\"gb-container gb-container-435ad261\">\n<div class=\"gb-container gb-container-7dc79cc4\">\n\n<h2 class=\"gb-headline gb-headline-6fe5dee2 gb-headline-text\">Sp\u00e9cifications du convoyeur \u00e0 vis<\/h2>\n\n\n\n<figure class=\"wp-block-table\"><table class=\"has-fixed-layout\"><tbody><tr><td><strong>Type LS<\/strong><\/td><td><strong>160<\/strong><\/td><td><strong>200<\/strong><\/td><td><strong>250<\/strong><\/td><td><strong>315<\/strong><\/td><td><strong>400<\/strong><\/td><td><strong>500<\/strong><\/td><td><strong>630<\/strong><\/td><td><strong>800<\/strong><\/td><td><strong>1000<\/strong><\/td><\/tr><tr><td><strong>Type GX<\/strong><\/td><td><strong>&nbsp;<\/strong><\/td><td><strong>200<\/strong><\/td><td><strong>250<\/strong><\/td><td><strong>300<\/strong><\/td><td><strong>400<\/strong><\/td><td><strong>500<\/strong><\/td><td><strong>&nbsp;<\/strong><\/td><td><strong>&nbsp;<\/strong><\/td><td><strong>&nbsp;<\/strong><\/td><\/tr><tr><td><strong>Diam\u00e8tre de la vis (mm)<\/strong><\/td><td>160<\/td><td>200<\/td><td>250<\/td><td>315<\/td><td>400<\/td><td>500<\/td><td>630<\/td><td>800<\/td><td>1000<\/td><\/tr><tr><td><strong>Pas de la vis (mm)<\/strong><\/td><td>160<\/td><td>200<\/td><td>250<\/td><td>315<\/td><td>355<\/td><td>400<\/td><td>450<\/td><td>500<\/td><td>560<\/td><\/tr><tr><td><strong>Vitesse de rotation (tr\/min)<\/strong><\/td><td>60<\/td><td>50<\/td><td>50<\/td><td>50<\/td><td>50<\/td><td>50<\/td><td>50<\/td><td>45<\/td><td>35<\/td><\/tr><tr><td><strong>Valeur de d\u00e9bit<\/strong><strong>(\u03c6=0,33 m\u00b3\/h)<\/strong><\/td><td>7.6<\/td><td>11<\/td><td>22<\/td><td>36.4<\/td><td>66.1<\/td><td>93.1<\/td><td>160<\/td><td>223<\/td><td>304<\/td><\/tr><tr><td><strong>Pd1=10 m (kW) Puissance<\/strong><\/td><td>1.5<\/td><td>2.2<\/td><td>2.4<\/td><td>3.2<\/td><td>5.1<\/td><td>5.1<\/td><td>8.6<\/td><td>12<\/td><td>16<\/td><\/tr><tr><td><strong>Pd1=30 m (kW) Puissance<\/strong><\/td><td>2.8<\/td><td>3.2<\/td><td>5.3<\/td><td>8.4<\/td><td>11<\/td><td>15.3<\/td><td>25.9<\/td><td>36<\/td><td>48<\/td><\/tr><\/tbody><\/table><\/figure>\n\n\n\n<figure class=\"wp-block-table\"><table class=\"has-fixed-layout\"><tbody><tr><td class=\"has-text-align-center\" data-align=\"center\" colspan=\"12\"><strong>Convoyeur \u00e0 vis type LS<\/strong><\/td><\/tr><tr><td class=\"has-text-align-center\" data-align=\"center\" colspan=\"2\"><strong>Type<\/strong><\/td><td><strong>LS160<\/strong><\/td><td><strong>LS200<\/strong><\/td><td><strong>LS250<\/strong><\/td><td><strong>LS315<\/strong><\/td><td><strong>LS400<\/strong><\/td><td><strong>LS500<\/strong><\/td><td><strong>LS630<\/strong><\/td><td><strong>LS800<\/strong><\/td><td><strong>LS1000<\/strong><\/td><td><strong>LS1250<\/strong><\/td><\/tr><tr><td class=\"has-text-align-center\" data-align=\"center\" colspan=\"2\"><strong>Diam\u00e8tre (mm)<\/strong><\/td><td>160<\/td><td>200<\/td><td>250<\/td><td>315<\/td><td>400<\/td><td>500<\/td><td>630<\/td><td>800<\/td><td>1000<\/td><td>1250<\/td><\/tr><tr><td class=\"has-text-align-center\" data-align=\"center\" colspan=\"2\"><strong>Pas de vis (mm)<\/strong><\/td><td>160<\/td><td>200<\/td><td>250<\/td><td>315<\/td><td>355<\/td><td>400<\/td><td>450<\/td><td>500<\/td><td>560<\/td><td>630<\/td><\/tr><tr><td class=\"has-text-align-center\" data-align=\"center\"><strong>Donn\u00e9es<\/strong><\/td><td>n<\/td><td>112<\/td><td>100<\/td><td>90<\/td><td>80<\/td><td>71<\/td><td>63<\/td><td>50<\/td><td>40<\/td><td>25<\/td><td>25<\/td><\/tr><tr><td class=\"has-text-align-center\" data-align=\"center\">&nbsp;<\/td><td>Q<\/td><td>8<\/td><td>14<\/td><td>24<\/td><td>34<\/td><td>64<\/td><td>100<\/td><td>145<\/td><td>208<\/td><td>388<\/td><td>388<\/td><\/tr><tr><td class=\"has-text-align-center\" data-align=\"center\">&nbsp;<\/td><td>n<\/td><td>90<\/td><td>80<\/td><td>71<\/td><td>63<\/td><td>56<\/td><td>50<\/td><td>40<\/td><td>32<\/td><td>20<\/td><td>20<\/td><\/tr><tr><td class=\"has-text-align-center\" data-align=\"center\">&nbsp;<\/td><td>Q<\/td><td>7<\/td><td>12<\/td><td>20<\/td><td>26<\/td><td>52<\/td><td>80<\/td><td>116<\/td><td>165<\/td><td>320<\/td><td>320<\/td><\/tr><tr><td class=\"has-text-align-center\" data-align=\"center\">&nbsp;<\/td><td>n<\/td><td>71<\/td><td>63<\/td><td>56<\/td><td>50<\/td><td>45<\/td><td>40<\/td><td>32<\/td><td>25<\/td><td>16<\/td><td>16<\/td><\/tr><tr><td class=\"has-text-align-center\" data-align=\"center\">&nbsp;<\/td><td>Q<\/td><td>6<\/td><td>10<\/td><td>16<\/td><td>21<\/td><td>41<\/td><td>64<\/td><td>94<\/td><td>130<\/td><td>260<\/td><td>260<\/td><\/tr><tr><td class=\"has-text-align-center\" data-align=\"center\">&nbsp;<\/td><td>n<\/td><td>50<\/td><td>50<\/td><td>45<\/td><td>40<\/td><td>36<\/td><td>32<\/td><td>25<\/td><td>20<\/td><td>13<\/td><td>13<\/td><\/tr><tr><td class=\"has-text-align-center\" data-align=\"center\">&nbsp;<\/td><td>Q<\/td><td>4<\/td><td>7<\/td><td>13<\/td><td>16<\/td><td>34<\/td><td>52<\/td><td>80<\/td><td>110<\/td><td>150<\/td><td>200<\/td><\/tr><tr><td class=\"has-text-align-center\" data-align=\"center\" colspan=\"12\">n-Vitesse de rotation (tr\/min), D\u00e9viation admissible &lt; 10%<br>Q-D\u00e9bit (m\u00b3\/h)<br>Facteur de remplissage = 0,33<\/td><\/tr><\/tbody><\/table><\/figure>\n\n\n<div class=\"gb-container gb-container-263d9700\">\n\n<a class=\"gb-button gb-button-a4cbb7be gb-button-text\" href=\"#popmake-622\">Obtenez un devis gratuit maintenant<\/a>\n\n<\/div>\n<\/div>\n<\/div>\n\n\n<p><\/p>","protected":false},"excerpt":{"rendered":"<p>Screw conveyor Gallery of our screw conveyor Export cases of our screw conveyor Specifications of screw conveyor LS type 160 200 250 315 400 500 630 800 1000 GX type &nbsp; 200 250 300 400 500 &nbsp; &nbsp; &nbsp; Screw diameter(mm) 160 200 250 315 400 500 630 800 1000 Screw pitch(mm) 160 200 250 &#8230; <\/p>\n<p class=\"read-more-container\"><a title=\"6-1. Transporteur \u00e0 vis\" class=\"read-more button\" href=\"https:\/\/hengxingmachinery.com\/fr\/screw-conveyor\/#more-2173\" aria-label=\"En savoir plus sur 6-1. Screw conveyor\">Lire plus<\/a><\/p>","protected":false},"author":1,"featured_media":0,"parent":0,"menu_order":0,"comment_status":"closed","ping_status":"closed","template":"","meta":{"footnotes":""},"class_list":["post-2173","page","type-page","status-publish"],"yoast_head":"<!-- This site is optimized with the Yoast SEO plugin v27.4 - https:\/\/yoast.com\/product\/yoast-seo-wordpress\/ -->\n<title>6-1. Screw conveyor - Hengxing Machinery<\/title>\n<meta name=\"robots\" content=\"index, follow, max-snippet:-1, max-image-preview:large, max-video-preview:-1\" \/>\n<link rel=\"canonical\" href=\"https:\/\/hengxingmachinery.com\/fr\/screw-conveyor\/\" \/>\n<meta property=\"og:locale\" content=\"fr_FR\" \/>\n<meta property=\"og:type\" content=\"article\" \/>\n<meta property=\"og:title\" content=\"6-1. Screw conveyor - Hengxing Machinery\" \/>\n<meta property=\"og:description\" content=\"Screw conveyor Gallery of our screw conveyor Export cases of our screw conveyor Specifications of screw conveyor LS type 160 200 250 315 400 500 630 800 1000 GX type &nbsp; 200 250 300 400 500 &nbsp; &nbsp; &nbsp; Screw diameter(mm) 160 200 250 315 400 500 630 800 1000 Screw pitch(mm) 160 200 250 ... Lire plus\" \/>\n<meta property=\"og:url\" content=\"https:\/\/hengxingmachinery.com\/fr\/screw-conveyor\/\" \/>\n<meta property=\"og:site_name\" content=\"Hengxing Machinery\" \/>\n<meta property=\"article:modified_time\" content=\"2025-03-13T09:32:16+00:00\" \/>\n<meta property=\"og:image\" content=\"https:\/\/hengxingmachinery.com\/wp-content\/uploads\/2025\/03\/screw-conveyor-major-sale.jpg\" \/>\n<meta name=\"twitter:card\" content=\"summary_large_image\" \/>\n<meta name=\"twitter:label1\" content=\"Dur\u00e9e de lecture estim\u00e9e\" \/>\n\t<meta name=\"twitter:data1\" content=\"3 minutes\" \/>\n<script type=\"application\/ld+json\" class=\"yoast-schema-graph\">{\"@context\":\"https:\\\/\\\/schema.org\",\"@graph\":[{\"@type\":\"WebPage\",\"@id\":\"https:\\\/\\\/hengxingmachinery.com\\\/screw-conveyor\\\/\",\"url\":\"https:\\\/\\\/hengxingmachinery.com\\\/screw-conveyor\\\/\",\"name\":\"6-1. Screw conveyor - Hengxing Machinery\",\"isPartOf\":{\"@id\":\"https:\\\/\\\/hengxingmachinery.com\\\/#website\"},\"primaryImageOfPage\":{\"@id\":\"https:\\\/\\\/hengxingmachinery.com\\\/screw-conveyor\\\/#primaryimage\"},\"image\":{\"@id\":\"https:\\\/\\\/hengxingmachinery.com\\\/screw-conveyor\\\/#primaryimage\"},\"thumbnailUrl\":\"https:\\\/\\\/hengxingmachinery.com\\\/wp-content\\\/uploads\\\/2025\\\/03\\\/screw-conveyor-major-sale.jpg\",\"datePublished\":\"2025-03-13T09:30:10+00:00\",\"dateModified\":\"2025-03-13T09:32:16+00:00\",\"breadcrumb\":{\"@id\":\"https:\\\/\\\/hengxingmachinery.com\\\/screw-conveyor\\\/#breadcrumb\"},\"inLanguage\":\"fr-FR\",\"potentialAction\":[{\"@type\":\"ReadAction\",\"target\":[\"https:\\\/\\\/hengxingmachinery.com\\\/screw-conveyor\\\/\"]}]},{\"@type\":\"ImageObject\",\"inLanguage\":\"fr-FR\",\"@id\":\"https:\\\/\\\/hengxingmachinery.com\\\/screw-conveyor\\\/#primaryimage\",\"url\":\"https:\\\/\\\/hengxingmachinery.com\\\/wp-content\\\/uploads\\\/2025\\\/03\\\/screw-conveyor-major-sale.jpg\",\"contentUrl\":\"https:\\\/\\\/hengxingmachinery.com\\\/wp-content\\\/uploads\\\/2025\\\/03\\\/screw-conveyor-major-sale.jpg\"},{\"@type\":\"BreadcrumbList\",\"@id\":\"https:\\\/\\\/hengxingmachinery.com\\\/screw-conveyor\\\/#breadcrumb\",\"itemListElement\":[{\"@type\":\"ListItem\",\"position\":1,\"name\":\"Home\",\"item\":\"https:\\\/\\\/hengxingmachinery.com\\\/\"},{\"@type\":\"ListItem\",\"position\":2,\"name\":\"6-1. Screw conveyor\"}]},{\"@type\":\"WebSite\",\"@id\":\"https:\\\/\\\/hengxingmachinery.com\\\/#website\",\"url\":\"https:\\\/\\\/hengxingmachinery.com\\\/\",\"name\":\"Hengxing Machinery\",\"description\":\"Leading Manufacturer of All Sorts of Mining Machinery\",\"publisher\":{\"@id\":\"https:\\\/\\\/hengxingmachinery.com\\\/#organization\"},\"potentialAction\":[{\"@type\":\"SearchAction\",\"target\":{\"@type\":\"EntryPoint\",\"urlTemplate\":\"https:\\\/\\\/hengxingmachinery.com\\\/?s={search_term_string}\"},\"query-input\":{\"@type\":\"PropertyValueSpecification\",\"valueRequired\":true,\"valueName\":\"search_term_string\"}}],\"inLanguage\":\"fr-FR\"},{\"@type\":\"Organization\",\"@id\":\"https:\\\/\\\/hengxingmachinery.com\\\/#organization\",\"name\":\"Hengxing Machinery\",\"url\":\"https:\\\/\\\/hengxingmachinery.com\\\/\",\"logo\":{\"@type\":\"ImageObject\",\"inLanguage\":\"fr-FR\",\"@id\":\"https:\\\/\\\/hengxingmachinery.com\\\/#\\\/schema\\\/logo\\\/image\\\/\",\"url\":\"https:\\\/\\\/hengxingmachinery.com\\\/wp-content\\\/uploads\\\/2024\\\/12\\\/logo.png\",\"contentUrl\":\"https:\\\/\\\/hengxingmachinery.com\\\/wp-content\\\/uploads\\\/2024\\\/12\\\/logo.png\",\"width\":400,\"height\":260,\"caption\":\"Hengxing Machinery\"},\"image\":{\"@id\":\"https:\\\/\\\/hengxingmachinery.com\\\/#\\\/schema\\\/logo\\\/image\\\/\"}}]}<\/script>\n<!-- \/ Yoast SEO plugin. -->","yoast_head_json":{"title":"6-1. Convoyeur \u00e0 vis - Hengxing Machinery","robots":{"index":"index","follow":"follow","max-snippet":"max-snippet:-1","max-image-preview":"max-image-preview:large","max-video-preview":"max-video-preview:-1"},"canonical":"https:\/\/hengxingmachinery.com\/fr\/screw-conveyor\/","og_locale":"fr_FR","og_type":"article","og_title":"6-1. Screw conveyor - Hengxing Machinery","og_description":"Screw conveyor Gallery of our screw conveyor Export cases of our screw conveyor Specifications of screw conveyor LS type 160 200 250 315 400 500 630 800 1000 GX type &nbsp; 200 250 300 400 500 &nbsp; &nbsp; &nbsp; Screw diameter(mm) 160 200 250 315 400 500 630 800 1000 Screw pitch(mm) 160 200 250 ... Lire plus","og_url":"https:\/\/hengxingmachinery.com\/fr\/screw-conveyor\/","og_site_name":"Hengxing Machinery","article_modified_time":"2025-03-13T09:32:16+00:00","og_image":[{"url":"https:\/\/hengxingmachinery.com\/wp-content\/uploads\/2025\/03\/screw-conveyor-major-sale.jpg","type":"","width":"","height":""}],"twitter_card":"summary_large_image","twitter_misc":{"Dur\u00e9e de lecture estim\u00e9e":"3 minutes"},"schema":{"@context":"https:\/\/schema.org","@graph":[{"@type":"WebPage","@id":"https:\/\/hengxingmachinery.com\/screw-conveyor\/","url":"https:\/\/hengxingmachinery.com\/screw-conveyor\/","name":"6-1. Convoyeur \u00e0 vis - Hengxing Machinery","isPartOf":{"@id":"https:\/\/hengxingmachinery.com\/#website"},"primaryImageOfPage":{"@id":"https:\/\/hengxingmachinery.com\/screw-conveyor\/#primaryimage"},"image":{"@id":"https:\/\/hengxingmachinery.com\/screw-conveyor\/#primaryimage"},"thumbnailUrl":"https:\/\/hengxingmachinery.com\/wp-content\/uploads\/2025\/03\/screw-conveyor-major-sale.jpg","datePublished":"2025-03-13T09:30:10+00:00","dateModified":"2025-03-13T09:32:16+00:00","breadcrumb":{"@id":"https:\/\/hengxingmachinery.com\/screw-conveyor\/#breadcrumb"},"inLanguage":"fr-FR","potentialAction":[{"@type":"ReadAction","target":["https:\/\/hengxingmachinery.com\/screw-conveyor\/"]}]},{"@type":"ImageObject","inLanguage":"fr-FR","@id":"https:\/\/hengxingmachinery.com\/screw-conveyor\/#primaryimage","url":"https:\/\/hengxingmachinery.com\/wp-content\/uploads\/2025\/03\/screw-conveyor-major-sale.jpg","contentUrl":"https:\/\/hengxingmachinery.com\/wp-content\/uploads\/2025\/03\/screw-conveyor-major-sale.jpg"},{"@type":"BreadcrumbList","@id":"https:\/\/hengxingmachinery.com\/screw-conveyor\/#breadcrumb","itemListElement":[{"@type":"ListItem","position":1,"name":"Home","item":"https:\/\/hengxingmachinery.com\/"},{"@type":"ListItem","position":2,"name":"6-1. Screw conveyor"}]},{"@type":"WebSite","@id":"https:\/\/hengxingmachinery.com\/#website","url":"https:\/\/hengxingmachinery.com\/","name":"Machines Hengxing","description":"Fabricant leader de toutes sortes de machines mini\u00e8res","publisher":{"@id":"https:\/\/hengxingmachinery.com\/#organization"},"potentialAction":[{"@type":"SearchAction","target":{"@type":"EntryPoint","urlTemplate":"https:\/\/hengxingmachinery.com\/?s={search_term_string}"},"query-input":{"@type":"PropertyValueSpecification","valueRequired":true,"valueName":"search_term_string"}}],"inLanguage":"fr-FR"},{"@type":"Organization","@id":"https:\/\/hengxingmachinery.com\/#organization","name":"Machines Hengxing","url":"https:\/\/hengxingmachinery.com\/","logo":{"@type":"ImageObject","inLanguage":"fr-FR","@id":"https:\/\/hengxingmachinery.com\/#\/schema\/logo\/image\/","url":"https:\/\/hengxingmachinery.com\/wp-content\/uploads\/2024\/12\/logo.png","contentUrl":"https:\/\/hengxingmachinery.com\/wp-content\/uploads\/2024\/12\/logo.png","width":400,"height":260,"caption":"Hengxing Machinery"},"image":{"@id":"https:\/\/hengxingmachinery.com\/#\/schema\/logo\/image\/"}}]}},"_links":{"self":[{"href":"https:\/\/hengxingmachinery.com\/fr\/wp-json\/wp\/v2\/pages\/2173","targetHints":{"allow":["GET"]}}],"collection":[{"href":"https:\/\/hengxingmachinery.com\/fr\/wp-json\/wp\/v2\/pages"}],"about":[{"href":"https:\/\/hengxingmachinery.com\/fr\/wp-json\/wp\/v2\/types\/page"}],"author":[{"embeddable":true,"href":"https:\/\/hengxingmachinery.com\/fr\/wp-json\/wp\/v2\/users\/1"}],"replies":[{"embeddable":true,"href":"https:\/\/hengxingmachinery.com\/fr\/wp-json\/wp\/v2\/comments?post=2173"}],"version-history":[{"count":2,"href":"https:\/\/hengxingmachinery.com\/fr\/wp-json\/wp\/v2\/pages\/2173\/revisions"}],"predecessor-version":[{"id":2183,"href":"https:\/\/hengxingmachinery.com\/fr\/wp-json\/wp\/v2\/pages\/2173\/revisions\/2183"}],"wp:attachment":[{"href":"https:\/\/hengxingmachinery.com\/fr\/wp-json\/wp\/v2\/media?parent=2173"}],"curies":[{"name":"wp","href":"https:\/\/api.w.org\/{rel}","templated":true}]}}