{"id":2191,"date":"2025-03-13T09:45:38","date_gmt":"2025-03-13T09:45:38","guid":{"rendered":"https:\/\/hengxingmachinery.com\/?page_id=2191"},"modified":"2025-03-13T09:45:46","modified_gmt":"2025-03-13T09:45:46","slug":"rotary-cooler","status":"publish","type":"page","link":"https:\/\/hengxingmachinery.com\/fr\/rotary-cooler\/","title":{"rendered":"6-1. Refroidisseur rotatif"},"content":{"rendered":"<div class=\"gb-container gb-container-45165f5a\">\n<div class=\"gb-container gb-container-c2652eb4\">\n\n<h1 class=\"gb-headline gb-headline-62a8b2cc gb-headline-text\">Refroidisseur rotatif<\/h1>\n\n<\/div>\n<\/div>\n\n<div class=\"gb-container gb-container-519cf624\">\n<div class=\"gb-container gb-container-71ca071e\">\n<div class=\"gb-grid-wrapper gb-grid-wrapper-8a5f0688\">\n<div class=\"gb-grid-column gb-grid-column-1e99b1c2\"><div class=\"gb-container gb-container-1e99b1c2\">\n\n<figure class=\"gb-block-image gb-block-image-e4eaba54\"><img decoding=\"async\" width=\"665\" height=\"545\" class=\"gb-image gb-image-e4eaba54\" src=\"https:\/\/hengxingmachinery.com\/wp-content\/uploads\/2025\/03\/rotary-cooler-major-sale.jpg\" alt=\"\" title=\"refroidisseur-rotatif-vente-principale\" srcset=\"https:\/\/hengxingmachinery.com\/wp-content\/uploads\/2025\/03\/rotary-cooler-major-sale.jpg 665w, https:\/\/hengxingmachinery.com\/wp-content\/uploads\/2025\/03\/rotary-cooler-major-sale-300x246.jpg 300w, https:\/\/hengxingmachinery.com\/wp-content\/uploads\/2025\/03\/rotary-cooler-major-sale-15x12.jpg 15w\" sizes=\"(max-width: 665px) 100vw, 665px\" \/><\/figure>\n\n<\/div><\/div>\n\n<div class=\"gb-grid-column gb-grid-column-bcae065b\"><div class=\"gb-container gb-container-bcae065b\">\n\n<p class=\"gb-headline gb-headline-e419680e gb-headline-text\">Le refroidisseur est l'un des principaux \u00e9quipements du syst\u00e8me de production de four rotatif.<br>\u00a0<br>\u00a0Son r\u00f4le est de refroidir le clinker \u00e0 1000~1300\u00b0C provenant du four rotatif jusqu'\u00e0 200\u00b0C et moins, par \u00e9change thermique entre les mat\u00e9riaux en mouvement et le flux d'air \u00e0 l'int\u00e9rieur du cylindre rotatif.<br>\u00a0<br>La qualit\u00e9 et la broyabilit\u00e9 apr\u00e8s refroidissement sont am\u00e9lior\u00e9es. L'air issu du refroidissement du clinker est inject\u00e9 dans le four en tant qu'air circulant secondaire, augmentant ainsi le rendement thermique du four.<\/p>\n\n\n<div class=\"gb-container gb-container-256e15f1\">\n\n<a class=\"gb-button gb-button-e8b73d89 gb-button-text\" href=\"#popmake-622\">Obtenez un devis gratuit maintenant<\/a>\n\n<\/div>\n<\/div><\/div>\n<\/div>\n<\/div>\n<\/div>\n\n<div class=\"gb-container gb-container-ebd718b6\">\n<div class=\"gb-container gb-container-5c75b960\">\n\n<h2 class=\"gb-headline gb-headline-98859344 gb-headline-text\">Principe de fonctionnement du refroidisseur rotatif<\/h2>\n\n\n\n<figure class=\"gb-block-image gb-block-image-c486b36e\"><img decoding=\"async\" width=\"1250\" height=\"400\" class=\"gb-image gb-image-c486b36e\" src=\"https:\/\/hengxingmachinery.com\/wp-content\/uploads\/2025\/03\/rotary-cooler-for-sale.jpg\" alt=\"\" title=\"refroidisseur-rotatif-en-vente\" srcset=\"https:\/\/hengxingmachinery.com\/wp-content\/uploads\/2025\/03\/rotary-cooler-for-sale.jpg 1250w, https:\/\/hengxingmachinery.com\/wp-content\/uploads\/2025\/03\/rotary-cooler-for-sale-300x96.jpg 300w, https:\/\/hengxingmachinery.com\/wp-content\/uploads\/2025\/03\/rotary-cooler-for-sale-1024x328.jpg 1024w, https:\/\/hengxingmachinery.com\/wp-content\/uploads\/2025\/03\/rotary-cooler-for-sale-768x246.jpg 768w, https:\/\/hengxingmachinery.com\/wp-content\/uploads\/2025\/03\/rotary-cooler-for-sale-18x6.jpg 18w\" sizes=\"(max-width: 1250px) 100vw, 1250px\" \/><\/figure>\n\n\n\n<p>En situation naturelle, l'inclinaison du cylindre du refroidisseur est de 3,5\u202f% \u00e0 5\u202f%, avec une rotation \u00e0 basse vitesse. Le mat\u00e9riau est introduit par l'extr\u00e9mit\u00e9 du cylindre (c\u00f4t\u00e9 haut), et des plaques de levage circulaires maintiennent les mat\u00e9riaux dispers\u00e9s, les soulevant et les faisant descendre. Le mat\u00e9riau refroidi est \u00e9vacu\u00e9 par l'extr\u00e9mit\u00e9 basse, et l'air pr\u00e9chauff\u00e9 est envoy\u00e9 dans le four rotatif pour la calcination.<\/p>\n\n\n<div class=\"gb-container gb-container-d6bbf16a\">\n\n<a class=\"gb-button gb-button-caa3f2bc gb-button-text\" href=\"#popmake-622\">Obtenez un devis gratuit maintenant<\/a>\n\n<\/div>\n<\/div>\n<\/div>\n\n<div class=\"gb-container gb-container-435ad261\">\n<div class=\"gb-container gb-container-7dc79cc4\">\n\n<h2 class=\"gb-headline gb-headline-6fe5dee2 gb-headline-text\">Sp\u00e9cifications du refroidisseur rotatif<\/h2>\n\n\n\n<figure class=\"wp-block-table\"><table class=\"has-fixed-layout\"><tbody><tr><td><strong>Sp\u00e9cification<\/strong><\/td><td><strong>Capacit\u00e9<\/strong><\/td><td><strong>Installation<\/strong><strong>Inclinaison<\/strong><strong>(%)<\/strong><\/td><td><strong>R\u00e9ducteur principal<\/strong><\/td><td><strong>Moteur principal (KW)<\/strong><\/td><\/tr><tr><td>\u03a61.2\u00d710<\/td><td>2~3<\/td><td>3~5<\/td><td>ZQ500<\/td><td>15<\/td><\/tr><tr><td>\u03a61,5\u00d720<\/td><td>3~4<\/td><td>3~5<\/td><td>ZQ500<\/td><td>15<\/td><\/tr><tr><td>\u03a61,8\u00d718<\/td><td>4~6<\/td><td>3~5<\/td><td>ZQ500<\/td><td>18.5<\/td><\/tr><tr><td>\u03a62,0\u00d722<\/td><td>7~8.5<\/td><td>3~5<\/td><td>ZQ500<\/td><td>22<\/td><\/tr><tr><td>\u03a62,2\u00d718<\/td><td>7~8.5<\/td><td>3~5<\/td><td>ZQ500<\/td><td>22<\/td><\/tr><tr><td>\u03a62,2\u00d722<\/td><td>8~10<\/td><td>3~5<\/td><td>ZQ650<\/td><td>30<\/td><\/tr><tr><td>\u03a62,5\u00d725<\/td><td>15~20<\/td><td>3~5<\/td><td>ZS125<\/td><td>55<\/td><\/tr><tr><td>\u03a62,8\u00d728<\/td><td>16~22<\/td><td>3~5<\/td><td>ZL100<\/td><td>55<\/td><\/tr><tr><td>\u03a63,0\u00d730<\/td><td>20~25<\/td><td>3~5<\/td><td>ZL115<\/td><td>75<\/td><\/tr><tr><td>\u03a63,2\u00d736<\/td><td>28~32<\/td><td>3~5<\/td><td>ZL115<\/td><td>90<\/td><\/tr><tr><td>\u03a63,3\u00d740<\/td><td>32~36<\/td><td>3~5<\/td><td>ZL130<\/td><td>132<\/td><\/tr><\/tbody><\/table><\/figure>\n\n\n<div class=\"gb-container gb-container-263d9700\">\n\n<a class=\"gb-button gb-button-a4cbb7be gb-button-text\" href=\"#popmake-622\">Obtenez un devis gratuit maintenant<\/a>\n\n<\/div>\n<\/div>\n<\/div>\n\n\n<p><\/p>","protected":false},"excerpt":{"rendered":"<p>Rotary cooler Rotary cooler working principle In the natural situation, the slope of the Cooler cylinder is 3.5% to 5%, keeping low-speed rotation. The material is fed from the end of the Cylinder (high side), and a circular lifting plate keeps the materials scattered, lifting and moving down. Cooling material is discharged from the low &#8230; <\/p>\n<p class=\"read-more-container\"><a title=\"6-1. Refroidisseur rotatif\" class=\"read-more button\" href=\"https:\/\/hengxingmachinery.com\/fr\/rotary-cooler\/#more-2191\" aria-label=\"En savoir plus sur 6-1. Rotary cooler\">Lire plus<\/a><\/p>","protected":false},"author":1,"featured_media":0,"parent":0,"menu_order":0,"comment_status":"closed","ping_status":"closed","template":"","meta":{"footnotes":""},"class_list":["post-2191","page","type-page","status-publish"],"yoast_head":"<!-- This site is optimized with the Yoast SEO plugin v27.4 - https:\/\/yoast.com\/product\/yoast-seo-wordpress\/ -->\n<title>6-1. Rotary cooler - Hengxing Machinery<\/title>\n<meta name=\"robots\" content=\"index, follow, max-snippet:-1, max-image-preview:large, max-video-preview:-1\" \/>\n<link rel=\"canonical\" href=\"https:\/\/hengxingmachinery.com\/fr\/rotary-cooler\/\" \/>\n<meta property=\"og:locale\" content=\"fr_FR\" \/>\n<meta property=\"og:type\" content=\"article\" \/>\n<meta property=\"og:title\" content=\"6-1. Rotary cooler - Hengxing Machinery\" \/>\n<meta property=\"og:description\" content=\"Rotary cooler Rotary cooler working principle In the natural situation, the slope of the Cooler cylinder is 3.5% to 5%, keeping low-speed rotation. The material is fed from the end of the Cylinder (high side), and a circular lifting plate keeps the materials scattered, lifting and moving down. Cooling material is discharged from the low ... Lire plus\" \/>\n<meta property=\"og:url\" content=\"https:\/\/hengxingmachinery.com\/fr\/rotary-cooler\/\" \/>\n<meta property=\"og:site_name\" content=\"Hengxing Machinery\" \/>\n<meta property=\"article:modified_time\" content=\"2025-03-13T09:45:46+00:00\" \/>\n<meta property=\"og:image\" content=\"https:\/\/hengxingmachinery.com\/wp-content\/uploads\/2025\/03\/rotary-cooler-major-sale.jpg\" \/>\n<meta name=\"twitter:card\" content=\"summary_large_image\" \/>\n<meta name=\"twitter:label1\" content=\"Dur\u00e9e de lecture estim\u00e9e\" \/>\n\t<meta name=\"twitter:data1\" content=\"2 minutes\" \/>\n<script type=\"application\/ld+json\" class=\"yoast-schema-graph\">{\"@context\":\"https:\\\/\\\/schema.org\",\"@graph\":[{\"@type\":\"WebPage\",\"@id\":\"https:\\\/\\\/hengxingmachinery.com\\\/rotary-cooler\\\/\",\"url\":\"https:\\\/\\\/hengxingmachinery.com\\\/rotary-cooler\\\/\",\"name\":\"6-1. Rotary cooler - Hengxing Machinery\",\"isPartOf\":{\"@id\":\"https:\\\/\\\/hengxingmachinery.com\\\/#website\"},\"primaryImageOfPage\":{\"@id\":\"https:\\\/\\\/hengxingmachinery.com\\\/rotary-cooler\\\/#primaryimage\"},\"image\":{\"@id\":\"https:\\\/\\\/hengxingmachinery.com\\\/rotary-cooler\\\/#primaryimage\"},\"thumbnailUrl\":\"https:\\\/\\\/hengxingmachinery.com\\\/wp-content\\\/uploads\\\/2025\\\/03\\\/rotary-cooler-major-sale.jpg\",\"datePublished\":\"2025-03-13T09:45:38+00:00\",\"dateModified\":\"2025-03-13T09:45:46+00:00\",\"breadcrumb\":{\"@id\":\"https:\\\/\\\/hengxingmachinery.com\\\/rotary-cooler\\\/#breadcrumb\"},\"inLanguage\":\"fr-FR\",\"potentialAction\":[{\"@type\":\"ReadAction\",\"target\":[\"https:\\\/\\\/hengxingmachinery.com\\\/rotary-cooler\\\/\"]}]},{\"@type\":\"ImageObject\",\"inLanguage\":\"fr-FR\",\"@id\":\"https:\\\/\\\/hengxingmachinery.com\\\/rotary-cooler\\\/#primaryimage\",\"url\":\"https:\\\/\\\/hengxingmachinery.com\\\/wp-content\\\/uploads\\\/2025\\\/03\\\/rotary-cooler-major-sale.jpg\",\"contentUrl\":\"https:\\\/\\\/hengxingmachinery.com\\\/wp-content\\\/uploads\\\/2025\\\/03\\\/rotary-cooler-major-sale.jpg\"},{\"@type\":\"BreadcrumbList\",\"@id\":\"https:\\\/\\\/hengxingmachinery.com\\\/rotary-cooler\\\/#breadcrumb\",\"itemListElement\":[{\"@type\":\"ListItem\",\"position\":1,\"name\":\"Home\",\"item\":\"https:\\\/\\\/hengxingmachinery.com\\\/\"},{\"@type\":\"ListItem\",\"position\":2,\"name\":\"6-1. Rotary cooler\"}]},{\"@type\":\"WebSite\",\"@id\":\"https:\\\/\\\/hengxingmachinery.com\\\/#website\",\"url\":\"https:\\\/\\\/hengxingmachinery.com\\\/\",\"name\":\"Hengxing Machinery\",\"description\":\"Leading Manufacturer of All Sorts of Mining Machinery\",\"publisher\":{\"@id\":\"https:\\\/\\\/hengxingmachinery.com\\\/#organization\"},\"potentialAction\":[{\"@type\":\"SearchAction\",\"target\":{\"@type\":\"EntryPoint\",\"urlTemplate\":\"https:\\\/\\\/hengxingmachinery.com\\\/?s={search_term_string}\"},\"query-input\":{\"@type\":\"PropertyValueSpecification\",\"valueRequired\":true,\"valueName\":\"search_term_string\"}}],\"inLanguage\":\"fr-FR\"},{\"@type\":\"Organization\",\"@id\":\"https:\\\/\\\/hengxingmachinery.com\\\/#organization\",\"name\":\"Hengxing Machinery\",\"url\":\"https:\\\/\\\/hengxingmachinery.com\\\/\",\"logo\":{\"@type\":\"ImageObject\",\"inLanguage\":\"fr-FR\",\"@id\":\"https:\\\/\\\/hengxingmachinery.com\\\/#\\\/schema\\\/logo\\\/image\\\/\",\"url\":\"https:\\\/\\\/hengxingmachinery.com\\\/wp-content\\\/uploads\\\/2024\\\/12\\\/logo.png\",\"contentUrl\":\"https:\\\/\\\/hengxingmachinery.com\\\/wp-content\\\/uploads\\\/2024\\\/12\\\/logo.png\",\"width\":400,\"height\":260,\"caption\":\"Hengxing Machinery\"},\"image\":{\"@id\":\"https:\\\/\\\/hengxingmachinery.com\\\/#\\\/schema\\\/logo\\\/image\\\/\"}}]}<\/script>\n<!-- \/ Yoast SEO plugin. -->","yoast_head_json":{"title":"6-1. Refroidisseur rotatif - Hengxing Machinery","robots":{"index":"index","follow":"follow","max-snippet":"max-snippet:-1","max-image-preview":"max-image-preview:large","max-video-preview":"max-video-preview:-1"},"canonical":"https:\/\/hengxingmachinery.com\/fr\/rotary-cooler\/","og_locale":"fr_FR","og_type":"article","og_title":"6-1. Rotary cooler - Hengxing Machinery","og_description":"Rotary cooler Rotary cooler working principle In the natural situation, the slope of the Cooler cylinder is 3.5% to 5%, keeping low-speed rotation. The material is fed from the end of the Cylinder (high side), and a circular lifting plate keeps the materials scattered, lifting and moving down. Cooling material is discharged from the low ... Lire plus","og_url":"https:\/\/hengxingmachinery.com\/fr\/rotary-cooler\/","og_site_name":"Hengxing Machinery","article_modified_time":"2025-03-13T09:45:46+00:00","og_image":[{"url":"https:\/\/hengxingmachinery.com\/wp-content\/uploads\/2025\/03\/rotary-cooler-major-sale.jpg","type":"","width":"","height":""}],"twitter_card":"summary_large_image","twitter_misc":{"Dur\u00e9e de lecture estim\u00e9e":"2 minutes"},"schema":{"@context":"https:\/\/schema.org","@graph":[{"@type":"WebPage","@id":"https:\/\/hengxingmachinery.com\/rotary-cooler\/","url":"https:\/\/hengxingmachinery.com\/rotary-cooler\/","name":"6-1. Refroidisseur rotatif - Hengxing Machinery","isPartOf":{"@id":"https:\/\/hengxingmachinery.com\/#website"},"primaryImageOfPage":{"@id":"https:\/\/hengxingmachinery.com\/rotary-cooler\/#primaryimage"},"image":{"@id":"https:\/\/hengxingmachinery.com\/rotary-cooler\/#primaryimage"},"thumbnailUrl":"https:\/\/hengxingmachinery.com\/wp-content\/uploads\/2025\/03\/rotary-cooler-major-sale.jpg","datePublished":"2025-03-13T09:45:38+00:00","dateModified":"2025-03-13T09:45:46+00:00","breadcrumb":{"@id":"https:\/\/hengxingmachinery.com\/rotary-cooler\/#breadcrumb"},"inLanguage":"fr-FR","potentialAction":[{"@type":"ReadAction","target":["https:\/\/hengxingmachinery.com\/rotary-cooler\/"]}]},{"@type":"ImageObject","inLanguage":"fr-FR","@id":"https:\/\/hengxingmachinery.com\/rotary-cooler\/#primaryimage","url":"https:\/\/hengxingmachinery.com\/wp-content\/uploads\/2025\/03\/rotary-cooler-major-sale.jpg","contentUrl":"https:\/\/hengxingmachinery.com\/wp-content\/uploads\/2025\/03\/rotary-cooler-major-sale.jpg"},{"@type":"BreadcrumbList","@id":"https:\/\/hengxingmachinery.com\/rotary-cooler\/#breadcrumb","itemListElement":[{"@type":"ListItem","position":1,"name":"Home","item":"https:\/\/hengxingmachinery.com\/"},{"@type":"ListItem","position":2,"name":"6-1. Rotary cooler"}]},{"@type":"WebSite","@id":"https:\/\/hengxingmachinery.com\/#website","url":"https:\/\/hengxingmachinery.com\/","name":"Machines Hengxing","description":"Fabricant leader de toutes sortes de machines mini\u00e8res","publisher":{"@id":"https:\/\/hengxingmachinery.com\/#organization"},"potentialAction":[{"@type":"SearchAction","target":{"@type":"EntryPoint","urlTemplate":"https:\/\/hengxingmachinery.com\/?s={search_term_string}"},"query-input":{"@type":"PropertyValueSpecification","valueRequired":true,"valueName":"search_term_string"}}],"inLanguage":"fr-FR"},{"@type":"Organization","@id":"https:\/\/hengxingmachinery.com\/#organization","name":"Machines Hengxing","url":"https:\/\/hengxingmachinery.com\/","logo":{"@type":"ImageObject","inLanguage":"fr-FR","@id":"https:\/\/hengxingmachinery.com\/#\/schema\/logo\/image\/","url":"https:\/\/hengxingmachinery.com\/wp-content\/uploads\/2024\/12\/logo.png","contentUrl":"https:\/\/hengxingmachinery.com\/wp-content\/uploads\/2024\/12\/logo.png","width":400,"height":260,"caption":"Hengxing Machinery"},"image":{"@id":"https:\/\/hengxingmachinery.com\/#\/schema\/logo\/image\/"}}]}},"_links":{"self":[{"href":"https:\/\/hengxingmachinery.com\/fr\/wp-json\/wp\/v2\/pages\/2191","targetHints":{"allow":["GET"]}}],"collection":[{"href":"https:\/\/hengxingmachinery.com\/fr\/wp-json\/wp\/v2\/pages"}],"about":[{"href":"https:\/\/hengxingmachinery.com\/fr\/wp-json\/wp\/v2\/types\/page"}],"author":[{"embeddable":true,"href":"https:\/\/hengxingmachinery.com\/fr\/wp-json\/wp\/v2\/users\/1"}],"replies":[{"embeddable":true,"href":"https:\/\/hengxingmachinery.com\/fr\/wp-json\/wp\/v2\/comments?post=2191"}],"version-history":[{"count":2,"href":"https:\/\/hengxingmachinery.com\/fr\/wp-json\/wp\/v2\/pages\/2191\/revisions"}],"predecessor-version":[{"id":2196,"href":"https:\/\/hengxingmachinery.com\/fr\/wp-json\/wp\/v2\/pages\/2191\/revisions\/2196"}],"wp:attachment":[{"href":"https:\/\/hengxingmachinery.com\/fr\/wp-json\/wp\/v2\/media?parent=2191"}],"curies":[{"name":"wp","href":"https:\/\/api.w.org\/{rel}","templated":true}]}}