{"id":2211,"date":"2025-03-14T05:40:30","date_gmt":"2025-03-14T05:40:30","guid":{"rendered":"https:\/\/hengxingmachinery.com\/?page_id=2211"},"modified":"2025-03-14T05:40:55","modified_gmt":"2025-03-14T05:40:55","slug":"rotary-kiln","status":"publish","type":"page","link":"https:\/\/hengxingmachinery.com\/fr\/rotary-kiln\/","title":{"rendered":"6-1. Four rotatif"},"content":{"rendered":"<div class=\"gb-container gb-container-45165f5a\">\n<div class=\"gb-container gb-container-c2652eb4\">\n\n<h1 class=\"gb-headline gb-headline-62a8b2cc gb-headline-text\">Four rotatif<\/h1>\n\n<\/div>\n<\/div>\n\n<div class=\"gb-container gb-container-519cf624\">\n<div class=\"gb-container gb-container-71ca071e\">\n<div class=\"gb-grid-wrapper gb-grid-wrapper-8a5f0688\">\n<div class=\"gb-grid-column gb-grid-column-1e99b1c2\"><div class=\"gb-container gb-container-1e99b1c2\">\n\n<figure class=\"gb-block-image gb-block-image-e4eaba54\"><img decoding=\"async\" width=\"665\" height=\"545\" class=\"gb-image gb-image-e4eaba54\" src=\"https:\/\/hengxingmachinery.com\/wp-content\/uploads\/2025\/03\/rotary-kiln-major-sale.jpg\" alt=\"\" title=\"vente-principale-du-four-rotatif\" srcset=\"https:\/\/hengxingmachinery.com\/wp-content\/uploads\/2025\/03\/rotary-kiln-major-sale.jpg 665w, https:\/\/hengxingmachinery.com\/wp-content\/uploads\/2025\/03\/rotary-kiln-major-sale-300x246.jpg 300w, https:\/\/hengxingmachinery.com\/wp-content\/uploads\/2025\/03\/rotary-kiln-major-sale-15x12.jpg 15w\" sizes=\"(max-width: 665px) 100vw, 665px\" \/><\/figure>\n\n<\/div><\/div>\n\n<div class=\"gb-grid-column gb-grid-column-bcae065b\"><div class=\"gb-container gb-container-bcae065b\">\n\n<p class=\"gb-headline gb-headline-e419680e gb-headline-text\">Le four rotatif appartient \u00e0 l'\u00e9quipement des mat\u00e9riaux de construction. Selon les mat\u00e9riaux trait\u00e9s, il peut \u00eatre divis\u00e9 en four \u00e0 ciment, four de m\u00e9tallurgie-chimie et four \u00e0 chaux. <\/p>\n\n\n\n<p><a href=\"https:\/\/hengxingmachinery.com\/fr\/cement-rotary-kiln\/\">Four \u00e0 ciment<\/a> est utilis\u00e9 pour la production de clinker de ciment, avec des m\u00e9thodes de fabrication par voie s\u00e8che ou par voie humide. <\/p>\n\n\n\n<p>Le four de m\u00e9tallurgie-chimie est largement utilis\u00e9 pour le grillage magn\u00e9tique des minerais de fer pauvres et le grillage oxydant du chrome et du nickel dans les aci\u00e9ries ; le frittage des mines \u00e0 haute teneur en alumine dans les usines de mat\u00e9riaux r\u00e9fractaires ; le grillage de la chamotte et de l'alumine dans les usines d'aluminium ; et le grillage du minerai de chrome et de la poudre de chrome dans les usines chimiques. <\/p>\n\n\n\n<p><a href=\"https:\/\/hengxingmachinery.com\/fr\/lime-rotary-kiln\/\">Le four \u00e0 chaux<\/a> est utilis\u00e9 pour le grillage de la chaux vive dans les aci\u00e9ries et les usines de ferroalliages, ainsi que pour le grillage l\u00e9ger de la dolomite.<\/p>\n\n\n<div class=\"gb-grid-wrapper gb-grid-wrapper-eebec76e\">\n<div class=\"gb-grid-column gb-grid-column-e3ada2f0\"><div class=\"gb-container gb-container-e3ada2f0\">\n\n<p class=\"gb-headline gb-headline-4c79a90a gb-headline-text\"><mark style=\"background-color:rgba(0, 0, 0, 0)\" class=\"has-inline-color has-global-color-8-color\"><strong>Capacit\u00e9:<\/strong><\/mark> 2-20t\/h<\/p>\n\n<\/div><\/div>\n\n<div class=\"gb-grid-column gb-grid-column-0bb00826\"><div class=\"gb-container gb-container-0bb00826\">\n\n<p class=\"gb-headline gb-headline-86d53f56 gb-headline-text\"><mark style=\"background-color:rgba(0, 0, 0, 0)\" class=\"has-inline-color has-global-color-8-color\"><strong><strong>Mod\u00e8le<\/strong>:<\/strong><\/mark> \u00d81,6\u00d732m-\u00d84\u00d780m<\/p>\n\n<\/div><\/div>\n<\/div>\n\n\n<p class=\"gb-headline gb-headline-2750f5a7 gb-headline-text\"><strong>Poids de l'\u00e9quipement :<\/strong><\/p>\n\n\n\n<p>&nbsp;46,8-564,8 t<\/p>\n\n\n\n<p class=\"gb-headline gb-headline-90e9c23c gb-headline-text\"><strong>Application :<\/strong><\/p>\n\n\n\n<p>Convient aux industries m\u00e9tallurgique, chimique et des mat\u00e9riaux de construction, etc.<\/p>\n\n\n<div class=\"gb-container gb-container-256e15f1\">\n\n<a class=\"gb-button gb-button-e8b73d89 gb-button-text\" href=\"#popmake-622\">Obtenez un devis gratuit maintenant<\/a>\n\n<\/div>\n<\/div><\/div>\n<\/div>\n<\/div>\n<\/div>\n\n<div class=\"gb-container gb-container-af5f8799\">\n<div class=\"gb-container gb-container-2298848b\">\n\n<h2 class=\"gb-headline gb-headline-9d27ad2c gb-headline-text\">Caract\u00e9ristiques remarquables du four rotatif<\/h2>\n\n\n\n<figure class=\"gb-block-image gb-block-image-d3dc0db2\"><img decoding=\"async\" width=\"665\" height=\"545\" class=\"gb-image gb-image-d3dc0db2\" src=\"https:\/\/hengxingmachinery.com\/wp-content\/uploads\/2025\/03\/rotary-kiln-feature.jpg\" alt=\"\" title=\"caract\u00e9ristiques-du-four-rotatif\" srcset=\"https:\/\/hengxingmachinery.com\/wp-content\/uploads\/2025\/03\/rotary-kiln-feature.jpg 665w, https:\/\/hengxingmachinery.com\/wp-content\/uploads\/2025\/03\/rotary-kiln-feature-300x246.jpg 300w, https:\/\/hengxingmachinery.com\/wp-content\/uploads\/2025\/03\/rotary-kiln-feature-15x12.jpg 15w\" sizes=\"(max-width: 665px) 100vw, 665px\" \/><\/figure>\n\n\n\n<p>Le four rotatif est utilis\u00e9 pour la calcination de ciment de haute qualit\u00e9 dans les cimenteries, mais aussi largement employ\u00e9 dans les secteurs de la m\u00e9tallurgie, de la construction et de l'industrie chimique.<\/p>\n\n\n\n<p>Le four rotatif produit par notre usine pr\u00e9sente une structure robuste, un fonctionnement fluide et des produits de haute qualit\u00e9. De plus, nous fournissons \u00e0 nos clients des pr\u00e9chauffeurs \u00e0 colonne avanc\u00e9s et efficaces ainsi que des pr\u00e9chauffeurs \u00e0 cyclones \u00e0 cinq \u00e9tages.<\/p>\n\n\n<div class=\"gb-container gb-container-d7b7b595\">\n\n<a class=\"gb-button gb-button-c1312760 gb-button-text\" href=\"#popmake-622\">Obtenez un devis gratuit maintenant<\/a>\n\n<\/div>\n<\/div>\n<\/div>\n\n<div class=\"gb-container gb-container-ebd718b6\">\n<div class=\"gb-container gb-container-5c75b960\">\n\n<h2 class=\"gb-headline gb-headline-98859344 gb-headline-text\">Principe de fonctionnement du four rotatif<\/h2>\n\n\n\n<figure class=\"gb-block-image gb-block-image-c486b36e\"><img decoding=\"async\" width=\"1450\" height=\"600\" class=\"gb-image gb-image-c486b36e\" src=\"https:\/\/hengxingmachinery.com\/wp-content\/uploads\/2025\/03\/titanium-dioxide-rotary-kiln-working.jpg\" alt=\"\" title=\"fonctionnement-du-four-rotatif-au-dioxyde-de-titane\" srcset=\"https:\/\/hengxingmachinery.com\/wp-content\/uploads\/2025\/03\/titanium-dioxide-rotary-kiln-working.jpg 1450w, https:\/\/hengxingmachinery.com\/wp-content\/uploads\/2025\/03\/titanium-dioxide-rotary-kiln-working-300x124.jpg 300w, https:\/\/hengxingmachinery.com\/wp-content\/uploads\/2025\/03\/titanium-dioxide-rotary-kiln-working-1024x424.jpg 1024w, https:\/\/hengxingmachinery.com\/wp-content\/uploads\/2025\/03\/titanium-dioxide-rotary-kiln-working-768x318.jpg 768w, https:\/\/hengxingmachinery.com\/wp-content\/uploads\/2025\/03\/titanium-dioxide-rotary-kiln-working-18x7.jpg 18w\" sizes=\"(max-width: 1450px) 100vw, 1450px\" \/><\/figure>\n\n\n\n<p>Le four rotatif est un r\u00e9cipient cylindrique, l\u00e9g\u00e8rement inclin\u00e9 par rapport \u00e0 l'horizontale, qui tourne lentement autour de son axe. La mati\u00e8re \u00e0 traiter est introduite \u00e0 l'extr\u00e9mit\u00e9 sup\u00e9rieure du cylindre. Lorsque le four tourne, les mat\u00e9riaux se d\u00e9placent progressivement vers l'extr\u00e9mit\u00e9 inf\u00e9rieure et peuvent subir un certain degr\u00e9 d'agitation et de m\u00e9lange. <\/p>\n\n\n\n<p>Les gaz chauds circulent le long du four, parfois dans le m\u00eame sens que la mati\u00e8re trait\u00e9e (co-courant), mais g\u00e9n\u00e9ralement en sens inverse (contre-courant). <\/p>\n\n\n\n<p>Les gaz chauds peuvent \u00eatre g\u00e9n\u00e9r\u00e9s dans un four externe ou par une flamme \u00e0 l'int\u00e9rieur du four. Une telle flamme est projet\u00e9e depuis un br\u00fbleur (ou \u2018 tuyau de combustion \u2019), qui agit comme un grand br\u00fbleur. Le combustible peut \u00eatre du gaz, du fioul ou du charbon pulv\u00e9ris\u00e9.<\/p>\n\n\n<div class=\"gb-container gb-container-d6bbf16a\">\n\n<a class=\"gb-button gb-button-caa3f2bc gb-button-text\" href=\"#popmake-622\">Obtenez un devis gratuit maintenant<\/a>\n\n<\/div>\n<\/div>\n<\/div>\n\n<div class=\"gb-container gb-container-435ad261\">\n<div class=\"gb-container gb-container-7dc79cc4\">\n\n<h2 class=\"gb-headline gb-headline-6fe5dee2 gb-headline-text\">Sp\u00e9cifications du four rotatif<\/h2>\n\n\n\n<figure class=\"wp-block-table\"><table class=\"has-fixed-layout\"><tbody><tr><td><strong>Mod\u00e8le des sp\u00e9cifications<br>(mm)<\/strong><\/td><td colspan=\"3\"><strong>La taille du four<\/strong><\/td><td><strong>Rendement<br>(t\/h)<\/strong><\/td><td><strong>Vitesse<br>(tr\/min)<\/strong><\/td><td><strong>Puissance \u00e9lectrique (kw)<\/strong><\/td><td><strong>Poids<br>(t)<\/strong><\/td><td><strong>Remarques<\/strong><\/td><\/tr><tr><td>&nbsp;<\/td><td><strong>Diam\u00e8tre<br>(mm)<\/strong><\/td><td><strong>Longueur<br>(mm)<\/strong><\/td><td><strong>Pente<br>(%)<\/strong><\/td><td>&nbsp;<\/td><td>&nbsp;<\/td><td>&nbsp;<\/td><td>&nbsp;<\/td><td>&nbsp;<\/td><\/tr><tr><td>\u03c61,4\u00d733<\/td><td>1.4<\/td><td>33<\/td><td>3<\/td><td>0.9-1.3<\/td><td>0.39-3.96<\/td><td>18.5<\/td><td>47.5<\/td><td>\u2014-<\/td><\/tr><tr><td>\u03c61,6\u00d736<\/td><td>1.6<\/td><td>36<\/td><td>4<\/td><td>1.2-1.9<\/td><td>0.26-2.63<\/td><td>22<\/td><td>52<\/td><td>\u2014-<\/td><\/tr><tr><td>\u03c61,8\u00d745<\/td><td>1.8<\/td><td>45<\/td><td>4<\/td><td>1.9-2.4<\/td><td>0.16-1.62<\/td><td>30<\/td><td>78.2<\/td><td>\u2014-<\/td><\/tr><tr><td>\u03c61,9\u00d739<\/td><td>1.9<\/td><td>39<\/td><td>4<\/td><td>1.65-3<\/td><td>0.29-2.93<\/td><td>30<\/td><td>77.59<\/td><td>\u2014-<\/td><\/tr><tr><td>\u03c62,0\u00d740<\/td><td>2<\/td><td>40<\/td><td>3<\/td><td>2.5-4<\/td><td>0.23-2.26<\/td><td>37<\/td><td>119.1<\/td><td>\u2014-<\/td><\/tr><tr><td>\u03c62,2\u00d745<\/td><td>2.2<\/td><td>45<\/td><td>3.5<\/td><td>3.4-5.4<\/td><td>0.21-2.44<\/td><td>45<\/td><td>128.3<\/td><td>\u2014-<\/td><\/tr><tr><td>\u03c62,5\u00d740<\/td><td>2.5<\/td><td>40<\/td><td>3.5<\/td><td>9.0-10.5<\/td><td>0.44-2.44<\/td><td>55<\/td><td>149.61<\/td><td>\u2014-<\/td><\/tr><tr><td>\u03c62,5\u00d750<\/td><td>2.5<\/td><td>50<\/td><td>3<\/td><td>6.25-7.4<\/td><td>0.62-1.86<\/td><td>55<\/td><td>187.37<\/td><td>\u2014-<\/td><\/tr><tr><td>\u03c62,5\u00d754<\/td><td>2.5<\/td><td>54<\/td><td>3.5<\/td><td>6.9-8.5<\/td><td>0.48-1.45<\/td><td>55<\/td><td>196.29<\/td><td>\u2014-<\/td><\/tr><tr><td>\u03c62,7\u00d742<\/td><td>2.7<\/td><td>42<\/td><td>3.5<\/td><td>10.0-11.0<\/td><td>0.10-1.52<\/td><td>55<\/td><td>198.5<\/td><td>\u2014-<\/td><\/tr><tr><td>\u03c62,8\u00d744<\/td><td>2.8<\/td><td>44<\/td><td>3.5<\/td><td>12.5-13.5<\/td><td>0.437-2.18<\/td><td>55<\/td><td>201.58<\/td><td>Four de pr\u00e9chauffage \u00e0 suspension<\/td><\/tr><tr><td>\u03c63,0\u00d745<\/td><td>3<\/td><td>45<\/td><td>3.5<\/td><td>12.8-14.5<\/td><td>0.5-2.47<\/td><td>75<\/td><td>210.94<\/td><td>\u2014-<\/td><\/tr><tr><td>\u03c63,0\u00d748<\/td><td>3<\/td><td>48<\/td><td>3.5<\/td><td>25.6-29.3<\/td><td>0.6-3.48<\/td><td>100<\/td><td>237<\/td><td>Le four, le four<\/td><\/tr><tr><td>\u03c63,0\u00d760<\/td><td>3<\/td><td>60<\/td><td>3.5<\/td><td>12.3-14.1<\/td><td>0.3-2<\/td><td>100<\/td><td>310<\/td><td>\u2014-<\/td><\/tr><tr><td>\u03c63,2\u00d750<\/td><td>3.2<\/td><td>50<\/td><td>4<\/td><td>40.5-42<\/td><td>0.6-3<\/td><td>125<\/td><td>278<\/td><td>Le four, le four<\/td><\/tr><\/tbody><\/table><\/figure>\n\n\n<div class=\"gb-container gb-container-263d9700\">\n\n<a class=\"gb-button gb-button-a4cbb7be gb-button-text\" href=\"#popmake-622\">Obtenez un devis gratuit maintenant<\/a>\n\n<\/div>\n<\/div>\n<\/div>\n\n\n<p><\/p>","protected":false},"excerpt":{"rendered":"<p>Rotary kiln Outstanding features of rotary kiln Rotary kiln is used for calcinating high standard cement in cement factories, but also widely used in metallurgy, construction and chemical industry. The rotary kiln produced by our factory has a strong structure, smooth operation, and high-quality products. Besides, we provide our customers with advanced and efficient shaft &#8230; <\/p>\n<p class=\"read-more-container\"><a title=\"6-1. Four rotatif\" class=\"read-more button\" href=\"https:\/\/hengxingmachinery.com\/fr\/rotary-kiln\/#more-2211\" aria-label=\"En savoir plus sur 6-1. Rotary kiln\">Lire plus<\/a><\/p>","protected":false},"author":1,"featured_media":0,"parent":0,"menu_order":0,"comment_status":"closed","ping_status":"closed","template":"","meta":{"footnotes":""},"class_list":["post-2211","page","type-page","status-publish"],"yoast_head":"<!-- This site is optimized with the Yoast SEO plugin v27.4 - https:\/\/yoast.com\/product\/yoast-seo-wordpress\/ -->\n<title>6-1. Rotary kiln - Hengxing Machinery<\/title>\n<meta name=\"robots\" content=\"index, follow, max-snippet:-1, max-image-preview:large, max-video-preview:-1\" \/>\n<link rel=\"canonical\" href=\"https:\/\/hengxingmachinery.com\/fr\/rotary-kiln\/\" \/>\n<meta property=\"og:locale\" content=\"fr_FR\" \/>\n<meta property=\"og:type\" content=\"article\" \/>\n<meta property=\"og:title\" content=\"6-1. Rotary kiln - Hengxing Machinery\" \/>\n<meta property=\"og:description\" content=\"Rotary kiln Outstanding features of rotary kiln Rotary kiln is used for calcinating high standard cement in cement factories, but also widely used in metallurgy, construction and chemical industry. The rotary kiln produced by our factory has a strong structure, smooth operation, and high-quality products. Besides, we provide our customers with advanced and efficient shaft ... Lire plus\" \/>\n<meta property=\"og:url\" content=\"https:\/\/hengxingmachinery.com\/fr\/rotary-kiln\/\" \/>\n<meta property=\"og:site_name\" content=\"Hengxing Machinery\" \/>\n<meta property=\"article:modified_time\" content=\"2025-03-14T05:40:55+00:00\" \/>\n<meta property=\"og:image\" content=\"https:\/\/hengxingmachinery.com\/wp-content\/uploads\/2025\/03\/rotary-kiln-major-sale.jpg\" \/>\n<meta name=\"twitter:card\" content=\"summary_large_image\" \/>\n<meta name=\"twitter:label1\" content=\"Dur\u00e9e de lecture estim\u00e9e\" \/>\n\t<meta name=\"twitter:data1\" content=\"3 minutes\" \/>\n<script type=\"application\/ld+json\" class=\"yoast-schema-graph\">{\"@context\":\"https:\\\/\\\/schema.org\",\"@graph\":[{\"@type\":\"WebPage\",\"@id\":\"https:\\\/\\\/hengxingmachinery.com\\\/rotary-kiln\\\/\",\"url\":\"https:\\\/\\\/hengxingmachinery.com\\\/rotary-kiln\\\/\",\"name\":\"6-1. Rotary kiln - Hengxing Machinery\",\"isPartOf\":{\"@id\":\"https:\\\/\\\/hengxingmachinery.com\\\/#website\"},\"primaryImageOfPage\":{\"@id\":\"https:\\\/\\\/hengxingmachinery.com\\\/rotary-kiln\\\/#primaryimage\"},\"image\":{\"@id\":\"https:\\\/\\\/hengxingmachinery.com\\\/rotary-kiln\\\/#primaryimage\"},\"thumbnailUrl\":\"https:\\\/\\\/hengxingmachinery.com\\\/wp-content\\\/uploads\\\/2025\\\/03\\\/rotary-kiln-major-sale.jpg\",\"datePublished\":\"2025-03-14T05:40:30+00:00\",\"dateModified\":\"2025-03-14T05:40:55+00:00\",\"breadcrumb\":{\"@id\":\"https:\\\/\\\/hengxingmachinery.com\\\/rotary-kiln\\\/#breadcrumb\"},\"inLanguage\":\"fr-FR\",\"potentialAction\":[{\"@type\":\"ReadAction\",\"target\":[\"https:\\\/\\\/hengxingmachinery.com\\\/rotary-kiln\\\/\"]}]},{\"@type\":\"ImageObject\",\"inLanguage\":\"fr-FR\",\"@id\":\"https:\\\/\\\/hengxingmachinery.com\\\/rotary-kiln\\\/#primaryimage\",\"url\":\"https:\\\/\\\/hengxingmachinery.com\\\/wp-content\\\/uploads\\\/2025\\\/03\\\/rotary-kiln-major-sale.jpg\",\"contentUrl\":\"https:\\\/\\\/hengxingmachinery.com\\\/wp-content\\\/uploads\\\/2025\\\/03\\\/rotary-kiln-major-sale.jpg\"},{\"@type\":\"BreadcrumbList\",\"@id\":\"https:\\\/\\\/hengxingmachinery.com\\\/rotary-kiln\\\/#breadcrumb\",\"itemListElement\":[{\"@type\":\"ListItem\",\"position\":1,\"name\":\"Home\",\"item\":\"https:\\\/\\\/hengxingmachinery.com\\\/\"},{\"@type\":\"ListItem\",\"position\":2,\"name\":\"6-1. Rotary kiln\"}]},{\"@type\":\"WebSite\",\"@id\":\"https:\\\/\\\/hengxingmachinery.com\\\/#website\",\"url\":\"https:\\\/\\\/hengxingmachinery.com\\\/\",\"name\":\"Hengxing Machinery\",\"description\":\"Leading Manufacturer of All Sorts of Mining Machinery\",\"publisher\":{\"@id\":\"https:\\\/\\\/hengxingmachinery.com\\\/#organization\"},\"potentialAction\":[{\"@type\":\"SearchAction\",\"target\":{\"@type\":\"EntryPoint\",\"urlTemplate\":\"https:\\\/\\\/hengxingmachinery.com\\\/?s={search_term_string}\"},\"query-input\":{\"@type\":\"PropertyValueSpecification\",\"valueRequired\":true,\"valueName\":\"search_term_string\"}}],\"inLanguage\":\"fr-FR\"},{\"@type\":\"Organization\",\"@id\":\"https:\\\/\\\/hengxingmachinery.com\\\/#organization\",\"name\":\"Hengxing Machinery\",\"url\":\"https:\\\/\\\/hengxingmachinery.com\\\/\",\"logo\":{\"@type\":\"ImageObject\",\"inLanguage\":\"fr-FR\",\"@id\":\"https:\\\/\\\/hengxingmachinery.com\\\/#\\\/schema\\\/logo\\\/image\\\/\",\"url\":\"https:\\\/\\\/hengxingmachinery.com\\\/wp-content\\\/uploads\\\/2024\\\/12\\\/logo.png\",\"contentUrl\":\"https:\\\/\\\/hengxingmachinery.com\\\/wp-content\\\/uploads\\\/2024\\\/12\\\/logo.png\",\"width\":400,\"height\":260,\"caption\":\"Hengxing Machinery\"},\"image\":{\"@id\":\"https:\\\/\\\/hengxingmachinery.com\\\/#\\\/schema\\\/logo\\\/image\\\/\"}}]}<\/script>\n<!-- \/ Yoast SEO plugin. -->","yoast_head_json":{"title":"6-1. Four rotatif - Hengxing Machinery","robots":{"index":"index","follow":"follow","max-snippet":"max-snippet:-1","max-image-preview":"max-image-preview:large","max-video-preview":"max-video-preview:-1"},"canonical":"https:\/\/hengxingmachinery.com\/fr\/rotary-kiln\/","og_locale":"fr_FR","og_type":"article","og_title":"6-1. Rotary kiln - Hengxing Machinery","og_description":"Rotary kiln Outstanding features of rotary kiln Rotary kiln is used for calcinating high standard cement in cement factories, but also widely used in metallurgy, construction and chemical industry. The rotary kiln produced by our factory has a strong structure, smooth operation, and high-quality products. Besides, we provide our customers with advanced and efficient shaft ... Lire plus","og_url":"https:\/\/hengxingmachinery.com\/fr\/rotary-kiln\/","og_site_name":"Hengxing Machinery","article_modified_time":"2025-03-14T05:40:55+00:00","og_image":[{"url":"https:\/\/hengxingmachinery.com\/wp-content\/uploads\/2025\/03\/rotary-kiln-major-sale.jpg","type":"","width":"","height":""}],"twitter_card":"summary_large_image","twitter_misc":{"Dur\u00e9e de lecture estim\u00e9e":"3 minutes"},"schema":{"@context":"https:\/\/schema.org","@graph":[{"@type":"WebPage","@id":"https:\/\/hengxingmachinery.com\/rotary-kiln\/","url":"https:\/\/hengxingmachinery.com\/rotary-kiln\/","name":"6-1. Four rotatif - Hengxing Machinery","isPartOf":{"@id":"https:\/\/hengxingmachinery.com\/#website"},"primaryImageOfPage":{"@id":"https:\/\/hengxingmachinery.com\/rotary-kiln\/#primaryimage"},"image":{"@id":"https:\/\/hengxingmachinery.com\/rotary-kiln\/#primaryimage"},"thumbnailUrl":"https:\/\/hengxingmachinery.com\/wp-content\/uploads\/2025\/03\/rotary-kiln-major-sale.jpg","datePublished":"2025-03-14T05:40:30+00:00","dateModified":"2025-03-14T05:40:55+00:00","breadcrumb":{"@id":"https:\/\/hengxingmachinery.com\/rotary-kiln\/#breadcrumb"},"inLanguage":"fr-FR","potentialAction":[{"@type":"ReadAction","target":["https:\/\/hengxingmachinery.com\/rotary-kiln\/"]}]},{"@type":"ImageObject","inLanguage":"fr-FR","@id":"https:\/\/hengxingmachinery.com\/rotary-kiln\/#primaryimage","url":"https:\/\/hengxingmachinery.com\/wp-content\/uploads\/2025\/03\/rotary-kiln-major-sale.jpg","contentUrl":"https:\/\/hengxingmachinery.com\/wp-content\/uploads\/2025\/03\/rotary-kiln-major-sale.jpg"},{"@type":"BreadcrumbList","@id":"https:\/\/hengxingmachinery.com\/rotary-kiln\/#breadcrumb","itemListElement":[{"@type":"ListItem","position":1,"name":"Home","item":"https:\/\/hengxingmachinery.com\/"},{"@type":"ListItem","position":2,"name":"6-1. Rotary kiln"}]},{"@type":"WebSite","@id":"https:\/\/hengxingmachinery.com\/#website","url":"https:\/\/hengxingmachinery.com\/","name":"Machines Hengxing","description":"Fabricant leader de toutes sortes de machines mini\u00e8res","publisher":{"@id":"https:\/\/hengxingmachinery.com\/#organization"},"potentialAction":[{"@type":"SearchAction","target":{"@type":"EntryPoint","urlTemplate":"https:\/\/hengxingmachinery.com\/?s={search_term_string}"},"query-input":{"@type":"PropertyValueSpecification","valueRequired":true,"valueName":"search_term_string"}}],"inLanguage":"fr-FR"},{"@type":"Organization","@id":"https:\/\/hengxingmachinery.com\/#organization","name":"Machines Hengxing","url":"https:\/\/hengxingmachinery.com\/","logo":{"@type":"ImageObject","inLanguage":"fr-FR","@id":"https:\/\/hengxingmachinery.com\/#\/schema\/logo\/image\/","url":"https:\/\/hengxingmachinery.com\/wp-content\/uploads\/2024\/12\/logo.png","contentUrl":"https:\/\/hengxingmachinery.com\/wp-content\/uploads\/2024\/12\/logo.png","width":400,"height":260,"caption":"Hengxing Machinery"},"image":{"@id":"https:\/\/hengxingmachinery.com\/#\/schema\/logo\/image\/"}}]}},"_links":{"self":[{"href":"https:\/\/hengxingmachinery.com\/fr\/wp-json\/wp\/v2\/pages\/2211","targetHints":{"allow":["GET"]}}],"collection":[{"href":"https:\/\/hengxingmachinery.com\/fr\/wp-json\/wp\/v2\/pages"}],"about":[{"href":"https:\/\/hengxingmachinery.com\/fr\/wp-json\/wp\/v2\/types\/page"}],"author":[{"embeddable":true,"href":"https:\/\/hengxingmachinery.com\/fr\/wp-json\/wp\/v2\/users\/1"}],"replies":[{"embeddable":true,"href":"https:\/\/hengxingmachinery.com\/fr\/wp-json\/wp\/v2\/comments?post=2211"}],"version-history":[{"count":1,"href":"https:\/\/hengxingmachinery.com\/fr\/wp-json\/wp\/v2\/pages\/2211\/revisions"}],"predecessor-version":[{"id":2215,"href":"https:\/\/hengxingmachinery.com\/fr\/wp-json\/wp\/v2\/pages\/2211\/revisions\/2215"}],"wp:attachment":[{"href":"https:\/\/hengxingmachinery.com\/fr\/wp-json\/wp\/v2\/media?parent=2211"}],"curies":[{"name":"wp","href":"https:\/\/api.w.org\/{rel}","templated":true}]}}