{"id":2372,"date":"2025-03-20T07:14:35","date_gmt":"2025-03-20T07:14:35","guid":{"rendered":"https:\/\/hengxingmachinery.com\/?page_id=2372"},"modified":"2025-03-20T07:15:48","modified_gmt":"2025-03-20T07:15:48","slug":"bucket-wheel-sand-washing-machine","status":"publish","type":"page","link":"https:\/\/hengxingmachinery.com\/fr\/bucket-wheel-sand-washing-machine\/","title":{"rendered":"2-1. Machine \u00e0 laver le sable \u00e0 roue \u00e0 godets"},"content":{"rendered":"<div class=\"gb-container gb-container-45165f5a\">\n<div class=\"gb-container gb-container-c2652eb4\">\n\n<h1 class=\"gb-headline gb-headline-62a8b2cc gb-headline-text\">Laveuse de sable \u00e0 roue \u00e0 godets<\/h1>\n\n<\/div>\n<\/div>\n\n<div class=\"gb-container gb-container-519cf624\">\n<div class=\"gb-container gb-container-71ca071e\">\n<div class=\"gb-grid-wrapper gb-grid-wrapper-8a5f0688\">\n<div class=\"gb-grid-column gb-grid-column-1e99b1c2\"><div class=\"gb-container gb-container-1e99b1c2\">\n\n<figure class=\"gb-block-image gb-block-image-e4eaba54\"><img decoding=\"async\" width=\"665\" height=\"545\" class=\"gb-image gb-image-e4eaba54\" src=\"https:\/\/hengxingmachinery.com\/wp-content\/uploads\/2025\/03\/gravel-sand-washer.jpg\" alt=\"\" title=\"Laveuse de sable et gravier\" srcset=\"https:\/\/hengxingmachinery.com\/wp-content\/uploads\/2025\/03\/gravel-sand-washer.jpg 665w, https:\/\/hengxingmachinery.com\/wp-content\/uploads\/2025\/03\/gravel-sand-washer-300x246.jpg 300w, https:\/\/hengxingmachinery.com\/wp-content\/uploads\/2025\/03\/gravel-sand-washer-15x12.jpg 15w\" sizes=\"(max-width: 665px) 100vw, 665px\" \/><\/figure>\n\n<\/div><\/div>\n\n<div class=\"gb-grid-column gb-grid-column-bcae065b\"><div class=\"gb-container gb-container-bcae065b\">\n\n<p>Une machine \u00e0 laver le sable \u00e0 roue \u00e0 godets est utilis\u00e9e pour \u00e9liminer la poussi\u00e8re pr\u00e9sente dans le sable. Elle est largement employ\u00e9e pour le nettoyage des mat\u00e9riaux dans les industries suivantes : carri\u00e8res, min\u00e9raux, mat\u00e9riaux de construction, transports, industrie chimique, conservation de l'eau et hydro\u00e9lectricit\u00e9, ainsi que les centrales \u00e0 b\u00e9ton. Elle sert principalement au lavage, \u00e0 la s\u00e9lection et \u00e0 la d\u00e9shydratation des mat\u00e9riaux de construction et des agr\u00e9gats sableux.<\/p>\n\n\n\n<p>La laveuse de sable \u00e0 roue \u00e0 godets est un type de machine \u00e0 laver le sable fonctionnant conjointement avec une machine de fabrication de sable. Elle peut nettoyer et s\u00e9parer la poussi\u00e8re du sable. Sa nouvelle structure d'\u00e9tanch\u00e9it\u00e9 et son dispositif d'entra\u00eenement fiable garantissent un nettoyage efficace. La laveuse de sable \u00e0 godets est principalement utilis\u00e9e sur les chantiers de construction, dans les usines de gravier, sur les chantiers de barrages en b\u00e9ton, les centrales hydro\u00e9lectriques, etc.<\/p>\n\n\n<div class=\"gb-grid-wrapper gb-grid-wrapper-eebec76e\">\n<div class=\"gb-grid-column gb-grid-column-e3ada2f0\"><div class=\"gb-container gb-container-e3ada2f0\">\n\n<p class=\"gb-headline gb-headline-4c79a90a gb-headline-text\"><strong><mark style=\"background-color:rgba(0, 0, 0, 0)\" class=\"has-inline-color has-global-color-8-color\"><strong>Taille d'alimentation maximale (mm)<\/strong>:<\/mark><\/strong> 10<\/p>\n\n<\/div><\/div>\n\n<div class=\"gb-grid-column gb-grid-column-0bb00826\"><div class=\"gb-container gb-container-0bb00826\">\n\n<p class=\"gb-headline gb-headline-86d53f56 gb-headline-text\"><mark style=\"background-color:rgba(0, 0, 0, 0)\" class=\"has-inline-color has-global-color-8-color\"><strong>Capacit\u00e9:<\/strong><\/mark> 20-150t\/h<\/p>\n\n<\/div><\/div>\n<\/div>\n\n<div class=\"gb-container gb-container-256e15f1\">\n\n<a class=\"gb-button gb-button-e8b73d89 gb-button-text\" href=\"#popmake-622\">Obtenez un devis gratuit maintenant<\/a>\n\n<\/div>\n<\/div><\/div>\n<\/div>\n<\/div>\n<\/div>\n\n<div class=\"gb-container gb-container-44d3b6be\">\n<div class=\"gb-container gb-container-cb594cef\">\n\n<h2 class=\"gb-headline gb-headline-43634316 gb-headline-text\">Caract\u00e9ristiques de la machine \u00e0 laver le sable \u00e0 roue \u00e0 godets<\/h2>\n\n\n\n<p>1. Structure simple ;<\/p>\n\n\n\n<p>2. Le dispositif de palier de l'entra\u00eenement de la turbine est s\u00e9par\u00e9 de l'eau et des mat\u00e9riaux humides, \u00e9vitant ainsi tout dommage aux roulements ;<\/p>\n\n\n\n<p>3. Nouvelle structure d'\u00e9tanch\u00e9it\u00e9 et dispositif de transmission fiable ;<\/p>\n\n\n\n<p>4. Structure rationnelle ;<\/p>\n\n\n\n<p>5. Grande capacit\u00e9, faible consommation d'\u00e9nergie ;<\/p>\n\n\n\n<p>6. Conception simple et fonctionnement stable.<\/p>\n\n\n<div class=\"gb-container gb-container-a3629fb4\">\n\n<a class=\"gb-button gb-button-193549b0 gb-button-text\" href=\"#popmake-622\">Obtenez un devis gratuit maintenant<\/a>\n\n<\/div>\n<\/div>\n<\/div>\n\n<div class=\"gb-container gb-container-3a930c38\">\n<div class=\"gb-container gb-container-8a36e90a\">\n\n<h2 class=\"gb-headline gb-headline-a5d3273c gb-headline-text\">Principe de fonctionnement de la machine \u00e0 laver le sable \u00e0 roue \u00e0 godets<\/h2>\n\n\n\n<figure class=\"gb-block-image gb-block-image-1c359176\"><img decoding=\"async\" width=\"800\" height=\"600\" class=\"gb-image gb-image-1c359176\" src=\"https:\/\/hengxingmachinery.com\/wp-content\/uploads\/2025\/03\/bucket-wheel-sand-washing-machine.jpg\" alt=\"\" title=\"Machine \u00e0 laver le sable \u00e0 roue \u00e0 godets\" srcset=\"https:\/\/hengxingmachinery.com\/wp-content\/uploads\/2025\/03\/bucket-wheel-sand-washing-machine.jpg 800w, https:\/\/hengxingmachinery.com\/wp-content\/uploads\/2025\/03\/bucket-wheel-sand-washing-machine-300x225.jpg 300w, https:\/\/hengxingmachinery.com\/wp-content\/uploads\/2025\/03\/bucket-wheel-sand-washing-machine-768x576.jpg 768w, https:\/\/hengxingmachinery.com\/wp-content\/uploads\/2025\/03\/bucket-wheel-sand-washing-machine-16x12.jpg 16w\" sizes=\"(max-width: 800px) 100vw, 800px\" \/><\/figure>\n\n\n\n<p>Lorsque la machine fonctionne, le moteur entra\u00eene la turbine qui tourne lentement apr\u00e8s r\u00e9duction par la courroie trap\u00e9zo\u00efdale, le r\u00e9ducteur et l'engrenage. Le sable p\u00e9n\u00e8tre dans la cuve de lavage par la tr\u00e9mie d'alimentation, est brass\u00e9 par la turbine et les grains frottent les uns contre les autres pour \u00e9liminer les impuret\u00e9s recouvrant leur surface, tout en brisant la pellicule d'eau, ce qui favorise la d\u00e9shydratation.<\/p>\n\n\n\n<p>Simultan\u00e9ment, un fort courant d'eau entra\u00eene les impuret\u00e9s et les \u00e9vacue par l'ensemble du syst\u00e8me. Le sable nettoy\u00e9 est repris par les godets de la roue et, lors de son \u00e9l\u00e9vation, l'eau s'\u00e9goutte \u00e0 travers les mailles de la cuve, permettant \u00e0 la fois la d\u00e9shydratation du sable et l'\u00e9conomie d'eau. Enfin, le sable est d\u00e9vers\u00e9 dans la goulotte de d\u00e9charge, achevant ainsi le processus de lavage.<\/p>\n\n\n<div class=\"gb-container gb-container-96208927\">\n\n<a class=\"gb-button gb-button-429870c5 gb-button-text\" href=\"#popmake-622\">Obtenez un devis gratuit maintenant<\/a>\n\n<\/div>\n<\/div>\n<\/div>\n\n<div class=\"gb-container gb-container-435ad261\">\n<div class=\"gb-container gb-container-7dc79cc4\">\n\n<h2 class=\"gb-headline gb-headline-6fe5dee2 gb-headline-text\">Sp\u00e9cifications de la machine \u00e0 laver le sable \u00e0 roue \u00e0 godets<\/h2>\n\n\n\n<figure class=\"wp-block-table is-style-stripes\"><table class=\"has-fixed-layout\"><tbody><tr><td><strong>Mod\u00e8le<\/strong><\/td><td><strong>Dimensions de la roue (mm)<\/strong><\/td><td><strong>Taille maximale d'alimentation (mm)<\/strong><\/td><td><strong>Puissance (KW\/HP)<\/strong><\/td><td><strong>Poids (t)<\/strong><\/td><td><strong>Capacit\u00e9 (t\/h)<\/strong><\/td><td><strong>Dimensions hors-tout (mm)<\/strong><\/td><\/tr><tr><td>XSD2610<\/td><td>\u03a62600\u00d71000<\/td><td>10<\/td><td>5.5\/7.5<\/td><td>2.6<\/td><td>20-50<\/td><td>3255\u00d71982\u00d72690<\/td><\/tr><tr><td>XSD2816<\/td><td>\u03a62800\u00d71600<\/td><td>10<\/td><td>11\/15<\/td><td>4.2<\/td><td>30-60<\/td><td>3540\u00d73000\u00d72880<\/td><\/tr><tr><td>XSD3016<\/td><td>\u03a63000\u00d71600<\/td><td>10<\/td><td>15\/20<\/td><td>5.5<\/td><td>50-100<\/td><td>3845\u00d73000\u00d73080<\/td><\/tr><tr><td>XSD3220<\/td><td>\u03a63000\u00d72000<\/td><td>10<\/td><td>15\/20<\/td><td>8.3<\/td><td>60-150<\/td><td>4150\u00d73500\u00d73300<\/td><\/tr><tr><td>XSD3620<\/td><td>\u03a63000\u00d72000<\/td><td>10<\/td><td>15\/20<\/td><td>9.8<\/td><td>80-150<\/td><td>4500\u00d73500\u00d73700<\/td><\/tr><\/tbody><\/table><\/figure>\n\n\n<div class=\"gb-container gb-container-263d9700\">\n\n<a class=\"gb-button gb-button-a4cbb7be gb-button-text\" href=\"#popmake-622\">Obtenez un devis gratuit maintenant<\/a>\n\n<\/div>\n<\/div>\n<\/div>","protected":false},"excerpt":{"rendered":"<p>Bucket wheel sand washing machine Bucket wheel sand washing machine characteristic 1. Simple structure; 2. The bearing device of the impeller drive is separated from water and 1 material with water, to avoid damage to the bearing; 3. New sealing structure and reliable transmission device; 4 . Reasonable structure; 5. High capacity, low power consumption; &#8230; <\/p>\n<p class=\"read-more-container\"><a title=\"2-1. Machine \u00e0 laver le sable \u00e0 roue \u00e0 godets\" class=\"read-more button\" href=\"https:\/\/hengxingmachinery.com\/fr\/bucket-wheel-sand-washing-machine\/#more-2372\" aria-label=\"En savoir plus sur 2-1. Bucket wheel sand washing machine\">Lire plus<\/a><\/p>","protected":false},"author":1,"featured_media":0,"parent":0,"menu_order":0,"comment_status":"closed","ping_status":"closed","template":"","meta":{"footnotes":""},"class_list":["post-2372","page","type-page","status-publish"],"yoast_head":"<!-- This site is optimized with the Yoast SEO plugin v27.4 - https:\/\/yoast.com\/product\/yoast-seo-wordpress\/ -->\n<title>2-1. Bucket wheel sand washing machine - Hengxing Machinery<\/title>\n<meta name=\"robots\" content=\"index, follow, max-snippet:-1, max-image-preview:large, max-video-preview:-1\" \/>\n<link rel=\"canonical\" href=\"https:\/\/hengxingmachinery.com\/fr\/bucket-wheel-sand-washing-machine\/\" \/>\n<meta property=\"og:locale\" content=\"fr_FR\" \/>\n<meta property=\"og:type\" content=\"article\" \/>\n<meta property=\"og:title\" content=\"2-1. Bucket wheel sand washing machine - Hengxing Machinery\" \/>\n<meta property=\"og:description\" content=\"Bucket wheel sand washing machine Bucket wheel sand washing machine characteristic 1. Simple structure; 2. The bearing device of the impeller drive is separated from water and 1 material with water, to avoid damage to the bearing; 3. New sealing structure and reliable transmission device; 4 . Reasonable structure; 5. High capacity, low power consumption; ... Lire plus\" \/>\n<meta property=\"og:url\" content=\"https:\/\/hengxingmachinery.com\/fr\/bucket-wheel-sand-washing-machine\/\" \/>\n<meta property=\"og:site_name\" content=\"Hengxing Machinery\" \/>\n<meta property=\"article:modified_time\" content=\"2025-03-20T07:15:48+00:00\" \/>\n<meta property=\"og:image\" content=\"https:\/\/hengxingmachinery.com\/wp-content\/uploads\/2025\/03\/gravel-sand-washer.jpg\" \/>\n<meta name=\"twitter:card\" content=\"summary_large_image\" \/>\n<meta name=\"twitter:label1\" content=\"Dur\u00e9e de lecture estim\u00e9e\" \/>\n\t<meta name=\"twitter:data1\" content=\"3 minutes\" \/>\n<script type=\"application\/ld+json\" class=\"yoast-schema-graph\">{\"@context\":\"https:\\\/\\\/schema.org\",\"@graph\":[{\"@type\":\"WebPage\",\"@id\":\"https:\\\/\\\/hengxingmachinery.com\\\/bucket-wheel-sand-washing-machine\\\/\",\"url\":\"https:\\\/\\\/hengxingmachinery.com\\\/bucket-wheel-sand-washing-machine\\\/\",\"name\":\"2-1. Bucket wheel sand washing machine - Hengxing Machinery\",\"isPartOf\":{\"@id\":\"https:\\\/\\\/hengxingmachinery.com\\\/#website\"},\"primaryImageOfPage\":{\"@id\":\"https:\\\/\\\/hengxingmachinery.com\\\/bucket-wheel-sand-washing-machine\\\/#primaryimage\"},\"image\":{\"@id\":\"https:\\\/\\\/hengxingmachinery.com\\\/bucket-wheel-sand-washing-machine\\\/#primaryimage\"},\"thumbnailUrl\":\"https:\\\/\\\/hengxingmachinery.com\\\/wp-content\\\/uploads\\\/2025\\\/03\\\/gravel-sand-washer.jpg\",\"datePublished\":\"2025-03-20T07:14:35+00:00\",\"dateModified\":\"2025-03-20T07:15:48+00:00\",\"breadcrumb\":{\"@id\":\"https:\\\/\\\/hengxingmachinery.com\\\/bucket-wheel-sand-washing-machine\\\/#breadcrumb\"},\"inLanguage\":\"fr-FR\",\"potentialAction\":[{\"@type\":\"ReadAction\",\"target\":[\"https:\\\/\\\/hengxingmachinery.com\\\/bucket-wheel-sand-washing-machine\\\/\"]}]},{\"@type\":\"ImageObject\",\"inLanguage\":\"fr-FR\",\"@id\":\"https:\\\/\\\/hengxingmachinery.com\\\/bucket-wheel-sand-washing-machine\\\/#primaryimage\",\"url\":\"https:\\\/\\\/hengxingmachinery.com\\\/wp-content\\\/uploads\\\/2025\\\/03\\\/gravel-sand-washer.jpg\",\"contentUrl\":\"https:\\\/\\\/hengxingmachinery.com\\\/wp-content\\\/uploads\\\/2025\\\/03\\\/gravel-sand-washer.jpg\"},{\"@type\":\"BreadcrumbList\",\"@id\":\"https:\\\/\\\/hengxingmachinery.com\\\/bucket-wheel-sand-washing-machine\\\/#breadcrumb\",\"itemListElement\":[{\"@type\":\"ListItem\",\"position\":1,\"name\":\"Home\",\"item\":\"https:\\\/\\\/hengxingmachinery.com\\\/\"},{\"@type\":\"ListItem\",\"position\":2,\"name\":\"2-1. Bucket wheel sand washing machine\"}]},{\"@type\":\"WebSite\",\"@id\":\"https:\\\/\\\/hengxingmachinery.com\\\/#website\",\"url\":\"https:\\\/\\\/hengxingmachinery.com\\\/\",\"name\":\"Hengxing Machinery\",\"description\":\"Leading Manufacturer of All Sorts of Mining Machinery\",\"publisher\":{\"@id\":\"https:\\\/\\\/hengxingmachinery.com\\\/#organization\"},\"potentialAction\":[{\"@type\":\"SearchAction\",\"target\":{\"@type\":\"EntryPoint\",\"urlTemplate\":\"https:\\\/\\\/hengxingmachinery.com\\\/?s={search_term_string}\"},\"query-input\":{\"@type\":\"PropertyValueSpecification\",\"valueRequired\":true,\"valueName\":\"search_term_string\"}}],\"inLanguage\":\"fr-FR\"},{\"@type\":\"Organization\",\"@id\":\"https:\\\/\\\/hengxingmachinery.com\\\/#organization\",\"name\":\"Hengxing Machinery\",\"url\":\"https:\\\/\\\/hengxingmachinery.com\\\/\",\"logo\":{\"@type\":\"ImageObject\",\"inLanguage\":\"fr-FR\",\"@id\":\"https:\\\/\\\/hengxingmachinery.com\\\/#\\\/schema\\\/logo\\\/image\\\/\",\"url\":\"https:\\\/\\\/hengxingmachinery.com\\\/wp-content\\\/uploads\\\/2024\\\/12\\\/logo.png\",\"contentUrl\":\"https:\\\/\\\/hengxingmachinery.com\\\/wp-content\\\/uploads\\\/2024\\\/12\\\/logo.png\",\"width\":400,\"height\":260,\"caption\":\"Hengxing Machinery\"},\"image\":{\"@id\":\"https:\\\/\\\/hengxingmachinery.com\\\/#\\\/schema\\\/logo\\\/image\\\/\"}}]}<\/script>\n<!-- \/ Yoast SEO plugin. -->","yoast_head_json":{"title":"2-1. Laveuse de sable \u00e0 roue \u00e0 godets - Hengxing Machinery","robots":{"index":"index","follow":"follow","max-snippet":"max-snippet:-1","max-image-preview":"max-image-preview:large","max-video-preview":"max-video-preview:-1"},"canonical":"https:\/\/hengxingmachinery.com\/fr\/bucket-wheel-sand-washing-machine\/","og_locale":"fr_FR","og_type":"article","og_title":"2-1. Bucket wheel sand washing machine - Hengxing Machinery","og_description":"Bucket wheel sand washing machine Bucket wheel sand washing machine characteristic 1. Simple structure; 2. The bearing device of the impeller drive is separated from water and 1 material with water, to avoid damage to the bearing; 3. New sealing structure and reliable transmission device; 4 . Reasonable structure; 5. High capacity, low power consumption; ... Lire plus","og_url":"https:\/\/hengxingmachinery.com\/fr\/bucket-wheel-sand-washing-machine\/","og_site_name":"Hengxing Machinery","article_modified_time":"2025-03-20T07:15:48+00:00","og_image":[{"url":"https:\/\/hengxingmachinery.com\/wp-content\/uploads\/2025\/03\/gravel-sand-washer.jpg","type":"","width":"","height":""}],"twitter_card":"summary_large_image","twitter_misc":{"Dur\u00e9e de lecture estim\u00e9e":"3 minutes"},"schema":{"@context":"https:\/\/schema.org","@graph":[{"@type":"WebPage","@id":"https:\/\/hengxingmachinery.com\/bucket-wheel-sand-washing-machine\/","url":"https:\/\/hengxingmachinery.com\/bucket-wheel-sand-washing-machine\/","name":"2-1. Laveuse de sable \u00e0 roue \u00e0 godets - Hengxing Machinery","isPartOf":{"@id":"https:\/\/hengxingmachinery.com\/#website"},"primaryImageOfPage":{"@id":"https:\/\/hengxingmachinery.com\/bucket-wheel-sand-washing-machine\/#primaryimage"},"image":{"@id":"https:\/\/hengxingmachinery.com\/bucket-wheel-sand-washing-machine\/#primaryimage"},"thumbnailUrl":"https:\/\/hengxingmachinery.com\/wp-content\/uploads\/2025\/03\/gravel-sand-washer.jpg","datePublished":"2025-03-20T07:14:35+00:00","dateModified":"2025-03-20T07:15:48+00:00","breadcrumb":{"@id":"https:\/\/hengxingmachinery.com\/bucket-wheel-sand-washing-machine\/#breadcrumb"},"inLanguage":"fr-FR","potentialAction":[{"@type":"ReadAction","target":["https:\/\/hengxingmachinery.com\/bucket-wheel-sand-washing-machine\/"]}]},{"@type":"ImageObject","inLanguage":"fr-FR","@id":"https:\/\/hengxingmachinery.com\/bucket-wheel-sand-washing-machine\/#primaryimage","url":"https:\/\/hengxingmachinery.com\/wp-content\/uploads\/2025\/03\/gravel-sand-washer.jpg","contentUrl":"https:\/\/hengxingmachinery.com\/wp-content\/uploads\/2025\/03\/gravel-sand-washer.jpg"},{"@type":"BreadcrumbList","@id":"https:\/\/hengxingmachinery.com\/bucket-wheel-sand-washing-machine\/#breadcrumb","itemListElement":[{"@type":"ListItem","position":1,"name":"Home","item":"https:\/\/hengxingmachinery.com\/"},{"@type":"ListItem","position":2,"name":"2-1. Bucket wheel sand washing machine"}]},{"@type":"WebSite","@id":"https:\/\/hengxingmachinery.com\/#website","url":"https:\/\/hengxingmachinery.com\/","name":"Machines Hengxing","description":"Fabricant leader de toutes sortes de machines mini\u00e8res","publisher":{"@id":"https:\/\/hengxingmachinery.com\/#organization"},"potentialAction":[{"@type":"SearchAction","target":{"@type":"EntryPoint","urlTemplate":"https:\/\/hengxingmachinery.com\/?s={search_term_string}"},"query-input":{"@type":"PropertyValueSpecification","valueRequired":true,"valueName":"search_term_string"}}],"inLanguage":"fr-FR"},{"@type":"Organization","@id":"https:\/\/hengxingmachinery.com\/#organization","name":"Machines Hengxing","url":"https:\/\/hengxingmachinery.com\/","logo":{"@type":"ImageObject","inLanguage":"fr-FR","@id":"https:\/\/hengxingmachinery.com\/#\/schema\/logo\/image\/","url":"https:\/\/hengxingmachinery.com\/wp-content\/uploads\/2024\/12\/logo.png","contentUrl":"https:\/\/hengxingmachinery.com\/wp-content\/uploads\/2024\/12\/logo.png","width":400,"height":260,"caption":"Hengxing Machinery"},"image":{"@id":"https:\/\/hengxingmachinery.com\/#\/schema\/logo\/image\/"}}]}},"_links":{"self":[{"href":"https:\/\/hengxingmachinery.com\/fr\/wp-json\/wp\/v2\/pages\/2372","targetHints":{"allow":["GET"]}}],"collection":[{"href":"https:\/\/hengxingmachinery.com\/fr\/wp-json\/wp\/v2\/pages"}],"about":[{"href":"https:\/\/hengxingmachinery.com\/fr\/wp-json\/wp\/v2\/types\/page"}],"author":[{"embeddable":true,"href":"https:\/\/hengxingmachinery.com\/fr\/wp-json\/wp\/v2\/users\/1"}],"replies":[{"embeddable":true,"href":"https:\/\/hengxingmachinery.com\/fr\/wp-json\/wp\/v2\/comments?post=2372"}],"version-history":[{"count":4,"href":"https:\/\/hengxingmachinery.com\/fr\/wp-json\/wp\/v2\/pages\/2372\/revisions"}],"predecessor-version":[{"id":2396,"href":"https:\/\/hengxingmachinery.com\/fr\/wp-json\/wp\/v2\/pages\/2372\/revisions\/2396"}],"wp:attachment":[{"href":"https:\/\/hengxingmachinery.com\/fr\/wp-json\/wp\/v2\/media?parent=2372"}],"curies":[{"name":"wp","href":"https:\/\/api.w.org\/{rel}","templated":true}]}}