{"id":2376,"date":"2025-03-20T07:05:43","date_gmt":"2025-03-20T07:05:43","guid":{"rendered":"https:\/\/hengxingmachinery.com\/?page_id=2376"},"modified":"2025-03-20T07:05:44","modified_gmt":"2025-03-20T07:05:44","slug":"spiral-sand-washing-machines","status":"publish","type":"page","link":"https:\/\/hengxingmachinery.com\/fr\/spiral-sand-washing-machines\/","title":{"rendered":"2-1. Laveuse de sable \u00e0 spirale"},"content":{"rendered":"<div class=\"gb-container gb-container-45165f5a\">\n<div class=\"gb-container gb-container-c2652eb4\">\n\n<h1 class=\"gb-headline gb-headline-62a8b2cc gb-headline-text\">Laveuse de sable en spirale<\/h1>\n\n<\/div>\n<\/div>\n\n<div class=\"gb-container gb-container-519cf624\">\n<div class=\"gb-container gb-container-71ca071e\">\n<div class=\"gb-grid-wrapper gb-grid-wrapper-8a5f0688\">\n<div class=\"gb-grid-column gb-grid-column-1e99b1c2\"><div class=\"gb-container gb-container-1e99b1c2\">\n\n<figure class=\"gb-block-image gb-block-image-e4eaba54\"><img decoding=\"async\" width=\"665\" height=\"545\" class=\"gb-image gb-image-e4eaba54\" src=\"https:\/\/hengxingmachinery.com\/wp-content\/uploads\/2025\/03\/spiral-sand-washing-machine-for-sale.jpg\" alt=\"\" title=\"Laveuse \u00e0 sable en spirale \u00e0 vendre\" srcset=\"https:\/\/hengxingmachinery.com\/wp-content\/uploads\/2025\/03\/spiral-sand-washing-machine-for-sale.jpg 665w, https:\/\/hengxingmachinery.com\/wp-content\/uploads\/2025\/03\/spiral-sand-washing-machine-for-sale-300x246.jpg 300w, https:\/\/hengxingmachinery.com\/wp-content\/uploads\/2025\/03\/spiral-sand-washing-machine-for-sale-15x12.jpg 15w\" sizes=\"(max-width: 665px) 100vw, 665px\" \/><\/figure>\n\n<\/div><\/div>\n\n<div class=\"gb-grid-column gb-grid-column-bcae065b\"><div class=\"gb-container gb-container-bcae065b\">\n\n<p>La laveuse \u00e0 sable en spirale peut \u00eatre utilis\u00e9e pour nettoyer le sable, les graviers ou pour le classement des \u00e9quipements. Elle est largement utilis\u00e9e pour le nettoyage des mat\u00e9riaux contenant une quantit\u00e9 importante de boue apparente. Elle pr\u00e9sente une structure d'\u00e9tanch\u00e9it\u00e9 efficace, une transmission enti\u00e8rement ferm\u00e9e, un rendement \u00e9lev\u00e9, une grande durabilit\u00e9, un bon effet de d\u00e9shydratation, une faible consommation d'\u00e9nergie et une stabilit\u00e9 des produits fins.<\/p>\n\n\n\n<p>Sa structure \u00e9tanche, l'utilisation d'un dispositif de transmission ferm\u00e9, offrent un rendement \u00e9lev\u00e9, une grande durabilit\u00e9, un excellent effet de d\u00e9shydratation, une faible consommation d'\u00e9nergie, et garantissent la stabilit\u00e9 des caract\u00e9ristiques des particules fines.<\/p>\n\n\n<div class=\"gb-grid-wrapper gb-grid-wrapper-eebec76e\">\n<div class=\"gb-grid-column gb-grid-column-e3ada2f0\"><div class=\"gb-container gb-container-e3ada2f0\">\n\n<p class=\"gb-headline gb-headline-4c79a90a gb-headline-text\"><strong><mark style=\"background-color:rgba(0, 0, 0, 0)\" class=\"has-inline-color has-global-color-8-color\">Taille d'alimentation (mm) :<\/mark><\/strong>\u226410<\/p>\n\n<\/div><\/div>\n\n<div class=\"gb-grid-column gb-grid-column-0bb00826\"><div class=\"gb-container gb-container-0bb00826\">\n\n<p class=\"gb-headline gb-headline-86d53f56 gb-headline-text\"><mark style=\"background-color:rgba(0, 0, 0, 0)\" class=\"has-inline-color has-global-color-8-color\"><strong>Capacit\u00e9:<\/strong><\/mark> 20-200t\/h<\/p>\n\n<\/div><\/div>\n<\/div>\n\n\n<p class=\"gb-headline gb-headline-2750f5a7 gb-headline-text\"><\/p>\n\n\n<div class=\"gb-container gb-container-256e15f1\">\n\n<a class=\"gb-button gb-button-e8b73d89 gb-button-text\" href=\"#popmake-622\">Obtenez un devis gratuit maintenant<\/a>\n\n<\/div>\n<\/div><\/div>\n<\/div>\n<\/div>\n<\/div>\n\n<div class=\"gb-container gb-container-44d3b6be\">\n<div class=\"gb-container gb-container-cb594cef\">\n\n<h2 class=\"gb-headline gb-headline-43634316 gb-headline-text\">Caract\u00e9ristiques de la laveuse \u00e0 sable en spirale<\/h2>\n\n\n\n<p>1. Nettoyage approfondi<\/p>\n\n\n\n<p>2. Structure rationnelle<\/p>\n\n\n\n<p>3. Grande capacit\u00e9<\/p>\n\n\n\n<p>4. Faible consommation d'\u00e9nergie<\/p>\n\n\n<div class=\"gb-container gb-container-a3629fb4\">\n\n<a class=\"gb-button gb-button-193549b0 gb-button-text\" href=\"#popmake-622\">Obtenez un devis gratuit maintenant<\/a>\n\n<\/div>\n<\/div>\n<\/div>\n\n<div class=\"gb-container gb-container-3a930c38\">\n<div class=\"gb-container gb-container-8a36e90a\">\n\n<h2 class=\"gb-headline gb-headline-a5d3273c gb-headline-text\">Principe de fonctionnement de la laveuse \u00e0 sable en spirale<\/h2>\n\n\n\n<figure class=\"gb-block-image gb-block-image-1c359176\"><img decoding=\"async\" width=\"800\" height=\"500\" class=\"gb-image gb-image-1c359176\" src=\"https:\/\/hengxingmachinery.com\/wp-content\/uploads\/2025\/03\/spiral-sand-washing-machine.jpg\" alt=\"\" title=\"laveuse de sable \u00e0 vis\" srcset=\"https:\/\/hengxingmachinery.com\/wp-content\/uploads\/2025\/03\/spiral-sand-washing-machine.jpg 800w, https:\/\/hengxingmachinery.com\/wp-content\/uploads\/2025\/03\/spiral-sand-washing-machine-300x188.jpg 300w, https:\/\/hengxingmachinery.com\/wp-content\/uploads\/2025\/03\/spiral-sand-washing-machine-768x480.jpg 768w, https:\/\/hengxingmachinery.com\/wp-content\/uploads\/2025\/03\/spiral-sand-washing-machine-18x12.jpg 18w\" sizes=\"(max-width: 800px) 100vw, 800px\" \/><\/figure>\n\n\n\n<p>La laveuse \u00e0 sable en spirale repose sur le principe de la diff\u00e9rence de densit\u00e9 sp\u00e9cifique des particules solides et de leur vitesse de s\u00e9dimentation variable dans un liquide pour r\u00e9aliser le processus de lavage. <\/p>\n\n\n\n<p>La laveuse \u00e0 sable en spirale est \u00e9quip\u00e9e de tuyaux d'arrosage dans la cuve de nettoyage. En fonctionnement, une certaine quantit\u00e9 d'eau est fournie pour rincer et submerger le sable brut charg\u00e9 dans la cuve depuis l'entr\u00e9e. <\/p>\n\n\n\n<p>Simultan\u00e9ment, la spirale agite et classe en continu, et les impuret\u00e9s boueuses ainsi que les fines particules de sable sont maintenues en suspension dans l'eau trouble sup\u00e9rieure, d\u00e9bordant progressivement par le d\u00e9versoir bas ; les particules de sable plus grossi\u00e8res s'enfoncent au fond de la cuve par gravit\u00e9. <\/p>\n\n\n\n<p>Gr\u00e2ce \u00e0 la rotation continue de la spirale, le sable grossier est continuellement agit\u00e9 et class\u00e9 dans l'eau, permettant un lavage complet du sable.<\/p>\n\n\n<div class=\"gb-container gb-container-96208927\">\n\n<a class=\"gb-button gb-button-429870c5 gb-button-text\" href=\"#popmake-622\">Obtenez un devis gratuit maintenant<\/a>\n\n<\/div>\n<\/div>\n<\/div>\n\n<div class=\"gb-container gb-container-435ad261\">\n<div class=\"gb-container gb-container-7dc79cc4\">\n\n<h2 class=\"gb-headline gb-headline-6fe5dee2 gb-headline-text\">Sp\u00e9cifications de la laveuse \u00e0 sable en spirale<\/h2>\n\n\n\n<figure class=\"wp-block-table is-style-stripes\"><table class=\"has-fixed-layout\"><tbody><tr><td><strong>Mod\u00e8le<\/strong><strong><\/strong><\/td><td>XL508<\/td><td>XL610<\/td><td>XL762<\/td><td>XL915<\/td><td>2XL915<\/td><\/tr><tr><td><strong>Diam\u00e8tre de la spirale (mm)<\/strong><strong><\/strong><\/td><td>508<\/td><td>610<\/td><td>762<\/td><td>915<\/td><td>915<\/td><\/tr><tr><td><strong>Longueur de la cuve (mm)<\/strong><strong><\/strong><\/td><td>6705<\/td><td>7225<\/td><td>7620<\/td><td>7585<\/td><td>7585<\/td><\/tr><tr><td><strong>Taille d'alimentation (mm)<\/strong><strong><\/strong><\/td><td>\u226410<\/td><td>\u226410<\/td><td>\u226410<\/td><td>\u226410<\/td><td>\u226410<\/td><\/tr><tr><td><strong>Capacit\u00e9 (t\/h)<\/strong><strong><\/strong><\/td><td>20<\/td><td>40-50<\/td><td>50-75<\/td><td>100<\/td><td>200<\/td><\/tr><tr><td><strong>Vitesse de la spirale (tr\/min)<\/strong><strong><\/strong><\/td><td>38<\/td><td>32<\/td><td>26<\/td><td>21<\/td><td>21<\/td><\/tr><tr><td><strong>Puissance moteur (kW)<\/strong><strong><\/strong><\/td><td>5.5<\/td><td>7.5<\/td><td>11<\/td><td>11<\/td><td>2*11<\/td><\/tr><tr><td><strong>Consommation d'eau (t\/h)<\/strong><strong><\/strong><\/td><td>6-60<\/td><td>6-63<\/td><td>9-63<\/td><td>10-80<\/td><td>20-160<\/td><\/tr><tr><td><strong>Dimensions (mm)<\/strong><strong><\/strong><\/td><td>8000*2343*1430<\/td><td>8000*2050*1400<\/td><td>8545*2650*3862<\/td><td>8500*2810*3600<\/td><td>8420*3765*3960<\/td><\/tr><tr><td><strong>Poids (t)<\/strong><strong><\/strong><\/td><td>2.67<\/td><td>3.80<\/td><td>5.23<\/td><td>6.27<\/td><td>11.11<\/td><\/tr><\/tbody><\/table><\/figure>\n\n\n<div class=\"gb-container gb-container-263d9700\">\n\n<a class=\"gb-button gb-button-a4cbb7be gb-button-text\" href=\"#popmake-622\">Obtenez un devis gratuit maintenant<\/a>\n\n<\/div>\n<\/div>\n<\/div>","protected":false},"excerpt":{"rendered":"<p>Spiral sand washing machine Spiral sand washing machine characteristic 1.High degree cleaning-up 2.Reasonable structure 3.Large capacity 4.Low power consumption Spiral sand washing machine working principle Spiral sand washer is based on the principle of different specific gravity of solid particles and the different sedimentation rate in liquid to realize washing process. The spiral sand washer &#8230; <\/p>\n<p class=\"read-more-container\"><a title=\"2-1. Laveuse de sable \u00e0 spirale\" class=\"read-more button\" href=\"https:\/\/hengxingmachinery.com\/fr\/spiral-sand-washing-machines\/#more-2376\" aria-label=\"En savoir plus sur 2-1. Spiral sand washing machine\">Lire plus<\/a><\/p>","protected":false},"author":1,"featured_media":0,"parent":0,"menu_order":0,"comment_status":"closed","ping_status":"closed","template":"","meta":{"footnotes":""},"class_list":["post-2376","page","type-page","status-publish"],"yoast_head":"<!-- This site is optimized with the Yoast SEO plugin v27.4 - https:\/\/yoast.com\/product\/yoast-seo-wordpress\/ -->\n<title>2-1. Spiral sand washing machine - Hengxing Machinery<\/title>\n<meta name=\"robots\" content=\"index, follow, max-snippet:-1, max-image-preview:large, max-video-preview:-1\" \/>\n<link rel=\"canonical\" href=\"https:\/\/hengxingmachinery.com\/fr\/spiral-sand-washing-machines\/\" \/>\n<meta property=\"og:locale\" content=\"fr_FR\" \/>\n<meta property=\"og:type\" content=\"article\" \/>\n<meta property=\"og:title\" content=\"2-1. Spiral sand washing machine - Hengxing Machinery\" \/>\n<meta property=\"og:description\" content=\"Spiral sand washing machine Spiral sand washing machine characteristic 1.High degree cleaning-up 2.Reasonable structure 3.Large capacity 4.Low power consumption Spiral sand washing machine working principle Spiral sand washer is based on the principle of different specific gravity of solid particles and the different sedimentation rate in liquid to realize washing process. The spiral sand washer ... Lire plus\" \/>\n<meta property=\"og:url\" content=\"https:\/\/hengxingmachinery.com\/fr\/spiral-sand-washing-machines\/\" \/>\n<meta property=\"og:site_name\" content=\"Hengxing Machinery\" \/>\n<meta property=\"article:modified_time\" content=\"2025-03-20T07:05:44+00:00\" \/>\n<meta property=\"og:image\" content=\"https:\/\/hengxingmachinery.com\/wp-content\/uploads\/2025\/03\/spiral-sand-washing-machine-for-sale.jpg\" \/>\n<meta name=\"twitter:card\" content=\"summary_large_image\" \/>\n<meta name=\"twitter:label1\" content=\"Dur\u00e9e de lecture estim\u00e9e\" \/>\n\t<meta name=\"twitter:data1\" content=\"2 minutes\" \/>\n<script type=\"application\/ld+json\" class=\"yoast-schema-graph\">{\"@context\":\"https:\\\/\\\/schema.org\",\"@graph\":[{\"@type\":\"WebPage\",\"@id\":\"https:\\\/\\\/hengxingmachinery.com\\\/spiral-sand-washing-machines\\\/\",\"url\":\"https:\\\/\\\/hengxingmachinery.com\\\/spiral-sand-washing-machines\\\/\",\"name\":\"2-1. Spiral sand washing machine - Hengxing Machinery\",\"isPartOf\":{\"@id\":\"https:\\\/\\\/hengxingmachinery.com\\\/#website\"},\"primaryImageOfPage\":{\"@id\":\"https:\\\/\\\/hengxingmachinery.com\\\/spiral-sand-washing-machines\\\/#primaryimage\"},\"image\":{\"@id\":\"https:\\\/\\\/hengxingmachinery.com\\\/spiral-sand-washing-machines\\\/#primaryimage\"},\"thumbnailUrl\":\"https:\\\/\\\/hengxingmachinery.com\\\/wp-content\\\/uploads\\\/2025\\\/03\\\/spiral-sand-washing-machine-for-sale.jpg\",\"datePublished\":\"2025-03-20T07:05:43+00:00\",\"dateModified\":\"2025-03-20T07:05:44+00:00\",\"breadcrumb\":{\"@id\":\"https:\\\/\\\/hengxingmachinery.com\\\/spiral-sand-washing-machines\\\/#breadcrumb\"},\"inLanguage\":\"fr-FR\",\"potentialAction\":[{\"@type\":\"ReadAction\",\"target\":[\"https:\\\/\\\/hengxingmachinery.com\\\/spiral-sand-washing-machines\\\/\"]}]},{\"@type\":\"ImageObject\",\"inLanguage\":\"fr-FR\",\"@id\":\"https:\\\/\\\/hengxingmachinery.com\\\/spiral-sand-washing-machines\\\/#primaryimage\",\"url\":\"https:\\\/\\\/hengxingmachinery.com\\\/wp-content\\\/uploads\\\/2025\\\/03\\\/spiral-sand-washing-machine-for-sale.jpg\",\"contentUrl\":\"https:\\\/\\\/hengxingmachinery.com\\\/wp-content\\\/uploads\\\/2025\\\/03\\\/spiral-sand-washing-machine-for-sale.jpg\"},{\"@type\":\"BreadcrumbList\",\"@id\":\"https:\\\/\\\/hengxingmachinery.com\\\/spiral-sand-washing-machines\\\/#breadcrumb\",\"itemListElement\":[{\"@type\":\"ListItem\",\"position\":1,\"name\":\"Home\",\"item\":\"https:\\\/\\\/hengxingmachinery.com\\\/\"},{\"@type\":\"ListItem\",\"position\":2,\"name\":\"2-1. Spiral sand washing machine\"}]},{\"@type\":\"WebSite\",\"@id\":\"https:\\\/\\\/hengxingmachinery.com\\\/#website\",\"url\":\"https:\\\/\\\/hengxingmachinery.com\\\/\",\"name\":\"Hengxing Machinery\",\"description\":\"Leading Manufacturer of All Sorts of Mining Machinery\",\"publisher\":{\"@id\":\"https:\\\/\\\/hengxingmachinery.com\\\/#organization\"},\"potentialAction\":[{\"@type\":\"SearchAction\",\"target\":{\"@type\":\"EntryPoint\",\"urlTemplate\":\"https:\\\/\\\/hengxingmachinery.com\\\/?s={search_term_string}\"},\"query-input\":{\"@type\":\"PropertyValueSpecification\",\"valueRequired\":true,\"valueName\":\"search_term_string\"}}],\"inLanguage\":\"fr-FR\"},{\"@type\":\"Organization\",\"@id\":\"https:\\\/\\\/hengxingmachinery.com\\\/#organization\",\"name\":\"Hengxing Machinery\",\"url\":\"https:\\\/\\\/hengxingmachinery.com\\\/\",\"logo\":{\"@type\":\"ImageObject\",\"inLanguage\":\"fr-FR\",\"@id\":\"https:\\\/\\\/hengxingmachinery.com\\\/#\\\/schema\\\/logo\\\/image\\\/\",\"url\":\"https:\\\/\\\/hengxingmachinery.com\\\/wp-content\\\/uploads\\\/2024\\\/12\\\/logo.png\",\"contentUrl\":\"https:\\\/\\\/hengxingmachinery.com\\\/wp-content\\\/uploads\\\/2024\\\/12\\\/logo.png\",\"width\":400,\"height\":260,\"caption\":\"Hengxing Machinery\"},\"image\":{\"@id\":\"https:\\\/\\\/hengxingmachinery.com\\\/#\\\/schema\\\/logo\\\/image\\\/\"}}]}<\/script>\n<!-- \/ Yoast SEO plugin. -->","yoast_head_json":{"title":"2-1. Laveuse de sable en spirale - Hengxing Machinery","robots":{"index":"index","follow":"follow","max-snippet":"max-snippet:-1","max-image-preview":"max-image-preview:large","max-video-preview":"max-video-preview:-1"},"canonical":"https:\/\/hengxingmachinery.com\/fr\/spiral-sand-washing-machines\/","og_locale":"fr_FR","og_type":"article","og_title":"2-1. Spiral sand washing machine - Hengxing Machinery","og_description":"Spiral sand washing machine Spiral sand washing machine characteristic 1.High degree cleaning-up 2.Reasonable structure 3.Large capacity 4.Low power consumption Spiral sand washing machine working principle Spiral sand washer is based on the principle of different specific gravity of solid particles and the different sedimentation rate in liquid to realize washing process. The spiral sand washer ... Lire plus","og_url":"https:\/\/hengxingmachinery.com\/fr\/spiral-sand-washing-machines\/","og_site_name":"Hengxing Machinery","article_modified_time":"2025-03-20T07:05:44+00:00","og_image":[{"url":"https:\/\/hengxingmachinery.com\/wp-content\/uploads\/2025\/03\/spiral-sand-washing-machine-for-sale.jpg","type":"","width":"","height":""}],"twitter_card":"summary_large_image","twitter_misc":{"Dur\u00e9e de lecture estim\u00e9e":"2 minutes"},"schema":{"@context":"https:\/\/schema.org","@graph":[{"@type":"WebPage","@id":"https:\/\/hengxingmachinery.com\/spiral-sand-washing-machines\/","url":"https:\/\/hengxingmachinery.com\/spiral-sand-washing-machines\/","name":"2-1. Laveuse de sable en spirale - Hengxing Machinery","isPartOf":{"@id":"https:\/\/hengxingmachinery.com\/#website"},"primaryImageOfPage":{"@id":"https:\/\/hengxingmachinery.com\/spiral-sand-washing-machines\/#primaryimage"},"image":{"@id":"https:\/\/hengxingmachinery.com\/spiral-sand-washing-machines\/#primaryimage"},"thumbnailUrl":"https:\/\/hengxingmachinery.com\/wp-content\/uploads\/2025\/03\/spiral-sand-washing-machine-for-sale.jpg","datePublished":"2025-03-20T07:05:43+00:00","dateModified":"2025-03-20T07:05:44+00:00","breadcrumb":{"@id":"https:\/\/hengxingmachinery.com\/spiral-sand-washing-machines\/#breadcrumb"},"inLanguage":"fr-FR","potentialAction":[{"@type":"ReadAction","target":["https:\/\/hengxingmachinery.com\/spiral-sand-washing-machines\/"]}]},{"@type":"ImageObject","inLanguage":"fr-FR","@id":"https:\/\/hengxingmachinery.com\/spiral-sand-washing-machines\/#primaryimage","url":"https:\/\/hengxingmachinery.com\/wp-content\/uploads\/2025\/03\/spiral-sand-washing-machine-for-sale.jpg","contentUrl":"https:\/\/hengxingmachinery.com\/wp-content\/uploads\/2025\/03\/spiral-sand-washing-machine-for-sale.jpg"},{"@type":"BreadcrumbList","@id":"https:\/\/hengxingmachinery.com\/spiral-sand-washing-machines\/#breadcrumb","itemListElement":[{"@type":"ListItem","position":1,"name":"Home","item":"https:\/\/hengxingmachinery.com\/"},{"@type":"ListItem","position":2,"name":"2-1. Spiral sand washing machine"}]},{"@type":"WebSite","@id":"https:\/\/hengxingmachinery.com\/#website","url":"https:\/\/hengxingmachinery.com\/","name":"Machines Hengxing","description":"Fabricant leader de toutes sortes de machines mini\u00e8res","publisher":{"@id":"https:\/\/hengxingmachinery.com\/#organization"},"potentialAction":[{"@type":"SearchAction","target":{"@type":"EntryPoint","urlTemplate":"https:\/\/hengxingmachinery.com\/?s={search_term_string}"},"query-input":{"@type":"PropertyValueSpecification","valueRequired":true,"valueName":"search_term_string"}}],"inLanguage":"fr-FR"},{"@type":"Organization","@id":"https:\/\/hengxingmachinery.com\/#organization","name":"Machines Hengxing","url":"https:\/\/hengxingmachinery.com\/","logo":{"@type":"ImageObject","inLanguage":"fr-FR","@id":"https:\/\/hengxingmachinery.com\/#\/schema\/logo\/image\/","url":"https:\/\/hengxingmachinery.com\/wp-content\/uploads\/2024\/12\/logo.png","contentUrl":"https:\/\/hengxingmachinery.com\/wp-content\/uploads\/2024\/12\/logo.png","width":400,"height":260,"caption":"Hengxing Machinery"},"image":{"@id":"https:\/\/hengxingmachinery.com\/#\/schema\/logo\/image\/"}}]}},"_links":{"self":[{"href":"https:\/\/hengxingmachinery.com\/fr\/wp-json\/wp\/v2\/pages\/2376","targetHints":{"allow":["GET"]}}],"collection":[{"href":"https:\/\/hengxingmachinery.com\/fr\/wp-json\/wp\/v2\/pages"}],"about":[{"href":"https:\/\/hengxingmachinery.com\/fr\/wp-json\/wp\/v2\/types\/page"}],"author":[{"embeddable":true,"href":"https:\/\/hengxingmachinery.com\/fr\/wp-json\/wp\/v2\/users\/1"}],"replies":[{"embeddable":true,"href":"https:\/\/hengxingmachinery.com\/fr\/wp-json\/wp\/v2\/comments?post=2376"}],"version-history":[{"count":2,"href":"https:\/\/hengxingmachinery.com\/fr\/wp-json\/wp\/v2\/pages\/2376\/revisions"}],"predecessor-version":[{"id":2392,"href":"https:\/\/hengxingmachinery.com\/fr\/wp-json\/wp\/v2\/pages\/2376\/revisions\/2392"}],"wp:attachment":[{"href":"https:\/\/hengxingmachinery.com\/fr\/wp-json\/wp\/v2\/media?parent=2376"}],"curies":[{"name":"wp","href":"https:\/\/api.w.org\/{rel}","templated":true}]}}