{"id":2398,"date":"2025-03-20T08:08:19","date_gmt":"2025-03-20T08:08:19","guid":{"rendered":"https:\/\/hengxingmachinery.com\/?page_id=2398"},"modified":"2025-03-20T08:11:52","modified_gmt":"2025-03-20T08:11:52","slug":"stone-washer","status":"publish","type":"page","link":"https:\/\/hengxingmachinery.com\/fr\/stone-washer\/","title":{"rendered":"2-1. Laveur de pierres"},"content":{"rendered":"<div class=\"gb-container gb-container-45165f5a\">\n<div class=\"gb-container gb-container-c2652eb4\">\n\n<h1 class=\"gb-headline gb-headline-62a8b2cc gb-headline-text\">Laveuse de pierre<\/h1>\n\n<\/div>\n<\/div>\n\n<div class=\"gb-container gb-container-519cf624\">\n<div class=\"gb-container gb-container-71ca071e\">\n<div class=\"gb-grid-wrapper gb-grid-wrapper-8a5f0688\">\n<div class=\"gb-grid-column gb-grid-column-1e99b1c2\"><div class=\"gb-container gb-container-1e99b1c2\">\n\n<figure class=\"gb-block-image gb-block-image-e4eaba54\"><img decoding=\"async\" width=\"665\" height=\"545\" class=\"gb-image gb-image-e4eaba54\" src=\"https:\/\/hengxingmachinery.com\/wp-content\/uploads\/2025\/03\/stone-washer-for-sale.jpg\" alt=\"\" title=\"laveur de pierres \u00e0 vendre\" srcset=\"https:\/\/hengxingmachinery.com\/wp-content\/uploads\/2025\/03\/stone-washer-for-sale.jpg 665w, https:\/\/hengxingmachinery.com\/wp-content\/uploads\/2025\/03\/stone-washer-for-sale-300x246.jpg 300w, https:\/\/hengxingmachinery.com\/wp-content\/uploads\/2025\/03\/stone-washer-for-sale-15x12.jpg 15w\" sizes=\"(max-width: 665px) 100vw, 665px\" \/><\/figure>\n\n<\/div><\/div>\n\n<div class=\"gb-grid-column gb-grid-column-bcae065b\"><div class=\"gb-container gb-container-bcae065b\">\n\n<p>Un laveur de pierres, \u00e9galement appel\u00e9 machine \u00e0 laver les pierres, est principalement utilis\u00e9 pour \u00e9liminer les impuret\u00e9s (telles que la poussi\u00e8re) des produits de sable. Comme il est principalement lav\u00e9 \u00e0 l'eau, on l'appelle machine \u00e0 laver les pierres.<\/p>\n\n\n<div class=\"gb-grid-wrapper gb-grid-wrapper-eebec76e\">\n<div class=\"gb-grid-column gb-grid-column-e3ada2f0\"><div class=\"gb-container gb-container-e3ada2f0\">\n\n<p class=\"gb-headline gb-headline-4c79a90a gb-headline-text\"><strong><mark style=\"background-color:rgba(0, 0, 0, 0)\" class=\"has-inline-color has-global-color-8-color\">Pouvoir:<\/mark><\/strong> 11-45 kW<\/p>\n\n<\/div><\/div>\n\n<div class=\"gb-grid-column gb-grid-column-0bb00826\"><div class=\"gb-container gb-container-0bb00826\">\n\n<p class=\"gb-headline gb-headline-86d53f56 gb-headline-text\"><mark style=\"background-color:rgba(0, 0, 0, 0)\" class=\"has-inline-color has-global-color-8-color\"><strong>Capacit\u00e9:<\/strong><\/mark> 30-500t\/h<\/p>\n\n<\/div><\/div>\n<\/div>\n\n\n<p class=\"gb-headline gb-headline-2750f5a7 gb-headline-text\"><\/p>\n\n\n\n<p><strong><mark style=\"background-color:rgba(0, 0, 0, 0)\" class=\"has-inline-color has-global-color-8-color\">Mat\u00e9riaux adapt\u00e9s : <\/mark><\/strong>Galets de rivi\u00e8re, cailloux, calcaire, granit, sable de quartz, sable naturel, sable artificiel, sable de rivi\u00e8re, etc.<\/p>\n\n\n\n<p><strong><mark style=\"background-color:rgba(0, 0, 0, 0)\" class=\"has-inline-color has-global-color-8-color\">Applications :<\/mark><\/strong> Large utilisation dans les op\u00e9rations de conception et de criblage d'une grande quantit\u00e9 de sable et de gravier utilis\u00e9s sur les chantiers de construction, les usines de sable et gravier, les usines de pr\u00e9fabrication et les sites hydro\u00e9lectriques ; il peut \u00e9galement \u00eatre utilis\u00e9 dans les op\u00e9rations de triage de minerais.<\/p>\n\n\n<div class=\"gb-container gb-container-256e15f1\">\n\n<a class=\"gb-button gb-button-e8b73d89 gb-button-text\" href=\"#popmake-622\">Obtenez un devis gratuit maintenant<\/a>\n\n<\/div>\n<\/div><\/div>\n<\/div>\n<\/div>\n<\/div>\n\n<div class=\"gb-container gb-container-9fffbccc\">\n<div class=\"gb-container gb-container-ec063deb\">\n\n<h2 class=\"gb-headline gb-headline-e59ad497 gb-headline-text\">Structure du laveur de pierres<\/h2>\n\n\n\n<p>La machine \u00e0 laver les pierres est compos\u00e9e d'un moteur, d'une cuve, d'un arbre, d'une pale h\u00e9lico\u00efdale, d'un r\u00e9ducteur et d'un support. Le support est soud\u00e9 \u00e0 l'arbre, et la pale h\u00e9lico\u00efdale est install\u00e9e et comprim\u00e9e avec des boulons pour \u00e9viter que la pale ne se d\u00e9forme ou ne s'affaisse.<\/p>\n\n<\/div>\n<\/div>\n\n<div class=\"gb-container gb-container-44d3b6be\">\n<div class=\"gb-container gb-container-cb594cef\">\n\n<h2 class=\"gb-headline gb-headline-43634316 gb-headline-text\">Caract\u00e9ristiques du laveur de pierres<\/h2>\n\n\n\n<figure class=\"gb-block-image gb-block-image-1f90b8d3\"><img decoding=\"async\" width=\"600\" height=\"500\" class=\"gb-image gb-image-1f90b8d3\" src=\"https:\/\/hengxingmachinery.com\/wp-content\/uploads\/2025\/03\/stone-washer.jpg\" alt=\"\" title=\"laveur de pierres\" srcset=\"https:\/\/hengxingmachinery.com\/wp-content\/uploads\/2025\/03\/stone-washer.jpg 600w, https:\/\/hengxingmachinery.com\/wp-content\/uploads\/2025\/03\/stone-washer-300x250.jpg 300w, https:\/\/hengxingmachinery.com\/wp-content\/uploads\/2025\/03\/stone-washer-14x12.jpg 14w\" sizes=\"(max-width: 600px) 100vw, 600px\" \/><\/figure>\n\n\n\n<p><strong>Haute int\u00e9gration<\/strong><\/p>\n\n\n\n<p>\u00c0 l'exception du convoyeur \u00e0 bande d'empilement des mat\u00e9riaux finis, tous les syst\u00e8mes sont int\u00e9gr\u00e9s dans un ch\u00e2ssis global, ce qui garantit non seulement l'int\u00e9grit\u00e9 de l'\u00e9quipement mais laisse \u00e9galement un espace mod\u00e9r\u00e9 pour la maintenance et l'inspection. Le haut degr\u00e9 d'int\u00e9gration facilite le stockage sur le chantier ou le transfert et le transport, ce qui est pratique et stable.<\/p>\n\n\n\n<p><strong>Fiabilit\u00e9 de fonctionnement<\/strong><\/p>\n\n\n\n<p>Le syst\u00e8me de lavage de pierres central adopte le principe de m\u00e9lange du malaxeur. Les mati\u00e8res premi\u00e8res sont roul\u00e9es et pouss\u00e9es par les pales h\u00e9lico\u00efdales continues et la friction entre les mat\u00e9riaux dans le tambour de m\u00e9lange, ce qui a un effet puissant, naturel et une grande fiabilit\u00e9.<\/p>\n\n\n<div class=\"gb-container gb-container-a3629fb4\">\n\n<a class=\"gb-button gb-button-193549b0 gb-button-text\" href=\"#popmake-622\">Obtenez un devis gratuit maintenant<\/a>\n\n<\/div>\n<\/div>\n<\/div>\n\n<div class=\"gb-container gb-container-3a930c38\">\n<div class=\"gb-container gb-container-8a36e90a\">\n\n<h2 class=\"gb-headline gb-headline-a5d3273c gb-headline-text\">Principe de fonctionnement du laveur de pierres<\/h2>\n\n\n\n<figure class=\"gb-block-image gb-block-image-1c359176\"><img decoding=\"async\" width=\"800\" height=\"600\" class=\"gb-image gb-image-1c359176\" src=\"https:\/\/hengxingmachinery.com\/wp-content\/uploads\/2025\/03\/stone-washing-machine.jpg\" alt=\"\" title=\"machine \u00e0 laver les pierres\" srcset=\"https:\/\/hengxingmachinery.com\/wp-content\/uploads\/2025\/03\/stone-washing-machine.jpg 800w, https:\/\/hengxingmachinery.com\/wp-content\/uploads\/2025\/03\/stone-washing-machine-300x225.jpg 300w, https:\/\/hengxingmachinery.com\/wp-content\/uploads\/2025\/03\/stone-washing-machine-768x576.jpg 768w, https:\/\/hengxingmachinery.com\/wp-content\/uploads\/2025\/03\/stone-washing-machine-16x12.jpg 16w\" sizes=\"(max-width: 800px) 100vw, 800px\" \/><\/figure>\n\n\n\n<p>Les granulats contenant de la boue et de la poudre de pierre sont introduits par la tr\u00e9mie d'alimentation et entrent dans le tambour rotatif. La plaque de rev\u00eatement en caoutchouc r\u00e9sistant \u00e0 l'usure, install\u00e9e avec un certain angle dans le tambour de nettoyage, soul\u00e8ve et laisse tomber continuellement les mat\u00e9riaux, les d\u00e9pla\u00e7ant de l'extr\u00e9mit\u00e9 d'alimentation \u00e0 l'extr\u00e9mit\u00e9 de d\u00e9charge. Pendant ce processus, ils circulent plusieurs fois et sont rinc\u00e9s et lav\u00e9s avec de l'eau de lavage en avant ou en arri\u00e8re. Les granulats nettoy\u00e9s sont tamis\u00e9s et d\u00e9shydrat\u00e9s par la grille cylindrique de l'extr\u00e9mit\u00e9 de d\u00e9charge, puis \u00e9vacu\u00e9s. Les eaux us\u00e9es contenant de la boue s'\u00e9coulent \u00e0 travers la cloison perfor\u00e9e \u00e0 l'extr\u00e9mit\u00e9 de d\u00e9charge ou d'alimentation.<\/p>\n\n\n<div class=\"gb-container gb-container-96208927\">\n\n<a class=\"gb-button gb-button-429870c5 gb-button-text\" href=\"#popmake-622\">Obtenez un devis gratuit maintenant<\/a>\n\n<\/div>\n<\/div>\n<\/div>\n\n<div class=\"gb-container gb-container-435ad261\">\n<div class=\"gb-container gb-container-7dc79cc4\">\n\n<h2 class=\"gb-headline gb-headline-6fe5dee2 gb-headline-text\">Sp\u00e9cifications du laveur de pierres<\/h2>\n\n\n\n<figure class=\"wp-block-table is-style-stripes\"><table class=\"has-fixed-layout\"><tbody><tr><td><strong>Mod\u00e8le<\/strong><\/td><td>1048<\/td><td>1260<\/td><td>1580<\/td><td>1890<\/td><td>2010<\/td><td>2214<\/td><\/tr><tr><td><strong>Diam\u00e8tre du tambour (mm)<\/strong><\/td><td>1000<\/td><td>1200<\/td><td>1500<\/td><td>1800<\/td><td>2000<\/td><td>2200<\/td><\/tr><tr><td><strong>Longueur (mm)<\/strong><\/td><td>4800<\/td><td>6000<\/td><td>8000<\/td><td>9000<\/td><td>10000<\/td><td>14000<\/td><\/tr><tr><td><strong>Vitesse de rotation (tr\/min)<\/strong><\/td><td>15-30<\/td><td>10-25<\/td><td>10-25<\/td><td>8-22<\/td><td>8-22<\/td><td>6-17<\/td><\/tr><tr><td><strong>Capacit\u00e9 (T\/H)<\/strong><\/td><td>30-50<\/td><td>40-70<\/td><td>100-160<\/td><td>180-250<\/td><td>250-350<\/td><td>300-500<\/td><\/tr><tr><td><strong>Puissance (kW)<\/strong><\/td><td>11<\/td><td>15<\/td><td>22<\/td><td>30<\/td><td>37<\/td><td>45<\/td><\/tr><tr><td><strong>Longueur (m)<\/strong><\/td><td>6212<\/td><td>7250<\/td><td>8320<\/td><td>9380<\/td><td>10500<\/td><td>14600<\/td><\/tr><tr><td><strong>Largeur (m)<\/strong><\/td><td>1350<\/td><td>1560<\/td><td>1860<\/td><td>2220<\/td><td>2430<\/td><td>2640<\/td><\/tr><tr><td><strong>Hauteur (m)<\/strong><\/td><td>1550<\/td><td>1700<\/td><td>2150<\/td><td>2510<\/td><td>2860<\/td><td>2950<\/td><\/tr><tr><td><strong>Poids (tonnes)<\/strong><\/td><td>5.3<\/td><td>8.5<\/td><td>11.5<\/td><td>17.5<\/td><td>22.3<\/td><td>31.5<\/td><\/tr><\/tbody><\/table><\/figure>\n\n\n<div class=\"gb-container gb-container-263d9700\">\n\n<a class=\"gb-button gb-button-a4cbb7be gb-button-text\" href=\"#popmake-622\">Obtenez un devis gratuit maintenant<\/a>\n\n<\/div>\n<\/div>\n<\/div>","protected":false},"excerpt":{"rendered":"<p>Laveur de pierres Structure du laveur de pierres Le laveur de pierres est compos\u00e9 d'un moteur, d'une cuve, d'un arbre, d'une pale h\u00e9lico\u00efdale, d'un r\u00e9ducteur et d'un support. Le support est soud\u00e9 \u00e0 l'arbre, et la pale h\u00e9lico\u00efdale est install\u00e9e et comprim\u00e9e avec des boulons pour \u00e9viter que la pale ne se d\u00e9forme ou ne s'affaisse. Caract\u00e9ristiques du laveur de pierres Hautement... <\/p>\n<p class=\"read-more-container\"><a title=\"2-1. Laveur de pierres\" class=\"read-more button\" href=\"https:\/\/hengxingmachinery.com\/fr\/stone-washer\/#more-2398\" aria-label=\"En savoir plus sur 2-1. Laveur de pierres\">Lire plus<\/a><\/p>","protected":false},"author":1,"featured_media":0,"parent":0,"menu_order":0,"comment_status":"closed","ping_status":"closed","template":"","meta":{"footnotes":""},"class_list":["post-2398","page","type-page","status-publish"],"yoast_head":"<!-- This site is optimized with the Yoast SEO plugin v27.4 - https:\/\/yoast.com\/product\/yoast-seo-wordpress\/ -->\n<title>2-1. Stone washer - Hengxing Machinery<\/title>\n<meta name=\"robots\" content=\"index, follow, max-snippet:-1, max-image-preview:large, max-video-preview:-1\" \/>\n<link rel=\"canonical\" href=\"https:\/\/hengxingmachinery.com\/fr\/stone-washer\/\" \/>\n<meta property=\"og:locale\" content=\"fr_FR\" \/>\n<meta property=\"og:type\" content=\"article\" \/>\n<meta property=\"og:title\" content=\"2-1. Stone washer - Hengxing Machinery\" \/>\n<meta property=\"og:description\" content=\"Stone washer Stone washer structure The stone washing machine is composed of a motor, a tank, a shaft, a spiral blade, a reducer, and a bracket. The bracket is welded to the shaft, and the screw blade is installed and compressed with bolts to prevent the blade from deforming or sagging. Stone washer characteristics Highly ... Lire plus\" \/>\n<meta property=\"og:url\" content=\"https:\/\/hengxingmachinery.com\/fr\/stone-washer\/\" \/>\n<meta property=\"og:site_name\" content=\"Hengxing Machinery\" \/>\n<meta property=\"article:modified_time\" content=\"2025-03-20T08:11:52+00:00\" \/>\n<meta property=\"og:image\" content=\"https:\/\/hengxingmachinery.com\/wp-content\/uploads\/2025\/03\/stone-washer-for-sale.jpg\" \/>\n<meta name=\"twitter:card\" content=\"summary_large_image\" \/>\n<meta name=\"twitter:label1\" content=\"Dur\u00e9e de lecture estim\u00e9e\" \/>\n\t<meta name=\"twitter:data1\" content=\"3 minutes\" \/>\n<script type=\"application\/ld+json\" class=\"yoast-schema-graph\">{\"@context\":\"https:\\\/\\\/schema.org\",\"@graph\":[{\"@type\":\"WebPage\",\"@id\":\"https:\\\/\\\/hengxingmachinery.com\\\/stone-washer\\\/\",\"url\":\"https:\\\/\\\/hengxingmachinery.com\\\/stone-washer\\\/\",\"name\":\"2-1. Stone washer - Hengxing Machinery\",\"isPartOf\":{\"@id\":\"https:\\\/\\\/hengxingmachinery.com\\\/#website\"},\"primaryImageOfPage\":{\"@id\":\"https:\\\/\\\/hengxingmachinery.com\\\/stone-washer\\\/#primaryimage\"},\"image\":{\"@id\":\"https:\\\/\\\/hengxingmachinery.com\\\/stone-washer\\\/#primaryimage\"},\"thumbnailUrl\":\"https:\\\/\\\/hengxingmachinery.com\\\/wp-content\\\/uploads\\\/2025\\\/03\\\/stone-washer-for-sale.jpg\",\"datePublished\":\"2025-03-20T08:08:19+00:00\",\"dateModified\":\"2025-03-20T08:11:52+00:00\",\"breadcrumb\":{\"@id\":\"https:\\\/\\\/hengxingmachinery.com\\\/stone-washer\\\/#breadcrumb\"},\"inLanguage\":\"fr-FR\",\"potentialAction\":[{\"@type\":\"ReadAction\",\"target\":[\"https:\\\/\\\/hengxingmachinery.com\\\/stone-washer\\\/\"]}]},{\"@type\":\"ImageObject\",\"inLanguage\":\"fr-FR\",\"@id\":\"https:\\\/\\\/hengxingmachinery.com\\\/stone-washer\\\/#primaryimage\",\"url\":\"https:\\\/\\\/hengxingmachinery.com\\\/wp-content\\\/uploads\\\/2025\\\/03\\\/stone-washer-for-sale.jpg\",\"contentUrl\":\"https:\\\/\\\/hengxingmachinery.com\\\/wp-content\\\/uploads\\\/2025\\\/03\\\/stone-washer-for-sale.jpg\"},{\"@type\":\"BreadcrumbList\",\"@id\":\"https:\\\/\\\/hengxingmachinery.com\\\/stone-washer\\\/#breadcrumb\",\"itemListElement\":[{\"@type\":\"ListItem\",\"position\":1,\"name\":\"Home\",\"item\":\"https:\\\/\\\/hengxingmachinery.com\\\/\"},{\"@type\":\"ListItem\",\"position\":2,\"name\":\"2-1. Stone washer\"}]},{\"@type\":\"WebSite\",\"@id\":\"https:\\\/\\\/hengxingmachinery.com\\\/#website\",\"url\":\"https:\\\/\\\/hengxingmachinery.com\\\/\",\"name\":\"Hengxing Machinery\",\"description\":\"Leading Manufacturer of All Sorts of Mining Machinery\",\"publisher\":{\"@id\":\"https:\\\/\\\/hengxingmachinery.com\\\/#organization\"},\"potentialAction\":[{\"@type\":\"SearchAction\",\"target\":{\"@type\":\"EntryPoint\",\"urlTemplate\":\"https:\\\/\\\/hengxingmachinery.com\\\/?s={search_term_string}\"},\"query-input\":{\"@type\":\"PropertyValueSpecification\",\"valueRequired\":true,\"valueName\":\"search_term_string\"}}],\"inLanguage\":\"fr-FR\"},{\"@type\":\"Organization\",\"@id\":\"https:\\\/\\\/hengxingmachinery.com\\\/#organization\",\"name\":\"Hengxing Machinery\",\"url\":\"https:\\\/\\\/hengxingmachinery.com\\\/\",\"logo\":{\"@type\":\"ImageObject\",\"inLanguage\":\"fr-FR\",\"@id\":\"https:\\\/\\\/hengxingmachinery.com\\\/#\\\/schema\\\/logo\\\/image\\\/\",\"url\":\"https:\\\/\\\/hengxingmachinery.com\\\/wp-content\\\/uploads\\\/2024\\\/12\\\/logo.png\",\"contentUrl\":\"https:\\\/\\\/hengxingmachinery.com\\\/wp-content\\\/uploads\\\/2024\\\/12\\\/logo.png\",\"width\":400,\"height\":260,\"caption\":\"Hengxing Machinery\"},\"image\":{\"@id\":\"https:\\\/\\\/hengxingmachinery.com\\\/#\\\/schema\\\/logo\\\/image\\\/\"}}]}<\/script>\n<!-- \/ Yoast SEO plugin. -->","yoast_head_json":{"title":"2-1. Laveuse de pierres - Hengxing Machinery","robots":{"index":"index","follow":"follow","max-snippet":"max-snippet:-1","max-image-preview":"max-image-preview:large","max-video-preview":"max-video-preview:-1"},"canonical":"https:\/\/hengxingmachinery.com\/fr\/stone-washer\/","og_locale":"fr_FR","og_type":"article","og_title":"2-1. Stone washer - Hengxing Machinery","og_description":"Stone washer Stone washer structure The stone washing machine is composed of a motor, a tank, a shaft, a spiral blade, a reducer, and a bracket. The bracket is welded to the shaft, and the screw blade is installed and compressed with bolts to prevent the blade from deforming or sagging. Stone washer characteristics Highly ... Lire plus","og_url":"https:\/\/hengxingmachinery.com\/fr\/stone-washer\/","og_site_name":"Hengxing Machinery","article_modified_time":"2025-03-20T08:11:52+00:00","og_image":[{"url":"https:\/\/hengxingmachinery.com\/wp-content\/uploads\/2025\/03\/stone-washer-for-sale.jpg","type":"","width":"","height":""}],"twitter_card":"summary_large_image","twitter_misc":{"Dur\u00e9e de lecture estim\u00e9e":"3 minutes"},"schema":{"@context":"https:\/\/schema.org","@graph":[{"@type":"WebPage","@id":"https:\/\/hengxingmachinery.com\/stone-washer\/","url":"https:\/\/hengxingmachinery.com\/stone-washer\/","name":"2-1. Laveuse de pierres - Hengxing Machinery","isPartOf":{"@id":"https:\/\/hengxingmachinery.com\/#website"},"primaryImageOfPage":{"@id":"https:\/\/hengxingmachinery.com\/stone-washer\/#primaryimage"},"image":{"@id":"https:\/\/hengxingmachinery.com\/stone-washer\/#primaryimage"},"thumbnailUrl":"https:\/\/hengxingmachinery.com\/wp-content\/uploads\/2025\/03\/stone-washer-for-sale.jpg","datePublished":"2025-03-20T08:08:19+00:00","dateModified":"2025-03-20T08:11:52+00:00","breadcrumb":{"@id":"https:\/\/hengxingmachinery.com\/stone-washer\/#breadcrumb"},"inLanguage":"fr-FR","potentialAction":[{"@type":"ReadAction","target":["https:\/\/hengxingmachinery.com\/stone-washer\/"]}]},{"@type":"ImageObject","inLanguage":"fr-FR","@id":"https:\/\/hengxingmachinery.com\/stone-washer\/#primaryimage","url":"https:\/\/hengxingmachinery.com\/wp-content\/uploads\/2025\/03\/stone-washer-for-sale.jpg","contentUrl":"https:\/\/hengxingmachinery.com\/wp-content\/uploads\/2025\/03\/stone-washer-for-sale.jpg"},{"@type":"BreadcrumbList","@id":"https:\/\/hengxingmachinery.com\/stone-washer\/#breadcrumb","itemListElement":[{"@type":"ListItem","position":1,"name":"Home","item":"https:\/\/hengxingmachinery.com\/"},{"@type":"ListItem","position":2,"name":"2-1. Stone washer"}]},{"@type":"WebSite","@id":"https:\/\/hengxingmachinery.com\/#website","url":"https:\/\/hengxingmachinery.com\/","name":"Machines Hengxing","description":"Fabricant leader de toutes sortes de machines mini\u00e8res","publisher":{"@id":"https:\/\/hengxingmachinery.com\/#organization"},"potentialAction":[{"@type":"SearchAction","target":{"@type":"EntryPoint","urlTemplate":"https:\/\/hengxingmachinery.com\/?s={search_term_string}"},"query-input":{"@type":"PropertyValueSpecification","valueRequired":true,"valueName":"search_term_string"}}],"inLanguage":"fr-FR"},{"@type":"Organization","@id":"https:\/\/hengxingmachinery.com\/#organization","name":"Machines Hengxing","url":"https:\/\/hengxingmachinery.com\/","logo":{"@type":"ImageObject","inLanguage":"fr-FR","@id":"https:\/\/hengxingmachinery.com\/#\/schema\/logo\/image\/","url":"https:\/\/hengxingmachinery.com\/wp-content\/uploads\/2024\/12\/logo.png","contentUrl":"https:\/\/hengxingmachinery.com\/wp-content\/uploads\/2024\/12\/logo.png","width":400,"height":260,"caption":"Hengxing Machinery"},"image":{"@id":"https:\/\/hengxingmachinery.com\/#\/schema\/logo\/image\/"}}]}},"_links":{"self":[{"href":"https:\/\/hengxingmachinery.com\/fr\/wp-json\/wp\/v2\/pages\/2398","targetHints":{"allow":["GET"]}}],"collection":[{"href":"https:\/\/hengxingmachinery.com\/fr\/wp-json\/wp\/v2\/pages"}],"about":[{"href":"https:\/\/hengxingmachinery.com\/fr\/wp-json\/wp\/v2\/types\/page"}],"author":[{"embeddable":true,"href":"https:\/\/hengxingmachinery.com\/fr\/wp-json\/wp\/v2\/users\/1"}],"replies":[{"embeddable":true,"href":"https:\/\/hengxingmachinery.com\/fr\/wp-json\/wp\/v2\/comments?post=2398"}],"version-history":[{"count":1,"href":"https:\/\/hengxingmachinery.com\/fr\/wp-json\/wp\/v2\/pages\/2398\/revisions"}],"predecessor-version":[{"id":2409,"href":"https:\/\/hengxingmachinery.com\/fr\/wp-json\/wp\/v2\/pages\/2398\/revisions\/2409"}],"wp:attachment":[{"href":"https:\/\/hengxingmachinery.com\/fr\/wp-json\/wp\/v2\/media?parent=2398"}],"curies":[{"name":"wp","href":"https:\/\/api.w.org\/{rel}","templated":true}]}}