{"id":2399,"date":"2025-03-20T08:09:42","date_gmt":"2025-03-20T08:09:42","guid":{"rendered":"https:\/\/hengxingmachinery.com\/?page_id=2399"},"modified":"2025-03-20T08:13:53","modified_gmt":"2025-03-20T08:13:53","slug":"sand-making-production-lines","status":"publish","type":"page","link":"https:\/\/hengxingmachinery.com\/fr\/sand-making-production-lines\/","title":{"rendered":"2-1. Ligne de production de fabrication de sable"},"content":{"rendered":"<div class=\"gb-container gb-container-45165f5a\">\n<div class=\"gb-container gb-container-c2652eb4\">\n\n<h1 class=\"gb-headline gb-headline-62a8b2cc gb-headline-text\">Ligne de production de sable<\/h1>\n\n<\/div>\n<\/div>\n\n<div class=\"gb-container gb-container-519cf624\">\n<div class=\"gb-container gb-container-71ca071e\">\n<div class=\"gb-grid-wrapper gb-grid-wrapper-8a5f0688\">\n<div class=\"gb-grid-column gb-grid-column-1e99b1c2\"><div class=\"gb-container gb-container-1e99b1c2\">\n\n<figure class=\"gb-block-image gb-block-image-e4eaba54\"><img decoding=\"async\" width=\"665\" height=\"545\" class=\"gb-image gb-image-e4eaba54\" src=\"https:\/\/hengxingmachinery.com\/wp-content\/uploads\/2025\/03\/sand-making-production-line.jpg\" alt=\"\" title=\"ligne de production de sable\" srcset=\"https:\/\/hengxingmachinery.com\/wp-content\/uploads\/2025\/03\/sand-making-production-line.jpg 665w, https:\/\/hengxingmachinery.com\/wp-content\/uploads\/2025\/03\/sand-making-production-line-300x246.jpg 300w, https:\/\/hengxingmachinery.com\/wp-content\/uploads\/2025\/03\/sand-making-production-line-15x12.jpg 15w\" sizes=\"(max-width: 665px) 100vw, 665px\" \/><\/figure>\n\n<\/div><\/div>\n\n<div class=\"gb-grid-column gb-grid-column-bcae065b\"><div class=\"gb-container gb-container-bcae065b\">\n\n<p><\/p>\n\n\n\n<p><\/p>\n\n\n\n<p>L'\u00e9quipement de la ligne de production de sable artificiel est compos\u00e9 d'un concasseur \u00e0 m\u00e2choires, d'un concasseur VSI (machine \u00e0 fabriquer du sable), d'un crible vibrant (crible vibrant circulaire), d'une laveuse de sable et d'un convoyeur \u00e0 bande. Selon les diff\u00e9rentes exigences du processus, utilisez le type d'\u00e9quipement appropri\u00e9 pour la configuration afin de donner pleinement son rendement.<\/p>\n\n\n\n<p><\/p>\n\n\n<div class=\"gb-container gb-container-256e15f1\">\n\n<a class=\"gb-button gb-button-e8b73d89 gb-button-text\" href=\"#popmake-622\">Obtenez un devis gratuit maintenant<\/a>\n\n<\/div>\n<\/div><\/div>\n<\/div>\n<\/div>\n<\/div>\n\n<div class=\"gb-container gb-container-9fffbccc\">\n<div class=\"gb-container gb-container-ec063deb\">\n\n<h2 class=\"gb-headline gb-headline-e59ad497 gb-headline-text\">Processus de la ligne de production de fabrication de sable<\/h2>\n\n\n\n<p>Premi\u00e8rement, la mati\u00e8re pierreuse est concass\u00e9e initialement par le concasseur grossier (concasseur \u00e0 m\u00e2choires grossier). <\/p>\n\n\n\n<p>Ensuite, le mat\u00e9riau grossier produit est transport\u00e9 par le convoyeur \u00e0 bande vers le concasseur fin (concasseur \u00e0 m\u00e2choires fin) pour un concassage suppl\u00e9mentaire, et la pierre finement concass\u00e9e est cribl\u00e9e par le crible vibrant pour s\u00e9parer deux types de pierres. Les pierres correspondant \u00e0 la granularit\u00e9 d'alimentation de l'\u00e9quipement de fabrication de sable sont envoy\u00e9es dans la machine \u00e0 sable, tandis que l'autre partie du mat\u00e9riau est renvoy\u00e9e pour \u00eatre \u00e0 nouveau concass\u00e9e. <\/p>\n\n\n\n<p>Une partie du gravier trait\u00e9 par l'\u00e9quipement de sablage est transform\u00e9e en sable, qui est nettoy\u00e9 par une laveuse de sable (optionnelle) pour obtenir du sable fini, et l'autre partie est \u00e0 nouveau concass\u00e9e par la machine \u00e0 sable pour produire divers mat\u00e9riaux sableux conformes aux exigences.<\/p>\n\n\n<div class=\"gb-container gb-container-031827ea\">\n\n<a class=\"gb-button gb-button-9af43ea0 gb-button-text\" href=\"#popmake-622\">Obtenez un devis gratuit maintenant<\/a>\n\n<\/div>\n<\/div>\n<\/div>\n\n<div class=\"gb-container gb-container-44d3b6be\">\n<div class=\"gb-container gb-container-cb594cef\">\n\n<h2 class=\"gb-headline gb-headline-43634316 gb-headline-text\">Caract\u00e9ristiques de la ligne de production de fabrication de sable<\/h2>\n\n\n\n<figure class=\"gb-block-image gb-block-image-1f90b8d3\"><img decoding=\"async\" width=\"800\" height=\"500\" class=\"gb-image gb-image-1f90b8d3\" src=\"https:\/\/hengxingmachinery.com\/wp-content\/uploads\/2025\/03\/sand-making-production.jpg\" alt=\"\" title=\"Production de fabrication de sable\" srcset=\"https:\/\/hengxingmachinery.com\/wp-content\/uploads\/2025\/03\/sand-making-production.jpg 800w, https:\/\/hengxingmachinery.com\/wp-content\/uploads\/2025\/03\/sand-making-production-300x188.jpg 300w, https:\/\/hengxingmachinery.com\/wp-content\/uploads\/2025\/03\/sand-making-production-768x480.jpg 768w, https:\/\/hengxingmachinery.com\/wp-content\/uploads\/2025\/03\/sand-making-production-18x12.jpg 18w\" sizes=\"(max-width: 800px) 100vw, 800px\" \/><\/figure>\n\n\n\n<p>1. Processus de fonctionnement enti\u00e8rement automatis\u00e9, productivit\u00e9 plus \u00e9lev\u00e9e, efficacit\u00e9 de travail optimis\u00e9e, degr\u00e9 d'automatisation \u00e9lev\u00e9, taux de concassage important, capacit\u00e9 de traitement \u00e9lev\u00e9e, le produit concass\u00e9 est de forme cubique, avec une faible teneur en particules aplaties, pas de fissures internes, et une r\u00e9sistance \u00e0 la pression \u00e9lev\u00e9e conforme \u00e0 la norme nationale de sable de construction.<\/p>\n\n\n\n<p>2. Une gamme d'applications plus large. Appliqu\u00e9e avec succ\u00e8s au concassage et au traitement du calcaire, du basalte, du granit, des galets et d'autres roches. La qualit\u00e9 du produit fini apr\u00e8s concassage peut atteindre la norme GB14685-2001, fournissant des agr\u00e9gats qualifi\u00e9s pour les industries des autoroutes de haute qualit\u00e9, des chemins de fer, de la conservation de l'eau, des centrales \u00e0 b\u00e9ton, etc.<\/p>\n\n\n\n<p>3. L'\u00e9quipement de la ligne de production de sable et gravier ne n\u00e9cessite presque aucune intervention manuelle, except\u00e9 pour le d\u00e9marrage, l'arr\u00eat et la maintenance de routine. Sa productivit\u00e9 est \u00e9lev\u00e9e, les co\u00fbts d'exploitation sont faibles, la production est importante et les b\u00e9n\u00e9fices sont \u00e9lev\u00e9s. La pierre finie a une granulom\u00e9trie uniforme et une bonne forme, r\u00e9pondant aux exigences nationales pour les mat\u00e9riaux de construction d'autoroutes.<\/p>\n\n\n\n<p>4. Dans la conception du flux de processus de l'\u00e9quipement de sable et gravier, gr\u00e2ce \u00e0 l'appariement raisonnable des \u00e9quipements de concassage \u00e0 tous les niveaux et \u00e0 la disposition rigoureuse en espace crois\u00e9, il pr\u00e9sente une petite superficie, des investissements et des b\u00e9n\u00e9fices \u00e9conomiques \u00e9lev\u00e9s, une bonne qualit\u00e9 du mat\u00e9riau gravier, et un faible taux de production de poussi\u00e8re de pierre. Il est \u00e9quip\u00e9 d'un syst\u00e8me de contr\u00f4le \u00e9lectronique avanc\u00e9 pour garantir le d\u00e9roulement fluide de l'ensemble du processus, une fiabilit\u00e9 de fonctionnement, une facilit\u00e9 d'utilisation et des \u00e9conomies d'\u00e9nergie.<\/p>\n\n\n<div class=\"gb-container gb-container-a3629fb4\">\n\n<a class=\"gb-button gb-button-193549b0 gb-button-text\" href=\"#popmake-622\">Obtenez un devis gratuit maintenant<\/a>\n\n<\/div>\n<\/div>\n<\/div>","protected":false},"excerpt":{"rendered":"<p>Sand making production line Sand making production line process First, the stone material is initially crushed by the coarse crusher (coarse jaw crusher). Then, the produced coarse material is conveyed by the belt conveyor to the fine crusher (fine crusher jaw crusher) for further crushing, and the finely crushed stone is vibrated two kinds of &#8230; <\/p>\n<p class=\"read-more-container\"><a title=\"2-1. Ligne de production de fabrication de sable\" class=\"read-more button\" href=\"https:\/\/hengxingmachinery.com\/fr\/sand-making-production-lines\/#more-2399\" aria-label=\"En savoir plus sur 2-1. Sand making production line\">Lire plus<\/a><\/p>","protected":false},"author":1,"featured_media":0,"parent":0,"menu_order":0,"comment_status":"closed","ping_status":"closed","template":"","meta":{"footnotes":""},"class_list":["post-2399","page","type-page","status-publish"],"yoast_head":"<!-- This site is optimized with the Yoast SEO plugin v27.4 - https:\/\/yoast.com\/product\/yoast-seo-wordpress\/ -->\n<title>2-1. Sand making production line - Hengxing Machinery<\/title>\n<meta name=\"robots\" content=\"index, follow, max-snippet:-1, max-image-preview:large, max-video-preview:-1\" \/>\n<link rel=\"canonical\" href=\"https:\/\/hengxingmachinery.com\/fr\/sand-making-production-lines\/\" \/>\n<meta property=\"og:locale\" content=\"fr_FR\" \/>\n<meta property=\"og:type\" content=\"article\" \/>\n<meta property=\"og:title\" content=\"2-1. Sand making production line - Hengxing Machinery\" \/>\n<meta property=\"og:description\" content=\"Sand making production line Sand making production line process First, the stone material is initially crushed by the coarse crusher (coarse jaw crusher). Then, the produced coarse material is conveyed by the belt conveyor to the fine crusher (fine crusher jaw crusher) for further crushing, and the finely crushed stone is vibrated two kinds of ... Lire plus\" \/>\n<meta property=\"og:url\" content=\"https:\/\/hengxingmachinery.com\/fr\/sand-making-production-lines\/\" \/>\n<meta property=\"og:site_name\" content=\"Hengxing Machinery\" \/>\n<meta property=\"article:modified_time\" content=\"2025-03-20T08:13:53+00:00\" \/>\n<meta property=\"og:image\" content=\"https:\/\/hengxingmachinery.com\/wp-content\/uploads\/2025\/03\/sand-making-production-line.jpg\" \/>\n<meta name=\"twitter:card\" content=\"summary_large_image\" \/>\n<meta name=\"twitter:label1\" content=\"Dur\u00e9e de lecture estim\u00e9e\" \/>\n\t<meta name=\"twitter:data1\" content=\"3 minutes\" \/>\n<script type=\"application\/ld+json\" class=\"yoast-schema-graph\">{\"@context\":\"https:\\\/\\\/schema.org\",\"@graph\":[{\"@type\":\"WebPage\",\"@id\":\"https:\\\/\\\/hengxingmachinery.com\\\/sand-making-production-lines\\\/\",\"url\":\"https:\\\/\\\/hengxingmachinery.com\\\/sand-making-production-lines\\\/\",\"name\":\"2-1. Sand making production line - Hengxing Machinery\",\"isPartOf\":{\"@id\":\"https:\\\/\\\/hengxingmachinery.com\\\/#website\"},\"primaryImageOfPage\":{\"@id\":\"https:\\\/\\\/hengxingmachinery.com\\\/sand-making-production-lines\\\/#primaryimage\"},\"image\":{\"@id\":\"https:\\\/\\\/hengxingmachinery.com\\\/sand-making-production-lines\\\/#primaryimage\"},\"thumbnailUrl\":\"https:\\\/\\\/hengxingmachinery.com\\\/wp-content\\\/uploads\\\/2025\\\/03\\\/sand-making-production-line.jpg\",\"datePublished\":\"2025-03-20T08:09:42+00:00\",\"dateModified\":\"2025-03-20T08:13:53+00:00\",\"breadcrumb\":{\"@id\":\"https:\\\/\\\/hengxingmachinery.com\\\/sand-making-production-lines\\\/#breadcrumb\"},\"inLanguage\":\"fr-FR\",\"potentialAction\":[{\"@type\":\"ReadAction\",\"target\":[\"https:\\\/\\\/hengxingmachinery.com\\\/sand-making-production-lines\\\/\"]}]},{\"@type\":\"ImageObject\",\"inLanguage\":\"fr-FR\",\"@id\":\"https:\\\/\\\/hengxingmachinery.com\\\/sand-making-production-lines\\\/#primaryimage\",\"url\":\"https:\\\/\\\/hengxingmachinery.com\\\/wp-content\\\/uploads\\\/2025\\\/03\\\/sand-making-production-line.jpg\",\"contentUrl\":\"https:\\\/\\\/hengxingmachinery.com\\\/wp-content\\\/uploads\\\/2025\\\/03\\\/sand-making-production-line.jpg\"},{\"@type\":\"BreadcrumbList\",\"@id\":\"https:\\\/\\\/hengxingmachinery.com\\\/sand-making-production-lines\\\/#breadcrumb\",\"itemListElement\":[{\"@type\":\"ListItem\",\"position\":1,\"name\":\"Home\",\"item\":\"https:\\\/\\\/hengxingmachinery.com\\\/\"},{\"@type\":\"ListItem\",\"position\":2,\"name\":\"2-1. Sand making production line\"}]},{\"@type\":\"WebSite\",\"@id\":\"https:\\\/\\\/hengxingmachinery.com\\\/#website\",\"url\":\"https:\\\/\\\/hengxingmachinery.com\\\/\",\"name\":\"Hengxing Machinery\",\"description\":\"Leading Manufacturer of All Sorts of Mining Machinery\",\"publisher\":{\"@id\":\"https:\\\/\\\/hengxingmachinery.com\\\/#organization\"},\"potentialAction\":[{\"@type\":\"SearchAction\",\"target\":{\"@type\":\"EntryPoint\",\"urlTemplate\":\"https:\\\/\\\/hengxingmachinery.com\\\/?s={search_term_string}\"},\"query-input\":{\"@type\":\"PropertyValueSpecification\",\"valueRequired\":true,\"valueName\":\"search_term_string\"}}],\"inLanguage\":\"fr-FR\"},{\"@type\":\"Organization\",\"@id\":\"https:\\\/\\\/hengxingmachinery.com\\\/#organization\",\"name\":\"Hengxing Machinery\",\"url\":\"https:\\\/\\\/hengxingmachinery.com\\\/\",\"logo\":{\"@type\":\"ImageObject\",\"inLanguage\":\"fr-FR\",\"@id\":\"https:\\\/\\\/hengxingmachinery.com\\\/#\\\/schema\\\/logo\\\/image\\\/\",\"url\":\"https:\\\/\\\/hengxingmachinery.com\\\/wp-content\\\/uploads\\\/2024\\\/12\\\/logo.png\",\"contentUrl\":\"https:\\\/\\\/hengxingmachinery.com\\\/wp-content\\\/uploads\\\/2024\\\/12\\\/logo.png\",\"width\":400,\"height\":260,\"caption\":\"Hengxing Machinery\"},\"image\":{\"@id\":\"https:\\\/\\\/hengxingmachinery.com\\\/#\\\/schema\\\/logo\\\/image\\\/\"}}]}<\/script>\n<!-- \/ Yoast SEO plugin. -->","yoast_head_json":{"title":"2-1. Ligne de production de sable - Hengxing Machinery","robots":{"index":"index","follow":"follow","max-snippet":"max-snippet:-1","max-image-preview":"max-image-preview:large","max-video-preview":"max-video-preview:-1"},"canonical":"https:\/\/hengxingmachinery.com\/fr\/sand-making-production-lines\/","og_locale":"fr_FR","og_type":"article","og_title":"2-1. Sand making production line - Hengxing Machinery","og_description":"Sand making production line Sand making production line process First, the stone material is initially crushed by the coarse crusher (coarse jaw crusher). Then, the produced coarse material is conveyed by the belt conveyor to the fine crusher (fine crusher jaw crusher) for further crushing, and the finely crushed stone is vibrated two kinds of ... Lire plus","og_url":"https:\/\/hengxingmachinery.com\/fr\/sand-making-production-lines\/","og_site_name":"Hengxing Machinery","article_modified_time":"2025-03-20T08:13:53+00:00","og_image":[{"url":"https:\/\/hengxingmachinery.com\/wp-content\/uploads\/2025\/03\/sand-making-production-line.jpg","type":"","width":"","height":""}],"twitter_card":"summary_large_image","twitter_misc":{"Dur\u00e9e de lecture estim\u00e9e":"3 minutes"},"schema":{"@context":"https:\/\/schema.org","@graph":[{"@type":"WebPage","@id":"https:\/\/hengxingmachinery.com\/sand-making-production-lines\/","url":"https:\/\/hengxingmachinery.com\/sand-making-production-lines\/","name":"2-1. Ligne de production de sable - Hengxing Machinery","isPartOf":{"@id":"https:\/\/hengxingmachinery.com\/#website"},"primaryImageOfPage":{"@id":"https:\/\/hengxingmachinery.com\/sand-making-production-lines\/#primaryimage"},"image":{"@id":"https:\/\/hengxingmachinery.com\/sand-making-production-lines\/#primaryimage"},"thumbnailUrl":"https:\/\/hengxingmachinery.com\/wp-content\/uploads\/2025\/03\/sand-making-production-line.jpg","datePublished":"2025-03-20T08:09:42+00:00","dateModified":"2025-03-20T08:13:53+00:00","breadcrumb":{"@id":"https:\/\/hengxingmachinery.com\/sand-making-production-lines\/#breadcrumb"},"inLanguage":"fr-FR","potentialAction":[{"@type":"ReadAction","target":["https:\/\/hengxingmachinery.com\/sand-making-production-lines\/"]}]},{"@type":"ImageObject","inLanguage":"fr-FR","@id":"https:\/\/hengxingmachinery.com\/sand-making-production-lines\/#primaryimage","url":"https:\/\/hengxingmachinery.com\/wp-content\/uploads\/2025\/03\/sand-making-production-line.jpg","contentUrl":"https:\/\/hengxingmachinery.com\/wp-content\/uploads\/2025\/03\/sand-making-production-line.jpg"},{"@type":"BreadcrumbList","@id":"https:\/\/hengxingmachinery.com\/sand-making-production-lines\/#breadcrumb","itemListElement":[{"@type":"ListItem","position":1,"name":"Home","item":"https:\/\/hengxingmachinery.com\/"},{"@type":"ListItem","position":2,"name":"2-1. Sand making production line"}]},{"@type":"WebSite","@id":"https:\/\/hengxingmachinery.com\/#website","url":"https:\/\/hengxingmachinery.com\/","name":"Machines Hengxing","description":"Fabricant leader de toutes sortes de machines mini\u00e8res","publisher":{"@id":"https:\/\/hengxingmachinery.com\/#organization"},"potentialAction":[{"@type":"SearchAction","target":{"@type":"EntryPoint","urlTemplate":"https:\/\/hengxingmachinery.com\/?s={search_term_string}"},"query-input":{"@type":"PropertyValueSpecification","valueRequired":true,"valueName":"search_term_string"}}],"inLanguage":"fr-FR"},{"@type":"Organization","@id":"https:\/\/hengxingmachinery.com\/#organization","name":"Machines Hengxing","url":"https:\/\/hengxingmachinery.com\/","logo":{"@type":"ImageObject","inLanguage":"fr-FR","@id":"https:\/\/hengxingmachinery.com\/#\/schema\/logo\/image\/","url":"https:\/\/hengxingmachinery.com\/wp-content\/uploads\/2024\/12\/logo.png","contentUrl":"https:\/\/hengxingmachinery.com\/wp-content\/uploads\/2024\/12\/logo.png","width":400,"height":260,"caption":"Hengxing Machinery"},"image":{"@id":"https:\/\/hengxingmachinery.com\/#\/schema\/logo\/image\/"}}]}},"_links":{"self":[{"href":"https:\/\/hengxingmachinery.com\/fr\/wp-json\/wp\/v2\/pages\/2399","targetHints":{"allow":["GET"]}}],"collection":[{"href":"https:\/\/hengxingmachinery.com\/fr\/wp-json\/wp\/v2\/pages"}],"about":[{"href":"https:\/\/hengxingmachinery.com\/fr\/wp-json\/wp\/v2\/types\/page"}],"author":[{"embeddable":true,"href":"https:\/\/hengxingmachinery.com\/fr\/wp-json\/wp\/v2\/users\/1"}],"replies":[{"embeddable":true,"href":"https:\/\/hengxingmachinery.com\/fr\/wp-json\/wp\/v2\/comments?post=2399"}],"version-history":[{"count":1,"href":"https:\/\/hengxingmachinery.com\/fr\/wp-json\/wp\/v2\/pages\/2399\/revisions"}],"predecessor-version":[{"id":2410,"href":"https:\/\/hengxingmachinery.com\/fr\/wp-json\/wp\/v2\/pages\/2399\/revisions\/2410"}],"wp:attachment":[{"href":"https:\/\/hengxingmachinery.com\/fr\/wp-json\/wp\/v2\/media?parent=2399"}],"curies":[{"name":"wp","href":"https:\/\/api.w.org\/{rel}","templated":true}]}}