{"id":2400,"date":"2025-03-20T08:10:46","date_gmt":"2025-03-20T08:10:46","guid":{"rendered":"https:\/\/hengxingmachinery.com\/?page_id=2400"},"modified":"2025-03-20T08:12:39","modified_gmt":"2025-03-20T08:12:39","slug":"belt-conveyor","status":"publish","type":"page","link":"https:\/\/hengxingmachinery.com\/fr\/belt-conveyor\/","title":{"rendered":"2-1. Convoyeur \u00e0 bande"},"content":{"rendered":"<div class=\"gb-container gb-container-45165f5a\">\n<div class=\"gb-container gb-container-c2652eb4\">\n\n<h1 class=\"gb-headline gb-headline-62a8b2cc gb-headline-text\">Convoyeur \u00e0 bande<\/h1>\n\n<\/div>\n<\/div>\n\n<div class=\"gb-container gb-container-519cf624\">\n<div class=\"gb-container gb-container-71ca071e\">\n<div class=\"gb-grid-wrapper gb-grid-wrapper-8a5f0688\">\n<div class=\"gb-grid-column gb-grid-column-1e99b1c2\"><div class=\"gb-container gb-container-1e99b1c2\">\n\n<figure class=\"gb-block-image gb-block-image-e4eaba54\"><img decoding=\"async\" width=\"665\" height=\"545\" class=\"gb-image gb-image-e4eaba54\" src=\"https:\/\/hengxingmachinery.com\/wp-content\/uploads\/2025\/03\/belt-conveyor-for-sale.jpg\" alt=\"\" title=\"convoyeur \u00e0 bande \u00e0 vendre\" srcset=\"https:\/\/hengxingmachinery.com\/wp-content\/uploads\/2025\/03\/belt-conveyor-for-sale.jpg 665w, https:\/\/hengxingmachinery.com\/wp-content\/uploads\/2025\/03\/belt-conveyor-for-sale-300x246.jpg 300w, https:\/\/hengxingmachinery.com\/wp-content\/uploads\/2025\/03\/belt-conveyor-for-sale-15x12.jpg 15w\" sizes=\"(max-width: 665px) 100vw, 665px\" \/><\/figure>\n\n<\/div><\/div>\n\n<div class=\"gb-grid-column gb-grid-column-bcae065b\"><div class=\"gb-container gb-container-bcae065b\">\n\n<p>Le convoyeur \u00e0 bande est largement utilis\u00e9 dans les secteurs minier, charbonnier, chimique, des mat\u00e9riaux de construction, de la m\u00e9tallurgie, de l'\u00e9lectricit\u00e9, de l'industrie l\u00e9g\u00e8re, des c\u00e9r\u00e9ales, des ports, du transport maritime, etc. <\/p>\n\n\n\n<p>Les mat\u00e9riaux en vrac d'une densit\u00e9 de 0,5 \u00e0 2,5 t\/m\u00b3 peuvent \u00eatre transport\u00e9s dans un environnement de travail o\u00f9 la temp\u00e9rature est comprise entre -15 \u00b0C et 140 \u00b0C. <\/p>\n\n\n\n<p>Les types les plus vendus incluent : largeurs de bande 400 mm, 500 mm, 650 mm, 800 mm, 1000 mm, 1200 mm, 1400 mm, et les capacit\u00e9s incluent 30-60 t\/h, 40-80 t\/h, 80-120 t\/h, 120-200 t\/h, 200-320 t\/h, 290-480 t\/h, 500-1200 t\/h. Nos techniciens peuvent vous recommander les mod\u00e8les adapt\u00e9s, veuillez donc nous indiquer vos exigences.<\/p>\n\n\n\n<p>Les convoyeurs \u00e0 bande mobiles sont \u00e9quip\u00e9s de roues et peuvent \u00eatre d\u00e9plac\u00e9s.<\/p>\n\n\n<div class=\"gb-container gb-container-256e15f1\">\n\n<a class=\"gb-button gb-button-e8b73d89 gb-button-text\" href=\"#popmake-622\">Obtenez un devis gratuit maintenant<\/a>\n\n<\/div>\n<\/div><\/div>\n<\/div>\n<\/div>\n<\/div>\n\n<div class=\"gb-container gb-container-3a930c38\">\n<div class=\"gb-container gb-container-8a36e90a\">\n\n<h2 class=\"gb-headline gb-headline-a5d3273c gb-headline-text\">Principe de fonctionnement du convoyeur \u00e0 bande<\/h2>\n\n\n\n<figure class=\"gb-block-image gb-block-image-1c359176\"><img decoding=\"async\" width=\"800\" height=\"500\" class=\"gb-image gb-image-1c359176\" src=\"https:\/\/hengxingmachinery.com\/wp-content\/uploads\/2025\/03\/Belt-Conveyor.jpg\" alt=\"\" title=\"Convoyeur \u00e0 Bande\" srcset=\"https:\/\/hengxingmachinery.com\/wp-content\/uploads\/2025\/03\/Belt-Conveyor.jpg 800w, https:\/\/hengxingmachinery.com\/wp-content\/uploads\/2025\/03\/Belt-Conveyor-300x188.jpg 300w, https:\/\/hengxingmachinery.com\/wp-content\/uploads\/2025\/03\/Belt-Conveyor-768x480.jpg 768w, https:\/\/hengxingmachinery.com\/wp-content\/uploads\/2025\/03\/Belt-Conveyor-18x12.jpg 18w\" sizes=\"(max-width: 800px) 100vw, 800px\" \/><\/figure>\n\n\n\n<p>La bande transporteuse est principalement compos\u00e9e des tambours aux deux extr\u00e9mit\u00e9s et des bandes ferm\u00e9es fix\u00e9es solidement sur ceux-ci. Le tambour rotatif de la bande transporteuse est appel\u00e9 tambour d'entra\u00eenement, et l'autre tambour, principalement utilis\u00e9 pour changer la direction de d\u00e9placement de la bande, est appel\u00e9 tambour de renvoi. <\/p>\n\n\n\n<p>Le tambour d'entra\u00eenement actionne le dispositif via le moteur \u00e9lectrique sur le r\u00e9ducteur, et la bande est entra\u00een\u00e9e gr\u00e2ce au frottement entre le tambour d'entra\u00eenement et la bande transporteuse. Le tambour d'entra\u00eenement est g\u00e9n\u00e9ralement install\u00e9 du c\u00f4t\u00e9 de d\u00e9chargement pour augmenter la force de traction. <\/p>\n\n\n\n<p>Les mat\u00e9riaux sont introduits par l'extr\u00e9mit\u00e9 d'alimentation, puis tombent sur la bande transporteuse en mouvement ; gr\u00e2ce \u00e0 la force de frottement de la bande transporteuse, les mat\u00e9riaux sont achemin\u00e9s vers l'extr\u00e9mit\u00e9 de d\u00e9chargement pour \u00eatre \u00e9vacu\u00e9s.<\/p>\n\n\n<div class=\"gb-container gb-container-96208927\">\n\n<a class=\"gb-button gb-button-429870c5 gb-button-text\" href=\"#popmake-622\">Obtenez un devis gratuit maintenant<\/a>\n\n<\/div>\n<\/div>\n<\/div>\n\n<div class=\"gb-container gb-container-435ad261\">\n<div class=\"gb-container gb-container-7dc79cc4\">\n\n<h2 class=\"gb-headline gb-headline-6fe5dee2 gb-headline-text\">Sp\u00e9cifications du convoyeur \u00e0 bande<\/h2>\n\n\n\n<figure class=\"wp-block-table is-style-stripes\"><table class=\"has-fixed-layout\"><tbody><tr><td><strong>Largeur de bande (mm)<\/strong><\/td><td><strong>Transport<\/strong><\/td><td><strong>Longueur (m)<\/strong><\/td><td><strong>Puissance (kW)<\/strong><\/td><td><strong>Vitesse de transport (m\/s)<\/strong><\/td><td><strong>D\u00e9bit de transport (t\/h)<\/strong><\/td><\/tr><tr><td>500<\/td><td>&lt;=12<br>3<\/td><td>12-20<br>4-5.5<\/td><td>20-30<br>5.5-7.5<\/td><td>1.3-1.6<\/td><td>78-191<\/td><\/tr><tr><td>650<\/td><td>&lt;=12<br>4<\/td><td>12-20<br>5.5<\/td><td>20-30<br>7.5-11<\/td><td>1.3-1.6<\/td><td>131-323<\/td><\/tr><tr><td>800<\/td><td>&lt;=6<br>4<\/td><td>6-15<br>5.5<\/td><td>15-30<br>7.5-15<\/td><td>1.3-1.6<\/td><td>278-546<\/td><\/tr><tr><td>1000<\/td><td>&lt;=10<br>5.5<\/td><td>10-20<br>7.5-11<\/td><td>20-40<br>11-22<\/td><td>1.3-2.0<\/td><td>435-853<\/td><\/tr><tr><td>1200<\/td><td>&lt;=10<br>7.5<\/td><td>10-20<br>11<\/td><td>20-40<br>15-30<\/td><td>1.3-2.0<\/td><td>655-1284<\/td><\/tr><tr><td>1400<\/td><td>&lt;=10<br>11<\/td><td>10-20<br>18.5<\/td><td>20-40<br>22-37<\/td><td>1.3-2.0<\/td><td>893-1745<\/td><\/tr><tr><td>1600<\/td><td>&lt;=10<br>15<\/td><td>10-20<br>22<\/td><td>20-40<br>30-45<\/td><td>1.3-2.0<\/td><td>1069-2195<\/td><\/tr><\/tbody><\/table><\/figure>\n\n\n<div class=\"gb-container gb-container-263d9700\">\n\n<a class=\"gb-button gb-button-a4cbb7be gb-button-text\" href=\"#popmake-622\">Obtenez un devis gratuit maintenant<\/a>\n\n<\/div>\n<\/div>\n<\/div>","protected":false},"excerpt":{"rendered":"<p>Belt conveyor Belt conveyor working principle The conveyor belt is mainly composed of the expansion cylinder on both ends and the closed belts tightly knotted on them. The revolving cylinder of the conveyor belt is called the driving cylinder, and the other cylinder which is mainly used for changing the moving direction of the belt &#8230; <\/p>\n<p class=\"read-more-container\"><a title=\"2-1. Convoyeur \u00e0 bande\" class=\"read-more button\" href=\"https:\/\/hengxingmachinery.com\/fr\/belt-conveyor\/#more-2400\" aria-label=\"En savoir plus sur 2-1. Belt conveyor\">Lire plus<\/a><\/p>","protected":false},"author":1,"featured_media":0,"parent":0,"menu_order":0,"comment_status":"closed","ping_status":"closed","template":"","meta":{"footnotes":""},"class_list":["post-2400","page","type-page","status-publish"],"yoast_head":"<!-- This site is optimized with the Yoast SEO plugin v27.4 - https:\/\/yoast.com\/product\/yoast-seo-wordpress\/ -->\n<title>2-1. Belt conveyor - Hengxing Machinery<\/title>\n<meta name=\"robots\" content=\"index, follow, max-snippet:-1, max-image-preview:large, max-video-preview:-1\" \/>\n<link rel=\"canonical\" href=\"https:\/\/hengxingmachinery.com\/fr\/belt-conveyor\/\" \/>\n<meta property=\"og:locale\" content=\"fr_FR\" \/>\n<meta property=\"og:type\" content=\"article\" \/>\n<meta property=\"og:title\" content=\"2-1. Belt conveyor - Hengxing Machinery\" \/>\n<meta property=\"og:description\" content=\"Belt conveyor Belt conveyor working principle The conveyor belt is mainly composed of the expansion cylinder on both ends and the closed belts tightly knotted on them. The revolving cylinder of the conveyor belt is called the driving cylinder, and the other cylinder which is mainly used for changing the moving direction of the belt ... Lire plus\" \/>\n<meta property=\"og:url\" content=\"https:\/\/hengxingmachinery.com\/fr\/belt-conveyor\/\" \/>\n<meta property=\"og:site_name\" content=\"Hengxing Machinery\" \/>\n<meta property=\"article:modified_time\" content=\"2025-03-20T08:12:39+00:00\" \/>\n<meta property=\"og:image\" content=\"https:\/\/hengxingmachinery.com\/wp-content\/uploads\/2025\/03\/belt-conveyor-for-sale.jpg\" \/>\n<meta name=\"twitter:card\" content=\"summary_large_image\" \/>\n<meta name=\"twitter:label1\" content=\"Dur\u00e9e de lecture estim\u00e9e\" \/>\n\t<meta name=\"twitter:data1\" content=\"2 minutes\" \/>\n<script type=\"application\/ld+json\" class=\"yoast-schema-graph\">{\"@context\":\"https:\\\/\\\/schema.org\",\"@graph\":[{\"@type\":\"WebPage\",\"@id\":\"https:\\\/\\\/hengxingmachinery.com\\\/belt-conveyor\\\/\",\"url\":\"https:\\\/\\\/hengxingmachinery.com\\\/belt-conveyor\\\/\",\"name\":\"2-1. Belt conveyor - Hengxing Machinery\",\"isPartOf\":{\"@id\":\"https:\\\/\\\/hengxingmachinery.com\\\/#website\"},\"primaryImageOfPage\":{\"@id\":\"https:\\\/\\\/hengxingmachinery.com\\\/belt-conveyor\\\/#primaryimage\"},\"image\":{\"@id\":\"https:\\\/\\\/hengxingmachinery.com\\\/belt-conveyor\\\/#primaryimage\"},\"thumbnailUrl\":\"https:\\\/\\\/hengxingmachinery.com\\\/wp-content\\\/uploads\\\/2025\\\/03\\\/belt-conveyor-for-sale.jpg\",\"datePublished\":\"2025-03-20T08:10:46+00:00\",\"dateModified\":\"2025-03-20T08:12:39+00:00\",\"breadcrumb\":{\"@id\":\"https:\\\/\\\/hengxingmachinery.com\\\/belt-conveyor\\\/#breadcrumb\"},\"inLanguage\":\"fr-FR\",\"potentialAction\":[{\"@type\":\"ReadAction\",\"target\":[\"https:\\\/\\\/hengxingmachinery.com\\\/belt-conveyor\\\/\"]}]},{\"@type\":\"ImageObject\",\"inLanguage\":\"fr-FR\",\"@id\":\"https:\\\/\\\/hengxingmachinery.com\\\/belt-conveyor\\\/#primaryimage\",\"url\":\"https:\\\/\\\/hengxingmachinery.com\\\/wp-content\\\/uploads\\\/2025\\\/03\\\/belt-conveyor-for-sale.jpg\",\"contentUrl\":\"https:\\\/\\\/hengxingmachinery.com\\\/wp-content\\\/uploads\\\/2025\\\/03\\\/belt-conveyor-for-sale.jpg\"},{\"@type\":\"BreadcrumbList\",\"@id\":\"https:\\\/\\\/hengxingmachinery.com\\\/belt-conveyor\\\/#breadcrumb\",\"itemListElement\":[{\"@type\":\"ListItem\",\"position\":1,\"name\":\"Home\",\"item\":\"https:\\\/\\\/hengxingmachinery.com\\\/\"},{\"@type\":\"ListItem\",\"position\":2,\"name\":\"2-1. Belt conveyor\"}]},{\"@type\":\"WebSite\",\"@id\":\"https:\\\/\\\/hengxingmachinery.com\\\/#website\",\"url\":\"https:\\\/\\\/hengxingmachinery.com\\\/\",\"name\":\"Hengxing Machinery\",\"description\":\"Leading Manufacturer of All Sorts of Mining Machinery\",\"publisher\":{\"@id\":\"https:\\\/\\\/hengxingmachinery.com\\\/#organization\"},\"potentialAction\":[{\"@type\":\"SearchAction\",\"target\":{\"@type\":\"EntryPoint\",\"urlTemplate\":\"https:\\\/\\\/hengxingmachinery.com\\\/?s={search_term_string}\"},\"query-input\":{\"@type\":\"PropertyValueSpecification\",\"valueRequired\":true,\"valueName\":\"search_term_string\"}}],\"inLanguage\":\"fr-FR\"},{\"@type\":\"Organization\",\"@id\":\"https:\\\/\\\/hengxingmachinery.com\\\/#organization\",\"name\":\"Hengxing Machinery\",\"url\":\"https:\\\/\\\/hengxingmachinery.com\\\/\",\"logo\":{\"@type\":\"ImageObject\",\"inLanguage\":\"fr-FR\",\"@id\":\"https:\\\/\\\/hengxingmachinery.com\\\/#\\\/schema\\\/logo\\\/image\\\/\",\"url\":\"https:\\\/\\\/hengxingmachinery.com\\\/wp-content\\\/uploads\\\/2024\\\/12\\\/logo.png\",\"contentUrl\":\"https:\\\/\\\/hengxingmachinery.com\\\/wp-content\\\/uploads\\\/2024\\\/12\\\/logo.png\",\"width\":400,\"height\":260,\"caption\":\"Hengxing Machinery\"},\"image\":{\"@id\":\"https:\\\/\\\/hengxingmachinery.com\\\/#\\\/schema\\\/logo\\\/image\\\/\"}}]}<\/script>\n<!-- \/ Yoast SEO plugin. -->","yoast_head_json":{"title":"2-1. Convoyeur \u00e0 bande - Hengxing Machinery","robots":{"index":"index","follow":"follow","max-snippet":"max-snippet:-1","max-image-preview":"max-image-preview:large","max-video-preview":"max-video-preview:-1"},"canonical":"https:\/\/hengxingmachinery.com\/fr\/belt-conveyor\/","og_locale":"fr_FR","og_type":"article","og_title":"2-1. Belt conveyor - Hengxing Machinery","og_description":"Belt conveyor Belt conveyor working principle The conveyor belt is mainly composed of the expansion cylinder on both ends and the closed belts tightly knotted on them. The revolving cylinder of the conveyor belt is called the driving cylinder, and the other cylinder which is mainly used for changing the moving direction of the belt ... Lire plus","og_url":"https:\/\/hengxingmachinery.com\/fr\/belt-conveyor\/","og_site_name":"Hengxing Machinery","article_modified_time":"2025-03-20T08:12:39+00:00","og_image":[{"url":"https:\/\/hengxingmachinery.com\/wp-content\/uploads\/2025\/03\/belt-conveyor-for-sale.jpg","type":"","width":"","height":""}],"twitter_card":"summary_large_image","twitter_misc":{"Dur\u00e9e de lecture estim\u00e9e":"2 minutes"},"schema":{"@context":"https:\/\/schema.org","@graph":[{"@type":"WebPage","@id":"https:\/\/hengxingmachinery.com\/belt-conveyor\/","url":"https:\/\/hengxingmachinery.com\/belt-conveyor\/","name":"2-1. Convoyeur \u00e0 bande - Hengxing Machinery","isPartOf":{"@id":"https:\/\/hengxingmachinery.com\/#website"},"primaryImageOfPage":{"@id":"https:\/\/hengxingmachinery.com\/belt-conveyor\/#primaryimage"},"image":{"@id":"https:\/\/hengxingmachinery.com\/belt-conveyor\/#primaryimage"},"thumbnailUrl":"https:\/\/hengxingmachinery.com\/wp-content\/uploads\/2025\/03\/belt-conveyor-for-sale.jpg","datePublished":"2025-03-20T08:10:46+00:00","dateModified":"2025-03-20T08:12:39+00:00","breadcrumb":{"@id":"https:\/\/hengxingmachinery.com\/belt-conveyor\/#breadcrumb"},"inLanguage":"fr-FR","potentialAction":[{"@type":"ReadAction","target":["https:\/\/hengxingmachinery.com\/belt-conveyor\/"]}]},{"@type":"ImageObject","inLanguage":"fr-FR","@id":"https:\/\/hengxingmachinery.com\/belt-conveyor\/#primaryimage","url":"https:\/\/hengxingmachinery.com\/wp-content\/uploads\/2025\/03\/belt-conveyor-for-sale.jpg","contentUrl":"https:\/\/hengxingmachinery.com\/wp-content\/uploads\/2025\/03\/belt-conveyor-for-sale.jpg"},{"@type":"BreadcrumbList","@id":"https:\/\/hengxingmachinery.com\/belt-conveyor\/#breadcrumb","itemListElement":[{"@type":"ListItem","position":1,"name":"Home","item":"https:\/\/hengxingmachinery.com\/"},{"@type":"ListItem","position":2,"name":"2-1. Belt conveyor"}]},{"@type":"WebSite","@id":"https:\/\/hengxingmachinery.com\/#website","url":"https:\/\/hengxingmachinery.com\/","name":"Machines Hengxing","description":"Fabricant leader de toutes sortes de machines mini\u00e8res","publisher":{"@id":"https:\/\/hengxingmachinery.com\/#organization"},"potentialAction":[{"@type":"SearchAction","target":{"@type":"EntryPoint","urlTemplate":"https:\/\/hengxingmachinery.com\/?s={search_term_string}"},"query-input":{"@type":"PropertyValueSpecification","valueRequired":true,"valueName":"search_term_string"}}],"inLanguage":"fr-FR"},{"@type":"Organization","@id":"https:\/\/hengxingmachinery.com\/#organization","name":"Machines Hengxing","url":"https:\/\/hengxingmachinery.com\/","logo":{"@type":"ImageObject","inLanguage":"fr-FR","@id":"https:\/\/hengxingmachinery.com\/#\/schema\/logo\/image\/","url":"https:\/\/hengxingmachinery.com\/wp-content\/uploads\/2024\/12\/logo.png","contentUrl":"https:\/\/hengxingmachinery.com\/wp-content\/uploads\/2024\/12\/logo.png","width":400,"height":260,"caption":"Hengxing Machinery"},"image":{"@id":"https:\/\/hengxingmachinery.com\/#\/schema\/logo\/image\/"}}]}},"_links":{"self":[{"href":"https:\/\/hengxingmachinery.com\/fr\/wp-json\/wp\/v2\/pages\/2400","targetHints":{"allow":["GET"]}}],"collection":[{"href":"https:\/\/hengxingmachinery.com\/fr\/wp-json\/wp\/v2\/pages"}],"about":[{"href":"https:\/\/hengxingmachinery.com\/fr\/wp-json\/wp\/v2\/types\/page"}],"author":[{"embeddable":true,"href":"https:\/\/hengxingmachinery.com\/fr\/wp-json\/wp\/v2\/users\/1"}],"replies":[{"embeddable":true,"href":"https:\/\/hengxingmachinery.com\/fr\/wp-json\/wp\/v2\/comments?post=2400"}],"version-history":[{"count":2,"href":"https:\/\/hengxingmachinery.com\/fr\/wp-json\/wp\/v2\/pages\/2400\/revisions"}],"predecessor-version":[{"id":2411,"href":"https:\/\/hengxingmachinery.com\/fr\/wp-json\/wp\/v2\/pages\/2400\/revisions\/2411"}],"wp:attachment":[{"href":"https:\/\/hengxingmachinery.com\/fr\/wp-json\/wp\/v2\/media?parent=2400"}],"curies":[{"name":"wp","href":"https:\/\/api.w.org\/{rel}","templated":true}]}}