{"id":2431,"date":"2025-03-21T07:30:48","date_gmt":"2025-03-21T07:30:48","guid":{"rendered":"https:\/\/hengxingmachinery.com\/?page_id=2431"},"modified":"2025-03-21T07:39:31","modified_gmt":"2025-03-21T07:39:31","slug":"flotation-machines","status":"publish","type":"page","link":"https:\/\/hengxingmachinery.com\/fr\/flotation-machines\/","title":{"rendered":"4-1. Machine de flottation"},"content":{"rendered":"<div class=\"gb-container gb-container-45165f5a\">\n<div class=\"gb-container gb-container-c2652eb4\">\n\n<h1 class=\"gb-headline gb-headline-62a8b2cc gb-headline-text\">Machine de flottation<\/h1>\n\n<\/div>\n<\/div>\n\n<div class=\"gb-container gb-container-519cf624\">\n<div class=\"gb-container gb-container-71ca071e\">\n<div class=\"gb-grid-wrapper gb-grid-wrapper-8a5f0688\">\n<div class=\"gb-grid-column gb-grid-column-1e99b1c2\"><div class=\"gb-container gb-container-1e99b1c2\">\n\n<figure class=\"gb-block-image gb-block-image-e4eaba54\"><img decoding=\"async\" width=\"665\" height=\"545\" class=\"gb-image gb-image-e4eaba54\" src=\"https:\/\/hengxingmachinery.com\/wp-content\/uploads\/2025\/03\/flotation-machines.jpg\" alt=\"\" title=\"machines de flottation\" srcset=\"https:\/\/hengxingmachinery.com\/wp-content\/uploads\/2025\/03\/flotation-machines.jpg 665w, https:\/\/hengxingmachinery.com\/wp-content\/uploads\/2025\/03\/flotation-machines-300x246.jpg 300w, https:\/\/hengxingmachinery.com\/wp-content\/uploads\/2025\/03\/flotation-machines-15x12.jpg 15w\" sizes=\"(max-width: 665px) 100vw, 665px\" \/><\/figure>\n\n<\/div><\/div>\n\n<div class=\"gb-grid-column gb-grid-column-bcae065b\"><div class=\"gb-container gb-container-bcae065b\">\n\n<p><\/p>\n\n\n\n<p><\/p>\n\n\n\n<p><strong><mark style=\"background-color:rgba(0, 0, 0, 0)\" class=\"has-inline-color has-global-color-8-color\">Volume effectif :<\/mark><\/strong> 0,35-20 m\u00b3 \u00a0\u00a0<\/p>\n\n\n\n<p><strong><mark style=\"background-color:rgba(0, 0, 0, 0)\" class=\"has-inline-color has-global-color-8-color\">Capacit\u00e9 de traitement :<\/mark><\/strong> 0,18-20 m\u00b3\/min<\/p>\n\n\n\n<p><strong><mark style=\"background-color:rgba(0, 0, 0, 0)\" class=\"has-inline-color has-global-color-8-color\">Mat\u00e9riaux applicables :<\/mark><\/strong> Minerai d'or, minerai de fer, minerai de cuivre, minerai de molybd\u00e8ne, minerai d'aluminium, minerai de plomb, talc, fluorine de charbon, bauxite, feldspath potassique, quartzite, etc.<\/p>\n\n\n<div class=\"gb-container gb-container-256e15f1\">\n\n<a class=\"gb-button gb-button-e8b73d89 gb-button-text\" href=\"#popmake-622\">Obtenez un devis gratuit maintenant<\/a>\n\n<\/div>\n<\/div><\/div>\n<\/div>\n<\/div>\n<\/div>\n\n<div class=\"gb-container gb-container-c0200787\">\n<div class=\"gb-container gb-container-1d97c93d\">\n\n<h2 class=\"gb-headline gb-headline-3d5fa577 gb-headline-text\">Performances du produit de la machine de flottation<\/h2>\n\n\n\n<figure class=\"gb-block-image gb-block-image-4fd7cc67\"><img decoding=\"async\" width=\"800\" height=\"500\" class=\"gb-image gb-image-4fd7cc67\" src=\"https:\/\/hengxingmachinery.com\/wp-content\/uploads\/2025\/03\/flotation-machine-for-sale.jpg\" alt=\"\" title=\"machine de flottation \u00e0 vendre\" srcset=\"https:\/\/hengxingmachinery.com\/wp-content\/uploads\/2025\/03\/flotation-machine-for-sale.jpg 800w, https:\/\/hengxingmachinery.com\/wp-content\/uploads\/2025\/03\/flotation-machine-for-sale-300x188.jpg 300w, https:\/\/hengxingmachinery.com\/wp-content\/uploads\/2025\/03\/flotation-machine-for-sale-768x480.jpg 768w, https:\/\/hengxingmachinery.com\/wp-content\/uploads\/2025\/03\/flotation-machine-for-sale-18x12.jpg 18w\" sizes=\"(max-width: 800px) 100vw, 800px\" \/><\/figure>\n\n\n\n<p><strong>Faible co\u00fbt d'exploitation :<\/strong> Compar\u00e9e \u00e0 la machine de flottation \u00e0 agitation m\u00e9canique conventionnelle, elle permet d'\u00e9conomiser 1\/3 \u00e0 1\/2 d'\u00e9lectricit\u00e9.<\/p>\n\n\n\n<p><strong>Pi\u00e8ces d'usure tr\u00e8s durables :<\/strong> La turbine reste toujours active dans la machine, ce qui permet d'\u00e9liminer les mat\u00e9riaux accumul\u00e9s et les impuret\u00e9s, et r\u00e9duit les ph\u00e9nom\u00e8nes d'endommagement des pi\u00e8ces dus aux d\u00e9bris. La turbine du dispositif de m\u00e9lange est en caoutchouc broy\u00e9, offrant une r\u00e9sistance \u00e0 l'usure renforc\u00e9e.<\/p>\n\n\n\n<p><strong>Pr\u00e9cision de s\u00e9paration \u00e9lev\u00e9e et faible teneur en cendres du charbon propre : <\/strong>La teneur en cendres du charbon propre peut \u00eatre r\u00e9duite de 1 \u00e0 2 % par rapport aux machines de flottation \u00e0 agitation m\u00e9canique conventionnelles.<\/p>\n\n\n\n<p><strong>Bon effet de flottation : <\/strong>Un dispositif de contr\u00f4le automatique du niveau de liquide est install\u00e9 \u00e0 l'int\u00e9rieur, et le degr\u00e9 de raffinement des mousses est \u00e9lev\u00e9, am\u00e9liorant ainsi l'effet de flottation.<\/p>\n\n<\/div>\n<\/div>\n\n<div class=\"gb-container gb-container-ebd718b6\">\n<div class=\"gb-container gb-container-5c75b960\">\n\n<h2 class=\"gb-headline gb-headline-98859344 gb-headline-text\">Principe de fonctionnement de la machine de flottation<\/h2>\n\n\n\n<figure class=\"gb-block-image gb-block-image-c486b36e\"><img decoding=\"async\" width=\"600\" height=\"500\" class=\"gb-image gb-image-c486b36e\" src=\"https:\/\/hengxingmachinery.com\/wp-content\/uploads\/2025\/03\/flotation-machine-working-principle.jpg\" alt=\"\" title=\"principe de fonctionnement de la machine de flottation\" srcset=\"https:\/\/hengxingmachinery.com\/wp-content\/uploads\/2025\/03\/flotation-machine-working-principle.jpg 600w, https:\/\/hengxingmachinery.com\/wp-content\/uploads\/2025\/03\/flotation-machine-working-principle-300x250.jpg 300w, https:\/\/hengxingmachinery.com\/wp-content\/uploads\/2025\/03\/flotation-machine-working-principle-14x12.jpg 14w\" sizes=\"(max-width: 600px) 100vw, 600px\" \/><\/figure>\n\n\n\n<p>Le minerai broy\u00e9 est m\u00e9lang\u00e9 \u00e0 de l'eau et aux r\u00e9actifs n\u00e9cessaires pendant ou apr\u00e8s le broyage pour former une pulpe via une cuve d'agitation, puis inject\u00e9 dans la cuve de pulpe o\u00f9 le m\u00e9lange d\u00e9marre. L'air est introduit dans la pulpe pour former un grand nombre de bulles, dont certaines n'\u00e9tant pas facilement mouillables par l'eau, c'est-\u00e0-dire que les particules min\u00e9rales g\u00e9n\u00e9ralement appel\u00e9es hydrophobes adh\u00e8rent aux bulles et remontent avec elles \u00e0 la surface de la pulpe pour former une couche de bulles min\u00e9ralis\u00e9es. <\/p>\n\n\n\n<p>D'autres sont facilement mouillables par l'eau et sont g\u00e9n\u00e9ralement appel\u00e9es particules min\u00e9rales hydrophiles. Elles n'adh\u00e8rent pas aux bulles, mais restent dans la pulpe, et les bulles min\u00e9ralis\u00e9es contenant des min\u00e9raux sp\u00e9cifiques sont \u00e9vacu\u00e9es, atteignant ainsi l'objectif de valorisation.<\/p>\n\n\n\n<p>Elle est constitu\u00e9e d'un tube d'admission. Lorsque la turbine tourne, une pression n\u00e9gative est g\u00e9n\u00e9r\u00e9e dans la cavit\u00e9 de la turbine, ce qui permet \u00e0 l'air d'\u00eatre aspir\u00e9 \u00e0 travers le tube de pompe creux et dispers\u00e9 dans la pulpe pour former un amas de bulles.<\/p>\n\n\n<div class=\"gb-container gb-container-d6bbf16a\">\n\n<a class=\"gb-button gb-button-caa3f2bc gb-button-text\" href=\"#popmake-622\">Obtenez un devis gratuit maintenant<\/a>\n\n<\/div>\n<\/div>\n<\/div>\n\n<div class=\"gb-container gb-container-435ad261\">\n<div class=\"gb-container gb-container-7dc79cc4\">\n\n<h2 class=\"gb-headline gb-headline-6fe5dee2 gb-headline-text\">Sp\u00e9cifications de la machine de flottation<\/h2>\n\n\n\n<figure class=\"wp-block-table is-style-stripes\"><table class=\"has-fixed-layout\"><tbody><tr><td><strong>Mod\u00e8le<\/strong><\/td><td><strong>Volume effectif (m\u00b3)<\/strong><\/td><td><strong>Capacit\u00e9 de traitement (m\u00b3\/min)<\/strong><\/td><td><strong>Arbre principal<br>Puissance (kW)<\/strong>\uff09<\/td><td><strong>Arbre principal<br>Vitesse de rotation (r\/min)<\/strong><\/td><td><strong>Vitesse de rotation du racleur (r\/min)<\/strong><\/td><td><strong>Puissance du racleur (kW)<\/strong><\/td><td><strong>Dimensions de la cuve (L\u00d7l\u00d7H) (m)<\/strong><\/td><td><strong>Poids d'une cuve (t)<\/strong><\/td><\/tr><tr><td>XJK-0,35<\/td><td>0.35<\/td><td>0.18-0.4<\/td><td>1.5<\/td><td>483<\/td><td>25<\/td><td>1.1<\/td><td>0,7\u00d70,7\u00d70,7<\/td><td>0.5<\/td><\/tr><tr><td>XJK-0,62<\/td><td>0.62<\/td><td>0.3-0.9<\/td><td>3.0<\/td><td>400<\/td><td>25<\/td><td>1.1<\/td><td>0,90\u00d70,82\u00d70,85<\/td><td>1.0<\/td><\/tr><tr><td>XJK-1,1<\/td><td>1.1<\/td><td>0.6-1.6<\/td><td>5.5<\/td><td>330<\/td><td>25<\/td><td>1.1<\/td><td>1,1\u00d71,1\u00d71<\/td><td>1.4<\/td><\/tr><tr><td>XJK-2,8<\/td><td>2.8<\/td><td>1.5-3.5<\/td><td>11<\/td><td>280<\/td><td>25<\/td><td>1.1<\/td><td>1,75\u00d71,6\u00d71,1<\/td><td>2.5<\/td><\/tr><tr><td>XJK-5,8<\/td><td>5.8<\/td><td>5-7<\/td><td>22<\/td><td>240<\/td><td>25<\/td><td>1.5<\/td><td>2,2\u00d72,2\u00d71,2<\/td><td>3.6<\/td><\/tr><tr><td>SF-0,37<\/td><td>0.37<\/td><td>0.2-0.4<\/td><td>1.5<\/td><td>386<\/td><td>25<\/td><td>1.1<\/td><td>0,7\u00d70,7\u00d70,75<\/td><td>0.5<\/td><\/tr><tr><td>SF-0,7<\/td><td>0.7<\/td><td>0.3-0.9<\/td><td>3<\/td><td>400<\/td><td>25<\/td><td>1.1<\/td><td>0,9\u00d70,82\u00d70,95<\/td><td>1.0<\/td><\/tr><tr><td>SF-1,2<\/td><td>1.2<\/td><td>0.6-1.6<\/td><td>5.5<\/td><td>330<\/td><td>25<\/td><td>1.1<\/td><td>1,1\u00d71,1\u00d71,1<\/td><td>1.9<\/td><\/tr><tr><td>SF-2,8<\/td><td>2.8<\/td><td>1.5-3.5<\/td><td>11<\/td><td>268<\/td><td>25<\/td><td>1.1<\/td><td>1,75\u00d71,6\u00d71,15<\/td><td>2.6<\/td><\/tr><tr><td>SF-4<\/td><td>4<\/td><td>2-4<\/td><td>15<\/td><td>220<\/td><td>25<\/td><td>1.5<\/td><td>1,85\u00d72,05\u00d71,2<\/td><td>2.9<\/td><\/tr><tr><td>SF-8<\/td><td>8<\/td><td>4-8<\/td><td>30<\/td><td>191<\/td><td>25<\/td><td>1.5<\/td><td>2,2\u00d72,9\u00d71,4<\/td><td>4.2<\/td><\/tr><tr><td>SF-10<\/td><td>10<\/td><td>5-10<\/td><td>30<\/td><td>191<\/td><td>25<\/td><td>1.5<\/td><td>2,2\u00d72,9\u00d71,7<\/td><td>4.5<\/td><\/tr><tr><td>SF-20<\/td><td>20<\/td><td>5-20<\/td><td>30\u00d72<\/td><td>191<\/td><td>25<\/td><td>1.5<\/td><td>2,85\u00d73,8\u00d72<\/td><td>9.9<\/td><\/tr><\/tbody><\/table><\/figure>\n\n\n<div class=\"gb-container gb-container-263d9700\">\n\n<a class=\"gb-button gb-button-a4cbb7be gb-button-text\" href=\"#popmake-622\">Obtenez un devis gratuit maintenant<\/a>\n\n<\/div>\n<\/div>\n<\/div>","protected":false},"excerpt":{"rendered":"<p>Flotation machine Flotation machine product performance Low operating cost: Compared with the conventional mechanical stirring flotation machine, it can save electricity by 1\/3~1\/2. The wearing parts have strong durability: The impeller is always active in the machine, which plays a role in removing accumulated materials and sundries and reduces the phenomenon of damage to parts &#8230; <\/p>\n<p class=\"read-more-container\"><a title=\"4-1. Machine de flottation\" class=\"read-more button\" href=\"https:\/\/hengxingmachinery.com\/fr\/flotation-machines\/#more-2431\" aria-label=\"En savoir plus sur 4-1. Flotation machine\">Lire plus<\/a><\/p>","protected":false},"author":1,"featured_media":0,"parent":0,"menu_order":0,"comment_status":"closed","ping_status":"closed","template":"","meta":{"footnotes":""},"class_list":["post-2431","page","type-page","status-publish"],"yoast_head":"<!-- This site is optimized with the Yoast SEO plugin v27.4 - https:\/\/yoast.com\/product\/yoast-seo-wordpress\/ -->\n<title>4-1. Flotation machine - Hengxing Machinery<\/title>\n<meta name=\"robots\" content=\"index, follow, max-snippet:-1, max-image-preview:large, max-video-preview:-1\" \/>\n<link rel=\"canonical\" href=\"https:\/\/hengxingmachinery.com\/fr\/flotation-machines\/\" \/>\n<meta property=\"og:locale\" content=\"fr_FR\" \/>\n<meta property=\"og:type\" content=\"article\" \/>\n<meta property=\"og:title\" content=\"4-1. Flotation machine - Hengxing Machinery\" \/>\n<meta property=\"og:description\" content=\"Flotation machine Flotation machine product performance Low operating cost: Compared with the conventional mechanical stirring flotation machine, it can save electricity by 1\/3~1\/2. The wearing parts have strong durability: The impeller is always active in the machine, which plays a role in removing accumulated materials and sundries and reduces the phenomenon of damage to parts ... Lire plus\" \/>\n<meta property=\"og:url\" content=\"https:\/\/hengxingmachinery.com\/fr\/flotation-machines\/\" \/>\n<meta property=\"og:site_name\" content=\"Hengxing Machinery\" \/>\n<meta property=\"article:modified_time\" content=\"2025-03-21T07:39:31+00:00\" \/>\n<meta property=\"og:image\" content=\"https:\/\/hengxingmachinery.com\/wp-content\/uploads\/2025\/03\/flotation-machines.jpg\" \/>\n<meta name=\"twitter:card\" content=\"summary_large_image\" \/>\n<meta name=\"twitter:label1\" content=\"Dur\u00e9e de lecture estim\u00e9e\" \/>\n\t<meta name=\"twitter:data1\" content=\"3 minutes\" \/>\n<script type=\"application\/ld+json\" class=\"yoast-schema-graph\">{\"@context\":\"https:\\\/\\\/schema.org\",\"@graph\":[{\"@type\":\"WebPage\",\"@id\":\"https:\\\/\\\/hengxingmachinery.com\\\/flotation-machines\\\/\",\"url\":\"https:\\\/\\\/hengxingmachinery.com\\\/flotation-machines\\\/\",\"name\":\"4-1. Flotation machine - Hengxing Machinery\",\"isPartOf\":{\"@id\":\"https:\\\/\\\/hengxingmachinery.com\\\/#website\"},\"primaryImageOfPage\":{\"@id\":\"https:\\\/\\\/hengxingmachinery.com\\\/flotation-machines\\\/#primaryimage\"},\"image\":{\"@id\":\"https:\\\/\\\/hengxingmachinery.com\\\/flotation-machines\\\/#primaryimage\"},\"thumbnailUrl\":\"https:\\\/\\\/hengxingmachinery.com\\\/wp-content\\\/uploads\\\/2025\\\/03\\\/flotation-machines.jpg\",\"datePublished\":\"2025-03-21T07:30:48+00:00\",\"dateModified\":\"2025-03-21T07:39:31+00:00\",\"breadcrumb\":{\"@id\":\"https:\\\/\\\/hengxingmachinery.com\\\/flotation-machines\\\/#breadcrumb\"},\"inLanguage\":\"fr-FR\",\"potentialAction\":[{\"@type\":\"ReadAction\",\"target\":[\"https:\\\/\\\/hengxingmachinery.com\\\/flotation-machines\\\/\"]}]},{\"@type\":\"ImageObject\",\"inLanguage\":\"fr-FR\",\"@id\":\"https:\\\/\\\/hengxingmachinery.com\\\/flotation-machines\\\/#primaryimage\",\"url\":\"https:\\\/\\\/hengxingmachinery.com\\\/wp-content\\\/uploads\\\/2025\\\/03\\\/flotation-machines.jpg\",\"contentUrl\":\"https:\\\/\\\/hengxingmachinery.com\\\/wp-content\\\/uploads\\\/2025\\\/03\\\/flotation-machines.jpg\"},{\"@type\":\"BreadcrumbList\",\"@id\":\"https:\\\/\\\/hengxingmachinery.com\\\/flotation-machines\\\/#breadcrumb\",\"itemListElement\":[{\"@type\":\"ListItem\",\"position\":1,\"name\":\"Home\",\"item\":\"https:\\\/\\\/hengxingmachinery.com\\\/\"},{\"@type\":\"ListItem\",\"position\":2,\"name\":\"4-1. Flotation machine\"}]},{\"@type\":\"WebSite\",\"@id\":\"https:\\\/\\\/hengxingmachinery.com\\\/#website\",\"url\":\"https:\\\/\\\/hengxingmachinery.com\\\/\",\"name\":\"Hengxing Machinery\",\"description\":\"Leading Manufacturer of All Sorts of Mining Machinery\",\"publisher\":{\"@id\":\"https:\\\/\\\/hengxingmachinery.com\\\/#organization\"},\"potentialAction\":[{\"@type\":\"SearchAction\",\"target\":{\"@type\":\"EntryPoint\",\"urlTemplate\":\"https:\\\/\\\/hengxingmachinery.com\\\/?s={search_term_string}\"},\"query-input\":{\"@type\":\"PropertyValueSpecification\",\"valueRequired\":true,\"valueName\":\"search_term_string\"}}],\"inLanguage\":\"fr-FR\"},{\"@type\":\"Organization\",\"@id\":\"https:\\\/\\\/hengxingmachinery.com\\\/#organization\",\"name\":\"Hengxing Machinery\",\"url\":\"https:\\\/\\\/hengxingmachinery.com\\\/\",\"logo\":{\"@type\":\"ImageObject\",\"inLanguage\":\"fr-FR\",\"@id\":\"https:\\\/\\\/hengxingmachinery.com\\\/#\\\/schema\\\/logo\\\/image\\\/\",\"url\":\"https:\\\/\\\/hengxingmachinery.com\\\/wp-content\\\/uploads\\\/2024\\\/12\\\/logo.png\",\"contentUrl\":\"https:\\\/\\\/hengxingmachinery.com\\\/wp-content\\\/uploads\\\/2024\\\/12\\\/logo.png\",\"width\":400,\"height\":260,\"caption\":\"Hengxing Machinery\"},\"image\":{\"@id\":\"https:\\\/\\\/hengxingmachinery.com\\\/#\\\/schema\\\/logo\\\/image\\\/\"}}]}<\/script>\n<!-- \/ Yoast SEO plugin. -->","yoast_head_json":{"title":"4-1. Machine de flottation - Hengxing Machinery","robots":{"index":"index","follow":"follow","max-snippet":"max-snippet:-1","max-image-preview":"max-image-preview:large","max-video-preview":"max-video-preview:-1"},"canonical":"https:\/\/hengxingmachinery.com\/fr\/flotation-machines\/","og_locale":"fr_FR","og_type":"article","og_title":"4-1. Flotation machine - Hengxing Machinery","og_description":"Flotation machine Flotation machine product performance Low operating cost: Compared with the conventional mechanical stirring flotation machine, it can save electricity by 1\/3~1\/2. The wearing parts have strong durability: The impeller is always active in the machine, which plays a role in removing accumulated materials and sundries and reduces the phenomenon of damage to parts ... Lire plus","og_url":"https:\/\/hengxingmachinery.com\/fr\/flotation-machines\/","og_site_name":"Hengxing Machinery","article_modified_time":"2025-03-21T07:39:31+00:00","og_image":[{"url":"https:\/\/hengxingmachinery.com\/wp-content\/uploads\/2025\/03\/flotation-machines.jpg","type":"","width":"","height":""}],"twitter_card":"summary_large_image","twitter_misc":{"Dur\u00e9e de lecture estim\u00e9e":"3 minutes"},"schema":{"@context":"https:\/\/schema.org","@graph":[{"@type":"WebPage","@id":"https:\/\/hengxingmachinery.com\/flotation-machines\/","url":"https:\/\/hengxingmachinery.com\/flotation-machines\/","name":"4-1. Machine de flottation - Hengxing Machinery","isPartOf":{"@id":"https:\/\/hengxingmachinery.com\/#website"},"primaryImageOfPage":{"@id":"https:\/\/hengxingmachinery.com\/flotation-machines\/#primaryimage"},"image":{"@id":"https:\/\/hengxingmachinery.com\/flotation-machines\/#primaryimage"},"thumbnailUrl":"https:\/\/hengxingmachinery.com\/wp-content\/uploads\/2025\/03\/flotation-machines.jpg","datePublished":"2025-03-21T07:30:48+00:00","dateModified":"2025-03-21T07:39:31+00:00","breadcrumb":{"@id":"https:\/\/hengxingmachinery.com\/flotation-machines\/#breadcrumb"},"inLanguage":"fr-FR","potentialAction":[{"@type":"ReadAction","target":["https:\/\/hengxingmachinery.com\/flotation-machines\/"]}]},{"@type":"ImageObject","inLanguage":"fr-FR","@id":"https:\/\/hengxingmachinery.com\/flotation-machines\/#primaryimage","url":"https:\/\/hengxingmachinery.com\/wp-content\/uploads\/2025\/03\/flotation-machines.jpg","contentUrl":"https:\/\/hengxingmachinery.com\/wp-content\/uploads\/2025\/03\/flotation-machines.jpg"},{"@type":"BreadcrumbList","@id":"https:\/\/hengxingmachinery.com\/flotation-machines\/#breadcrumb","itemListElement":[{"@type":"ListItem","position":1,"name":"Home","item":"https:\/\/hengxingmachinery.com\/"},{"@type":"ListItem","position":2,"name":"4-1. Flotation machine"}]},{"@type":"WebSite","@id":"https:\/\/hengxingmachinery.com\/#website","url":"https:\/\/hengxingmachinery.com\/","name":"Machines Hengxing","description":"Fabricant leader de toutes sortes de machines mini\u00e8res","publisher":{"@id":"https:\/\/hengxingmachinery.com\/#organization"},"potentialAction":[{"@type":"SearchAction","target":{"@type":"EntryPoint","urlTemplate":"https:\/\/hengxingmachinery.com\/?s={search_term_string}"},"query-input":{"@type":"PropertyValueSpecification","valueRequired":true,"valueName":"search_term_string"}}],"inLanguage":"fr-FR"},{"@type":"Organization","@id":"https:\/\/hengxingmachinery.com\/#organization","name":"Machines Hengxing","url":"https:\/\/hengxingmachinery.com\/","logo":{"@type":"ImageObject","inLanguage":"fr-FR","@id":"https:\/\/hengxingmachinery.com\/#\/schema\/logo\/image\/","url":"https:\/\/hengxingmachinery.com\/wp-content\/uploads\/2024\/12\/logo.png","contentUrl":"https:\/\/hengxingmachinery.com\/wp-content\/uploads\/2024\/12\/logo.png","width":400,"height":260,"caption":"Hengxing Machinery"},"image":{"@id":"https:\/\/hengxingmachinery.com\/#\/schema\/logo\/image\/"}}]}},"_links":{"self":[{"href":"https:\/\/hengxingmachinery.com\/fr\/wp-json\/wp\/v2\/pages\/2431","targetHints":{"allow":["GET"]}}],"collection":[{"href":"https:\/\/hengxingmachinery.com\/fr\/wp-json\/wp\/v2\/pages"}],"about":[{"href":"https:\/\/hengxingmachinery.com\/fr\/wp-json\/wp\/v2\/types\/page"}],"author":[{"embeddable":true,"href":"https:\/\/hengxingmachinery.com\/fr\/wp-json\/wp\/v2\/users\/1"}],"replies":[{"embeddable":true,"href":"https:\/\/hengxingmachinery.com\/fr\/wp-json\/wp\/v2\/comments?post=2431"}],"version-history":[{"count":4,"href":"https:\/\/hengxingmachinery.com\/fr\/wp-json\/wp\/v2\/pages\/2431\/revisions"}],"predecessor-version":[{"id":2517,"href":"https:\/\/hengxingmachinery.com\/fr\/wp-json\/wp\/v2\/pages\/2431\/revisions\/2517"}],"wp:attachment":[{"href":"https:\/\/hengxingmachinery.com\/fr\/wp-json\/wp\/v2\/media?parent=2431"}],"curies":[{"name":"wp","href":"https:\/\/api.w.org\/{rel}","templated":true}]}}