{"id":2437,"date":"2025-03-21T09:07:29","date_gmt":"2025-03-21T09:07:29","guid":{"rendered":"https:\/\/hengxingmachinery.com\/?page_id=2437"},"modified":"2025-03-21T09:07:44","modified_gmt":"2025-03-21T09:07:44","slug":"impact-crusher","status":"publish","type":"page","link":"https:\/\/hengxingmachinery.com\/fr\/impact-crusher\/","title":{"rendered":"1-1. Concasseur \u00e0 percussion"},"content":{"rendered":"<div class=\"gb-container gb-container-45165f5a\">\n<div class=\"gb-container gb-container-c2652eb4\">\n\n<h1 class=\"gb-headline gb-headline-62a8b2cc gb-headline-text\">Concasseur \u00e0 percussion<\/h1>\n\n<\/div>\n<\/div>\n\n<div class=\"gb-container gb-container-519cf624\">\n<div class=\"gb-container gb-container-71ca071e\">\n<div class=\"gb-grid-wrapper gb-grid-wrapper-8a5f0688\">\n<div class=\"gb-grid-column gb-grid-column-1e99b1c2\"><div class=\"gb-container gb-container-1e99b1c2\">\n\n<figure class=\"gb-block-image gb-block-image-e4eaba54\"><img decoding=\"async\" width=\"665\" height=\"545\" class=\"gb-image gb-image-e4eaba54\" src=\"https:\/\/hengxingmachinery.com\/wp-content\/uploads\/2025\/03\/impact-crusher-for-sale.jpg\" alt=\"\" title=\"concasseur-a-percussion-a-vendre\" srcset=\"https:\/\/hengxingmachinery.com\/wp-content\/uploads\/2025\/03\/impact-crusher-for-sale.jpg 665w, https:\/\/hengxingmachinery.com\/wp-content\/uploads\/2025\/03\/impact-crusher-for-sale-300x246.jpg 300w, https:\/\/hengxingmachinery.com\/wp-content\/uploads\/2025\/03\/impact-crusher-for-sale-15x12.jpg 15w\" sizes=\"(max-width: 665px) 100vw, 665px\" \/><\/figure>\n\n<\/div><\/div>\n\n<div class=\"gb-grid-column gb-grid-column-bcae065b\"><div class=\"gb-container gb-container-bcae065b\">\n\n<p><strong><mark style=\"background-color:rgba(0, 0, 0, 0)\" class=\"has-inline-color has-global-color-8-color\">Mat\u00e9riaux trait\u00e9s : <\/mark><\/strong>Calcaire, st\u00e9riles de charbon, gypse, b\u00e9ton, charbon, kaolin, dolomite, graphite, carbure de calcium, minerai de fer, etc.<\/p>\n\n\n\n<p><strong><mark style=\"background-color:rgba(0, 0, 0, 0)\" class=\"has-inline-color has-global-color-8-color\">Utilisation : <\/mark><\/strong>Le concasseur \u00e0 percussion est largement utilis\u00e9 dans les mat\u00e9riaux de construction, l'\u00e9nergie, les transports, les chemins de fer, les chantiers de sable et gravier, l'exploitation mini\u00e8re, l'extraction du charbon, les centrales \u00e0 b\u00e9ton, etc.<\/p>\n\n\n<div class=\"gb-container gb-container-256e15f1\">\n\n<a class=\"gb-button gb-button-e8b73d89 gb-button-text\" href=\"#popmake-622\">Obtenez un devis gratuit maintenant<\/a>\n\n<\/div>\n<\/div><\/div>\n<\/div>\n<\/div>\n<\/div>\n\n<div class=\"gb-container gb-container-3a930c38\">\n<div class=\"gb-container gb-container-8a36e90a\">\n\n<h2 class=\"gb-headline gb-headline-a5d3273c gb-headline-text\">Application du concasseur \u00e0 percussion<\/h2>\n\n\n\n<figure class=\"gb-block-image gb-block-image-1c359176\"><img decoding=\"async\" width=\"800\" height=\"500\" class=\"gb-image gb-image-1c359176\" src=\"https:\/\/hengxingmachinery.com\/wp-content\/uploads\/2025\/03\/impact-crusher-feature.jpg\" alt=\"\" title=\"caracteristiques-concasseur-a-percussion\" srcset=\"https:\/\/hengxingmachinery.com\/wp-content\/uploads\/2025\/03\/impact-crusher-feature.jpg 800w, https:\/\/hengxingmachinery.com\/wp-content\/uploads\/2025\/03\/impact-crusher-feature-300x188.jpg 300w, https:\/\/hengxingmachinery.com\/wp-content\/uploads\/2025\/03\/impact-crusher-feature-768x480.jpg 768w, https:\/\/hengxingmachinery.com\/wp-content\/uploads\/2025\/03\/impact-crusher-feature-18x12.jpg 18w\" sizes=\"(max-width: 800px) 100vw, 800px\" \/><\/figure>\n\n\n\n<p>Le concasseur \u00e0 percussion PF peut traiter de nombreux types de mat\u00e9riaux avec une taille d'alimentation maximale inf\u00e9rieure \u00e0 500 mm et une r\u00e9sistance \u00e0 la compression inf\u00e9rieure \u00e0 360 MPa (tels que le calcaire, le gypse, le b\u00e9ton, etc.).<\/p>\n\n\n\n<p>Les concasseurs \u00e0 percussion sont utilis\u00e9s dans la production de granulats, les op\u00e9rations mini\u00e8res ainsi que dans les applications de recyclage. Selon le type de concasseur \u00e0 percussion, ils sont reconnus soit pour leurs taux de r\u00e9duction \u00e9lev\u00e9s, soit pour leur capacit\u00e9 \u00e0 produire des produits finis cubiques de forme pr\u00e9cise. Les concasseurs \u00e0 percussion peuvent \u00eatre utilis\u00e9s \u00e0 toutes les \u00e9tapes de la r\u00e9duction de taille, du concassage primaire \u00e0 la derni\u00e8re \u00e9tape du processus de concassage. <\/p>\n\n\n\n<p>Il est largement utilis\u00e9 dans la m\u00e9tallurgie, l'exploitation mini\u00e8re, le ciment, l'ing\u00e9nierie chimique, les mat\u00e9riaux r\u00e9fractaires, la c\u00e9ramique et d'autres secteurs industriels, ainsi que dans la construction d'autoroutes, les projets de conservation de l'eau, la production de pierre concass\u00e9e pour b\u00e2timents, les processus de sable artificiel, etc.<\/p>\n\n\n<div class=\"gb-container gb-container-96208927\">\n\n<a class=\"gb-button gb-button-429870c5 gb-button-text\" href=\"#popmake-622\">Obtenez un devis gratuit maintenant<\/a>\n\n<\/div>\n<\/div>\n<\/div>\n\n<div class=\"gb-container gb-container-54546712\">\n<div class=\"gb-container gb-container-4701b961\">\n\n<h2 class=\"gb-headline gb-headline-47d953c8 gb-headline-text\">Principe de fonctionnement du concasseur \u00e0 percussion<\/h2>\n\n\n\n<figure class=\"gb-block-image gb-block-image-e2f9d7ea\"><img decoding=\"async\" width=\"800\" height=\"500\" class=\"gb-image gb-image-e2f9d7ea\" src=\"https:\/\/hengxingmachinery.com\/wp-content\/uploads\/2025\/03\/impact-crusher-working.jpg\" alt=\"\" title=\"fonctionnement-concasseur-a-percussion\" srcset=\"https:\/\/hengxingmachinery.com\/wp-content\/uploads\/2025\/03\/impact-crusher-working.jpg 800w, https:\/\/hengxingmachinery.com\/wp-content\/uploads\/2025\/03\/impact-crusher-working-300x188.jpg 300w, https:\/\/hengxingmachinery.com\/wp-content\/uploads\/2025\/03\/impact-crusher-working-768x480.jpg 768w, https:\/\/hengxingmachinery.com\/wp-content\/uploads\/2025\/03\/impact-crusher-working-18x12.jpg 18w\" sizes=\"(max-width: 800px) 100vw, 800px\" \/><\/figure>\n\n\n\n<p>Lorsque le concasseur fonctionne, le moteur entra\u00eene le rotor en rotation \u00e0 haute vitesse, sur lequel sont install\u00e9s les marteaux. Lorsque les mat\u00e9riaux p\u00e9n\u00e8trent dans la zone d'action des marteaux, sous l'effet de l'impact \u00e0 haute vitesse de ces derniers, les mat\u00e9riaux sont projet\u00e9s continuellement vers le dispositif d'impact situ\u00e9 au-dessus du rotor. <\/p>\n\n\n\n<p>Ensuite, les mat\u00e9riaux sont renvoy\u00e9s de la plaque d'impact vers la zone d'action des marteaux pour \u00eatre concass\u00e9s \u00e0 nouveau. Les mat\u00e9riaux, des plus gros aux plus petits, sont ainsi concass\u00e9s de mani\u00e8re r\u00e9p\u00e9t\u00e9e dans la chambre d'impact.<\/p>\n\n\n<div class=\"gb-container gb-container-f892c489\">\n\n<a class=\"gb-button gb-button-1f4e728c gb-button-text\" href=\"#popmake-622\">Obtenez un devis gratuit maintenant<\/a>\n\n<\/div>\n<\/div>\n<\/div>\n\n<div class=\"gb-container gb-container-435ad261\">\n<div class=\"gb-container gb-container-7dc79cc4\">\n\n<h2 class=\"gb-headline gb-headline-6fe5dee2 gb-headline-text\">Sp\u00e9cifications du concasseur \u00e0 percussion<\/h2>\n\n\n\n<figure class=\"wp-block-table\"><table class=\"has-fixed-layout\"><tbody><tr><td>Mod\u00e8le<\/td><td>&nbsp;Sp\u00e9cifications du rotor (mm)<\/td><td>Taille de l'ouverture d'alimentation (mm)<\/td><td>Taille maximale d'alimentation (mm)<\/td><td>Capacit\u00e9 (t\/h)<\/td><td>Puissance du moteur (kW)<\/td><td>&nbsp;Dimensions (mm)<\/td><td>Poids (t)<\/td><\/tr><tr><td>PF-0807<\/td><td>850\u00d7700<\/td><td>400\u00d7730<\/td><td>300<\/td><td>15-30<\/td><td>30-45<\/td><td>2210\u00d71490\u00d72670<\/td><td>8.1<\/td><\/tr><tr><td>PF-1007<\/td><td>1000\u00d7700<\/td><td>400\u00d7730<\/td><td>300<\/td><td>30-50<\/td><td>37-55<\/td><td>2400\u00d71558\u00d72660<\/td><td>9.5<\/td><\/tr><tr><td>PF-1010<\/td><td>1000\u00d71050<\/td><td>400\u00d71080<\/td><td>350<\/td><td>50-80<\/td><td>55-75<\/td><td>2400\u00d72250\u00d72620<\/td><td>12.2<\/td><\/tr><tr><td>PF-1210<\/td><td>1250\u00d71050<\/td><td>400\u00d71080<\/td><td>350<\/td><td>70-120<\/td><td>110-132<\/td><td>2690\u00d72338\u00d72890<\/td><td>14.9<\/td><\/tr><tr><td>PF-1214<\/td><td>1250\u00d71400<\/td><td>400\u00d71430<\/td><td>350<\/td><td>130-180<\/td><td>132-160<\/td><td>2690\u00d72688\u00d72890<\/td><td>18.6<\/td><\/tr><tr><td>PF-1310<\/td><td>1300\u00d71050<\/td><td>490\u00d71170<\/td><td>400<\/td><td>80-140<\/td><td>110-160<\/td><td>2780\u00d72478\u00d72855<\/td><td>16.2<\/td><\/tr><tr><td>PF-1315<\/td><td>1320\u00d71500<\/td><td>860\u00d71520<\/td><td>500<\/td><td>160-250<\/td><td>180-260<\/td><td>3096\u00d73273\u00d72667<\/td><td>19.3<\/td><\/tr><tr><td>PF-1415<\/td><td>1450\u00d71500<\/td><td>1145\u00d71520<\/td><td>950<\/td><td>220-450<\/td><td>220-315<\/td><td>3745\u00d73022\u00d73519<\/td><td>27<\/td><\/tr><tr><td>PF-1520<\/td><td>1520\u00d72000<\/td><td>830\u00d72050<\/td><td>700<\/td><td>300-550<\/td><td>315-440<\/td><td>3581\u00d73560\u00d73265<\/td><td>36.5<\/td><\/tr><\/tbody><\/table><\/figure>\n\n\n<div class=\"gb-container gb-container-263d9700\">\n\n<a class=\"gb-button gb-button-a4cbb7be gb-button-text\" href=\"#popmake-622\">Obtenez un devis gratuit maintenant<\/a>\n\n<\/div>\n<\/div>\n<\/div>","protected":false},"excerpt":{"rendered":"<p>Impact crusher Impact crusher application PF impact crusher can process many kinds of materials with a max feed size of less than 500mm and crushing strength of less than 360 MP(such as limestone, gypsum, concrete, etc.). Impact crushers are utilized in aggregate production, mining operations, as well as in recycling applications. Depending on the type &#8230; <\/p>\n<p class=\"read-more-container\"><a title=\"1-1. Concasseur \u00e0 percussion\" class=\"read-more button\" href=\"https:\/\/hengxingmachinery.com\/fr\/impact-crusher\/#more-2437\" aria-label=\"En savoir plus sur 1-1. Impact crusher\">Lire plus<\/a><\/p>","protected":false},"author":1,"featured_media":0,"parent":0,"menu_order":0,"comment_status":"closed","ping_status":"closed","template":"","meta":{"footnotes":""},"class_list":["post-2437","page","type-page","status-publish"],"yoast_head":"<!-- This site is optimized with the Yoast SEO plugin v27.4 - https:\/\/yoast.com\/product\/yoast-seo-wordpress\/ -->\n<title>1-1. Impact crusher - Hengxing Machinery<\/title>\n<meta name=\"robots\" content=\"index, follow, max-snippet:-1, max-image-preview:large, max-video-preview:-1\" \/>\n<link rel=\"canonical\" href=\"https:\/\/hengxingmachinery.com\/fr\/impact-crusher\/\" \/>\n<meta property=\"og:locale\" content=\"fr_FR\" \/>\n<meta property=\"og:type\" content=\"article\" \/>\n<meta property=\"og:title\" content=\"1-1. Impact crusher - Hengxing Machinery\" \/>\n<meta property=\"og:description\" content=\"Impact crusher Impact crusher application PF impact crusher can process many kinds of materials with a max feed size of less than 500mm and crushing strength of less than 360 MP(such as limestone, gypsum, concrete, etc.). Impact crushers are utilized in aggregate production, mining operations, as well as in recycling applications. Depending on the type ... Lire plus\" \/>\n<meta property=\"og:url\" content=\"https:\/\/hengxingmachinery.com\/fr\/impact-crusher\/\" \/>\n<meta property=\"og:site_name\" content=\"Hengxing Machinery\" \/>\n<meta property=\"article:modified_time\" content=\"2025-03-21T09:07:44+00:00\" \/>\n<meta property=\"og:image\" content=\"https:\/\/hengxingmachinery.com\/wp-content\/uploads\/2025\/03\/impact-crusher-for-sale.jpg\" \/>\n<meta name=\"twitter:card\" content=\"summary_large_image\" \/>\n<meta name=\"twitter:label1\" content=\"Dur\u00e9e de lecture estim\u00e9e\" \/>\n\t<meta name=\"twitter:data1\" content=\"3 minutes\" \/>\n<script type=\"application\/ld+json\" class=\"yoast-schema-graph\">{\"@context\":\"https:\\\/\\\/schema.org\",\"@graph\":[{\"@type\":\"WebPage\",\"@id\":\"https:\\\/\\\/hengxingmachinery.com\\\/impact-crusher\\\/\",\"url\":\"https:\\\/\\\/hengxingmachinery.com\\\/impact-crusher\\\/\",\"name\":\"1-1. Impact crusher - Hengxing Machinery\",\"isPartOf\":{\"@id\":\"https:\\\/\\\/hengxingmachinery.com\\\/#website\"},\"primaryImageOfPage\":{\"@id\":\"https:\\\/\\\/hengxingmachinery.com\\\/impact-crusher\\\/#primaryimage\"},\"image\":{\"@id\":\"https:\\\/\\\/hengxingmachinery.com\\\/impact-crusher\\\/#primaryimage\"},\"thumbnailUrl\":\"https:\\\/\\\/hengxingmachinery.com\\\/wp-content\\\/uploads\\\/2025\\\/03\\\/impact-crusher-for-sale.jpg\",\"datePublished\":\"2025-03-21T09:07:29+00:00\",\"dateModified\":\"2025-03-21T09:07:44+00:00\",\"breadcrumb\":{\"@id\":\"https:\\\/\\\/hengxingmachinery.com\\\/impact-crusher\\\/#breadcrumb\"},\"inLanguage\":\"fr-FR\",\"potentialAction\":[{\"@type\":\"ReadAction\",\"target\":[\"https:\\\/\\\/hengxingmachinery.com\\\/impact-crusher\\\/\"]}]},{\"@type\":\"ImageObject\",\"inLanguage\":\"fr-FR\",\"@id\":\"https:\\\/\\\/hengxingmachinery.com\\\/impact-crusher\\\/#primaryimage\",\"url\":\"https:\\\/\\\/hengxingmachinery.com\\\/wp-content\\\/uploads\\\/2025\\\/03\\\/impact-crusher-for-sale.jpg\",\"contentUrl\":\"https:\\\/\\\/hengxingmachinery.com\\\/wp-content\\\/uploads\\\/2025\\\/03\\\/impact-crusher-for-sale.jpg\"},{\"@type\":\"BreadcrumbList\",\"@id\":\"https:\\\/\\\/hengxingmachinery.com\\\/impact-crusher\\\/#breadcrumb\",\"itemListElement\":[{\"@type\":\"ListItem\",\"position\":1,\"name\":\"Home\",\"item\":\"https:\\\/\\\/hengxingmachinery.com\\\/\"},{\"@type\":\"ListItem\",\"position\":2,\"name\":\"1-1. Impact crusher\"}]},{\"@type\":\"WebSite\",\"@id\":\"https:\\\/\\\/hengxingmachinery.com\\\/#website\",\"url\":\"https:\\\/\\\/hengxingmachinery.com\\\/\",\"name\":\"Hengxing Machinery\",\"description\":\"Leading Manufacturer of All Sorts of Mining Machinery\",\"publisher\":{\"@id\":\"https:\\\/\\\/hengxingmachinery.com\\\/#organization\"},\"potentialAction\":[{\"@type\":\"SearchAction\",\"target\":{\"@type\":\"EntryPoint\",\"urlTemplate\":\"https:\\\/\\\/hengxingmachinery.com\\\/?s={search_term_string}\"},\"query-input\":{\"@type\":\"PropertyValueSpecification\",\"valueRequired\":true,\"valueName\":\"search_term_string\"}}],\"inLanguage\":\"fr-FR\"},{\"@type\":\"Organization\",\"@id\":\"https:\\\/\\\/hengxingmachinery.com\\\/#organization\",\"name\":\"Hengxing Machinery\",\"url\":\"https:\\\/\\\/hengxingmachinery.com\\\/\",\"logo\":{\"@type\":\"ImageObject\",\"inLanguage\":\"fr-FR\",\"@id\":\"https:\\\/\\\/hengxingmachinery.com\\\/#\\\/schema\\\/logo\\\/image\\\/\",\"url\":\"https:\\\/\\\/hengxingmachinery.com\\\/wp-content\\\/uploads\\\/2024\\\/12\\\/logo.png\",\"contentUrl\":\"https:\\\/\\\/hengxingmachinery.com\\\/wp-content\\\/uploads\\\/2024\\\/12\\\/logo.png\",\"width\":400,\"height\":260,\"caption\":\"Hengxing Machinery\"},\"image\":{\"@id\":\"https:\\\/\\\/hengxingmachinery.com\\\/#\\\/schema\\\/logo\\\/image\\\/\"}}]}<\/script>\n<!-- \/ Yoast SEO plugin. -->","yoast_head_json":{"title":"1-1. Concasseur \u00e0 percussion - Hengxing Machinery","robots":{"index":"index","follow":"follow","max-snippet":"max-snippet:-1","max-image-preview":"max-image-preview:large","max-video-preview":"max-video-preview:-1"},"canonical":"https:\/\/hengxingmachinery.com\/fr\/impact-crusher\/","og_locale":"fr_FR","og_type":"article","og_title":"1-1. Impact crusher - Hengxing Machinery","og_description":"Impact crusher Impact crusher application PF impact crusher can process many kinds of materials with a max feed size of less than 500mm and crushing strength of less than 360 MP(such as limestone, gypsum, concrete, etc.). Impact crushers are utilized in aggregate production, mining operations, as well as in recycling applications. Depending on the type ... Lire plus","og_url":"https:\/\/hengxingmachinery.com\/fr\/impact-crusher\/","og_site_name":"Hengxing Machinery","article_modified_time":"2025-03-21T09:07:44+00:00","og_image":[{"url":"https:\/\/hengxingmachinery.com\/wp-content\/uploads\/2025\/03\/impact-crusher-for-sale.jpg","type":"","width":"","height":""}],"twitter_card":"summary_large_image","twitter_misc":{"Dur\u00e9e de lecture estim\u00e9e":"3 minutes"},"schema":{"@context":"https:\/\/schema.org","@graph":[{"@type":"WebPage","@id":"https:\/\/hengxingmachinery.com\/impact-crusher\/","url":"https:\/\/hengxingmachinery.com\/impact-crusher\/","name":"1-1. Concasseur \u00e0 percussion - Hengxing Machinery","isPartOf":{"@id":"https:\/\/hengxingmachinery.com\/#website"},"primaryImageOfPage":{"@id":"https:\/\/hengxingmachinery.com\/impact-crusher\/#primaryimage"},"image":{"@id":"https:\/\/hengxingmachinery.com\/impact-crusher\/#primaryimage"},"thumbnailUrl":"https:\/\/hengxingmachinery.com\/wp-content\/uploads\/2025\/03\/impact-crusher-for-sale.jpg","datePublished":"2025-03-21T09:07:29+00:00","dateModified":"2025-03-21T09:07:44+00:00","breadcrumb":{"@id":"https:\/\/hengxingmachinery.com\/impact-crusher\/#breadcrumb"},"inLanguage":"fr-FR","potentialAction":[{"@type":"ReadAction","target":["https:\/\/hengxingmachinery.com\/impact-crusher\/"]}]},{"@type":"ImageObject","inLanguage":"fr-FR","@id":"https:\/\/hengxingmachinery.com\/impact-crusher\/#primaryimage","url":"https:\/\/hengxingmachinery.com\/wp-content\/uploads\/2025\/03\/impact-crusher-for-sale.jpg","contentUrl":"https:\/\/hengxingmachinery.com\/wp-content\/uploads\/2025\/03\/impact-crusher-for-sale.jpg"},{"@type":"BreadcrumbList","@id":"https:\/\/hengxingmachinery.com\/impact-crusher\/#breadcrumb","itemListElement":[{"@type":"ListItem","position":1,"name":"Home","item":"https:\/\/hengxingmachinery.com\/"},{"@type":"ListItem","position":2,"name":"1-1. Impact crusher"}]},{"@type":"WebSite","@id":"https:\/\/hengxingmachinery.com\/#website","url":"https:\/\/hengxingmachinery.com\/","name":"Machines Hengxing","description":"Fabricant leader de toutes sortes de machines mini\u00e8res","publisher":{"@id":"https:\/\/hengxingmachinery.com\/#organization"},"potentialAction":[{"@type":"SearchAction","target":{"@type":"EntryPoint","urlTemplate":"https:\/\/hengxingmachinery.com\/?s={search_term_string}"},"query-input":{"@type":"PropertyValueSpecification","valueRequired":true,"valueName":"search_term_string"}}],"inLanguage":"fr-FR"},{"@type":"Organization","@id":"https:\/\/hengxingmachinery.com\/#organization","name":"Machines Hengxing","url":"https:\/\/hengxingmachinery.com\/","logo":{"@type":"ImageObject","inLanguage":"fr-FR","@id":"https:\/\/hengxingmachinery.com\/#\/schema\/logo\/image\/","url":"https:\/\/hengxingmachinery.com\/wp-content\/uploads\/2024\/12\/logo.png","contentUrl":"https:\/\/hengxingmachinery.com\/wp-content\/uploads\/2024\/12\/logo.png","width":400,"height":260,"caption":"Hengxing Machinery"},"image":{"@id":"https:\/\/hengxingmachinery.com\/#\/schema\/logo\/image\/"}}]}},"_links":{"self":[{"href":"https:\/\/hengxingmachinery.com\/fr\/wp-json\/wp\/v2\/pages\/2437","targetHints":{"allow":["GET"]}}],"collection":[{"href":"https:\/\/hengxingmachinery.com\/fr\/wp-json\/wp\/v2\/pages"}],"about":[{"href":"https:\/\/hengxingmachinery.com\/fr\/wp-json\/wp\/v2\/types\/page"}],"author":[{"embeddable":true,"href":"https:\/\/hengxingmachinery.com\/fr\/wp-json\/wp\/v2\/users\/1"}],"replies":[{"embeddable":true,"href":"https:\/\/hengxingmachinery.com\/fr\/wp-json\/wp\/v2\/comments?post=2437"}],"version-history":[{"count":3,"href":"https:\/\/hengxingmachinery.com\/fr\/wp-json\/wp\/v2\/pages\/2437\/revisions"}],"predecessor-version":[{"id":2598,"href":"https:\/\/hengxingmachinery.com\/fr\/wp-json\/wp\/v2\/pages\/2437\/revisions\/2598"}],"wp:attachment":[{"href":"https:\/\/hengxingmachinery.com\/fr\/wp-json\/wp\/v2\/media?parent=2437"}],"curies":[{"name":"wp","href":"https:\/\/api.w.org\/{rel}","templated":true}]}}