{"id":2438,"date":"2025-03-21T09:18:38","date_gmt":"2025-03-21T09:18:38","guid":{"rendered":"https:\/\/hengxingmachinery.com\/?page_id=2438"},"modified":"2025-03-21T09:19:10","modified_gmt":"2025-03-21T09:19:10","slug":"high-efficient-impact-fine-crusher","status":"publish","type":"page","link":"https:\/\/hengxingmachinery.com\/fr\/high-efficient-impact-fine-crusher\/","title":{"rendered":"1-1. Concasseur fin \u00e0 impact \u00e0 haute efficacit\u00e9"},"content":{"rendered":"<div class=\"gb-container gb-container-45165f5a\">\n<div class=\"gb-container gb-container-c2652eb4\">\n\n<h1 class=\"gb-headline gb-headline-62a8b2cc gb-headline-text\">Broyeur fin \u00e0 impact \u00e0 haut rendement<\/h1>\n\n<\/div>\n<\/div>\n\n<div class=\"gb-container gb-container-519cf624\">\n<div class=\"gb-container gb-container-71ca071e\">\n<div class=\"gb-grid-wrapper gb-grid-wrapper-8a5f0688\">\n<div class=\"gb-grid-column gb-grid-column-1e99b1c2\"><div class=\"gb-container gb-container-1e99b1c2\">\n\n<figure class=\"gb-block-image gb-block-image-e4eaba54\"><img decoding=\"async\" width=\"665\" height=\"545\" class=\"gb-image gb-image-e4eaba54\" src=\"https:\/\/hengxingmachinery.com\/wp-content\/uploads\/2025\/03\/impact-fine-crusher-sale.jpg\" alt=\"\" title=\"vente-concasseur-fin-impact\" srcset=\"https:\/\/hengxingmachinery.com\/wp-content\/uploads\/2025\/03\/impact-fine-crusher-sale.jpg 665w, https:\/\/hengxingmachinery.com\/wp-content\/uploads\/2025\/03\/impact-fine-crusher-sale-300x246.jpg 300w, https:\/\/hengxingmachinery.com\/wp-content\/uploads\/2025\/03\/impact-fine-crusher-sale-15x12.jpg 15w\" sizes=\"(max-width: 665px) 100vw, 665px\" \/><\/figure>\n\n<\/div><\/div>\n\n<div class=\"gb-grid-column gb-grid-column-bcae065b\"><div class=\"gb-container gb-container-bcae065b\">\n\n<p><strong><mark style=\"background-color:rgba(0, 0, 0, 0)\" class=\"has-inline-color has-global-color-8-color\">Granulom\u00e9trie d'alimentation du concasseur fin : <\/mark><\/strong>&lt;190mm<\/p>\n\n\n\n<p><strong><mark style=\"background-color:rgba(0, 0, 0, 0)\" class=\"has-inline-color has-global-color-8-color\">Mat\u00e9riaux applicables : <\/mark><\/strong>Granit, basalte, calcaire, galets de rivi\u00e8re, clinker de ciment, pierre de quartz, minerai de fer, bauxite et autres min\u00e9raux.<\/p>\n\n\n<div class=\"gb-container gb-container-256e15f1\">\n\n<a class=\"gb-button gb-button-e8b73d89 gb-button-text\" href=\"#popmake-622\">Obtenez un devis gratuit maintenant<\/a>\n\n<\/div>\n<\/div><\/div>\n<\/div>\n<\/div>\n<\/div>\n\n<div class=\"gb-container gb-container-3a930c38\">\n<div class=\"gb-container gb-container-8a36e90a\">\n\n<h2 class=\"gb-headline gb-headline-a5d3273c gb-headline-text\">Caract\u00e9ristiques du concasseur fin \u00e0 impact haute efficacit\u00e9<\/h2>\n\n\n\n<figure class=\"gb-block-image gb-block-image-1c359176\"><img decoding=\"async\" width=\"800\" height=\"500\" class=\"gb-image gb-image-1c359176\" src=\"https:\/\/hengxingmachinery.com\/wp-content\/uploads\/2025\/03\/impact-fine-crusher-working.jpg\" alt=\"\" title=\"fonctionnement-concasseur-fin-impact\" srcset=\"https:\/\/hengxingmachinery.com\/wp-content\/uploads\/2025\/03\/impact-fine-crusher-working.jpg 800w, https:\/\/hengxingmachinery.com\/wp-content\/uploads\/2025\/03\/impact-fine-crusher-working-300x188.jpg 300w, https:\/\/hengxingmachinery.com\/wp-content\/uploads\/2025\/03\/impact-fine-crusher-working-768x480.jpg 768w, https:\/\/hengxingmachinery.com\/wp-content\/uploads\/2025\/03\/impact-fine-crusher-working-18x12.jpg 18w\" sizes=\"(max-width: 800px) 100vw, 800px\" \/><\/figure>\n\n\n\n<p>1. Granulom\u00e9trie d'alimentation : 120mm-200mm<\/p>\n\n\n\n<p>2. Plus de 85% de production inf\u00e9rieure \u00e0 5mm<\/p>\n\n\n\n<p>Granulom\u00e9trie uniforme et fine, production plus \u00e9lev\u00e9e, marteaux-plaques plus durables<\/p>\n\n\n\n<p>4. Puissance moteur r\u00e9duite, pas besoin de concassage tertiaire<\/p>\n\n\n\n<p>5. Structure simple, entretien facile et fonctionnement stable<\/p>\n\n\n<div class=\"gb-container gb-container-96208927\">\n\n<a class=\"gb-button gb-button-429870c5 gb-button-text\" href=\"#popmake-622\">Obtenez un devis gratuit maintenant<\/a>\n\n<\/div>\n<\/div>\n<\/div>\n\n<div class=\"gb-container gb-container-78db683c\">\n<div class=\"gb-container gb-container-f06c7281\">\n\n<h2 class=\"gb-headline gb-headline-1c16f71a gb-headline-text\">Principe de fonctionnement du concasseur fin \u00e0 impact haute efficacit\u00e9<\/h2>\n\n\n\n<figure class=\"gb-block-image gb-block-image-63e36c19\"><img decoding=\"async\" width=\"800\" height=\"500\" class=\"gb-image gb-image-63e36c19\" src=\"https:\/\/hengxingmachinery.com\/wp-content\/uploads\/2025\/03\/fine-crusher-features.jpg\" alt=\"\" title=\"caract\u00e9ristiques-concasseur-fin\" srcset=\"https:\/\/hengxingmachinery.com\/wp-content\/uploads\/2025\/03\/fine-crusher-features.jpg 800w, https:\/\/hengxingmachinery.com\/wp-content\/uploads\/2025\/03\/fine-crusher-features-300x188.jpg 300w, https:\/\/hengxingmachinery.com\/wp-content\/uploads\/2025\/03\/fine-crusher-features-768x480.jpg 768w, https:\/\/hengxingmachinery.com\/wp-content\/uploads\/2025\/03\/fine-crusher-features-18x12.jpg 18w\" sizes=\"(max-width: 800px) 100vw, 800px\" \/><\/figure>\n\n\n\n<p>Lorsque le concasseur fin fonctionne, les mat\u00e9riaux sont d'abord concass\u00e9s dans la premi\u00e8re chambre par le rotor \u00e0 haute vitesse contre les marteaux, puis entrent dans la chambre secondaire pour un concassage fin, et enfin les mat\u00e9riaux finaux sont \u00e9vacu\u00e9s.<\/p>\n\n\n<div class=\"gb-container gb-container-31c4f7e2\">\n\n<a class=\"gb-button gb-button-df5c4410 gb-button-text\" href=\"#popmake-622\">Obtenez un devis gratuit maintenant<\/a>\n\n<\/div>\n<\/div>\n<\/div>\n\n<div class=\"gb-container gb-container-435ad261\">\n<div class=\"gb-container gb-container-7dc79cc4\">\n\n<h2 class=\"gb-headline gb-headline-6fe5dee2 gb-headline-text\">Sp\u00e9cifications du concasseur fin \u00e0 impact haute efficacit\u00e9<\/h2>\n\n\n\n<figure class=\"wp-block-table\"><table class=\"has-fixed-layout\"><tbody><tr><td>Concasseur fin PXJ<\/td><td colspan=\"8\">Diam\u00e8tre du rotor \u00f8\u00d7largeur (mm)<\/td><\/tr><tr><td>Mod\u00e8le<\/td><td>800 \u00d7 400<\/td><td>800\u00d7600<\/td><td>800 \u00d7 800<\/td><td>1010 \u00d7 1010<\/td><td>1200<br>\u00d7 1200<\/td><td>1400<br>\u00d7 1400<\/td><td>1600<br>\u00d7 1600<\/td><td>1800<br>\u00d7 1800<\/td><\/tr><tr><td>&nbsp;<\/td><td>400 \u00d7 185<\/td><td>500 \u00d7 250<\/td><td>550 \u00d7 300<\/td><td>1000 \u00d7 350<\/td><td>1200<br>\u00d7 450<\/td><td>1500<br>\u00d7 500<\/td><td>1600<br>\u00d7 550<\/td><td>1800<br>\u00d7 800<\/td><\/tr><tr><td>Taille d'alimentation (mm)<\/td><td>&lt; 120<\/td><td>&lt; 180<\/td><td>&lt; 180<\/td><td>&lt; 180<\/td><td>&lt; 180<\/td><td>&lt; 190<\/td><td>&lt; 190<\/td><td>&lt; 190<\/td><\/tr><tr><td>Taille de sortie (mm)<\/td><td>0-10<\/td><td>0-10<\/td><td>0-10<\/td><td>0-10<\/td><td>0-10<\/td><td>0-10<\/td><td>0-10<\/td><td>0-10<\/td><\/tr><tr><td>Taille r\u00e9glable de l'\u00e9cart de grille de sortie (mm)<\/td><td>5-50<\/td><td>5-50<\/td><td>5-50<\/td><td>5-50<\/td><td>5-50<\/td><td>5-50<\/td><td>5-50<\/td><td>5-50<\/td><\/tr><tr><td>Clinker de ciment (t\/h)<\/td><td>10-30<\/td><td>10-40<\/td><td>20-45<\/td><td>25-55<\/td><td>35-90<\/td><td>50-150<\/td><td>85-210<\/td><td>125-270<\/td><\/tr><tr><td>Calcaire (t\/h)<\/td><td>18-45<\/td><td>23-55<\/td><td>28-65<\/td><td>35-75<\/td><td>45-110<\/td><td>50-150<\/td><td>95-260<\/td><td>140-310<\/td><\/tr><tr><td>Puissance (kW)<\/td><td>4P 37 kW<\/td><td>4P 45 kW<\/td><td>4P 45 kW<\/td><td>4P 55 kW<\/td><td>6P 110 kW<\/td><td>6P 160 kW<\/td><td>4P 250 kW<\/td><td>4P 315 kW<\/td><\/tr><tr><td>Poids<\/td><td>3.9<\/td><td>4.5<\/td><td>6<\/td><td>10.5<\/td><td>14.4<\/td><td>22<\/td><td>35<\/td><td>49.7<\/td><\/tr><\/tbody><\/table><\/figure>\n\n\n<div class=\"gb-container gb-container-263d9700\">\n\n<a class=\"gb-button gb-button-a4cbb7be gb-button-text\" href=\"#popmake-622\">Obtenez un devis gratuit maintenant<\/a>\n\n<\/div>\n<\/div>\n<\/div>","protected":false},"excerpt":{"rendered":"<p>High efficient impact fine crusher High efficient impact fine crusher features 1. Feeding size: 120mm-200mm 2. More than 85% of output below 5mm Even particle size small, higher output, more durable plate hammer 4. lower motor power, don\u2019t need thirdly crushing 5. Simple structure, easy maintenance and stable running High efficient impact fine crusher working &#8230; <\/p>\n<p class=\"read-more-container\"><a title=\"1-1. Concasseur fin \u00e0 impact \u00e0 haute efficacit\u00e9\" class=\"read-more button\" href=\"https:\/\/hengxingmachinery.com\/fr\/high-efficient-impact-fine-crusher\/#more-2438\" aria-label=\"En savoir plus sur 1-1. High efficient impact fine crusher\">Lire plus<\/a><\/p>","protected":false},"author":1,"featured_media":0,"parent":0,"menu_order":0,"comment_status":"closed","ping_status":"closed","template":"","meta":{"footnotes":""},"class_list":["post-2438","page","type-page","status-publish"],"yoast_head":"<!-- This site is optimized with the Yoast SEO plugin v27.4 - https:\/\/yoast.com\/product\/yoast-seo-wordpress\/ -->\n<title>1-1. High efficient impact fine crusher - Hengxing Machinery<\/title>\n<meta name=\"robots\" content=\"index, follow, max-snippet:-1, max-image-preview:large, max-video-preview:-1\" \/>\n<link rel=\"canonical\" href=\"https:\/\/hengxingmachinery.com\/fr\/high-efficient-impact-fine-crusher\/\" \/>\n<meta property=\"og:locale\" content=\"fr_FR\" \/>\n<meta property=\"og:type\" content=\"article\" \/>\n<meta property=\"og:title\" content=\"1-1. High efficient impact fine crusher - Hengxing Machinery\" \/>\n<meta property=\"og:description\" content=\"High efficient impact fine crusher High efficient impact fine crusher features 1. Feeding size: 120mm-200mm 2. More than 85% of output below 5mm Even particle size small, higher output, more durable plate hammer 4. lower motor power, don\u2019t need thirdly crushing 5. Simple structure, easy maintenance and stable running High efficient impact fine crusher working ... Lire plus\" \/>\n<meta property=\"og:url\" content=\"https:\/\/hengxingmachinery.com\/fr\/high-efficient-impact-fine-crusher\/\" \/>\n<meta property=\"og:site_name\" content=\"Hengxing Machinery\" \/>\n<meta property=\"article:modified_time\" content=\"2025-03-21T09:19:10+00:00\" \/>\n<meta property=\"og:image\" content=\"https:\/\/hengxingmachinery.com\/wp-content\/uploads\/2025\/03\/impact-fine-crusher-sale.jpg\" \/>\n<meta name=\"twitter:card\" content=\"summary_large_image\" \/>\n<meta name=\"twitter:label1\" content=\"Dur\u00e9e de lecture estim\u00e9e\" \/>\n\t<meta name=\"twitter:data1\" content=\"2 minutes\" \/>\n<script type=\"application\/ld+json\" class=\"yoast-schema-graph\">{\"@context\":\"https:\\\/\\\/schema.org\",\"@graph\":[{\"@type\":\"WebPage\",\"@id\":\"https:\\\/\\\/hengxingmachinery.com\\\/high-efficient-impact-fine-crusher\\\/\",\"url\":\"https:\\\/\\\/hengxingmachinery.com\\\/high-efficient-impact-fine-crusher\\\/\",\"name\":\"1-1. High efficient impact fine crusher - Hengxing Machinery\",\"isPartOf\":{\"@id\":\"https:\\\/\\\/hengxingmachinery.com\\\/#website\"},\"primaryImageOfPage\":{\"@id\":\"https:\\\/\\\/hengxingmachinery.com\\\/high-efficient-impact-fine-crusher\\\/#primaryimage\"},\"image\":{\"@id\":\"https:\\\/\\\/hengxingmachinery.com\\\/high-efficient-impact-fine-crusher\\\/#primaryimage\"},\"thumbnailUrl\":\"https:\\\/\\\/hengxingmachinery.com\\\/wp-content\\\/uploads\\\/2025\\\/03\\\/impact-fine-crusher-sale.jpg\",\"datePublished\":\"2025-03-21T09:18:38+00:00\",\"dateModified\":\"2025-03-21T09:19:10+00:00\",\"breadcrumb\":{\"@id\":\"https:\\\/\\\/hengxingmachinery.com\\\/high-efficient-impact-fine-crusher\\\/#breadcrumb\"},\"inLanguage\":\"fr-FR\",\"potentialAction\":[{\"@type\":\"ReadAction\",\"target\":[\"https:\\\/\\\/hengxingmachinery.com\\\/high-efficient-impact-fine-crusher\\\/\"]}]},{\"@type\":\"ImageObject\",\"inLanguage\":\"fr-FR\",\"@id\":\"https:\\\/\\\/hengxingmachinery.com\\\/high-efficient-impact-fine-crusher\\\/#primaryimage\",\"url\":\"https:\\\/\\\/hengxingmachinery.com\\\/wp-content\\\/uploads\\\/2025\\\/03\\\/impact-fine-crusher-sale.jpg\",\"contentUrl\":\"https:\\\/\\\/hengxingmachinery.com\\\/wp-content\\\/uploads\\\/2025\\\/03\\\/impact-fine-crusher-sale.jpg\"},{\"@type\":\"BreadcrumbList\",\"@id\":\"https:\\\/\\\/hengxingmachinery.com\\\/high-efficient-impact-fine-crusher\\\/#breadcrumb\",\"itemListElement\":[{\"@type\":\"ListItem\",\"position\":1,\"name\":\"Home\",\"item\":\"https:\\\/\\\/hengxingmachinery.com\\\/\"},{\"@type\":\"ListItem\",\"position\":2,\"name\":\"1-1. High efficient impact fine crusher\"}]},{\"@type\":\"WebSite\",\"@id\":\"https:\\\/\\\/hengxingmachinery.com\\\/#website\",\"url\":\"https:\\\/\\\/hengxingmachinery.com\\\/\",\"name\":\"Hengxing Machinery\",\"description\":\"Leading Manufacturer of All Sorts of Mining Machinery\",\"publisher\":{\"@id\":\"https:\\\/\\\/hengxingmachinery.com\\\/#organization\"},\"potentialAction\":[{\"@type\":\"SearchAction\",\"target\":{\"@type\":\"EntryPoint\",\"urlTemplate\":\"https:\\\/\\\/hengxingmachinery.com\\\/?s={search_term_string}\"},\"query-input\":{\"@type\":\"PropertyValueSpecification\",\"valueRequired\":true,\"valueName\":\"search_term_string\"}}],\"inLanguage\":\"fr-FR\"},{\"@type\":\"Organization\",\"@id\":\"https:\\\/\\\/hengxingmachinery.com\\\/#organization\",\"name\":\"Hengxing Machinery\",\"url\":\"https:\\\/\\\/hengxingmachinery.com\\\/\",\"logo\":{\"@type\":\"ImageObject\",\"inLanguage\":\"fr-FR\",\"@id\":\"https:\\\/\\\/hengxingmachinery.com\\\/#\\\/schema\\\/logo\\\/image\\\/\",\"url\":\"https:\\\/\\\/hengxingmachinery.com\\\/wp-content\\\/uploads\\\/2024\\\/12\\\/logo.png\",\"contentUrl\":\"https:\\\/\\\/hengxingmachinery.com\\\/wp-content\\\/uploads\\\/2024\\\/12\\\/logo.png\",\"width\":400,\"height\":260,\"caption\":\"Hengxing Machinery\"},\"image\":{\"@id\":\"https:\\\/\\\/hengxingmachinery.com\\\/#\\\/schema\\\/logo\\\/image\\\/\"}}]}<\/script>\n<!-- \/ Yoast SEO plugin. -->","yoast_head_json":{"title":"1-1. Concasseur fin \u00e0 impact haute efficacit\u00e9 - Hengxing Machinery","robots":{"index":"index","follow":"follow","max-snippet":"max-snippet:-1","max-image-preview":"max-image-preview:large","max-video-preview":"max-video-preview:-1"},"canonical":"https:\/\/hengxingmachinery.com\/fr\/high-efficient-impact-fine-crusher\/","og_locale":"fr_FR","og_type":"article","og_title":"1-1. High efficient impact fine crusher - Hengxing Machinery","og_description":"High efficient impact fine crusher High efficient impact fine crusher features 1. Feeding size: 120mm-200mm 2. More than 85% of output below 5mm Even particle size small, higher output, more durable plate hammer 4. lower motor power, don\u2019t need thirdly crushing 5. Simple structure, easy maintenance and stable running High efficient impact fine crusher working ... Lire plus","og_url":"https:\/\/hengxingmachinery.com\/fr\/high-efficient-impact-fine-crusher\/","og_site_name":"Hengxing Machinery","article_modified_time":"2025-03-21T09:19:10+00:00","og_image":[{"url":"https:\/\/hengxingmachinery.com\/wp-content\/uploads\/2025\/03\/impact-fine-crusher-sale.jpg","type":"","width":"","height":""}],"twitter_card":"summary_large_image","twitter_misc":{"Dur\u00e9e de lecture estim\u00e9e":"2 minutes"},"schema":{"@context":"https:\/\/schema.org","@graph":[{"@type":"WebPage","@id":"https:\/\/hengxingmachinery.com\/high-efficient-impact-fine-crusher\/","url":"https:\/\/hengxingmachinery.com\/high-efficient-impact-fine-crusher\/","name":"1-1. Concasseur fin \u00e0 impact haute efficacit\u00e9 - Hengxing Machinery","isPartOf":{"@id":"https:\/\/hengxingmachinery.com\/#website"},"primaryImageOfPage":{"@id":"https:\/\/hengxingmachinery.com\/high-efficient-impact-fine-crusher\/#primaryimage"},"image":{"@id":"https:\/\/hengxingmachinery.com\/high-efficient-impact-fine-crusher\/#primaryimage"},"thumbnailUrl":"https:\/\/hengxingmachinery.com\/wp-content\/uploads\/2025\/03\/impact-fine-crusher-sale.jpg","datePublished":"2025-03-21T09:18:38+00:00","dateModified":"2025-03-21T09:19:10+00:00","breadcrumb":{"@id":"https:\/\/hengxingmachinery.com\/high-efficient-impact-fine-crusher\/#breadcrumb"},"inLanguage":"fr-FR","potentialAction":[{"@type":"ReadAction","target":["https:\/\/hengxingmachinery.com\/high-efficient-impact-fine-crusher\/"]}]},{"@type":"ImageObject","inLanguage":"fr-FR","@id":"https:\/\/hengxingmachinery.com\/high-efficient-impact-fine-crusher\/#primaryimage","url":"https:\/\/hengxingmachinery.com\/wp-content\/uploads\/2025\/03\/impact-fine-crusher-sale.jpg","contentUrl":"https:\/\/hengxingmachinery.com\/wp-content\/uploads\/2025\/03\/impact-fine-crusher-sale.jpg"},{"@type":"BreadcrumbList","@id":"https:\/\/hengxingmachinery.com\/high-efficient-impact-fine-crusher\/#breadcrumb","itemListElement":[{"@type":"ListItem","position":1,"name":"Home","item":"https:\/\/hengxingmachinery.com\/"},{"@type":"ListItem","position":2,"name":"1-1. High efficient impact fine crusher"}]},{"@type":"WebSite","@id":"https:\/\/hengxingmachinery.com\/#website","url":"https:\/\/hengxingmachinery.com\/","name":"Machines Hengxing","description":"Fabricant leader de toutes sortes de machines mini\u00e8res","publisher":{"@id":"https:\/\/hengxingmachinery.com\/#organization"},"potentialAction":[{"@type":"SearchAction","target":{"@type":"EntryPoint","urlTemplate":"https:\/\/hengxingmachinery.com\/?s={search_term_string}"},"query-input":{"@type":"PropertyValueSpecification","valueRequired":true,"valueName":"search_term_string"}}],"inLanguage":"fr-FR"},{"@type":"Organization","@id":"https:\/\/hengxingmachinery.com\/#organization","name":"Machines Hengxing","url":"https:\/\/hengxingmachinery.com\/","logo":{"@type":"ImageObject","inLanguage":"fr-FR","@id":"https:\/\/hengxingmachinery.com\/#\/schema\/logo\/image\/","url":"https:\/\/hengxingmachinery.com\/wp-content\/uploads\/2024\/12\/logo.png","contentUrl":"https:\/\/hengxingmachinery.com\/wp-content\/uploads\/2024\/12\/logo.png","width":400,"height":260,"caption":"Hengxing Machinery"},"image":{"@id":"https:\/\/hengxingmachinery.com\/#\/schema\/logo\/image\/"}}]}},"_links":{"self":[{"href":"https:\/\/hengxingmachinery.com\/fr\/wp-json\/wp\/v2\/pages\/2438","targetHints":{"allow":["GET"]}}],"collection":[{"href":"https:\/\/hengxingmachinery.com\/fr\/wp-json\/wp\/v2\/pages"}],"about":[{"href":"https:\/\/hengxingmachinery.com\/fr\/wp-json\/wp\/v2\/types\/page"}],"author":[{"embeddable":true,"href":"https:\/\/hengxingmachinery.com\/fr\/wp-json\/wp\/v2\/users\/1"}],"replies":[{"embeddable":true,"href":"https:\/\/hengxingmachinery.com\/fr\/wp-json\/wp\/v2\/comments?post=2438"}],"version-history":[{"count":3,"href":"https:\/\/hengxingmachinery.com\/fr\/wp-json\/wp\/v2\/pages\/2438\/revisions"}],"predecessor-version":[{"id":2602,"href":"https:\/\/hengxingmachinery.com\/fr\/wp-json\/wp\/v2\/pages\/2438\/revisions\/2602"}],"wp:attachment":[{"href":"https:\/\/hengxingmachinery.com\/fr\/wp-json\/wp\/v2\/media?parent=2438"}],"curies":[{"name":"wp","href":"https:\/\/api.w.org\/{rel}","templated":true}]}}