{"id":2439,"date":"2025-03-21T09:29:33","date_gmt":"2025-03-21T09:29:33","guid":{"rendered":"https:\/\/hengxingmachinery.com\/?page_id=2439"},"modified":"2025-03-21T09:30:18","modified_gmt":"2025-03-21T09:30:18","slug":"heavy-hammer-crushers","status":"publish","type":"page","link":"https:\/\/hengxingmachinery.com\/fr\/heavy-hammer-crushers\/","title":{"rendered":"1-1. Concasseur \u00e0 marteaux lourds"},"content":{"rendered":"<div class=\"gb-container gb-container-45165f5a\">\n<div class=\"gb-container gb-container-c2652eb4\">\n\n<h1 class=\"gb-headline gb-headline-62a8b2cc gb-headline-text\">Concasseur \u00e0 marteaux lourd<\/h1>\n\n<\/div>\n<\/div>\n\n<div class=\"gb-container gb-container-519cf624\">\n<div class=\"gb-container gb-container-71ca071e\">\n<div class=\"gb-grid-wrapper gb-grid-wrapper-8a5f0688\">\n<div class=\"gb-grid-column gb-grid-column-1e99b1c2\"><div class=\"gb-container gb-container-1e99b1c2\">\n\n<figure class=\"gb-block-image gb-block-image-e4eaba54\"><img decoding=\"async\" width=\"665\" height=\"545\" class=\"gb-image gb-image-e4eaba54\" src=\"https:\/\/hengxingmachinery.com\/wp-content\/uploads\/2025\/03\/heavy-hammer-crusher-major-sale.jpg\" alt=\"\" title=\"concasseur-a-marteaux-lourd-vente-principale\" srcset=\"https:\/\/hengxingmachinery.com\/wp-content\/uploads\/2025\/03\/heavy-hammer-crusher-major-sale.jpg 665w, https:\/\/hengxingmachinery.com\/wp-content\/uploads\/2025\/03\/heavy-hammer-crusher-major-sale-300x246.jpg 300w, https:\/\/hengxingmachinery.com\/wp-content\/uploads\/2025\/03\/heavy-hammer-crusher-major-sale-15x12.jpg 15w\" sizes=\"(max-width: 665px) 100vw, 665px\" \/><\/figure>\n\n<\/div><\/div>\n\n<div class=\"gb-grid-column gb-grid-column-bcae065b\"><div class=\"gb-container gb-container-bcae065b\">\n\n<p>Le concasseur \u00e0 marteaux lourd peut broyer directement des mat\u00e9riaux d'une taille allant jusqu'\u00e0 1800 mm pour obtenir une granulom\u00e9trie inf\u00e9rieure \u00e0 35 mm. Il permet une mise en forme en une seule \u00e9tape, sans concassage secondaire, ce qui peut r\u00e9duire les co\u00fbts d'environ 40 %. <\/p>\n\n\n\n<p>Il est particuli\u00e8rement adapt\u00e9 au concassage du calcaire et des pierres de duret\u00e9 moyenne dont la r\u00e9sistance \u00e0 la compression est inf\u00e9rieure \u00e0 200 MPa.<\/p>\n\n\n<div class=\"gb-container gb-container-256e15f1\">\n\n<a class=\"gb-button gb-button-e8b73d89 gb-button-text\" href=\"#popmake-622\">Obtenez un devis gratuit maintenant<\/a>\n\n<\/div>\n<\/div><\/div>\n<\/div>\n<\/div>\n<\/div>\n\n<div class=\"gb-container gb-container-3a930c38\">\n<div class=\"gb-container gb-container-8a36e90a\">\n\n<h2 class=\"gb-headline gb-headline-a5d3273c gb-headline-text\">Caract\u00e9ristiques du concasseur \u00e0 marteaux lourd<\/h2>\n\n\n\n<figure class=\"gb-block-image gb-block-image-1c359176\"><img decoding=\"async\" width=\"800\" height=\"500\" class=\"gb-image gb-image-1c359176\" src=\"https:\/\/hengxingmachinery.com\/wp-content\/uploads\/2025\/03\/heavy-hammer-crushing-features.jpg\" alt=\"\" title=\"caracteristiques-concassage-marteau-lourd\" srcset=\"https:\/\/hengxingmachinery.com\/wp-content\/uploads\/2025\/03\/heavy-hammer-crushing-features.jpg 800w, https:\/\/hengxingmachinery.com\/wp-content\/uploads\/2025\/03\/heavy-hammer-crushing-features-300x188.jpg 300w, https:\/\/hengxingmachinery.com\/wp-content\/uploads\/2025\/03\/heavy-hammer-crushing-features-768x480.jpg 768w, https:\/\/hengxingmachinery.com\/wp-content\/uploads\/2025\/03\/heavy-hammer-crushing-features-18x12.jpg 18w\" sizes=\"(max-width: 800px) 100vw, 800px\" \/><\/figure>\n\n\n\n<p>Les concasseurs \u00e0 marteaux lourds sont l'un des principaux \u00e9quipements utilis\u00e9s dans les secteurs industriels tels que la m\u00e9tallurgie, les mat\u00e9riaux de construction, l'industrie chimique et l'hydro\u00e9lectricit\u00e9 pour le traitement du calcaire fin, du charbon ou d'autres mat\u00e9riaux fragiles de duret\u00e9 moyenne. Ils pr\u00e9sentent des caract\u00e9ristiques telles qu'une mise en forme en une \u00e9tape, un taux de concassage \u00e9lev\u00e9, une grande capacit\u00e9 de production et une granulom\u00e9trie uniforme des produits.<\/p>\n\n\n<div class=\"gb-container gb-container-96208927\">\n\n<a class=\"gb-button gb-button-429870c5 gb-button-text\" href=\"#popmake-622\">Obtenez un devis gratuit maintenant<\/a>\n\n<\/div>\n<\/div>\n<\/div>\n\n<div class=\"gb-container gb-container-8fc765e5\">\n<div class=\"gb-container gb-container-085bc11b\">\n\n<h2 class=\"gb-headline gb-headline-8ed81c68 gb-headline-text\">Application du concasseur \u00e0 marteaux lourd<\/h2>\n\n\n\n<p>La s\u00e9rie PCZ de concasseurs \u00e0 marteaux lourds est l'un des \u00e9quipements de concassage avanc\u00e9s ; elle est utilis\u00e9e pour concasser les pierres en produits finis en une seule \u00e9tape. Cependant, le concasseur \u00e0 marteaux lourd ne convient pas \u00e0 toutes les pierres ; il est uniquement applicable au calcaire, \u00e0 la dolomite, \u00e0 la pierre bleue, au charbon, aux st\u00e9riles et autres pierres dont la duret\u00e9 est inf\u00e9rieure \u00e0 200 MPa.<\/p>\n\n\n<div class=\"gb-container gb-container-37f281ab\">\n\n<a class=\"gb-button gb-button-ddf2d51c gb-button-text\" href=\"#popmake-622\">Obtenez un devis gratuit maintenant<\/a>\n\n<\/div>\n<\/div>\n<\/div>\n\n<div class=\"gb-container gb-container-37e1faa1\">\n<div class=\"gb-container gb-container-9029d5a9\">\n\n<h2 class=\"gb-headline gb-headline-a48f5b5c gb-headline-text\">Principe de fonctionnement du concasseur \u00e0 marteaux lourd<\/h2>\n\n\n\n<figure class=\"gb-block-image gb-block-image-bf819403\"><img decoding=\"async\" width=\"665\" height=\"545\" class=\"gb-image gb-image-bf819403\" src=\"https:\/\/hengxingmachinery.com\/wp-content\/uploads\/2025\/03\/heavy-hammer-crusher-working.jpg\" alt=\"\" title=\"fonctionnement-concasseur-marteau-lourd\" srcset=\"https:\/\/hengxingmachinery.com\/wp-content\/uploads\/2025\/03\/heavy-hammer-crusher-working.jpg 665w, https:\/\/hengxingmachinery.com\/wp-content\/uploads\/2025\/03\/heavy-hammer-crusher-working-300x246.jpg 300w, https:\/\/hengxingmachinery.com\/wp-content\/uploads\/2025\/03\/heavy-hammer-crusher-working-15x12.jpg 15w\" sizes=\"(max-width: 665px) 100vw, 665px\" \/><\/figure>\n\n\n\n<p>La partie principale de travail du concasseur \u00e0 marteaux lourd PCZ est le rotor \u00e9quip\u00e9 de marteaux (\u00e9galement appel\u00e9s t\u00eates de marteau). Le rotor est compos\u00e9 d'un arbre principal, de disques, de goupilles et de marteaux. Le moteur entra\u00eene le rotor en rotation \u00e0 haute vitesse dans la chambre de concassage. <\/p>\n\n\n\n<p>Les mat\u00e9riaux p\u00e9n\u00e8trent dans la machine par l'orifice d'alimentation sup\u00e9rieur et sont soumis \u00e0 l'action de frappe, d'impact, de cisaillement et de broyage des marteaux en mouvement rapide. Dans la partie inf\u00e9rieure du rotor se trouve une plaque criblante ; les particules plus petites que la taille des mailles de la plaque sont \u00e9vacu\u00e9es \u00e0 travers celle-ci. <\/p>\n\n\n\n<p>Les particules grossi\u00e8res, plus grandes que la taille des mailles, sont retenues sur la plaque criblante pour \u00eatre \u00e0 nouveau frapp\u00e9es et broy\u00e9es par les marteaux, puis sont finalement \u00e9vacu\u00e9es \u00e0 travers la plaque.<\/p>\n\n\n<div class=\"gb-container gb-container-3bf05e01\">\n\n<a class=\"gb-button gb-button-746e364a gb-button-text\" href=\"#popmake-622\">Obtenez un devis gratuit maintenant<\/a>\n\n<\/div>\n<\/div>\n<\/div>\n\n<div class=\"gb-container gb-container-435ad261\">\n<div class=\"gb-container gb-container-7dc79cc4\">\n\n<h2 class=\"gb-headline gb-headline-6fe5dee2 gb-headline-text\">Sp\u00e9cifications du concasseur \u00e0 marteaux lourd<\/h2>\n\n\n\n<figure class=\"wp-block-table\"><table class=\"has-fixed-layout\"><tbody><tr><td>Mod\u00e8le<\/td><td>Dimensions d'entr\u00e9e (L \u00d7 H) (mm)<\/td><td>Diam\u00e8tre \u00d7 Longueur du rotor (mm)<\/td><td>Puissance du moteur (kW)<\/td><td>Taille de sortie (mm)<\/td><td>Capacit\u00e9 (t\/h)<\/td><td>Poids (t)<\/td><td>Dimensions hors-tout (mm)<\/td><\/tr><tr><td>PCZ-1308<\/td><td>850 \u00d7 800<\/td><td>1310 \u00d7 790<\/td><td>132<\/td><td>&lt; 30<\/td><td>100-160<\/td><td>15.6<\/td><td>2818 \u00d7 2100 \u00d7 2390<\/td><\/tr><tr><td>PCZ-1510<\/td><td>1000 \u00d7 850<\/td><td>1500 \u00d7 950<\/td><td>132 \u00d7 2<\/td><td>&lt; 30<\/td><td>160-210<\/td><td>17.1<\/td><td>3260 \u00d7 2370 \u00d7 2750<\/td><\/tr><tr><td>PCZ-1512<\/td><td>1210 \u00d7 900<\/td><td>1500 \u00d7 1160<\/td><td>160 \u00d7 2<\/td><td>&lt; 30<\/td><td>220-270<\/td><td>18.9<\/td><td>3260 \u00d7 2580 \u00d7 2750<\/td><\/tr><tr><td>PCZ-1615<\/td><td>1500 \u00d7 1200<\/td><td>1650 \u00d7 1452<\/td><td>200 \u00d7 2<\/td><td>&lt; 30<\/td><td>360-420<\/td><td>28<\/td><td>3456 \u00d7 2915 \u00d7 3185<\/td><\/tr><tr><td>PCZ-2015<\/td><td>1500 \u00d7 1400<\/td><td>2000 \u00d7 1500<\/td><td>250 \u00d7 2<\/td><td>&lt; 30<\/td><td>450-500<\/td><td>56<\/td><td>3880 \u00d7 2990 \u00d7 3560<\/td><\/tr><\/tbody><\/table><\/figure>\n\n\n<div class=\"gb-container gb-container-263d9700\">\n\n<a class=\"gb-button gb-button-a4cbb7be gb-button-text\" href=\"#popmake-622\">Obtenez un devis gratuit maintenant<\/a>\n\n<\/div>\n<\/div>\n<\/div>","protected":false},"excerpt":{"rendered":"<p>Heavy hammer crusher Heavy hammer crusher features Heavy hammer crushers are metallurgy, building materials, chemical industry, hydropower and other industrial sectors of fine limestone, coal or other medium hardness under the brittle material of one of the main equipment, with a forming, crushing ratio, high production capacity, product particle size uniformity and other characteristics. Heavy &#8230; <\/p>\n<p class=\"read-more-container\"><a title=\"1-1. Concasseur \u00e0 marteaux lourds\" class=\"read-more button\" href=\"https:\/\/hengxingmachinery.com\/fr\/heavy-hammer-crushers\/#more-2439\" aria-label=\"En savoir plus sur 1-1. Heavy hammer crusher\">Lire plus<\/a><\/p>","protected":false},"author":1,"featured_media":0,"parent":0,"menu_order":0,"comment_status":"closed","ping_status":"closed","template":"","meta":{"footnotes":""},"class_list":["post-2439","page","type-page","status-publish"],"yoast_head":"<!-- This site is optimized with the Yoast SEO plugin v27.4 - https:\/\/yoast.com\/product\/yoast-seo-wordpress\/ -->\n<title>1-1. Heavy hammer crusher - Hengxing Machinery<\/title>\n<meta name=\"robots\" content=\"index, follow, max-snippet:-1, max-image-preview:large, max-video-preview:-1\" \/>\n<link rel=\"canonical\" href=\"https:\/\/hengxingmachinery.com\/fr\/heavy-hammer-crushers\/\" \/>\n<meta property=\"og:locale\" content=\"fr_FR\" \/>\n<meta property=\"og:type\" content=\"article\" \/>\n<meta property=\"og:title\" content=\"1-1. Heavy hammer crusher - Hengxing Machinery\" \/>\n<meta property=\"og:description\" content=\"Heavy hammer crusher Heavy hammer crusher features Heavy hammer crushers are metallurgy, building materials, chemical industry, hydropower and other industrial sectors of fine limestone, coal or other medium hardness under the brittle material of one of the main equipment, with a forming, crushing ratio, high production capacity, product particle size uniformity and other characteristics. Heavy ... Lire plus\" \/>\n<meta property=\"og:url\" content=\"https:\/\/hengxingmachinery.com\/fr\/heavy-hammer-crushers\/\" \/>\n<meta property=\"og:site_name\" content=\"Hengxing Machinery\" \/>\n<meta property=\"article:modified_time\" content=\"2025-03-21T09:30:18+00:00\" \/>\n<meta property=\"og:image\" content=\"https:\/\/hengxingmachinery.com\/wp-content\/uploads\/2025\/03\/heavy-hammer-crusher-major-sale.jpg\" \/>\n<meta name=\"twitter:card\" content=\"summary_large_image\" \/>\n<meta name=\"twitter:label1\" content=\"Dur\u00e9e de lecture estim\u00e9e\" \/>\n\t<meta name=\"twitter:data1\" content=\"3 minutes\" \/>\n<script type=\"application\/ld+json\" class=\"yoast-schema-graph\">{\"@context\":\"https:\\\/\\\/schema.org\",\"@graph\":[{\"@type\":\"WebPage\",\"@id\":\"https:\\\/\\\/hengxingmachinery.com\\\/heavy-hammer-crushers\\\/\",\"url\":\"https:\\\/\\\/hengxingmachinery.com\\\/heavy-hammer-crushers\\\/\",\"name\":\"1-1. Heavy hammer crusher - Hengxing Machinery\",\"isPartOf\":{\"@id\":\"https:\\\/\\\/hengxingmachinery.com\\\/#website\"},\"primaryImageOfPage\":{\"@id\":\"https:\\\/\\\/hengxingmachinery.com\\\/heavy-hammer-crushers\\\/#primaryimage\"},\"image\":{\"@id\":\"https:\\\/\\\/hengxingmachinery.com\\\/heavy-hammer-crushers\\\/#primaryimage\"},\"thumbnailUrl\":\"https:\\\/\\\/hengxingmachinery.com\\\/wp-content\\\/uploads\\\/2025\\\/03\\\/heavy-hammer-crusher-major-sale.jpg\",\"datePublished\":\"2025-03-21T09:29:33+00:00\",\"dateModified\":\"2025-03-21T09:30:18+00:00\",\"breadcrumb\":{\"@id\":\"https:\\\/\\\/hengxingmachinery.com\\\/heavy-hammer-crushers\\\/#breadcrumb\"},\"inLanguage\":\"fr-FR\",\"potentialAction\":[{\"@type\":\"ReadAction\",\"target\":[\"https:\\\/\\\/hengxingmachinery.com\\\/heavy-hammer-crushers\\\/\"]}]},{\"@type\":\"ImageObject\",\"inLanguage\":\"fr-FR\",\"@id\":\"https:\\\/\\\/hengxingmachinery.com\\\/heavy-hammer-crushers\\\/#primaryimage\",\"url\":\"https:\\\/\\\/hengxingmachinery.com\\\/wp-content\\\/uploads\\\/2025\\\/03\\\/heavy-hammer-crusher-major-sale.jpg\",\"contentUrl\":\"https:\\\/\\\/hengxingmachinery.com\\\/wp-content\\\/uploads\\\/2025\\\/03\\\/heavy-hammer-crusher-major-sale.jpg\"},{\"@type\":\"BreadcrumbList\",\"@id\":\"https:\\\/\\\/hengxingmachinery.com\\\/heavy-hammer-crushers\\\/#breadcrumb\",\"itemListElement\":[{\"@type\":\"ListItem\",\"position\":1,\"name\":\"Home\",\"item\":\"https:\\\/\\\/hengxingmachinery.com\\\/\"},{\"@type\":\"ListItem\",\"position\":2,\"name\":\"1-1. Heavy hammer crusher\"}]},{\"@type\":\"WebSite\",\"@id\":\"https:\\\/\\\/hengxingmachinery.com\\\/#website\",\"url\":\"https:\\\/\\\/hengxingmachinery.com\\\/\",\"name\":\"Hengxing Machinery\",\"description\":\"Leading Manufacturer of All Sorts of Mining Machinery\",\"publisher\":{\"@id\":\"https:\\\/\\\/hengxingmachinery.com\\\/#organization\"},\"potentialAction\":[{\"@type\":\"SearchAction\",\"target\":{\"@type\":\"EntryPoint\",\"urlTemplate\":\"https:\\\/\\\/hengxingmachinery.com\\\/?s={search_term_string}\"},\"query-input\":{\"@type\":\"PropertyValueSpecification\",\"valueRequired\":true,\"valueName\":\"search_term_string\"}}],\"inLanguage\":\"fr-FR\"},{\"@type\":\"Organization\",\"@id\":\"https:\\\/\\\/hengxingmachinery.com\\\/#organization\",\"name\":\"Hengxing Machinery\",\"url\":\"https:\\\/\\\/hengxingmachinery.com\\\/\",\"logo\":{\"@type\":\"ImageObject\",\"inLanguage\":\"fr-FR\",\"@id\":\"https:\\\/\\\/hengxingmachinery.com\\\/#\\\/schema\\\/logo\\\/image\\\/\",\"url\":\"https:\\\/\\\/hengxingmachinery.com\\\/wp-content\\\/uploads\\\/2024\\\/12\\\/logo.png\",\"contentUrl\":\"https:\\\/\\\/hengxingmachinery.com\\\/wp-content\\\/uploads\\\/2024\\\/12\\\/logo.png\",\"width\":400,\"height\":260,\"caption\":\"Hengxing Machinery\"},\"image\":{\"@id\":\"https:\\\/\\\/hengxingmachinery.com\\\/#\\\/schema\\\/logo\\\/image\\\/\"}}]}<\/script>\n<!-- \/ Yoast SEO plugin. -->","yoast_head_json":{"title":"1-1. Concasseur \u00e0 marteau lourd - Hengxing Machinery","robots":{"index":"index","follow":"follow","max-snippet":"max-snippet:-1","max-image-preview":"max-image-preview:large","max-video-preview":"max-video-preview:-1"},"canonical":"https:\/\/hengxingmachinery.com\/fr\/heavy-hammer-crushers\/","og_locale":"fr_FR","og_type":"article","og_title":"1-1. Heavy hammer crusher - Hengxing Machinery","og_description":"Heavy hammer crusher Heavy hammer crusher features Heavy hammer crushers are metallurgy, building materials, chemical industry, hydropower and other industrial sectors of fine limestone, coal or other medium hardness under the brittle material of one of the main equipment, with a forming, crushing ratio, high production capacity, product particle size uniformity and other characteristics. Heavy ... Lire plus","og_url":"https:\/\/hengxingmachinery.com\/fr\/heavy-hammer-crushers\/","og_site_name":"Hengxing Machinery","article_modified_time":"2025-03-21T09:30:18+00:00","og_image":[{"url":"https:\/\/hengxingmachinery.com\/wp-content\/uploads\/2025\/03\/heavy-hammer-crusher-major-sale.jpg","type":"","width":"","height":""}],"twitter_card":"summary_large_image","twitter_misc":{"Dur\u00e9e de lecture estim\u00e9e":"3 minutes"},"schema":{"@context":"https:\/\/schema.org","@graph":[{"@type":"WebPage","@id":"https:\/\/hengxingmachinery.com\/heavy-hammer-crushers\/","url":"https:\/\/hengxingmachinery.com\/heavy-hammer-crushers\/","name":"1-1. Concasseur \u00e0 marteau lourd - Hengxing Machinery","isPartOf":{"@id":"https:\/\/hengxingmachinery.com\/#website"},"primaryImageOfPage":{"@id":"https:\/\/hengxingmachinery.com\/heavy-hammer-crushers\/#primaryimage"},"image":{"@id":"https:\/\/hengxingmachinery.com\/heavy-hammer-crushers\/#primaryimage"},"thumbnailUrl":"https:\/\/hengxingmachinery.com\/wp-content\/uploads\/2025\/03\/heavy-hammer-crusher-major-sale.jpg","datePublished":"2025-03-21T09:29:33+00:00","dateModified":"2025-03-21T09:30:18+00:00","breadcrumb":{"@id":"https:\/\/hengxingmachinery.com\/heavy-hammer-crushers\/#breadcrumb"},"inLanguage":"fr-FR","potentialAction":[{"@type":"ReadAction","target":["https:\/\/hengxingmachinery.com\/heavy-hammer-crushers\/"]}]},{"@type":"ImageObject","inLanguage":"fr-FR","@id":"https:\/\/hengxingmachinery.com\/heavy-hammer-crushers\/#primaryimage","url":"https:\/\/hengxingmachinery.com\/wp-content\/uploads\/2025\/03\/heavy-hammer-crusher-major-sale.jpg","contentUrl":"https:\/\/hengxingmachinery.com\/wp-content\/uploads\/2025\/03\/heavy-hammer-crusher-major-sale.jpg"},{"@type":"BreadcrumbList","@id":"https:\/\/hengxingmachinery.com\/heavy-hammer-crushers\/#breadcrumb","itemListElement":[{"@type":"ListItem","position":1,"name":"Home","item":"https:\/\/hengxingmachinery.com\/"},{"@type":"ListItem","position":2,"name":"1-1. Heavy hammer crusher"}]},{"@type":"WebSite","@id":"https:\/\/hengxingmachinery.com\/#website","url":"https:\/\/hengxingmachinery.com\/","name":"Machines Hengxing","description":"Fabricant leader de toutes sortes de machines mini\u00e8res","publisher":{"@id":"https:\/\/hengxingmachinery.com\/#organization"},"potentialAction":[{"@type":"SearchAction","target":{"@type":"EntryPoint","urlTemplate":"https:\/\/hengxingmachinery.com\/?s={search_term_string}"},"query-input":{"@type":"PropertyValueSpecification","valueRequired":true,"valueName":"search_term_string"}}],"inLanguage":"fr-FR"},{"@type":"Organization","@id":"https:\/\/hengxingmachinery.com\/#organization","name":"Machines Hengxing","url":"https:\/\/hengxingmachinery.com\/","logo":{"@type":"ImageObject","inLanguage":"fr-FR","@id":"https:\/\/hengxingmachinery.com\/#\/schema\/logo\/image\/","url":"https:\/\/hengxingmachinery.com\/wp-content\/uploads\/2024\/12\/logo.png","contentUrl":"https:\/\/hengxingmachinery.com\/wp-content\/uploads\/2024\/12\/logo.png","width":400,"height":260,"caption":"Hengxing Machinery"},"image":{"@id":"https:\/\/hengxingmachinery.com\/#\/schema\/logo\/image\/"}}]}},"_links":{"self":[{"href":"https:\/\/hengxingmachinery.com\/fr\/wp-json\/wp\/v2\/pages\/2439","targetHints":{"allow":["GET"]}}],"collection":[{"href":"https:\/\/hengxingmachinery.com\/fr\/wp-json\/wp\/v2\/pages"}],"about":[{"href":"https:\/\/hengxingmachinery.com\/fr\/wp-json\/wp\/v2\/types\/page"}],"author":[{"embeddable":true,"href":"https:\/\/hengxingmachinery.com\/fr\/wp-json\/wp\/v2\/users\/1"}],"replies":[{"embeddable":true,"href":"https:\/\/hengxingmachinery.com\/fr\/wp-json\/wp\/v2\/comments?post=2439"}],"version-history":[{"count":3,"href":"https:\/\/hengxingmachinery.com\/fr\/wp-json\/wp\/v2\/pages\/2439\/revisions"}],"predecessor-version":[{"id":2610,"href":"https:\/\/hengxingmachinery.com\/fr\/wp-json\/wp\/v2\/pages\/2439\/revisions\/2610"}],"wp:attachment":[{"href":"https:\/\/hengxingmachinery.com\/fr\/wp-json\/wp\/v2\/media?parent=2439"}],"curies":[{"name":"wp","href":"https:\/\/api.w.org\/{rel}","templated":true}]}}