{"id":2440,"date":"2025-03-21T09:35:00","date_gmt":"2025-03-21T09:35:00","guid":{"rendered":"https:\/\/hengxingmachinery.com\/?page_id=2440"},"modified":"2025-03-21T09:35:18","modified_gmt":"2025-03-21T09:35:18","slug":"hammer-crushers","status":"publish","type":"page","link":"https:\/\/hengxingmachinery.com\/fr\/hammer-crushers\/","title":{"rendered":"1-1. Concasseur \u00e0 marteaux"},"content":{"rendered":"<div class=\"gb-container gb-container-45165f5a\">\n<div class=\"gb-container gb-container-c2652eb4\">\n\n<h1 class=\"gb-headline gb-headline-62a8b2cc gb-headline-text\">Concasseurs \u00e0 marteaux<\/h1>\n\n<\/div>\n<\/div>\n\n<div class=\"gb-container gb-container-519cf624\">\n<div class=\"gb-container gb-container-71ca071e\">\n<div class=\"gb-grid-wrapper gb-grid-wrapper-8a5f0688\">\n<div class=\"gb-grid-column gb-grid-column-1e99b1c2\"><div class=\"gb-container gb-container-1e99b1c2\">\n\n<figure class=\"gb-block-image gb-block-image-e4eaba54\"><img decoding=\"async\" width=\"665\" height=\"545\" class=\"gb-image gb-image-e4eaba54\" src=\"https:\/\/hengxingmachinery.com\/wp-content\/uploads\/2025\/03\/hammer-crusher-major-sale.jpg\" alt=\"\" title=\"vente-principale-concasseur-a-marteaux\" srcset=\"https:\/\/hengxingmachinery.com\/wp-content\/uploads\/2025\/03\/hammer-crusher-major-sale.jpg 665w, https:\/\/hengxingmachinery.com\/wp-content\/uploads\/2025\/03\/hammer-crusher-major-sale-300x246.jpg 300w, https:\/\/hengxingmachinery.com\/wp-content\/uploads\/2025\/03\/hammer-crusher-major-sale-15x12.jpg 15w\" sizes=\"(max-width: 665px) 100vw, 665px\" \/><\/figure>\n\n<\/div><\/div>\n\n<div class=\"gb-grid-column gb-grid-column-bcae065b\"><div class=\"gb-container gb-container-bcae065b\">\n\n<p><strong><mark style=\"background-color:rgba(0, 0, 0, 0)\" class=\"has-inline-color has-global-color-8-color\">Taille du flux :<\/mark><\/strong> \u2264200-\u2264350 mm<\/p>\n\n\n\n<p><strong><mark style=\"background-color:rgba(0, 0, 0, 0)\" class=\"has-inline-color has-global-color-8-color\">Capacit\u00e9 de production :<\/mark><\/strong> 5-150 m\u00b3\/h<\/p>\n\n\n\n<p><strong><mark style=\"background-color:rgba(0, 0, 0, 0)\" class=\"has-inline-color has-global-color-8-color\">Domaine d'application :<\/mark><\/strong> Les concasseurs \u00e0 marteaux pour sable artificiel sont largement utilis\u00e9s dans la production de sable artificiel et le traitement de divers minerais, tels que le granit, le marbre et le calcaire. Ils conviennent aux secteurs minier, du ciment, du charbon, de la m\u00e9tallurgie, des mat\u00e9riaux de construction, des autoroutes, de la combustion, etc., pour le concassage fin de mat\u00e9riaux de duret\u00e9 et de fragilit\u00e9 mod\u00e9r\u00e9es.<\/p>\n\n\n<div class=\"gb-container gb-container-256e15f1\">\n\n<a class=\"gb-button gb-button-e8b73d89 gb-button-text\" href=\"#popmake-622\">Obtenez un devis gratuit maintenant<\/a>\n\n<\/div>\n<\/div><\/div>\n<\/div>\n<\/div>\n<\/div>\n\n<div class=\"gb-container gb-container-3a930c38\">\n<div class=\"gb-container gb-container-8a36e90a\">\n\n<h2 class=\"gb-headline gb-headline-a5d3273c gb-headline-text\">Application du concasseur \u00e0 marteaux<\/h2>\n\n\n\n<figure class=\"gb-block-image gb-block-image-1c359176\"><img decoding=\"async\" width=\"800\" height=\"500\" class=\"gb-image gb-image-1c359176\" src=\"https:\/\/hengxingmachinery.com\/wp-content\/uploads\/2025\/03\/hammer-crusher-working.jpg\" alt=\"\" title=\"fonctionnement-concasseur-a-marteaux\" srcset=\"https:\/\/hengxingmachinery.com\/wp-content\/uploads\/2025\/03\/hammer-crusher-working.jpg 800w, https:\/\/hengxingmachinery.com\/wp-content\/uploads\/2025\/03\/hammer-crusher-working-300x188.jpg 300w, https:\/\/hengxingmachinery.com\/wp-content\/uploads\/2025\/03\/hammer-crusher-working-768x480.jpg 768w, https:\/\/hengxingmachinery.com\/wp-content\/uploads\/2025\/03\/hammer-crusher-working-18x12.jpg 18w\" sizes=\"(max-width: 800px) 100vw, 800px\" \/><\/figure>\n\n\n\n<p>Le concasseur \u00e0 marteaux est adapt\u00e9 au concassage de mat\u00e9riaux de duret\u00e9 moyenne tels que le calcaire, les scories, le coke, le charbon, etc., dans les d\u00e9partements industriels du ciment, de la chimie, de l'\u00e9lectricit\u00e9, de la m\u00e9tallurgie et autres. Il pr\u00e9sente les avantages d'une structure simple, d'un taux de concassage \u00e9lev\u00e9 et d'une productivit\u00e9 \u00e9lev\u00e9e, et peut traiter aussi bien des mat\u00e9riaux secs qu'humides. Le concasseur \u00e0 marteaux permet d'ajuster l'espacement des grilles en fonction de la taille des mat\u00e9riaux, r\u00e9pondant ainsi aux diff\u00e9rents besoins des utilisateurs.<\/p>\n\n\n<div class=\"gb-container gb-container-96208927\">\n\n<a class=\"gb-button gb-button-429870c5 gb-button-text\" href=\"#popmake-622\">Obtenez un devis gratuit maintenant<\/a>\n\n<\/div>\n<\/div>\n<\/div>\n\n<div class=\"gb-container gb-container-42f1927f\">\n<div class=\"gb-container gb-container-3cccda2f\">\n\n<h2 class=\"gb-headline gb-headline-fdcb6683 gb-headline-text\">Caract\u00e9ristiques du concasseur \u00e0 marteaux<\/h2>\n\n\n\n<figure class=\"gb-block-image gb-block-image-05a70f07\"><img decoding=\"async\" width=\"800\" height=\"500\" class=\"gb-image gb-image-05a70f07\" src=\"https:\/\/hengxingmachinery.com\/wp-content\/uploads\/2025\/03\/hammer-crusher-feature.jpg\" alt=\"\" title=\"caracteristiques-concasseur-a-marteaux\" srcset=\"https:\/\/hengxingmachinery.com\/wp-content\/uploads\/2025\/03\/hammer-crusher-feature.jpg 800w, https:\/\/hengxingmachinery.com\/wp-content\/uploads\/2025\/03\/hammer-crusher-feature-300x188.jpg 300w, https:\/\/hengxingmachinery.com\/wp-content\/uploads\/2025\/03\/hammer-crusher-feature-768x480.jpg 768w, https:\/\/hengxingmachinery.com\/wp-content\/uploads\/2025\/03\/hammer-crusher-feature-18x12.jpg 18w\" sizes=\"(max-width: 800px) 100vw, 800px\" \/><\/figure>\n\n\n\n<p>Capacit\u00e9 \u00e9lev\u00e9e et faible consommation d'\u00e9nergie ;<\/p>\n\n\n\n<p>Granulom\u00e9trie uniforme avec un taux de concassage et de r\u00e9duction \u00e9lev\u00e9 ;<\/p>\n\n\n\n<p>Structure simple ;<\/p>\n\n\n\n<p>Fonctionnement facile ; investissement r\u00e9duit.<\/p>\n\n\n<div class=\"gb-container gb-container-69f9d59b\">\n\n<a class=\"gb-button gb-button-f03ebeb9 gb-button-text\" href=\"#popmake-622\">Obtenez un devis gratuit maintenant<\/a>\n\n<\/div>\n<\/div>\n<\/div>\n\n<div class=\"gb-container gb-container-59957f31\">\n<div class=\"gb-container gb-container-cdbdba98\">\n\n<h2 class=\"gb-headline gb-headline-0ee06d55 gb-headline-text\">Principe de fonctionnement du concasseur \u00e0 marteaux<\/h2>\n\n\n\n<p>Un moteur \u00e9lectrique ou un moteur diesel entra\u00eene le rotor du concasseur \u00e0 marteaux en rotation \u00e0 haute vitesse dans la chambre de concassage. Les mat\u00e9riaux sont introduits par le haut dans la machine et sont concass\u00e9s par les marteaux \u00e0 grande vitesse. <\/p>\n\n\n\n<p>Une plaque criblante est dispos\u00e9e au bas du rotor. Les particules plus petites que la taille des trous de la plaque sont \u00e9vacu\u00e9es \u00e0 travers celle-ci. <\/p>\n\n\n\n<p>Les particules grossi\u00e8res, plus grandes que la taille des trous de la plaque, restent sur celle-ci et continuent \u00e0 \u00eatre frapp\u00e9es et broy\u00e9es par les marteaux. Finalement, les mat\u00e9riaux sont \u00e9vacu\u00e9s du concasseur \u00e0 marteaux \u00e0 travers la plaque criblante selon la taille requise.<\/p>\n\n\n<div class=\"gb-container gb-container-68cf234e\">\n\n<a class=\"gb-button gb-button-136d758a gb-button-text\" href=\"#popmake-622\">Obtenez un devis gratuit maintenant<\/a>\n\n<\/div>\n<\/div>\n<\/div>\n\n<div class=\"gb-container gb-container-435ad261\">\n<div class=\"gb-container gb-container-7dc79cc4\">\n\n<h2 class=\"gb-headline gb-headline-6fe5dee2 gb-headline-text\">Sp\u00e9cifications du concasseur \u00e0 marteaux<\/h2>\n\n\n\n<figure class=\"wp-block-table\"><table class=\"has-fixed-layout\"><tbody><tr><td>Mod\u00e8le<\/td><td>Taille d'alimentation maximale (mm)<\/td><td>Taille de d\u00e9charge maximale (mm)<\/td><td>Capacit\u00e9<br>(t\/h)<\/td><td>Pouvoir<br>(kW)<\/td><td>Poids<br>(kg)<\/td><\/tr><tr><td>PC400x300<\/td><td>100<\/td><td>10<\/td><td>5-10<\/td><td>11<\/td><td>800<\/td><\/tr><tr><td>PC600x400<\/td><td>120<\/td><td>15<\/td><td>10-25<\/td><td>18.5<\/td><td>1500<\/td><\/tr><tr><td>PC800x600<\/td><td>120<\/td><td>15<\/td><td>20-35<\/td><td>55<\/td><td>3100<\/td><\/tr><tr><td>PC1000x800<\/td><td>200<\/td><td>13<\/td><td>20-40<\/td><td>115<\/td><td>7900<\/td><\/tr><tr><td>PC1000x1000<\/td><td>200<\/td><td>15<\/td><td>30-80<\/td><td>132<\/td><td>8650<\/td><\/tr><tr><td>PC1300x1200<\/td><td>250<\/td><td>19<\/td><td>80-200<\/td><td>240<\/td><td>13600<\/td><\/tr><\/tbody><\/table><\/figure>\n\n\n<div class=\"gb-container gb-container-263d9700\">\n\n<a class=\"gb-button gb-button-a4cbb7be gb-button-text\" href=\"#popmake-622\">Obtenez un devis gratuit maintenant<\/a>\n\n<\/div>\n<\/div>\n<\/div>","protected":false},"excerpt":{"rendered":"<p>Hammer crushers Hammer crusher application Hammer crusher is suitable for crushing medium-hardness materials such as limestone, slag, coke, coal and so on in cement, chemical, electric power, metallurgy and other industrial departments. It has the advantages of a simple structure, large crushing ratio and high production efficiency, which can break both dry and wet forms. &#8230; <\/p>\n<p class=\"read-more-container\"><a title=\"1-1. Concasseur \u00e0 marteaux\" class=\"read-more button\" href=\"https:\/\/hengxingmachinery.com\/fr\/hammer-crushers\/#more-2440\" aria-label=\"En savoir plus sur 1-1. Hammer crusher\">Lire plus<\/a><\/p>","protected":false},"author":1,"featured_media":0,"parent":0,"menu_order":0,"comment_status":"closed","ping_status":"closed","template":"","meta":{"footnotes":""},"class_list":["post-2440","page","type-page","status-publish"],"yoast_head":"<!-- This site is optimized with the Yoast SEO plugin v27.4 - https:\/\/yoast.com\/product\/yoast-seo-wordpress\/ -->\n<title>1-1. Hammer crusher - Hengxing Machinery<\/title>\n<meta name=\"robots\" content=\"index, follow, max-snippet:-1, max-image-preview:large, max-video-preview:-1\" \/>\n<link rel=\"canonical\" href=\"https:\/\/hengxingmachinery.com\/fr\/hammer-crushers\/\" \/>\n<meta property=\"og:locale\" content=\"fr_FR\" \/>\n<meta property=\"og:type\" content=\"article\" \/>\n<meta property=\"og:title\" content=\"1-1. Hammer crusher - Hengxing Machinery\" \/>\n<meta property=\"og:description\" content=\"Hammer crushers Hammer crusher application Hammer crusher is suitable for crushing medium-hardness materials such as limestone, slag, coke, coal and so on in cement, chemical, electric power, metallurgy and other industrial departments. It has the advantages of a simple structure, large crushing ratio and high production efficiency, which can break both dry and wet forms. ... Lire plus\" \/>\n<meta property=\"og:url\" content=\"https:\/\/hengxingmachinery.com\/fr\/hammer-crushers\/\" \/>\n<meta property=\"og:site_name\" content=\"Hengxing Machinery\" \/>\n<meta property=\"article:modified_time\" content=\"2025-03-21T09:35:18+00:00\" \/>\n<meta property=\"og:image\" content=\"https:\/\/hengxingmachinery.com\/wp-content\/uploads\/2025\/03\/hammer-crusher-major-sale.jpg\" \/>\n<meta name=\"twitter:card\" content=\"summary_large_image\" \/>\n<meta name=\"twitter:label1\" content=\"Dur\u00e9e de lecture estim\u00e9e\" \/>\n\t<meta name=\"twitter:data1\" content=\"3 minutes\" \/>\n<script type=\"application\/ld+json\" class=\"yoast-schema-graph\">{\"@context\":\"https:\\\/\\\/schema.org\",\"@graph\":[{\"@type\":\"WebPage\",\"@id\":\"https:\\\/\\\/hengxingmachinery.com\\\/hammer-crushers\\\/\",\"url\":\"https:\\\/\\\/hengxingmachinery.com\\\/hammer-crushers\\\/\",\"name\":\"1-1. Hammer crusher - Hengxing Machinery\",\"isPartOf\":{\"@id\":\"https:\\\/\\\/hengxingmachinery.com\\\/#website\"},\"primaryImageOfPage\":{\"@id\":\"https:\\\/\\\/hengxingmachinery.com\\\/hammer-crushers\\\/#primaryimage\"},\"image\":{\"@id\":\"https:\\\/\\\/hengxingmachinery.com\\\/hammer-crushers\\\/#primaryimage\"},\"thumbnailUrl\":\"https:\\\/\\\/hengxingmachinery.com\\\/wp-content\\\/uploads\\\/2025\\\/03\\\/hammer-crusher-major-sale.jpg\",\"datePublished\":\"2025-03-21T09:35:00+00:00\",\"dateModified\":\"2025-03-21T09:35:18+00:00\",\"breadcrumb\":{\"@id\":\"https:\\\/\\\/hengxingmachinery.com\\\/hammer-crushers\\\/#breadcrumb\"},\"inLanguage\":\"fr-FR\",\"potentialAction\":[{\"@type\":\"ReadAction\",\"target\":[\"https:\\\/\\\/hengxingmachinery.com\\\/hammer-crushers\\\/\"]}]},{\"@type\":\"ImageObject\",\"inLanguage\":\"fr-FR\",\"@id\":\"https:\\\/\\\/hengxingmachinery.com\\\/hammer-crushers\\\/#primaryimage\",\"url\":\"https:\\\/\\\/hengxingmachinery.com\\\/wp-content\\\/uploads\\\/2025\\\/03\\\/hammer-crusher-major-sale.jpg\",\"contentUrl\":\"https:\\\/\\\/hengxingmachinery.com\\\/wp-content\\\/uploads\\\/2025\\\/03\\\/hammer-crusher-major-sale.jpg\"},{\"@type\":\"BreadcrumbList\",\"@id\":\"https:\\\/\\\/hengxingmachinery.com\\\/hammer-crushers\\\/#breadcrumb\",\"itemListElement\":[{\"@type\":\"ListItem\",\"position\":1,\"name\":\"Home\",\"item\":\"https:\\\/\\\/hengxingmachinery.com\\\/\"},{\"@type\":\"ListItem\",\"position\":2,\"name\":\"1-1. Hammer crusher\"}]},{\"@type\":\"WebSite\",\"@id\":\"https:\\\/\\\/hengxingmachinery.com\\\/#website\",\"url\":\"https:\\\/\\\/hengxingmachinery.com\\\/\",\"name\":\"Hengxing Machinery\",\"description\":\"Leading Manufacturer of All Sorts of Mining Machinery\",\"publisher\":{\"@id\":\"https:\\\/\\\/hengxingmachinery.com\\\/#organization\"},\"potentialAction\":[{\"@type\":\"SearchAction\",\"target\":{\"@type\":\"EntryPoint\",\"urlTemplate\":\"https:\\\/\\\/hengxingmachinery.com\\\/?s={search_term_string}\"},\"query-input\":{\"@type\":\"PropertyValueSpecification\",\"valueRequired\":true,\"valueName\":\"search_term_string\"}}],\"inLanguage\":\"fr-FR\"},{\"@type\":\"Organization\",\"@id\":\"https:\\\/\\\/hengxingmachinery.com\\\/#organization\",\"name\":\"Hengxing Machinery\",\"url\":\"https:\\\/\\\/hengxingmachinery.com\\\/\",\"logo\":{\"@type\":\"ImageObject\",\"inLanguage\":\"fr-FR\",\"@id\":\"https:\\\/\\\/hengxingmachinery.com\\\/#\\\/schema\\\/logo\\\/image\\\/\",\"url\":\"https:\\\/\\\/hengxingmachinery.com\\\/wp-content\\\/uploads\\\/2024\\\/12\\\/logo.png\",\"contentUrl\":\"https:\\\/\\\/hengxingmachinery.com\\\/wp-content\\\/uploads\\\/2024\\\/12\\\/logo.png\",\"width\":400,\"height\":260,\"caption\":\"Hengxing Machinery\"},\"image\":{\"@id\":\"https:\\\/\\\/hengxingmachinery.com\\\/#\\\/schema\\\/logo\\\/image\\\/\"}}]}<\/script>\n<!-- \/ Yoast SEO plugin. -->","yoast_head_json":{"title":"1-1. Concasseur \u00e0 marteaux - Hengxing Machinery","robots":{"index":"index","follow":"follow","max-snippet":"max-snippet:-1","max-image-preview":"max-image-preview:large","max-video-preview":"max-video-preview:-1"},"canonical":"https:\/\/hengxingmachinery.com\/fr\/hammer-crushers\/","og_locale":"fr_FR","og_type":"article","og_title":"1-1. Hammer crusher - Hengxing Machinery","og_description":"Hammer crushers Hammer crusher application Hammer crusher is suitable for crushing medium-hardness materials such as limestone, slag, coke, coal and so on in cement, chemical, electric power, metallurgy and other industrial departments. It has the advantages of a simple structure, large crushing ratio and high production efficiency, which can break both dry and wet forms. ... Lire plus","og_url":"https:\/\/hengxingmachinery.com\/fr\/hammer-crushers\/","og_site_name":"Hengxing Machinery","article_modified_time":"2025-03-21T09:35:18+00:00","og_image":[{"url":"https:\/\/hengxingmachinery.com\/wp-content\/uploads\/2025\/03\/hammer-crusher-major-sale.jpg","type":"","width":"","height":""}],"twitter_card":"summary_large_image","twitter_misc":{"Dur\u00e9e de lecture estim\u00e9e":"3 minutes"},"schema":{"@context":"https:\/\/schema.org","@graph":[{"@type":"WebPage","@id":"https:\/\/hengxingmachinery.com\/hammer-crushers\/","url":"https:\/\/hengxingmachinery.com\/hammer-crushers\/","name":"1-1. Concasseur \u00e0 marteaux - Hengxing Machinery","isPartOf":{"@id":"https:\/\/hengxingmachinery.com\/#website"},"primaryImageOfPage":{"@id":"https:\/\/hengxingmachinery.com\/hammer-crushers\/#primaryimage"},"image":{"@id":"https:\/\/hengxingmachinery.com\/hammer-crushers\/#primaryimage"},"thumbnailUrl":"https:\/\/hengxingmachinery.com\/wp-content\/uploads\/2025\/03\/hammer-crusher-major-sale.jpg","datePublished":"2025-03-21T09:35:00+00:00","dateModified":"2025-03-21T09:35:18+00:00","breadcrumb":{"@id":"https:\/\/hengxingmachinery.com\/hammer-crushers\/#breadcrumb"},"inLanguage":"fr-FR","potentialAction":[{"@type":"ReadAction","target":["https:\/\/hengxingmachinery.com\/hammer-crushers\/"]}]},{"@type":"ImageObject","inLanguage":"fr-FR","@id":"https:\/\/hengxingmachinery.com\/hammer-crushers\/#primaryimage","url":"https:\/\/hengxingmachinery.com\/wp-content\/uploads\/2025\/03\/hammer-crusher-major-sale.jpg","contentUrl":"https:\/\/hengxingmachinery.com\/wp-content\/uploads\/2025\/03\/hammer-crusher-major-sale.jpg"},{"@type":"BreadcrumbList","@id":"https:\/\/hengxingmachinery.com\/hammer-crushers\/#breadcrumb","itemListElement":[{"@type":"ListItem","position":1,"name":"Home","item":"https:\/\/hengxingmachinery.com\/"},{"@type":"ListItem","position":2,"name":"1-1. Hammer crusher"}]},{"@type":"WebSite","@id":"https:\/\/hengxingmachinery.com\/#website","url":"https:\/\/hengxingmachinery.com\/","name":"Machines Hengxing","description":"Fabricant leader de toutes sortes de machines mini\u00e8res","publisher":{"@id":"https:\/\/hengxingmachinery.com\/#organization"},"potentialAction":[{"@type":"SearchAction","target":{"@type":"EntryPoint","urlTemplate":"https:\/\/hengxingmachinery.com\/?s={search_term_string}"},"query-input":{"@type":"PropertyValueSpecification","valueRequired":true,"valueName":"search_term_string"}}],"inLanguage":"fr-FR"},{"@type":"Organization","@id":"https:\/\/hengxingmachinery.com\/#organization","name":"Machines Hengxing","url":"https:\/\/hengxingmachinery.com\/","logo":{"@type":"ImageObject","inLanguage":"fr-FR","@id":"https:\/\/hengxingmachinery.com\/#\/schema\/logo\/image\/","url":"https:\/\/hengxingmachinery.com\/wp-content\/uploads\/2024\/12\/logo.png","contentUrl":"https:\/\/hengxingmachinery.com\/wp-content\/uploads\/2024\/12\/logo.png","width":400,"height":260,"caption":"Hengxing Machinery"},"image":{"@id":"https:\/\/hengxingmachinery.com\/#\/schema\/logo\/image\/"}}]}},"_links":{"self":[{"href":"https:\/\/hengxingmachinery.com\/fr\/wp-json\/wp\/v2\/pages\/2440","targetHints":{"allow":["GET"]}}],"collection":[{"href":"https:\/\/hengxingmachinery.com\/fr\/wp-json\/wp\/v2\/pages"}],"about":[{"href":"https:\/\/hengxingmachinery.com\/fr\/wp-json\/wp\/v2\/types\/page"}],"author":[{"embeddable":true,"href":"https:\/\/hengxingmachinery.com\/fr\/wp-json\/wp\/v2\/users\/1"}],"replies":[{"embeddable":true,"href":"https:\/\/hengxingmachinery.com\/fr\/wp-json\/wp\/v2\/comments?post=2440"}],"version-history":[{"count":3,"href":"https:\/\/hengxingmachinery.com\/fr\/wp-json\/wp\/v2\/pages\/2440\/revisions"}],"predecessor-version":[{"id":2615,"href":"https:\/\/hengxingmachinery.com\/fr\/wp-json\/wp\/v2\/pages\/2440\/revisions\/2615"}],"wp:attachment":[{"href":"https:\/\/hengxingmachinery.com\/fr\/wp-json\/wp\/v2\/media?parent=2440"}],"curies":[{"name":"wp","href":"https:\/\/api.w.org\/{rel}","templated":true}]}}